{"id":8413,"date":"2018-05-31T10:44:39","date_gmt":"2018-05-31T10:44:39","guid":{"rendered":"https:\/\/e-twow.com\/terms-and-conditions\/"},"modified":"2020-02-12T07:48:57","modified_gmt":"2020-02-12T07:48:57","slug":"termeni-si-conditii","status":"publish","type":"page","link":"https:\/\/e-twow.com\/ro\/termeni-si-conditii\/","title":{"rendered":"Termeni si condi\u021bii"},"content":{"rendered":"<section class=\"l-section wpb_row height_small\"><div class=\"l-section-h i-cf\"><div class=\"g-cols vc_row via_flex valign_top type_default stacking_default\"><div class=\"vc_col-sm-12 wpb_column vc_column_container\"><div class=\"vc_column-inner\"><div class=\"wpb_wrapper\"><div class=\"wpb_text_column\"><div class=\"wpb_wrapper\"><h2>Bine ati venit la E-TWOW<\/h2>\n<p>Ace\u0219ti termeni \u0219i condi\u021bii contureaz\u0103 regulile \u0219i reglement\u0103rile pentru utilizarea site-ului E-TWOW.<\/p>\n<p>E-TWOW se afl\u0103 la:<\/p>\n<p><em>Str. Aviatorilor nr. 48, Parc Industrial Craiova, Dolj, Rom\u00e2nia<\/em><\/p>\n<p>Acces\u00e2nd acest site web, presupunem c\u0103 accepta\u021bi ace\u0219ti termeni \u0219i condi\u021bii \u00een \u00eentregime. Nu continua\u021bi s\u0103 utiliza\u021bi site-ul E-TWOW dac\u0103 nu accepta\u021bi to\u021bi termenii \u0219i condi\u021biile men\u021bionate pe aceast\u0103 pagin\u0103.<\/p>\n<p>Urm\u0103toarea terminologie se aplic\u0103 acestor Termeni \u0219i condi\u021bii, Declara\u021bie de confiden\u021bialitate \u0219i Aviz de exonerare de r\u0103spundere \u0219i oricare sau toate acordurile: \u201eClient\u201d, \u201eVoi\u201d \u0219i \u201edvs.\u201d se refer\u0103 la dvs., persoana care acceseaz\u0103 acest site web \u0219i accept\u0103 termenii \u0219i condi\u021biile Companiei. \u201eCompania\u201d, \u201eNoi\u201d, \u201eNoi\u201d, \u201eNoi\u201d \u0219i \u201eNoi\u201d, se refer\u0103 la compania noastr\u0103. \u201eParte\u201d, \u201eP\u0103r\u021bi\u201d sau \u201eNoi\u201d se refer\u0103 at\u00e2t la Client, c\u00e2t \u0219i la noi \u00een\u0219ine sau la Client sau la noi \u00een\u0219ine. To\u021bi termenii se refer\u0103 la oferta, acceptarea \u0219i considerarea pl\u0103\u021bii necesare pentru a \u00eentreprinde procesul asisten\u021bei noastre c\u0103tre Client \u00een modul cel mai adecvat, fie prin \u00eent\u00e2lniri formale cu durat\u0103 determinat\u0103, fie cu orice alt mijloc, \u00een scopul expres al \u00eent\u00e2lnirii. Nevoile clientului \u00een ceea ce prive\u0219te furnizarea serviciilor \/ produselor declarate ale Companiei, \u00een conformitate cu \u0219i \u00een conformitate cu legisla\u021bia \u00een vigoare a Rom\u00e2niei. Orice utilizare a terminologiei de mai sus sau a altor cuvinte la singular, plural, majuscul\u0103 \u0219i \/ sau el \/ ea, sunt considerate interschimbabile \u0219i, prin urmare, se refer\u0103 la acestea.<\/p>\n<h2>Cookie-uri<\/h2>\n<p>Utiliz\u0103m cookie-uri. Folosind site-ul E-TWOW, consim\u021bi\u021bi la utilizarea cookie-urilor \u00een conformitate cu Politica de confiden\u021bialitate a E-TWOW.<\/p>\n<p>Majoritatea site-urilor web interactive din zilele noastre folosesc cookie-uri pentru a putea prelua detaliile utilizatorului pentru fiecare vizit\u0103. Cookie-urile sunt utilizate \u00een unele zone ale site-ului nostru pentru a permite func\u021bionalitatea acestei zone \u0219i u\u0219urin\u021ba de utilizare pentru persoanele care viziteaz\u0103 site-ul. Unii dintre partenerii no\u0219tri afilia\u021bi \/ publicitari pot utiliza, de asemenea, cookie-uri.<\/p>\n<h2>Licen\u021b\u0103<\/h2>\n<p>Cu excep\u021bia cazului \u00een care se prevede altfel, E-TWOW \u0219i \/ sau licen\u021biatorii de\u021bin drepturile de proprietate intelectual\u0103 pentru toate materialele de pe E-TWOW. Toate drepturile de proprietate intelectual\u0103 sunt rezervate. Pute\u021bi vizualiza \u0219i \/ sau imprima pagini de la https:\/\/www.e-twow.com pentru propria utilizare personal\u0103, sub rezerva restric\u021biilor stabilite \u00een ace\u0219ti termeni \u0219i condi\u021bii.<\/p>\n<p><strong>Nu ave\u021bi voie:<\/strong><\/p>\n<ol>\n<li>S\u0103 republica\u021bi materialul de pe https:\/\/www.e-twow.com<\/li>\n<li>S\u0103 vinde\u021bi, \u00eenchiria\u021bi sau sub-licen\u021be materiale de la https:\/\/www.e-twow.com<\/li>\n<li>S\u0103 reproduce\u021bi, s\u0103 duplica\u021bi sau s\u0103 copia\u0219i materialele de pe https:\/\/www.e-twow.com<\/li>\n<li>S\u0103 redistribui\u0219i con\u021binutul din site-ul E-TWOW (cu excep\u021bia cazului \u00een care con\u021binutul este special creat pentru redistribuire).<\/li>\n<\/ol>\n<p>&nbsp;<\/p>\n<h2>Comentariile utilizatorilor<\/h2>\n<ol>\n<li>Prezentul acord a intrat in vigoare \u0219i este valid cat timp este publicat pe site.<\/li>\n<li>Anumite p\u0103r\u021bi ale acestui site web ofer\u0103 utilizatorilor posibilitatea de a posta \u0219i de a schimba opinii, informa\u021bii, materiale \u0219i date (\u201eComentarii\u201d) \u00een zonele site-ului. E-TWOW ELECTRIC MOBILITY SA nu ecranizeaz\u0103, editeaz\u0103, public\u0103 sau nu comenteaz\u0103 Comentariile anterioare apari\u021biei lor pe site-ul web \u0219i Comentariile nu reflect\u0103 opiniile sau opiniile E-TWOW ELECTRIC MOBILITY SA, agen\u021bii s\u0103i sau afilia\u021bii s\u0103i. Comentariile reflect\u0103 opinia persoanei care posteaz\u0103 comentariile. \u00cen m\u0103sura permis\u0103 de legile aplicabile E-TWOW ELECTRIC MOBILITY SA nu va fi responsabil\u0103 sau r\u0103spunz\u0103toare pentru Comentarii sau pentru orice cost de pierdere, r\u0103spundere, daune sau cheltuieli cauzate ca urmare a utiliz\u0103rii \u0219i \/ sau a post\u0103rii \u0219i \/ sau a apari\u021biei Comentariilor pe acest site web.<\/li>\n<\/ol>\n<h2>3.&nbsp;&nbsp;&nbsp;&nbsp;&nbsp; E-TWOW MOBILITY ELECTRIC SA \u00ee\u0219i p\u0103streaz\u0103 dreptul de a monitoriza toate Comentariile \u0219i de a elimina orice Comentarii pe care le consider\u0103, la discre\u021bia absolut\u0103, ca fiind necorespunz\u0103toare, jignitoare sau care \u00eencalc\u0103 aceste condi\u021bii.4.&nbsp;&nbsp;&nbsp;&nbsp;&nbsp; Dvs. garanta\u021bi \u0219i reprezenta\u021bi c\u0103:\u00b7&nbsp;&nbsp;&nbsp;&nbsp;&nbsp;&nbsp;&nbsp;&nbsp; Ave\u021bi dreptul de a posta Comentariile pe site-ul nostru \u0219i ave\u021bi toate licen\u021bele \u0219i acordurile necesare pentru a face acest lucru;\u00b7&nbsp;&nbsp;&nbsp;&nbsp;&nbsp;&nbsp;&nbsp;&nbsp; Comentariile nu \u00eencalc\u0103 niciun drept de proprietate intelectual\u0103, inclusiv, f\u0103r\u0103 limitare, drepturile de autor, brevetul sau marca comercial\u0103 sau orice alt drept de proprietate al oric\u0103rui ter\u021b;\u00b7&nbsp;&nbsp;&nbsp;&nbsp;&nbsp;&nbsp;&nbsp;&nbsp; Comentariile nu con\u021bin niciun material sau materiale def\u0103im\u0103toare, calomnioase, ofensatoare, indecente sau ilegale care s\u0103 fie o invazie a vie\u021bii private\u00b7&nbsp;&nbsp;&nbsp;&nbsp;&nbsp;&nbsp;&nbsp;&nbsp; Comentariile nu vor fi utilizate pentru a solicita sau promova afaceri sau activit\u0103\u021bi personalizate sau comerciale sau de a prezenta activit\u0103\u021bi ilegale.5.&nbsp;&nbsp;&nbsp;&nbsp;&nbsp; Prin prezenta, acorda\u021bi E-TWOW ELECTRIC MOBILITY SA o licen\u021b\u0103 non-exclusiv\u0103 de drepturi de autor pentru a utiliza, reproduce, edita \u0219i autoriza al\u021bii s\u0103 utilizeze, s\u0103 reproduc\u0103 \u0219i s\u0103 editeze oricare dintre comentariile dvs. sub orice form\u0103, format sau media.<\/h2>\n<p>&nbsp;<\/p>\n<h2>Hyperlinkink-uri c\u0103tre con\u021binutul nostru<\/h2>\n<ol>\n<li>Urm\u0103toarele tipuri de organiza\u021bii pot folosii hyperlink-uri care directioneaz\u0103 c\u0103tre con\u021binutul site-ului nostrum f\u0103r\u0103 a avea nevoie de aprobare scris\u0103 prealabil\u0103:\n<ol>\n<li>Agen\u021bii guvernamentale;<\/li>\n<li>Motoare de c\u0103utare;<\/li>\n<li>Organiza\u021bii de \u0219tiri;<\/li>\n<li>Distribuitorii de directoare online atunci c\u00e2nd ne enumer\u0103 \u00een director pot face link c\u0103tre site-ul nostru Web \u00een acela\u0219i mod \u00een care se leag\u0103 la site-urile Web ale altor companii listate; \u0219i<\/li>\n<li>\u00centreprinderi acreditate la nivel de sistem, cu excep\u021bia solicit\u0103rii organiza\u021biilor non-profit, a centrelor comerciale de caritate \u0219i a grupurilor de str\u00e2ngere de fonduri de caritate care nu pot face leg\u0103tura cu site-ul nostru web.<\/li>\n<\/ol>\n<\/li>\n<li>Aceste organiza\u021bii se pot conecta la pagina noastr\u0103 de pornire, la publica\u021bii sau la alte informa\u021bii ale site-ului Web, at\u00e2t timp c\u00e2t link-ul: (a) nu este \u00een niciun fel \u00een\u0219el\u0103tor; (b) nu implic\u0103 \u00een mod fals sponsorizarea, aprobarea sau aprobarea p\u0103r\u021bii care leag\u0103 \u0219i produsele sau serviciile sale; \u0219i (c) se \u00eencadreaz\u0103 \u00een contextul site-ului p\u0103r\u021bii care face leg\u0103tura.<\/li>\n<li>Putem lua \u00een considerare \u0219i s\u0103 aprob\u0103m, la discre\u021bia noastr\u0103, alte solicit\u0103ri de linkuri de la urm\u0103toarele tipuri de organiza\u021bii:\n<ol>\n<li>Surse de informare pentru consumatori \u0219i \/ sau de afaceri cunoscute, cum ar fi Camerele de comer\u021b, Asocia\u021bia American\u0103 a Automobilelor, AARP \u0219i Uniunea Consumatorilor;<\/li>\n<li>Site-uri comunitare dot.com;<\/li>\n<li>Asocia\u021bii sau alte grupuri reprezent\u00e2nd organiza\u021bii de caritate, inclusiv site-uri care ofer\u0103 organiza\u021bii de caritate,<\/li>\n<li>Distribuitori de directoare online;<\/li>\n<li>Portaluri de internet;<\/li>\n<li>Firme de contabilitate, avocatur\u0103 \u0219i consultan\u021b\u0103 ai c\u0103ror clien\u021bi primari sunt \u00eentreprinderi; \u0219i<\/li>\n<li>Institu\u021bii de \u00eenv\u0103\u021b\u0103m\u00e2nt \u0219i asocia\u021bii comerciale.<\/li>\n<\/ol>\n<\/li>\n<\/ol>\n<p>Vom aproba cererile de link de la aceste organiza\u021bii dac\u0103 stabilim c\u0103: (a) link-ul nu se va reflecta defavorabil asupra noastr\u0103 sau a \u00eentreprinderilor noastre acreditate (de exemplu, asocia\u021bii comerciale sau alte organiza\u021bii reprezent\u00e2nd tipuri de afaceri suspecte, cum ar fi munca-la- oportunit\u0103\u021bile de acas\u0103, nu au voie s\u0103 fac\u0103 leg\u0103tura); (b) organiza\u021bia nu are o \u00eenregistrare nesatisf\u0103c\u0103toare la noi; (c) beneficiul pentru noi din vizibilitatea asociat\u0103 cu hyperlink-ul dep\u0103\u0219e\u0219te absen\u021ba leg\u0103turii \u00een contextul informa\u021biilor generale despre resurse sau este, \u00een alt mod, \u00een concordan\u021b\u0103 cu con\u021binutul editorial dintr-un buletin informativ sau produs similar care promoveaz\u0103 misiunea organiza\u021biei.<\/p>\n<p>Aceste organiza\u021bii pot trimite link c\u0103tre pagina noastr\u0103 de pornire, la publica\u021bii sau la alte informa\u021bii ale site-ului Web, at\u00e2t timp c\u00e2t link-ul: (a) nu este \u00een niciun fel \u00een\u0219el\u0103tor; (b) nu implic\u0103 \u00een mod fals sponsorizarea, aprobarea sau aprobarea p\u0103r\u021bii care leag\u0103 \u0219i produsele sau serviciile acesteia; \u0219i (c) se \u00eencadreaz\u0103 \u00een contextul site-ului p\u0103r\u021bii care face leg\u0103tura.<\/p>\n<p>Dac\u0103 v\u0103 num\u0103rati printre organiza\u021biile enumerate la punctul 2 de mai sus \u0219i sunte\u021bi interesat s\u0103 pune\u021bi un link cu site-ul nostru, trebuie s\u0103 ne anun\u021ba\u021bi trimi\u021b\u00e2nd un e-mail la <a href=\"mailto:office@e-twow.com\">office@e-twow.com<\/a>. V\u0103 rug\u0103m s\u0103 include\u021bi numele, numele organiza\u021biei, informa\u021biile de contact (cum ar fi un num\u0103r de telefon \u0219i \/ sau o adres\u0103 de e-mail), precum \u0219i adresa URL a site-ului dvs., o list\u0103 a adreselor URL unde dori\u021bi s\u0103 pune\u021bi link c\u0103tre site-ul nostru web, \u0219i o list\u0103 cu adresele URL de pe site-ul nostru pe care dori\u021bi s\u0103 le distribui\u021bi. V\u0103 rug\u0103m s\u0103 ne aloca\u021bi 2-3 s\u0103pt\u0103m\u00e2ni pentru un r\u0103spuns.<\/p>\n<p>Organiza\u021biile aprobate pot face leg\u0103turi de tip link c\u0103tre site-ul nostru web dup\u0103 cum urmeaz\u0103:\u00e2<\/p>\n<ol>\n<li>Folosind numele corporatiei noastre sau<\/li>\n<li>Folosind un localizator uniform de resurse (adresa web) al continutului care urmeaz\u0103 s\u0103 se distribuie; sau<\/li>\n<li>Folosind orice alta descriere a site-ului nostrum web sau a materialului care este legat de acesta prin link, \u0219i care are sens \u00een contextual si formatul con\u021binutului de pe site-ul web care foloseste link c\u0103tre site-ul nostru.<\/li>\n<\/ol>\n<p>Nu se permite nici o utilizare a logo-ului E-TWOW ELECTRIC MOBILITY SA sau a altor lucr\u0103ri cu de art\u0103, nu va fi permis\u0103 f\u0103r\u0103 un accord prealabil de licen\u021b\u0103 marc\u0103 \u00eenregistrat\u0103.<\/p>\n<h2>Iframes<\/h2>\n<p>F\u0103r\u0103 aprobare prealabil\u0103 \u0219i permisiunea scris\u0103 expres\u0103, nu pute\u021bi crea cadre \u00een jurul paginilor noastre Web \u0219i nu puteti utiliza alte tehnici care modific\u0103 \u00een vreun fel prezentarea vizual\u0103 sau aspectul site-ului nostru Web.<\/p>\n<p>&nbsp;<\/p>\n<h2>Rezervarea drepturilor<\/h2>\n<p>Ne rezerv\u0103m dreptul ca \u00een orice moment \u0219i la libera noastra alegere s\u0103 solicit\u0103m s\u0103 elimina\u021bi toate leg\u0103turile de tip link c\u0103tre site-ul nostru Web. Sunte\u021bi de acord s\u0103 elimina\u021bi imediat toate linkurile c\u0103tre site-ul nostru web la o astfel de solicitare. De asemenea, ne rezerv\u0103m dreptul de a modifica \u00een orice moment ace\u0219ti termeni \u0219i condi\u021bii \u0219i politica de link-uri. Folosind legaturi de tip link c\u0103tre site-ul nostru web, sunte\u021bi de acord s\u0103 fi\u021bi obliga\u021bi s\u0103 respecta\u021bi ace\u0219ti termeni \u0219i condi\u021bii de leg\u0103tur\u0103.<\/p>\n<h2>Eliminarea link-urilor de pe site-ul nostru web<\/h2>\n<p>Dac\u0103 g\u0103si\u021bi vreun link pe site-ul nostru Web pe care \u00eel considera\u021bi jignitor sau nepl\u0103cut din orice motiv, ne pute\u021bi contacta \u00een legatur\u0103 cu acest lucru. Vom lua \u00een considerare cererile de eliminare a link-urilor, dar nu vom avea nicio obliga\u021bie \u00een acest sens sau s\u0103 v\u0103 r\u0103spundem direct.<\/p>\n<p>De\u0219i ne str\u0103duim s\u0103 ne asigur\u0103m c\u0103 informa\u021biile de pe acest site web sunt corecte, nu garant\u0103m exhaustivitatea sau exactitatea acestora; nici nu ne angaj\u0103m s\u0103 ne asigur\u0103m c\u0103 site-ul web r\u0103m\u00e2ne disponibil sau c\u0103 materialele de pe site sunt p\u0103strate la zi.<\/p>\n<h2>R\u0103spunderea de con\u021binut<\/h2>\n<p>Nu vom avea nicio responsabilitate sau r\u0103spundere pentru con\u021binutul care apare pe site-ul dvs. Web. Sunte\u021bi de acord s\u0103 ne desp\u0103gubi\u021bi \u0219i s\u0103 ne ap\u0103ra\u021bi \u00eempotriva tuturor revendic\u0103rilor care apar din site-ul dvs. Web sau care se bazeaz\u0103 pe dvs. Nicio leg\u0103tur\u0103 (link) nu poate ap\u0103rea pe nicio pagin\u0103 a site-ului dvs. Web sau \u00een orice context care con\u021bine con\u021binut sau materiale care pot fi interpretate ca fiind calomnioase, obscene sau penale sau care \u00eencalc\u0103, \u00eencalc\u0103, sau sus\u021bine \u00eenc\u0103lcarea sau orice alt\u0103 \u00eenc\u0103lcare a oric\u0103rei alte drepturile ter\u021bilor.<\/p>\n<h2>Disclaimer<\/h2>\n<p>\u00cen m\u0103sura maxim\u0103 permis\u0103 de legea aplicabil\u0103, excludem toate reprezent\u0103rile, garan\u021biile \u0219i condi\u021biile referitoare la site-ul nostru web \u0219i utilizarea acestui site (inclusiv, f\u0103r\u0103 limitare, orice garan\u021bii implicate de lege cu privire la o calitate satisf\u0103c\u0103toare, fitness adecvat scopului \u0219i \/ sau utilizarea unei \u00eengrijiri \u0219i abilit\u0103\u021bi rezonabile). Nimic din aceast disclaimer:<\/p>\n<ol>\n<li>nu va limita sau exclude r\u0103spunderea noastra pentru deces sau v\u0103t\u0103mare corporal\u0103 care rezult\u0103 din neglijent\u0103<\/li>\n<li>nu va limita sau exclude raspunderea noatra pentru fraud\u0103 sau prezentare fals\u0103 frauduloas\u0103<\/li>\n<li>nu va limita nici una din raspunderile noastre \u00een orice fel care nu este \u00een conformitate cu legisla\u021bia aplicabil\u0103 sau<\/li>\n<li>nu va exclude nici una din responsabilit\u0103\u021bile noastre care nu pot fi exclude sub legislatia aplicabil\u0103<\/li>\n<\/ol>\n<p>Limit\u0103rile \u0219i excluderile r\u0103spunderii prev\u0103zute \u00een aceast\u0103 sec\u021biune \u0219i \u00een alte p\u0103r\u021bi ale acestei renun\u021b\u0103ri: (a) sunt supuse alineatului precedent; \u0219i (b) guverneaz\u0103 toate datoriile care decurg din exonerare de r\u0103spundere sau \u00een leg\u0103tur\u0103 cu obiectul prezentei renun\u021b\u0103ri, inclusiv pasivele care decurg din contract, sub form\u0103 de infrac\u021biune (inclusiv neglijen\u021b\u0103) \u0219i pentru \u00eenc\u0103lcarea obliga\u021biei legale.<\/p>\n<p>\u00cen m\u0103sura \u00een care site-ul web \u0219i informa\u021biile \u0219i serviciile de pe site-ul web sunt furnizate gratuit, nu vom fi responsabili pentru nicio pierdere sau daune de orice natur\u0103.<\/p>\n<h2>Informa\u021bii de credit \u0219i de contact<\/h2>\n<p>Aceast\u0103 pagin\u0103 Termeni \u0219i condi\u021bii a fost creat\u0103 la generatorul termsandconditionstemplate.com. Dac\u0103 ave\u021bi \u00eentreb\u0103ri cu privire la oricare dintre termenii no\u0219tri, v\u0103 rug\u0103m s\u0103 ne contacta\u021bi.<\/p>\n<p>&nbsp;<\/p>\n<\/div><\/div><div class=\"g-cols wpb_row us_custom_d6afd2b7 via_flex valign_top type_default stacking_default\"><div class=\"vc_col-sm-12 wpb_column vc_column_container\"><div class=\"vc_column-inner\"><div class=\"wpb_wrapper\"><div class=\"wpb_text_column\"><div class=\"wpb_wrapper\"><h5 style=\"text-align: left;\"><span style=\"color: #000000;\">[ultimate_gdpr_policy_accept]<\/span><\/h5>\n<\/div><\/div><\/div><\/div><\/div><\/div><\/div><\/div><\/div><\/div><\/div><\/section>\n","protected":false},"excerpt":{"rendered":"Bine ati venit la E-TWOW Ace\u0219ti termeni \u0219i condi\u021bii contureaz\u0103 regulile \u0219i reglement\u0103rile pentru utilizarea site-ului E-TWOW. E-TWOW se afl\u0103 la: Str. Aviatorilor nr. 48, Parc Industrial Craiova, Dolj, Rom\u00e2nia Acces\u00e2nd acest site web, presupunem c\u0103 accepta\u021bi ace\u0219ti termeni \u0219i condi\u021bii \u00een \u00eentregime. Nu continua\u021bi s\u0103 utiliza\u021bi site-ul E-TWOW dac\u0103 nu accepta\u021bi to\u021bi termenii \u0219i...","protected":false},"author":1,"featured_media":0,"parent":0,"menu_order":0,"comment_status":"closed","ping_status":"closed","template":"","meta":{"ngg_post_thumbnail":0,"footnotes":""},"class_list":["post-8413","page","type-page","status-publish","hentry"],"yoast_head":"<!-- This site is optimized with the Yoast SEO Premium plugin v27.2 (Yoast SEO v27.2) - https:\/\/yoast.com\/product\/yoast-seo-premium-wordpress\/ -->\n<title>Termeni si condi\u021bii - E-TWOW<\/title>\n<meta name=\"robots\" content=\"index, follow, max-snippet:-1, max-image-preview:large, max-video-preview:-1\" \/>\n<link rel=\"canonical\" href=\"https:\/\/e-twow.com\/terms-and-conditions\/\" \/>\n<meta property=\"og:locale\" content=\"ro_RO\" \/>\n<meta property=\"og:type\" content=\"article\" \/>\n<meta property=\"og:title\" content=\"Termeni si condi\u021bii\" \/>\n<meta property=\"og:url\" content=\"https:\/\/e-twow.com\/terms-and-conditions\/\" \/>\n<meta property=\"og:site_name\" content=\"E-TWOW\" \/>\n<meta property=\"article:modified_time\" content=\"2020-02-12T07:48:57+00:00\" \/>\n<meta name=\"twitter:card\" content=\"summary_large_image\" \/>\n<meta name=\"twitter:label1\" content=\"Timp estimat pentru citire\" \/>\n\t<meta name=\"twitter:data1\" content=\"11 minute\" \/>\n<script type=\"application\/ld+json\" class=\"yoast-schema-graph\">{\"@context\":\"https:\/\/schema.org\",\"@graph\":[{\"@type\":\"WebPage\",\"@id\":\"https:\/\/e-twow.com\/terms-and-conditions\/\",\"url\":\"https:\/\/e-twow.com\/terms-and-conditions\/\",\"name\":\"Termeni si condi\u021bii - E-TWOW\",\"isPartOf\":{\"@id\":\"https:\/\/e-twow.com\/#website\"},\"datePublished\":\"2018-05-31T10:44:39+00:00\",\"dateModified\":\"2020-02-12T07:48:57+00:00\",\"breadcrumb\":{\"@id\":\"https:\/\/e-twow.com\/terms-and-conditions\/#breadcrumb\"},\"inLanguage\":\"ro-RO\",\"potentialAction\":[{\"@type\":\"ReadAction\",\"target\":[\"https:\/\/e-twow.com\/terms-and-conditions\/\"]}]},{\"@type\":\"BreadcrumbList\",\"@id\":\"https:\/\/e-twow.com\/terms-and-conditions\/#breadcrumb\",\"itemListElement\":[{\"@type\":\"ListItem\",\"position\":1,\"name\":\"Prima pagin\u0103\",\"item\":\"https:\/\/e-twow.com\/ro\/\"},{\"@type\":\"ListItem\",\"position\":2,\"name\":\"Termeni si condi\u021bii\"}]},{\"@type\":\"WebSite\",\"@id\":\"https:\/\/e-twow.com\/#website\",\"url\":\"https:\/\/e-twow.com\/\",\"name\":\"E-TWOW\",\"description\":\"Portable Scooter\",\"potentialAction\":[{\"@type\":\"SearchAction\",\"target\":{\"@type\":\"EntryPoint\",\"urlTemplate\":\"https:\/\/e-twow.com\/?s={search_term_string}\"},\"query-input\":{\"@type\":\"PropertyValueSpecification\",\"valueRequired\":true,\"valueName\":\"search_term_string\"}}],\"inLanguage\":\"ro-RO\"}]}<\/script>\n<!-- \/ Yoast SEO Premium plugin. -->","yoast_head_json":{"title":"Termeni si condi\u021bii - E-TWOW","robots":{"index":"index","follow":"follow","max-snippet":"max-snippet:-1","max-image-preview":"max-image-preview:large","max-video-preview":"max-video-preview:-1"},"canonical":"https:\/\/e-twow.com\/terms-and-conditions\/","og_locale":"ro_RO","og_type":"article","og_title":"Termeni si condi\u021bii","og_url":"https:\/\/e-twow.com\/terms-and-conditions\/","og_site_name":"E-TWOW","article_modified_time":"2020-02-12T07:48:57+00:00","twitter_card":"summary_large_image","twitter_misc":{"Timp estimat pentru citire":"11 minute"},"schema":{"@context":"https:\/\/schema.org","@graph":[{"@type":"WebPage","@id":"https:\/\/e-twow.com\/terms-and-conditions\/","url":"https:\/\/e-twow.com\/terms-and-conditions\/","name":"Termeni si condi\u021bii - E-TWOW","isPartOf":{"@id":"https:\/\/e-twow.com\/#website"},"datePublished":"2018-05-31T10:44:39+00:00","dateModified":"2020-02-12T07:48:57+00:00","breadcrumb":{"@id":"https:\/\/e-twow.com\/terms-and-conditions\/#breadcrumb"},"inLanguage":"ro-RO","potentialAction":[{"@type":"ReadAction","target":["https:\/\/e-twow.com\/terms-and-conditions\/"]}]},{"@type":"BreadcrumbList","@id":"https:\/\/e-twow.com\/terms-and-conditions\/#breadcrumb","itemListElement":[{"@type":"ListItem","position":1,"name":"Prima pagin\u0103","item":"https:\/\/e-twow.com\/ro\/"},{"@type":"ListItem","position":2,"name":"Termeni si condi\u021bii"}]},{"@type":"WebSite","@id":"https:\/\/e-twow.com\/#website","url":"https:\/\/e-twow.com\/","name":"E-TWOW","description":"Portable Scooter","potentialAction":[{"@type":"SearchAction","target":{"@type":"EntryPoint","urlTemplate":"https:\/\/e-twow.com\/?s={search_term_string}"},"query-input":{"@type":"PropertyValueSpecification","valueRequired":true,"valueName":"search_term_string"}}],"inLanguage":"ro-RO"}]}},"_links":{"self":[{"href":"https:\/\/e-twow.com\/ro\/wp-json\/wp\/v2\/pages\/8413","targetHints":{"allow":["GET"]}}],"collection":[{"href":"https:\/\/e-twow.com\/ro\/wp-json\/wp\/v2\/pages"}],"about":[{"href":"https:\/\/e-twow.com\/ro\/wp-json\/wp\/v2\/types\/page"}],"author":[{"embeddable":true,"href":"https:\/\/e-twow.com\/ro\/wp-json\/wp\/v2\/users\/1"}],"replies":[{"embeddable":true,"href":"https:\/\/e-twow.com\/ro\/wp-json\/wp\/v2\/comments?post=8413"}],"version-history":[{"count":1,"href":"https:\/\/e-twow.com\/ro\/wp-json\/wp\/v2\/pages\/8413\/revisions"}],"predecessor-version":[{"id":8414,"href":"https:\/\/e-twow.com\/ro\/wp-json\/wp\/v2\/pages\/8413\/revisions\/8414"}],"wp:attachment":[{"href":"https:\/\/e-twow.com\/ro\/wp-json\/wp\/v2\/media?parent=8413"}],"curies":[{"name":"wp","href":"https:\/\/api.w.org\/{rel}","templated":true}]}}