{"id":8405,"date":"2018-01-29T08:31:39","date_gmt":"2018-01-29T08:31:39","guid":{"rendered":"https:\/\/e-twow.com\/technology-concept\/"},"modified":"2021-09-02T10:01:05","modified_gmt":"2021-09-02T10:01:05","slug":"tehnologie-concept","status":"publish","type":"page","link":"https:\/\/e-twow.com\/ro\/tehnologie-concept\/","title":{"rendered":"Tehnologie &#038; Concept"},"content":{"rendered":"<section class=\"l-section wpb_row height_small\"><div class=\"l-section-h i-cf\"><div class=\"g-cols vc_row via_flex valign_top type_default stacking_default\"><div class=\"vc_col-sm-12 wpb_column vc_column_container\"><div class=\"vc_column-inner\"><div class=\"wpb_wrapper\">[vc_custom_heading text=&#8221;MAI MULT DECAT UN VEHICUL&#8221; font_container=&#8221;tag:h2|text_align:center&#8221; use_theme_fonts=&#8221;yes&#8221;][vc_custom_heading text=&#8221;Descoper\u0103 experien\u021ba E-TWOW \u0219i intr\u0103 in<br \/>\nnoua noastr\u0103 er\u0103 a mobilita\u021bii urbane&#8221; font_container=&#8221;tag:h4|text_align:center&#8221; use_theme_fonts=&#8221;yes&#8221;]<\/div><\/div><\/div><\/div><\/div><\/section><section class=\"l-section wpb_row us_custom_fcf81909 height_small\"><div class=\"l-section-h i-cf\"><div class=\"g-cols vc_row via_flex valign_middle type_default reversed stacking_default\"><div class=\"vc_col-sm-6 wpb_column vc_column_container\"><div class=\"vc_column-inner us_custom_90036584\"><div class=\"wpb_wrapper\">[vc_custom_heading text=&#8221;Controler, Display, Software&#8221; google_fonts=&#8221;font_family:Roboto%3A100%2C100italic%2C300%2C300italic%2Cregular%2Citalic%2C500%2C500italic%2C700%2C700italic%2C900%2C900italic|font_style:400%20regular%3A400%3Anormal&#8221; css=&#8221;%7B%22default%22%3A%7B%22color%22%3A%22%23ffffff%22%7D%7D&#8221;]<div class=\"wpb_text_column\"><div class=\"wpb_wrapper\"><p><span style=\"color: #f6f6f6;\">Spre deosebire de majoritatea trotinetelor electrice pe care le pute\u021bi g\u0103si pe pia\u021b\u0103 \u00een zilele noastre, trotinetele E-TWOW au un ecran cu func\u021bii interactive. Ecranul comunic\u0103 cu regulatorul, permi\u021b\u00e2nd astfel utilizatorului trotinetei s\u0103 trimit\u0103 comenzi specifice motorului, cum ar fi controlul de croazier\u0103 sau limitele de vitez\u0103. Ecranul ofer\u0103, de asemenea, indicatori de performan\u021b\u0103 \u0219i de mediu valoro\u0219i, cum ar fi viteza, num\u0103rul de deplas\u0103ri sau temperatura.<\/span><\/p>\n<p><span style=\"color: #f6f6f6;\">Software-ul implementat men\u021bine un echilibru perfect \u00eentre autonomie \u0219i viteza de mers, prin concentrarea pe utilizarea economic\u0103 a resurselor bateriei.<\/span><\/p>\n<\/div><\/div><div class=\"w-popup us_custom_0f8f44b7 w-btn-wrapper align_none\"><button class=\"w-popup-trigger type_btn w-btn us-btn-style_1 icon_atleft\" aria-label=\"VEZI CUM S-A FACUT\" type=\"button\"><i class=\"fas fa-video\"><\/i><span class=\"w-btn-label\">VEZI CUM S-A FACUT<\/span><\/button><div class=\"w-popup-overlay\" style=\"background:rgba(0,0,0,0.85);\"><\/div><div class=\"w-popup-wrap layout_default\" role=\"dialog\" aria-modal=\"true\" aria-label=\"Popup\" style=\"--title-color:var(--color-content-heading);--title-bg-color:var(--color-content-bg-alt);--content-color:var(--color-content-text);--content-bg-color:var(--color-content-bg);\"><button aria-label=\"\u00cenchide\" class=\"w-popup-closer\" type=\"button\"><\/button><div class=\"w-popup-box animation_fadeIn closerpos_outside without_title\"><div class=\"w-popup-box-h\"><div class=\"w-popup-box-content\"><p><iframe title=\"E-TWOW Controller, Display, Software\" src=\"https:\/\/player.vimeo.com\/video\/351136684?dnt=1&amp;app_id=122963&amp;h=29b5cb4ae4\" width=\"640\" height=\"360\" frameborder=\"0\" allow=\"autoplay; fullscreen; picture-in-picture\" allowfullscreen><\/iframe><\/p>\n<\/div><\/div><\/div><\/div><\/div><\/div><\/div><\/div><div class=\"vc_col-sm-6 wpb_column vc_column_container us_animate_afr stretched\"><div class=\"vc_column-inner us_custom_821ea863\"><div class=\"wpb_wrapper\"><div class=\"w-slider style_none fit_scaledown nav_none count_2\"><div class=\"w-slider-h\" aria-hidden=\"true\"><div class=\"royalSlider\"><div class=\"rsContent\"><a class=\"rsImg\" data-rsw=\"1200\" data-rsh=\"1200\" href=\"https:\/\/e-twow.com\/wp-content\/uploads\/2020\/10\/display2.jpg\"><span data-alt=\"\"><\/span><\/a><\/div><div class=\"rsContent\"><a class=\"rsImg\" data-rsw=\"1200\" data-rsh=\"1200\" href=\"https:\/\/e-twow.com\/wp-content\/uploads\/2020\/10\/display1.jpg\"><span data-alt=\"\"><\/span><\/a><\/div><\/div><img decoding=\"async\" src=\"https:\/\/e-twow.com\/wp-content\/uploads\/2020\/10\/display2.jpg\" width=\"1200\" height=\"1200\" alt loading=\"lazy\"><\/div><div class=\"w-slider-json\" onclick='return {&quot;autoScaleSlider&quot;:true,&quot;addActiveClass&quot;:true,&quot;loop&quot;:true,&quot;fadeInLoadedSlide&quot;:false,&quot;slidesSpacing&quot;:0,&quot;imageScalePadding&quot;:0,&quot;numImagesToPreload&quot;:2,&quot;arrowsNav&quot;:true,&quot;arrowsNavAutoHide&quot;:false,&quot;transitionType&quot;:&quot;move&quot;,&quot;transitionSpeed&quot;:250,&quot;block&quot;:{&quot;moveEffect&quot;:&quot;none&quot;,&quot;speed&quot;:300},&quot;thumbs&quot;:{&quot;fitInViewport&quot;:false,&quot;firstMargin&quot;:false,&quot;spacing&quot;:4},&quot;controlNavigation&quot;:&quot;none&quot;,&quot;autoScaleSliderWidth&quot;:1200,&quot;autoScaleSliderHeight&quot;:1200}'><\/div><\/div><\/div><\/div><\/div><\/div><\/div><\/section><!-- Row Backgrounds --><div class=\"upb_color\" data-bg-override=\"0\" data-bg-color=\"#242424\" data-fadeout=\"\" data-fadeout-percentage=\"30\" data-parallax-content=\"\" data-parallax-content-sense=\"30\" data-row-effect-mobile-disable=\"true\" data-img-parallax-mobile-disable=\"true\" data-rtl=\"false\"  data-custom-vc-row=\"\"  data-vc=\"8.7.2\"  data-is_old_vc=\"\"  data-theme-support=\"\"   data-overlay=\"false\" data-overlay-color=\"\" data-overlay-pattern=\"\" data-overlay-pattern-opacity=\"\" data-overlay-pattern-size=\"\"    ><\/div><section class=\"l-section wpb_row height_small\"><div class=\"l-section-h i-cf\"><div class=\"g-cols vc_row via_flex valign_top type_default stacking_default\"><div class=\"vc_col-sm-12 wpb_column vc_column_container\"><div class=\"vc_column-inner\"><div class=\"wpb_wrapper\">[vc_custom_heading text=&#8221;Sistem integrat de control, monitorizare \u0219i semnalizare&#8221; google_fonts=&#8221;font_family:Roboto%3A100%2C100italic%2C300%2C300italic%2Cregular%2Citalic%2C500%2C500italic%2C700%2C700italic%2C900%2C900italic|font_style:400%20regular%3A400%3Anormal&#8221;]<div class=\"wpb_text_column\"><div class=\"wpb_wrapper\"><p>Pentru ca trotinetele E-TWOW s\u0103 fie c\u00e2t mai fiabile, le-am echipat cu un sistem integrat \u00een care toate comenzile de control, monitorizare \u0219i semnalizare func\u021bioneaz\u0103 m\u00e2n\u0103 \u00een m\u00e2n\u0103. Sistemul include o unitate de afi\u0219are, o accelera\u021bie de accelera\u021bie, o fr\u00e2n\u0103 electromagnetic\u0103, o plac\u0103 cu putere, lumini, claxon \u0219i butoane de reglare, un far ecologic, senzori \u0219i un microcontroller care comunic\u0103 cu placa principal\u0103, precum \u0219i un circuit de alimentare care conduce energia bateriei la roata din fa\u021b\u0103.<\/p>\n<\/div><\/div><\/div><\/div><\/div><\/div><\/div><\/section><section class=\"l-section wpb_row us_custom_fcf81909 height_small\"><div class=\"l-section-h i-cf\"><div class=\"g-cols vc_row via_flex valign_middle type_default reversed stacking_default\"><div class=\"vc_col-sm-6 wpb_column vc_column_container\"><div class=\"vc_column-inner us_custom_90036584\"><div class=\"wpb_wrapper\">[vc_custom_heading text=&#8221;Baterie&#8221; google_fonts=&#8221;font_family:Roboto%3A100%2C100italic%2C300%2C300italic%2Cregular%2Citalic%2C500%2C500italic%2C700%2C700italic%2C900%2C900italic|font_style:400%20regular%3A400%3Anormal&#8221; css=&#8221;%7B%22default%22%3A%7B%22color%22%3A%22%23ffffff%22%7D%7D&#8221;]<div class=\"wpb_text_column\"><div class=\"wpb_wrapper\"><p><span style=\"color: #f6f6f6;\">Pentru a proiecta un vehicul ecologic, am depus mult efort \u00eentr-un sistem eficient de economisire a energiei. Roata de ac\u021bionare func\u021bioneaz\u0103 ca un generator electric, \u00eenc\u0103rc\u00e2nd bateria atunci c\u00e2nd este folosit\u0103 fr\u00e2na electromagnetic\u0103. Mai mult, trotinetele noastre au un BMS inteligent (sistem de gestionare a bateriei) care monitorizeaz\u0103 performan\u021bele bateriei. Ne asamblam propriile baterii folosind celule Samsung. Toate bateriile au 10 serii de 3 celule grupate \u00een paralel<\/span><\/p>\n<p><span style=\"color: #f6f6f6;\">\u00cen timpul deplas\u0103rii dvs., sistemul de recuperare a energiei ecologice asigur\u0103 c\u0103 nici o energie nu va pierde, \u00een timp ce sistemul inteligent de gestionare a bateriei monitorizeaz\u0103 \u00eendeaproape performan\u021bele bateriei.<\/span><\/p>\n<\/div><\/div><div class=\"w-popup us_custom_0f8f44b7 w-btn-wrapper align_none\"><button class=\"w-popup-trigger type_btn w-btn us-btn-style_1 icon_atleft\" aria-label=\"VEZI CUM S-A FACUT\" type=\"button\"><i class=\"fas fa-video\"><\/i><span class=\"w-btn-label\">VEZI CUM S-A FACUT<\/span><\/button><div class=\"w-popup-overlay\" style=\"background:rgba(0,0,0,0.85);\"><\/div><div class=\"w-popup-wrap layout_default\" role=\"dialog\" aria-modal=\"true\" aria-label=\"Popup\" style=\"--title-color:var(--color-content-heading);--title-bg-color:var(--color-content-bg-alt);--content-color:var(--color-content-text);--content-bg-color:var(--color-content-bg);\"><button aria-label=\"\u00cenchide\" class=\"w-popup-closer\" type=\"button\"><\/button><div class=\"w-popup-box animation_fadeIn closerpos_outside without_title\"><div class=\"w-popup-box-h\"><div class=\"w-popup-box-content\"><p><iframe title=\"E-TWOW Battery - How it&#039;s made\" src=\"https:\/\/player.vimeo.com\/video\/351165493?dnt=1&amp;app_id=122963&amp;h=b53041f341\" width=\"640\" height=\"360\" frameborder=\"0\" allow=\"autoplay; fullscreen; picture-in-picture\" allowfullscreen><\/iframe><\/p>\n<\/div><\/div><\/div><\/div><\/div><\/div><\/div><\/div><div class=\"vc_col-sm-6 wpb_column vc_column_container us_animate_afr stretched\"><div class=\"vc_column-inner us_custom_821ea863\"><div class=\"wpb_wrapper\"><div class=\"w-slider style_none fit_scaledown nav_none count_2\"><div class=\"w-slider-h\" aria-hidden=\"true\"><div class=\"royalSlider\"><div class=\"rsContent\"><a class=\"rsImg\" data-rsw=\"1200\" data-rsh=\"1200\" href=\"https:\/\/e-twow.com\/wp-content\/uploads\/2020\/10\/baterii1.jpg\"><span data-alt=\"\"><\/span><\/a><\/div><div class=\"rsContent\"><a class=\"rsImg\" data-rsw=\"1200\" data-rsh=\"1200\" href=\"https:\/\/e-twow.com\/wp-content\/uploads\/2020\/10\/baterii.jpg\"><span data-alt=\"\"><\/span><\/a><\/div><\/div><img decoding=\"async\" src=\"https:\/\/e-twow.com\/wp-content\/uploads\/2020\/10\/baterii1.jpg\" width=\"1200\" height=\"1200\" alt loading=\"lazy\"><\/div><div class=\"w-slider-json\" onclick='return {&quot;autoScaleSlider&quot;:true,&quot;addActiveClass&quot;:true,&quot;loop&quot;:true,&quot;fadeInLoadedSlide&quot;:false,&quot;slidesSpacing&quot;:0,&quot;imageScalePadding&quot;:0,&quot;numImagesToPreload&quot;:2,&quot;arrowsNav&quot;:true,&quot;arrowsNavAutoHide&quot;:false,&quot;transitionType&quot;:&quot;move&quot;,&quot;transitionSpeed&quot;:250,&quot;block&quot;:{&quot;moveEffect&quot;:&quot;none&quot;,&quot;speed&quot;:300},&quot;thumbs&quot;:{&quot;fitInViewport&quot;:false,&quot;firstMargin&quot;:false,&quot;spacing&quot;:4},&quot;controlNavigation&quot;:&quot;none&quot;,&quot;autoScaleSliderWidth&quot;:1200,&quot;autoScaleSliderHeight&quot;:1200}'><\/div><\/div><\/div><\/div><\/div><\/div><\/div><\/section><!-- Row Backgrounds --><div class=\"upb_color\" data-bg-override=\"0\" data-bg-color=\"#242424\" data-fadeout=\"\" data-fadeout-percentage=\"30\" data-parallax-content=\"\" data-parallax-content-sense=\"30\" data-row-effect-mobile-disable=\"true\" data-img-parallax-mobile-disable=\"true\" data-rtl=\"false\"  data-custom-vc-row=\"\"  data-vc=\"8.7.2\"  data-is_old_vc=\"\"  data-theme-support=\"\"   data-overlay=\"false\" data-overlay-color=\"\" data-overlay-pattern=\"\" data-overlay-pattern-opacity=\"\" data-overlay-pattern-size=\"\"    ><\/div><section class=\"l-section wpb_row height_small\"><div class=\"l-section-h i-cf\"><div class=\"g-cols vc_row via_flex valign_top type_default stacking_default\"><div class=\"vc_col-sm-6 wpb_column vc_column_container\"><div class=\"vc_column-inner\"><div class=\"wpb_wrapper\">[vc_custom_heading text=&#8221;Sistemul KERS&#8221; google_fonts=&#8221;font_family:Roboto%3A100%2C100italic%2C300%2C300italic%2Cregular%2Citalic%2C500%2C500italic%2C700%2C700italic%2C900%2C900italic|font_style:400%20regular%3A400%3Anormal&#8221;]<div class=\"wpb_text_column\"><div class=\"wpb_wrapper\"><p>E-TWOW este prima trotinet\u0103 care a utilizat tehnologia KERS (KINETIC ENERGY RECUPERY SYSTEM) prin fr\u00e2narea magnetic\u0103, astfel \u00eenc\u00e2t autonomia bateriei trotinetei poate fi crescut\u0103 p\u00e2n\u0103 la 40%. C\u00e2nd se folose\u0219te fr\u00e2na electromagnetic\u0103, motorul f\u0103r\u0103 perie DC este transformat \u00eentr-un generator care re\u00eencarc\u0103 bateria. Acest sistem este utilizat \u00een competi\u021biile de Formula 1 \u0219i este pentru prima dat\u0103 c\u00e2nd un astfel de sistem este integrat \u00eentr-o trotinet\u0103 electric\u0103. Afla\u021bi mai multe despre KERS de la cei mai buni \u0219oferi de Formula 1 aici:<\/p>\n<\/div><\/div><div class=\"w-popup us_custom_0f8f44b7 w-btn-wrapper align_none\"><button class=\"w-popup-trigger type_btn w-btn us-btn-style_1 icon_atleft\" aria-label=\"VEZI CUM FUNC\u021aIONEAZ\u0102\" type=\"button\"><i class=\"fas fa-video\"><\/i><span class=\"w-btn-label\">VEZI CUM FUNC\u021aIONEAZ\u0102<\/span><\/button><div class=\"w-popup-overlay\" style=\"background:rgba(0,0,0,0.85);\"><\/div><div class=\"w-popup-wrap layout_default\" role=\"dialog\" aria-modal=\"true\" aria-label=\"Popup\" style=\"--title-color:var(--color-content-heading);--title-bg-color:var(--color-content-bg-alt);--content-color:var(--color-content-text);--content-bg-color:var(--color-content-bg);\"><button aria-label=\"\u00cenchide\" class=\"w-popup-closer\" type=\"button\"><\/button><div class=\"w-popup-box animation_fadeIn closerpos_outside without_title\"><div class=\"w-popup-box-h\"><div class=\"w-popup-box-content\"><p><iframe title=\"KERS explained by Lewis Hamilton and Nico Rosberg\" width=\"480\" height=\"360\" src=\"https:\/\/www.youtube.com\/embed\/sYAUb5yWutg?feature=oembed&#038;enablejsapi=1&#038;origin=https:\/\/e-twow.com\" frameborder=\"0\" allow=\"accelerometer; autoplay; clipboard-write; encrypted-media; gyroscope; picture-in-picture\" allowfullscreen><\/iframe><\/p>\n<\/div><\/div><\/div><\/div><\/div><\/div><\/div><\/div><div class=\"vc_col-sm-6 wpb_column vc_column_container\"><div class=\"vc_column-inner\"><div class=\"wpb_wrapper\">[vc_custom_heading text=&#8221;Asamblare general\u0103&#8221; google_fonts=&#8221;font_family:Roboto%3A100%2C100italic%2C300%2C300italic%2Cregular%2Citalic%2C500%2C500italic%2C700%2C700italic%2C900%2C900italic|font_style:400%20regular%3A400%3Anormal&#8221;]<div class=\"wpb_text_column\"><div class=\"wpb_wrapper\"><p>Liniile de asamblare din fabrica noastr\u0103 folosesc tehnologii de ultim\u0103 genera\u021bie pentru a livra sisteme eficiente de flux pentru a satisface nevoile noastre de produc\u021bie \u00een continu\u0103 cre\u0219tere. Pentru a optimiza liniile noastre de asamblare, folosim procese moderne de turnare a aluminiului \u0219i carbonului.<\/p>\n<\/div><\/div>[vc_custom_heading text=&#8221;Departamentul de cercetare si dezvoltare&#8221; google_fonts=&#8221;font_family:Roboto%3A100%2C100italic%2C300%2C300italic%2Cregular%2Citalic%2C500%2C500italic%2C700%2C700italic%2C900%2C900italic|font_style:400%20regular%3A400%3Anormal&#8221;]<div class=\"wpb_text_column\"><div class=\"wpb_wrapper\"><p>Echipa noastr\u0103 de cercetare \u0219i dezvoltare lucreaz\u0103 constant la aplicarea celor mai noi tehnologii din industria vehiculelor electrice pentru a dezvolta noi produse care pot contura viitorul sistemelor de transport urban. Accesa\u021bi cel mai recent proiect pentru a afla mai multe despre planurile noastre de viitor<\/p>\n<\/div><\/div><\/div><\/div><\/div><\/div><\/div><\/section><section class=\"l-section wpb_row us_custom_fcf81909 height_small\"><div class=\"l-section-h i-cf\"><div class=\"g-cols vc_row via_flex valign_middle type_default reversed stacking_default\"><div class=\"vc_col-sm-6 wpb_column vc_column_container\"><div class=\"vc_column-inner us_custom_90036584\"><div class=\"wpb_wrapper\">[vc_custom_heading text=&#8221;Motoare f\u0103r\u0103 perii&#8221; google_fonts=&#8221;font_family:Roboto%3A100%2C100italic%2C300%2C300italic%2Cregular%2Citalic%2C500%2C500italic%2C700%2C700italic%2C900%2C900italic|font_style:400%20regular%3A400%3Anormal&#8221; css=&#8221;%7B%22default%22%3A%7B%22color%22%3A%22%23ffffff%22%7D%7D&#8221;]<div class=\"wpb_text_column\"><div class=\"wpb_wrapper\"><p><span style=\"color: #f6f6f6;\">Motoarele f\u0103r\u0103 perii folosesc un motor permanent \u00een loc de perii pentru a schimba polaritatea electromagnetului unui motor care men\u021bine armatura motorului \u00eenv\u00e2rtind. Prin eliminarea periilor clasice, motoarele f\u0103r\u0103 perii sunt mult mai durabile, mai fiabile, mai eficiente \u0219i mai pu\u021bin zgomotoase. De asemenea, sunt mai u\u0219oare dec\u00e2t motoarele periate cu aceea\u0219i putere. Cu trotinetele E-TWOW, am construit roata de conducere ca o ma\u0219in\u0103 electric\u0103 f\u0103r\u0103 perii. \u00cen timpul accelera\u021biei, func\u021bioneaz\u0103 ca un motor electric cu curent continuu, \u00een timp ce \u00een decelerare, func\u021bioneaz\u0103 ca un generator electric, trimi\u021b\u00e2nd energie cinetic\u0103 bateriei.<\/span><\/p>\n<\/div><\/div><div class=\"w-popup us_custom_0f8f44b7 w-btn-wrapper align_none\"><button class=\"w-popup-trigger type_btn w-btn us-btn-style_1 icon_atleft\" aria-label=\"VEZI CUM S-A FACUT\" type=\"button\"><i class=\"fas fa-video\"><\/i><span class=\"w-btn-label\">VEZI CUM S-A FACUT<\/span><\/button><div class=\"w-popup-overlay\" style=\"background:rgba(0,0,0,0.85);\"><\/div><div class=\"w-popup-wrap layout_default\" role=\"dialog\" aria-modal=\"true\" aria-label=\"Popup\" style=\"--title-color:var(--color-content-heading);--title-bg-color:var(--color-content-bg-alt);--content-color:var(--color-content-text);--content-bg-color:var(--color-content-bg);\"><button aria-label=\"\u00cenchide\" class=\"w-popup-closer\" type=\"button\"><\/button><div class=\"w-popup-box animation_fadeIn closerpos_outside without_title\"><div class=\"w-popup-box-h\"><div class=\"w-popup-box-content\"><p><iframe title=\"E-TWOW - Brushless motors\" src=\"https:\/\/player.vimeo.com\/video\/350942112?dnt=1&amp;app_id=122963&amp;h=6694661aab\" width=\"640\" height=\"360\" frameborder=\"0\" allow=\"autoplay; fullscreen; picture-in-picture\" allowfullscreen><\/iframe><\/p>\n<\/div><\/div><\/div><\/div><\/div><\/div><\/div><\/div><div class=\"vc_col-sm-6 wpb_column vc_column_container us_animate_afr stretched\"><div class=\"vc_column-inner us_custom_821ea863\"><div class=\"wpb_wrapper\"><div class=\"w-slider style_none fit_scaledown nav_none count_2\"><div class=\"w-slider-h\" aria-hidden=\"true\"><div class=\"royalSlider\"><div class=\"rsContent\"><a class=\"rsImg\" data-rsw=\"1200\" data-rsh=\"1200\" href=\"https:\/\/e-twow.com\/wp-content\/uploads\/2020\/10\/motoare1.jpg\"><span data-alt=\"\"><\/span><\/a><\/div><div class=\"rsContent\"><a class=\"rsImg\" data-rsw=\"1200\" data-rsh=\"1200\" href=\"https:\/\/e-twow.com\/wp-content\/uploads\/2020\/10\/motoare2.jpg\"><span data-alt=\"\"><\/span><\/a><\/div><\/div><img decoding=\"async\" src=\"https:\/\/e-twow.com\/wp-content\/uploads\/2020\/10\/motoare1.jpg\" width=\"1200\" height=\"1200\" alt loading=\"lazy\"><\/div><div class=\"w-slider-json\" onclick='return {&quot;autoScaleSlider&quot;:true,&quot;addActiveClass&quot;:true,&quot;loop&quot;:true,&quot;fadeInLoadedSlide&quot;:false,&quot;slidesSpacing&quot;:0,&quot;imageScalePadding&quot;:0,&quot;numImagesToPreload&quot;:2,&quot;arrowsNav&quot;:true,&quot;arrowsNavAutoHide&quot;:false,&quot;transitionType&quot;:&quot;move&quot;,&quot;transitionSpeed&quot;:250,&quot;block&quot;:{&quot;moveEffect&quot;:&quot;none&quot;,&quot;speed&quot;:300},&quot;thumbs&quot;:{&quot;fitInViewport&quot;:false,&quot;firstMargin&quot;:false,&quot;spacing&quot;:4},&quot;controlNavigation&quot;:&quot;none&quot;,&quot;autoScaleSliderWidth&quot;:1200,&quot;autoScaleSliderHeight&quot;:1200}'><\/div><\/div><\/div><\/div><\/div><\/div><\/div><\/section><!-- Row Backgrounds --><div class=\"upb_color\" data-bg-override=\"0\" data-bg-color=\"#242424\" data-fadeout=\"\" data-fadeout-percentage=\"30\" data-parallax-content=\"\" data-parallax-content-sense=\"30\" data-row-effect-mobile-disable=\"true\" data-img-parallax-mobile-disable=\"true\" data-rtl=\"false\"  data-custom-vc-row=\"\"  data-vc=\"8.7.2\"  data-is_old_vc=\"\"  data-theme-support=\"\"   data-overlay=\"false\" data-overlay-color=\"\" data-overlay-pattern=\"\" data-overlay-pattern-opacity=\"\" data-overlay-pattern-size=\"\"    ><\/div>\n","protected":false},"excerpt":{"rendered":"[vc_custom_heading text=\"MAI MULT DECAT UN VEHICUL\" font_container=\"tag:h2|text_align:center\" use_theme_fonts=\"yes\"][vc_custom_heading text=\"Descoper\u0103 experien\u021ba E-TWOW \u0219i intr\u0103 in noua noastr\u0103 er\u0103 a mobilita\u021bii urbane\" font_container=\"tag:h4|text_align:center\" use_theme_fonts=\"yes\"][vc_custom_heading text=\"Controler, Display, Software\" google_fonts=\"font_family:Roboto%3A100%2C100italic%2C300%2C300italic%2Cregular%2Citalic%2C500%2C500italic%2C700%2C700italic%2C900%2C900italic|font_style:400%20regular%3A400%3Anormal\" css=\"%7B%22default%22%3A%7B%22color%22%3A%22%23ffffff%22%7D%7D\"]Spre deosebire de majoritatea trotinetelor electrice pe care le pute\u021bi g\u0103si pe pia\u021b\u0103 \u00een zilele noastre, trotinetele E-TWOW au un ecran cu func\u021bii interactive. Ecranul comunic\u0103 cu regulatorul, permi\u021b\u00e2nd...","protected":false},"author":1,"featured_media":0,"parent":0,"menu_order":0,"comment_status":"closed","ping_status":"closed","template":"","meta":{"ngg_post_thumbnail":0,"footnotes":""},"class_list":["post-8405","page","type-page","status-publish","hentry"],"yoast_head":"<!-- This site is optimized with the Yoast SEO Premium plugin v27.4 (Yoast SEO v27.4) - https:\/\/yoast.com\/product\/yoast-seo-premium-wordpress\/ -->\n<title>Tehnologie &amp; Concept - E-TWOW<\/title>\n<meta name=\"robots\" content=\"index, follow, max-snippet:-1, max-image-preview:large, max-video-preview:-1\" \/>\n<link rel=\"canonical\" href=\"https:\/\/e-twow.com\/technology-concept\/\" \/>\n<meta property=\"og:locale\" content=\"ro_RO\" \/>\n<meta property=\"og:type\" content=\"article\" \/>\n<meta property=\"og:title\" content=\"Tehnologie &amp; Concept\" \/>\n<meta property=\"og:url\" content=\"https:\/\/e-twow.com\/technology-concept\/\" \/>\n<meta property=\"og:site_name\" content=\"E-TWOW\" \/>\n<meta property=\"article:modified_time\" content=\"2021-09-02T10:01:05+00:00\" \/>\n<meta name=\"twitter:card\" content=\"summary_large_image\" \/>\n<meta name=\"twitter:label1\" content=\"Timp estimat pentru citire\" \/>\n\t<meta name=\"twitter:data1\" content=\"8 minute\" \/>\n<script type=\"application\/ld+json\" class=\"yoast-schema-graph\">{\"@context\":\"https:\\\/\\\/schema.org\",\"@graph\":[{\"@type\":\"WebPage\",\"@id\":\"https:\\\/\\\/e-twow.com\\\/technology-concept\\\/\",\"url\":\"https:\\\/\\\/e-twow.com\\\/technology-concept\\\/\",\"name\":\"Tehnologie & Concept - E-TWOW\",\"isPartOf\":{\"@id\":\"https:\\\/\\\/e-twow.com\\\/#website\"},\"datePublished\":\"2018-01-29T08:31:39+00:00\",\"dateModified\":\"2021-09-02T10:01:05+00:00\",\"breadcrumb\":{\"@id\":\"https:\\\/\\\/e-twow.com\\\/technology-concept\\\/#breadcrumb\"},\"inLanguage\":\"ro-RO\",\"potentialAction\":[{\"@type\":\"ReadAction\",\"target\":[\"https:\\\/\\\/e-twow.com\\\/technology-concept\\\/\"]}]},{\"@type\":\"BreadcrumbList\",\"@id\":\"https:\\\/\\\/e-twow.com\\\/technology-concept\\\/#breadcrumb\",\"itemListElement\":[{\"@type\":\"ListItem\",\"position\":1,\"name\":\"Prima pagin\u0103\",\"item\":\"https:\\\/\\\/e-twow.com\\\/ro\\\/\"},{\"@type\":\"ListItem\",\"position\":2,\"name\":\"Tehnologie &#038; Concept\"}]},{\"@type\":\"WebSite\",\"@id\":\"https:\\\/\\\/e-twow.com\\\/#website\",\"url\":\"https:\\\/\\\/e-twow.com\\\/\",\"name\":\"E-TWOW\",\"description\":\"Portable Scooter\",\"potentialAction\":[{\"@type\":\"SearchAction\",\"target\":{\"@type\":\"EntryPoint\",\"urlTemplate\":\"https:\\\/\\\/e-twow.com\\\/?s={search_term_string}\"},\"query-input\":{\"@type\":\"PropertyValueSpecification\",\"valueRequired\":true,\"valueName\":\"search_term_string\"}}],\"inLanguage\":\"ro-RO\"}]}<\/script>\n<!-- \/ Yoast SEO Premium plugin. -->","yoast_head_json":{"title":"Tehnologie & Concept - E-TWOW","robots":{"index":"index","follow":"follow","max-snippet":"max-snippet:-1","max-image-preview":"max-image-preview:large","max-video-preview":"max-video-preview:-1"},"canonical":"https:\/\/e-twow.com\/technology-concept\/","og_locale":"ro_RO","og_type":"article","og_title":"Tehnologie & Concept","og_url":"https:\/\/e-twow.com\/technology-concept\/","og_site_name":"E-TWOW","article_modified_time":"2021-09-02T10:01:05+00:00","twitter_card":"summary_large_image","twitter_misc":{"Timp estimat pentru citire":"8 minute"},"schema":{"@context":"https:\/\/schema.org","@graph":[{"@type":"WebPage","@id":"https:\/\/e-twow.com\/technology-concept\/","url":"https:\/\/e-twow.com\/technology-concept\/","name":"Tehnologie & Concept - E-TWOW","isPartOf":{"@id":"https:\/\/e-twow.com\/#website"},"datePublished":"2018-01-29T08:31:39+00:00","dateModified":"2021-09-02T10:01:05+00:00","breadcrumb":{"@id":"https:\/\/e-twow.com\/technology-concept\/#breadcrumb"},"inLanguage":"ro-RO","potentialAction":[{"@type":"ReadAction","target":["https:\/\/e-twow.com\/technology-concept\/"]}]},{"@type":"BreadcrumbList","@id":"https:\/\/e-twow.com\/technology-concept\/#breadcrumb","itemListElement":[{"@type":"ListItem","position":1,"name":"Prima pagin\u0103","item":"https:\/\/e-twow.com\/ro\/"},{"@type":"ListItem","position":2,"name":"Tehnologie &#038; Concept"}]},{"@type":"WebSite","@id":"https:\/\/e-twow.com\/#website","url":"https:\/\/e-twow.com\/","name":"E-TWOW","description":"Portable Scooter","potentialAction":[{"@type":"SearchAction","target":{"@type":"EntryPoint","urlTemplate":"https:\/\/e-twow.com\/?s={search_term_string}"},"query-input":{"@type":"PropertyValueSpecification","valueRequired":true,"valueName":"search_term_string"}}],"inLanguage":"ro-RO"}]}},"_links":{"self":[{"href":"https:\/\/e-twow.com\/ro\/wp-json\/wp\/v2\/pages\/8405","targetHints":{"allow":["GET"]}}],"collection":[{"href":"https:\/\/e-twow.com\/ro\/wp-json\/wp\/v2\/pages"}],"about":[{"href":"https:\/\/e-twow.com\/ro\/wp-json\/wp\/v2\/types\/page"}],"author":[{"embeddable":true,"href":"https:\/\/e-twow.com\/ro\/wp-json\/wp\/v2\/users\/1"}],"replies":[{"embeddable":true,"href":"https:\/\/e-twow.com\/ro\/wp-json\/wp\/v2\/comments?post=8405"}],"version-history":[{"count":5,"href":"https:\/\/e-twow.com\/ro\/wp-json\/wp\/v2\/pages\/8405\/revisions"}],"predecessor-version":[{"id":12830,"href":"https:\/\/e-twow.com\/ro\/wp-json\/wp\/v2\/pages\/8405\/revisions\/12830"}],"wp:attachment":[{"href":"https:\/\/e-twow.com\/ro\/wp-json\/wp\/v2\/media?parent=8405"}],"curies":[{"name":"wp","href":"https:\/\/api.w.org\/{rel}","templated":true}]}}