{"id":8401,"date":"2018-06-04T07:23:16","date_gmt":"2018-06-04T07:23:16","guid":{"rendered":"https:\/\/e-twow.com\/recommendations\/"},"modified":"2020-02-12T07:38:35","modified_gmt":"2020-02-12T07:38:35","slug":"recomandari","status":"publish","type":"page","link":"https:\/\/e-twow.com\/ro\/recomandari\/","title":{"rendered":"Recomand\u0103ri"},"content":{"rendered":"<section class=\"l-section wpb_row height_small\"><div class=\"l-section-h i-cf\"><div class=\"g-cols vc_row via_flex valign_top type_default stacking_default\"><div class=\"vc_col-sm-12 wpb_column vc_column_container\"><div class=\"vc_column-inner\"><div class=\"wpb_wrapper\"><div class=\"wpb_text_column\"><div class=\"wpb_wrapper\"><h2>Iata ce v\u0103 recomand\u0103m<\/h2>\n<p>Ca o condi\u021bie prealabil\u0103 pentru buna func\u021bionare a produsului, recomand\u0103m o inspec\u021bie periodic\u0103 la un atelier autorizat \u00een termen de \u0219ase luni, dar nu mai mult de 1000 km parcur\u0219i.<\/p>\n<p>De asemenea, dup\u0103 fiecare sezon rece, v\u0103 sf\u0103tuim s\u0103 verifica\u021bi func\u021bionarea produsului, \u00een special \u00een ceea ce prive\u0219te bateria \u0219i piesele electronice.<\/p>\n<p>E-TWOW nu recomand\u0103 achizi\u021bionarea de trotinete de pe site-uri precum AliExpress sau Amazon, deoarece acestea pot avea modific\u0103ri pentru fiecare \u021bar\u0103 pentru care au fost produse: cadre modificate, limite de vitez\u0103 \u0219i piesele de schimb ale acestor trotinete pot fi achizi\u021bionate doar din \u021bar\u0103 pentru care au fost produse, ceea ce va presupune costuri suplimentare pentru clien\u021bii no\u0219tri, \u00een cazul \u00een care va fi necesar\u0103 o repara\u021bie.<\/p>\n<p>De asemenea, conform reglement\u0103rilor companiei aeriene, acumulatorii de trotinete nu pot fi transporta\u021bi cu avionul, astfel \u00eenc\u00e2t trotineta nu poate fi func\u021bional.<\/p>\n<p>Un alt aspect important este cel al certificatului de garan\u021bie, valabil numai pe teritoriul \u021b\u0103rii de origine a trotinetei, astfel \u00eenc\u00e2t serviciul \u0219i \u00eentre\u021binerea nu vor fi gratuite.<\/p>\n<p>V\u0103 rug\u0103m s\u0103 nu accepta\u021bi s\u0103 cump\u0103ra\u021bi trotinete f\u0103r\u0103 un certificat de garan\u021bie valabil emis de rev\u00e2nz\u0103tor!<\/p>\n<p>V\u0103 rug\u0103m s\u0103 nu uita\u021bi s\u0103 \u00eenc\u0103rca\u021bi trotineta \u00een fiecare lun\u0103, chiar dac\u0103 nu o utiliza\u021bi, pentru a prelungi durata de via\u021b\u0103 a bateriei.<\/p>\n<p>Face\u021bi o \u00eentre\u021binere minim\u0103, cum ar fi aplicarea vaselinei la baz\u0103 \u0219i pe articula\u021bii \u0219i asigura\u021bi-v\u0103 c\u0103 \u0219uruburile sunt str\u00e2nse bine.<\/p>\n<p>V\u0103 rug\u0103m s\u0103 \u00eenchide\u021bi \u00eentotdeauna maneta care men\u021bine sistemul de reglare a \u00een\u0103l\u021bimii dup\u0103 stabilirea unei \u00een\u0103l\u021bimi \u0219i verifica\u021bi periodic dac\u0103 \u0219urubul care \u00eel \u021bine este bine fixat.<\/p>\n<p>\u00cenc\u0103rca\u021bi \u00eentotdeauna trotineta p\u00e2n\u0103 c\u00e2nd lumina led a \u00eenc\u0103rc\u0103torului devine verde.<\/p>\n<p>P\u0103stra\u021bi trotineta pe c\u00e2t posibil \u00eenc\u0103rcat 100%, \u00eenc\u0103rca\u021bi-o astfel de fiecare dat\u0103 c\u00e2nd ave\u021bi o \u0219ans\u0103<\/p>\n<p>\u021aine\u021bi trotineta departe de ap\u0103 \u0219i umiditate. Dac\u0103 cumva sunte\u021bi prins de ploaie, aduce\u021bi trotineta c\u00e2t mai cur\u00e2nd posibil \u00eentr-un loc uscat \u0219i cald \u0219i cur\u0103\u021ba\u021bi-o foarte bine cu o c\u00e2rp\u0103 uscat\u0103, astfel \u00eenc\u00e2t s\u0103 nu r\u0103m\u00e2n\u0103 ap\u0103 pe ea.<\/p>\n<p>&nbsp;<\/p>\n<\/div><\/div><\/div><\/div><\/div><\/div><\/div><\/section>\n","protected":false},"excerpt":{"rendered":"Iata ce v\u0103 recomand\u0103m Ca o condi\u021bie prealabil\u0103 pentru buna func\u021bionare a produsului, recomand\u0103m o inspec\u021bie periodic\u0103 la un atelier autorizat \u00een termen de \u0219ase luni, dar nu mai mult de 1000 km parcur\u0219i. De asemenea, dup\u0103 fiecare sezon rece, v\u0103 sf\u0103tuim s\u0103 verifica\u021bi func\u021bionarea produsului, \u00een special \u00een ceea ce prive\u0219te bateria \u0219i piesele...","protected":false},"author":1,"featured_media":0,"parent":0,"menu_order":0,"comment_status":"closed","ping_status":"closed","template":"","meta":{"ngg_post_thumbnail":0,"footnotes":""},"class_list":["post-8401","page","type-page","status-publish","hentry"],"yoast_head":"<!-- This site is optimized with the Yoast SEO Premium plugin v27.4 (Yoast SEO v27.4) - https:\/\/yoast.com\/product\/yoast-seo-premium-wordpress\/ -->\n<title>Recomand\u0103ri - E-TWOW<\/title>\n<meta name=\"robots\" content=\"index, follow, max-snippet:-1, max-image-preview:large, max-video-preview:-1\" \/>\n<link rel=\"canonical\" href=\"https:\/\/e-twow.com\/recommendations\/\" \/>\n<meta property=\"og:locale\" content=\"ro_RO\" \/>\n<meta property=\"og:type\" content=\"article\" \/>\n<meta property=\"og:title\" content=\"Recomand\u0103ri\" \/>\n<meta property=\"og:url\" content=\"https:\/\/e-twow.com\/recommendations\/\" \/>\n<meta property=\"og:site_name\" content=\"E-TWOW\" \/>\n<meta property=\"article:modified_time\" content=\"2020-02-12T07:38:35+00:00\" \/>\n<meta name=\"twitter:card\" content=\"summary_large_image\" \/>\n<meta name=\"twitter:label1\" content=\"Timp estimat pentru citire\" \/>\n\t<meta name=\"twitter:data1\" content=\"2 minute\" \/>\n<script type=\"application\/ld+json\" class=\"yoast-schema-graph\">{\"@context\":\"https:\\\/\\\/schema.org\",\"@graph\":[{\"@type\":\"WebPage\",\"@id\":\"https:\\\/\\\/e-twow.com\\\/recommendations\\\/\",\"url\":\"https:\\\/\\\/e-twow.com\\\/recommendations\\\/\",\"name\":\"Recomand\u0103ri - E-TWOW\",\"isPartOf\":{\"@id\":\"https:\\\/\\\/e-twow.com\\\/#website\"},\"datePublished\":\"2018-06-04T07:23:16+00:00\",\"dateModified\":\"2020-02-12T07:38:35+00:00\",\"breadcrumb\":{\"@id\":\"https:\\\/\\\/e-twow.com\\\/recommendations\\\/#breadcrumb\"},\"inLanguage\":\"ro-RO\",\"potentialAction\":[{\"@type\":\"ReadAction\",\"target\":[\"https:\\\/\\\/e-twow.com\\\/recommendations\\\/\"]}]},{\"@type\":\"BreadcrumbList\",\"@id\":\"https:\\\/\\\/e-twow.com\\\/recommendations\\\/#breadcrumb\",\"itemListElement\":[{\"@type\":\"ListItem\",\"position\":1,\"name\":\"Prima pagin\u0103\",\"item\":\"https:\\\/\\\/e-twow.com\\\/ro\\\/\"},{\"@type\":\"ListItem\",\"position\":2,\"name\":\"Recomand\u0103ri\"}]},{\"@type\":\"WebSite\",\"@id\":\"https:\\\/\\\/e-twow.com\\\/#website\",\"url\":\"https:\\\/\\\/e-twow.com\\\/\",\"name\":\"E-TWOW\",\"description\":\"Portable Scooter\",\"potentialAction\":[{\"@type\":\"SearchAction\",\"target\":{\"@type\":\"EntryPoint\",\"urlTemplate\":\"https:\\\/\\\/e-twow.com\\\/?s={search_term_string}\"},\"query-input\":{\"@type\":\"PropertyValueSpecification\",\"valueRequired\":true,\"valueName\":\"search_term_string\"}}],\"inLanguage\":\"ro-RO\"}]}<\/script>\n<!-- \/ Yoast SEO Premium plugin. -->","yoast_head_json":{"title":"Recomand\u0103ri - E-TWOW","robots":{"index":"index","follow":"follow","max-snippet":"max-snippet:-1","max-image-preview":"max-image-preview:large","max-video-preview":"max-video-preview:-1"},"canonical":"https:\/\/e-twow.com\/recommendations\/","og_locale":"ro_RO","og_type":"article","og_title":"Recomand\u0103ri","og_url":"https:\/\/e-twow.com\/recommendations\/","og_site_name":"E-TWOW","article_modified_time":"2020-02-12T07:38:35+00:00","twitter_card":"summary_large_image","twitter_misc":{"Timp estimat pentru citire":"2 minute"},"schema":{"@context":"https:\/\/schema.org","@graph":[{"@type":"WebPage","@id":"https:\/\/e-twow.com\/recommendations\/","url":"https:\/\/e-twow.com\/recommendations\/","name":"Recomand\u0103ri - E-TWOW","isPartOf":{"@id":"https:\/\/e-twow.com\/#website"},"datePublished":"2018-06-04T07:23:16+00:00","dateModified":"2020-02-12T07:38:35+00:00","breadcrumb":{"@id":"https:\/\/e-twow.com\/recommendations\/#breadcrumb"},"inLanguage":"ro-RO","potentialAction":[{"@type":"ReadAction","target":["https:\/\/e-twow.com\/recommendations\/"]}]},{"@type":"BreadcrumbList","@id":"https:\/\/e-twow.com\/recommendations\/#breadcrumb","itemListElement":[{"@type":"ListItem","position":1,"name":"Prima pagin\u0103","item":"https:\/\/e-twow.com\/ro\/"},{"@type":"ListItem","position":2,"name":"Recomand\u0103ri"}]},{"@type":"WebSite","@id":"https:\/\/e-twow.com\/#website","url":"https:\/\/e-twow.com\/","name":"E-TWOW","description":"Portable Scooter","potentialAction":[{"@type":"SearchAction","target":{"@type":"EntryPoint","urlTemplate":"https:\/\/e-twow.com\/?s={search_term_string}"},"query-input":{"@type":"PropertyValueSpecification","valueRequired":true,"valueName":"search_term_string"}}],"inLanguage":"ro-RO"}]}},"_links":{"self":[{"href":"https:\/\/e-twow.com\/ro\/wp-json\/wp\/v2\/pages\/8401","targetHints":{"allow":["GET"]}}],"collection":[{"href":"https:\/\/e-twow.com\/ro\/wp-json\/wp\/v2\/pages"}],"about":[{"href":"https:\/\/e-twow.com\/ro\/wp-json\/wp\/v2\/types\/page"}],"author":[{"embeddable":true,"href":"https:\/\/e-twow.com\/ro\/wp-json\/wp\/v2\/users\/1"}],"replies":[{"embeddable":true,"href":"https:\/\/e-twow.com\/ro\/wp-json\/wp\/v2\/comments?post=8401"}],"version-history":[{"count":2,"href":"https:\/\/e-twow.com\/ro\/wp-json\/wp\/v2\/pages\/8401\/revisions"}],"predecessor-version":[{"id":8403,"href":"https:\/\/e-twow.com\/ro\/wp-json\/wp\/v2\/pages\/8401\/revisions\/8403"}],"wp:attachment":[{"href":"https:\/\/e-twow.com\/ro\/wp-json\/wp\/v2\/media?parent=8401"}],"curies":[{"name":"wp","href":"https:\/\/api.w.org\/{rel}","templated":true}]}}