{"id":8397,"date":"2018-06-04T10:01:33","date_gmt":"2018-06-04T10:01:33","guid":{"rendered":"https:\/\/e-twow.com\/privacy-policy\/"},"modified":"2020-02-12T07:35:36","modified_gmt":"2020-02-12T07:35:36","slug":"politica-de-confidentialitate","status":"publish","type":"page","link":"https:\/\/e-twow.com\/ro\/politica-de-confidentialitate\/","title":{"rendered":"Politica de confidentialitate"},"content":{"rendered":"<section class=\"l-section wpb_row height_small\"><div class=\"l-section-h i-cf\"><div class=\"g-cols vc_row via_flex valign_top type_default stacking_default\"><div class=\"vc_col-sm-12 wpb_column vc_column_container\"><div class=\"vc_column-inner\"><div class=\"wpb_wrapper\"><div class=\"wpb_text_column\"><div class=\"wpb_wrapper\"><div id=\"ppBody\">\n<div class=\"innerText\">\n<p>Aceast\u0103 politic\u0103 de confiden\u021bialitate a fost \u00eentocmit\u0103 pentru a servi mai bine celor care sunt preocupa\u021bi de modul \u00een care \u201eInforma\u021biile personale de identificare\u201d (PII) sunt folosite online. PII, a\u0219a cum este descris de legea de confiden\u021bialitate a SUA \u0219i securitatea informa\u021biilor, este informa\u021bia care poate fi folosit\u0103 de unul singur sau cu alte informa\u021bii pentru a identifica, contacta sau localiza o singur\u0103 persoan\u0103 sau pentru a identifica o persoan\u0103 \u00een context. V\u0103 rug\u0103m s\u0103 citi\u021bi cu aten\u021bie politica noastr\u0103 de confiden\u021bialitate pentru a ob\u021bine o \u00een\u021belegere clar\u0103 a modului \u00een care colect\u0103m, folosim, protej\u0103m sau altfel gestion\u0103m informa\u021biile dvs. de identificare personal\u0103, \u00een conformitate cu site-ul nostru web.<\/p>\n<p><strong>Ce informa\u021bii personale colect\u0103m de la persoanele care viziteaz\u0103 blogul nostru, site-ul sau aplica\u021bia noastr\u0103?<\/strong><\/p>\n<p>C\u00e2nd comanda\u021bi sau v\u0103 \u00eenregistra\u021bi pe site-ul nostru, dup\u0103 caz, vi se poate cere s\u0103 introduce\u021bi numele, adresa de e-mail, num\u0103rul de telefon sau alte detalii pentru a v\u0103 ajuta cu experien\u021ba dvs.<\/p>\n<p><strong>C\u00e2nd colect\u0103m informa\u021bii?<\/strong><\/p>\n<p>Colect\u0103m informa\u021bii de la dvs. atunci c\u00e2nd v\u0103 abona\u021bi la un newsletter, completa\u021bi un formular sau introduce\u021bi informa\u021bii pe site-ul nostru<\/p>\n<p><strong>Cum folosim informa\u021biile dvs.?<\/strong><\/p>\n<p>Putem utiliza informa\u021biile pe care le colect\u0103m de la dvs. atunci c\u00e2nd v\u0103 \u00eenregistra\u021bi, face\u021bi o achizi\u021bie, v\u0103 \u00eenscrie\u021bi la newsletter-ul nostru, r\u0103spundem la un sondaj sau comunicare de marketing, naviga\u021bi pe site-ul web sau folosim anumite alte func\u021bii ale site-ului \u00een urm\u0103toarele moduri:<\/p>\n<ul>\n<li>Pentru a v\u0103 personaliza experien\u021ba \u0219i pentru a ne permite s\u0103 livr\u0103m tipul de con\u021binut \u0219i oferte de produse pentru care sunte\u021bi cel mai interesat.<\/li>\n<li>Pentru a \u00eembun\u0103t\u0103\u021bi site-ul nostru web pentru a v\u0103 servi mai bine.<\/li>\n<li>Pentru a ne permite s\u0103 v\u0103 oferim servicii mai bune pentru a r\u0103spunde solicit\u0103rilor dvs. de servicii pentru clien\u021bi.<\/li>\n<li>Pentru a trimite e-mailuri periodice cu privire la comanda dvs. sau la alte produse \u0219i servicii.<\/li>\n<li>Pentru a v\u0103 contacta \u00een urma coresponden\u021bei (chat live, \u00eentreb\u0103ri prin e-mail sau telefon)<\/li>\n<\/ul>\n<p><strong>Cum v\u0103 protej\u0103m informa\u021biile?<\/strong><\/p>\n<p>Nu folosim scanarea \u0219i \/ sau scanarea vulnerabilit\u0103\u021bilor la standardele PCI.<\/p>\n<p>Oferim numai articole \u0219i informa\u021bii. Nu cerem niciodat\u0103 numere de card de credit.<\/p>\n<p>Folosim periodic Scanare Malware.<\/p>\n<p>Informa\u021biile dvs. personale sunt stocate \u00een spatele unei re\u021bele securizate \u0219i sunt accesibile doar unui num\u0103r limitat de persoane care au drepturi speciale de acces la astfel de sisteme \u0219i care sunt obligate s\u0103 p\u0103streze informa\u021biile confiden\u021biale. \u00cen plus, toate informa\u021biile sensibile \/ de credit furnizate sunt criptate prin intermediul tehnologiei SSL (Secure Socket Layer).<\/p>\n<p>Implement\u0103m o varietate de m\u0103suri de securitate atunci c\u00e2nd un utilizator intr\u0103, trimite sau acceseaz\u0103 informa\u021biile sale pentru a men\u021bine siguran\u021ba informa\u021biilor personale.<\/p>\n<p>Toate tranzac\u021biile sunt procesate printr-un furnizor de gateway \u0219i nu sunt stocate sau procesate pe serverele noastre.<\/p>\n<p><strong>Folosim \u201ecookie-uri\u201d?<\/strong><\/p>\n<p>Da. Cookie-urile sunt fi\u0219iere mici pe care un site sau furnizorul s\u0103u de servicii le transfer\u0103 pe hard disk-ul computerului prin browserul dvs. Web (dac\u0103 \u00eel permite\u021bi), care permite sistemelor site-ului sau ale furnizorului de servicii s\u0103 v\u0103 recunoasc\u0103 browserul \u0219i s\u0103 capteze \u0219i s\u0103-\u0219i aminteasc\u0103 anumite informa\u021bii. De exemplu, folosim cookie-uri pentru a ne ajuta s\u0103 ne amintim \u0219i s\u0103 proces\u0103m articolele din co\u0219ul de cump\u0103r\u0103turi. De asemenea, sunt utilizate pentru a ne ajuta s\u0103 \u00een\u021belegem preferin\u021bele dvs. pe baza activit\u0103\u021bii anterioare sau a site-ului curent, ceea ce ne permite s\u0103 v\u0103 oferim servicii \u00eembun\u0103t\u0103\u021bite. De asemenea, folosim cookie-uri pentru a ne ajuta s\u0103 compil\u0103m date agregate despre traficul site-ului \u0219i interac\u021biunile site-ului, astfel \u00eenc\u00e2t s\u0103 putem oferi experien\u021be \u0219i instrumente mai bune pe site.<\/p>\n<p><strong>Folosim cookie-uri pentru:<\/strong><\/p>\n<ul>\n<li>A \u00een\u021belege \u0219i a salva preferin\u021bele utilizatorului pentru vizitele viitoare.<\/li>\n<li>A compila date agregate despre traficul site-ului \u0219i interac\u021biunile site-ului pentru a oferi experien\u021be \u0219i instrumente mai bune pe site \u00een viitor. De asemenea, putem folosi servicii ter\u021be de \u00eencredere care urm\u0103resc aceste informa\u021bii \u00een numele nostru.<\/li>\n<\/ul>\n<p>Pute\u021bi alege s\u0103 v\u0103 avertiza\u021bi computerul de fiecare dat\u0103 c\u00e2nd este trimis un cookie sau pute\u021bi alege s\u0103 dezactiva\u021bi toate cookie-urile. Face\u021bi acest lucru prin set\u0103rile browserului. Deoarece fiecare browser este pu\u021bin diferit, consulta\u021bi meniul de ajutor al browserului pentru a afla modul corect de a modifica preferin\u021bele cookie-urilor.<\/p>\n<p>Dac\u0103 dezactiva\u021bi cookie-urile, nu va afecta experien\u021ba utilizatorului.<\/p>\n<p><strong>Dezv\u0103luirea ter\u021bilor<\/strong><\/p>\n<p>Nu vindem, comercializ\u0103m sau nu transfer\u0103m c\u0103tre ter\u021be p\u0103r\u021bi informa\u021biile dvs. de identificare personal\u0103 dec\u00e2t dac\u0103 furniz\u0103m utilizatorilor o notificare avansat\u0103. Aceasta nu include partenerii de g\u0103zduire a site-urilor web \u0219i alte p\u0103r\u021bi care ne ajut\u0103 \u00een operarea site-ului nostru web, \u00een \u200b\u200bdesf\u0103\u0219urarea activit\u0103\u021bii noastre sau \u00een servirea utilizatorilor no\u0219tri, at\u00e2t timp c\u00e2t acele p\u0103r\u021bi accept\u0103 s\u0103 p\u0103streze aceste informa\u021bii confiden\u021biale. De asemenea, putem elibera informa\u021bii atunci c\u00e2nd este cazul s\u0103 respect\u0103m legea, s\u0103 punem \u00een aplicare politicile site-ului nostru sau s\u0103 protej\u0103m drepturile, proprietatea sau siguran\u021ba noastr\u0103 sau a altora.<\/p>\n<p>Cu toate acestea, informa\u021biile pentru vizitatori care nu pot fi identificate personal pot fi furnizate altor p\u0103r\u021bi pentru marketing, publicitate sau alte utiliz\u0103ri.<\/p>\n<p><strong>Link-uri ter\u021be<\/strong><\/p>\n<p>Nu includem sau nu oferim produse sau servicii ale unor ter\u021be p\u0103r\u021bi pe site-ul nostru web.<\/p>\n<p><strong>Google<\/strong><\/p>\n<p>Cerin\u021bele publicitare Google pot fi rezumate dup\u0103 principiile publicit\u0103\u021bii Google. Acestea sunt puse la punct pentru a oferi o experien\u021b\u0103 pozitiv\u0103 utilizatorilor. https:\/\/support.google.com\/adwordspolicy\/answer\/1316548?hl=en<\/p>\n<p>Folosim Google AdSense Advertising pe site-ul nostru web.<\/p>\n<p>Google, \u00een calitate de furnizor ter\u021bi, folose\u0219te cookie-uri pentru a difuza anun\u021buri pe site-ul nostru. Utilizarea de c\u0103tre Google a cookie-ului DART \u00eei permite s\u0103 difuzeze utilizatorii de reclame pe baza vizitelor anterioare pe site-ul nostru \u0219i a altor site-uri de pe Internet. Utilizatorii pot renun\u021ba la utilizarea cookie-urilor DART vizit\u00e2nd politica de confiden\u021bialitate a re\u021belelor publicitare \u0219i a con\u021binutului Google.<\/p>\n<p><strong>Am implementat urm\u0103toarele:<\/strong><\/p>\n<ul>\n<li>Raportarea afi\u0219\u0103rilor din re\u021beaua de display Google<\/li>\n<li>Demografie \u0219i raportare de interese<\/li>\n<li>Integrare platform\u0103 DoubleClick<\/li>\n<\/ul>\n<p>Noi, \u00eempreun\u0103 cu furnizorii ter\u021bi, cum ar fi Google, folosim cookie-uri de prim\u0103 parte (cum ar fi cookie-urile Google Analytics) \u0219i cookie-uri ter\u021be (cum ar fi cookie-ul DoubleClick) sau al\u021bi identificatori ter\u021bi pentru a compila date cu privire la interac\u021biunile utilizatorilor cu afi\u0219\u0103ri de reclame \u0219i alte func\u021bii ale serviciilor publicitare, deoarece acestea se refer\u0103 la site-ul nostru web.<\/p>\n<p><strong>Renun\u021barea la:<\/strong><\/p>\n<p>Utilizatorii pot seta preferin\u021be pentru modul \u00een care Google le face reclam\u0103 folosind pagina Set\u0103ri publicitare Google. \u00cen mod alternativ, ace\u0219tia pot renun\u021ba la vizitarea paginii de deconectare a ini\u021biativei de publicitate \u00een re\u021bea sau prin utilizarea suplimentului browserului de op\u021biune Google Analytics<\/p>\n<p><strong>Legea privind protec\u021bia confiden\u021bialit\u0103\u021bii online din California<\/strong><\/p>\n<p>CalOPPA este prima lege de stat din \u021bar\u0103 care obliga site-uri web comerciale \u0219i servicii online s\u0103 posteze o politic\u0103 de confiden\u021bialitate. Legea se \u00eentinde mult dincolo de California pentru a solicita oric\u0103rei persoane sau companii din Statele Unite (\u0219i poate fi conceput\u0103 lumea) care opereaz\u0103 site-uri web care colecteaz\u0103 informa\u021bii de identificare personal\u0103 de la consumatorii din California pentru a posta o politic\u0103 de confiden\u021bialitate vizibil\u0103 pe site-ul s\u0103u web, preciz\u00e2nd exact informa\u021biile colectate \u0219i cele persoane fizice sau companii cu care se \u00eemparte. &#8211; Vezi mai multe la: http:\/\/consumercal.org\/california-online-privacy-protection-act-caloppa\/#sthash.0FdRbT51.dpuf<\/p>\n<p><strong>Conform CalOPPA, suntem de acord cu urm\u0103toarele:<\/strong><\/p>\n<p>Utilizatorii pot vizita site-ul nostru \u00een mod anonim.<\/p>\n<p>Odat\u0103 creat\u0103 aceast\u0103 politic\u0103 de confiden\u021bialitate, vom ad\u0103uga un link la pagina noastr\u0103 de pornire sau cel pu\u021bin, pe prima pagin\u0103 semnificativ\u0103 dup\u0103 intrarea pe site-ul nostru web.<\/p>\n<p>Linkul nostru de Politic\u0103 de confiden\u021bialitate include cuv\u00e2ntul \u201eConfiden\u021bialitate\u201d \u0219i poate fi g\u0103sit cu u\u0219urin\u021b\u0103 pe pagina specificat\u0103 mai sus.<\/p>\n<p>Vi se va anun\u021ba orice modificare a politicii de confiden\u021bialitate:<\/p>\n<ul>\n<li>Pe pagina noastr\u0103 cu politica de confiden\u021bialitate<\/li>\n<\/ul>\n<p>Po\u021bi schimba informa\u021biile personale:<\/p>\n<ul>\n<li>Prin e-mail<\/li>\n<\/ul>\n<p><strong>Cum se ocup\u0103 site-ul nostru cu semnalele de tip DNT(Do not track)?<\/strong><\/p>\n<p>Onor\u0103m semnalele Do not Track, si nu urmarim, nu plant\u0103m cookie-uri si nu folosim publicitate atunci c\u00e2nd exist\u0103 un mecanism de browser Do Not Track (DNT).<\/p>\n<p><strong>Site-ul nostru permite urm\u0103rirea comportamentului ter\u021bilor?<\/strong><\/p>\n<p>De asemenea, este important s\u0103 re\u021binem c\u0103 permitem urm\u0103rirea comportamentului ter\u021bilor<\/p>\n<p><strong>COPPA (Legea privind protec\u021bia confiden\u021bialit\u0103\u021bii online a copiilor)<\/strong><\/p>\n<p>C\u00e2nd vine vorba de colectarea informa\u021biilor personale de la copii cu v\u00e2rsta sub 13 ani, Legea pentru protec\u021bia confiden\u021bialit\u0103\u021bii online a copiilor (COPPA) \u00eei pune pe p\u0103rin\u021bi la control. Comisia Federal\u0103 a Comer\u021bului, agen\u021bia pentru protec\u021bia consumatorilor din Statele Unite, aplic\u0103 Regula COPPA, care explic\u0103 ce trebuie s\u0103 fac\u0103 operatorii de site-uri web \u0219i servicii online pentru a proteja confiden\u021bialitatea \u0219i siguran\u021ba copiilor online.<\/p>\n<p>Nu comercializ\u0103m \u00een mod special copiii sub v\u00e2rsta de 13 ani.<\/p>\n<p>&nbsp;<\/p>\n<p><strong>Practici corecte de informare<\/strong><\/p>\n<p>Principiile privind practicile corecte de informare constituie coloana vertebral\u0103 a dreptului vie\u021bii private \u00een Statele Unite, iar conceptele pe care le includ au jucat un rol semnificativ \u00een elaborarea legilor privind protec\u021bia datelor de pe glob. \u00cen\u021belegerea principiilor practicii de informare echitabil\u0103 \u0219i modul \u00een care acestea ar trebui puse \u00een aplicare este esen\u021bial pentru a respecta diferitele legi privind confiden\u021bialitatea care protejeaz\u0103 informa\u021biile personale.<\/p>\n<p><strong>Pentru a fi \u00een conformitate cu practicile de informare echitabil\u0103, vom lua urm\u0103toarele m\u0103suri de reac\u021bie, \u00een cazul \u00een care se produce o \u00eenc\u0103lcare a datelor:<\/strong><\/p>\n<p>V\u0103 vom anun\u021ba prin e-mail<\/p>\n<ul>\n<li>\u00cen termen de 7 zile lucr\u0103toare<\/li>\n<\/ul>\n<p>Vom notifica utilizatorii prin notificare la fa\u021ba locului<\/p>\n<ul>\n<li>\u00cen termen de 7 zile lucr\u0103toare<\/li>\n<\/ul>\n<p>De asemenea, suntem de acord cu Principiul de remediere individual\u0103, care impune ca persoanele fizice s\u0103 aib\u0103 dreptul de a urm\u0103ri \u00een mod legal drepturi executorii \u00eempotriva colectoarelor de date \u0219i a procesatorilor care nu respect\u0103 legea. Acest principiu necesit\u0103 nu numai ca persoanele fizice s\u0103 aib\u0103 drepturi executorii \u00eempotriva utilizatorilor de date, dar \u0219i persoanele care apeleaz\u0103 la instan\u021be sau agen\u021bii guvernamentale pentru a investiga \u0219i \/ sau a urm\u0103ri nerespectarea de c\u0103tre procesatorii de date.<\/p>\n<p><strong>Actul CAN SPAM <\/strong><\/p>\n<p>Legea CAN-SPAM este o lege care stabile\u0219te regulile pentru e-mailurile comerciale, stabile\u0219te cerin\u021bele pentru mesajele comerciale, ofer\u0103 destinatarilor dreptul de a opri e-mailurile de la a le fi trimise \u0219i precizeaz\u0103 sanc\u021biuni dure pentru \u00eenc\u0103lc\u0103ri.<\/p>\n<p><strong>Colect\u0103m adresa dvs. de e-mail pentru a:<\/strong><\/p>\n<ul>\n<li>Trimite informa\u021bii, r\u0103spunde la \u00eentreb\u0103ri \u0219i \/ sau alte solicit\u0103ri sau \u00eentreb\u0103ri<\/li>\n<\/ul>\n<p><strong>Pentru a fi \u00een conformitate cu CANSPAM, suntem de acord cu urm\u0103toarele:<\/strong><\/p>\n<ul>\n<li>Nu folosim subiecte sau adrese de e-mail false sau \u00een\u0219el\u0103toare.<\/li>\n<li>Identificam mesajul ca reclam\u0103 \u00eentr-un mod rezonabil.<\/li>\n<li>Includem adresa fizic\u0103 a sediului nostru de afaceri sau a site-ului.<\/li>\n<li>Monitorizam serviciile de marketing prin e-mail ale ter\u021belor p\u0103r\u021bi, dac\u0103 este folosit.<\/li>\n<li>Onoram solicit\u0103rile de renun\u021bare rapid\u0103 \/ dezabonare rapid\u0103.<\/li>\n<li>Permitem utilizatorilor s\u0103 se dezaboneze folosind linkul din partea de jos a fiec\u0103rui e-mail.<\/li>\n<\/ul>\n<p>Dac\u0103 dori\u021bi s\u0103 v\u0103 dezabona\u021bi de la primirea e-mailurilor viitoare, ne pute\u021bi trimite un e-mail<\/p>\n<p>\u0219i v\u0103 vom \u00eendep\u0103rta cu promptitudine de TOAT\u0102 coresponden\u021ba.<\/p>\n<p>Contacta\u021bi-ne<\/p>\n<p>Dac\u0103 exist\u0103 \u00eentreb\u0103ri cu privire la aceast\u0103 politic\u0103 de confiden\u021bialitate, ne pute\u021bi contacta folosind informa\u021biile de mai jos.<\/p>\n<p>e-twow.com<\/p>\n<p>Str. Aviatorilor nr. 48, Parc Industrial Craiova, Dolj, Rom\u00e2nia<\/p>\n<p>Rom\u00e2nia<\/p>\n<p>marketing@e-twow.ro<\/p>\n<p>Ultima modificare pe 2018-06-04<\/p>\n<\/div>\n<\/div>\n<\/div><\/div><\/div><\/div><\/div><\/div><\/div><\/section>\n","protected":false},"excerpt":{"rendered":"Aceast\u0103 politic\u0103 de confiden\u021bialitate a fost \u00eentocmit\u0103 pentru a servi mai bine celor care sunt preocupa\u021bi de modul \u00een care \u201eInforma\u021biile personale de identificare\u201d (PII) sunt folosite online. PII, a\u0219a cum este descris de legea de confiden\u021bialitate a SUA \u0219i securitatea informa\u021biilor, este informa\u021bia care poate fi folosit\u0103 de unul singur sau cu alte informa\u021bii...","protected":false},"author":1,"featured_media":0,"parent":0,"menu_order":0,"comment_status":"closed","ping_status":"closed","template":"","meta":{"ngg_post_thumbnail":0,"footnotes":""},"class_list":["post-8397","page","type-page","status-publish","hentry"],"yoast_head":"<!-- This site is optimized with the Yoast SEO Premium plugin v27.4 (Yoast SEO v27.4) - https:\/\/yoast.com\/product\/yoast-seo-premium-wordpress\/ -->\n<title>Politica de confidentialitate - E-TWOW<\/title>\n<meta name=\"robots\" content=\"index, follow, max-snippet:-1, max-image-preview:large, max-video-preview:-1\" \/>\n<link rel=\"canonical\" href=\"https:\/\/e-twow.com\/privacy-policy\/\" \/>\n<meta property=\"og:locale\" content=\"ro_RO\" \/>\n<meta property=\"og:type\" content=\"article\" \/>\n<meta property=\"og:title\" content=\"Politica de confidentialitate\" \/>\n<meta property=\"og:url\" content=\"https:\/\/e-twow.com\/privacy-policy\/\" \/>\n<meta property=\"og:site_name\" content=\"E-TWOW\" \/>\n<meta property=\"article:modified_time\" content=\"2020-02-12T07:35:36+00:00\" \/>\n<meta name=\"twitter:card\" content=\"summary_large_image\" \/>\n<meta name=\"twitter:label1\" content=\"Timp estimat pentru citire\" \/>\n\t<meta name=\"twitter:data1\" content=\"10 minute\" \/>\n<script type=\"application\/ld+json\" class=\"yoast-schema-graph\">{\"@context\":\"https:\\\/\\\/schema.org\",\"@graph\":[{\"@type\":\"WebPage\",\"@id\":\"https:\\\/\\\/e-twow.com\\\/privacy-policy\\\/\",\"url\":\"https:\\\/\\\/e-twow.com\\\/privacy-policy\\\/\",\"name\":\"Politica de confidentialitate - E-TWOW\",\"isPartOf\":{\"@id\":\"https:\\\/\\\/e-twow.com\\\/#website\"},\"datePublished\":\"2018-06-04T10:01:33+00:00\",\"dateModified\":\"2020-02-12T07:35:36+00:00\",\"breadcrumb\":{\"@id\":\"https:\\\/\\\/e-twow.com\\\/privacy-policy\\\/#breadcrumb\"},\"inLanguage\":\"ro-RO\",\"potentialAction\":[{\"@type\":\"ReadAction\",\"target\":[\"https:\\\/\\\/e-twow.com\\\/privacy-policy\\\/\"]}]},{\"@type\":\"BreadcrumbList\",\"@id\":\"https:\\\/\\\/e-twow.com\\\/privacy-policy\\\/#breadcrumb\",\"itemListElement\":[{\"@type\":\"ListItem\",\"position\":1,\"name\":\"Prima pagin\u0103\",\"item\":\"https:\\\/\\\/e-twow.com\\\/ro\\\/\"},{\"@type\":\"ListItem\",\"position\":2,\"name\":\"Politica de confidentialitate\"}]},{\"@type\":\"WebSite\",\"@id\":\"https:\\\/\\\/e-twow.com\\\/#website\",\"url\":\"https:\\\/\\\/e-twow.com\\\/\",\"name\":\"E-TWOW\",\"description\":\"Portable Scooter\",\"potentialAction\":[{\"@type\":\"SearchAction\",\"target\":{\"@type\":\"EntryPoint\",\"urlTemplate\":\"https:\\\/\\\/e-twow.com\\\/?s={search_term_string}\"},\"query-input\":{\"@type\":\"PropertyValueSpecification\",\"valueRequired\":true,\"valueName\":\"search_term_string\"}}],\"inLanguage\":\"ro-RO\"}]}<\/script>\n<!-- \/ Yoast SEO Premium plugin. -->","yoast_head_json":{"title":"Politica de confidentialitate - E-TWOW","robots":{"index":"index","follow":"follow","max-snippet":"max-snippet:-1","max-image-preview":"max-image-preview:large","max-video-preview":"max-video-preview:-1"},"canonical":"https:\/\/e-twow.com\/privacy-policy\/","og_locale":"ro_RO","og_type":"article","og_title":"Politica de confidentialitate","og_url":"https:\/\/e-twow.com\/privacy-policy\/","og_site_name":"E-TWOW","article_modified_time":"2020-02-12T07:35:36+00:00","twitter_card":"summary_large_image","twitter_misc":{"Timp estimat pentru citire":"10 minute"},"schema":{"@context":"https:\/\/schema.org","@graph":[{"@type":"WebPage","@id":"https:\/\/e-twow.com\/privacy-policy\/","url":"https:\/\/e-twow.com\/privacy-policy\/","name":"Politica de confidentialitate - E-TWOW","isPartOf":{"@id":"https:\/\/e-twow.com\/#website"},"datePublished":"2018-06-04T10:01:33+00:00","dateModified":"2020-02-12T07:35:36+00:00","breadcrumb":{"@id":"https:\/\/e-twow.com\/privacy-policy\/#breadcrumb"},"inLanguage":"ro-RO","potentialAction":[{"@type":"ReadAction","target":["https:\/\/e-twow.com\/privacy-policy\/"]}]},{"@type":"BreadcrumbList","@id":"https:\/\/e-twow.com\/privacy-policy\/#breadcrumb","itemListElement":[{"@type":"ListItem","position":1,"name":"Prima pagin\u0103","item":"https:\/\/e-twow.com\/ro\/"},{"@type":"ListItem","position":2,"name":"Politica de confidentialitate"}]},{"@type":"WebSite","@id":"https:\/\/e-twow.com\/#website","url":"https:\/\/e-twow.com\/","name":"E-TWOW","description":"Portable Scooter","potentialAction":[{"@type":"SearchAction","target":{"@type":"EntryPoint","urlTemplate":"https:\/\/e-twow.com\/?s={search_term_string}"},"query-input":{"@type":"PropertyValueSpecification","valueRequired":true,"valueName":"search_term_string"}}],"inLanguage":"ro-RO"}]}},"_links":{"self":[{"href":"https:\/\/e-twow.com\/ro\/wp-json\/wp\/v2\/pages\/8397","targetHints":{"allow":["GET"]}}],"collection":[{"href":"https:\/\/e-twow.com\/ro\/wp-json\/wp\/v2\/pages"}],"about":[{"href":"https:\/\/e-twow.com\/ro\/wp-json\/wp\/v2\/types\/page"}],"author":[{"embeddable":true,"href":"https:\/\/e-twow.com\/ro\/wp-json\/wp\/v2\/users\/1"}],"replies":[{"embeddable":true,"href":"https:\/\/e-twow.com\/ro\/wp-json\/wp\/v2\/comments?post=8397"}],"version-history":[{"count":2,"href":"https:\/\/e-twow.com\/ro\/wp-json\/wp\/v2\/pages\/8397\/revisions"}],"predecessor-version":[{"id":8399,"href":"https:\/\/e-twow.com\/ro\/wp-json\/wp\/v2\/pages\/8397\/revisions\/8399"}],"wp:attachment":[{"href":"https:\/\/e-twow.com\/ro\/wp-json\/wp\/v2\/media?parent=8397"}],"curies":[{"name":"wp","href":"https:\/\/api.w.org\/{rel}","templated":true}]}}