{"id":8393,"date":"2018-06-04T06:02:50","date_gmt":"2018-06-04T06:02:50","guid":{"rendered":"https:\/\/e-twow.com\/faq\/"},"modified":"2020-02-12T07:32:53","modified_gmt":"2020-02-12T07:32:53","slug":"intrebari-frecvente","status":"publish","type":"page","link":"https:\/\/e-twow.com\/ro\/intrebari-frecvente\/","title":{"rendered":"\u00centreb\u0103ri frecvente"},"content":{"rendered":"<section class=\"l-section wpb_row height_small\"><div class=\"l-section-h i-cf\"><div class=\"g-cols vc_row via_flex valign_top type_default stacking_default\"><div class=\"vc_col-sm-12 wpb_column vc_column_container\"><div class=\"vc_column-inner\"><div class=\"wpb_wrapper\"><div class=\"wpb_text_column\"><div class=\"wpb_wrapper\"><h2 style=\"text-align: center;\">\u00centreb\u0103ri si r\u0103spunsuri<\/h2>\n<h4 style=\"text-align: center;\">Gasiti r\u0103spunsi rapide la orice \u0103ntreb\u0103ri legate de produsele E-TWOW<\/h4>\n<\/div><\/div><\/div><\/div><\/div><\/div><\/div><\/section><section class=\"l-section wpb_row height_small\"><div class=\"l-section-h i-cf\"><div class=\"g-cols vc_row via_flex valign_top type_default stacking_default\"><div class=\"vc_col-sm-12 wpb_column vc_column_container\"><div class=\"vc_column-inner\"><div class=\"wpb_wrapper\"><div class=\"w-tabs style_default switch_click accordion has_scrolling\" style=\"--sections-title-size:inherit\"><div class=\"w-tabs-sections titles-align_none icon_chevron cpos_right\"><div class=\"w-tabs-section\" id=\"g8fd\"><button class=\"w-tabs-section-header\" aria-controls=\"content-g8fd\" aria-expanded=\"false\"><div class=\"w-tabs-section-title\"> Care este consumul de energie al unei trotinete E-TWOW??<\/div><div class=\"w-tabs-section-control\"><\/div><\/button><div  class=\"w-tabs-section-content\" id=\"content-g8fd\"><div class=\"w-tabs-section-content-h i-cf\"><div class=\"wpb_text_column\"><div class=\"wpb_wrapper\"><p><u>Trotineta E-TWOW are un consum de energie de numai<\/u> 6.15W\/km (cu luminile LED pornite).<\/p>\n<\/div><\/div><\/div><\/div><\/div><div class=\"w-tabs-section\" id=\"zb03\"><button class=\"w-tabs-section-header\" aria-controls=\"content-zb03\" aria-expanded=\"false\"><div class=\"w-tabs-section-title\">Care este viteza maxima a trotinetelor E-TWOW?<\/div><div class=\"w-tabs-section-control\"><\/div><\/button><div  class=\"w-tabs-section-content\" id=\"content-zb03\"><div class=\"w-tabs-section-content-h i-cf\"><div class=\"wpb_text_column\"><div class=\"wpb_wrapper\"><p>Trotinetele E-TWOW pot atinge viteze de p\u00e2n\u0103 la 40 km \/ h! Multe \u021b\u0103ri au o legisla\u021bie care impune limitarea vitezei. Trotineta E-TWOW prezint\u0103 o particularitate deosebit\u0103 &#8211; viteza poate fi limitat\u0103 \u00een conformitate cu legisla\u021bia fiec\u0103rei \u021b\u0103ri, astfel \u00eenc\u00e2t, odat\u0103 setat\u0103 o vitez\u0103 maxim\u0103, trotineta nu va dep\u0103\u0219i aceast\u0103 vitez\u0103. Limit\u0103rile presetate ale vitezei sunt de 6 km \/ h, 12 km \/ h, 20 km \/ h \u0219i 25 km \/ h. Aceast\u0103 func\u021bie poate fi activat\u0103 sau dezactivat\u0103 de la unitatea de control central\u0103, \u00een func\u021bie de nevoile utilizatorului.<\/p>\n<\/div><\/div><\/div><\/div><\/div><div class=\"w-tabs-section\" id=\"jd00\"><button class=\"w-tabs-section-header\" aria-controls=\"content-jd00\" aria-expanded=\"false\"><div class=\"w-tabs-section-title\">Care este autonomia trotinetelor E-TWOW?<\/div><div class=\"w-tabs-section-control\"><\/div><\/button><div  class=\"w-tabs-section-content\" id=\"content-jd00\"><div class=\"w-tabs-section-content-h i-cf\"><div class=\"wpb_text_column\"><div class=\"wpb_wrapper\"><p>Autonomia este cuprins\u0103 \u00eentre 30 \u0219i 50 km \/ h (\u00een functie de modelul trotinetei) \u0219i se calculateaz\u0103 la o vitez\u0103 constant\u0103 de 20 km \/ h, cu o sarcin\u0103 sub 75 kg \u0219i cu o vitez\u0103 a v\u00e2ntului sub 10 km \/ h. E-TWOW este prima trotinet\u0103 care a utilizat tehnologia KERS (KINETIC ENERGY RECOVERY SYSTEM) prin sistemul de fr\u00e2nare magnetic, astfel \u00eenc\u00e2t autonomia a putut fi crescut\u0103 cu p\u00e2n\u0103 la 60%. Acest sistem este utilizat \u00een ma\u0219inile de Formula 1 \u0219i este prima dat\u0103 c\u00e2nd o astfel de tehnologie a fost integrat\u0103 \u00eentr-o trotinet\u0103 electric\u0103.<\/p>\n<\/div><\/div><\/div><\/div><\/div><div class=\"w-tabs-section\" id=\"meeb\"><button class=\"w-tabs-section-header\" aria-controls=\"content-meeb\" aria-expanded=\"false\"><div class=\"w-tabs-section-title\">Care este timpul de \u00eenc\u0103rcare?<\/div><div class=\"w-tabs-section-control\"><\/div><\/button><div  class=\"w-tabs-section-content\" id=\"content-meeb\"><div class=\"w-tabs-section-content-h i-cf\"><div class=\"wpb_text_column\"><div class=\"wpb_wrapper\"><p>Timpul de \u00eenc\u0103rcare variaz\u0103 \u00eentre 2 si 4 ore (in functie de modelul trotinetei). C\u00e2nd primi\u021bi trotineta electric\u0103 E-TWOW pentru prima dat\u0103, v\u0103 recomand\u0103m s\u0103 \u00eenc\u0103rca\u021bi complet bateria \u00eenainte de a o utiliza \u0219i s\u0103 o \u00eenc\u0103rca\u021bi o dat\u0103 la trei luni \u00een perioadele \u00een care nu folositi trotineta.<\/p>\n<\/div><\/div><\/div><\/div><\/div><div class=\"w-tabs-section\" id=\"e0cd\"><button class=\"w-tabs-section-header\" aria-controls=\"content-e0cd\" aria-expanded=\"false\"><div class=\"w-tabs-section-title\">Cum este sistemul de fr\u00e2nare?<\/div><div class=\"w-tabs-section-control\"><\/div><\/button><div  class=\"w-tabs-section-content\" id=\"content-e0cd\"><div class=\"w-tabs-section-content-h i-cf\"><div class=\"wpb_text_column\"><div class=\"wpb_wrapper\"><p>Trotineta are un sistem dublu de fr\u00e2nar: folose\u0219te o fr\u00e2n\u0103 magnetic\u0103 (f\u0103r\u0103 nicio frecare), care activeaz\u0103 de asemenea tehnologia KERS \u0219i o fr\u00e2n\u0103 de picior spate care opre\u0219te instantaneu trotineta, ceea ce face c\u0103l\u0103toria dvs. s\u0103 fie foarte lin\u0103, sigur\u0103 \u0219i confortabil\u0103.<\/p>\n<\/div><\/div><\/div><\/div><\/div><div class=\"w-tabs-section\" id=\"e2dc\"><button class=\"w-tabs-section-header\" aria-controls=\"content-e2dc\" aria-expanded=\"false\"><div class=\"w-tabs-section-title\">Cum este sistemul de iluminare E-TWOW?<\/div><div class=\"w-tabs-section-control\"><\/div><\/button><div  class=\"w-tabs-section-content\" id=\"content-e2dc\"><div class=\"w-tabs-section-content-h i-cf\"><div class=\"wpb_text_column\"><div class=\"wpb_wrapper\"><p>Trotineta E-TWOW este echipat\u0103 cu un sistem de iluminare format din 6 lumini LED albe puternice \u0219i un senzor care va porni automat farul atunci c\u00e2nd lumina ambiental\u0103 este insuficient\u0103.<\/p>\n<\/div><\/div><\/div><\/div><\/div><div class=\"w-tabs-section\" id=\"b4bb\"><button class=\"w-tabs-section-header\" aria-controls=\"content-b4bb\" aria-expanded=\"false\"><div class=\"w-tabs-section-title\">Este u\u0219oar\u0103?<\/div><div class=\"w-tabs-section-control\"><\/div><\/button><div  class=\"w-tabs-section-content\" id=\"content-b4bb\"><div class=\"w-tabs-section-content-h i-cf\"><div class=\"wpb_text_column\"><div class=\"wpb_wrapper\"><p>C\u00e2nt\u0103reste doar 10.7Kg, cee ace o face cea mai usoara trotineta din gama ei de specificatii.<\/p>\n<\/div><\/div><\/div><\/div><\/div><div class=\"w-tabs-section\" id=\"c6b5\"><button class=\"w-tabs-section-header\" aria-controls=\"content-c6b5\" aria-expanded=\"false\"><div class=\"w-tabs-section-title\">Poate fi pliat\u0103?<\/div><div class=\"w-tabs-section-control\"><\/div><\/button><div  class=\"w-tabs-section-content\" id=\"content-c6b5\"><div class=\"w-tabs-section-content-h i-cf\"><div class=\"wpb_text_column\"><div class=\"wpb_wrapper\"><p>Trotineta E-TWOW este o trotinet\u0103 electric\u0103 complet pliabil\u0103 (sistem brevetat). Procesul de pliere se face \u00een 3 pa\u0219i simpli \u0219i dureaz\u0103 doar c\u00e2teva secunde. Este reglabil pe \u00een\u0103l\u021bime, are optiune de rabatare a ghidonului \u0219i pliere a corpului principal. Mai mult, are \u0219i un corp de depliere automat\u0103. \u00centreaga instala\u021bie de pliere nu a fost niciodat\u0103 folosit\u0103 p\u00e2n\u0103 acum pentru un astfel de vehicul.<\/p>\n<\/div><\/div><\/div><\/div><\/div><div class=\"w-tabs-section\" id=\"p899\"><button class=\"w-tabs-section-header\" aria-controls=\"content-p899\" aria-expanded=\"false\"><div class=\"w-tabs-section-title\"> Care sunt dimensiunile unei trotinete E-TWOW?<\/div><div class=\"w-tabs-section-control\"><\/div><\/button><div  class=\"w-tabs-section-content\" id=\"content-p899\"><div class=\"w-tabs-section-content-h i-cf\"><div class=\"wpb_text_column\"><div class=\"wpb_wrapper\"><p>Depliat\u0103: 940 x 135 x 1160 mm | Pliat\u0103: 945 x 135 x 300 mm; ceea ce face foarte u\u0219or de transportat \u0219i depozitat (de exemplu, o pute\u021bi depozita sub un birou, \u00eentr-o valiz\u0103 sau \u00eentr-un vestiar) \u0219i este practic neobservat\u0103 la picioarele dvs. sau sub scaunele unui autobuz sau al unui tren.<\/p>\n<\/div><\/div><\/div><\/div><\/div><div class=\"w-tabs-section\" id=\"wadf\"><button class=\"w-tabs-section-header\" aria-controls=\"content-wadf\" aria-expanded=\"false\"><div class=\"w-tabs-section-title\">Trebuie s\u0103 ai abilitati deosebite sa poti folosi trotineta E-TWOW?<\/div><div class=\"w-tabs-section-control\"><\/div><\/button><div  class=\"w-tabs-section-content\" id=\"content-wadf\"><div class=\"w-tabs-section-content-h i-cf\"><div class=\"wpb_text_column\"><div class=\"wpb_wrapper\"><div id=\"questions\" class=\"section mcb-section \">\n<div class=\"section_wrapper mcb-section-inner\">\n<div class=\"wrap mcb-wrap one valign-top clearfix\">\n<div class=\"mcb-wrap-inner\">\n<div class=\"column mcb-column one column_faq \">\n<div class=\"faq\">\n<div class=\"mfn-acc faq_wrapper \">\n<div class=\"question active\">\n<div class=\"answer\">\n<p>Designul trotinetei E-TWOW ofer\u0103 o c\u0103l\u0103torie foarte stabil\u0103 \u0219i u\u0219oar\u0103, chiar \u0219i pentru persoanele care nu au mai folosit niciodat\u0103 o trotinet\u0103.<\/p>\n<\/div>\n<\/div>\n<\/div>\n<\/div>\n<\/div>\n<\/div>\n<\/div>\n<\/div>\n<\/div>\n<\/div><\/div><\/div><\/div><\/div><\/div><\/div><\/div><\/div><\/div><\/div><\/div><\/section>\n","protected":false},"excerpt":{"rendered":"\u00centreb\u0103ri si r\u0103spunsuri Gasiti r\u0103spunsi rapide la orice \u0103ntreb\u0103ri legate de produsele E-TWOW Care este consumul de energie al unei trotinete E-TWOW??Trotineta E-TWOW are un consum de energie de numai 6.15W\/km (cu luminile LED pornite). Care este viteza maxima a trotinetelor E-TWOW?Trotinetele E-TWOW pot atinge viteze de p\u00e2n\u0103 la 40 km \/ h! Multe \u021b\u0103ri...","protected":false},"author":1,"featured_media":0,"parent":0,"menu_order":0,"comment_status":"closed","ping_status":"closed","template":"","meta":{"ngg_post_thumbnail":0,"footnotes":""},"class_list":["post-8393","page","type-page","status-publish","hentry"],"yoast_head":"<!-- This site is optimized with the Yoast SEO Premium plugin v27.2 (Yoast SEO v27.2) - https:\/\/yoast.com\/product\/yoast-seo-premium-wordpress\/ -->\n<title>\u00centreb\u0103ri frecvente - E-TWOW<\/title>\n<meta name=\"robots\" content=\"index, follow, max-snippet:-1, max-image-preview:large, max-video-preview:-1\" \/>\n<link rel=\"canonical\" href=\"https:\/\/e-twow.com\/faq\/\" \/>\n<meta property=\"og:locale\" content=\"ro_RO\" \/>\n<meta property=\"og:type\" content=\"article\" \/>\n<meta property=\"og:title\" content=\"\u00centreb\u0103ri frecvente\" \/>\n<meta property=\"og:url\" content=\"https:\/\/e-twow.com\/faq\/\" \/>\n<meta property=\"og:site_name\" content=\"E-TWOW\" \/>\n<meta property=\"article:modified_time\" content=\"2020-02-12T07:32:53+00:00\" \/>\n<meta name=\"twitter:card\" content=\"summary_large_image\" \/>\n<meta name=\"twitter:label1\" content=\"Timp estimat pentru citire\" \/>\n\t<meta name=\"twitter:data1\" content=\"4 minute\" \/>\n<script type=\"application\/ld+json\" class=\"yoast-schema-graph\">{\"@context\":\"https:\/\/schema.org\",\"@graph\":[{\"@type\":\"WebPage\",\"@id\":\"https:\/\/e-twow.com\/faq\/\",\"url\":\"https:\/\/e-twow.com\/faq\/\",\"name\":\"\u00centreb\u0103ri frecvente - E-TWOW\",\"isPartOf\":{\"@id\":\"https:\/\/e-twow.com\/#website\"},\"datePublished\":\"2018-06-04T06:02:50+00:00\",\"dateModified\":\"2020-02-12T07:32:53+00:00\",\"breadcrumb\":{\"@id\":\"https:\/\/e-twow.com\/faq\/#breadcrumb\"},\"inLanguage\":\"ro-RO\",\"potentialAction\":[{\"@type\":\"ReadAction\",\"target\":[\"https:\/\/e-twow.com\/faq\/\"]}]},{\"@type\":\"BreadcrumbList\",\"@id\":\"https:\/\/e-twow.com\/faq\/#breadcrumb\",\"itemListElement\":[{\"@type\":\"ListItem\",\"position\":1,\"name\":\"Prima pagin\u0103\",\"item\":\"https:\/\/e-twow.com\/ro\/\"},{\"@type\":\"ListItem\",\"position\":2,\"name\":\"\u00centreb\u0103ri frecvente\"}]},{\"@type\":\"WebSite\",\"@id\":\"https:\/\/e-twow.com\/#website\",\"url\":\"https:\/\/e-twow.com\/\",\"name\":\"E-TWOW\",\"description\":\"Portable Scooter\",\"potentialAction\":[{\"@type\":\"SearchAction\",\"target\":{\"@type\":\"EntryPoint\",\"urlTemplate\":\"https:\/\/e-twow.com\/?s={search_term_string}\"},\"query-input\":{\"@type\":\"PropertyValueSpecification\",\"valueRequired\":true,\"valueName\":\"search_term_string\"}}],\"inLanguage\":\"ro-RO\"}]}<\/script>\n<!-- \/ Yoast SEO Premium plugin. -->","yoast_head_json":{"title":"\u00centreb\u0103ri frecvente - E-TWOW","robots":{"index":"index","follow":"follow","max-snippet":"max-snippet:-1","max-image-preview":"max-image-preview:large","max-video-preview":"max-video-preview:-1"},"canonical":"https:\/\/e-twow.com\/faq\/","og_locale":"ro_RO","og_type":"article","og_title":"\u00centreb\u0103ri frecvente","og_url":"https:\/\/e-twow.com\/faq\/","og_site_name":"E-TWOW","article_modified_time":"2020-02-12T07:32:53+00:00","twitter_card":"summary_large_image","twitter_misc":{"Timp estimat pentru citire":"4 minute"},"schema":{"@context":"https:\/\/schema.org","@graph":[{"@type":"WebPage","@id":"https:\/\/e-twow.com\/faq\/","url":"https:\/\/e-twow.com\/faq\/","name":"\u00centreb\u0103ri frecvente - E-TWOW","isPartOf":{"@id":"https:\/\/e-twow.com\/#website"},"datePublished":"2018-06-04T06:02:50+00:00","dateModified":"2020-02-12T07:32:53+00:00","breadcrumb":{"@id":"https:\/\/e-twow.com\/faq\/#breadcrumb"},"inLanguage":"ro-RO","potentialAction":[{"@type":"ReadAction","target":["https:\/\/e-twow.com\/faq\/"]}]},{"@type":"BreadcrumbList","@id":"https:\/\/e-twow.com\/faq\/#breadcrumb","itemListElement":[{"@type":"ListItem","position":1,"name":"Prima pagin\u0103","item":"https:\/\/e-twow.com\/ro\/"},{"@type":"ListItem","position":2,"name":"\u00centreb\u0103ri frecvente"}]},{"@type":"WebSite","@id":"https:\/\/e-twow.com\/#website","url":"https:\/\/e-twow.com\/","name":"E-TWOW","description":"Portable Scooter","potentialAction":[{"@type":"SearchAction","target":{"@type":"EntryPoint","urlTemplate":"https:\/\/e-twow.com\/?s={search_term_string}"},"query-input":{"@type":"PropertyValueSpecification","valueRequired":true,"valueName":"search_term_string"}}],"inLanguage":"ro-RO"}]}},"_links":{"self":[{"href":"https:\/\/e-twow.com\/ro\/wp-json\/wp\/v2\/pages\/8393","targetHints":{"allow":["GET"]}}],"collection":[{"href":"https:\/\/e-twow.com\/ro\/wp-json\/wp\/v2\/pages"}],"about":[{"href":"https:\/\/e-twow.com\/ro\/wp-json\/wp\/v2\/types\/page"}],"author":[{"embeddable":true,"href":"https:\/\/e-twow.com\/ro\/wp-json\/wp\/v2\/users\/1"}],"replies":[{"embeddable":true,"href":"https:\/\/e-twow.com\/ro\/wp-json\/wp\/v2\/comments?post=8393"}],"version-history":[{"count":2,"href":"https:\/\/e-twow.com\/ro\/wp-json\/wp\/v2\/pages\/8393\/revisions"}],"predecessor-version":[{"id":8395,"href":"https:\/\/e-twow.com\/ro\/wp-json\/wp\/v2\/pages\/8393\/revisions\/8395"}],"wp:attachment":[{"href":"https:\/\/e-twow.com\/ro\/wp-json\/wp\/v2\/media?parent=8393"}],"curies":[{"name":"wp","href":"https:\/\/api.w.org\/{rel}","templated":true}]}}