{"id":8347,"date":"2018-06-04T10:09:28","date_gmt":"2018-06-04T10:09:28","guid":{"rendered":"https:\/\/e-twow.com\/cookies\/"},"modified":"2020-02-10T10:09:36","modified_gmt":"2020-02-10T10:09:36","slug":"politica-de-utilizare-a-cookie-urilor","status":"publish","type":"page","link":"https:\/\/e-twow.com\/ro\/politica-de-utilizare-a-cookie-urilor\/","title":{"rendered":"Politica de utilizare a cookie-urilor"},"content":{"rendered":"<section class=\"l-section wpb_row height_small\"><div class=\"l-section-h i-cf\"><div class=\"g-cols vc_row via_flex valign_top type_default stacking_default\"><div class=\"vc_col-sm-12 wpb_column vc_column_container\"><div class=\"vc_column-inner\"><div class=\"wpb_wrapper\"><div class=\"wpb_text_column\"><div class=\"wpb_wrapper\"><p><strong>Ce sunt cookie-urile<\/strong><\/p>\n<p>A\u0219a cum este practica obi\u0219nuit\u0103 cu aproape toate site-urile web profesionale, acest site folose\u0219te cookie-uri, care sunt fi\u0219iere minuscule desc\u0103rcate pe computer, pentru a v\u0103 \u00eembun\u0103t\u0103\u021bi experien\u021ba. Aceast\u0103 pagin\u0103 descrie ce informa\u021bii adun\u0103m, modul \u00een care le folosim \u0219i de ce uneori avem nevoie s\u0103 stoc\u0103m aceste cookie-uri. Vom \u00eemp\u0103rt\u0103\u0219i, de asemenea, modul \u00een care pute\u021bi \u00eempiedica stocarea acestor cookie-uri, \u00eens\u0103 acest lucru poate declasa sau \u00eentrerupe anumite elemente ale func\u021bionalit\u0103\u021bii site-urilor.<\/p>\n<p>Pentru mai multe informa\u021bii generale despre cookie-uri cititi articolul din Wikipedia despre Cookie-uri HTTP.<\/p>\n<p><strong>Cum folosim cookie-urile<\/strong><\/p>\n<p>Utiliz\u0103m cookie-uri pentru o varietate de motive detaliate mai jos. Din p\u0103cate, \u00een majoritatea cazurilor, nu exist\u0103 op\u021biuni standard ale industriei pentru dezactivarea cookie-urilor f\u0103r\u0103 a dezactiva complet func\u021bionalit\u0103\u021bile \u0219i func\u021biile pe care le adaug\u0103 pe acest site. Este recomandat s\u0103 l\u0103sa\u021bi active cookie-urile dac\u0103 nu sunte\u021bi sigur dac\u0103 ave\u021bi nevoie sau nu de ele \u00een cazul \u00een care sunt utilizate pentru a furniza un serviciu pe care \u00eel utiliza\u021bi.<\/p>\n<p><strong>Dezactivarea cookie-urilor<\/strong><\/p>\n<p>Pute\u021bi preveni setarea cookie-urilor prin ajustarea set\u0103rilor din browserul dvs. (consulta\u021bi Ajutorul browserului pentru a face acest lucru). Re\u021bine\u021bi c\u0103 dezactivarea cookie-urilor va afecta func\u021bionalitatea acestui site \u0219i a multor altor site-uri web pe care le accesa\u021bi. Dezactivarea cookie-urilor va duce de obicei la dezactivarea anumitor func\u021bionalit\u0103\u021bi \u0219i caracteristici ale acestui site. Prin urmare, se recomand\u0103 s\u0103 nu dezactiva\u021bi cookie-urile.<\/p>\n<p><strong>Cookie-urile pe care le folosim<\/strong><\/p>\n<ul>\n<li>Cookies pentru newsletter prin email \u2013 Acest site ofer\u0103 servicii de abonare la newsletter sau e-mail, iar cookie-urile pot fi utilizate pentru a v\u0103 aminti dac\u0103 sunte\u021bi deja \u00eenregistrat \u0219i dac\u0103 dori\u021bi s\u0103 afi\u0219a\u021bi anumite notific\u0103ri care ar putea fi valabile doar pentru utilizatorii abona\u021bi \/ neabona\u021bi.<\/li>\n<li>Cookie-uri legate de formulare &#8211; C\u00e2nd trimite\u021bi date printr-un formular, cum ar fi cele g\u0103site \u00een paginile de contact sau formularele de comentarii, cookie-urile pot fi setate s\u0103-\u0219i aminteasc\u0103 detaliile utilizatorului pentru coresponden\u021ba viitoare.<\/li>\n<li>Cookie-urile preferin\u021belor site-ului &#8211; Pentru a v\u0103 oferi o experien\u021b\u0103 excelent\u0103 pe acest site, v\u0103 oferim op\u021biunea de a v\u0103 seta preferin\u021bele pentru modul \u00een care acest site ruleaz\u0103 atunci c\u00e2nd \u00eel utiliza\u021bi. Pentru a v\u0103 aminti preferin\u021bele dvs. trebuie s\u0103 set\u0103m cookie-uri, astfel \u00eenc\u00e2t aceste informa\u021bii s\u0103 poat\u0103 fi solicitate oric\u00e2nd interac\u021biona\u021bi cu o pagin\u0103 care este afectat\u0103 de preferin\u021bele dvs.<\/li>\n<\/ul>\n<p><strong>Cookie-uri ter\u021be<\/strong><\/p>\n<p>\u00cen unele cazuri speciale folosim \u0219i cookie-uri furnizate de ter\u021bi de \u00eencredere. Urm\u0103toarea sec\u021biune detaliaz\u0103 cookie-urile de la ter\u021bi pe care le pute\u021bi \u00eent\u00e2lni prin intermediul acestui site.<\/p>\n<ul>\n<li>Acest site folose\u0219te Google Analytics, care este una dintre cele mai r\u0103sp\u00e2ndite \u0219i de \u00eencredere solu\u021bii de analiz\u0103 de pe web pentru a ne ajuta s\u0103 \u00een\u021belegem cum utiliza\u021bi site-ul \u0219i modalit\u0103\u021bile prin care v\u0103 putem \u00eembun\u0103t\u0103\u021bi experien\u021ba. Aceste cookie-uri pot urm\u0103ri lucruri precum timpul petrecut pe site \u0219i paginile pe care le vizita\u021bi, astfel \u00eenc\u00e2t s\u0103 putem continua s\u0103 producem con\u021binut atractiv.<\/li>\n<\/ul>\n<p>&nbsp;<\/p>\n<p>Pentru mai multe informa\u021bii despre cookie-urile Google Analytics, consulta\u021bi pagina oficial\u0103 Google Analytics.<\/p>\n<ul>\n<li>De asemenea, folosim butoane \u0219i \/ sau pluginuri de social media pe acest site care v\u0103 permit s\u0103 v\u0103 conecta\u021bi la re\u021beaua de socializare \u00een diverse moduri. Pentru ca acestea s\u0103 func\u021bioneze urm\u0103toarele site-uri de social media, inclusiv; {Facebook, Instagram}, vor seta cookie-uri prin intermediul site-ului nostru, care pot fi utilizate pentru \u00eembun\u0103t\u0103\u021birea profilului dvs. pe site-ul lor sau pentru a contribui la datele pe care le de\u021bin pentru diverse scopuri prezentate \u00een confiden\u021bialitatea respectiv\u0103. politici.<\/li>\n<\/ul>\n<p><strong>More Information<\/strong><\/p>\n<p><strong>Mai multe informatii<\/strong><\/p>\n<p>Sper\u0103m c\u0103 asta a clarificat lucrurile pentru dvs. \u0219i a\u0219a cum a fost men\u021bionat anterior dac\u0103 exist\u0103 ceva care nu sunte\u021bi sigur dac\u0103 ave\u021bi nevoie sau nu, este de obicei mai sigur s\u0103 l\u0103sa\u021bi cookie-urile activate \u00een cazul \u00een care interac\u021bioneaz\u0103 cu una dintre func\u021biile pe care le utiliza\u021bi pe site-ul nostru. Aceast\u0103 Politic\u0103 privind cookie-urile a fost creat\u0103 cu ajutorul Generatorului <a href=\"https:\/\/cookiepolicygenerator.com\/\">CookiePolicyGenerator.com<\/a><\/p>\n<p>Cu toate acestea, dac\u0103 \u00een continuare ave\u021bi nevoie de mai multe informa\u021bii, ne pute\u021bi contacta prin una dintre metodele noastre de contact preferate:<\/p>\n<ul>\n<li>Email: marketing@e-twow.ro<\/li>\n<\/ul>\n<\/div><\/div><\/div><\/div><\/div><\/div><\/div><\/section>\n","protected":false},"excerpt":{"rendered":"Ce sunt cookie-urile A\u0219a cum este practica obi\u0219nuit\u0103 cu aproape toate site-urile web profesionale, acest site folose\u0219te cookie-uri, care sunt fi\u0219iere minuscule desc\u0103rcate pe computer, pentru a v\u0103 \u00eembun\u0103t\u0103\u021bi experien\u021ba. Aceast\u0103 pagin\u0103 descrie ce informa\u021bii adun\u0103m, modul \u00een care le folosim \u0219i de ce uneori avem nevoie s\u0103 stoc\u0103m aceste cookie-uri. Vom \u00eemp\u0103rt\u0103\u0219i, de asemenea,...","protected":false},"author":1,"featured_media":0,"parent":0,"menu_order":0,"comment_status":"closed","ping_status":"closed","template":"","meta":{"ngg_post_thumbnail":0,"footnotes":""},"class_list":["post-8347","page","type-page","status-publish","hentry"],"yoast_head":"<!-- This site is optimized with the Yoast SEO Premium plugin v27.4 (Yoast SEO v27.4) - https:\/\/yoast.com\/product\/yoast-seo-premium-wordpress\/ -->\n<title>Politica de utilizare a cookie-urilor - E-TWOW<\/title>\n<meta name=\"robots\" content=\"index, follow, max-snippet:-1, max-image-preview:large, max-video-preview:-1\" \/>\n<link rel=\"canonical\" href=\"https:\/\/e-twow.com\/cookies\/\" \/>\n<meta property=\"og:locale\" content=\"ro_RO\" \/>\n<meta property=\"og:type\" content=\"article\" \/>\n<meta property=\"og:title\" content=\"Politica de utilizare a cookie-urilor\" \/>\n<meta property=\"og:url\" content=\"https:\/\/e-twow.com\/cookies\/\" \/>\n<meta property=\"og:site_name\" content=\"E-TWOW\" \/>\n<meta property=\"article:modified_time\" content=\"2020-02-10T10:09:36+00:00\" \/>\n<meta name=\"twitter:card\" content=\"summary_large_image\" \/>\n<meta name=\"twitter:label1\" content=\"Timp estimat pentru citire\" \/>\n\t<meta name=\"twitter:data1\" content=\"4 minute\" \/>\n<script type=\"application\/ld+json\" class=\"yoast-schema-graph\">{\"@context\":\"https:\\\/\\\/schema.org\",\"@graph\":[{\"@type\":\"WebPage\",\"@id\":\"https:\\\/\\\/e-twow.com\\\/cookies\\\/\",\"url\":\"https:\\\/\\\/e-twow.com\\\/cookies\\\/\",\"name\":\"Politica de utilizare a cookie-urilor - E-TWOW\",\"isPartOf\":{\"@id\":\"https:\\\/\\\/e-twow.com\\\/#website\"},\"datePublished\":\"2018-06-04T10:09:28+00:00\",\"dateModified\":\"2020-02-10T10:09:36+00:00\",\"breadcrumb\":{\"@id\":\"https:\\\/\\\/e-twow.com\\\/cookies\\\/#breadcrumb\"},\"inLanguage\":\"ro-RO\",\"potentialAction\":[{\"@type\":\"ReadAction\",\"target\":[\"https:\\\/\\\/e-twow.com\\\/cookies\\\/\"]}]},{\"@type\":\"BreadcrumbList\",\"@id\":\"https:\\\/\\\/e-twow.com\\\/cookies\\\/#breadcrumb\",\"itemListElement\":[{\"@type\":\"ListItem\",\"position\":1,\"name\":\"Prima pagin\u0103\",\"item\":\"https:\\\/\\\/e-twow.com\\\/ro\\\/\"},{\"@type\":\"ListItem\",\"position\":2,\"name\":\"Politica de utilizare a cookie-urilor\"}]},{\"@type\":\"WebSite\",\"@id\":\"https:\\\/\\\/e-twow.com\\\/#website\",\"url\":\"https:\\\/\\\/e-twow.com\\\/\",\"name\":\"E-TWOW\",\"description\":\"Portable Scooter\",\"potentialAction\":[{\"@type\":\"SearchAction\",\"target\":{\"@type\":\"EntryPoint\",\"urlTemplate\":\"https:\\\/\\\/e-twow.com\\\/?s={search_term_string}\"},\"query-input\":{\"@type\":\"PropertyValueSpecification\",\"valueRequired\":true,\"valueName\":\"search_term_string\"}}],\"inLanguage\":\"ro-RO\"}]}<\/script>\n<!-- \/ Yoast SEO Premium plugin. -->","yoast_head_json":{"title":"Politica de utilizare a cookie-urilor - E-TWOW","robots":{"index":"index","follow":"follow","max-snippet":"max-snippet:-1","max-image-preview":"max-image-preview:large","max-video-preview":"max-video-preview:-1"},"canonical":"https:\/\/e-twow.com\/cookies\/","og_locale":"ro_RO","og_type":"article","og_title":"Politica de utilizare a cookie-urilor","og_url":"https:\/\/e-twow.com\/cookies\/","og_site_name":"E-TWOW","article_modified_time":"2020-02-10T10:09:36+00:00","twitter_card":"summary_large_image","twitter_misc":{"Timp estimat pentru citire":"4 minute"},"schema":{"@context":"https:\/\/schema.org","@graph":[{"@type":"WebPage","@id":"https:\/\/e-twow.com\/cookies\/","url":"https:\/\/e-twow.com\/cookies\/","name":"Politica de utilizare a cookie-urilor - E-TWOW","isPartOf":{"@id":"https:\/\/e-twow.com\/#website"},"datePublished":"2018-06-04T10:09:28+00:00","dateModified":"2020-02-10T10:09:36+00:00","breadcrumb":{"@id":"https:\/\/e-twow.com\/cookies\/#breadcrumb"},"inLanguage":"ro-RO","potentialAction":[{"@type":"ReadAction","target":["https:\/\/e-twow.com\/cookies\/"]}]},{"@type":"BreadcrumbList","@id":"https:\/\/e-twow.com\/cookies\/#breadcrumb","itemListElement":[{"@type":"ListItem","position":1,"name":"Prima pagin\u0103","item":"https:\/\/e-twow.com\/ro\/"},{"@type":"ListItem","position":2,"name":"Politica de utilizare a cookie-urilor"}]},{"@type":"WebSite","@id":"https:\/\/e-twow.com\/#website","url":"https:\/\/e-twow.com\/","name":"E-TWOW","description":"Portable Scooter","potentialAction":[{"@type":"SearchAction","target":{"@type":"EntryPoint","urlTemplate":"https:\/\/e-twow.com\/?s={search_term_string}"},"query-input":{"@type":"PropertyValueSpecification","valueRequired":true,"valueName":"search_term_string"}}],"inLanguage":"ro-RO"}]}},"_links":{"self":[{"href":"https:\/\/e-twow.com\/ro\/wp-json\/wp\/v2\/pages\/8347","targetHints":{"allow":["GET"]}}],"collection":[{"href":"https:\/\/e-twow.com\/ro\/wp-json\/wp\/v2\/pages"}],"about":[{"href":"https:\/\/e-twow.com\/ro\/wp-json\/wp\/v2\/types\/page"}],"author":[{"embeddable":true,"href":"https:\/\/e-twow.com\/ro\/wp-json\/wp\/v2\/users\/1"}],"replies":[{"embeddable":true,"href":"https:\/\/e-twow.com\/ro\/wp-json\/wp\/v2\/comments?post=8347"}],"version-history":[{"count":1,"href":"https:\/\/e-twow.com\/ro\/wp-json\/wp\/v2\/pages\/8347\/revisions"}],"predecessor-version":[{"id":8348,"href":"https:\/\/e-twow.com\/ro\/wp-json\/wp\/v2\/pages\/8347\/revisions\/8348"}],"wp:attachment":[{"href":"https:\/\/e-twow.com\/ro\/wp-json\/wp\/v2\/media?parent=8347"}],"curies":[{"name":"wp","href":"https:\/\/api.w.org\/{rel}","templated":true}]}}