{"id":8323,"date":"2018-01-31T14:36:41","date_gmt":"2018-01-31T14:36:41","guid":{"rendered":"https:\/\/e-twow.com\/awards\/"},"modified":"2020-02-10T09:40:05","modified_gmt":"2020-02-10T09:40:05","slug":"premii-si-realizari","status":"publish","type":"page","link":"https:\/\/e-twow.com\/ro\/premii-si-realizari\/","title":{"rendered":"Premii \u0219i realiz\u0103ri"},"content":{"rendered":"<section class=\"l-section wpb_row height_small\"><div class=\"l-section-h i-cf\"><div class=\"g-cols vc_row via_flex valign_top type_default stacking_default\"><div class=\"vc_col-sm-12 wpb_column vc_column_container\"><div class=\"vc_column-inner\"><div class=\"wpb_wrapper\"><div class=\"w-image align_center\"><div class=\"w-image-h\"><img decoding=\"async\" width=\"332\" height=\"450\" data-src=\"https:\/\/e-twow.com\/wp-content\/uploads\/2019\/01\/geneva-gold-medal.jpg\" class=\"attachment-large size-large lazyload\" alt=\"\" data-srcset=\"https:\/\/e-twow.com\/wp-content\/uploads\/2019\/01\/geneva-gold-medal.jpg 332w, https:\/\/e-twow.com\/wp-content\/uploads\/2019\/01\/geneva-gold-medal-221x300.jpg 221w\" data-sizes=\"auto, (max-width: 332px) 100vw, 332px\" src=\"data:image\/svg+xml;base64,PHN2ZyB3aWR0aD0iMSIgaGVpZ2h0PSIxIiB4bWxucz0iaHR0cDovL3d3dy53My5vcmcvMjAwMC9zdmciPjwvc3ZnPg==\" style=\"--smush-placeholder-width: 332px; --smush-placeholder-aspect-ratio: 332\/450;\" \/><\/div><\/div><\/div><\/div><\/div><\/div><\/div><\/section><section class=\"l-section wpb_row height_small\"><div class=\"l-section-h i-cf\"><div class=\"g-cols vc_row via_flex valign_top type_default stacking_default\"><div class=\"vc_col-sm-12 wpb_column vc_column_container\"><div class=\"vc_column-inner\"><div class=\"wpb_wrapper\"><div class=\"wpb_text_column\"><div class=\"wpb_wrapper\"><p>Inova\u021bia este una dintre principalele valori pe care a fost construit brandul E-TWOW. Scopul nostru nu a fost niciodat\u0103 s\u0103 cre\u0103m un produs static \u0219i perfect, ci s\u0103 inov\u0103m \u0219i s\u0103 \u00eembun\u0103t\u0103\u021bim constant produsele noastre. Aceast\u0103 dorin\u021b\u0103 de inova\u021bie ne-a determinat s\u0103 integr\u0103m tehnologii de ultim\u0103 or\u0103 \u00een trotinetele noastre, ceea ce ne-a ajutat s\u0103 \u00eenregistr\u0103m recorduri \u0219i s\u0103 deschidem calea c\u0103tre o nou\u0103 er\u0103 a mobilit\u0103\u021bii urbane. Iat\u0103 doar c\u00e2teva dintre numeroasele realiz\u0103ri pe care le-am f\u0103cut de-a lungul anilor.<\/p>\n<ul>\n<li>Am fost prima companie din lume care a folosit o roat\u0103 fa\u021b\u0103 pentru o troinet\u0103 electric\u0103.<\/li>\n<li>Am fost prima companie din lume care a implementat un sistem de recuperare a energiei cinetice \u0219i o fr\u00e2n\u0103 electromagnetic\u0103 pentru o trotinet\u0103 electric\u0103. \u00cenainte de inventarea trotinetei nostru, tehnologia KERS era folosit\u0103 doar la autovehiculele de Formula 1.<\/li>\n<li>Am fost prima companie care a folosit un bloc de comunicare unic care combin\u0103 accelera\u021bia \u0219i sistemul de fr\u00e2nare, afi\u0219\u00e2nd \u00een acela\u0219i timp informa\u021bii valoroase precum temperatura mediului, procentul bateriei, luminile senzorului \u0219i multe altele.<\/li>\n<li>De\u021binem recordul pentru cel mai mic consum de energie pentru un vehicul electric produs \u00een mas\u0103 care poate transporta o \u00eenc\u0103rcare de 75 kg &#8211; doar 6,15 W \/ h<\/li>\n<li>\u00cen 2013, am produs cea mai u\u0219oar\u0103 trotinet\u0103 electric\u0103 produs\u0103 \u00een mas\u0103 (cu doar 9,8 kg)<\/li>\n<li>Detinem peste 50 de brevete si inventii legate de trotineta electric\u0103 E-TWOW.<\/li>\n<\/ul>\n<p>Fabrica noastr\u0103 din China se ocup\u0103 de producerea trotinetelor electrice, folosind utilaje \u0219i tehnologii de ultim\u0103 or\u0103. De asemenea, avem un centru de afaceri \u00een Rom\u00e2nia, care reprezint\u0103 Centrul european de logistic\u0103, servicii \u0219i v\u00e2nz\u0103ri.<\/p>\n<p>Dup\u0103 ce am ob\u021binut o pozi\u021bie de lider \u00een industria trotinetelor electrice, am \u00eenceput s\u0103 lucr\u0103m la dezvoltarea celui mai eficient sistem de \u00eenchiriere a trotinetei. Avem dou\u0103 centre de cercetare \u0219i dezvoltare (unul \u00een China \u0219i unul \u00een Europa) care dezvolt\u0103 at\u00e2t software c\u00e2t \u0219i hardware pentru sistemul de \u00eenchiriere a trotinetei. Folosind cele mai avansate tehnologii, dezvolt\u0103m baterii inteligente cu capacit\u0103\u021bi de \u00eenc\u0103rcare wireless, aplica\u021bii IOT \u0219i GPS, precum \u0219i aplica\u021bii Android \u0219i iOS.<\/p>\n<p>Centrul de cercetare \u0219i dezvoltare din Europa este, de asemenea, responsabil cu dezvoltarea sta\u021biilor de \u00eenc\u0103rcare EV cu pentru uz privat si public.<\/p>\n<\/div><\/div><div class=\"w-grid us_grid type_masonry layout_gallery_default cols_4 preload_style_spinner with_isotope\" id=\"us_grid_1\" style=\"--columns:4;\" data-filterable=\"true\"><style>@media (max-width:479px){#us_grid_1{--columns:2!important}}.layout_gallery_default .w-grid-item-h{}<\/style><div class=\"w-grid-list\">\t<article class=\"w-grid-item size_1x1 post-8336 attachment type-attachment status-inherit hentry\" data-id=\"8336\">\r\n\t\t<div class=\"w-grid-item-h\">\r\n\t\t\t\t\t\t\t<a ref=\"magnificPopupGrid\" href=\"https:\/\/e-twow.com\/wp-content\/uploads\/2019\/01\/awards.jpg\" class=\"w-grid-item-anchor\" aria-label=\"Geneva\"><\/a>\r\n\t\t\t\t\t\t<div class=\"w-post-elm post_image usg_post_image_1 stretched\"><img decoding=\"async\" width=\"350\" height=\"350\" data-src=\"https:\/\/e-twow.com\/wp-content\/uploads\/2019\/01\/awards-350x350.jpg\" class=\"attachment-us_350_350_crop size-us_350_350_crop lazyload\" alt=\"\" data-srcset=\"https:\/\/e-twow.com\/wp-content\/uploads\/2019\/01\/awards-350x350.jpg 350w, https:\/\/e-twow.com\/wp-content\/uploads\/2019\/01\/awards-150x150.jpg 150w, https:\/\/e-twow.com\/wp-content\/uploads\/2019\/01\/awards-600x600.jpg 600w\" data-sizes=\"(max-width: 350px) 100vw, 350px\" src=\"data:image\/svg+xml;base64,PHN2ZyB3aWR0aD0iMSIgaGVpZ2h0PSIxIiB4bWxucz0iaHR0cDovL3d3dy53My5vcmcvMjAwMC9zdmciPjwvc3ZnPg==\" style=\"--smush-placeholder-width: 350px; --smush-placeholder-aspect-ratio: 350\/350;\" \/><\/div>\t\t<\/div>\r\n\t\t\t<\/article>\r\n\t<article class=\"w-grid-item size_1x1 post-8324 attachment type-attachment status-inherit hentry\" data-id=\"8324\">\r\n\t\t<div class=\"w-grid-item-h\">\r\n\t\t\t\t\t\t\t<a ref=\"magnificPopupGrid\" href=\"https:\/\/e-twow.com\/wp-content\/uploads\/2018\/01\/1.jpg\" class=\"w-grid-item-anchor\" aria-label=\"1\"><\/a>\r\n\t\t\t\t\t\t<div class=\"w-post-elm post_image usg_post_image_1 stretched\"><img decoding=\"async\" width=\"350\" height=\"350\" data-src=\"https:\/\/e-twow.com\/wp-content\/uploads\/2018\/01\/1-350x350.jpg\" class=\"attachment-us_350_350_crop size-us_350_350_crop lazyload\" alt=\"\" data-srcset=\"https:\/\/e-twow.com\/wp-content\/uploads\/2018\/01\/1-350x350.jpg 350w, https:\/\/e-twow.com\/wp-content\/uploads\/2018\/01\/1-150x150.jpg 150w, https:\/\/e-twow.com\/wp-content\/uploads\/2018\/01\/1-600x600.jpg 600w, https:\/\/e-twow.com\/wp-content\/uploads\/2018\/01\/1-300x300.jpg 300w\" data-sizes=\"(max-width: 350px) 100vw, 350px\" src=\"data:image\/svg+xml;base64,PHN2ZyB3aWR0aD0iMSIgaGVpZ2h0PSIxIiB4bWxucz0iaHR0cDovL3d3dy53My5vcmcvMjAwMC9zdmciPjwvc3ZnPg==\" style=\"--smush-placeholder-width: 350px; --smush-placeholder-aspect-ratio: 350\/350;\" \/><\/div>\t\t<\/div>\r\n\t\t\t<\/article>\r\n\t<article class=\"w-grid-item size_1x1 post-8326 attachment type-attachment status-inherit hentry\" data-id=\"8326\">\r\n\t\t<div class=\"w-grid-item-h\">\r\n\t\t\t\t\t\t\t<a ref=\"magnificPopupGrid\" href=\"https:\/\/e-twow.com\/wp-content\/uploads\/2018\/01\/8.jpg\" class=\"w-grid-item-anchor\" aria-label=\"8\"><\/a>\r\n\t\t\t\t\t\t<div class=\"w-post-elm post_image usg_post_image_1 stretched\"><img decoding=\"async\" width=\"350\" height=\"350\" data-src=\"https:\/\/e-twow.com\/wp-content\/uploads\/2018\/01\/8-350x350.jpg\" class=\"attachment-us_350_350_crop size-us_350_350_crop lazyload\" alt=\"\" data-srcset=\"https:\/\/e-twow.com\/wp-content\/uploads\/2018\/01\/8-350x350.jpg 350w, https:\/\/e-twow.com\/wp-content\/uploads\/2018\/01\/8-150x150.jpg 150w, https:\/\/e-twow.com\/wp-content\/uploads\/2018\/01\/8-600x600.jpg 600w, https:\/\/e-twow.com\/wp-content\/uploads\/2018\/01\/8-300x300.jpg 300w\" data-sizes=\"(max-width: 350px) 100vw, 350px\" src=\"data:image\/svg+xml;base64,PHN2ZyB3aWR0aD0iMSIgaGVpZ2h0PSIxIiB4bWxucz0iaHR0cDovL3d3dy53My5vcmcvMjAwMC9zdmciPjwvc3ZnPg==\" style=\"--smush-placeholder-width: 350px; --smush-placeholder-aspect-ratio: 350\/350;\" \/><\/div>\t\t<\/div>\r\n\t\t\t<\/article>\r\n\t<article class=\"w-grid-item size_1x1 post-8327 attachment type-attachment status-inherit hentry\" data-id=\"8327\">\r\n\t\t<div class=\"w-grid-item-h\">\r\n\t\t\t\t\t\t\t<a ref=\"magnificPopupGrid\" href=\"https:\/\/e-twow.com\/wp-content\/uploads\/2018\/01\/10.jpg\" class=\"w-grid-item-anchor\" aria-label=\"10\"><\/a>\r\n\t\t\t\t\t\t<div class=\"w-post-elm post_image usg_post_image_1 stretched\"><img decoding=\"async\" width=\"350\" height=\"350\" data-src=\"https:\/\/e-twow.com\/wp-content\/uploads\/2018\/01\/10-350x350.jpg\" class=\"attachment-us_350_350_crop size-us_350_350_crop lazyload\" alt=\"\" data-srcset=\"https:\/\/e-twow.com\/wp-content\/uploads\/2018\/01\/10-350x350.jpg 350w, https:\/\/e-twow.com\/wp-content\/uploads\/2018\/01\/10-150x150.jpg 150w, https:\/\/e-twow.com\/wp-content\/uploads\/2018\/01\/10-600x600.jpg 600w, https:\/\/e-twow.com\/wp-content\/uploads\/2018\/01\/10-300x300.jpg 300w\" data-sizes=\"(max-width: 350px) 100vw, 350px\" src=\"data:image\/svg+xml;base64,PHN2ZyB3aWR0aD0iMSIgaGVpZ2h0PSIxIiB4bWxucz0iaHR0cDovL3d3dy53My5vcmcvMjAwMC9zdmciPjwvc3ZnPg==\" style=\"--smush-placeholder-width: 350px; --smush-placeholder-aspect-ratio: 350\/350;\" \/><\/div>\t\t<\/div>\r\n\t\t\t<\/article>\r\n\t<article class=\"w-grid-item size_1x1 post-8328 attachment type-attachment status-inherit hentry\" data-id=\"8328\">\r\n\t\t<div class=\"w-grid-item-h\">\r\n\t\t\t\t\t\t\t<a ref=\"magnificPopupGrid\" href=\"https:\/\/e-twow.com\/wp-content\/uploads\/2018\/01\/awards-3.jpg\" class=\"w-grid-item-anchor\" aria-label=\"awards-3\"><\/a>\r\n\t\t\t\t\t\t<div class=\"w-post-elm post_image usg_post_image_1 stretched\"><img decoding=\"async\" width=\"319\" height=\"350\" data-src=\"https:\/\/e-twow.com\/wp-content\/uploads\/2018\/01\/awards-3-319x350.jpg\" class=\"attachment-us_350_350_crop size-us_350_350_crop lazyload\" alt=\"\" src=\"data:image\/svg+xml;base64,PHN2ZyB3aWR0aD0iMSIgaGVpZ2h0PSIxIiB4bWxucz0iaHR0cDovL3d3dy53My5vcmcvMjAwMC9zdmciPjwvc3ZnPg==\" style=\"--smush-placeholder-width: 319px; --smush-placeholder-aspect-ratio: 319\/350;\" \/><\/div>\t\t<\/div>\r\n\t\t\t<\/article>\r\n\t<article class=\"w-grid-item size_1x1 post-8330 attachment type-attachment status-inherit hentry\" data-id=\"8330\">\r\n\t\t<div class=\"w-grid-item-h\">\r\n\t\t\t\t\t\t\t<a ref=\"magnificPopupGrid\" href=\"https:\/\/e-twow.com\/wp-content\/uploads\/2018\/01\/awards-7.jpg\" class=\"w-grid-item-anchor\" aria-label=\"awards-7 aei\"><\/a>\r\n\t\t\t\t\t\t<div class=\"w-post-elm post_image usg_post_image_1 stretched\"><img decoding=\"async\" width=\"350\" height=\"350\" data-src=\"https:\/\/e-twow.com\/wp-content\/uploads\/2018\/01\/awards-7-350x350.jpg\" class=\"attachment-us_350_350_crop size-us_350_350_crop lazyload\" alt=\"\" data-srcset=\"https:\/\/e-twow.com\/wp-content\/uploads\/2018\/01\/awards-7-350x350.jpg 350w, https:\/\/e-twow.com\/wp-content\/uploads\/2018\/01\/awards-7-150x150.jpg 150w, https:\/\/e-twow.com\/wp-content\/uploads\/2018\/01\/awards-7-300x300.jpg 300w\" data-sizes=\"(max-width: 350px) 100vw, 350px\" src=\"data:image\/svg+xml;base64,PHN2ZyB3aWR0aD0iMSIgaGVpZ2h0PSIxIiB4bWxucz0iaHR0cDovL3d3dy53My5vcmcvMjAwMC9zdmciPjwvc3ZnPg==\" style=\"--smush-placeholder-width: 350px; --smush-placeholder-aspect-ratio: 350\/350;\" \/><\/div>\t\t<\/div>\r\n\t\t\t<\/article>\r\n\t<article class=\"w-grid-item size_1x1 post-8331 attachment type-attachment status-inherit hentry\" data-id=\"8331\">\r\n\t\t<div class=\"w-grid-item-h\">\r\n\t\t\t\t\t\t\t<a ref=\"magnificPopupGrid\" href=\"https:\/\/e-twow.com\/wp-content\/uploads\/2018\/01\/awards-11.jpg\" class=\"w-grid-item-anchor\" aria-label=\"awards 2017\"><\/a>\r\n\t\t\t\t\t\t<div class=\"w-post-elm post_image usg_post_image_1 stretched\"><img decoding=\"async\" width=\"350\" height=\"350\" data-src=\"https:\/\/e-twow.com\/wp-content\/uploads\/2018\/01\/awards-11-350x350.jpg\" class=\"attachment-us_350_350_crop size-us_350_350_crop lazyload\" alt=\"\" data-srcset=\"https:\/\/e-twow.com\/wp-content\/uploads\/2018\/01\/awards-11-350x350.jpg 350w, https:\/\/e-twow.com\/wp-content\/uploads\/2018\/01\/awards-11-150x150.jpg 150w, https:\/\/e-twow.com\/wp-content\/uploads\/2018\/01\/awards-11-300x300.jpg 300w\" data-sizes=\"(max-width: 350px) 100vw, 350px\" src=\"data:image\/svg+xml;base64,PHN2ZyB3aWR0aD0iMSIgaGVpZ2h0PSIxIiB4bWxucz0iaHR0cDovL3d3dy53My5vcmcvMjAwMC9zdmciPjwvc3ZnPg==\" style=\"--smush-placeholder-width: 350px; --smush-placeholder-aspect-ratio: 350\/350;\" \/><\/div>\t\t<\/div>\r\n\t\t\t<\/article>\r\n\t<article class=\"w-grid-item size_1x1 post-8332 attachment type-attachment status-inherit hentry\" data-id=\"8332\">\r\n\t\t<div class=\"w-grid-item-h\">\r\n\t\t\t\t\t\t\t<a ref=\"magnificPopupGrid\" href=\"https:\/\/e-twow.com\/wp-content\/uploads\/2018\/01\/awards-17.jpg\" class=\"w-grid-item-anchor\" aria-label=\"e-twow pro invent medal\"><\/a>\r\n\t\t\t\t\t\t<div class=\"w-post-elm post_image usg_post_image_1 stretched\"><img decoding=\"async\" width=\"350\" height=\"350\" data-src=\"https:\/\/e-twow.com\/wp-content\/uploads\/2018\/01\/awards-17-350x350.jpg\" class=\"attachment-us_350_350_crop size-us_350_350_crop lazyload\" alt=\"\" data-srcset=\"https:\/\/e-twow.com\/wp-content\/uploads\/2018\/01\/awards-17-350x350.jpg 350w, https:\/\/e-twow.com\/wp-content\/uploads\/2018\/01\/awards-17-150x150.jpg 150w, https:\/\/e-twow.com\/wp-content\/uploads\/2018\/01\/awards-17-300x300.jpg 300w\" data-sizes=\"(max-width: 350px) 100vw, 350px\" src=\"data:image\/svg+xml;base64,PHN2ZyB3aWR0aD0iMSIgaGVpZ2h0PSIxIiB4bWxucz0iaHR0cDovL3d3dy53My5vcmcvMjAwMC9zdmciPjwvc3ZnPg==\" style=\"--smush-placeholder-width: 350px; --smush-placeholder-aspect-ratio: 350\/350;\" \/><\/div>\t\t<\/div>\r\n\t\t\t<\/article>\r\n<\/div>\t<div class=\"w-grid-preloader\">\r\n\t\t<div class=\"g-preloader type_1\">\r\n\t\t\t<div><\/div>\r\n\t\t<\/div>\r\n\t<\/div>\r\n\t\t<div class=\"w-grid-json hidden\" onclick='return {&quot;action&quot;:&quot;us_ajax_grid&quot;,&quot;infinite_scroll&quot;:0,&quot;max_num_pages&quot;:1,&quot;pagination&quot;:&quot;none&quot;,&quot;template_vars&quot;:{&quot;columns&quot;:&quot;4&quot;,&quot;exclude_items&quot;:&quot;none&quot;,&quot;img_size&quot;:&quot;us_350_350_crop&quot;,&quot;ignore_items_size&quot;:0,&quot;items_layout&quot;:&quot;gallery_default&quot;,&quot;items_offset&quot;:&quot;1&quot;,&quot;load_animation&quot;:&quot;none&quot;,&quot;overriding_link&quot;:&quot;%7B%22type%22%3A%22popup_image%22%7D&quot;,&quot;post_id&quot;:0,&quot;query_args&quot;:{&quot;post_type&quot;:[&quot;attachment&quot;],&quot;post__in&quot;:[&quot;5567&quot;,&quot;4239&quot;,&quot;4241&quot;,&quot;4242&quot;,&quot;4243&quot;,&quot;4246&quot;,&quot;4247&quot;,&quot;4250&quot;],&quot;post_status&quot;:&quot;inherit&quot;,&quot;post_mime_type&quot;:&quot;image&quot;,&quot;posts_per_page&quot;:999},&quot;orderby_query_args&quot;:{&quot;orderby&quot;:{&quot;post__in&quot;:&quot;ASC&quot;},&quot;order&quot;:&quot;ASC&quot;},&quot;type&quot;:&quot;masonry&quot;,&quot;us_grid_post_type&quot;:&quot;attachment&quot;,&quot;us_grid_ajax_index&quot;:1,&quot;us_grid_filter_query_string&quot;:null,&quot;us_grid_index&quot;:1,&quot;page_args&quot;:[],&quot;lang&quot;:&quot;ro&quot;}}'><\/div>\r\n\t<\/div><\/div><\/div><\/div><\/div><\/div><\/section>\n","protected":false},"excerpt":{"rendered":"","protected":false},"author":1,"featured_media":0,"parent":0,"menu_order":0,"comment_status":"closed","ping_status":"closed","template":"","meta":{"ngg_post_thumbnail":0,"footnotes":""},"class_list":["post-8323","page","type-page","status-publish","hentry"],"yoast_head":"<!-- This site is optimized with the Yoast SEO Premium plugin v27.4 (Yoast SEO v27.4) - https:\/\/yoast.com\/product\/yoast-seo-premium-wordpress\/ -->\n<title>Premii \u0219i realiz\u0103ri - E-TWOW<\/title>\n<meta name=\"robots\" content=\"index, follow, max-snippet:-1, max-image-preview:large, max-video-preview:-1\" \/>\n<link rel=\"canonical\" href=\"https:\/\/e-twow.com\/awards\/\" \/>\n<meta property=\"og:locale\" content=\"ro_RO\" \/>\n<meta property=\"og:type\" content=\"article\" \/>\n<meta property=\"og:title\" content=\"Premii \u0219i realiz\u0103ri\" \/>\n<meta property=\"og:url\" content=\"https:\/\/e-twow.com\/awards\/\" \/>\n<meta property=\"og:site_name\" content=\"E-TWOW\" \/>\n<meta property=\"article:modified_time\" content=\"2020-02-10T09:40:05+00:00\" \/>\n<meta name=\"twitter:card\" content=\"summary_large_image\" \/>\n<meta name=\"twitter:label1\" content=\"Timp estimat pentru citire\" \/>\n\t<meta name=\"twitter:data1\" content=\"2 minute\" \/>\n<script type=\"application\/ld+json\" class=\"yoast-schema-graph\">{\"@context\":\"https:\\\/\\\/schema.org\",\"@graph\":[{\"@type\":\"WebPage\",\"@id\":\"https:\\\/\\\/e-twow.com\\\/awards\\\/\",\"url\":\"https:\\\/\\\/e-twow.com\\\/awards\\\/\",\"name\":\"Premii \u0219i realiz\u0103ri - E-TWOW\",\"isPartOf\":{\"@id\":\"https:\\\/\\\/e-twow.com\\\/#website\"},\"datePublished\":\"2018-01-31T14:36:41+00:00\",\"dateModified\":\"2020-02-10T09:40:05+00:00\",\"breadcrumb\":{\"@id\":\"https:\\\/\\\/e-twow.com\\\/awards\\\/#breadcrumb\"},\"inLanguage\":\"ro-RO\",\"potentialAction\":[{\"@type\":\"ReadAction\",\"target\":[\"https:\\\/\\\/e-twow.com\\\/awards\\\/\"]}]},{\"@type\":\"BreadcrumbList\",\"@id\":\"https:\\\/\\\/e-twow.com\\\/awards\\\/#breadcrumb\",\"itemListElement\":[{\"@type\":\"ListItem\",\"position\":1,\"name\":\"Prima pagin\u0103\",\"item\":\"https:\\\/\\\/e-twow.com\\\/ro\\\/\"},{\"@type\":\"ListItem\",\"position\":2,\"name\":\"Premii \u0219i realiz\u0103ri\"}]},{\"@type\":\"WebSite\",\"@id\":\"https:\\\/\\\/e-twow.com\\\/#website\",\"url\":\"https:\\\/\\\/e-twow.com\\\/\",\"name\":\"E-TWOW\",\"description\":\"Portable Scooter\",\"potentialAction\":[{\"@type\":\"SearchAction\",\"target\":{\"@type\":\"EntryPoint\",\"urlTemplate\":\"https:\\\/\\\/e-twow.com\\\/?s={search_term_string}\"},\"query-input\":{\"@type\":\"PropertyValueSpecification\",\"valueRequired\":true,\"valueName\":\"search_term_string\"}}],\"inLanguage\":\"ro-RO\"}]}<\/script>\n<!-- \/ Yoast SEO Premium plugin. -->","yoast_head_json":{"title":"Premii \u0219i realiz\u0103ri - E-TWOW","robots":{"index":"index","follow":"follow","max-snippet":"max-snippet:-1","max-image-preview":"max-image-preview:large","max-video-preview":"max-video-preview:-1"},"canonical":"https:\/\/e-twow.com\/awards\/","og_locale":"ro_RO","og_type":"article","og_title":"Premii \u0219i realiz\u0103ri","og_url":"https:\/\/e-twow.com\/awards\/","og_site_name":"E-TWOW","article_modified_time":"2020-02-10T09:40:05+00:00","twitter_card":"summary_large_image","twitter_misc":{"Timp estimat pentru citire":"2 minute"},"schema":{"@context":"https:\/\/schema.org","@graph":[{"@type":"WebPage","@id":"https:\/\/e-twow.com\/awards\/","url":"https:\/\/e-twow.com\/awards\/","name":"Premii \u0219i realiz\u0103ri - E-TWOW","isPartOf":{"@id":"https:\/\/e-twow.com\/#website"},"datePublished":"2018-01-31T14:36:41+00:00","dateModified":"2020-02-10T09:40:05+00:00","breadcrumb":{"@id":"https:\/\/e-twow.com\/awards\/#breadcrumb"},"inLanguage":"ro-RO","potentialAction":[{"@type":"ReadAction","target":["https:\/\/e-twow.com\/awards\/"]}]},{"@type":"BreadcrumbList","@id":"https:\/\/e-twow.com\/awards\/#breadcrumb","itemListElement":[{"@type":"ListItem","position":1,"name":"Prima pagin\u0103","item":"https:\/\/e-twow.com\/ro\/"},{"@type":"ListItem","position":2,"name":"Premii \u0219i realiz\u0103ri"}]},{"@type":"WebSite","@id":"https:\/\/e-twow.com\/#website","url":"https:\/\/e-twow.com\/","name":"E-TWOW","description":"Portable Scooter","potentialAction":[{"@type":"SearchAction","target":{"@type":"EntryPoint","urlTemplate":"https:\/\/e-twow.com\/?s={search_term_string}"},"query-input":{"@type":"PropertyValueSpecification","valueRequired":true,"valueName":"search_term_string"}}],"inLanguage":"ro-RO"}]}},"_links":{"self":[{"href":"https:\/\/e-twow.com\/ro\/wp-json\/wp\/v2\/pages\/8323","targetHints":{"allow":["GET"]}}],"collection":[{"href":"https:\/\/e-twow.com\/ro\/wp-json\/wp\/v2\/pages"}],"about":[{"href":"https:\/\/e-twow.com\/ro\/wp-json\/wp\/v2\/types\/page"}],"author":[{"embeddable":true,"href":"https:\/\/e-twow.com\/ro\/wp-json\/wp\/v2\/users\/1"}],"replies":[{"embeddable":true,"href":"https:\/\/e-twow.com\/ro\/wp-json\/wp\/v2\/comments?post=8323"}],"version-history":[{"count":1,"href":"https:\/\/e-twow.com\/ro\/wp-json\/wp\/v2\/pages\/8323\/revisions"}],"predecessor-version":[{"id":8325,"href":"https:\/\/e-twow.com\/ro\/wp-json\/wp\/v2\/pages\/8323\/revisions\/8325"}],"wp:attachment":[{"href":"https:\/\/e-twow.com\/ro\/wp-json\/wp\/v2\/media?parent=8323"}],"curies":[{"name":"wp","href":"https:\/\/api.w.org\/{rel}","templated":true}]}}