{"id":8312,"date":"2017-09-01T06:35:36","date_gmt":"2017-09-01T06:35:36","guid":{"rendered":"https:\/\/e-twow.com\/about-us\/"},"modified":"2022-06-15T13:07:38","modified_gmt":"2022-06-15T13:07:38","slug":"despre-noi","status":"publish","type":"page","link":"https:\/\/e-twow.com\/ro\/despre-noi\/","title":{"rendered":"Despre noi"},"content":{"rendered":"<section class=\"l-section wpb_row height_small\"><div class=\"l-section-h i-cf\"><div class=\"g-cols vc_row via_flex valign_top type_default stacking_default\"><div class=\"vc_col-sm-12 wpb_column vc_column_container\"><div class=\"vc_column-inner\"><div class=\"wpb_wrapper\"><div class=\"w-video align_none ratio_16x9 has_iframe\"><div class=\"w-video-h\"><iframe title=\"Vimeo video player\" src=\"https:\/\/player.vimeo.com\/video\/350916043?autoplay=0&loop=0&autopause=0&color=00adef&portrait=0&byline=1&title=1&controls=1&muted=0\" frameborder=\"0\" allow=\"autoplay; fullscreen\" allowfullscreen loading=\"lazy\"><\/iframe><\/div><\/div><\/div><\/div><\/div><\/div><\/div><\/section><section class=\"l-section wpb_row height_small\"><div class=\"l-section-h i-cf\"><div class=\"g-cols vc_row via_flex valign_top type_default stacking_default\"><div class=\"vc_col-sm-12 wpb_column vc_column_container\"><div class=\"vc_column-inner\"><div class=\"wpb_wrapper\"><div class=\"g-cols wpb_row via_flex valign_top type_default stacking_default\"><div class=\"vc_col-sm-8 wpb_column vc_column_container\"><div class=\"vc_column-inner\"><div class=\"wpb_wrapper\"><div class=\"wpb_text_column\"><div class=\"wpb_wrapper\"><div class=\"column mcb-column one column_column column-margin-\">\n<div class=\"column_attr clearfix\">\n<h2>Povestea E-TWOW<\/h2>\n<p>E-TWOW face parte dintr-un concept interna\u021bional de amploare, cu sediul central \u00een China, axat pe oferirea unei noi ere \u00een mobilitatea urban\u0103, prin intermediul vehiculelor noastre electrice ingenioase. Trotineta electric\u0103 E-TWOW este o solu\u021bie practic\u0103 pentru via\u021ba de zi cu zi. A fost dezvoltat de o echip\u0103 de ingineri cu o experien\u021b\u0103 solid\u0103 \u00een inginerie mecanic\u0103 \u0219i electric\u0103.<\/p>\n<\/div>\n<\/div>\n<\/div><\/div><\/div><\/div><\/div><div class=\"vc_col-sm-4 wpb_column vc_column_container\"><div class=\"vc_column-inner\"><div class=\"wpb_wrapper\"><div class=\"w-image align_center\"><div class=\"w-image-h\"><img decoding=\"async\" width=\"1920\" height=\"1079\" src=\"https:\/\/e-twow.com\/wp-content\/uploads\/2020\/11\/ghidon-ajustabil-2.jpg\" class=\"attachment-full size-full\" alt=\"\" loading=\"lazy\" srcset=\"https:\/\/e-twow.com\/wp-content\/uploads\/2020\/11\/ghidon-ajustabil-2.jpg 1920w, https:\/\/e-twow.com\/wp-content\/uploads\/2020\/11\/ghidon-ajustabil-2-300x169.jpg 300w, https:\/\/e-twow.com\/wp-content\/uploads\/2020\/11\/ghidon-ajustabil-2-1024x575.jpg 1024w, https:\/\/e-twow.com\/wp-content\/uploads\/2020\/11\/ghidon-ajustabil-2-768x432.jpg 768w, https:\/\/e-twow.com\/wp-content\/uploads\/2020\/11\/ghidon-ajustabil-2-210x118.jpg 210w\" sizes=\"auto, (max-width: 1920px) 100vw, 1920px\" \/><\/div><\/div><\/div><\/div><\/div><\/div><div class=\"wpb_text_column\"><div class=\"wpb_wrapper\"><h2 style=\"page-break-after: auto; margin: 14.95pt 0in 14.95pt 0in;\">Cum a \u00eenceput totul<\/h2>\n<p>Prima trotinet\u0103 electric\u0103 E-TWOW a fost creat\u0103 \u00een 2013. Inven\u021bia trotinetei s-a produs din motive practice pentru a dezvolta o solu\u021bie de deplasare pentru ora\u0219e aglomerate. La vremea respectiv\u0103, bicicletele conven\u021bionale \u0219i electrice erau singurele solu\u021bii alternative de transport. Totu\u0219i, bicicletele erau incomode, fiind grele \u0219i voluminoase. \u00cen multe ora\u0219e bicicletele erau interzise la metrou deci nu puteau fi combinate cu alte mijloace de deplasare. Era evident ca era nevoie de un vehicul electric portabil.<\/p>\n<p>Am \u00eenceput cu un prototip pe care l-am testat pe str\u0103zile aglomerate din Shanghai. Vehiculul electric revolu\u021bionar era o noutate la acea vreme, iar oamenii se opreau mereu pe strad\u0103 pentru a \u00eentreba de trotinet\u0103. Nu era greu de imaginat cum un astfel de vehicul ar putea schimba pentru totdeauna modul \u00een care oamenii se deplaseaz\u0103 \u00een mediile urbane. Av\u00e2nd \u00een vedere faptul c\u0103 trotineta era considerat\u0103 o juc\u0103rie pentru copii, trotineta electric\u0103 nu a avut succes de la \u00eenceput. Cu toate acestea, a fost suficient ca oamenii s\u0103 o \u00eencerce pentru a se convinge de utilitatea unui astfel de vehicul, ca s\u0103 nu mai vorbim de pl\u0103cerea de a te deplasa cu un astfel de vehicul.<\/p>\n<p>\u00cen 2013, am produs \u00een mas\u0103 cea mai u\u0219oar\u0103 trotinet\u0103 electric\u0103 la acel moment (cu o greutate de doar 9,8 kg). Am fost primii care au produs o trotinet\u0103 electric\u0103 cu un motor electric f\u0103r\u0103 perii \u00een interiorul ro\u021bii din fa\u021b\u0103. Trotineta noastr\u0103 a fost \u0219i prima trotinet\u0103 electric\u0103 cu fr\u00e2n\u0103 electromagnetic\u0103 \u0219i KERS (Kinetic Energy Recovery System). Pute\u021bi afla mai multe despre realiz\u0103rile noastre aici.<\/p>\n<h2>Cum am construit o nou\u0103 er\u0103 in mobilitatea urban\u0103<\/h2>\n<p>Fiecare an a adus noi provoc\u0103ri, dar fiecare provocare a \u00eensemnat o \u00eembun\u0103t\u0103\u021bire a trotinetei electrice. Trotineta E-TWOW a fost prima trotinet\u0103 care a integrat un sistem de recuperare a energiei cinetice, care era folosit doar pentru ma\u0219inile de Formula 1 la acea vreme. Sistemul u\u0219or de pliere \u00een 3 puncte a f\u0103cut-o unul dintre cele mai convenabile vehicule de transport personal, deoarece poate fi transportat\u0103 \u0219i depozitat\u0103 cu u\u0219urin\u021b\u0103. Designul ini\u021bial a suferit foarte pu\u021bine schimb\u0103ri \u00een timp, \u00eentruc\u00eet de la bun \u00eenceput, trotineta a fost proiectata cu o stabilitate \u0219i manevrabilitate optime. Cu toate acestea, genera\u021biile mai noi au prezentat \u00eembun\u0103t\u0103\u021biri majore \u00een ceea ce prive\u0219te ergonomia \u0219i software-ul.<\/p>\n<p>La \u00eenceput am lucrat cu diferite fabrici care produceau componente pentru trotinete, dar in scurt timp am hotar\u00e2t ca singura modalitate prin care puteam garanta calitatea trotinetei era sa producem componentele \u00een propria fabric\u0103. In prezent, exista dou\u0103 centre de afaceri: fabrica din China \u0219i Centrul administrativ \u0219i logistic European, situat \u00een Rom\u00e2nia. Fabrica din China produce aproape 90% din componentele trotinetei (de la hardware, software, motoare, toate componentele din plastic \u0219i chiar bateriile, care sunt asamblate cu ajutorul celulelor Samsung).&nbsp;\u00cen 2017, vehiculul electric portabil \u0219i pliabil E-TWOW a c\u00e2\u0219tigat o medalie de aur pentru cea mai bun\u0103 inven\u021bie la cea de-a 45-a expozi\u021bie interna\u021bional\u0103 a inven\u021biilor de la Geneva. De-a lungul anilor, al\u021bi c\u00e2\u021biva produc\u0103tori au \u00eenceput s\u0103 produc\u0103 vehicule similare, dar trotinetele electrice E-TWOW continu\u0103 s\u0103 fie cea mai bun\u0103 alegere, datorit\u0103 calit\u0103\u021bii ridicate, manevrabilit\u0103\u021bii incredibile \u0219i u\u0219urin\u021bei generale de utilizare. Momentan, trotineta E-TWOW este singurul vehicul electric care poate fi complet func\u021bional f\u0103r\u0103 baterie. Dac\u0103 scoate\u021bi bateria dintr-un alt vehicul electric \u0219i accelera\u021bi, ve\u021bi deteriora controller-ul sau fr\u00e2nele. Cu trotineta E-TWOW, pute\u021bi scoate bateria \u0219i s\u0103 merge\u021bi cu ea in pant\u0103, f\u0103r\u0103 a strica componentele. Mai mult, chiar \u0219i f\u0103r\u0103 baterie, ve\u021bi putea folosi \u00een continuare fr\u00e2nele \u0219i luminile.<\/p>\n<h2>Valorile noastre<\/h2>\n<h3>Inovatie<\/h3>\n<p>\u00cenc\u0103 de la \u00eenceput, conceptul E-TWOW a fost alimentat de inova\u021bie. Trotinetele integreaz\u0103 cele mai noi tehnologii \u00een industria mecanic\u0103 \u0219i electric\u0103. Fabrica este echipat\u0103 cu echipamente HPRTM. Echipamentul nostru de \u00eenalt\u0103 presiune RTM ofer\u0103 brevete personalizate pentru structuri mixte. De asemenea, investim continuu \u00een departamentul nostru de cercetare \u0219i dezvoltare, unde avem cei mai buni ingineri din Fran\u021ba, Germania \u0219i Rom\u00e2nia.<\/p>\n<h3>Satisfac\u021bia clien\u021bilor<\/h3>\n<p>Scopul nostru nu a fost niciodat\u0103 s\u0103 proiect\u0103m un produs perfect. Perfec\u021biunea este un concept static \u0219i ne str\u0103duim s\u0103 progres\u0103m \u00een mod constant \u0219i s\u0103 inov\u0103m. De-a lungul anilor, trotinetele electrice E-TWOW s-au confruntat cu multe provoc\u0103ri. Cu toate acestea, prin teste \u0219i studii constante, ne-am \u00eembun\u0103t\u0103\u021bit continuu trotinetele \u0219i am eliminat toate problemele ap\u0103rute pe parcurs. Dorim s\u0103 le mul\u021bumim clien\u021bilor pentru ajutorul pe care l-au oferit prin feedback-ul lor constructiv cu privire la problemele pe care le-au \u00eent\u00e2mpinat. Am \u00eencercat \u00eentotdeauna s\u0103 mul\u021bumim clien\u021bilor no\u0219tri printr-un serviciu \u0219i suport adecvat, pentru a compensa eventualele inconveniente pe care le-am provocat.<\/p>\n<h3>Construirea unui viitor sustenabil<\/h3>\n<p>Viziunea noastr\u0103 de a crea o nou\u0103 er\u0103 \u00een mobilitatea urban\u0103 merge m\u00e2n\u0103 \u00een m\u00e2n\u0103 cu dorin\u021ba noastr\u0103 de a construi un viitor sustenabil. \u00cen zilele noastre, tot mai mul\u021bi oameni aleg s\u0103 \u00ee\u0219i \u00eenlocuiasc\u0103 ma\u0219inile cu vehicule electrice, iar trotineta electric\u0103 este una dintre cele mai ecologice solu\u021bii pentru transportul urban. Mai mult dec\u00e2t at\u00e2t, deoarece are zero emisii de carbon, trotinetele noastre electrice pot fi de asemenea folosite \u00een interior, fiind ideale pentru zone acoperite mari, cum ar fi aeroporturi sau fabrici.<\/p>\n<\/div><\/div><div class=\"g-cols wpb_row us_custom_4e0cc4c3 via_flex valign_top type_default stacking_default\"><div class=\"vc_col-sm-6 wpb_column vc_column_container\"><div class=\"vc_column-inner\"><div class=\"wpb_wrapper\">[vc_custom_heading text=&#8221;FABRICA JINHUA ZHEJIANG<br \/>\nCHINA&#8221; font_container=&#8221;tag:h5|text_align:left&#8221; use_theme_fonts=&#8221;yes&#8221;]<div class=\"w-image align_none\"><div class=\"w-image-h\"><img decoding=\"async\" width=\"600\" height=\"453\" src=\"https:\/\/e-twow.com\/wp-content\/uploads\/2019\/06\/e-twow-factory.jpg\" class=\"attachment-full size-full\" alt=\"\" loading=\"lazy\" srcset=\"https:\/\/e-twow.com\/wp-content\/uploads\/2019\/06\/e-twow-factory.jpg 600w, https:\/\/e-twow.com\/wp-content\/uploads\/2019\/06\/e-twow-factory-300x227.jpg 300w\" sizes=\"auto, (max-width: 600px) 100vw, 600px\" \/><\/div><\/div><\/div><\/div><\/div><\/div><\/div><\/div><\/div><\/div><\/div><\/section>\n","protected":false},"excerpt":{"rendered":"Povestea E-TWOW E-TWOW face parte dintr-un concept interna\u021bional de amploare, cu sediul central \u00een China, axat pe oferirea unei noi ere \u00een mobilitatea urban\u0103, prin intermediul vehiculelor noastre electrice ingenioase. Trotineta electric\u0103 E-TWOW este o solu\u021bie practic\u0103 pentru via\u021ba de zi cu zi. A fost dezvoltat de o echip\u0103 de ingineri cu o experien\u021b\u0103 solid\u0103...","protected":false},"author":1,"featured_media":0,"parent":0,"menu_order":0,"comment_status":"closed","ping_status":"closed","template":"","meta":{"ngg_post_thumbnail":0,"footnotes":""},"class_list":["post-8312","page","type-page","status-publish","hentry"],"yoast_head":"<!-- This site is optimized with the Yoast SEO Premium plugin v27.2 (Yoast SEO v27.2) - https:\/\/yoast.com\/product\/yoast-seo-premium-wordpress\/ -->\n<title>About US | E-TWOW<\/title>\n<meta name=\"description\" content=\"The E-TWOW \u2013 Electric Two Wheels brand is part of a large international concept, focused on offering a new era in urban mobility.\" \/>\n<meta name=\"robots\" content=\"index, follow, max-snippet:-1, max-image-preview:large, max-video-preview:-1\" \/>\n<link rel=\"canonical\" href=\"https:\/\/e-twow.com\/about-us\/\" \/>\n<meta property=\"og:locale\" content=\"ro_RO\" \/>\n<meta property=\"og:type\" content=\"article\" \/>\n<meta property=\"og:title\" content=\"Despre noi\" \/>\n<meta property=\"og:description\" content=\"The E-TWOW \u2013 Electric Two Wheels brand is part of a large international concept, focused on offering a new era in urban mobility.\" \/>\n<meta property=\"og:url\" content=\"https:\/\/e-twow.com\/about-us\/\" \/>\n<meta property=\"og:site_name\" content=\"E-TWOW\" \/>\n<meta property=\"article:modified_time\" content=\"2022-06-15T13:07:38+00:00\" \/>\n<meta name=\"twitter:card\" content=\"summary_large_image\" \/>\n<meta name=\"twitter:label1\" content=\"Timp estimat pentru citire\" \/>\n\t<meta name=\"twitter:data1\" content=\"6 minute\" \/>\n<script type=\"application\/ld+json\" class=\"yoast-schema-graph\">{\"@context\":\"https:\/\/schema.org\",\"@graph\":[{\"@type\":\"WebPage\",\"@id\":\"https:\/\/e-twow.com\/about-us\/\",\"url\":\"https:\/\/e-twow.com\/about-us\/\",\"name\":\"About US | E-TWOW\",\"isPartOf\":{\"@id\":\"https:\/\/e-twow.com\/#website\"},\"datePublished\":\"2017-09-01T06:35:36+00:00\",\"dateModified\":\"2022-06-15T13:07:38+00:00\",\"description\":\"The E-TWOW \u2013 Electric Two Wheels brand is part of a large international concept, focused on offering a new era in urban mobility.\",\"breadcrumb\":{\"@id\":\"https:\/\/e-twow.com\/about-us\/#breadcrumb\"},\"inLanguage\":\"ro-RO\",\"potentialAction\":[{\"@type\":\"ReadAction\",\"target\":[\"https:\/\/e-twow.com\/about-us\/\"]}]},{\"@type\":\"BreadcrumbList\",\"@id\":\"https:\/\/e-twow.com\/about-us\/#breadcrumb\",\"itemListElement\":[{\"@type\":\"ListItem\",\"position\":1,\"name\":\"Prima pagin\u0103\",\"item\":\"https:\/\/e-twow.com\/ro\/\"},{\"@type\":\"ListItem\",\"position\":2,\"name\":\"Despre noi\"}]},{\"@type\":\"WebSite\",\"@id\":\"https:\/\/e-twow.com\/#website\",\"url\":\"https:\/\/e-twow.com\/\",\"name\":\"E-TWOW\",\"description\":\"Portable Scooter\",\"potentialAction\":[{\"@type\":\"SearchAction\",\"target\":{\"@type\":\"EntryPoint\",\"urlTemplate\":\"https:\/\/e-twow.com\/?s={search_term_string}\"},\"query-input\":{\"@type\":\"PropertyValueSpecification\",\"valueRequired\":true,\"valueName\":\"search_term_string\"}}],\"inLanguage\":\"ro-RO\"}]}<\/script>\n<!-- \/ Yoast SEO Premium plugin. -->","yoast_head_json":{"title":"About US | E-TWOW","description":"The E-TWOW \u2013 Electric Two Wheels brand is part of a large international concept, focused on offering a new era in urban mobility.","robots":{"index":"index","follow":"follow","max-snippet":"max-snippet:-1","max-image-preview":"max-image-preview:large","max-video-preview":"max-video-preview:-1"},"canonical":"https:\/\/e-twow.com\/about-us\/","og_locale":"ro_RO","og_type":"article","og_title":"Despre noi","og_description":"The E-TWOW \u2013 Electric Two Wheels brand is part of a large international concept, focused on offering a new era in urban mobility.","og_url":"https:\/\/e-twow.com\/about-us\/","og_site_name":"E-TWOW","article_modified_time":"2022-06-15T13:07:38+00:00","twitter_card":"summary_large_image","twitter_misc":{"Timp estimat pentru citire":"6 minute"},"schema":{"@context":"https:\/\/schema.org","@graph":[{"@type":"WebPage","@id":"https:\/\/e-twow.com\/about-us\/","url":"https:\/\/e-twow.com\/about-us\/","name":"About US | E-TWOW","isPartOf":{"@id":"https:\/\/e-twow.com\/#website"},"datePublished":"2017-09-01T06:35:36+00:00","dateModified":"2022-06-15T13:07:38+00:00","description":"The E-TWOW \u2013 Electric Two Wheels brand is part of a large international concept, focused on offering a new era in urban mobility.","breadcrumb":{"@id":"https:\/\/e-twow.com\/about-us\/#breadcrumb"},"inLanguage":"ro-RO","potentialAction":[{"@type":"ReadAction","target":["https:\/\/e-twow.com\/about-us\/"]}]},{"@type":"BreadcrumbList","@id":"https:\/\/e-twow.com\/about-us\/#breadcrumb","itemListElement":[{"@type":"ListItem","position":1,"name":"Prima pagin\u0103","item":"https:\/\/e-twow.com\/ro\/"},{"@type":"ListItem","position":2,"name":"Despre noi"}]},{"@type":"WebSite","@id":"https:\/\/e-twow.com\/#website","url":"https:\/\/e-twow.com\/","name":"E-TWOW","description":"Portable Scooter","potentialAction":[{"@type":"SearchAction","target":{"@type":"EntryPoint","urlTemplate":"https:\/\/e-twow.com\/?s={search_term_string}"},"query-input":{"@type":"PropertyValueSpecification","valueRequired":true,"valueName":"search_term_string"}}],"inLanguage":"ro-RO"}]}},"_links":{"self":[{"href":"https:\/\/e-twow.com\/ro\/wp-json\/wp\/v2\/pages\/8312","targetHints":{"allow":["GET"]}}],"collection":[{"href":"https:\/\/e-twow.com\/ro\/wp-json\/wp\/v2\/pages"}],"about":[{"href":"https:\/\/e-twow.com\/ro\/wp-json\/wp\/v2\/types\/page"}],"author":[{"embeddable":true,"href":"https:\/\/e-twow.com\/ro\/wp-json\/wp\/v2\/users\/1"}],"replies":[{"embeddable":true,"href":"https:\/\/e-twow.com\/ro\/wp-json\/wp\/v2\/comments?post=8312"}],"version-history":[{"count":10,"href":"https:\/\/e-twow.com\/ro\/wp-json\/wp\/v2\/pages\/8312\/revisions"}],"predecessor-version":[{"id":13595,"href":"https:\/\/e-twow.com\/ro\/wp-json\/wp\/v2\/pages\/8312\/revisions\/13595"}],"wp:attachment":[{"href":"https:\/\/e-twow.com\/ro\/wp-json\/wp\/v2\/media?parent=8312"}],"curies":[{"name":"wp","href":"https:\/\/api.w.org\/{rel}","templated":true}]}}