{"id":35543,"date":"2024-02-04T08:41:30","date_gmt":"2024-02-04T08:41:30","guid":{"rendered":"https:\/\/e-twow.com\/?page_id=35543"},"modified":"2024-02-04T08:41:30","modified_gmt":"2024-02-04T08:41:30","slug":"polityka-plikow-cookie","status":"publish","type":"page","link":"https:\/\/e-twow.com\/pl\/polityka-plikow-cookie\/","title":{"rendered":"Polityka plik\u00f3w cookie"},"content":{"rendered":"<section class=\"l-section wpb_row height_small\"><div class=\"l-section-h i-cf\"><div class=\"g-cols vc_row via_flex valign_top type_default stacking_default\"><div class=\"vc_col-sm-12 wpb_column vc_column_container\"><div class=\"vc_column-inner\"><div class=\"wpb_wrapper\"><div class=\"wpb_text_column\"><div class=\"wpb_wrapper\"><p>Czym s\u0105 pliki cookie<\/p>\n<p>Zgodnie z powszechn\u0105 praktyk\u0105 na niemal wszystkich profesjonalnych stronach internetowych, ta strona u\u017cywa plik\u00f3w cookie, kt\u00f3re s\u0105 ma\u0142ymi plikami pobieranymi na tw\u00f3j komputer w celu poprawy jako\u015bci przegl\u0105dania. Ta strona opisuje, jakie informacje gromadz\u0105, w jaki spos\u00f3b je wykorzystujemy i dlaczego czasami konieczne jest przechowywanie tych plik\u00f3w cookie. Podamy tak\u017ce, w jaki spos\u00f3b mo\u017cna zapobiec przechowywaniu tych plik\u00f3w cookie. Niestety mo\u017ce to wp\u0142yn\u0105\u0107 na obni\u017cenie lub &#8216;zepsucie&#8217; niekt\u00f3rych element\u00f3w funkcjonalno\u015bci strony.<\/p>\n<p>Dla og\u00f3lnych informacji na temat plik\u00f3w cookie zapoznaj si\u0119 z artyku\u0142em na Wikipedii na temat ciasteczek HTTP.<\/p>\n<p>Jak wykorzystujemy pliki cookie<\/p>\n<p>Pliki cookie s\u0105 u\u017cywane z r\u00f3\u017cnych powod\u00f3w, o kt\u00f3rych poni\u017cej. Niestety w wi\u0119kszo\u015bci przypadk\u00f3w nie ma standardowych opcji wy\u0142\u0105czania plik\u00f3w cookie bez ca\u0142kowitego wy\u0142\u0105czania funkcji i dodatk\u00f3w, kt\u00f3re dodaj\u0105 do strony. Zaleca si\u0119 pozostawienie wszystkich plik\u00f3w cookie w\u0142\u0105czonych, je\u015bli nie jeste\u015b pewien, czy s\u0105 ci potrzebne, gdy\u017c mog\u0105 by\u0107 one u\u017cywane do \u015bwiadczenia us\u0142ugi, kt\u00f3rej potrzebujesz.<\/p>\n<p>Wy\u0142\u0105czanie plik\u00f3w cookie<\/p>\n<p>Mo\u017cesz zapobiec ustawianiu plik\u00f3w cookie, dostosowuj\u0105c ustawienia przegl\u0105darki (zobacz pomoc przegl\u0105darki, aby dowiedzie\u0107 si\u0119, jak to zrobi\u0107). Nale\u017cy jednak pami\u0119ta\u0107, \u017ce wy\u0142\u0105czenie plik\u00f3w cookie wp\u0142ynie na funkcjonalno\u015b\u0107 tej i wielu innych odwiedzanych stron. Wy\u0142\u0105czenie plik\u00f3w cookie zazwyczaj skutkuje wy\u0142\u0105czeniem pewnych funkcji i cech tej strony. Dlatego zaleca si\u0119, aby\u015b nie wy\u0142\u0105cza\u0142 plik\u00f3w cookie.<\/p>\n<p>Ustawienia plik\u00f3w cookie<\/p>\n<ul>\n<li>Pliki cookie zwi\u0105zane z biuletynami e-mail &#8211; Ta strona oferuje us\u0142ugi subskrypcji biuletynu lub subskrypcji e-mail i pliki cookie mog\u0105 by\u0107 u\u017cywane do zapami\u0119tywania, czy jeste\u015b ju\u017c zarejestrowany, oraz czy wy\u015bwietli\u0107 pewne powiadomienia, kt\u00f3re mog\u0105 by\u0107 wa\u017cne tylko dla u\u017cytkownik\u00f3w zarejestrowanych\/niezarejestrowanych.<\/li>\n<li>Pliki cookie zwi\u0105zane z formularzami &#8211; Gdy przesy\u0142asz nam dane za po\u015brednictwem formularza, takiego jak formularze na stronach kontaktowych lub formularze komentarzy, pliki cookie mog\u0105 by\u0107 ustawiane, aby zapami\u0119ta\u0107 szczeg\u00f3\u0142y u\u017cytkownika do przysz\u0142ej korespondencji.<\/li>\n<li>Pliki cookie preferencji witryny &#8211; Aby zapewni\u0107 ci doskona\u0142e do\u015bwiadczenie na tej stronie, udost\u0119pniamy opcj\u0119 ustawiania preferencji dotycz\u0105cych dzia\u0142ania witryny. Aby zapami\u0119ta\u0107 Twoje preferencje, musimy ustawia\u0107 pliki cookie, aby te informacje mo\u017cna by\u0142o wywo\u0142a\u0107 za ka\u017cdym razem, gdy korzystasz z strony.<\/li>\n<\/ul>\n<p>Pliki cookie stron trzecich<\/p>\n<p>W niekt\u00f3rych specjalnych przypadkach korzystamy r\u00f3wnie\u017c z plik\u00f3w cookie dostarczanych przez zaufane strony trzecie. Poni\u017cej przedstawiono, kt\u00f3re pliki cookie stron trzecich mo\u017cesz napotka\u0107 podczas korzystania z tej strony.<\/p>\n<p>Ta strona korzysta z narz\u0119dzia Google Analytics, kt\u00f3re jest jednym z najbardziej powszechnych i zaufanych rozwi\u0105za\u0144 analitycznych w sieci, pomagaj\u0105c nam zrozumie\u0107, w jaki spos\u00f3b korzystasz z witryny i znale\u017a\u0107 sposoby poprawy Twojego do\u015bwiadczenia. Te pliki cookie mog\u0105 \u015bledzi\u0107 wska\u017aniki, takie jak czas, jaki sp\u0119dzasz na stronie, i strony, kt\u00f3re odwiedzasz, aby\u015bmy mogli nadal tworzy\u0107 anga\u017cuj\u0105ce tre\u015bci. Aby uzyska\u0107 wi\u0119cej informacji na temat plik\u00f3w cookie Google Analytics, zobacz oficjaln\u0105 stron\u0119 Google Analytics. Korzystamy r\u00f3wnie\u017c z przycisk\u00f3w i\/lub wtyczek medi\u00f3w spo\u0142eczno\u015bciowych na tej stronie, kt\u00f3re pozwalaj\u0105 ci na po\u0142\u0105czenie si\u0119 ze swoj\u0105 sieci\u0105 spo\u0142eczno\u015bciow\u0105 r\u00f3\u017cnymi sposobami. Aby te przyciski dzia\u0142a\u0142y, strony medi\u00f3w spo\u0142eczno\u015bciowych, takie jak {Wymie\u0144 sieci spo\u0142eczno\u015bciowe, kt\u00f3rych funkcje zosta\u0142y zintegrowane ze stron\u0105?:12}, ustawiaj\u0105 pliki cookie za po\u015brednictwem naszej witryny, kt\u00f3re mog\u0105 by\u0107 u\u017cywane do wzbogacenia twojego profilu na ich stronie lub przyczyni\u0107 si\u0119 do danych, kt\u00f3re przechowuj\u0105 w r\u00f3\u017cnych celach okre\u015blonych w ich odpowiednich politykach prywatno\u015bci.<\/p>\n<p>Wi\u0119cej informacji<\/p>\n<p>Mam nadziej\u0119, \u017ce te informacje wyja\u015bni\u0142y ci, jak dzia\u0142aj\u0105 pliki cookie. Jak ju\u017c wspomnieli\u015bmy, je\u015bli masz w\u0105tpliwo\u015bci, czy co\u015b ci jest potrzebne, zazwyczaj lepiej pozostawi\u0107 pliki cookie w\u0142\u0105czone, na wypadek, gdyby interakcjonowa\u0142y z jedn\u0105 z funkcji, kt\u00f3re u\u017cywasz na naszej stronie. Ta polityka plik\u00f3w cookie zosta\u0142a stworzona przy u\u017cyciu CookiePolicyGenerator.com.<\/p>\n<p>Je\u015bli jednak nadal szukasz dodatkowych informacji, mo\u017cesz skontaktowa\u0107 si\u0119 z nami za pomoc\u0105 jednej z preferowanych metod kontaktu:<\/p>\n<p>E-mail: office<a target=\"_new\" rel=\"noopener\">@e-twow.com<\/a><\/p>\n<\/div><\/div><\/div><\/div><\/div><\/div><\/div><\/section>\n","protected":false},"excerpt":{"rendered":"Czym s\u0105 pliki cookie Zgodnie z powszechn\u0105 praktyk\u0105 na niemal wszystkich profesjonalnych stronach internetowych, ta strona u\u017cywa plik\u00f3w cookie, kt\u00f3re s\u0105 ma\u0142ymi plikami pobieranymi na tw\u00f3j komputer w celu poprawy jako\u015bci przegl\u0105dania. Ta strona opisuje, jakie informacje gromadz\u0105, w jaki spos\u00f3b je wykorzystujemy i dlaczego czasami konieczne jest przechowywanie tych plik\u00f3w cookie. Podamy tak\u017ce, w...","protected":false},"author":1,"featured_media":0,"parent":0,"menu_order":0,"comment_status":"closed","ping_status":"closed","template":"","meta":{"ngg_post_thumbnail":0,"footnotes":""},"class_list":["post-35543","page","type-page","status-publish","hentry"],"yoast_head":"<!-- This site is optimized with the Yoast SEO Premium plugin v27.2 (Yoast SEO v27.2) - https:\/\/yoast.com\/product\/yoast-seo-premium-wordpress\/ -->\n<title>Polityka plik\u00f3w cookie - E-TWOW<\/title>\n<meta name=\"robots\" content=\"index, follow, max-snippet:-1, max-image-preview:large, max-video-preview:-1\" \/>\n<link rel=\"canonical\" href=\"https:\/\/e-twow.com\/cookies\/\" \/>\n<meta property=\"og:locale\" content=\"pl_PL\" \/>\n<meta property=\"og:type\" content=\"article\" \/>\n<meta property=\"og:title\" content=\"Polityka plik\u00f3w cookie\" \/>\n<meta property=\"og:url\" content=\"https:\/\/e-twow.com\/cookies\/\" \/>\n<meta property=\"og:site_name\" content=\"E-TWOW\" \/>\n<meta name=\"twitter:card\" content=\"summary_large_image\" \/>\n<meta name=\"twitter:label1\" content=\"Szacowany czas czytania\" \/>\n\t<meta name=\"twitter:data1\" content=\"4 minuty\" \/>\n<script type=\"application\/ld+json\" class=\"yoast-schema-graph\">{\"@context\":\"https:\/\/schema.org\",\"@graph\":[{\"@type\":\"WebPage\",\"@id\":\"https:\/\/e-twow.com\/cookies\/\",\"url\":\"https:\/\/e-twow.com\/cookies\/\",\"name\":\"Polityka plik\u00f3w cookie - E-TWOW\",\"isPartOf\":{\"@id\":\"https:\/\/e-twow.com\/#website\"},\"datePublished\":\"2024-02-04T08:41:30+00:00\",\"breadcrumb\":{\"@id\":\"https:\/\/e-twow.com\/cookies\/#breadcrumb\"},\"inLanguage\":\"pl-PL\",\"potentialAction\":[{\"@type\":\"ReadAction\",\"target\":[\"https:\/\/e-twow.com\/cookies\/\"]}]},{\"@type\":\"BreadcrumbList\",\"@id\":\"https:\/\/e-twow.com\/cookies\/#breadcrumb\",\"itemListElement\":[{\"@type\":\"ListItem\",\"position\":1,\"name\":\"Strona g\u0142\u00f3wna\",\"item\":\"https:\/\/e-twow.com\/\"},{\"@type\":\"ListItem\",\"position\":2,\"name\":\"Polityka plik\u00f3w cookie\"}]},{\"@type\":\"WebSite\",\"@id\":\"https:\/\/e-twow.com\/#website\",\"url\":\"https:\/\/e-twow.com\/\",\"name\":\"E-TWOW\",\"description\":\"Portable Scooter\",\"potentialAction\":[{\"@type\":\"SearchAction\",\"target\":{\"@type\":\"EntryPoint\",\"urlTemplate\":\"https:\/\/e-twow.com\/?s={search_term_string}\"},\"query-input\":{\"@type\":\"PropertyValueSpecification\",\"valueRequired\":true,\"valueName\":\"search_term_string\"}}],\"inLanguage\":\"pl-PL\"}]}<\/script>\n<!-- \/ Yoast SEO Premium plugin. -->","yoast_head_json":{"title":"Polityka plik\u00f3w cookie - E-TWOW","robots":{"index":"index","follow":"follow","max-snippet":"max-snippet:-1","max-image-preview":"max-image-preview:large","max-video-preview":"max-video-preview:-1"},"canonical":"https:\/\/e-twow.com\/cookies\/","og_locale":"pl_PL","og_type":"article","og_title":"Polityka plik\u00f3w cookie","og_url":"https:\/\/e-twow.com\/cookies\/","og_site_name":"E-TWOW","twitter_card":"summary_large_image","twitter_misc":{"Szacowany czas czytania":"4 minuty"},"schema":{"@context":"https:\/\/schema.org","@graph":[{"@type":"WebPage","@id":"https:\/\/e-twow.com\/cookies\/","url":"https:\/\/e-twow.com\/cookies\/","name":"Polityka plik\u00f3w cookie - E-TWOW","isPartOf":{"@id":"https:\/\/e-twow.com\/#website"},"datePublished":"2024-02-04T08:41:30+00:00","breadcrumb":{"@id":"https:\/\/e-twow.com\/cookies\/#breadcrumb"},"inLanguage":"pl-PL","potentialAction":[{"@type":"ReadAction","target":["https:\/\/e-twow.com\/cookies\/"]}]},{"@type":"BreadcrumbList","@id":"https:\/\/e-twow.com\/cookies\/#breadcrumb","itemListElement":[{"@type":"ListItem","position":1,"name":"Strona g\u0142\u00f3wna","item":"https:\/\/e-twow.com\/"},{"@type":"ListItem","position":2,"name":"Polityka plik\u00f3w cookie"}]},{"@type":"WebSite","@id":"https:\/\/e-twow.com\/#website","url":"https:\/\/e-twow.com\/","name":"E-TWOW","description":"Portable Scooter","potentialAction":[{"@type":"SearchAction","target":{"@type":"EntryPoint","urlTemplate":"https:\/\/e-twow.com\/?s={search_term_string}"},"query-input":{"@type":"PropertyValueSpecification","valueRequired":true,"valueName":"search_term_string"}}],"inLanguage":"pl-PL"}]}},"_links":{"self":[{"href":"https:\/\/e-twow.com\/pl\/wp-json\/wp\/v2\/pages\/35543","targetHints":{"allow":["GET"]}}],"collection":[{"href":"https:\/\/e-twow.com\/pl\/wp-json\/wp\/v2\/pages"}],"about":[{"href":"https:\/\/e-twow.com\/pl\/wp-json\/wp\/v2\/types\/page"}],"author":[{"embeddable":true,"href":"https:\/\/e-twow.com\/pl\/wp-json\/wp\/v2\/users\/1"}],"replies":[{"embeddable":true,"href":"https:\/\/e-twow.com\/pl\/wp-json\/wp\/v2\/comments?post=35543"}],"version-history":[{"count":1,"href":"https:\/\/e-twow.com\/pl\/wp-json\/wp\/v2\/pages\/35543\/revisions"}],"predecessor-version":[{"id":35544,"href":"https:\/\/e-twow.com\/pl\/wp-json\/wp\/v2\/pages\/35543\/revisions\/35544"}],"wp:attachment":[{"href":"https:\/\/e-twow.com\/pl\/wp-json\/wp\/v2\/media?parent=35543"}],"curies":[{"name":"wp","href":"https:\/\/api.w.org\/{rel}","templated":true}]}}