{"id":35529,"date":"2024-02-04T08:39:11","date_gmt":"2024-02-04T08:39:11","guid":{"rendered":"https:\/\/e-twow.com\/?page_id=35529"},"modified":"2024-02-04T08:39:11","modified_gmt":"2024-02-04T08:39:11","slug":"nagrody-i-osiagniecia","status":"publish","type":"page","link":"https:\/\/e-twow.com\/pl\/nagrody-i-osiagniecia\/","title":{"rendered":"Nagrody i Osi\u0105gni\u0119cia"},"content":{"rendered":"<section class=\"l-section wpb_row height_small\"><div class=\"l-section-h i-cf\"><div class=\"g-cols vc_row via_flex valign_top type_default stacking_default\"><div class=\"vc_col-sm-12 wpb_column vc_column_container\"><div class=\"vc_column-inner\"><div class=\"wpb_wrapper\"><div class=\"w-image align_center\"><div class=\"w-image-h\"><img decoding=\"async\" width=\"332\" height=\"450\" data-src=\"https:\/\/e-twow.com\/wp-content\/uploads\/2019\/01\/geneva-gold-medal.jpg\" class=\"attachment-large size-large lazyload\" alt=\"\" data-srcset=\"https:\/\/e-twow.com\/wp-content\/uploads\/2019\/01\/geneva-gold-medal.jpg 332w, https:\/\/e-twow.com\/wp-content\/uploads\/2019\/01\/geneva-gold-medal-221x300.jpg 221w\" data-sizes=\"auto, (max-width: 332px) 100vw, 332px\" src=\"data:image\/svg+xml;base64,PHN2ZyB3aWR0aD0iMSIgaGVpZ2h0PSIxIiB4bWxucz0iaHR0cDovL3d3dy53My5vcmcvMjAwMC9zdmciPjwvc3ZnPg==\" style=\"--smush-placeholder-width: 332px; --smush-placeholder-aspect-ratio: 332\/450;\" \/><\/div><\/div><\/div><\/div><\/div><\/div><\/div><\/section><section class=\"l-section wpb_row height_small\"><div class=\"l-section-h i-cf\"><div class=\"g-cols vc_row via_flex valign_top type_default stacking_default\"><div class=\"vc_col-sm-12 wpb_column vc_column_container\"><div class=\"vc_column-inner\"><div class=\"wpb_wrapper\"><div class=\"wpb_text_column\"><div class=\"wpb_wrapper\"><p>Innowacja to jedna z g\u0142\u00f3wnych warto\u015bci, na kt\u00f3rych zbudowana zosta\u0142a marka E-TWOW. Naszym celem nie by\u0142o stworzenie statycznego i doskona\u0142ego produktu, lecz ci\u0105g\u0142a innowacja i doskonalenie naszych wyrob\u00f3w. To pragnienie innowacji sk\u0142oni\u0142o nas do integracji nowatorskich technologii w naszych hulajnogach, co pomog\u0142o nam pobi\u0107 rekordy i otworzy\u0107 drog\u0119 do nowej ery w miejskiej mobilno\u015bci. Oto tylko kilka z wielu osi\u0105gni\u0119\u0107, jakie odnie\u015bli\u015bmy na przestrzeni lat.<\/p>\n<p>Byli\u015bmy pierwsz\u0105 firm\u0105 na \u015bwiecie, kt\u00f3ra zastosowa\u0142a nap\u0119d na przednie ko\u0142o w hulajnodze elektrycznej. Byli\u015bmy pierwsz\u0105 firm\u0105 na \u015bwiecie, kt\u00f3ra wprowadzi\u0142a do hulajnogi System Odzyskiwania Energii Kinetycznej oraz hamulec elektromagnetyczny. Przed wynalezieniem naszej hulajnogi, technologia KERS by\u0142a stosowana jedynie w samochodach Formu\u0142y 1. Byli\u015bmy pierwsz\u0105 firm\u0105, kt\u00f3ra u\u017cy\u0142a unikalnego bloku komunikacyjnego \u0142\u0105cz\u0105cego system przyspieszania i hamowania, jednocze\u015bnie wy\u015bwietlaj\u0105c cenne informacje, takie jak temperatura otoczenia, procent na\u0142adowania baterii, \u015bwiat\u0142a czujnik\u00f3w i wiele wi\u0119cej. Posiadamy rekord najni\u017cszego zu\u017cycia energii w\u015br\u00f3d masowo produkowanych pojazd\u00f3w elektrycznych zdolnych przewozi\u0107 75 kg \u0142adunku &#8211; zaledwie 6,15 W\/h. W 2013 roku wyprodukowali\u015bmy najl\u017cejsz\u0105 masowo produkowan\u0105 hulajnog\u0119 elektryczn\u0105 (wa\u017c\u0105c\u0105 tylko 9,8 kg). Posiadamy ponad 50 patent\u00f3w i wynalazk\u00f3w zwi\u0105zanych z hulajnog\u0105 elektryczn\u0105 E-TWOW.<\/p>\n<p>Nasza fabryka w Chinach jest odpowiedzialna za produkcj\u0119 hulajn\u00f3g elektrycznych, korzystaj\u0105c z nowoczesnych maszyn i technologii. Posiadamy r\u00f3wnie\u017c centrum biznesowe w Rumunii, kt\u00f3re stanowi Europejskie Centrum logistyki, obs\u0142ugi i sprzeda\u017cy.<\/p>\n<p>Osi\u0105gn\u0105wszy wiod\u0105c\u0105 pozycj\u0119 w bran\u017cy hulajn\u00f3g elektrycznych, rozpocz\u0119li\u015bmy prace nad opracowaniem najbardziej efektywnego systemu wsp\u00f3\u0142dzielenia hulajn\u00f3g. Posiadamy dwa centra badawczo-rozwojowe (jedno w Chinach i jedno w Europie), kt\u00f3re opracowuj\u0105 zar\u00f3wno oprogramowanie, jak i sprz\u0119t dla systemu wsp\u00f3\u0142dzielenia hulajn\u00f3g. Korzystaj\u0105c z najnowocze\u015bniejszych technologii, rozwijamy inteligentne baterie z mo\u017cliwo\u015bci\u0105 \u0142adowania bezprzewodowego, aplikacje IOT i GPS, a tak\u017ce aplikacje Android i iOS.<\/p>\n<p>Centrum R&amp;D w Europie jest r\u00f3wnie\u017c odpowiedzialne za rozwijanie stacji \u0142adowania pojazd\u00f3w elektrycznych niskiej i wysokiej mocy.<\/p>\n<\/div><\/div><div class=\"w-grid us_grid type_masonry layout_gallery_default cols_4 preload_style_spinner with_isotope\" id=\"us_grid_1\" style=\"--columns:4;\" data-filterable=\"true\"><style>@media (max-width:479px){#us_grid_1{--columns:2!important}}.layout_gallery_default .w-grid-item-h{}<\/style><div class=\"w-grid-list\">\t<article class=\"w-grid-item size_1x1 post-35541 attachment type-attachment status-inherit hentry\" data-id=\"35541\">\r\n\t\t<div class=\"w-grid-item-h\">\r\n\t\t\t\t\t\t\t<a ref=\"magnificPopupGrid\" href=\"https:\/\/e-twow.com\/wp-content\/uploads\/2019\/01\/awards.jpg\" class=\"w-grid-item-anchor\" aria-label=\"Geneva\"><\/a>\r\n\t\t\t\t\t\t<div class=\"w-post-elm post_image usg_post_image_1 stretched\"><img decoding=\"async\" width=\"350\" height=\"350\" data-src=\"https:\/\/e-twow.com\/wp-content\/uploads\/2019\/01\/awards-350x350.jpg\" class=\"attachment-us_350_350_crop size-us_350_350_crop lazyload\" alt=\"\" data-srcset=\"https:\/\/e-twow.com\/wp-content\/uploads\/2019\/01\/awards-350x350.jpg 350w, https:\/\/e-twow.com\/wp-content\/uploads\/2019\/01\/awards-150x150.jpg 150w, https:\/\/e-twow.com\/wp-content\/uploads\/2019\/01\/awards-600x600.jpg 600w\" data-sizes=\"(max-width: 350px) 100vw, 350px\" src=\"data:image\/svg+xml;base64,PHN2ZyB3aWR0aD0iMSIgaGVpZ2h0PSIxIiB4bWxucz0iaHR0cDovL3d3dy53My5vcmcvMjAwMC9zdmciPjwvc3ZnPg==\" style=\"--smush-placeholder-width: 350px; --smush-placeholder-aspect-ratio: 350\/350;\" \/><\/div>\t\t<\/div>\r\n\t\t\t<\/article>\r\n\t<article class=\"w-grid-item size_1x1 post-35530 attachment type-attachment status-inherit hentry\" data-id=\"35530\">\r\n\t\t<div class=\"w-grid-item-h\">\r\n\t\t\t\t\t\t\t<a ref=\"magnificPopupGrid\" href=\"https:\/\/e-twow.com\/wp-content\/uploads\/2018\/01\/1.jpg\" class=\"w-grid-item-anchor\" aria-label=\"1\"><\/a>\r\n\t\t\t\t\t\t<div class=\"w-post-elm post_image usg_post_image_1 stretched\"><img decoding=\"async\" width=\"350\" height=\"350\" data-src=\"https:\/\/e-twow.com\/wp-content\/uploads\/2018\/01\/1-350x350.jpg\" class=\"attachment-us_350_350_crop size-us_350_350_crop lazyload\" alt=\"\" data-srcset=\"https:\/\/e-twow.com\/wp-content\/uploads\/2018\/01\/1-350x350.jpg 350w, https:\/\/e-twow.com\/wp-content\/uploads\/2018\/01\/1-150x150.jpg 150w, https:\/\/e-twow.com\/wp-content\/uploads\/2018\/01\/1-600x600.jpg 600w, https:\/\/e-twow.com\/wp-content\/uploads\/2018\/01\/1-300x300.jpg 300w\" data-sizes=\"(max-width: 350px) 100vw, 350px\" src=\"data:image\/svg+xml;base64,PHN2ZyB3aWR0aD0iMSIgaGVpZ2h0PSIxIiB4bWxucz0iaHR0cDovL3d3dy53My5vcmcvMjAwMC9zdmciPjwvc3ZnPg==\" style=\"--smush-placeholder-width: 350px; --smush-placeholder-aspect-ratio: 350\/350;\" \/><\/div>\t\t<\/div>\r\n\t\t\t<\/article>\r\n\t<article class=\"w-grid-item size_1x1 post-35531 attachment type-attachment status-inherit hentry\" data-id=\"35531\">\r\n\t\t<div class=\"w-grid-item-h\">\r\n\t\t\t\t\t\t\t<a ref=\"magnificPopupGrid\" href=\"https:\/\/e-twow.com\/wp-content\/uploads\/2018\/01\/8.jpg\" class=\"w-grid-item-anchor\" aria-label=\"8\"><\/a>\r\n\t\t\t\t\t\t<div class=\"w-post-elm post_image usg_post_image_1 stretched\"><img decoding=\"async\" width=\"350\" height=\"350\" data-src=\"https:\/\/e-twow.com\/wp-content\/uploads\/2018\/01\/8-350x350.jpg\" class=\"attachment-us_350_350_crop size-us_350_350_crop lazyload\" alt=\"\" data-srcset=\"https:\/\/e-twow.com\/wp-content\/uploads\/2018\/01\/8-350x350.jpg 350w, https:\/\/e-twow.com\/wp-content\/uploads\/2018\/01\/8-150x150.jpg 150w, https:\/\/e-twow.com\/wp-content\/uploads\/2018\/01\/8-600x600.jpg 600w, https:\/\/e-twow.com\/wp-content\/uploads\/2018\/01\/8-300x300.jpg 300w\" data-sizes=\"(max-width: 350px) 100vw, 350px\" src=\"data:image\/svg+xml;base64,PHN2ZyB3aWR0aD0iMSIgaGVpZ2h0PSIxIiB4bWxucz0iaHR0cDovL3d3dy53My5vcmcvMjAwMC9zdmciPjwvc3ZnPg==\" style=\"--smush-placeholder-width: 350px; --smush-placeholder-aspect-ratio: 350\/350;\" \/><\/div>\t\t<\/div>\r\n\t\t\t<\/article>\r\n\t<article class=\"w-grid-item size_1x1 post-35532 attachment type-attachment status-inherit hentry\" data-id=\"35532\">\r\n\t\t<div class=\"w-grid-item-h\">\r\n\t\t\t\t\t\t\t<a ref=\"magnificPopupGrid\" href=\"https:\/\/e-twow.com\/wp-content\/uploads\/2018\/01\/10.jpg\" class=\"w-grid-item-anchor\" aria-label=\"10\"><\/a>\r\n\t\t\t\t\t\t<div class=\"w-post-elm post_image usg_post_image_1 stretched\"><img decoding=\"async\" width=\"350\" height=\"350\" data-src=\"https:\/\/e-twow.com\/wp-content\/uploads\/2018\/01\/10-350x350.jpg\" class=\"attachment-us_350_350_crop size-us_350_350_crop lazyload\" alt=\"\" data-srcset=\"https:\/\/e-twow.com\/wp-content\/uploads\/2018\/01\/10-350x350.jpg 350w, https:\/\/e-twow.com\/wp-content\/uploads\/2018\/01\/10-150x150.jpg 150w, https:\/\/e-twow.com\/wp-content\/uploads\/2018\/01\/10-600x600.jpg 600w, https:\/\/e-twow.com\/wp-content\/uploads\/2018\/01\/10-300x300.jpg 300w\" data-sizes=\"(max-width: 350px) 100vw, 350px\" src=\"data:image\/svg+xml;base64,PHN2ZyB3aWR0aD0iMSIgaGVpZ2h0PSIxIiB4bWxucz0iaHR0cDovL3d3dy53My5vcmcvMjAwMC9zdmciPjwvc3ZnPg==\" style=\"--smush-placeholder-width: 350px; --smush-placeholder-aspect-ratio: 350\/350;\" \/><\/div>\t\t<\/div>\r\n\t\t\t<\/article>\r\n\t<article class=\"w-grid-item size_1x1 post-35533 attachment type-attachment status-inherit hentry\" data-id=\"35533\">\r\n\t\t<div class=\"w-grid-item-h\">\r\n\t\t\t\t\t\t\t<a ref=\"magnificPopupGrid\" href=\"https:\/\/e-twow.com\/wp-content\/uploads\/2018\/01\/awards-3.jpg\" class=\"w-grid-item-anchor\" aria-label=\"awards-3\"><\/a>\r\n\t\t\t\t\t\t<div class=\"w-post-elm post_image usg_post_image_1 stretched\"><img decoding=\"async\" width=\"319\" height=\"350\" data-src=\"https:\/\/e-twow.com\/wp-content\/uploads\/2018\/01\/awards-3-319x350.jpg\" class=\"attachment-us_350_350_crop size-us_350_350_crop lazyload\" alt=\"\" src=\"data:image\/svg+xml;base64,PHN2ZyB3aWR0aD0iMSIgaGVpZ2h0PSIxIiB4bWxucz0iaHR0cDovL3d3dy53My5vcmcvMjAwMC9zdmciPjwvc3ZnPg==\" style=\"--smush-placeholder-width: 319px; --smush-placeholder-aspect-ratio: 319\/350;\" \/><\/div>\t\t<\/div>\r\n\t\t\t<\/article>\r\n\t<article class=\"w-grid-item size_1x1 post-35535 attachment type-attachment status-inherit hentry\" data-id=\"35535\">\r\n\t\t<div class=\"w-grid-item-h\">\r\n\t\t\t\t\t\t\t<a ref=\"magnificPopupGrid\" href=\"https:\/\/e-twow.com\/wp-content\/uploads\/2018\/01\/awards-7.jpg\" class=\"w-grid-item-anchor\" aria-label=\"awards-7 aei\"><\/a>\r\n\t\t\t\t\t\t<div class=\"w-post-elm post_image usg_post_image_1 stretched\"><img decoding=\"async\" width=\"350\" height=\"350\" data-src=\"https:\/\/e-twow.com\/wp-content\/uploads\/2018\/01\/awards-7-350x350.jpg\" class=\"attachment-us_350_350_crop size-us_350_350_crop lazyload\" alt=\"\" data-srcset=\"https:\/\/e-twow.com\/wp-content\/uploads\/2018\/01\/awards-7-350x350.jpg 350w, https:\/\/e-twow.com\/wp-content\/uploads\/2018\/01\/awards-7-150x150.jpg 150w, https:\/\/e-twow.com\/wp-content\/uploads\/2018\/01\/awards-7-300x300.jpg 300w\" data-sizes=\"(max-width: 350px) 100vw, 350px\" src=\"data:image\/svg+xml;base64,PHN2ZyB3aWR0aD0iMSIgaGVpZ2h0PSIxIiB4bWxucz0iaHR0cDovL3d3dy53My5vcmcvMjAwMC9zdmciPjwvc3ZnPg==\" style=\"--smush-placeholder-width: 350px; --smush-placeholder-aspect-ratio: 350\/350;\" \/><\/div>\t\t<\/div>\r\n\t\t\t<\/article>\r\n\t<article class=\"w-grid-item size_1x1 post-35536 attachment type-attachment status-inherit hentry\" data-id=\"35536\">\r\n\t\t<div class=\"w-grid-item-h\">\r\n\t\t\t\t\t\t\t<a ref=\"magnificPopupGrid\" href=\"https:\/\/e-twow.com\/wp-content\/uploads\/2018\/01\/awards-11.jpg\" class=\"w-grid-item-anchor\" aria-label=\"awards 2017\"><\/a>\r\n\t\t\t\t\t\t<div class=\"w-post-elm post_image usg_post_image_1 stretched\"><img decoding=\"async\" width=\"350\" height=\"350\" data-src=\"https:\/\/e-twow.com\/wp-content\/uploads\/2018\/01\/awards-11-350x350.jpg\" class=\"attachment-us_350_350_crop size-us_350_350_crop lazyload\" alt=\"\" data-srcset=\"https:\/\/e-twow.com\/wp-content\/uploads\/2018\/01\/awards-11-350x350.jpg 350w, https:\/\/e-twow.com\/wp-content\/uploads\/2018\/01\/awards-11-150x150.jpg 150w, https:\/\/e-twow.com\/wp-content\/uploads\/2018\/01\/awards-11-300x300.jpg 300w\" data-sizes=\"(max-width: 350px) 100vw, 350px\" src=\"data:image\/svg+xml;base64,PHN2ZyB3aWR0aD0iMSIgaGVpZ2h0PSIxIiB4bWxucz0iaHR0cDovL3d3dy53My5vcmcvMjAwMC9zdmciPjwvc3ZnPg==\" style=\"--smush-placeholder-width: 350px; --smush-placeholder-aspect-ratio: 350\/350;\" \/><\/div>\t\t<\/div>\r\n\t\t\t<\/article>\r\n\t<article class=\"w-grid-item size_1x1 post-35537 attachment type-attachment status-inherit hentry\" data-id=\"35537\">\r\n\t\t<div class=\"w-grid-item-h\">\r\n\t\t\t\t\t\t\t<a ref=\"magnificPopupGrid\" href=\"https:\/\/e-twow.com\/wp-content\/uploads\/2018\/01\/awards-17.jpg\" class=\"w-grid-item-anchor\" aria-label=\"e-twow pro invent medal\"><\/a>\r\n\t\t\t\t\t\t<div class=\"w-post-elm post_image usg_post_image_1 stretched\"><img decoding=\"async\" width=\"350\" height=\"350\" data-src=\"https:\/\/e-twow.com\/wp-content\/uploads\/2018\/01\/awards-17-350x350.jpg\" class=\"attachment-us_350_350_crop size-us_350_350_crop lazyload\" alt=\"\" data-srcset=\"https:\/\/e-twow.com\/wp-content\/uploads\/2018\/01\/awards-17-350x350.jpg 350w, https:\/\/e-twow.com\/wp-content\/uploads\/2018\/01\/awards-17-150x150.jpg 150w, https:\/\/e-twow.com\/wp-content\/uploads\/2018\/01\/awards-17-300x300.jpg 300w\" data-sizes=\"(max-width: 350px) 100vw, 350px\" src=\"data:image\/svg+xml;base64,PHN2ZyB3aWR0aD0iMSIgaGVpZ2h0PSIxIiB4bWxucz0iaHR0cDovL3d3dy53My5vcmcvMjAwMC9zdmciPjwvc3ZnPg==\" style=\"--smush-placeholder-width: 350px; --smush-placeholder-aspect-ratio: 350\/350;\" \/><\/div>\t\t<\/div>\r\n\t\t\t<\/article>\r\n<\/div>\t<div class=\"w-grid-preloader\">\r\n\t\t<div class=\"g-preloader type_1\">\r\n\t\t\t<div><\/div>\r\n\t\t<\/div>\r\n\t<\/div>\r\n\t\t<div class=\"w-grid-json hidden\" onclick='return {&quot;action&quot;:&quot;us_ajax_grid&quot;,&quot;infinite_scroll&quot;:0,&quot;max_num_pages&quot;:1,&quot;pagination&quot;:&quot;none&quot;,&quot;template_vars&quot;:{&quot;columns&quot;:&quot;4&quot;,&quot;exclude_items&quot;:&quot;none&quot;,&quot;img_size&quot;:&quot;us_350_350_crop&quot;,&quot;ignore_items_size&quot;:0,&quot;items_layout&quot;:&quot;gallery_default&quot;,&quot;items_offset&quot;:&quot;1&quot;,&quot;load_animation&quot;:&quot;none&quot;,&quot;overriding_link&quot;:&quot;%7B%22type%22%3A%22popup_image%22%7D&quot;,&quot;post_id&quot;:0,&quot;query_args&quot;:{&quot;post_type&quot;:[&quot;attachment&quot;],&quot;post__in&quot;:[&quot;5567&quot;,&quot;4239&quot;,&quot;4241&quot;,&quot;4242&quot;,&quot;4243&quot;,&quot;4246&quot;,&quot;4247&quot;,&quot;4250&quot;],&quot;post_status&quot;:&quot;inherit&quot;,&quot;post_mime_type&quot;:&quot;image&quot;,&quot;posts_per_page&quot;:999},&quot;orderby_query_args&quot;:{&quot;orderby&quot;:{&quot;post__in&quot;:&quot;ASC&quot;},&quot;order&quot;:&quot;ASC&quot;},&quot;type&quot;:&quot;masonry&quot;,&quot;us_grid_post_type&quot;:&quot;attachment&quot;,&quot;us_grid_ajax_index&quot;:1,&quot;us_grid_filter_query_string&quot;:null,&quot;us_grid_index&quot;:1,&quot;page_args&quot;:[],&quot;lang&quot;:&quot;pl&quot;}}'><\/div>\r\n\t<\/div><\/div><\/div><\/div><\/div><\/div><\/section>\n","protected":false},"excerpt":{"rendered":"","protected":false},"author":1,"featured_media":0,"parent":0,"menu_order":0,"comment_status":"closed","ping_status":"closed","template":"","meta":{"ngg_post_thumbnail":0,"footnotes":""},"class_list":["post-35529","page","type-page","status-publish","hentry"],"yoast_head":"<!-- This site is optimized with the Yoast SEO Premium plugin v27.4 (Yoast SEO v27.4) - https:\/\/yoast.com\/product\/yoast-seo-premium-wordpress\/ -->\n<title>Nagrody i Osi\u0105gni\u0119cia - E-TWOW<\/title>\n<meta name=\"robots\" content=\"index, follow, max-snippet:-1, max-image-preview:large, max-video-preview:-1\" \/>\n<link rel=\"canonical\" href=\"https:\/\/e-twow.com\/awards\/\" \/>\n<meta property=\"og:locale\" content=\"pl_PL\" \/>\n<meta property=\"og:type\" content=\"article\" \/>\n<meta property=\"og:title\" content=\"Nagrody i Osi\u0105gni\u0119cia\" \/>\n<meta property=\"og:url\" content=\"https:\/\/e-twow.com\/awards\/\" \/>\n<meta property=\"og:site_name\" content=\"E-TWOW\" \/>\n<meta property=\"og:image\" content=\"https:\/\/e-twow.com\/wp-content\/uploads\/2018\/01\/awards-18.jpg\" \/>\n<meta name=\"twitter:card\" content=\"summary_large_image\" \/>\n<meta name=\"twitter:label1\" content=\"Szacowany czas czytania\" \/>\n\t<meta name=\"twitter:data1\" content=\"2 minuty\" \/>\n<script type=\"application\/ld+json\" class=\"yoast-schema-graph\">{\"@context\":\"https:\\\/\\\/schema.org\",\"@graph\":[{\"@type\":\"WebPage\",\"@id\":\"https:\\\/\\\/e-twow.com\\\/awards\\\/\",\"url\":\"https:\\\/\\\/e-twow.com\\\/awards\\\/\",\"name\":\"Nagrody i Osi\u0105gni\u0119cia - E-TWOW\",\"isPartOf\":{\"@id\":\"https:\\\/\\\/e-twow.com\\\/#website\"},\"datePublished\":\"2024-02-04T08:39:11+00:00\",\"breadcrumb\":{\"@id\":\"https:\\\/\\\/e-twow.com\\\/awards\\\/#breadcrumb\"},\"inLanguage\":\"pl-PL\",\"potentialAction\":[{\"@type\":\"ReadAction\",\"target\":[\"https:\\\/\\\/e-twow.com\\\/awards\\\/\"]}]},{\"@type\":\"BreadcrumbList\",\"@id\":\"https:\\\/\\\/e-twow.com\\\/awards\\\/#breadcrumb\",\"itemListElement\":[{\"@type\":\"ListItem\",\"position\":1,\"name\":\"Strona g\u0142\u00f3wna\",\"item\":\"https:\\\/\\\/e-twow.com\\\/\"},{\"@type\":\"ListItem\",\"position\":2,\"name\":\"Nagrody i Osi\u0105gni\u0119cia\"}]},{\"@type\":\"WebSite\",\"@id\":\"https:\\\/\\\/e-twow.com\\\/#website\",\"url\":\"https:\\\/\\\/e-twow.com\\\/\",\"name\":\"E-TWOW\",\"description\":\"Portable Scooter\",\"potentialAction\":[{\"@type\":\"SearchAction\",\"target\":{\"@type\":\"EntryPoint\",\"urlTemplate\":\"https:\\\/\\\/e-twow.com\\\/?s={search_term_string}\"},\"query-input\":{\"@type\":\"PropertyValueSpecification\",\"valueRequired\":true,\"valueName\":\"search_term_string\"}}],\"inLanguage\":\"pl-PL\"}]}<\/script>\n<!-- \/ Yoast SEO Premium plugin. -->","yoast_head_json":{"title":"Nagrody i Osi\u0105gni\u0119cia - E-TWOW","robots":{"index":"index","follow":"follow","max-snippet":"max-snippet:-1","max-image-preview":"max-image-preview:large","max-video-preview":"max-video-preview:-1"},"canonical":"https:\/\/e-twow.com\/awards\/","og_locale":"pl_PL","og_type":"article","og_title":"Nagrody i Osi\u0105gni\u0119cia","og_url":"https:\/\/e-twow.com\/awards\/","og_site_name":"E-TWOW","og_image":[{"url":"https:\/\/e-twow.com\/wp-content\/uploads\/2018\/01\/awards-18.jpg","type":"","width":"","height":""}],"twitter_card":"summary_large_image","twitter_misc":{"Szacowany czas czytania":"2 minuty"},"schema":{"@context":"https:\/\/schema.org","@graph":[{"@type":"WebPage","@id":"https:\/\/e-twow.com\/awards\/","url":"https:\/\/e-twow.com\/awards\/","name":"Nagrody i Osi\u0105gni\u0119cia - E-TWOW","isPartOf":{"@id":"https:\/\/e-twow.com\/#website"},"datePublished":"2024-02-04T08:39:11+00:00","breadcrumb":{"@id":"https:\/\/e-twow.com\/awards\/#breadcrumb"},"inLanguage":"pl-PL","potentialAction":[{"@type":"ReadAction","target":["https:\/\/e-twow.com\/awards\/"]}]},{"@type":"BreadcrumbList","@id":"https:\/\/e-twow.com\/awards\/#breadcrumb","itemListElement":[{"@type":"ListItem","position":1,"name":"Strona g\u0142\u00f3wna","item":"https:\/\/e-twow.com\/"},{"@type":"ListItem","position":2,"name":"Nagrody i Osi\u0105gni\u0119cia"}]},{"@type":"WebSite","@id":"https:\/\/e-twow.com\/#website","url":"https:\/\/e-twow.com\/","name":"E-TWOW","description":"Portable Scooter","potentialAction":[{"@type":"SearchAction","target":{"@type":"EntryPoint","urlTemplate":"https:\/\/e-twow.com\/?s={search_term_string}"},"query-input":{"@type":"PropertyValueSpecification","valueRequired":true,"valueName":"search_term_string"}}],"inLanguage":"pl-PL"}]}},"_links":{"self":[{"href":"https:\/\/e-twow.com\/pl\/wp-json\/wp\/v2\/pages\/35529","targetHints":{"allow":["GET"]}}],"collection":[{"href":"https:\/\/e-twow.com\/pl\/wp-json\/wp\/v2\/pages"}],"about":[{"href":"https:\/\/e-twow.com\/pl\/wp-json\/wp\/v2\/types\/page"}],"author":[{"embeddable":true,"href":"https:\/\/e-twow.com\/pl\/wp-json\/wp\/v2\/users\/1"}],"replies":[{"embeddable":true,"href":"https:\/\/e-twow.com\/pl\/wp-json\/wp\/v2\/comments?post=35529"}],"version-history":[{"count":1,"href":"https:\/\/e-twow.com\/pl\/wp-json\/wp\/v2\/pages\/35529\/revisions"}],"predecessor-version":[{"id":35542,"href":"https:\/\/e-twow.com\/pl\/wp-json\/wp\/v2\/pages\/35529\/revisions\/35542"}],"wp:attachment":[{"href":"https:\/\/e-twow.com\/pl\/wp-json\/wp\/v2\/media?parent=35529"}],"curies":[{"name":"wp","href":"https:\/\/api.w.org\/{rel}","templated":true}]}}