{"id":35505,"date":"2024-01-06T12:25:45","date_gmt":"2024-01-06T12:25:45","guid":{"rendered":"https:\/\/e-twow.com\/?page_id=35505"},"modified":"2024-01-06T12:25:45","modified_gmt":"2024-01-06T12:25:45","slug":"o-nas","status":"publish","type":"page","link":"https:\/\/e-twow.com\/pl\/o-nas\/","title":{"rendered":"O nas"},"content":{"rendered":"<section class=\"l-section wpb_row us_custom_245ba1bc height_small width_full with_img parallax_ver\"><div class=\"l-section-img lazyload\" role=\"img\" aria-label=\"Obrazek\" data-img-width=\"2560\" data-img-height=\"1440\" style=\"background-image:inherit;background-repeat: no-repeat;\" data-bg-image=\"url(https:\/\/e-twow.com\/wp-content\/uploads\/2023\/06\/fabrica-china-2023-scaled.jpg)\"><\/div><div class=\"l-section-overlay\" style=\"background:rgba(0,0,0,0.30)\"><\/div><div class=\"l-section-h i-cf\"><div class=\"g-cols vc_row via_flex valign_middle type_default stacking_default\"><div class=\"vc_col-sm-12 wpb_column vc_column_container\"><div class=\"vc_column-inner\"><div class=\"wpb_wrapper\">[vc_custom_heading text=&#8221;Innowacje w mikromobilno\u015bci od 2013 roku&#8221; font_container=&#8221;tag:h1|font_size:60px|text_align:center|color:%23ffffff&#8221; use_theme_fonts=&#8221;yes&#8221;]<\/div><\/div><\/div><\/div><\/div><\/section><!-- Row Backgrounds --><div class=\"upb_bg_img\" data-ultimate-bg=\"url(https:\/\/e-twow.com\/wp-content\/uploads\/2023\/06\/fabrica-china-2023-scaled.jpg)\" data-image-id=\"id^15407|url^https:\/\/e-twow.com\/wp-content\/uploads\/2023\/06\/fabrica-china-2023-scaled.jpg|caption^null|alt^null|title^fabrica china 2023|description^null\" data-ultimate-bg-style=\"vcpb-vz-jquery\" data-bg-img-repeat=\"no-repeat\" data-bg-img-size=\"cover\" data-bg-img-position=\"\" data-parallx_sense=\"33\" data-bg-override=\"0\" data-bg_img_attach=\"fixed\" data-upb-overlay-color=\"\" data-upb-bg-animation=\"\" data-fadeout=\"fadeout_row_value\" data-bg-animation=\"left-animation\" data-bg-animation-type=\"h\" data-animation-repeat=\"repeat\" data-fadeout-percentage=\"30\" data-parallax-content=\"\" data-parallax-content-sense=\"30\" data-row-effect-mobile-disable=\"true\" data-img-parallax-mobile-disable=\"true\" data-rtl=\"false\"  data-custom-vc-row=\"\"  data-vc=\"8.7.2\"  data-is_old_vc=\"\"  data-theme-support=\"\"   data-overlay=\"false\" data-overlay-color=\"\" data-overlay-pattern=\"\" data-overlay-pattern-opacity=\"\" data-overlay-pattern-size=\"\"    ><\/div><section class=\"l-section wpb_row height_small\"><div class=\"l-section-h i-cf\"><div class=\"g-cols vc_row via_flex valign_top type_default stacking_default\"><div class=\"vc_col-sm-12 wpb_column vc_column_container\"><div class=\"vc_column-inner\"><div class=\"wpb_wrapper\"><div class=\"wpb_text_column\"><div class=\"wpb_wrapper\"><div class=\"column mcb-column one column_column column-margin-\">\n<div class=\"column_attr clearfix\">\n<div>\n<h2>Historia E-TWOW<\/h2>\n<p>Marka E-TWOW \u2013 Electric Two Wheels (wymawiane E 2 W) jest cz\u0119\u015bci\u0105 du\u017cej mi\u0119dzynarodowej koncepcji z siedzib\u0105 w Chinach. Jako producenci hulajn\u00f3g elektrycznych chcieli\u015bmy zapocz\u0105tkowa\u0107 now\u0105 er\u0119 mobilno\u015bci miejskiej dzi\u0119ki naszym genialnym pojazdom elektrycznym. Hulajnoga elektryczna E-TWOW to praktyczne rozwi\u0105zanie na co dzie\u0144. Zosta\u0142 opracowany przez zesp\u00f3\u0142 in\u017cynier\u00f3w z solidn\u0105 wiedz\u0105 z zakresu in\u017cynierii mechanicznej i elektrycznej.<\/p>\n<\/div>\n<\/div>\n<\/div>\n<\/div><\/div><\/div><\/div><\/div><\/div><\/div><\/section><section class=\"l-section wpb_row height_small\"><div class=\"l-section-h i-cf\"><div class=\"g-cols vc_row via_flex valign_top type_default stacking_default\"><div class=\"vc_col-sm-12 wpb_column vc_column_container\"><div class=\"vc_column-inner\"><div class=\"wpb_wrapper\"><div class=\"wpb_text_column\"><div class=\"wpb_wrapper\"><h2>Nasza podr\u00f3\u017c jako producent\u00f3w hulajn\u00f3g elektrycznych<\/h2>\n<p>Pierwsza hulajnoga elektryczna E-TWOW powsta\u0142a w 2013 roku. Wynalezienie hulajnogi zrodzi\u0142o si\u0119 z konieczno\u015bci znalezienia praktycznego rozwi\u0105zania na poruszanie si\u0119 w zat\u0142oczonym mie\u015bcie. W tamtych czasach jedyn\u0105 alternatyw\u0105 dla samochod\u00f3w i transportu publicznego by\u0142y rowery klasyczne i elektryczne. Rowery by\u0142y jednak niewygodne, by\u0142y do\u015b\u0107 ci\u0119\u017ckie i w wielu du\u017cych miastach nie wolno by\u0142o wje\u017cd\u017ca\u0107 rowerami do metra. W zwi\u0105zku z tym niezaprzeczalna by\u0142a potrzeba posiadania mniejszego, przeno\u015bnego pojazdu.<\/p>\n<p>Zacz\u0119li\u015bmy od prototypu, kt\u00f3ry testowali\u015bmy na zat\u0142oczonych ulicach Szanghaju. Rewolucyjny pojazd elektryczny by\u0142 w\u00f3wczas nowo\u015bci\u0105 i ludzie zawsze zatrzymywali si\u0119 na ulicy, \u017ceby zapyta\u0107 o hulajnog\u0119. Nietrudno sobie wyobrazi\u0107, jak taki pojazd m\u00f3g\u0142by na zawsze zmieni\u0107 spos\u00f3b poruszania si\u0119 ludzi w \u015brodowisku miejskim. Bior\u0105c pod uwag\u0119 fakt, \u017ce hulajnoga by\u0142a uwa\u017cana za zabawk\u0119 dla dzieci, hulajnoga elektryczna od pocz\u0105tku nie odnios\u0142a sukcesu. Jednak wystarczy\u0142o, aby ludzie spr\u00f3bowali i przekonali si\u0119 o u\u017cyteczno\u015bci takiego pojazdu, nie m\u00f3wi\u0105c ju\u017c o przyjemno\u015bci, jak\u0105 daje jazda nim.<\/p>\n<p>W 2013 roku wyprodukowali\u015bmy masowo najl\u017cejsz\u0105 w\u00f3wczas hulajnog\u0119 elektryczn\u0105 (wa\u017c\u0105c\u0105 zaledwie 9,8 kg). Jako pierwsi wyprodukowali\u015bmy hulajnog\u0119 elektryczn\u0105 z bezszczotkowym silnikiem elektrycznym umieszczonym w przednim kole. Nasza hulajnoga by\u0142a jednocze\u015bnie pierwsz\u0105 hulajnog\u0105 elektryczn\u0105 z hamulcem elektromagnetycznym i systemem KERS (Kinetic Energy Recovery System). Wi\u0119cej o naszych osi\u0105gni\u0119ciach mo\u017cesz dowiedzie\u0107 si\u0119 tutaj.<\/p>\n<h2>Jak zbudowali\u015bmy now\u0105 er\u0119 mobilno\u015bci miejskiej<\/h2>\n<p>Ka\u017cdy rok przynosi\u0142 nowe wyzwania, ale ka\u017cde wyzwanie oznacza\u0142o now\u0105 popraw\u0119. Hulajnoga E-TWOW by\u0142a pierwsz\u0105 hulajnog\u0105, w kt\u00f3rej zastosowano system odzyskiwania energii kinetycznej, kt\u00f3ry by\u0142 w\u00f3wczas u\u017cywany tylko w samochodach wy\u015bcigowych. Jego lekko\u015b\u0107 i 3-punktowy system sk\u0142adania sprawi\u0142y, \u017ce by\u0142 to jeden z najwygodniejszych pojazd\u00f3w do transportu osobistego, poniewa\u017c mo\u017cna go by\u0142o \u0142atwo przenosi\u0107 i przechowywa\u0107. Pocz\u0105tkowy projekt uleg\u0142 niewielkim zmianom w czasie, poniewa\u017c od samego pocz\u0105tku hulajnoga zosta\u0142a zaprojektowana z my\u015bl\u0105 o optymalnej stabilno\u015bci i zwrotno\u015bci. Niemniej jednak nowsze generacje charakteryzowa\u0142y si\u0119 znacznymi ulepszeniami pod wzgl\u0119dem ergonomii i oprogramowania.<\/p>\n<p>Na pocz\u0105tku wsp\u00f3\u0142pracowali\u015bmy z r\u00f3\u017cnymi fabrykami produkuj\u0105cymi komponenty do hulajn\u00f3g, ale wkr\u00f3tce potem zdecydowali\u015bmy, \u017ce jedynym sposobem na zapewnienie jako\u015bci hulajnogi jest zostanie producentem hulajn\u00f3g elektrycznych i wytwarzanie prawie wszystkich komponent\u00f3w w naszej w\u0142asnej fabryce. Obecnie istniej\u0105 trzy centra biznesowe: fabryki w Chinach oraz biura sprzeda\u017cy w Niemczech i Rumunii. Centrum produkcyjne w Chinach produkuje prawie 90% komponent\u00f3w hulajnogi (od sprz\u0119tu po oprogramowanie, silniki, wszystkie plastikowe elementy, a nawet akumulatory).<\/p>\n<p>W 2017 roku elektryczny przeno\u015bny i sk\u0142adany pojazd E-TWOW zdoby\u0142 z\u0142oty medal za najlepszy wynalazek na 45. Mi\u0119dzynarodowej Wystawie Wynalazk\u00f3w w Genewie. Z biegiem lat kilku innych producent\u00f3w hulajn\u00f3g elektrycznych rozpocz\u0119\u0142o produkcj\u0119 podobnych pojazd\u00f3w, ale hulajnogi elektryczne E-TWOW nadal s\u0105 najlepszym wyborem ze wzgl\u0119du na ich wysok\u0105 jako\u015b\u0107, niesamowit\u0105 zwrotno\u015b\u0107 i og\u00f3ln\u0105 \u0142atwo\u015b\u0107 u\u017cytkowania. Na chwil\u0119 obecn\u0105 hulajnoga E-TWOW to jedyny pojazd elektryczny, kt\u00f3ry mo\u017ce w pe\u0142ni funkcjonowa\u0107 bez akumulatora. Je\u015bli wyjmiesz akumulator z innego pojazdu elektrycznego i przyspieszysz, zniszczysz sterownik lub hamulce. Dzi\u0119ki hulajnodze E-TWOW mo\u017cesz wyj\u0105\u0107 akumulator i zjecha\u0107 na d\u00f3\u0142, nie niszcz\u0105c \u017cadnych element\u00f3w. Co wi\u0119cej, nawet bez akumulatora nadal b\u0119dziesz m\u00f3g\u0142 korzysta\u0107 z hamulc\u00f3w i \u015bwiate\u0142.<\/p>\n<h2>Kszta\u0142towanie przysz\u0142o\u015bci pojazd\u00f3w elektrycznych<\/h2>\n<p>W 2023 roku otworzyli\u015bmy drugie centrum produkcyjne w Chinach, co pozwoli\u0142o nam potroi\u0107 nasze moce produkcyjne. W nowej fabryce opracowali\u015bmy nowe modele hulajn\u00f3g elektrycznych oraz stworzyli\u015bmy pionierskie koncepcje i najnowocze\u015bniejsze technologie, kt\u00f3re ukszta\u0142tuj\u0105 przysz\u0142o\u015b\u0107 tej bran\u017cy. Wkroczyli\u015bmy tak\u017ce w bran\u017c\u0119 motorower\u00f3w elektrycznych z nowym motorowerem elektrycznym z nap\u0119dem na wszystkie ko\u0142a i najnowocze\u015bniejszym uk\u0142adem hamulcowym. Wszystkie komponenty i podzespo\u0142y, kt\u00f3re obecnie produkujemy, s\u0105 dostosowane do wymaga\u0144 przemys\u0142u motoryzacyjnego<\/p>\n<\/div><\/div><\/div><\/div><\/div><\/div><\/div><\/section><section class=\"l-section wpb_row height_small\"><div class=\"l-section-h i-cf\"><div class=\"g-cols vc_row via_flex valign_top type_default stacking_default\"><div class=\"vc_col-sm-12 wpb_column vc_column_container\"><div class=\"vc_column-inner\"><div class=\"wpb_wrapper\">[vc_custom_heading text=&#8221;JINHUA ZHEJIANG FACTORY<br \/>\nCHINA&#8221; font_container=&#8221;tag:h3|text_align:left&#8221; use_theme_fonts=&#8221;yes&#8221;]<div class=\"w-grid us_grid type_grid layout_gallery_default cols_2 preload_style_spinner\" id=\"us_grid_1\" style=\"--columns:2;--gap:10px;\" data-filterable=\"true\"><style>@media (max-width:600px){#us_grid_1{--columns:1!important}}.layout_gallery_default .w-grid-item-h{}<\/style><div class=\"w-grid-list\">\t<article class=\"w-grid-item size_1x1 post-35517 attachment type-attachment status-inherit hentry\" data-id=\"35517\">\r\n\t\t<div class=\"w-grid-item-h\">\r\n\t\t\t\t\t\t\t<a ref=\"magnificPopupGrid\" href=\"https:\/\/e-twow.com\/wp-content\/uploads\/2023\/06\/e-twow-factory-slideshow-1.jpg\" class=\"w-grid-item-anchor\" aria-label=\"e-twow factory slideshow 1\"><\/a>\r\n\t\t\t\t\t\t<div class=\"w-post-elm post_image usg_post_image_1 stretched\"><img decoding=\"async\" width=\"1000\" height=\"562\" data-src=\"https:\/\/e-twow.com\/wp-content\/uploads\/2023\/06\/e-twow-factory-slideshow-1.jpg\" class=\"attachment-full size-full lazyload\" alt=\"\" data-srcset=\"https:\/\/e-twow.com\/wp-content\/uploads\/2023\/06\/e-twow-factory-slideshow-1.jpg 1000w, https:\/\/e-twow.com\/wp-content\/uploads\/2023\/06\/e-twow-factory-slideshow-1-300x169.jpg 300w, https:\/\/e-twow.com\/wp-content\/uploads\/2023\/06\/e-twow-factory-slideshow-1-768x432.jpg 768w, https:\/\/e-twow.com\/wp-content\/uploads\/2023\/06\/e-twow-factory-slideshow-1-210x118.jpg 210w\" data-sizes=\"(max-width: 1000px) 100vw, 1000px\" src=\"data:image\/svg+xml;base64,PHN2ZyB3aWR0aD0iMSIgaGVpZ2h0PSIxIiB4bWxucz0iaHR0cDovL3d3dy53My5vcmcvMjAwMC9zdmciPjwvc3ZnPg==\" style=\"--smush-placeholder-width: 1000px; --smush-placeholder-aspect-ratio: 1000\/562;\" \/><\/div>\t\t<\/div>\r\n\t\t\t<\/article>\r\n\t<article class=\"w-grid-item size_1x1 post-35518 attachment type-attachment status-inherit hentry\" data-id=\"35518\">\r\n\t\t<div class=\"w-grid-item-h\">\r\n\t\t\t\t\t\t\t<a ref=\"magnificPopupGrid\" href=\"https:\/\/e-twow.com\/wp-content\/uploads\/2023\/06\/e-twow-factory-slideshow-2.jpg\" class=\"w-grid-item-anchor\" aria-label=\"e-twow factory slideshow 2\"><\/a>\r\n\t\t\t\t\t\t<div class=\"w-post-elm post_image usg_post_image_1 stretched\"><img decoding=\"async\" width=\"1000\" height=\"562\" data-src=\"https:\/\/e-twow.com\/wp-content\/uploads\/2023\/06\/e-twow-factory-slideshow-2.jpg\" class=\"attachment-full size-full lazyload\" alt=\"\" data-srcset=\"https:\/\/e-twow.com\/wp-content\/uploads\/2023\/06\/e-twow-factory-slideshow-2.jpg 1000w, https:\/\/e-twow.com\/wp-content\/uploads\/2023\/06\/e-twow-factory-slideshow-2-300x169.jpg 300w, https:\/\/e-twow.com\/wp-content\/uploads\/2023\/06\/e-twow-factory-slideshow-2-768x432.jpg 768w, https:\/\/e-twow.com\/wp-content\/uploads\/2023\/06\/e-twow-factory-slideshow-2-210x118.jpg 210w\" data-sizes=\"(max-width: 1000px) 100vw, 1000px\" src=\"data:image\/svg+xml;base64,PHN2ZyB3aWR0aD0iMSIgaGVpZ2h0PSIxIiB4bWxucz0iaHR0cDovL3d3dy53My5vcmcvMjAwMC9zdmciPjwvc3ZnPg==\" style=\"--smush-placeholder-width: 1000px; --smush-placeholder-aspect-ratio: 1000\/562;\" \/><\/div>\t\t<\/div>\r\n\t\t\t<\/article>\r\n\t<article class=\"w-grid-item size_1x1 post-35519 attachment type-attachment status-inherit hentry\" data-id=\"35519\">\r\n\t\t<div class=\"w-grid-item-h\">\r\n\t\t\t\t\t\t\t<a ref=\"magnificPopupGrid\" href=\"https:\/\/e-twow.com\/wp-content\/uploads\/2023\/06\/e-twow-factory-slideshow-3.jpg\" class=\"w-grid-item-anchor\" aria-label=\"e-twow factory slideshow 3\"><\/a>\r\n\t\t\t\t\t\t<div class=\"w-post-elm post_image usg_post_image_1 stretched\"><img decoding=\"async\" width=\"1000\" height=\"562\" data-src=\"https:\/\/e-twow.com\/wp-content\/uploads\/2023\/06\/e-twow-factory-slideshow-3.jpg\" class=\"attachment-full size-full lazyload\" alt=\"\" data-srcset=\"https:\/\/e-twow.com\/wp-content\/uploads\/2023\/06\/e-twow-factory-slideshow-3.jpg 1000w, https:\/\/e-twow.com\/wp-content\/uploads\/2023\/06\/e-twow-factory-slideshow-3-300x169.jpg 300w, https:\/\/e-twow.com\/wp-content\/uploads\/2023\/06\/e-twow-factory-slideshow-3-768x432.jpg 768w, https:\/\/e-twow.com\/wp-content\/uploads\/2023\/06\/e-twow-factory-slideshow-3-210x118.jpg 210w\" data-sizes=\"(max-width: 1000px) 100vw, 1000px\" src=\"data:image\/svg+xml;base64,PHN2ZyB3aWR0aD0iMSIgaGVpZ2h0PSIxIiB4bWxucz0iaHR0cDovL3d3dy53My5vcmcvMjAwMC9zdmciPjwvc3ZnPg==\" style=\"--smush-placeholder-width: 1000px; --smush-placeholder-aspect-ratio: 1000\/562;\" \/><\/div>\t\t<\/div>\r\n\t\t\t<\/article>\r\n\t<article class=\"w-grid-item size_1x1 post-35520 attachment type-attachment status-inherit hentry\" data-id=\"35520\">\r\n\t\t<div class=\"w-grid-item-h\">\r\n\t\t\t\t\t\t\t<a ref=\"magnificPopupGrid\" href=\"https:\/\/e-twow.com\/wp-content\/uploads\/2023\/06\/e-twow-factory-slideshow-4.jpg\" class=\"w-grid-item-anchor\" aria-label=\"e-twow factory slideshow 4\"><\/a>\r\n\t\t\t\t\t\t<div class=\"w-post-elm post_image usg_post_image_1 stretched\"><img decoding=\"async\" width=\"1000\" height=\"562\" data-src=\"https:\/\/e-twow.com\/wp-content\/uploads\/2023\/06\/e-twow-factory-slideshow-4.jpg\" class=\"attachment-full size-full lazyload\" alt=\"\" data-srcset=\"https:\/\/e-twow.com\/wp-content\/uploads\/2023\/06\/e-twow-factory-slideshow-4.jpg 1000w, https:\/\/e-twow.com\/wp-content\/uploads\/2023\/06\/e-twow-factory-slideshow-4-300x169.jpg 300w, https:\/\/e-twow.com\/wp-content\/uploads\/2023\/06\/e-twow-factory-slideshow-4-768x432.jpg 768w, https:\/\/e-twow.com\/wp-content\/uploads\/2023\/06\/e-twow-factory-slideshow-4-210x118.jpg 210w\" data-sizes=\"(max-width: 1000px) 100vw, 1000px\" src=\"data:image\/svg+xml;base64,PHN2ZyB3aWR0aD0iMSIgaGVpZ2h0PSIxIiB4bWxucz0iaHR0cDovL3d3dy53My5vcmcvMjAwMC9zdmciPjwvc3ZnPg==\" style=\"--smush-placeholder-width: 1000px; --smush-placeholder-aspect-ratio: 1000\/562;\" \/><\/div>\t\t<\/div>\r\n\t\t\t<\/article>\r\n<\/div>\t<div class=\"w-grid-preloader\">\r\n\t\t<div class=\"g-preloader type_1\">\r\n\t\t\t<div><\/div>\r\n\t\t<\/div>\r\n\t<\/div>\r\n\t\t<div class=\"w-grid-json hidden\" onclick='return {&quot;action&quot;:&quot;us_ajax_grid&quot;,&quot;infinite_scroll&quot;:0,&quot;max_num_pages&quot;:1,&quot;pagination&quot;:&quot;none&quot;,&quot;template_vars&quot;:{&quot;columns&quot;:&quot;2&quot;,&quot;exclude_items&quot;:&quot;none&quot;,&quot;img_size&quot;:&quot;full&quot;,&quot;ignore_items_size&quot;:0,&quot;items_layout&quot;:&quot;gallery_default&quot;,&quot;items_offset&quot;:&quot;1&quot;,&quot;load_animation&quot;:&quot;none&quot;,&quot;overriding_link&quot;:&quot;%7B%22type%22%3A%22popup_image%22%7D&quot;,&quot;post_id&quot;:0,&quot;query_args&quot;:{&quot;post_type&quot;:[&quot;attachment&quot;],&quot;post__in&quot;:[&quot;15428&quot;,&quot;15436&quot;,&quot;15444&quot;,&quot;15452&quot;],&quot;post_status&quot;:&quot;inherit&quot;,&quot;post_mime_type&quot;:&quot;image&quot;,&quot;posts_per_page&quot;:&quot;4&quot;},&quot;orderby_query_args&quot;:{&quot;orderby&quot;:{&quot;post__in&quot;:&quot;ASC&quot;},&quot;order&quot;:&quot;ASC&quot;},&quot;type&quot;:&quot;grid&quot;,&quot;us_grid_post_type&quot;:&quot;attachment&quot;,&quot;us_grid_ajax_index&quot;:1,&quot;us_grid_filter_query_string&quot;:null,&quot;us_grid_index&quot;:1,&quot;page_args&quot;:[],&quot;lang&quot;:&quot;pl&quot;}}'><\/div>\r\n\t<\/div><\/div><\/div><\/div><\/div><\/div><\/section><section class=\"l-section wpb_row height_small\"><div class=\"l-section-h i-cf\"><div class=\"g-cols vc_row via_flex valign_top type_default stacking_default\"><div class=\"vc_col-sm-12 wpb_column vc_column_container\"><div class=\"vc_column-inner\"><div class=\"wpb_wrapper\"><div class=\"g-cols wpb_row via_flex valign_top type_default stacking_default\"><div class=\"vc_col-sm-12 wpb_column vc_column_container\"><div class=\"vc_column-inner\"><div class=\"wpb_wrapper\"><div class=\"w-video align_none ratio_16x9 has_iframe\"><div class=\"w-video-h\"><iframe title=\"Vimeo video player\" data-src=\"https:\/\/player.vimeo.com\/video\/833815230?autoplay=0&loop=0&autopause=0&color=00adef&portrait=0&byline=1&title=1&controls=1&muted=0\" frameborder=\"0\" allow=\"autoplay; fullscreen\" allowfullscreen src=\"data:image\/svg+xml;base64,PHN2ZyB3aWR0aD0iMSIgaGVpZ2h0PSIxIiB4bWxucz0iaHR0cDovL3d3dy53My5vcmcvMjAwMC9zdmciPjwvc3ZnPg==\" class=\"lazyload\" data-load-mode=\"1\"><\/iframe><\/div><\/div><\/div><\/div><\/div><\/div><\/div><\/div><\/div><\/div><\/div><\/section><section class=\"l-section wpb_row height_small\"><div class=\"l-section-h i-cf\"><div class=\"g-cols vc_row via_flex valign_top type_default stacking_default\"><div class=\"vc_col-sm-12 wpb_column vc_column_container\"><div class=\"vc_column-inner\"><div class=\"wpb_wrapper\"><div class=\"wpb_text_column\"><div class=\"wpb_wrapper\"><h2>Nasze warto\u015bci<br \/>\nInnowacja<\/h2>\n<p>Od samego pocz\u0105tku koncepcja E-TWOW opiera\u0142a si\u0119 na innowacjach. Opracowywane przez nas hulajnogi i mopy elektryczne \u0142\u0105cz\u0105 w sobie najnowsze technologie z bran\u017cy mechanicznej i elektrotechnicznej. Stale inwestujemy tak\u017ce w nasz Dzia\u0142 Bada\u0144 i Rozwoju, w kt\u00f3rym zgromadzili\u015bmy znakomitych specjalist\u00f3w z ca\u0142ego \u015bwiata, kt\u00f3rych pasj\u0105 jest kszta\u0142towanie \u015bwiata pojazd\u00f3w elektrycznych.<\/p>\n<h2>Satysfakcja konsumenta<\/h2>\n<p>Naszym celem nigdy nie by\u0142o zaprojektowanie doskona\u0142ego produktu. Jako producenci hulajn\u00f3g elektrycznych i pionierzy w tej bran\u017cy, postrzegamy doskona\u0142o\u015b\u0107 jako koncepcj\u0119 statyczn\u0105 i staramy si\u0119 stale rozwija\u0107 i wprowadza\u0107 innowacje. Na przestrzeni lat hulajnogi elektryczne E-TWOW stan\u0119\u0142y przed wieloma wyzwaniami. Niemniej jednak, dzi\u0119ki konsekwentnym testom i badaniom, stale udoskonalamy nasze hulajnogi i eliminujemy wszystkie problemy, kt\u00f3re pojawi\u0142y si\u0119 po drodze. Chcieliby\u015bmy podzi\u0119kowa\u0107 naszym klientom za pomoc, kt\u00f3r\u0105 udzielili poprzez konstruktywne uwagi dotycz\u0105ce napotkanych problem\u00f3w. Zawsze starali\u015bmy si\u0119 podzi\u0119kowa\u0107 naszym klientom poprzez odpowiedni\u0105 obs\u0142ug\u0119 i wsparcie, aby zrekompensowa\u0107 wszelkie niedogodno\u015bci, kt\u00f3re mogli\u015bmy spowodowa\u0107.<\/p>\n<h2>Budowanie zr\u00f3wnowa\u017conej przysz\u0142o\u015bci<\/h2>\n<p>Nasza wizja stworzenia nowej ery mobilno\u015bci miejskiej idzie w parze z naszym pragnieniem budowania zr\u00f3wnowa\u017conej przysz\u0142o\u015bci. Obecnie coraz wi\u0119cej os\u00f3b decyduje si\u0119 na wymian\u0119 samochodu na pojazd elektryczny, a hulajnoga elektryczna jest jednym z najbardziej ekologicznych rozwi\u0105za\u0144 transportu miejskiego. Co wi\u0119cej, poniewa\u017c nasze hulajnogi elektryczne maj\u0105 zerow\u0105 emisj\u0119 dwutlenku w\u0119gla, mo\u017cna ich r\u00f3wnie\u017c u\u017cywa\u0107 w pomieszczeniach, idealnie sprawdzaj\u0105c si\u0119 na du\u017cych zadaszonych obszarach, takich jak lotniska czy fabryki.<\/p>\n<\/div><\/div><\/div><\/div><\/div><\/div><\/div><\/section>\n","protected":false},"excerpt":{"rendered":"","protected":false},"author":1,"featured_media":0,"parent":0,"menu_order":0,"comment_status":"closed","ping_status":"closed","template":"","meta":{"ngg_post_thumbnail":0,"footnotes":""},"class_list":["post-35505","page","type-page","status-publish","hentry"],"yoast_head":"<!-- This site is optimized with the Yoast SEO Premium plugin v27.2 (Yoast SEO v27.2) - https:\/\/yoast.com\/product\/yoast-seo-premium-wordpress\/ -->\n<title>O nas - E-TWOW<\/title>\n<meta name=\"robots\" content=\"index, follow, max-snippet:-1, max-image-preview:large, max-video-preview:-1\" \/>\n<link rel=\"canonical\" href=\"https:\/\/e-twow.com\/about-us\/\" \/>\n<meta property=\"og:locale\" content=\"pl_PL\" \/>\n<meta property=\"og:type\" content=\"article\" \/>\n<meta property=\"og:title\" content=\"O nas\" \/>\n<meta property=\"og:url\" content=\"https:\/\/e-twow.com\/about-us\/\" \/>\n<meta property=\"og:site_name\" content=\"E-TWOW\" \/>\n<meta name=\"twitter:card\" content=\"summary_large_image\" \/>\n<meta name=\"twitter:label1\" content=\"Szacowany czas czytania\" \/>\n\t<meta name=\"twitter:data1\" content=\"6 minut\" \/>\n<script type=\"application\/ld+json\" class=\"yoast-schema-graph\">{\"@context\":\"https:\/\/schema.org\",\"@graph\":[{\"@type\":\"WebPage\",\"@id\":\"https:\/\/e-twow.com\/about-us\/\",\"url\":\"https:\/\/e-twow.com\/about-us\/\",\"name\":\"O nas - E-TWOW\",\"isPartOf\":{\"@id\":\"https:\/\/e-twow.com\/#website\"},\"datePublished\":\"2024-01-06T12:25:45+00:00\",\"breadcrumb\":{\"@id\":\"https:\/\/e-twow.com\/about-us\/#breadcrumb\"},\"inLanguage\":\"pl-PL\",\"potentialAction\":[{\"@type\":\"ReadAction\",\"target\":[\"https:\/\/e-twow.com\/about-us\/\"]}]},{\"@type\":\"BreadcrumbList\",\"@id\":\"https:\/\/e-twow.com\/about-us\/#breadcrumb\",\"itemListElement\":[{\"@type\":\"ListItem\",\"position\":1,\"name\":\"Strona g\u0142\u00f3wna\",\"item\":\"https:\/\/e-twow.com\/\"},{\"@type\":\"ListItem\",\"position\":2,\"name\":\"O nas\"}]},{\"@type\":\"WebSite\",\"@id\":\"https:\/\/e-twow.com\/#website\",\"url\":\"https:\/\/e-twow.com\/\",\"name\":\"E-TWOW\",\"description\":\"Portable Scooter\",\"potentialAction\":[{\"@type\":\"SearchAction\",\"target\":{\"@type\":\"EntryPoint\",\"urlTemplate\":\"https:\/\/e-twow.com\/?s={search_term_string}\"},\"query-input\":{\"@type\":\"PropertyValueSpecification\",\"valueRequired\":true,\"valueName\":\"search_term_string\"}}],\"inLanguage\":\"pl-PL\"}]}<\/script>\n<!-- \/ Yoast SEO Premium plugin. -->","yoast_head_json":{"title":"O nas - E-TWOW","robots":{"index":"index","follow":"follow","max-snippet":"max-snippet:-1","max-image-preview":"max-image-preview:large","max-video-preview":"max-video-preview:-1"},"canonical":"https:\/\/e-twow.com\/about-us\/","og_locale":"pl_PL","og_type":"article","og_title":"O nas","og_url":"https:\/\/e-twow.com\/about-us\/","og_site_name":"E-TWOW","twitter_card":"summary_large_image","twitter_misc":{"Szacowany czas czytania":"6 minut"},"schema":{"@context":"https:\/\/schema.org","@graph":[{"@type":"WebPage","@id":"https:\/\/e-twow.com\/about-us\/","url":"https:\/\/e-twow.com\/about-us\/","name":"O nas - E-TWOW","isPartOf":{"@id":"https:\/\/e-twow.com\/#website"},"datePublished":"2024-01-06T12:25:45+00:00","breadcrumb":{"@id":"https:\/\/e-twow.com\/about-us\/#breadcrumb"},"inLanguage":"pl-PL","potentialAction":[{"@type":"ReadAction","target":["https:\/\/e-twow.com\/about-us\/"]}]},{"@type":"BreadcrumbList","@id":"https:\/\/e-twow.com\/about-us\/#breadcrumb","itemListElement":[{"@type":"ListItem","position":1,"name":"Strona g\u0142\u00f3wna","item":"https:\/\/e-twow.com\/"},{"@type":"ListItem","position":2,"name":"O nas"}]},{"@type":"WebSite","@id":"https:\/\/e-twow.com\/#website","url":"https:\/\/e-twow.com\/","name":"E-TWOW","description":"Portable Scooter","potentialAction":[{"@type":"SearchAction","target":{"@type":"EntryPoint","urlTemplate":"https:\/\/e-twow.com\/?s={search_term_string}"},"query-input":{"@type":"PropertyValueSpecification","valueRequired":true,"valueName":"search_term_string"}}],"inLanguage":"pl-PL"}]}},"_links":{"self":[{"href":"https:\/\/e-twow.com\/pl\/wp-json\/wp\/v2\/pages\/35505","targetHints":{"allow":["GET"]}}],"collection":[{"href":"https:\/\/e-twow.com\/pl\/wp-json\/wp\/v2\/pages"}],"about":[{"href":"https:\/\/e-twow.com\/pl\/wp-json\/wp\/v2\/types\/page"}],"author":[{"embeddable":true,"href":"https:\/\/e-twow.com\/pl\/wp-json\/wp\/v2\/users\/1"}],"replies":[{"embeddable":true,"href":"https:\/\/e-twow.com\/pl\/wp-json\/wp\/v2\/comments?post=35505"}],"version-history":[{"count":1,"href":"https:\/\/e-twow.com\/pl\/wp-json\/wp\/v2\/pages\/35505\/revisions"}],"predecessor-version":[{"id":35521,"href":"https:\/\/e-twow.com\/pl\/wp-json\/wp\/v2\/pages\/35505\/revisions\/35521"}],"wp:attachment":[{"href":"https:\/\/e-twow.com\/pl\/wp-json\/wp\/v2\/media?parent=35505"}],"curies":[{"name":"wp","href":"https:\/\/api.w.org\/{rel}","templated":true}]}}