{"id":13438,"date":"2022-05-03T10:12:24","date_gmt":"2022-05-03T10:12:24","guid":{"rendered":"https:\/\/e-twow.com\/accessori\/"},"modified":"2022-05-03T10:20:38","modified_gmt":"2022-05-03T10:20:38","slug":"elektriniu-paspirtuku-priedai","status":"publish","type":"page","link":"https:\/\/e-twow.com\/lt\/elektriniu-paspirtuku-priedai\/","title":{"rendered":"Elektrini\u0173 paspirtuk\u0173 priedai"},"content":{"rendered":"<section class=\"l-section wpb_row height_small\"><div class=\"l-section-h i-cf\"><div class=\"g-cols vc_row via_flex valign_top type_default stacking_default\"><div class=\"vc_col-sm-4 wpb_column vc_column_container\"><div class=\"vc_column-inner\"><div class=\"wpb_wrapper\"><div class=\"w-slider style_none fit_scaledown nav_none count_3\"><div class=\"w-slider-h\" aria-hidden=\"true\"><div class=\"royalSlider\"><div class=\"rsContent\"><a class=\"rsImg\" data-rsw=\"600\" data-rsh=\"600\" href=\"https:\/\/e-twow.com\/wp-content\/uploads\/2020\/06\/geanta-incarcator-1.jpg\"><span data-alt=\"\"><\/span><\/a><\/div><div class=\"rsContent\"><a class=\"rsImg\" data-rsw=\"600\" data-rsh=\"600\" href=\"https:\/\/e-twow.com\/wp-content\/uploads\/2020\/06\/1DX_9584.jpg\"><span data-alt=\"\"><\/span><\/a><\/div><div class=\"rsContent\"><a class=\"rsImg\" data-rsw=\"600\" data-rsh=\"600\" href=\"https:\/\/e-twow.com\/wp-content\/uploads\/2020\/06\/1DX_9577.jpg\"><span data-alt=\"\"><\/span><\/a><\/div><\/div><img decoding=\"async\" src=\"https:\/\/e-twow.com\/wp-content\/uploads\/2020\/06\/geanta-incarcator-1.jpg\" width=\"600\" height=\"600\" alt loading=\"lazy\"><\/div><div class=\"w-slider-json\" onclick='return {&quot;autoScaleSlider&quot;:true,&quot;addActiveClass&quot;:true,&quot;loop&quot;:true,&quot;fadeInLoadedSlide&quot;:false,&quot;slidesSpacing&quot;:0,&quot;imageScalePadding&quot;:0,&quot;numImagesToPreload&quot;:2,&quot;arrowsNav&quot;:true,&quot;arrowsNavAutoHide&quot;:true,&quot;transitionType&quot;:&quot;move&quot;,&quot;transitionSpeed&quot;:250,&quot;block&quot;:{&quot;moveEffect&quot;:&quot;none&quot;,&quot;speed&quot;:300},&quot;thumbs&quot;:{&quot;fitInViewport&quot;:false,&quot;firstMargin&quot;:false,&quot;spacing&quot;:4},&quot;controlNavigation&quot;:&quot;none&quot;,&quot;autoScaleSliderWidth&quot;:600,&quot;autoScaleSliderHeight&quot;:600}'><\/div><\/div>[vc_custom_heading text=&#8221;\u012eKROVIKLIO D\u0116KLAS<br \/>\n&#8221; font_container=&#8221;tag:h4|text_align:left&#8221; use_theme_fonts=&#8221;yes&#8221;]<div class=\"wpb_text_column\"><div class=\"wpb_wrapper\"><p>Juodas d\u0117klas su apsaugomis, kuriame galima ne\u0161ioti \u012fkrovikl\u012f. Su reguliuojamais dir\u017eeliais, kad b\u016bt\u0173 galima pritvirtinti prie metalinio paspirtuko r\u0117mo.<\/p>\n<\/div><\/div><\/div><\/div><\/div><div class=\"vc_col-sm-4 wpb_column vc_column_container\"><div class=\"vc_column-inner\"><div class=\"wpb_wrapper\"><div class=\"w-slider style_none fit_scaledown nav_none count_2\"><div class=\"w-slider-h\" aria-hidden=\"true\"><div class=\"royalSlider\"><div class=\"rsContent\"><a class=\"rsImg\" data-rsw=\"600\" data-rsh=\"600\" href=\"https:\/\/e-twow.com\/wp-content\/uploads\/2020\/06\/curea_de_umar-1.jpg\"><span data-alt=\"\"><\/span><\/a><\/div><div class=\"rsContent\"><a class=\"rsImg\" data-rsw=\"600\" data-rsh=\"600\" href=\"https:\/\/e-twow.com\/wp-content\/uploads\/2020\/06\/1-4.jpg\"><span data-alt=\"\"><\/span><\/a><\/div><\/div><img decoding=\"async\" src=\"https:\/\/e-twow.com\/wp-content\/uploads\/2020\/06\/curea_de_umar-1.jpg\" width=\"600\" height=\"600\" alt loading=\"lazy\"><\/div><div class=\"w-slider-json\" onclick='return {&quot;autoScaleSlider&quot;:true,&quot;addActiveClass&quot;:true,&quot;loop&quot;:true,&quot;fadeInLoadedSlide&quot;:false,&quot;slidesSpacing&quot;:0,&quot;imageScalePadding&quot;:0,&quot;numImagesToPreload&quot;:2,&quot;arrowsNav&quot;:true,&quot;arrowsNavAutoHide&quot;:true,&quot;transitionType&quot;:&quot;move&quot;,&quot;transitionSpeed&quot;:250,&quot;block&quot;:{&quot;moveEffect&quot;:&quot;none&quot;,&quot;speed&quot;:300},&quot;thumbs&quot;:{&quot;fitInViewport&quot;:false,&quot;firstMargin&quot;:false,&quot;spacing&quot;:4},&quot;controlNavigation&quot;:&quot;none&quot;,&quot;autoScaleSliderWidth&quot;:600,&quot;autoScaleSliderHeight&quot;:600}'><\/div><\/div>[vc_custom_heading text=&#8221;PETIES DIR\u017dAS&#8221; font_container=&#8221;tag:h4|text_align:left&#8221; use_theme_fonts=&#8221;yes&#8221;]<div class=\"wpb_text_column\"><div class=\"wpb_wrapper\"><p>Juodas peties dir\u017eas su pamink\u0161tinimu papildomam patogumui. Jis pad\u0117s lengvai ir patogiai transportuoti paspirtuk\u0105.<br \/>\n* Ant peties dir\u017eo taip pat yra nuimama ne\u0161iojimo rankena.<\/p>\n<\/div><\/div><\/div><\/div><\/div><div class=\"vc_col-sm-4 wpb_column vc_column_container\"><div class=\"vc_column-inner\"><div class=\"wpb_wrapper\"><div class=\"w-slider style_none fit_scaledown nav_none count_2\"><div class=\"w-slider-h\" aria-hidden=\"true\"><div class=\"royalSlider\"><div class=\"rsContent\"><a class=\"rsImg\" data-rsw=\"600\" data-rsh=\"600\" href=\"https:\/\/e-twow.com\/wp-content\/uploads\/2020\/06\/maner-1.jpg\"><span data-alt=\"\"><\/span><\/a><\/div><div class=\"rsContent\"><a class=\"rsImg\" data-rsw=\"600\" data-rsh=\"600\" href=\"https:\/\/e-twow.com\/wp-content\/uploads\/2020\/06\/maner_transport_trotineta2.png\"><span data-alt=\"\"><\/span><\/a><\/div><\/div><img decoding=\"async\" src=\"https:\/\/e-twow.com\/wp-content\/uploads\/2020\/06\/maner-1.jpg\" width=\"600\" height=\"600\" alt loading=\"lazy\"><\/div><div class=\"w-slider-json\" onclick='return {&quot;autoScaleSlider&quot;:true,&quot;addActiveClass&quot;:true,&quot;loop&quot;:true,&quot;fadeInLoadedSlide&quot;:false,&quot;slidesSpacing&quot;:0,&quot;imageScalePadding&quot;:0,&quot;numImagesToPreload&quot;:2,&quot;arrowsNav&quot;:true,&quot;arrowsNavAutoHide&quot;:true,&quot;transitionType&quot;:&quot;move&quot;,&quot;transitionSpeed&quot;:250,&quot;block&quot;:{&quot;moveEffect&quot;:&quot;none&quot;,&quot;speed&quot;:300},&quot;thumbs&quot;:{&quot;fitInViewport&quot;:false,&quot;firstMargin&quot;:false,&quot;spacing&quot;:4},&quot;controlNavigation&quot;:&quot;none&quot;,&quot;autoScaleSliderWidth&quot;:600,&quot;autoScaleSliderHeight&quot;:600}'><\/div><\/div>[vc_custom_heading text=&#8221;TRANSPORTAVIMO RANKENA&#8221; font_container=&#8221;tag:h4|text_align:left&#8221; use_theme_fonts=&#8221;yes&#8221;]<div class=\"wpb_text_column\"><div class=\"wpb_wrapper\"><p>Transportavimo ranken\u0105 galima pritvirtinti prie paspirtuko vairo. J\u0105 u\u017efiksavus ant vairo, paspirtuko svoris tolygiai pasiskirsto, ir j\u012f tampa lengviau transportuoti.<\/p>\n<\/div><\/div><\/div><\/div><\/div><\/div><\/div><\/section><section class=\"l-section wpb_row height_small\"><div class=\"l-section-h i-cf\"><div class=\"g-cols vc_row via_flex valign_top type_default stacking_default\"><div class=\"vc_col-sm-4 wpb_column vc_column_container\"><div class=\"vc_column-inner\"><div class=\"wpb_wrapper\"><div class=\"w-slider style_none fit_scaledown nav_none count_2\"><div class=\"w-slider-h\" aria-hidden=\"true\"><div class=\"royalSlider\"><div class=\"rsContent\"><a class=\"rsImg\" data-rsw=\"600\" data-rsh=\"600\" href=\"https:\/\/e-twow.com\/wp-content\/uploads\/2020\/06\/suport_de_telefon-1.jpg\"><span data-alt=\"\"><\/span><\/a><\/div><div class=\"rsContent\"><a class=\"rsImg\" data-rsw=\"600\" data-rsh=\"600\" href=\"https:\/\/e-twow.com\/wp-content\/uploads\/2020\/06\/suport.jpg\"><span data-alt=\"\"><\/span><\/a><\/div><\/div><img decoding=\"async\" src=\"https:\/\/e-twow.com\/wp-content\/uploads\/2020\/06\/suport_de_telefon-1.jpg\" width=\"600\" height=\"600\" alt loading=\"lazy\"><\/div><div class=\"w-slider-json\" onclick='return {&quot;autoScaleSlider&quot;:true,&quot;addActiveClass&quot;:true,&quot;loop&quot;:true,&quot;fadeInLoadedSlide&quot;:false,&quot;slidesSpacing&quot;:0,&quot;imageScalePadding&quot;:0,&quot;numImagesToPreload&quot;:2,&quot;arrowsNav&quot;:true,&quot;arrowsNavAutoHide&quot;:true,&quot;transitionType&quot;:&quot;move&quot;,&quot;transitionSpeed&quot;:250,&quot;block&quot;:{&quot;moveEffect&quot;:&quot;none&quot;,&quot;speed&quot;:300},&quot;thumbs&quot;:{&quot;fitInViewport&quot;:false,&quot;firstMargin&quot;:false,&quot;spacing&quot;:4},&quot;controlNavigation&quot;:&quot;none&quot;,&quot;autoScaleSliderWidth&quot;:600,&quot;autoScaleSliderHeight&quot;:600}'><\/div><\/div>[vc_custom_heading text=&#8221;TELEFONO LAIKIKLIS&#8221; font_container=&#8221;tag:h4|text_align:left&#8221; use_theme_fonts=&#8221;yes&#8221;]<div class=\"wpb_text_column\"><div class=\"wpb_wrapper\"><p>Juodas plastikinis telefono laikiklis su reguliuojamais spaustukais. J\u012f galima pritvirtinti prie paspirtuko ranken\u0173 arba ant vertikalios vairo dalies.<\/p>\n<\/div><\/div><\/div><\/div><\/div><div class=\"vc_col-sm-4 wpb_column vc_column_container\"><div class=\"vc_column-inner\"><div class=\"wpb_wrapper\"><div class=\"w-slider style_none fit_scaledown nav_none count_2\"><div class=\"w-slider-h\" aria-hidden=\"true\"><div class=\"royalSlider\"><div class=\"rsContent\"><a class=\"rsImg\" data-rsw=\"600\" data-rsh=\"600\" href=\"https:\/\/e-twow.com\/wp-content\/uploads\/2020\/06\/troller-1-1.jpg\"><span data-alt=\"\"><\/span><\/a><\/div><div class=\"rsContent\"><a class=\"rsImg\" data-rsw=\"600\" data-rsh=\"600\" href=\"https:\/\/e-twow.com\/wp-content\/uploads\/2020\/06\/1DX_9368.jpg\"><span data-alt=\"\"><\/span><\/a><\/div><\/div><img decoding=\"async\" src=\"https:\/\/e-twow.com\/wp-content\/uploads\/2020\/06\/troller-1-1.jpg\" width=\"600\" height=\"600\" alt loading=\"lazy\"><\/div><div class=\"w-slider-json\" onclick='return {&quot;autoScaleSlider&quot;:true,&quot;addActiveClass&quot;:true,&quot;loop&quot;:true,&quot;fadeInLoadedSlide&quot;:false,&quot;slidesSpacing&quot;:0,&quot;imageScalePadding&quot;:0,&quot;numImagesToPreload&quot;:2,&quot;arrowsNav&quot;:true,&quot;arrowsNavAutoHide&quot;:true,&quot;transitionType&quot;:&quot;move&quot;,&quot;transitionSpeed&quot;:250,&quot;block&quot;:{&quot;moveEffect&quot;:&quot;none&quot;,&quot;speed&quot;:300},&quot;thumbs&quot;:{&quot;fitInViewport&quot;:false,&quot;firstMargin&quot;:false,&quot;spacing&quot;:4},&quot;controlNavigation&quot;:&quot;none&quot;,&quot;autoScaleSliderWidth&quot;:600,&quot;autoScaleSliderHeight&quot;:600}'><\/div><\/div>[vc_custom_heading text=&#8221;TRANSPORTAVIMO KREP\u0160YS SU RATUKAIS&#8221; font_container=&#8221;tag:h4|text_align:left&#8221; use_theme_fonts=&#8221;yes&#8221;]<div class=\"wpb_text_column\"><div class=\"wpb_wrapper\"><p>Transportavimo krep\u0161ys i\u0161 lengvos ir patvarios med\u017eiagos su 3 ratukais &nbsp;pad\u0117s tau lengvai transportuoti paspirtuk\u0105.<\/p>\n<\/div><\/div><\/div><\/div><\/div><div class=\"vc_col-sm-4 wpb_column vc_column_container\"><div class=\"vc_column-inner\"><div class=\"wpb_wrapper\"><div class=\"w-slider style_none fit_scaledown nav_none count_4\"><div class=\"w-slider-h\" aria-hidden=\"true\"><div class=\"royalSlider\"><div class=\"rsContent\"><a class=\"rsImg\" data-rsw=\"800\" data-rsh=\"800\" href=\"https:\/\/e-twow.com\/wp-content\/uploads\/2020\/10\/etwow-fingerprint-sensor-locker-2.jpg\"><span data-alt=\"\"><\/span><\/a><\/div><div class=\"rsContent\"><a class=\"rsImg\" data-rsw=\"800\" data-rsh=\"800\" href=\"https:\/\/e-twow.com\/wp-content\/uploads\/2020\/10\/etwow-fingerprint-sensor-locker-4.jpg\"><span data-alt=\"\"><\/span><\/a><\/div><div class=\"rsContent\"><a class=\"rsImg\" data-rsw=\"800\" data-rsh=\"800\" href=\"https:\/\/e-twow.com\/wp-content\/uploads\/2020\/10\/etwow-fingerprint-sensor-locker-3.jpg\"><span data-alt=\"\"><\/span><\/a><\/div><div class=\"rsContent\"><a class=\"rsImg\" data-rsw=\"800\" data-rsh=\"800\" href=\"https:\/\/e-twow.com\/wp-content\/uploads\/2020\/10\/etwow-fingerprint-sensor-locker.jpg\"><span data-alt=\"\"><\/span><\/a><\/div><\/div><img decoding=\"async\" src=\"https:\/\/e-twow.com\/wp-content\/uploads\/2020\/10\/etwow-fingerprint-sensor-locker-2.jpg\" width=\"800\" height=\"800\" alt loading=\"lazy\"><\/div><div class=\"w-slider-json\" onclick='return {&quot;autoScaleSlider&quot;:true,&quot;addActiveClass&quot;:true,&quot;loop&quot;:true,&quot;fadeInLoadedSlide&quot;:false,&quot;slidesSpacing&quot;:0,&quot;imageScalePadding&quot;:0,&quot;numImagesToPreload&quot;:2,&quot;arrowsNav&quot;:true,&quot;arrowsNavAutoHide&quot;:true,&quot;transitionType&quot;:&quot;move&quot;,&quot;transitionSpeed&quot;:250,&quot;block&quot;:{&quot;moveEffect&quot;:&quot;none&quot;,&quot;speed&quot;:300},&quot;thumbs&quot;:{&quot;fitInViewport&quot;:false,&quot;firstMargin&quot;:false,&quot;spacing&quot;:4},&quot;controlNavigation&quot;:&quot;none&quot;,&quot;autoScaleSliderWidth&quot;:800,&quot;autoScaleSliderHeight&quot;:800}'><\/div><\/div>[vc_custom_heading text=&#8221;APSAUGOS NUO VAGYST\u0116S SISTEMA SU PIR\u0160T\u0172 ATSPAUD\u0172 JUTIKLIU&#8221; font_container=&#8221;tag:h4|text_align:left&#8221; use_theme_fonts=&#8221;yes&#8221;]<div class=\"wpb_text_column\"><div class=\"wpb_wrapper\"><p>Pagaminta i\u0161 patvaraus plieninio kabelio, \u0161i auk\u0161tos kokyb\u0117s vandeniui atspari sistema su USB \u012fkrovimu gali i\u0161saugoti 20 pir\u0161t\u0173 atspaud\u0173 ir gali b\u016bti atrakinta daugiau nei 3000 kart\u0173 j\u0105 vien\u0105 kart\u0105 pilnai \u012fkrovus.<\/p>\n<\/div><\/div><\/div><\/div><\/div><\/div><\/div><\/section>\n","protected":false},"excerpt":{"rendered":"[vc_custom_heading text=\"\u012eKROVIKLIO D\u0116KLAS \" font_container=\"tag:h4|text_align:left\" use_theme_fonts=\"yes\"]Juodas d\u0117klas su apsaugomis, kuriame galima ne\u0161ioti \u012fkrovikl\u012f. Su reguliuojamais dir\u017eeliais, kad b\u016bt\u0173 galima pritvirtinti prie metalinio paspirtuko r\u0117mo. [vc_custom_heading text=\"PETIES DIR\u017dAS\" font_container=\"tag:h4|text_align:left\" use_theme_fonts=\"yes\"]Juodas peties dir\u017eas su pamink\u0161tinimu papildomam patogumui. Jis pad\u0117s lengvai ir patogiai transportuoti paspirtuk\u0105. * Ant peties dir\u017eo taip pat yra nuimama ne\u0161iojimo rankena. [vc_custom_heading text=\"TRANSPORTAVIMO RANKENA\"...","protected":false},"author":1,"featured_media":0,"parent":0,"menu_order":0,"comment_status":"closed","ping_status":"closed","template":"","meta":{"ngg_post_thumbnail":0,"footnotes":""},"class_list":["post-13438","page","type-page","status-publish","hentry"],"yoast_head":"<!-- This site is optimized with the Yoast SEO Premium plugin v27.4 (Yoast SEO v27.4) - https:\/\/yoast.com\/product\/yoast-seo-premium-wordpress\/ -->\n<title>Scooter Accessories to Enhance your E-TWOW Riding Experience<\/title>\n<meta name=\"description\" content=\"Charger bags, trolley bags, shoulder straps, phone holders and other scooter accessories meant to improve your riding experience.\" \/>\n<meta name=\"robots\" content=\"index, follow, max-snippet:-1, max-image-preview:large, max-video-preview:-1\" \/>\n<link rel=\"canonical\" href=\"https:\/\/e-twow.com\/scooter-accessories\/\" \/>\n<meta property=\"og:locale\" content=\"lt_LT\" \/>\n<meta property=\"og:type\" content=\"article\" \/>\n<meta property=\"og:title\" content=\"Elektrini\u0173 paspirtuk\u0173 priedai\" \/>\n<meta property=\"og:description\" content=\"Charger bags, trolley bags, shoulder straps, phone holders and other scooter accessories meant to improve your riding experience.\" \/>\n<meta property=\"og:url\" content=\"https:\/\/e-twow.com\/scooter-accessories\/\" \/>\n<meta property=\"og:site_name\" content=\"E-TWOW\" \/>\n<meta property=\"article:modified_time\" content=\"2022-05-03T10:20:38+00:00\" \/>\n<meta name=\"twitter:card\" content=\"summary_large_image\" \/>\n<meta name=\"twitter:label1\" content=\"Est. reading time\" \/>\n\t<meta name=\"twitter:data1\" content=\"2 minut\u0117s\" \/>\n<script type=\"application\/ld+json\" class=\"yoast-schema-graph\">{\"@context\":\"https:\\\/\\\/schema.org\",\"@graph\":[{\"@type\":\"WebPage\",\"@id\":\"https:\\\/\\\/e-twow.com\\\/scooter-accessories\\\/\",\"url\":\"https:\\\/\\\/e-twow.com\\\/scooter-accessories\\\/\",\"name\":\"Scooter Accessories to Enhance your E-TWOW Riding Experience\",\"isPartOf\":{\"@id\":\"https:\\\/\\\/e-twow.com\\\/#website\"},\"datePublished\":\"2022-05-03T10:12:24+00:00\",\"dateModified\":\"2022-05-03T10:20:38+00:00\",\"description\":\"Charger bags, trolley bags, shoulder straps, phone holders and other scooter accessories meant to improve your riding experience.\",\"breadcrumb\":{\"@id\":\"https:\\\/\\\/e-twow.com\\\/scooter-accessories\\\/#breadcrumb\"},\"inLanguage\":\"lt-LT\",\"potentialAction\":[{\"@type\":\"ReadAction\",\"target\":[\"https:\\\/\\\/e-twow.com\\\/scooter-accessories\\\/\"]}]},{\"@type\":\"BreadcrumbList\",\"@id\":\"https:\\\/\\\/e-twow.com\\\/scooter-accessories\\\/#breadcrumb\",\"itemListElement\":[{\"@type\":\"ListItem\",\"position\":1,\"name\":\"Home\",\"item\":\"https:\\\/\\\/e-twow.com\\\/lt\\\/\"},{\"@type\":\"ListItem\",\"position\":2,\"name\":\"Elektrini\u0173 paspirtuk\u0173 priedai\"}]},{\"@type\":\"WebSite\",\"@id\":\"https:\\\/\\\/e-twow.com\\\/#website\",\"url\":\"https:\\\/\\\/e-twow.com\\\/\",\"name\":\"E-TWOW\",\"description\":\"Portable Scooter\",\"potentialAction\":[{\"@type\":\"SearchAction\",\"target\":{\"@type\":\"EntryPoint\",\"urlTemplate\":\"https:\\\/\\\/e-twow.com\\\/?s={search_term_string}\"},\"query-input\":{\"@type\":\"PropertyValueSpecification\",\"valueRequired\":true,\"valueName\":\"search_term_string\"}}],\"inLanguage\":\"lt-LT\"}]}<\/script>\n<!-- \/ Yoast SEO Premium plugin. -->","yoast_head_json":{"title":"Scooter Accessories to Enhance your E-TWOW Riding Experience","description":"Charger bags, trolley bags, shoulder straps, phone holders and other scooter accessories meant to improve your riding experience.","robots":{"index":"index","follow":"follow","max-snippet":"max-snippet:-1","max-image-preview":"max-image-preview:large","max-video-preview":"max-video-preview:-1"},"canonical":"https:\/\/e-twow.com\/scooter-accessories\/","og_locale":"lt_LT","og_type":"article","og_title":"Elektrini\u0173 paspirtuk\u0173 priedai","og_description":"Charger bags, trolley bags, shoulder straps, phone holders and other scooter accessories meant to improve your riding experience.","og_url":"https:\/\/e-twow.com\/scooter-accessories\/","og_site_name":"E-TWOW","article_modified_time":"2022-05-03T10:20:38+00:00","twitter_card":"summary_large_image","twitter_misc":{"Est. reading time":"2 minut\u0117s"},"schema":{"@context":"https:\/\/schema.org","@graph":[{"@type":"WebPage","@id":"https:\/\/e-twow.com\/scooter-accessories\/","url":"https:\/\/e-twow.com\/scooter-accessories\/","name":"Scooter Accessories to Enhance your E-TWOW Riding Experience","isPartOf":{"@id":"https:\/\/e-twow.com\/#website"},"datePublished":"2022-05-03T10:12:24+00:00","dateModified":"2022-05-03T10:20:38+00:00","description":"Charger bags, trolley bags, shoulder straps, phone holders and other scooter accessories meant to improve your riding experience.","breadcrumb":{"@id":"https:\/\/e-twow.com\/scooter-accessories\/#breadcrumb"},"inLanguage":"lt-LT","potentialAction":[{"@type":"ReadAction","target":["https:\/\/e-twow.com\/scooter-accessories\/"]}]},{"@type":"BreadcrumbList","@id":"https:\/\/e-twow.com\/scooter-accessories\/#breadcrumb","itemListElement":[{"@type":"ListItem","position":1,"name":"Home","item":"https:\/\/e-twow.com\/lt\/"},{"@type":"ListItem","position":2,"name":"Elektrini\u0173 paspirtuk\u0173 priedai"}]},{"@type":"WebSite","@id":"https:\/\/e-twow.com\/#website","url":"https:\/\/e-twow.com\/","name":"E-TWOW","description":"Portable Scooter","potentialAction":[{"@type":"SearchAction","target":{"@type":"EntryPoint","urlTemplate":"https:\/\/e-twow.com\/?s={search_term_string}"},"query-input":{"@type":"PropertyValueSpecification","valueRequired":true,"valueName":"search_term_string"}}],"inLanguage":"lt-LT"}]}},"_links":{"self":[{"href":"https:\/\/e-twow.com\/lt\/wp-json\/wp\/v2\/pages\/13438","targetHints":{"allow":["GET"]}}],"collection":[{"href":"https:\/\/e-twow.com\/lt\/wp-json\/wp\/v2\/pages"}],"about":[{"href":"https:\/\/e-twow.com\/lt\/wp-json\/wp\/v2\/types\/page"}],"author":[{"embeddable":true,"href":"https:\/\/e-twow.com\/lt\/wp-json\/wp\/v2\/users\/1"}],"replies":[{"embeddable":true,"href":"https:\/\/e-twow.com\/lt\/wp-json\/wp\/v2\/comments?post=13438"}],"version-history":[{"count":2,"href":"https:\/\/e-twow.com\/lt\/wp-json\/wp\/v2\/pages\/13438\/revisions"}],"predecessor-version":[{"id":13440,"href":"https:\/\/e-twow.com\/lt\/wp-json\/wp\/v2\/pages\/13438\/revisions\/13440"}],"wp:attachment":[{"href":"https:\/\/e-twow.com\/lt\/wp-json\/wp\/v2\/media?parent=13438"}],"curies":[{"name":"wp","href":"https:\/\/api.w.org\/{rel}","templated":true}]}}