{"id":11820,"date":"2019-08-02T10:00:41","date_gmt":"2019-08-02T10:00:41","guid":{"rendered":"https:\/\/e-twow.com\/warranty\/"},"modified":"2021-03-01T08:48:50","modified_gmt":"2021-03-01T08:48:50","slug":"garantija","status":"publish","type":"page","link":"https:\/\/e-twow.com\/lt\/garantija\/","title":{"rendered":"Garantija"},"content":{"rendered":"<section class=\"l-section wpb_row height_small\"><div class=\"l-section-h i-cf\"><div class=\"g-cols vc_row via_flex valign_top type_default stacking_default\"><div class=\"vc_col-sm-12 wpb_column vc_column_container\"><div class=\"vc_column-inner\"><div class=\"wpb_wrapper\"><div class=\"wpb_text_column\"><div class=\"wpb_wrapper\"><p><strong>Garantija<\/strong><\/p>\n<p>E-TWOW gaminiams, kuriuos perkate i\u0161 \u012fgaliot\u0173 platintoj\u0173, suteikiamos garantijos s\u0105lygos, atsi\u017evelgiant \u012f galiojan\u010dius \u012fstatymus ir gamintoj\u0173 komercin\u0119 politik\u0105. Produktai yra nauji, originalioje pakuot\u0117je ir gauti i\u0161 \u012fgaliot\u0173 \u0161altini\u0173.<\/p>\n<p>Kiekvienas platintojas turi sutartin\u0119 prievol\u0119 pateikti garantijos pa\u017eym\u0117jim\u0105. Nor\u0117dami remontuoti ar pakeisti prek\u0119 pagal \u0161i\u0105 garantij\u0105, turite \u012fsitikinti, kad ma\u017emenininkas ar internetin\u0117 parduotuv\u0117, i\u0161 kurios buvo \u012fsigytas paspirtukas, garantiniame sertifikate nurod\u0117 pirkimo viet\u0105 ir dat\u0105. Pristatydami ar si\u0173sdami paspirtuk\u0105 remontuoti ar pakeisti, taip pat turite \u012ftraukti pa\u017eym\u0117jimo, kur\u012f i\u0161si\u0173site kartu su paspirtuku, kopij\u0105.<\/p>\n<p>Jei kyla problem\u0173 d\u0117l garantijos, susisiekite su \u012fmone, i\u0161 kurios \u012fsigijote paspirtuk\u0105, arba susisiekite tiesiogiai su mumis adresu service@e-twow.com.<\/p>\n<p>Svarbu:<\/p>\n<ol>\n<li>J\u016bs, kaip pirk\u0117jas, privalote naudoti produkt\u0105 pagal instrukcijas, pateiktas Vartotojo vadove. Vartotojo vadov\u0105 rasite adresu: Nuoroda<\/li>\n<\/ol>\n<p>B\u016aTINA PERSKAITYTI IR SUPRASTI PRODUKTO NAUDOJIMO INSTRUKCIJ\u0104 PRIE\u0160 NAUDOJANT PRODUKT\u0104!<\/p>\n<ol start=\"2\">\n<li>J\u016bs privalote saugoti garantijos sertifikat\u0105, kuris yra vienintelis dokumentas, patvirtinantis garantij\u0105, o gedimo atveju bus pateiktas kartu su mok\u0117jimo dokumentu.<\/li>\n<li>D\u0117l bet koki\u0173 garantinio remonto, pra\u0161ome susisiekti su platintoju, i\u0161 kurio \u012fsigijote \u0161\u012f produkt\u0105.<\/li>\n<li>Bet kokia intervencija garantinio laikotarpio metu bus i\u0161sprend\u017eiama ne v\u0117liau kaip per 30 dien\u0173 nuo registracijos dienos.<\/li>\n<li>Garantinis laikotarpis prat\u0119siamas laikotarpiu, kuriuo metu gaminys remontuojamas.<\/li>\n<li>Pardav\u0117jas pasilieka teis\u0119 imti mokest\u012f u\u017e paslaugas ir transportavim\u0105, jei garantija netaikoma taisant ar kei\u010diant produkt\u0105.<\/li>\n<li>Produktas atitinka visus Europos standartus, pagal atitikties sertifikat\u0105, prid\u0117t\u0105 prie gaminio.<\/li>\n<li>\u0160i garantija rei\u0161kia produkto atitikt\u012f pardavimo metu visoms pardav\u0117jo deklaruotoms technin\u0117ms savyb\u0117ms.<\/li>\n<li>Produktas bus naudojamas tik \u012fprastiems tikslams.<\/li>\n<\/ol>\n<p><strong>GARANTIJA IR VISOS TEIS\u0116S B\u016aS AT\u0160AUKTOS \u0160IAIS ATVEJAIS:<\/strong><\/p>\n<ol>\n<li>Produktas nebuvo \u012fsigytas i\u0161 E-TWOW ELECTRIC MOBILITY SA ar jos \u012fgaliot\u0173 platintoj\u0173.<\/li>\n<li>Produkt\u0105 modifikavo ar remontavo neautorizuoti specialistai ir (arba) naudodami sugedusi\u0105, modifikuot\u0105 ar neoriginali\u0105 \u012frang\u0105 \/ priedus.<\/li>\n<li>Gaminys buvo apgadintas arba patyr\u0117 \u017eal\u0105 d\u0117l i\u0161orini\u0173 veiksni\u0173, atmosferos s\u0105lyg\u0173 ar kit\u0173 pana\u0161i\u0173 \u012fvyki\u0173.<\/li>\n<li>Tr\u016bkumus lemia ne\u0161varumai, priemai\u0161os, vanduo, svetimk\u016bniai ir kt.<\/li>\n<li>Produktas buvo naudojamas per liet\u0173 ir (arba) buvo naudojamas va\u017eiuojant per gilesnio nei 4 cm vandens telkin\u012f.<\/li>\n<li>Produkto ar jo dali\u0173 identifikavimo serijos \/ kodai \/ prek\u0117s \u017eenklai ir kiti duomenys yra i\u0161trinti \/ ne\u012fskaitomi, bet kokio tipo \u017eym\u0117jimas ar \u012fspaudimas padarytas \u012fvairiais tikslais.<\/li>\n<li>Atsargin\u0117s ar originalios dalys patyr\u0117 \u0161ok\u0105, mechaninius sm\u016bgius, \u0161iluminius ar kitokius \u012ftr\u016bkimus ir tt., kurie jiems nepriskiriami.<\/li>\n<li>\u017dala ir tr\u016bkumai d\u0117l pirk\u0117jo netinkamo tvarkymo ir gabenimo.<\/li>\n<li>Pradin\u0117s gaminio b\u016bkl\u0117s poky\u010diai d\u0117l nat\u016brali\u0173 poveiki\u0173 (korozija, kondensacija ir kt.) d\u0117l netinkam\u0173 laikymo s\u0105lyg\u0173.<\/li>\n<li>\u0160is produktas nebuvo naudojamas pagal vartotojo vadovo s\u0105lygas. &#8211; nuoroda<\/li>\n<li>Gaminio gedimus sukelia vandalizmas ar pana\u0161ios prie\u017eastys.<\/li>\n<li>Pasibaig\u0117 garantinis laikotarpis.<\/li>\n<\/ol>\n<p>Garantija netaikoma eksploatacin\u0117ms med\u017eiagoms, plastikin\u0117ms dalims, guminiams gaminiams, padangoms, da\u017eams ir kitiems defektams, atsirandantiems d\u0117l sm\u016bgio, oro s\u0105lyg\u0173, susid\u0117v\u0117jimo, netinkamo naudojimo ar laikymo.<\/p>\n<p>Bet kokia gaminio garantija netenka galios, jei vartotojas i\u0161sinuomoja arba naudoja paspirtuk\u0105 kitais komerciniais tikslais.<\/p>\n<p>Garantija galioja tik tos \u0161alies, i\u0161 kurios produktas buvo pirktas, teritorijoje.<\/p>\n<p><strong>Pagalba<\/strong><\/p>\n<p>Nor\u0117dami gauti technin\u0119 pagalb\u0105, susisiekite su pardav\u0117ju arba internetine parduotuve, kurioje \u012fsigijote paspirtuk\u0105.<\/p>\n<p>Jei negalite susisiekti su platintoju, i\u0161 kurio \u012fsigijote paspirtuk\u0105, galite susisiekti su mumis tiesiogiai el. pa\u0161tu service@e-twow.com.<\/p>\n<\/div><\/div><\/div><\/div><\/div><\/div><\/div><\/section>\n","protected":false},"excerpt":{"rendered":"Garantija E-TWOW gaminiams, kuriuos perkate i\u0161 \u012fgaliot\u0173 platintoj\u0173, suteikiamos garantijos s\u0105lygos, atsi\u017evelgiant \u012f galiojan\u010dius \u012fstatymus ir gamintoj\u0173 komercin\u0119 politik\u0105. Produktai yra nauji, originalioje pakuot\u0117je ir gauti i\u0161 \u012fgaliot\u0173 \u0161altini\u0173. Kiekvienas platintojas turi sutartin\u0119 prievol\u0119 pateikti garantijos pa\u017eym\u0117jim\u0105. Nor\u0117dami remontuoti ar pakeisti prek\u0119 pagal \u0161i\u0105 garantij\u0105, turite \u012fsitikinti, kad ma\u017emenininkas ar internetin\u0117 parduotuv\u0117, i\u0161 kurios buvo...","protected":false},"author":1,"featured_media":0,"parent":0,"menu_order":0,"comment_status":"closed","ping_status":"closed","template":"","meta":{"ngg_post_thumbnail":0,"footnotes":""},"class_list":["post-11820","page","type-page","status-publish","hentry"],"yoast_head":"<!-- This site is optimized with the Yoast SEO Premium plugin v27.2 (Yoast SEO v27.2) - https:\/\/yoast.com\/product\/yoast-seo-premium-wordpress\/ -->\n<title>Garantija - E-TWOW<\/title>\n<meta name=\"robots\" content=\"index, follow, max-snippet:-1, max-image-preview:large, max-video-preview:-1\" \/>\n<link rel=\"canonical\" href=\"https:\/\/e-twow.com\/warranty\/\" \/>\n<meta property=\"og:locale\" content=\"lt_LT\" \/>\n<meta property=\"og:type\" content=\"article\" \/>\n<meta property=\"og:title\" content=\"Garantija\" \/>\n<meta property=\"og:url\" content=\"https:\/\/e-twow.com\/warranty\/\" \/>\n<meta property=\"og:site_name\" content=\"E-TWOW\" \/>\n<meta property=\"article:modified_time\" content=\"2021-03-01T08:48:50+00:00\" \/>\n<meta name=\"twitter:card\" content=\"summary_large_image\" \/>\n<meta name=\"twitter:label1\" content=\"Est. reading time\" \/>\n\t<meta name=\"twitter:data1\" content=\"3 minut\u0117s\" \/>\n<script type=\"application\/ld+json\" class=\"yoast-schema-graph\">{\"@context\":\"https:\/\/schema.org\",\"@graph\":[{\"@type\":\"WebPage\",\"@id\":\"https:\/\/e-twow.com\/warranty\/\",\"url\":\"https:\/\/e-twow.com\/warranty\/\",\"name\":\"Garantija - E-TWOW\",\"isPartOf\":{\"@id\":\"https:\/\/e-twow.com\/#website\"},\"datePublished\":\"2019-08-02T10:00:41+00:00\",\"dateModified\":\"2021-03-01T08:48:50+00:00\",\"breadcrumb\":{\"@id\":\"https:\/\/e-twow.com\/warranty\/#breadcrumb\"},\"inLanguage\":\"lt-LT\",\"potentialAction\":[{\"@type\":\"ReadAction\",\"target\":[\"https:\/\/e-twow.com\/warranty\/\"]}]},{\"@type\":\"BreadcrumbList\",\"@id\":\"https:\/\/e-twow.com\/warranty\/#breadcrumb\",\"itemListElement\":[{\"@type\":\"ListItem\",\"position\":1,\"name\":\"Home\",\"item\":\"https:\/\/e-twow.com\/lt\/\"},{\"@type\":\"ListItem\",\"position\":2,\"name\":\"Garantija\"}]},{\"@type\":\"WebSite\",\"@id\":\"https:\/\/e-twow.com\/#website\",\"url\":\"https:\/\/e-twow.com\/\",\"name\":\"E-TWOW\",\"description\":\"Portable Scooter\",\"potentialAction\":[{\"@type\":\"SearchAction\",\"target\":{\"@type\":\"EntryPoint\",\"urlTemplate\":\"https:\/\/e-twow.com\/?s={search_term_string}\"},\"query-input\":{\"@type\":\"PropertyValueSpecification\",\"valueRequired\":true,\"valueName\":\"search_term_string\"}}],\"inLanguage\":\"lt-LT\"}]}<\/script>\n<!-- \/ Yoast SEO Premium plugin. -->","yoast_head_json":{"title":"Garantija - E-TWOW","robots":{"index":"index","follow":"follow","max-snippet":"max-snippet:-1","max-image-preview":"max-image-preview:large","max-video-preview":"max-video-preview:-1"},"canonical":"https:\/\/e-twow.com\/warranty\/","og_locale":"lt_LT","og_type":"article","og_title":"Garantija","og_url":"https:\/\/e-twow.com\/warranty\/","og_site_name":"E-TWOW","article_modified_time":"2021-03-01T08:48:50+00:00","twitter_card":"summary_large_image","twitter_misc":{"Est. reading time":"3 minut\u0117s"},"schema":{"@context":"https:\/\/schema.org","@graph":[{"@type":"WebPage","@id":"https:\/\/e-twow.com\/warranty\/","url":"https:\/\/e-twow.com\/warranty\/","name":"Garantija - E-TWOW","isPartOf":{"@id":"https:\/\/e-twow.com\/#website"},"datePublished":"2019-08-02T10:00:41+00:00","dateModified":"2021-03-01T08:48:50+00:00","breadcrumb":{"@id":"https:\/\/e-twow.com\/warranty\/#breadcrumb"},"inLanguage":"lt-LT","potentialAction":[{"@type":"ReadAction","target":["https:\/\/e-twow.com\/warranty\/"]}]},{"@type":"BreadcrumbList","@id":"https:\/\/e-twow.com\/warranty\/#breadcrumb","itemListElement":[{"@type":"ListItem","position":1,"name":"Home","item":"https:\/\/e-twow.com\/lt\/"},{"@type":"ListItem","position":2,"name":"Garantija"}]},{"@type":"WebSite","@id":"https:\/\/e-twow.com\/#website","url":"https:\/\/e-twow.com\/","name":"E-TWOW","description":"Portable Scooter","potentialAction":[{"@type":"SearchAction","target":{"@type":"EntryPoint","urlTemplate":"https:\/\/e-twow.com\/?s={search_term_string}"},"query-input":{"@type":"PropertyValueSpecification","valueRequired":true,"valueName":"search_term_string"}}],"inLanguage":"lt-LT"}]}},"_links":{"self":[{"href":"https:\/\/e-twow.com\/lt\/wp-json\/wp\/v2\/pages\/11820","targetHints":{"allow":["GET"]}}],"collection":[{"href":"https:\/\/e-twow.com\/lt\/wp-json\/wp\/v2\/pages"}],"about":[{"href":"https:\/\/e-twow.com\/lt\/wp-json\/wp\/v2\/types\/page"}],"author":[{"embeddable":true,"href":"https:\/\/e-twow.com\/lt\/wp-json\/wp\/v2\/users\/1"}],"replies":[{"embeddable":true,"href":"https:\/\/e-twow.com\/lt\/wp-json\/wp\/v2\/comments?post=11820"}],"version-history":[{"count":1,"href":"https:\/\/e-twow.com\/lt\/wp-json\/wp\/v2\/pages\/11820\/revisions"}],"predecessor-version":[{"id":11821,"href":"https:\/\/e-twow.com\/lt\/wp-json\/wp\/v2\/pages\/11820\/revisions\/11821"}],"wp:attachment":[{"href":"https:\/\/e-twow.com\/lt\/wp-json\/wp\/v2\/media?parent=11820"}],"curies":[{"name":"wp","href":"https:\/\/api.w.org\/{rel}","templated":true}]}}