{"id":11800,"date":"2018-06-04T07:23:16","date_gmt":"2018-06-04T07:23:16","guid":{"rendered":"https:\/\/e-twow.com\/recommendations\/"},"modified":"2021-03-01T08:35:24","modified_gmt":"2021-03-01T08:35:24","slug":"rekomendacijos","status":"publish","type":"page","link":"https:\/\/e-twow.com\/lt\/rekomendacijos\/","title":{"rendered":"Rekomendacijos"},"content":{"rendered":"<section class=\"l-section wpb_row height_small\"><div class=\"l-section-h i-cf\"><div class=\"g-cols vc_row via_flex valign_top type_default stacking_default\"><div class=\"vc_col-sm-12 wpb_column vc_column_container\"><div class=\"vc_column-inner\"><div class=\"wpb_wrapper\"><div class=\"wpb_text_column\"><div class=\"wpb_wrapper\"><h3><strong>\u0160tai k\u0105 mes rekomenduojame<\/strong><\/h3>\n<p>Kaip s\u0105lyg\u0105, kad produktas tinkamai veikt\u0173, mes rekomenduojame reguliariai tikrintis \u012fgaliotose dirbtuv\u0117se kas \u0161e\u0161i\u0173 m\u0117nesi\u0173 laikotarp\u012f, bet ne daugiau kaip kas 1000 km nuva\u017eiuot\u0173.<\/p>\n<p>Taip pat, po kiekvieno \u0161altojo sezono patariame patikrinti gaminio veikim\u0105, ypa\u010d atsi\u017evelgiant \u012f akumuliatori\u0173 ir elektronines dalis.<\/p>\n<p>E-TWOW nerekomenduoja pirkti paspirtuk\u0173 i\u0161 toki\u0173 svetaini\u0173 kaip \u201eAliExpress\u201c ar \u201eAmazon\u201c, nes kiekvienoje \u0161alyje, kurioje jie buvo gaminami, gali b\u016bti pakeitim\u0173: modifikuoti r\u0117mai, grei\u010dio apribojimai ir \u0161i\u0173 paspirtuk\u0173 atsargines dalis galite \u012fsigyti tik \u0161alyje, kurioje jie buvo pagaminti, ir d\u0117l to m\u016bs\u0173 klientai patirs papildomas i\u0161laidas, kai prireiks remonto paslaug\u0173.<\/p>\n<p>Be to, pagal oro linij\u0173 taisykles, paspirtuko akumuliatoriai negali b\u016bti gabenami l\u0117ktuvu, tod\u0117l paspirtukas gali netinkamai veikti.<\/p>\n<p>Kitas svarbus aspektas yra garantinis pa\u017eym\u0117jimas, galiojantis tik paspirtuko kilm\u0117s \u0161alies teritorijoje, tod\u0117l technin\u0117 prie\u017ei\u016bra nebus nemokama.<\/p>\n<p>Nesutikite \u012fsigyti paspirtuk\u0173 be platintojo i\u0161duoto galiojan\u010dio garantinio pa\u017eym\u0117jimo!<\/p>\n<p>Nepamir\u0161kite kiekvien\u0105 m\u0117nes\u012f \u012fkrauti paspirtuko, net jei jo nenaudojate, kad prailgintum\u0117te akumuliatoriaus veikimo laik\u0105.<\/p>\n<p>Atlikite minimali\u0105 prie\u017ei\u016br\u0105, pavyzd\u017eiui, sutepkite pagrindines dalis ir jungtis, ir \u012fsitikinkite, kad var\u017etai yra priver\u017eti.<\/p>\n<p>Nustat\u0119 norim\u0105 auk\u0161t\u012f, visada nulenkite vairo auk\u0161\u010dio reguliavimo sistemos svirt\u012f ir periodi\u0161kai patikrinkite, ar var\u017etas, kuriuo ji laikoma, tvirtai pritvirtintas.<\/p>\n<p>\u012ekraukite paspirtuk\u0105 tol, kol \u012fkroviklio LED lemput\u0117 taps \u017ealia.<\/p>\n<p>Laikykite savo paspirtuk\u0105, kiek \u012fmanom\u0105, \u012fkraut\u0105 100%, ir \u012fkraukite j\u012f kiekvien\u0105 kart\u0105, kai tik turite galimyb\u0119.<\/p>\n<p>Laikykite paspirtuk\u0105 atokiau nuo vandens ir dr\u0117gm\u0117s. Jei u\u017eklupo lietus, paspirtuk\u0105 kuo grei\u010diau nune\u0161kite \u012f \u0161ilt\u0105, saus\u0105 viet\u0105 ir kruop\u0161\u010diai nuvalykite sausu skudur\u0117liu, kad ant jo nelikt\u0173 vandens p\u0117dsak\u0173.<\/p>\n<\/div><\/div><\/div><\/div><\/div><\/div><\/div><\/section>\n","protected":false},"excerpt":{"rendered":"\u0160tai k\u0105 mes rekomenduojame Kaip s\u0105lyg\u0105, kad produktas tinkamai veikt\u0173, mes rekomenduojame reguliariai tikrintis \u012fgaliotose dirbtuv\u0117se kas \u0161e\u0161i\u0173 m\u0117nesi\u0173 laikotarp\u012f, bet ne daugiau kaip kas 1000 km nuva\u017eiuot\u0173. Taip pat, po kiekvieno \u0161altojo sezono patariame patikrinti gaminio veikim\u0105, ypa\u010d atsi\u017evelgiant \u012f akumuliatori\u0173 ir elektronines dalis. E-TWOW nerekomenduoja pirkti paspirtuk\u0173 i\u0161 toki\u0173 svetaini\u0173 kaip \u201eAliExpress\u201c ar...","protected":false},"author":1,"featured_media":0,"parent":0,"menu_order":0,"comment_status":"closed","ping_status":"closed","template":"","meta":{"ngg_post_thumbnail":0,"footnotes":""},"class_list":["post-11800","page","type-page","status-publish","hentry"],"yoast_head":"<!-- This site is optimized with the Yoast SEO Premium plugin v27.4 (Yoast SEO v27.4) - https:\/\/yoast.com\/product\/yoast-seo-premium-wordpress\/ -->\n<title>Rekomendacijos - E-TWOW<\/title>\n<meta name=\"robots\" content=\"index, follow, max-snippet:-1, max-image-preview:large, max-video-preview:-1\" \/>\n<link rel=\"canonical\" href=\"https:\/\/e-twow.com\/recommendations\/\" \/>\n<meta property=\"og:locale\" content=\"lt_LT\" \/>\n<meta property=\"og:type\" content=\"article\" \/>\n<meta property=\"og:title\" content=\"Rekomendacijos\" \/>\n<meta property=\"og:url\" content=\"https:\/\/e-twow.com\/recommendations\/\" \/>\n<meta property=\"og:site_name\" content=\"E-TWOW\" \/>\n<meta property=\"article:modified_time\" content=\"2021-03-01T08:35:24+00:00\" \/>\n<meta name=\"twitter:card\" content=\"summary_large_image\" \/>\n<meta name=\"twitter:label1\" content=\"Est. reading time\" \/>\n\t<meta name=\"twitter:data1\" content=\"1 minut\u0117\" \/>\n<script type=\"application\/ld+json\" class=\"yoast-schema-graph\">{\"@context\":\"https:\\\/\\\/schema.org\",\"@graph\":[{\"@type\":\"WebPage\",\"@id\":\"https:\\\/\\\/e-twow.com\\\/recommendations\\\/\",\"url\":\"https:\\\/\\\/e-twow.com\\\/recommendations\\\/\",\"name\":\"Rekomendacijos - E-TWOW\",\"isPartOf\":{\"@id\":\"https:\\\/\\\/e-twow.com\\\/#website\"},\"datePublished\":\"2018-06-04T07:23:16+00:00\",\"dateModified\":\"2021-03-01T08:35:24+00:00\",\"breadcrumb\":{\"@id\":\"https:\\\/\\\/e-twow.com\\\/recommendations\\\/#breadcrumb\"},\"inLanguage\":\"lt-LT\",\"potentialAction\":[{\"@type\":\"ReadAction\",\"target\":[\"https:\\\/\\\/e-twow.com\\\/recommendations\\\/\"]}]},{\"@type\":\"BreadcrumbList\",\"@id\":\"https:\\\/\\\/e-twow.com\\\/recommendations\\\/#breadcrumb\",\"itemListElement\":[{\"@type\":\"ListItem\",\"position\":1,\"name\":\"Home\",\"item\":\"https:\\\/\\\/e-twow.com\\\/lt\\\/\"},{\"@type\":\"ListItem\",\"position\":2,\"name\":\"Rekomendacijos\"}]},{\"@type\":\"WebSite\",\"@id\":\"https:\\\/\\\/e-twow.com\\\/#website\",\"url\":\"https:\\\/\\\/e-twow.com\\\/\",\"name\":\"E-TWOW\",\"description\":\"Portable Scooter\",\"potentialAction\":[{\"@type\":\"SearchAction\",\"target\":{\"@type\":\"EntryPoint\",\"urlTemplate\":\"https:\\\/\\\/e-twow.com\\\/?s={search_term_string}\"},\"query-input\":{\"@type\":\"PropertyValueSpecification\",\"valueRequired\":true,\"valueName\":\"search_term_string\"}}],\"inLanguage\":\"lt-LT\"}]}<\/script>\n<!-- \/ Yoast SEO Premium plugin. -->","yoast_head_json":{"title":"Rekomendacijos - E-TWOW","robots":{"index":"index","follow":"follow","max-snippet":"max-snippet:-1","max-image-preview":"max-image-preview:large","max-video-preview":"max-video-preview:-1"},"canonical":"https:\/\/e-twow.com\/recommendations\/","og_locale":"lt_LT","og_type":"article","og_title":"Rekomendacijos","og_url":"https:\/\/e-twow.com\/recommendations\/","og_site_name":"E-TWOW","article_modified_time":"2021-03-01T08:35:24+00:00","twitter_card":"summary_large_image","twitter_misc":{"Est. reading time":"1 minut\u0117"},"schema":{"@context":"https:\/\/schema.org","@graph":[{"@type":"WebPage","@id":"https:\/\/e-twow.com\/recommendations\/","url":"https:\/\/e-twow.com\/recommendations\/","name":"Rekomendacijos - E-TWOW","isPartOf":{"@id":"https:\/\/e-twow.com\/#website"},"datePublished":"2018-06-04T07:23:16+00:00","dateModified":"2021-03-01T08:35:24+00:00","breadcrumb":{"@id":"https:\/\/e-twow.com\/recommendations\/#breadcrumb"},"inLanguage":"lt-LT","potentialAction":[{"@type":"ReadAction","target":["https:\/\/e-twow.com\/recommendations\/"]}]},{"@type":"BreadcrumbList","@id":"https:\/\/e-twow.com\/recommendations\/#breadcrumb","itemListElement":[{"@type":"ListItem","position":1,"name":"Home","item":"https:\/\/e-twow.com\/lt\/"},{"@type":"ListItem","position":2,"name":"Rekomendacijos"}]},{"@type":"WebSite","@id":"https:\/\/e-twow.com\/#website","url":"https:\/\/e-twow.com\/","name":"E-TWOW","description":"Portable Scooter","potentialAction":[{"@type":"SearchAction","target":{"@type":"EntryPoint","urlTemplate":"https:\/\/e-twow.com\/?s={search_term_string}"},"query-input":{"@type":"PropertyValueSpecification","valueRequired":true,"valueName":"search_term_string"}}],"inLanguage":"lt-LT"}]}},"_links":{"self":[{"href":"https:\/\/e-twow.com\/lt\/wp-json\/wp\/v2\/pages\/11800","targetHints":{"allow":["GET"]}}],"collection":[{"href":"https:\/\/e-twow.com\/lt\/wp-json\/wp\/v2\/pages"}],"about":[{"href":"https:\/\/e-twow.com\/lt\/wp-json\/wp\/v2\/types\/page"}],"author":[{"embeddable":true,"href":"https:\/\/e-twow.com\/lt\/wp-json\/wp\/v2\/users\/1"}],"replies":[{"embeddable":true,"href":"https:\/\/e-twow.com\/lt\/wp-json\/wp\/v2\/comments?post=11800"}],"version-history":[{"count":1,"href":"https:\/\/e-twow.com\/lt\/wp-json\/wp\/v2\/pages\/11800\/revisions"}],"predecessor-version":[{"id":11801,"href":"https:\/\/e-twow.com\/lt\/wp-json\/wp\/v2\/pages\/11800\/revisions\/11801"}],"wp:attachment":[{"href":"https:\/\/e-twow.com\/lt\/wp-json\/wp\/v2\/media?parent=11800"}],"curies":[{"name":"wp","href":"https:\/\/api.w.org\/{rel}","templated":true}]}}