{"id":11562,"date":"2018-01-31T14:36:41","date_gmt":"2018-01-31T14:36:41","guid":{"rendered":"https:\/\/e-twow.com\/awards\/"},"modified":"2021-01-19T12:50:10","modified_gmt":"2021-01-19T12:50:10","slug":"apdovanojimai-ir-pasiekimai","status":"publish","type":"page","link":"https:\/\/e-twow.com\/lt\/apdovanojimai-ir-pasiekimai\/","title":{"rendered":"Apdovanojimai ir pasiekimai"},"content":{"rendered":"<section class=\"l-section wpb_row height_small\"><div class=\"l-section-h i-cf\"><div class=\"g-cols vc_row via_flex valign_top type_default stacking_default\"><div class=\"vc_col-sm-12 wpb_column vc_column_container\"><div class=\"vc_column-inner\"><div class=\"wpb_wrapper\"><div class=\"w-image align_center\"><div class=\"w-image-h\"><img decoding=\"async\" width=\"332\" height=\"450\" data-src=\"https:\/\/e-twow.com\/wp-content\/uploads\/2019\/01\/geneva-gold-medal.jpg\" class=\"attachment-large size-large lazyload\" alt=\"\" data-srcset=\"https:\/\/e-twow.com\/wp-content\/uploads\/2019\/01\/geneva-gold-medal.jpg 332w, https:\/\/e-twow.com\/wp-content\/uploads\/2019\/01\/geneva-gold-medal-221x300.jpg 221w\" data-sizes=\"auto, (max-width: 332px) 100vw, 332px\" src=\"data:image\/svg+xml;base64,PHN2ZyB3aWR0aD0iMSIgaGVpZ2h0PSIxIiB4bWxucz0iaHR0cDovL3d3dy53My5vcmcvMjAwMC9zdmciPjwvc3ZnPg==\" style=\"--smush-placeholder-width: 332px; --smush-placeholder-aspect-ratio: 332\/450;\" \/><\/div><\/div><\/div><\/div><\/div><\/div><\/div><\/section><section class=\"l-section wpb_row height_small\"><div class=\"l-section-h i-cf\"><div class=\"g-cols vc_row via_flex valign_top type_default stacking_default\"><div class=\"vc_col-sm-12 wpb_column vc_column_container\"><div class=\"vc_column-inner\"><div class=\"wpb_wrapper\"><div class=\"wpb_text_column\"><div class=\"wpb_wrapper\"><p>Inovacija yra viena pagrindini\u0173 vertybi\u0173, kuria remiantis buvo kuriamas prek\u0117s \u017eenklas E-TWOW. M\u016bs\u0173 tikslas niekada nebuvo sukurti statin\u012f ir tobul\u0105 produkt\u0105, bet nuolat diegti naujoves ir tobulinti savo gaminius. \u0160is novatori\u0161kumo noras paskatino mus \u012f savo paspirtukus integruoti moderniausias technologijas, kurios mums pad\u0117jo pasiekti rekordus ir paruo\u0161\u0117 keli\u0105 naujai jud\u0117jimo mieste erai. Toliau i\u0161vardyti keli i\u0161 daugelio m\u016bs\u0173 pasiekim\u0173.<\/p>\n<ul>\n<li>Mes buvome pirmoji \u012fmon\u0117 pasaulyje, kuri naudoja varom\u0105j\u012f priekin\u012f rat\u0105 elektriniam paspirtukui.<\/li>\n<li>Mes buvome pirmoji \u012fmon\u0117 pasaulyje, kuri \u012fdieg\u0117 kinetin\u0117s energijos regeneravimo sistem\u0105 ir elektrinio paspirtuko elektromagnetin\u012f stabd\u012f. Iki m\u016bs\u0173 paspirtuko i\u0161radimo, KERS technologija buvo naudojama tik \u201eFormul\u0117s 1\u201c transporto priemon\u0117se.<\/li>\n<li>Mes buvome pirmoji \u012fmon\u0117, kuri naudojo unikal\u0173 ry\u0161i\u0173 blok\u0105, kuriame derinamas pagreitis ir stabdymas, tuo pa\u010diu rodoma tokia vertinga informacija kaip aplinkos temperat\u016bra, akumuliatoriaus energijos lygis procentais, \u017eibint\u0173 jutiklis ir t.t.<\/li>\n<li>Esame pasiek\u0119 rekord\u0105 d\u0117l ma\u017eiausi\u0173 energijos s\u0105naud\u0173 masi\u0161kai gaminamai elektrinei transporto priemonei, kuri gali tur\u0117ti 75 kg apkrov\u0105 &#8211; tik 6,15 W \/ val.<\/li>\n<li>2013 metais mes pagaminome lengviausi\u0105 masi\u0161kai gaminam\u0105 elektrin\u012f paspirtuk\u0105 (tik 9,8 kg)<\/li>\n<li>Mes turime daugiau nei 50 patent\u0173 ir i\u0161radim\u0173, susijusi\u0173 su elektriniu paspirtuku E-TWOW.<\/li>\n<\/ul>\n<p>&nbsp;<\/p>\n<p>M\u016bs\u0173 gamykla Kinijoje u\u017esiima elektrini\u0173 paspirtuk\u0173 gamyba naudojant pa\u017eangiausi\u0105 \u012frang\u0105 ir technologijas. Mes taip pat turime verslo centr\u0105 Rumunijoje, kuris atstovauja Europos logistikos, paslaug\u0173 ir pardavimo centrui.<\/p>\n<p>Pasiek\u0119 lyderio pozicij\u0105 elektrini\u0173 paspirtuk\u0173 pramon\u0117je, prad\u0117jome kurti efektyviausi\u0105 paspirtuk\u0173 nuomos sistem\u0105. Turime du tyrim\u0173 ir pl\u0117tros centrus (vien\u0105 Kinijoje, kit\u0105 Europoje), kuriuose yra kuriama programin\u0117 ir aparatin\u0117 \u012franga paspirtuk\u0173 nuomos sistemai. Naudodami pa\u017eangiausias technologijas, mes vystome i\u0161maniuosius akumuliatorius su integruota belaid\u017eio \u012fkrovimo funkcija, IOT ir GPS program\u0117les, taip pat program\u0117les Android ir iOS.<\/p>\n<p>Europos tyrim\u0173 ir pl\u0117tros centras taip pat yra atsakingas u\u017e EV \u012fkrovimo stoteli\u0173, skirt\u0173 asmeniniam ir vie\u0161ajam naudojimui, pl\u0117tr\u0105.<\/p>\n<\/div><\/div><div class=\"w-grid us_grid type_masonry layout_gallery_default cols_4 preload_style_spinner with_isotope\" id=\"us_grid_1\" style=\"--columns:4;\" data-filterable=\"true\"><style>@media (max-width:479px){#us_grid_1{--columns:2!important}}.layout_gallery_default .w-grid-item-h{}<\/style><div class=\"w-grid-list\">\t<article class=\"w-grid-item size_1x1 post-11576 attachment type-attachment status-inherit hentry\" data-id=\"11576\">\r\n\t\t<div class=\"w-grid-item-h\">\r\n\t\t\t\t\t\t\t<a ref=\"magnificPopupGrid\" href=\"https:\/\/e-twow.com\/wp-content\/uploads\/2019\/01\/awards.jpg\" class=\"w-grid-item-anchor\" aria-label=\"Geneva\"><\/a>\r\n\t\t\t\t\t\t<div class=\"w-post-elm post_image usg_post_image_1 stretched\"><img decoding=\"async\" width=\"350\" height=\"350\" data-src=\"https:\/\/e-twow.com\/wp-content\/uploads\/2019\/01\/awards-350x350.jpg\" class=\"attachment-us_350_350_crop size-us_350_350_crop lazyload\" alt=\"\" data-srcset=\"https:\/\/e-twow.com\/wp-content\/uploads\/2019\/01\/awards-350x350.jpg 350w, https:\/\/e-twow.com\/wp-content\/uploads\/2019\/01\/awards-150x150.jpg 150w, https:\/\/e-twow.com\/wp-content\/uploads\/2019\/01\/awards-600x600.jpg 600w\" data-sizes=\"(max-width: 350px) 100vw, 350px\" src=\"data:image\/svg+xml;base64,PHN2ZyB3aWR0aD0iMSIgaGVpZ2h0PSIxIiB4bWxucz0iaHR0cDovL3d3dy53My5vcmcvMjAwMC9zdmciPjwvc3ZnPg==\" style=\"--smush-placeholder-width: 350px; --smush-placeholder-aspect-ratio: 350\/350;\" \/><\/div>\t\t<\/div>\r\n\t\t\t<\/article>\r\n\t<article class=\"w-grid-item size_1x1 post-11563 attachment type-attachment status-inherit hentry\" data-id=\"11563\">\r\n\t\t<div class=\"w-grid-item-h\">\r\n\t\t\t\t\t\t\t<a ref=\"magnificPopupGrid\" href=\"https:\/\/e-twow.com\/wp-content\/uploads\/2018\/01\/1.jpg\" class=\"w-grid-item-anchor\" aria-label=\"1\"><\/a>\r\n\t\t\t\t\t\t<div class=\"w-post-elm post_image usg_post_image_1 stretched\"><img decoding=\"async\" width=\"350\" height=\"350\" data-src=\"https:\/\/e-twow.com\/wp-content\/uploads\/2018\/01\/1-350x350.jpg\" class=\"attachment-us_350_350_crop size-us_350_350_crop lazyload\" alt=\"\" data-srcset=\"https:\/\/e-twow.com\/wp-content\/uploads\/2018\/01\/1-350x350.jpg 350w, https:\/\/e-twow.com\/wp-content\/uploads\/2018\/01\/1-150x150.jpg 150w, https:\/\/e-twow.com\/wp-content\/uploads\/2018\/01\/1-600x600.jpg 600w, https:\/\/e-twow.com\/wp-content\/uploads\/2018\/01\/1-300x300.jpg 300w\" data-sizes=\"(max-width: 350px) 100vw, 350px\" src=\"data:image\/svg+xml;base64,PHN2ZyB3aWR0aD0iMSIgaGVpZ2h0PSIxIiB4bWxucz0iaHR0cDovL3d3dy53My5vcmcvMjAwMC9zdmciPjwvc3ZnPg==\" style=\"--smush-placeholder-width: 350px; --smush-placeholder-aspect-ratio: 350\/350;\" \/><\/div>\t\t<\/div>\r\n\t\t\t<\/article>\r\n\t<article class=\"w-grid-item size_1x1 post-11566 attachment type-attachment status-inherit hentry\" data-id=\"11566\">\r\n\t\t<div class=\"w-grid-item-h\">\r\n\t\t\t\t\t\t\t<a ref=\"magnificPopupGrid\" href=\"https:\/\/e-twow.com\/wp-content\/uploads\/2018\/01\/8.jpg\" class=\"w-grid-item-anchor\" aria-label=\"8\"><\/a>\r\n\t\t\t\t\t\t<div class=\"w-post-elm post_image usg_post_image_1 stretched\"><img decoding=\"async\" width=\"350\" height=\"350\" data-src=\"https:\/\/e-twow.com\/wp-content\/uploads\/2018\/01\/8-350x350.jpg\" class=\"attachment-us_350_350_crop size-us_350_350_crop lazyload\" alt=\"\" data-srcset=\"https:\/\/e-twow.com\/wp-content\/uploads\/2018\/01\/8-350x350.jpg 350w, https:\/\/e-twow.com\/wp-content\/uploads\/2018\/01\/8-150x150.jpg 150w, https:\/\/e-twow.com\/wp-content\/uploads\/2018\/01\/8-600x600.jpg 600w, https:\/\/e-twow.com\/wp-content\/uploads\/2018\/01\/8-300x300.jpg 300w\" data-sizes=\"(max-width: 350px) 100vw, 350px\" src=\"data:image\/svg+xml;base64,PHN2ZyB3aWR0aD0iMSIgaGVpZ2h0PSIxIiB4bWxucz0iaHR0cDovL3d3dy53My5vcmcvMjAwMC9zdmciPjwvc3ZnPg==\" style=\"--smush-placeholder-width: 350px; --smush-placeholder-aspect-ratio: 350\/350;\" \/><\/div>\t\t<\/div>\r\n\t\t\t<\/article>\r\n\t<article class=\"w-grid-item size_1x1 post-11567 attachment type-attachment status-inherit hentry\" data-id=\"11567\">\r\n\t\t<div class=\"w-grid-item-h\">\r\n\t\t\t\t\t\t\t<a ref=\"magnificPopupGrid\" href=\"https:\/\/e-twow.com\/wp-content\/uploads\/2018\/01\/10.jpg\" class=\"w-grid-item-anchor\" aria-label=\"10\"><\/a>\r\n\t\t\t\t\t\t<div class=\"w-post-elm post_image usg_post_image_1 stretched\"><img decoding=\"async\" width=\"350\" height=\"350\" data-src=\"https:\/\/e-twow.com\/wp-content\/uploads\/2018\/01\/10-350x350.jpg\" class=\"attachment-us_350_350_crop size-us_350_350_crop lazyload\" alt=\"\" data-srcset=\"https:\/\/e-twow.com\/wp-content\/uploads\/2018\/01\/10-350x350.jpg 350w, https:\/\/e-twow.com\/wp-content\/uploads\/2018\/01\/10-150x150.jpg 150w, https:\/\/e-twow.com\/wp-content\/uploads\/2018\/01\/10-600x600.jpg 600w, https:\/\/e-twow.com\/wp-content\/uploads\/2018\/01\/10-300x300.jpg 300w\" data-sizes=\"(max-width: 350px) 100vw, 350px\" src=\"data:image\/svg+xml;base64,PHN2ZyB3aWR0aD0iMSIgaGVpZ2h0PSIxIiB4bWxucz0iaHR0cDovL3d3dy53My5vcmcvMjAwMC9zdmciPjwvc3ZnPg==\" style=\"--smush-placeholder-width: 350px; --smush-placeholder-aspect-ratio: 350\/350;\" \/><\/div>\t\t<\/div>\r\n\t\t\t<\/article>\r\n\t<article class=\"w-grid-item size_1x1 post-11568 attachment type-attachment status-inherit hentry\" data-id=\"11568\">\r\n\t\t<div class=\"w-grid-item-h\">\r\n\t\t\t\t\t\t\t<a ref=\"magnificPopupGrid\" href=\"https:\/\/e-twow.com\/wp-content\/uploads\/2018\/01\/awards-3.jpg\" class=\"w-grid-item-anchor\" aria-label=\"awards-3\"><\/a>\r\n\t\t\t\t\t\t<div class=\"w-post-elm post_image usg_post_image_1 stretched\"><img decoding=\"async\" width=\"319\" height=\"350\" data-src=\"https:\/\/e-twow.com\/wp-content\/uploads\/2018\/01\/awards-3-319x350.jpg\" class=\"attachment-us_350_350_crop size-us_350_350_crop lazyload\" alt=\"\" src=\"data:image\/svg+xml;base64,PHN2ZyB3aWR0aD0iMSIgaGVpZ2h0PSIxIiB4bWxucz0iaHR0cDovL3d3dy53My5vcmcvMjAwMC9zdmciPjwvc3ZnPg==\" style=\"--smush-placeholder-width: 319px; --smush-placeholder-aspect-ratio: 319\/350;\" \/><\/div>\t\t<\/div>\r\n\t\t\t<\/article>\r\n\t<article class=\"w-grid-item size_1x1 post-11570 attachment type-attachment status-inherit hentry\" data-id=\"11570\">\r\n\t\t<div class=\"w-grid-item-h\">\r\n\t\t\t\t\t\t\t<a ref=\"magnificPopupGrid\" href=\"https:\/\/e-twow.com\/wp-content\/uploads\/2018\/01\/awards-7.jpg\" class=\"w-grid-item-anchor\" aria-label=\"awards-7 aei\"><\/a>\r\n\t\t\t\t\t\t<div class=\"w-post-elm post_image usg_post_image_1 stretched\"><img decoding=\"async\" width=\"350\" height=\"350\" data-src=\"https:\/\/e-twow.com\/wp-content\/uploads\/2018\/01\/awards-7-350x350.jpg\" class=\"attachment-us_350_350_crop size-us_350_350_crop lazyload\" alt=\"\" data-srcset=\"https:\/\/e-twow.com\/wp-content\/uploads\/2018\/01\/awards-7-350x350.jpg 350w, https:\/\/e-twow.com\/wp-content\/uploads\/2018\/01\/awards-7-150x150.jpg 150w, https:\/\/e-twow.com\/wp-content\/uploads\/2018\/01\/awards-7-300x300.jpg 300w\" data-sizes=\"(max-width: 350px) 100vw, 350px\" src=\"data:image\/svg+xml;base64,PHN2ZyB3aWR0aD0iMSIgaGVpZ2h0PSIxIiB4bWxucz0iaHR0cDovL3d3dy53My5vcmcvMjAwMC9zdmciPjwvc3ZnPg==\" style=\"--smush-placeholder-width: 350px; --smush-placeholder-aspect-ratio: 350\/350;\" \/><\/div>\t\t<\/div>\r\n\t\t\t<\/article>\r\n\t<article class=\"w-grid-item size_1x1 post-11571 attachment type-attachment status-inherit hentry\" data-id=\"11571\">\r\n\t\t<div class=\"w-grid-item-h\">\r\n\t\t\t\t\t\t\t<a ref=\"magnificPopupGrid\" href=\"https:\/\/e-twow.com\/wp-content\/uploads\/2018\/01\/awards-11.jpg\" class=\"w-grid-item-anchor\" aria-label=\"awards 2017\"><\/a>\r\n\t\t\t\t\t\t<div class=\"w-post-elm post_image usg_post_image_1 stretched\"><img decoding=\"async\" width=\"350\" height=\"350\" data-src=\"https:\/\/e-twow.com\/wp-content\/uploads\/2018\/01\/awards-11-350x350.jpg\" class=\"attachment-us_350_350_crop size-us_350_350_crop lazyload\" alt=\"\" data-srcset=\"https:\/\/e-twow.com\/wp-content\/uploads\/2018\/01\/awards-11-350x350.jpg 350w, https:\/\/e-twow.com\/wp-content\/uploads\/2018\/01\/awards-11-150x150.jpg 150w, https:\/\/e-twow.com\/wp-content\/uploads\/2018\/01\/awards-11-300x300.jpg 300w\" data-sizes=\"(max-width: 350px) 100vw, 350px\" src=\"data:image\/svg+xml;base64,PHN2ZyB3aWR0aD0iMSIgaGVpZ2h0PSIxIiB4bWxucz0iaHR0cDovL3d3dy53My5vcmcvMjAwMC9zdmciPjwvc3ZnPg==\" style=\"--smush-placeholder-width: 350px; --smush-placeholder-aspect-ratio: 350\/350;\" \/><\/div>\t\t<\/div>\r\n\t\t\t<\/article>\r\n\t<article class=\"w-grid-item size_1x1 post-11572 attachment type-attachment status-inherit hentry\" data-id=\"11572\">\r\n\t\t<div class=\"w-grid-item-h\">\r\n\t\t\t\t\t\t\t<a ref=\"magnificPopupGrid\" href=\"https:\/\/e-twow.com\/wp-content\/uploads\/2018\/01\/awards-17.jpg\" class=\"w-grid-item-anchor\" aria-label=\"e-twow pro invent medal\"><\/a>\r\n\t\t\t\t\t\t<div class=\"w-post-elm post_image usg_post_image_1 stretched\"><img decoding=\"async\" width=\"350\" height=\"350\" data-src=\"https:\/\/e-twow.com\/wp-content\/uploads\/2018\/01\/awards-17-350x350.jpg\" class=\"attachment-us_350_350_crop size-us_350_350_crop lazyload\" alt=\"\" data-srcset=\"https:\/\/e-twow.com\/wp-content\/uploads\/2018\/01\/awards-17-350x350.jpg 350w, https:\/\/e-twow.com\/wp-content\/uploads\/2018\/01\/awards-17-150x150.jpg 150w, https:\/\/e-twow.com\/wp-content\/uploads\/2018\/01\/awards-17-300x300.jpg 300w\" data-sizes=\"(max-width: 350px) 100vw, 350px\" src=\"data:image\/svg+xml;base64,PHN2ZyB3aWR0aD0iMSIgaGVpZ2h0PSIxIiB4bWxucz0iaHR0cDovL3d3dy53My5vcmcvMjAwMC9zdmciPjwvc3ZnPg==\" style=\"--smush-placeholder-width: 350px; --smush-placeholder-aspect-ratio: 350\/350;\" \/><\/div>\t\t<\/div>\r\n\t\t\t<\/article>\r\n<\/div>\t<div class=\"w-grid-preloader\">\r\n\t\t<div class=\"g-preloader type_1\">\r\n\t\t\t<div><\/div>\r\n\t\t<\/div>\r\n\t<\/div>\r\n\t\t<div class=\"w-grid-json hidden\" onclick='return {&quot;action&quot;:&quot;us_ajax_grid&quot;,&quot;infinite_scroll&quot;:0,&quot;max_num_pages&quot;:1,&quot;pagination&quot;:&quot;none&quot;,&quot;template_vars&quot;:{&quot;columns&quot;:&quot;4&quot;,&quot;exclude_items&quot;:&quot;none&quot;,&quot;img_size&quot;:&quot;us_350_350_crop&quot;,&quot;ignore_items_size&quot;:0,&quot;items_layout&quot;:&quot;gallery_default&quot;,&quot;items_offset&quot;:&quot;1&quot;,&quot;load_animation&quot;:&quot;none&quot;,&quot;overriding_link&quot;:&quot;%7B%22type%22%3A%22popup_image%22%7D&quot;,&quot;post_id&quot;:0,&quot;query_args&quot;:{&quot;post_type&quot;:[&quot;attachment&quot;],&quot;post__in&quot;:[&quot;5567&quot;,&quot;4239&quot;,&quot;4241&quot;,&quot;4242&quot;,&quot;4243&quot;,&quot;4246&quot;,&quot;4247&quot;,&quot;4250&quot;],&quot;post_status&quot;:&quot;inherit&quot;,&quot;post_mime_type&quot;:&quot;image&quot;,&quot;posts_per_page&quot;:999},&quot;orderby_query_args&quot;:{&quot;orderby&quot;:{&quot;post__in&quot;:&quot;ASC&quot;},&quot;order&quot;:&quot;ASC&quot;},&quot;type&quot;:&quot;masonry&quot;,&quot;us_grid_post_type&quot;:&quot;attachment&quot;,&quot;us_grid_ajax_index&quot;:1,&quot;us_grid_filter_query_string&quot;:null,&quot;us_grid_index&quot;:1,&quot;page_args&quot;:[],&quot;lang&quot;:&quot;lt&quot;}}'><\/div>\r\n\t<\/div><\/div><\/div><\/div><\/div><\/div><\/section>\n","protected":false},"excerpt":{"rendered":"","protected":false},"author":1,"featured_media":0,"parent":0,"menu_order":0,"comment_status":"closed","ping_status":"closed","template":"","meta":{"ngg_post_thumbnail":0,"footnotes":""},"class_list":["post-11562","page","type-page","status-publish","hentry"],"yoast_head":"<!-- This site is optimized with the Yoast SEO Premium plugin v27.2 (Yoast SEO v27.2) - https:\/\/yoast.com\/product\/yoast-seo-premium-wordpress\/ -->\n<title>Apdovanojimai ir pasiekimai - E-TWOW<\/title>\n<meta name=\"robots\" content=\"index, follow, max-snippet:-1, max-image-preview:large, max-video-preview:-1\" \/>\n<link rel=\"canonical\" href=\"https:\/\/e-twow.com\/awards\/\" \/>\n<meta property=\"og:locale\" content=\"lt_LT\" \/>\n<meta property=\"og:type\" content=\"article\" \/>\n<meta property=\"og:title\" content=\"Apdovanojimai ir pasiekimai\" \/>\n<meta property=\"og:url\" content=\"https:\/\/e-twow.com\/awards\/\" \/>\n<meta property=\"og:site_name\" content=\"E-TWOW\" \/>\n<meta property=\"article:modified_time\" content=\"2021-01-19T12:50:10+00:00\" \/>\n<meta name=\"twitter:card\" content=\"summary_large_image\" \/>\n<meta name=\"twitter:label1\" content=\"Est. reading time\" \/>\n\t<meta name=\"twitter:data1\" content=\"2 minut\u0117s\" \/>\n<script type=\"application\/ld+json\" class=\"yoast-schema-graph\">{\"@context\":\"https:\/\/schema.org\",\"@graph\":[{\"@type\":\"WebPage\",\"@id\":\"https:\/\/e-twow.com\/awards\/\",\"url\":\"https:\/\/e-twow.com\/awards\/\",\"name\":\"Apdovanojimai ir pasiekimai - E-TWOW\",\"isPartOf\":{\"@id\":\"https:\/\/e-twow.com\/#website\"},\"datePublished\":\"2018-01-31T14:36:41+00:00\",\"dateModified\":\"2021-01-19T12:50:10+00:00\",\"breadcrumb\":{\"@id\":\"https:\/\/e-twow.com\/awards\/#breadcrumb\"},\"inLanguage\":\"lt-LT\",\"potentialAction\":[{\"@type\":\"ReadAction\",\"target\":[\"https:\/\/e-twow.com\/awards\/\"]}]},{\"@type\":\"BreadcrumbList\",\"@id\":\"https:\/\/e-twow.com\/awards\/#breadcrumb\",\"itemListElement\":[{\"@type\":\"ListItem\",\"position\":1,\"name\":\"Home\",\"item\":\"https:\/\/e-twow.com\/lt\/\"},{\"@type\":\"ListItem\",\"position\":2,\"name\":\"Apdovanojimai ir pasiekimai\"}]},{\"@type\":\"WebSite\",\"@id\":\"https:\/\/e-twow.com\/#website\",\"url\":\"https:\/\/e-twow.com\/\",\"name\":\"E-TWOW\",\"description\":\"Portable Scooter\",\"potentialAction\":[{\"@type\":\"SearchAction\",\"target\":{\"@type\":\"EntryPoint\",\"urlTemplate\":\"https:\/\/e-twow.com\/?s={search_term_string}\"},\"query-input\":{\"@type\":\"PropertyValueSpecification\",\"valueRequired\":true,\"valueName\":\"search_term_string\"}}],\"inLanguage\":\"lt-LT\"}]}<\/script>\n<!-- \/ Yoast SEO Premium plugin. -->","yoast_head_json":{"title":"Apdovanojimai ir pasiekimai - E-TWOW","robots":{"index":"index","follow":"follow","max-snippet":"max-snippet:-1","max-image-preview":"max-image-preview:large","max-video-preview":"max-video-preview:-1"},"canonical":"https:\/\/e-twow.com\/awards\/","og_locale":"lt_LT","og_type":"article","og_title":"Apdovanojimai ir pasiekimai","og_url":"https:\/\/e-twow.com\/awards\/","og_site_name":"E-TWOW","article_modified_time":"2021-01-19T12:50:10+00:00","twitter_card":"summary_large_image","twitter_misc":{"Est. reading time":"2 minut\u0117s"},"schema":{"@context":"https:\/\/schema.org","@graph":[{"@type":"WebPage","@id":"https:\/\/e-twow.com\/awards\/","url":"https:\/\/e-twow.com\/awards\/","name":"Apdovanojimai ir pasiekimai - E-TWOW","isPartOf":{"@id":"https:\/\/e-twow.com\/#website"},"datePublished":"2018-01-31T14:36:41+00:00","dateModified":"2021-01-19T12:50:10+00:00","breadcrumb":{"@id":"https:\/\/e-twow.com\/awards\/#breadcrumb"},"inLanguage":"lt-LT","potentialAction":[{"@type":"ReadAction","target":["https:\/\/e-twow.com\/awards\/"]}]},{"@type":"BreadcrumbList","@id":"https:\/\/e-twow.com\/awards\/#breadcrumb","itemListElement":[{"@type":"ListItem","position":1,"name":"Home","item":"https:\/\/e-twow.com\/lt\/"},{"@type":"ListItem","position":2,"name":"Apdovanojimai ir pasiekimai"}]},{"@type":"WebSite","@id":"https:\/\/e-twow.com\/#website","url":"https:\/\/e-twow.com\/","name":"E-TWOW","description":"Portable Scooter","potentialAction":[{"@type":"SearchAction","target":{"@type":"EntryPoint","urlTemplate":"https:\/\/e-twow.com\/?s={search_term_string}"},"query-input":{"@type":"PropertyValueSpecification","valueRequired":true,"valueName":"search_term_string"}}],"inLanguage":"lt-LT"}]}},"_links":{"self":[{"href":"https:\/\/e-twow.com\/lt\/wp-json\/wp\/v2\/pages\/11562","targetHints":{"allow":["GET"]}}],"collection":[{"href":"https:\/\/e-twow.com\/lt\/wp-json\/wp\/v2\/pages"}],"about":[{"href":"https:\/\/e-twow.com\/lt\/wp-json\/wp\/v2\/types\/page"}],"author":[{"embeddable":true,"href":"https:\/\/e-twow.com\/lt\/wp-json\/wp\/v2\/users\/1"}],"replies":[{"embeddable":true,"href":"https:\/\/e-twow.com\/lt\/wp-json\/wp\/v2\/comments?post=11562"}],"version-history":[{"count":2,"href":"https:\/\/e-twow.com\/lt\/wp-json\/wp\/v2\/pages\/11562\/revisions"}],"predecessor-version":[{"id":11565,"href":"https:\/\/e-twow.com\/lt\/wp-json\/wp\/v2\/pages\/11562\/revisions\/11565"}],"wp:attachment":[{"href":"https:\/\/e-twow.com\/lt\/wp-json\/wp\/v2\/media?parent=11562"}],"curies":[{"name":"wp","href":"https:\/\/api.w.org\/{rel}","templated":true}]}}