{"id":11548,"date":"2017-09-01T06:35:36","date_gmt":"2017-09-01T06:35:36","guid":{"rendered":"https:\/\/e-twow.com\/about-us\/"},"modified":"2022-06-15T13:06:52","modified_gmt":"2022-06-15T13:06:52","slug":"apie-mus","status":"publish","type":"page","link":"https:\/\/e-twow.com\/lt\/apie-mus\/","title":{"rendered":"Apie mus"},"content":{"rendered":"<section class=\"l-section wpb_row height_small\"><div class=\"l-section-h i-cf\"><div class=\"g-cols vc_row via_flex valign_top type_default stacking_default\"><div class=\"vc_col-sm-12 wpb_column vc_column_container\"><div class=\"vc_column-inner\"><div class=\"wpb_wrapper\"><div class=\"w-video align_none ratio_16x9 has_iframe\"><div class=\"w-video-h\"><iframe title=\"Vimeo video player\" src=\"https:\/\/player.vimeo.com\/video\/350916043?autoplay=0&loop=0&autopause=0&color=00adef&portrait=0&byline=1&title=1&controls=1&muted=0\" frameborder=\"0\" allow=\"autoplay; fullscreen\" allowfullscreen loading=\"lazy\"><\/iframe><\/div><\/div><\/div><\/div><\/div><\/div><\/div><\/section><section class=\"l-section wpb_row height_small\"><div class=\"l-section-h i-cf\"><div class=\"g-cols vc_row via_flex valign_top type_default stacking_default\"><div class=\"vc_col-sm-12 wpb_column vc_column_container\"><div class=\"vc_column-inner\"><div class=\"wpb_wrapper\"><div class=\"g-cols wpb_row via_flex valign_top type_default stacking_default\"><div class=\"vc_col-sm-8 wpb_column vc_column_container\"><div class=\"vc_column-inner\"><div class=\"wpb_wrapper\"><div class=\"wpb_text_column\"><div class=\"wpb_wrapper\"><div class=\"column mcb-column one column_column column-margin-\">\n<div class=\"column_attr clearfix\">\n<div>\n<h2>E-TWOW istorija<\/h2>\n<p>E-TWOW \u2013 tai dalis mil\u017eini\u0161kos tarptautin\u0117s koncepcijos su pagrindiniu centru Kinijoje dalis. Jos tikslas yra prad\u0117ti nauj\u0105 jud\u0117jimo mieste er\u0105 naudojantis m\u016bs\u0173 i\u0161radingomis elektrin\u0117mis transporto priemon\u0117mis. E-TWOW elektrinio paspirtuko id\u0117j\u0105 bei dizain\u0105 pasi\u016bl\u0117 ir j\u012f sukonstravo rumun\u0173 in\u017einierius daktaras Sorin Sirbu, o v\u0117liau \u0161i\u0105 koncepcij\u0105 jis pl\u0117tojo kartu su i\u0161 in\u017einieri\u0173, daug patyrusi\u0173 mechanikos ir elektrotechnikos srityse, sudaryta tyrim\u0173 komanda. Naudodamasis gautomis \u017einiomis i\u0161 ilg\u0173 met\u0173 technini\u0173 studij\u0173, bet \u2013 svarbiausia \u2013 u\u017esideg\u0119s surasti inovatyvius transportavimo sprendimus, ponas Sirbu panaudojo savo entuziazm\u0105 ir \u012fg\u016bd\u017eius, kad surast\u0173 praktin\u012f sprendim\u0105 kasdieniai gyvensenai.<\/p>\n<\/div>\n<\/div>\n<\/div>\n<\/div><\/div><\/div><\/div><\/div><div class=\"vc_col-sm-4 wpb_column vc_column_container\"><div class=\"vc_column-inner\"><div class=\"wpb_wrapper\"><div class=\"w-image align_center\"><div class=\"w-image-h\"><img decoding=\"async\" width=\"350\" height=\"350\" src=\"https:\/\/e-twow.com\/wp-content\/uploads\/2020\/11\/ghidon-ajustabil-2-350x350.jpg\" class=\"attachment-us_350_350_crop size-us_350_350_crop\" alt=\"\" loading=\"lazy\" srcset=\"https:\/\/e-twow.com\/wp-content\/uploads\/2020\/11\/ghidon-ajustabil-2-350x350.jpg 350w, https:\/\/e-twow.com\/wp-content\/uploads\/2020\/11\/ghidon-ajustabil-2-150x150.jpg 150w, https:\/\/e-twow.com\/wp-content\/uploads\/2020\/11\/ghidon-ajustabil-2-600x600.jpg 600w\" sizes=\"auto, (max-width: 350px) 100vw, 350px\" \/><\/div><\/div><\/div><\/div><\/div><\/div><div class=\"wpb_text_column\"><div class=\"wpb_wrapper\"><h2>Kaip viskas prasid\u0117jo<\/h2>\n<p>2013 metais in\u017einierius daktaras Sorin SIRBU suk\u016br\u0117 pirm\u0105j\u012f elektrin\u012f paspirtuk\u0105. Tuo metu jis gyveno \u0160anchajuje, kur vyst\u0117 s\u0117kming\u0105 versl\u0105. Paspirtukas buvo i\u0161rastas d\u0117l praktini\u0173 prie\u017eas\u010di\u0173 ir ponas S\u00eerbu neketino \u0161io i\u0161radimo paversti verslu. Jis tiesiog ie\u0161kojo praktinio sprendimo, kaip jud\u0117ti tokiame didmiestyje, kaip \u0160anchajus. I\u0161 prad\u017ei\u0173 jis band\u0117 va\u017eiuoti elektriniu dvira\u010diu, ta\u010diau nebuvo patenkintas \u0161ia id\u0117ja, nes elektrinis dviratis buvo sunkus, o \u012f metro jam buvo draud\u017eiama lipti. Taigi, jis pasirinko \u012fprast\u0105 paspirtuk\u0105. Kadangi tur\u0117jo keliauti didelius atstumus, jis svarst\u0117 galimyb\u0119 sukurti elektrin\u012f paspirtuk\u0105. Pirmasis modelis, pagamintas su \u012fprastu varikliu ir traukos dir\u017eu, buvo patikima transporto priemon\u0117 tik iki artimiausio restorano, kur dingo trauka. Apskritai, tokios ma\u017eos ir lengvai vairuojamos transporto priemon\u0117s vairavimo patirties pakako pon\u0105 S\u00eerbu motyvuoti toliau bandyti. Per tris m\u0117nesius jis suk\u016br\u0117 pirm\u0105j\u012f funkcin\u012f elektrin\u012f paspirtuk\u0105. Juo naudojantis galima buvo nuva\u017eiuoti 7-8 kilometrus ir buvo labai lengvai valdomas.<\/p>\n<p>Tokio tipo elektrin\u0117s transporto priemon\u0117s tuo metu buvo naujov\u0117. \u017dmon\u0117s gatv\u0117je stabdydavo pon\u0105 S\u00eerbu paklausti jo apie paspirtuk\u0105. Tuo metu ponas S\u00eerbu svarst\u0117 galimyb\u0119 savo i\u0161radim\u0105 paversti verslu. Verslu, kuriuo jis tik\u0117josi visam laikui pakeisti \u017emoni\u0173 jud\u0117jimo b\u016bd\u0105 miesto aplinkoje. Kadangi paspirtukas buvo laikomas vaik\u0173 \u017eaislu, elektrinis paspirtukas nuo pat prad\u017ei\u0173 nebuvo laikomas s\u0117kmingu verslu. Apskritai, \u017emon\u0117ms i\u0161bandyti paspirtuk\u0105 pakako, kad \u012fsitikint\u0173 jo naudingumu, jau nekalbant apie malonum\u0105 keliauti tokia transporto priemone.<\/p>\n<h2><strong>Kaip mes suk\u016br\u0117me nauj\u0105 jud\u0117jimo mieste er\u0105<\/strong><\/h2>\n<p>Kiekvieni metai &#8211; kupini nauj\u0173 i\u0161\u0161\u016bki\u0173, ta\u010diau kiekvienas i\u0161\u0161\u016bkis rei\u0161k\u0117 elektrinio paspirtuko patobulinim\u0105. E-TWOW paspirtukas buvo pirmasis paspirtukas, kuriame buvo integruota kinetin\u0117s energijos regeneravimo sistema, kuri tuo metu buvo naudojama tik \u201eFormul\u0117s 1\u201c automobiliuose. Patogi 3 ta\u0161k\u0173 sulankstymo sistema padar\u0117 j\u012f vienu patogiausi\u0173 transporto priemoni\u0173 asmeniniam transportui, nes j\u012f galima lengvai transportuoti ir saugoti. Pradinis dizainas laikui b\u0117gant patyr\u0117 labai nedaug pakeitim\u0173, nes nuo pat prad\u017ei\u0173 paspirtukas buvo sukurtas u\u017etikrinant optimal\u0173 stabilum\u0105 ir manevringum\u0105. Nepaisant to, jaunoji karta pasi\u016bl\u0117 esminius ergonomikos ir programin\u0117s \u012frangos patobulinimus.<\/p>\n<p>I\u0161 prad\u017ei\u0173 ponas S\u00eerbu dirbo \u012fvairiose gamyklose, kuriose buvo gaminami paspirtuk\u0173 komponentai, ta\u010diau per trump\u0105 laik\u0105 nusprend\u0117, kad vienintelis b\u016bdas garantuoti paspirtuk\u0173 kokyb\u0119 yra komponent\u0173 gamyba savo gamykloje. \u0160iuo metu yra du verslo centrai: Kinijos gamykla ir Rumunijoje esantis Europos administracinis bei logistikos centras. Kinijos gamykla gamina beveik 90% paspirtuk\u0173 komponent\u0173 (nuo aparat\u016bros, programin\u0117s \u012frangos, varikli\u0173, vis\u0173 plastikini\u0173 komponent\u0173 ir net akumuliatori\u0173, surinkt\u0173 naudojant \u201eSamsung\u201c l\u0105steles).<\/p>\n<p>&nbsp;2017 metais 45-ojoje tarptautin\u0117je i\u0161radim\u0173 parodoje \u017denevoje E-TWOW ne\u0161iojamas ir sulankstomas elektrinis paspirtukas laim\u0117jo aukso medal\u012f u\u017e geriausi\u0105 i\u0161radim\u0105. B\u0117gant metams, keletas kit\u0173 gamintoj\u0173 prad\u0117jo gaminti pana\u0161ias transporto priemones, ta\u010diau E-TWOW elektriniai paspirtukai vis dar yra geriausias pasirinkimas d\u0117l j\u0173 auk\u0161tos kokyb\u0117s, ne\u012ftik\u0117tino manevringumo ir bendro naudojimo patogumo. \u0160iuo metu paspirtukas E-TWOW yra vienintel\u0117 elektrin\u0117 transporto priemon\u0117, kuri gali visi\u0161kai veikti be akumuliatoriaus. Pavyzd\u017eiui, jei i\u0161 bet kokios kitos transporto priemon\u0117s i\u0161imsite akumuliatori\u0173 ir paspausite akseleratori\u0173, sugadinsite valdikl\u012f ar stabd\u017eius. Naudodamiesi E-TWOW paspirtuku, galite i\u0161imti akumuliatori\u0173 ir va\u017eiuoti su juo \u012f \u0161lait\u0105 nepa\u017eeid\u017eiant joki\u0173 komponent\u0173. Be to, net ir be akumuliatoriaus, \u012fmanoma naudoti stabd\u017eius ir \u017eibintus.<\/p>\n<h2>M\u016bs\u0173 vertyb\u0117s<\/h2>\n<h3>Naujov\u0117<\/h3>\n<p>Nuo pat prad\u017ei\u0173 E-TWOW koncepcij\u0105 skatino naujov\u0117s. Paspirtukai integruoja naujausias technologijas mechanikos ir elektrotechnikos pramon\u0117je. Gamykla apr\u016bpinta HPRTM \u012franga ir mes esame antroji \u012fmon\u0117 pasaulyje po BMW, kuri naudoja \u0161i\u0105 technologij\u0105. M\u016bs\u0173 auk\u0161to sl\u0117gio RTM \u012franga si\u016blo mi\u0161ri\u0173 konstrukcij\u0173 individualius patentus. Mes taip pat nuolat investuojame \u012f savo tyrim\u0173 ir pl\u0117tros skyri\u0173, kuriame dirba geriausi in\u017einieriai i\u0161 Pranc\u016bzijos, Vokietijos ir Rumunijos.<\/p>\n<h3>Klient\u0173 pasitenkinimas<\/h3>\n<p>M\u016bs\u0173 tikslas niekada nebuvo sukurti tobul\u0105 produkt\u0105. Tobulumas yra stati\u0161ka koncepcija, o mes siekiame nuolat tobul\u0117ti ir kurti naujoves. B\u0117gant metams, E-TWOW elektriniai paspirtukai susid\u016br\u0117 su daugybe i\u0161\u0161\u016bki\u0173. Ta\u010diau pastoviai atlikdami bandymus ir tyrimus, mes nuolat tobulinome paspirtukus ir pa\u0161alinome visas i\u0161kilusias problemas. Norime pad\u0117koti savo klientams u\u017e param\u0105, kuri\u0105 jie suteik\u0117 pateikdami konstruktyv\u0173 atsiliepim\u0105 apie i\u0161kilusias problemas. Nor\u0117dami kompensuoti u\u017e visus kilusius nepatogumus, mes visada steng\u0117m\u0117s pad\u0117koti savo klientams tinkamu aptarnavimu ir parama.<\/p>\n<h3><strong>Tvarios ateities k\u016brimas<\/strong><\/h3>\n<p>M\u016bs\u0173 vizija sukurti nauj\u0105 jud\u0117jimo mieste er\u0105 yra neatsiejama nuo m\u016bs\u0173 noro kurti tvari\u0105 ateit\u012f. \u0160iais laikais vis daugiau \u017emoni\u0173 renkasi savo automobilius pakeisti elektrin\u0117mis transporto priemon\u0117mis, o elektrinis paspirtukas yra vienas ekologi\u0161kiausi\u0173 sprendim\u0173 miesto aplinkoje. Be to, kadangi m\u016bs\u0173 elektriniai paspirtukai nei\u0161skiria anglies dvideginio, jie gali b\u016bti naudojami ir patalpose, tod\u0117l idealiai tinka didel\u0117se dengtose vietose, tokiose kaip oro uostai ar gamyklos.<\/p>\n<\/div><\/div><div class=\"g-cols wpb_row us_custom_4e0cc4c3 via_flex valign_top type_default stacking_default\"><div class=\"vc_col-sm-6 wpb_column vc_column_container\"><div class=\"vc_column-inner\"><div class=\"wpb_wrapper\">[vc_custom_heading text=&#8221;GAMYKLA JINHUA ZHEJIANG<br \/>\nKINIJA&#8221; font_container=&#8221;tag:h5|text_align:left&#8221; use_theme_fonts=&#8221;yes&#8221;]<div class=\"w-image align_none\"><div class=\"w-image-h\"><img decoding=\"async\" width=\"600\" height=\"453\" src=\"https:\/\/e-twow.com\/wp-content\/uploads\/2019\/06\/e-twow-factory.jpg\" class=\"attachment-full size-full\" alt=\"\" loading=\"lazy\" srcset=\"https:\/\/e-twow.com\/wp-content\/uploads\/2019\/06\/e-twow-factory.jpg 600w, https:\/\/e-twow.com\/wp-content\/uploads\/2019\/06\/e-twow-factory-300x227.jpg 300w\" sizes=\"auto, (max-width: 600px) 100vw, 600px\" \/><\/div><\/div><\/div><\/div><\/div><\/div><\/div><\/div><\/div><\/div><\/div><\/section>\n","protected":false},"excerpt":{"rendered":"E-TWOW istorija E-TWOW \u2013 tai dalis mil\u017eini\u0161kos tarptautin\u0117s koncepcijos su pagrindiniu centru Kinijoje dalis. Jos tikslas yra prad\u0117ti nauj\u0105 jud\u0117jimo mieste er\u0105 naudojantis m\u016bs\u0173 i\u0161radingomis elektrin\u0117mis transporto priemon\u0117mis. E-TWOW elektrinio paspirtuko id\u0117j\u0105 bei dizain\u0105 pasi\u016bl\u0117 ir j\u012f sukonstravo rumun\u0173 in\u017einierius daktaras Sorin Sirbu, o v\u0117liau \u0161i\u0105 koncepcij\u0105 jis pl\u0117tojo kartu su i\u0161 in\u017einieri\u0173, daug patyrusi\u0173...","protected":false},"author":1,"featured_media":0,"parent":0,"menu_order":0,"comment_status":"closed","ping_status":"closed","template":"","meta":{"ngg_post_thumbnail":0,"footnotes":""},"class_list":["post-11548","page","type-page","status-publish","hentry"],"yoast_head":"<!-- This site is optimized with the Yoast SEO Premium plugin v27.4 (Yoast SEO v27.4) - https:\/\/yoast.com\/product\/yoast-seo-premium-wordpress\/ -->\n<title>Apie mus | E-TWOW<\/title>\n<meta name=\"description\" content=\"The E-TWOW \u2013 Electric Two Wheels brand is part of a large international concept, focused on offering a new era in urban mobility.\" \/>\n<meta name=\"robots\" content=\"index, follow, max-snippet:-1, max-image-preview:large, max-video-preview:-1\" \/>\n<link rel=\"canonical\" href=\"https:\/\/e-twow.com\/about-us\/\" \/>\n<meta property=\"og:locale\" content=\"lt_LT\" \/>\n<meta property=\"og:type\" content=\"article\" \/>\n<meta property=\"og:title\" content=\"Apie mus\" \/>\n<meta property=\"og:description\" content=\"The E-TWOW \u2013 Electric Two Wheels brand is part of a large international concept, focused on offering a new era in urban mobility.\" \/>\n<meta property=\"og:url\" content=\"https:\/\/e-twow.com\/about-us\/\" \/>\n<meta property=\"og:site_name\" content=\"E-TWOW\" \/>\n<meta property=\"article:modified_time\" content=\"2022-06-15T13:06:52+00:00\" \/>\n<meta name=\"twitter:card\" content=\"summary_large_image\" \/>\n<meta name=\"twitter:label1\" content=\"Est. reading time\" \/>\n\t<meta name=\"twitter:data1\" content=\"6 minut\u0117s\" \/>\n<script type=\"application\/ld+json\" class=\"yoast-schema-graph\">{\"@context\":\"https:\\\/\\\/schema.org\",\"@graph\":[{\"@type\":\"WebPage\",\"@id\":\"https:\\\/\\\/e-twow.com\\\/about-us\\\/\",\"url\":\"https:\\\/\\\/e-twow.com\\\/about-us\\\/\",\"name\":\"Apie mus | E-TWOW\",\"isPartOf\":{\"@id\":\"https:\\\/\\\/e-twow.com\\\/#website\"},\"datePublished\":\"2017-09-01T06:35:36+00:00\",\"dateModified\":\"2022-06-15T13:06:52+00:00\",\"description\":\"The E-TWOW \u2013 Electric Two Wheels brand is part of a large international concept, focused on offering a new era in urban mobility.\",\"breadcrumb\":{\"@id\":\"https:\\\/\\\/e-twow.com\\\/about-us\\\/#breadcrumb\"},\"inLanguage\":\"lt-LT\",\"potentialAction\":[{\"@type\":\"ReadAction\",\"target\":[\"https:\\\/\\\/e-twow.com\\\/about-us\\\/\"]}]},{\"@type\":\"BreadcrumbList\",\"@id\":\"https:\\\/\\\/e-twow.com\\\/about-us\\\/#breadcrumb\",\"itemListElement\":[{\"@type\":\"ListItem\",\"position\":1,\"name\":\"Home\",\"item\":\"https:\\\/\\\/e-twow.com\\\/lt\\\/\"},{\"@type\":\"ListItem\",\"position\":2,\"name\":\"Apie mus\"}]},{\"@type\":\"WebSite\",\"@id\":\"https:\\\/\\\/e-twow.com\\\/#website\",\"url\":\"https:\\\/\\\/e-twow.com\\\/\",\"name\":\"E-TWOW\",\"description\":\"Portable Scooter\",\"potentialAction\":[{\"@type\":\"SearchAction\",\"target\":{\"@type\":\"EntryPoint\",\"urlTemplate\":\"https:\\\/\\\/e-twow.com\\\/?s={search_term_string}\"},\"query-input\":{\"@type\":\"PropertyValueSpecification\",\"valueRequired\":true,\"valueName\":\"search_term_string\"}}],\"inLanguage\":\"lt-LT\"}]}<\/script>\n<!-- \/ Yoast SEO Premium plugin. -->","yoast_head_json":{"title":"Apie mus | E-TWOW","description":"The E-TWOW \u2013 Electric Two Wheels brand is part of a large international concept, focused on offering a new era in urban mobility.","robots":{"index":"index","follow":"follow","max-snippet":"max-snippet:-1","max-image-preview":"max-image-preview:large","max-video-preview":"max-video-preview:-1"},"canonical":"https:\/\/e-twow.com\/about-us\/","og_locale":"lt_LT","og_type":"article","og_title":"Apie mus","og_description":"The E-TWOW \u2013 Electric Two Wheels brand is part of a large international concept, focused on offering a new era in urban mobility.","og_url":"https:\/\/e-twow.com\/about-us\/","og_site_name":"E-TWOW","article_modified_time":"2022-06-15T13:06:52+00:00","twitter_card":"summary_large_image","twitter_misc":{"Est. reading time":"6 minut\u0117s"},"schema":{"@context":"https:\/\/schema.org","@graph":[{"@type":"WebPage","@id":"https:\/\/e-twow.com\/about-us\/","url":"https:\/\/e-twow.com\/about-us\/","name":"Apie mus | E-TWOW","isPartOf":{"@id":"https:\/\/e-twow.com\/#website"},"datePublished":"2017-09-01T06:35:36+00:00","dateModified":"2022-06-15T13:06:52+00:00","description":"The E-TWOW \u2013 Electric Two Wheels brand is part of a large international concept, focused on offering a new era in urban mobility.","breadcrumb":{"@id":"https:\/\/e-twow.com\/about-us\/#breadcrumb"},"inLanguage":"lt-LT","potentialAction":[{"@type":"ReadAction","target":["https:\/\/e-twow.com\/about-us\/"]}]},{"@type":"BreadcrumbList","@id":"https:\/\/e-twow.com\/about-us\/#breadcrumb","itemListElement":[{"@type":"ListItem","position":1,"name":"Home","item":"https:\/\/e-twow.com\/lt\/"},{"@type":"ListItem","position":2,"name":"Apie mus"}]},{"@type":"WebSite","@id":"https:\/\/e-twow.com\/#website","url":"https:\/\/e-twow.com\/","name":"E-TWOW","description":"Portable Scooter","potentialAction":[{"@type":"SearchAction","target":{"@type":"EntryPoint","urlTemplate":"https:\/\/e-twow.com\/?s={search_term_string}"},"query-input":{"@type":"PropertyValueSpecification","valueRequired":true,"valueName":"search_term_string"}}],"inLanguage":"lt-LT"}]}},"_links":{"self":[{"href":"https:\/\/e-twow.com\/lt\/wp-json\/wp\/v2\/pages\/11548","targetHints":{"allow":["GET"]}}],"collection":[{"href":"https:\/\/e-twow.com\/lt\/wp-json\/wp\/v2\/pages"}],"about":[{"href":"https:\/\/e-twow.com\/lt\/wp-json\/wp\/v2\/types\/page"}],"author":[{"embeddable":true,"href":"https:\/\/e-twow.com\/lt\/wp-json\/wp\/v2\/users\/1"}],"replies":[{"embeddable":true,"href":"https:\/\/e-twow.com\/lt\/wp-json\/wp\/v2\/comments?post=11548"}],"version-history":[{"count":7,"href":"https:\/\/e-twow.com\/lt\/wp-json\/wp\/v2\/pages\/11548\/revisions"}],"predecessor-version":[{"id":13594,"href":"https:\/\/e-twow.com\/lt\/wp-json\/wp\/v2\/pages\/11548\/revisions\/13594"}],"wp:attachment":[{"href":"https:\/\/e-twow.com\/lt\/wp-json\/wp\/v2\/media?parent=11548"}],"curies":[{"name":"wp","href":"https:\/\/api.w.org\/{rel}","templated":true}]}}