{"id":8756,"date":"2019-08-02T10:00:41","date_gmt":"2019-08-02T10:00:41","guid":{"rendered":"https:\/\/e-twow.com\/warranty\/"},"modified":"2020-02-19T11:02:30","modified_gmt":"2020-02-19T11:02:30","slug":"garanzia","status":"publish","type":"page","link":"https:\/\/e-twow.com\/it\/garanzia\/","title":{"rendered":"Garanzia"},"content":{"rendered":"<section class=\"l-section wpb_row height_small\"><div class=\"l-section-h i-cf\"><div class=\"g-cols vc_row via_flex valign_top type_default stacking_default\"><div class=\"vc_col-sm-12 wpb_column vc_column_container\"><div class=\"vc_column-inner\"><div class=\"wpb_wrapper\"><div class=\"wpb_text_column\"><div class=\"wpb_wrapper\"><p><strong>garanzia<\/strong><\/p>\n<p>I prodotti E-TWOW acquistati da rivenditori autorizzati beneficiano delle condizioni di garanzia in conformit\u00e0 con le leggi in vigore e le politiche commerciali dei produttori. I prodotti sono nuovi, nella confezione originale e provengono da fonti autorizzate.<\/p>\n<p>Ogni rivenditore ha l&#8217;obbligo contrattuale di fornire un certificato di garanzia. Per ottenere la riparazione o la sostituzione ai sensi della presente garanzia, \u00e8 necessario assicurarsi che il rivenditore o il negozio online da cui \u00e8 stato acquistato il monopattino abbia indicato la posizione e la data di acquisto sul certificato di garanzia. \u00c8 inoltre necessario includere una copia del certificato inviato con il monopattino al momento della spedizione o inviare il monopattino per la riparazione o la sostituzione.<\/p>\n<p>Per eventuali problemi di garanzia, contattare l&#8217;azienda da cui \u00e8 stato acquistato il monopattino o contattarci direttamente all&#8217;indirizzo service@e-twow.com.<\/p>\n<p>Importante:<\/p>\n<ol>\n<li>In qualit\u00e0 di acquirente, hai l&#8217;obbligo di utilizzare il prodotto secondo le istruzioni del Manuale dell&#8217;utente. Si prega di trovare il manuale dell&#8217;utente su: <a href=\"https:\/\/e-twow.com\/wp-content\/uploads\/2019\/11\/manual-nou-trotinete-2019-v2-5-LANGUAGES-7-11-2019.pdf\">Manuale d&#8217;uso<\/a><\/li>\n<\/ol>\n<p>IL PRODOTTO \u00c8 UTILIZZATO SOLO DOPO LA LETTURA E LA COMPRENSIONE DELLE ISTRUZIONI NEL MANUALE DELL&#8217;UTENTE!<\/p>\n<ol start=\"2\">\n<li>Hai l&#8217;obbligo di conservare il certificato di garanzia, che \u00e8 l&#8217;unico documento che certifica la garanzia e verr\u00e0 presentato insieme al documento di pagamento in caso di guasto.<\/li>\n<li>Per eventuali riparazioni durante il periodo di garanzia, utilizzare solo il rivenditore da cui \u00e8 stato acquistato il prodotto.<\/li>\n<li>Qualsiasi intervento durante il periodo di garanzia deve essere risolto entro un massimo di 30 giorni dalla data di registrazione.<\/li>\n<li>Il periodo di garanzia \u00e8 esteso al momento della riparazione del prodotto.<\/li>\n<li>Il venditore si riserva il diritto di addebitare i costi applicabili per i servizi e il trasporto se la garanzia non copre le situazioni di riparazione o sostituzione dell&#8217;apparecchiatura.<\/li>\n<li>Il prodotto soddisfa tutti gli standard europei, in conformit\u00e0 al Certificato di conformit\u00e0 incluso nel prodotto.<\/li>\n<li>La presente garanzia si riferisce alla conformit\u00e0 del prodotto, al momento della vendita, con tutte le caratteristiche tecniche e le qualit\u00e0 dichiarate dal venditore.<\/li>\n<li>Il prodotto verr\u00e0 utilizzato solo per scopi normali.<\/li>\n<\/ol>\n<p>LA GARANZIA E TUTTI I DIRITTI CHE SONO OFFERTI SARANNO ANNULLATI NELLE SITUAZIONI SEGUENTI:<\/p>\n<ol>\n<li>Il prodotto non \u00e8 stato commercializzato da E-TWOW ELECTRIC MOBILITY SA o da nessuno dei suoi rivenditori autorizzati.<\/li>\n<li>Il prodotto \u00e8 stato modificato o riparato da tecnici non autorizzati e \/ o utilizzando apparecchiature \/ accessori difettosi, modificati o non originali.<\/li>\n<li>Il prodotto ha subito incidenti o danni causati da fattori esterni, condizioni atmosferiche o altri eventi simili.<\/li>\n<li>I guasti sono causati da sporco, impurit\u00e0, acqua, corpi estranei, ecc., a seconda dei casi.<\/li>\n<li>Il prodotto \u00e8 stato utilizzato sotto la pioggia e \/ o guidato in acqua con una profondit\u00e0 superiore a 4 cm.<\/li>\n<li>Serie \/ codici \/ marchi di identificazione ecc. prodotto o parti, che sono cancellati \/ illeggibili, marcatura o goffratura realizzati per vari scopi<\/li>\n<li>I pezzi di ricambio o parti originali presentano urti, shock meccanici, fratture termiche o di altro tipo, crepe, ecc., che non sono attribuiti a loro.<\/li>\n<li>Danni e difetti dovuti a manipolazione e trasporto impropri da parte dell&#8217;acquirente.<\/li>\n<li>Cambiamenti nello stato iniziale del prodotto a causa di influenze naturali (corrosione, condensa, ecc.) dovute a condizioni di conservazione inadeguate.<\/li>\n<li>Il prodotto non \u00e8 stato utilizzato secondo le condizioni contenute nel manuale dell&#8217;utente. &#8211; link<\/li>\n<li>I malfunzionamenti del prodotto sono causati da atti vandalici o cause simili.<\/li>\n<li>Il periodo di garanzia \u00e8 scaduto.<\/li>\n<\/ol>\n<p>La garanzia non copre materiali di consumo, parti in plastica, articoli in gomma, pneumatici, vernice e altri difetti causati da urti, agenti atmosferici, usura, uso improprio o conservazione.<\/p>\n<p>Qualsiasi garanzia per il prodotto \u00e8 decaduta se l&#8217;utente noleggia o utilizza il monopattino in qualsiasi altro tentativo commerciale.<\/p>\n<p>La garanzia \u00e8 valida solo nel territorio del paese da cui \u00e8 stato acquistato il prodotto.<\/p>\n<p><strong>Assistenza<\/strong><\/p>\n<p>Per assistenza tecnica, contattare il rivenditore o il negozio online in cui \u00e8 stato acquistato il monopattino<\/p>\n<p>Se non \u00e8 possibile contattare il distributore da dove \u00e8 stato acquistato il monopattino, \u00e8 possibile contattarci direttamente all&#8217;indirizzo <a href=\"mailto:service@e-twow.com\">service@e-twow.com<\/a>.<\/p>\n<\/div><\/div><\/div><\/div><\/div><\/div><\/div><\/section>\n","protected":false},"excerpt":{"rendered":"garanzia I prodotti E-TWOW acquistati da rivenditori autorizzati beneficiano delle condizioni di garanzia in conformit\u00e0 con le leggi in vigore e le politiche commerciali dei produttori. I prodotti sono nuovi, nella confezione originale e provengono da fonti autorizzate. Ogni rivenditore ha l&#8217;obbligo contrattuale di fornire un certificato di garanzia. Per ottenere la riparazione o la...","protected":false},"author":1,"featured_media":0,"parent":0,"menu_order":0,"comment_status":"closed","ping_status":"closed","template":"","meta":{"ngg_post_thumbnail":0,"footnotes":""},"class_list":["post-8756","page","type-page","status-publish","hentry"],"yoast_head":"<!-- This site is optimized with the Yoast SEO Premium plugin v27.4 (Yoast SEO v27.4) - https:\/\/yoast.com\/product\/yoast-seo-premium-wordpress\/ -->\n<title>Garanzia - E-TWOW<\/title>\n<meta name=\"robots\" content=\"index, follow, max-snippet:-1, max-image-preview:large, max-video-preview:-1\" \/>\n<link rel=\"canonical\" href=\"https:\/\/e-twow.com\/warranty\/\" \/>\n<meta property=\"og:locale\" content=\"it_IT\" \/>\n<meta property=\"og:type\" content=\"article\" \/>\n<meta property=\"og:title\" content=\"Garanzia\" \/>\n<meta property=\"og:url\" content=\"https:\/\/e-twow.com\/warranty\/\" \/>\n<meta property=\"og:site_name\" content=\"E-TWOW\" \/>\n<meta property=\"article:modified_time\" content=\"2020-02-19T11:02:30+00:00\" \/>\n<meta name=\"twitter:card\" content=\"summary_large_image\" \/>\n<meta name=\"twitter:label1\" content=\"Tempo di lettura stimato\" \/>\n\t<meta name=\"twitter:data1\" content=\"3 minuti\" \/>\n<script type=\"application\/ld+json\" class=\"yoast-schema-graph\">{\"@context\":\"https:\\\/\\\/schema.org\",\"@graph\":[{\"@type\":\"WebPage\",\"@id\":\"https:\\\/\\\/e-twow.com\\\/warranty\\\/\",\"url\":\"https:\\\/\\\/e-twow.com\\\/warranty\\\/\",\"name\":\"Garanzia - E-TWOW\",\"isPartOf\":{\"@id\":\"https:\\\/\\\/e-twow.com\\\/#website\"},\"datePublished\":\"2019-08-02T10:00:41+00:00\",\"dateModified\":\"2020-02-19T11:02:30+00:00\",\"breadcrumb\":{\"@id\":\"https:\\\/\\\/e-twow.com\\\/warranty\\\/#breadcrumb\"},\"inLanguage\":\"it-IT\",\"potentialAction\":[{\"@type\":\"ReadAction\",\"target\":[\"https:\\\/\\\/e-twow.com\\\/warranty\\\/\"]}]},{\"@type\":\"BreadcrumbList\",\"@id\":\"https:\\\/\\\/e-twow.com\\\/warranty\\\/#breadcrumb\",\"itemListElement\":[{\"@type\":\"ListItem\",\"position\":1,\"name\":\"Home\",\"item\":\"https:\\\/\\\/e-twow.com\\\/it\\\/\"},{\"@type\":\"ListItem\",\"position\":2,\"name\":\"Garanzia\"}]},{\"@type\":\"WebSite\",\"@id\":\"https:\\\/\\\/e-twow.com\\\/#website\",\"url\":\"https:\\\/\\\/e-twow.com\\\/\",\"name\":\"E-TWOW\",\"description\":\"Portable Scooter\",\"potentialAction\":[{\"@type\":\"SearchAction\",\"target\":{\"@type\":\"EntryPoint\",\"urlTemplate\":\"https:\\\/\\\/e-twow.com\\\/?s={search_term_string}\"},\"query-input\":{\"@type\":\"PropertyValueSpecification\",\"valueRequired\":true,\"valueName\":\"search_term_string\"}}],\"inLanguage\":\"it-IT\"}]}<\/script>\n<!-- \/ Yoast SEO Premium plugin. -->","yoast_head_json":{"title":"Garanzia - E-TWOW","robots":{"index":"index","follow":"follow","max-snippet":"max-snippet:-1","max-image-preview":"max-image-preview:large","max-video-preview":"max-video-preview:-1"},"canonical":"https:\/\/e-twow.com\/warranty\/","og_locale":"it_IT","og_type":"article","og_title":"Garanzia","og_url":"https:\/\/e-twow.com\/warranty\/","og_site_name":"E-TWOW","article_modified_time":"2020-02-19T11:02:30+00:00","twitter_card":"summary_large_image","twitter_misc":{"Tempo di lettura stimato":"3 minuti"},"schema":{"@context":"https:\/\/schema.org","@graph":[{"@type":"WebPage","@id":"https:\/\/e-twow.com\/warranty\/","url":"https:\/\/e-twow.com\/warranty\/","name":"Garanzia - E-TWOW","isPartOf":{"@id":"https:\/\/e-twow.com\/#website"},"datePublished":"2019-08-02T10:00:41+00:00","dateModified":"2020-02-19T11:02:30+00:00","breadcrumb":{"@id":"https:\/\/e-twow.com\/warranty\/#breadcrumb"},"inLanguage":"it-IT","potentialAction":[{"@type":"ReadAction","target":["https:\/\/e-twow.com\/warranty\/"]}]},{"@type":"BreadcrumbList","@id":"https:\/\/e-twow.com\/warranty\/#breadcrumb","itemListElement":[{"@type":"ListItem","position":1,"name":"Home","item":"https:\/\/e-twow.com\/it\/"},{"@type":"ListItem","position":2,"name":"Garanzia"}]},{"@type":"WebSite","@id":"https:\/\/e-twow.com\/#website","url":"https:\/\/e-twow.com\/","name":"E-TWOW","description":"Portable Scooter","potentialAction":[{"@type":"SearchAction","target":{"@type":"EntryPoint","urlTemplate":"https:\/\/e-twow.com\/?s={search_term_string}"},"query-input":{"@type":"PropertyValueSpecification","valueRequired":true,"valueName":"search_term_string"}}],"inLanguage":"it-IT"}]}},"_links":{"self":[{"href":"https:\/\/e-twow.com\/it\/wp-json\/wp\/v2\/pages\/8756","targetHints":{"allow":["GET"]}}],"collection":[{"href":"https:\/\/e-twow.com\/it\/wp-json\/wp\/v2\/pages"}],"about":[{"href":"https:\/\/e-twow.com\/it\/wp-json\/wp\/v2\/types\/page"}],"author":[{"embeddable":true,"href":"https:\/\/e-twow.com\/it\/wp-json\/wp\/v2\/users\/1"}],"replies":[{"embeddable":true,"href":"https:\/\/e-twow.com\/it\/wp-json\/wp\/v2\/comments?post=8756"}],"version-history":[{"count":1,"href":"https:\/\/e-twow.com\/it\/wp-json\/wp\/v2\/pages\/8756\/revisions"}],"predecessor-version":[{"id":8757,"href":"https:\/\/e-twow.com\/it\/wp-json\/wp\/v2\/pages\/8756\/revisions\/8757"}],"wp:attachment":[{"href":"https:\/\/e-twow.com\/it\/wp-json\/wp\/v2\/media?parent=8756"}],"curies":[{"name":"wp","href":"https:\/\/api.w.org\/{rel}","templated":true}]}}