{"id":8752,"date":"2018-05-31T10:44:39","date_gmt":"2018-05-31T10:44:39","guid":{"rendered":"https:\/\/e-twow.com\/terms-and-conditions\/"},"modified":"2020-02-19T11:00:28","modified_gmt":"2020-02-19T11:00:28","slug":"termini-e-condizioni","status":"publish","type":"page","link":"https:\/\/e-twow.com\/it\/termini-e-condizioni\/","title":{"rendered":"Termini e condizioni"},"content":{"rendered":"<section class=\"l-section wpb_row height_small\"><div class=\"l-section-h i-cf\"><div class=\"g-cols vc_row via_flex valign_top type_default stacking_default\"><div class=\"vc_col-sm-12 wpb_column vc_column_container\"><div class=\"vc_column-inner\"><div class=\"wpb_wrapper\"><div class=\"wpb_text_column\"><div class=\"wpb_wrapper\"><p><strong>Benvenuti in E-TWOW <\/strong><\/p>\n<p>Questi termini e condizioni delineano le norme e i regolamenti per l&#8217;uso del sito Web E-TWOW.<\/p>\n<p>E-TWOW ha sede a:<\/p>\n<p><em>Str. Aviatorilor nr. 48, Parc Industrial Craiova, Dolj, Rom\u00e2nia<\/em><\/p>\n<p>Accedendo a questo sito Web, assumiamo che tu accetti questi termini e condizioni nella loro interezza. Non continuare a utilizzare il sito Web E-TWOW se non accetti tutti i termini e le condizioni menzionati in questa pagina.<\/p>\n<p>La seguente terminologia si applica ai presenti Termini e condizioni, alla Dichiarazione sulla privacy e alla Dichiarazione di non responsabilit\u00e0 e ad alcuni o tutti gli accordi: &#8220;Cliente&#8221;, &#8220;voi&#8221; e &#8220;tu&#8221; si riferiscono a te, la persona che accede a questo sito Web e accetta i termini e le condizioni della Societ\u00e0. &#8220;Compagnia&#8221;, &#8220;Noi&#8221;, &#8220;Noi&#8221;, &#8220;Noi&#8221; e &#8220;Noi&#8221; si riferiscono alla nostra Compagnia. &#8220;Parte&#8221;, &#8220;Parti&#8221; o &#8220;Noi&#8221; si riferiscono al Cliente, a noi stessi o al Cliente o a noi stessi. Tutti i termini si riferiscono all&#8217;offerta, all&#8217;accettazione e alla considerazione del pagamento richiesto per intraprendere il processo della nostra assistenza al Cliente nel modo pi\u00f9 appropriato, sia attraverso incontri formali di durata fissa o con qualsiasi altro mezzo, allo scopo esplicito di soddisfare le esigenze del cliente in quali riguarda la fornitura dei servizi \/ prodotti dichiarati della Compagnia, in conformit\u00e0 con la legislazione rumena in vigore e soggetta ad essa. Qualsiasi uso della terminologia di cui sopra o di altre parole in singolare, plurale, maiuscolo e \/ o lui \/ lei, sono considerati intercambiabili e pertanto si riferiscono ad essi.<\/p>\n<h2>Cookie<\/h2>\n<p>Questo sito Web utilizza i cookies. Utilizzando il sito Web E-TWOW, l&#8217;utente acconsente all&#8217;uso dei cookies in conformit\u00e0 con la politica sulla privacy di E-TWOW.<\/p>\n<p>La maggior parte dei siti Web interattivi oggigiorno utilizza i cookies per essere in grado di raccogliere i dettagli dell&#8217;utente per ogni visita. I cookies sono utilizzati in alcune aree del nostro sito per consentire la funzionalit\u00e0 di questa area e la facilit\u00e0 d&#8217;uso per i visitatori. Alcuni dei nostri partner affiliati \/ pubblicitari possono anche utilizzare i cookies.<\/p>\n<h2>Licenza<\/h2>\n<p>Salvo diversa indicazione, E-TWOW e \/ o i licenziatari detengono i diritti di propriet\u00e0 intellettuale di tutti i materiali su E-TWOW. Tutti i diritti di propriet\u00e0 intellettuale sono riservati. \u00c8 possibile visualizzare e \/ o stampare pagine da http:\/\/www.etwowsharing.com per uso personale, fatte salve le restrizioni stabilite in questi termini e condizioni.<\/p>\n<p>Non ti \u00e8 permesso di:<\/p>\n<ol>\n<li>Pubblicare materiale su http:\/\/www.etwow.com<\/li>\n<li>Vendere, noleggiare o concedere in sub-licenza materiale da http:\/\/www.etwow.com<\/li>\n<li>Riprodurre, duplicare o copiare il materiale su http:\/\/www.etwow.com (a meno che il contenuto non sia specificamente creato per la ridistribuzione).<\/li>\n<li>Ridistribuire il contenuto dal sito E-TWOW (a meno che il contenuto non sia stato creato appositamente per la ridistribuzione).<\/li>\n<\/ol>\n<p><strong>Commenti degli utenti<\/strong><\/p>\n<ol>\n<li>Il presente Accordo \u00e8 entrato in vigore ed \u00e8 valido fino a quando \u00e8 pubblicato sul sito.<\/li>\n<li>Alcune parti di questo sito Web offrono agli utenti l&#8217;opportunit\u00e0 di pubblicare e scambiare opinioni, informazioni, materiali e dati (&#8220;Commenti&#8221;) nelle aree del sito. E-TWOW ELECTRIC MOBILITY SA non seleziona, modifica, pubblica o commenta i Commenti prima della loro comparsa sul sito Web e i commenti non riflettono le opinioni di E-TWOW ELECTRIC MOBILITY SA, dei suoi agenti o delle sue affiliate. I commenti riflettono l&#8217;opinione della persona che pubblica i commenti. Nella misura consentita dalle leggi applicabili, E-TWOW ELECTRIC MOBILITY SA non sar\u00e0 responsabile per i Commenti o per eventuali costi di perdita, responsabilit\u00e0, danni o spese causati dall&#8217;uso e \/ o dalla pubblicazione e \/ o dall&#8217;aspetto dei Commenti su questo sito web.<\/li>\n<li>E-TWOW MOBILITY ELECTRIC SA si riserva il diritto di monitorare tutti i commenti e di rimuovere tutti i commenti che considera, a sua assoluta discrezione, inappropriati, offensivi o in violazione di tali condizioni.<\/li>\n<li>Garantisci e dichiari che:<\/li>\n<\/ol>\n<ul>\n<li>Hai il diritto di pubblicare commenti sul nostro sito e hai tutte le licenze e gli accordi necessari per farlo;<\/li>\n<li>I commenti non violano alcun diritto di propriet\u00e0 intellettuale, inclusi, a titolo esemplificativo, diritti d&#8217;autore, brevetti o marchi o altri diritti di propriet\u00e0 di terzi;<\/li>\n<li>I commenti non contengono materiale diffamatorio, calunnioso, offensivo, indecente o illegale che costituisce un&#8217;invasione della privacy<\/li>\n<li>I commenti non verranno utilizzati per sollecitare o promuovere attivit\u00e0 personalizzate o commerciali o per presentare attivit\u00e0 illegali.<\/li>\n<\/ul>\n<ol start=\"5\">\n<li>Con la presente concedi a E-TWOW ELECTRIC MOBILITY SA una licenza di diritti d\u2019autore non esclusiva per utilizzare, riprodurre, modificare e autorizzare altri a utilizzare, riprodurre e modificare i tuoi commenti in qualsiasi forma, formato o mezzo.<\/li>\n<\/ol>\n<p><strong>Collegamenti ipertestuali ai nostri contenuti<\/strong><\/p>\n<ol>\n<li>I seguenti tipi di organizzazioni possono utilizzare collegamenti ipertestuali diretti al contenuto del nostro sito senza la necessit\u00e0 di un&#8217;approvazione scritta preventiva:<\/li>\n<li>Agenzie governative;<\/li>\n<li>Motori di ricerca;<\/li>\n<li>Organizzazioni giornalistiche;<\/li>\n<li>I distributori di elenchi online quando ci elencano possono collegarsi al nostro sito Web allo stesso modo in cui si collegano ai siti Web di altre compagnie elencate; e<\/li>\n<li>Societ\u00e0 accreditate a livello di sistema, ad eccezione della richiesta di organizzazioni senza scopo di lucro, centri commerciali di beneficenza e gruppi di raccolta fondi di beneficenza che non possono collegarsi al nostro sito Web.<\/li>\n<li>Queste organizzazioni possono collegarsi alla nostra homepage, pubblicazioni o altre informazioni sul sito Web, purch\u00e9 il collegamento: (a) non sia in alcun modo fuorviante; (b) non implica falsamente la sponsorizzazione, l&#8217;approvazione o l&#8217;approvazione della parte che collega i suoi prodotti o servizi; e (c) rientrano nel contesto del sito della parte che effettua il collegamento.<\/li>\n<li>Possiamo prendere in considerazione e approvare, a nostra discrezione, altre richieste di collegamenti dai seguenti tipi di organizzazioni:<\/li>\n<li>Fonti di informazione per consumatori noti e \/ o imprese, come le Camere di commercio, Associazione Americana di Motorizzazione, AARP e Unione dei Consumatori;<\/li>\n<li>Siti comunitari dot.com;<\/li>\n<li>Associazioni o altri gruppi che rappresentano enti di beneficenza, compresi siti che offrono organizzazioni di beneficenza,<\/li>\n<li>Distributori di elenchi online;<\/li>\n<li>Portali Internet;<\/li>\n<li>Societ\u00e0 contabili, legali e di consulenza i cui clienti principali sono le societ\u00e0; e<\/li>\n<li>Istituzioni educative e associazioni commerciali.<\/li>\n<\/ol>\n<p>Approveremo le richieste di collegamento di queste organizzazioni se stabiliamo che: (a) il collegamento non si rifletter\u00e0 negativamente su di noi o sulle nostre aziende accreditate (ad esempio, associazioni di categoria o altre organizzazioni che rappresentano tipi sospetti di attivit\u00e0, come il lavoro a casa, non \u00e8 consentito effettuare la connessione); (b) l&#8217;organizzazione non ha precedenti insoddisfacenti con noi; (c) il vantaggio per noi della visibilit\u00e0 associata al collegamento ipertestuale supera la mancanza di collegamento nel contesto delle informazioni generali sulle risorse o \u00e8 altrimenti coerente con il contenuto editoriale di una newsletter o di un prodotto simile che promuove la missione dell&#8217;organizzazione.<\/p>\n<p>Queste organizzazioni possono inviare un collegamento alla nostra homepage, pubblicazioni o altre informazioni sul sito Web, purch\u00e9 il collegamento: (a) non sia fuorviante; (b) non implichi falsamente la sponsorizzazione, l&#8217;approvazione o l&#8217;approvazione della parte che collega e dei suoi prodotti o servizi; e (c) rientrino nel contesto del sito della parte che effettua il collegamento.<\/p>\n<p>Se sei una delle organizzazioni elencate al punto 2 sopra e sei interessato a collegarti al nostro sito, devi avvisarci inviando un&#8217;email a <a href=\"mailto:office@e-twow.com\">office@e-twow.com<\/a> . Includi il tuo nome, il nome dell&#8217;organizzazione, le informazioni di contatto (come un numero di telefono e \/ o indirizzo e-mail), nonch\u00e9 l&#8217;URL del tuo sito, un elenco di URL in cui desideri collegamento al nostro sito Web e un elenco degli URL sul nostro sito che si desidera condividere. Per favore, concedici 2-3 settimane per una risposta.<\/p>\n<p>Le organizzazioni autorizzate possono creare collegamenti al nostro sito Web come segue:<\/p>\n<ol>\n<li>Utilizzando il nome della nostra compagnia o<\/li>\n<li>Utilizzando un localizzatore di risorse uniforme (indirizzo web) del contenuto da distribuire; o<\/li>\n<li>Utilizzando qualsiasi altra descrizione del nostro sito Web o del materiale ad esso collegato tramite il collegamento e che abbia senso nel contesto e nel formato del contenuto del sito Web che utilizza il collegamento al nostro sito.<\/li>\n<\/ol>\n<p>Non \u00e8 consentito l&#8217;uso del logo E-TWOW ELECTRIC MOBILITY SA o di altre opere d&#8217;arte, non sar\u00e0 consentito senza un precedente contratto di licenza con marchio registrato.<\/p>\n<h2>Iframes<\/h2>\n<p>Senza previa approvazione ed espressa autorizzazione scritta, non \u00e8 possibile creare frame attorno alle nostre pagine Web e non \u00e8 possibile utilizzare altre tecniche che alterano in alcun modo la presentazione visiva o l&#8217;aspetto del nostro sito Web.<\/p>\n<h2>Riserva di diritti<\/h2>\n<p>Ci riserviamo il diritto che in qualsiasi momento e a nostra esclusiva discrezione, chiediamo di rimuovere tutti i collegamenti di tipo link al nostro sito Web. Accetti di rimuovere immediatamente tutti i collegamenti al nostro sito Web su tale richiesta. Ci riserviamo inoltre il diritto di modificare questi termini e condizioni e la politica dei collegamenti in qualsiasi momento. Utilizzando i collegamenti al nostro sito Web, l&#8217;utente accetta di essere vincolato da questi termini e condizioni.<\/p>\n<p><strong>Rimozione dei collegamenti dal nostro sito Web<\/strong><\/p>\n<p>Se trovi un collegamento sul nostro sito web che ritieni offensivo o spiacevole per qualsiasi motivo, puoi contattarci al riguardo. Prenderemo in considerazione le richieste di rimozione dei collegamenti, ma non avremo alcun obbligo al riguardo o di rispondere direttamente.<\/p>\n<p>&nbsp;<\/p>\n<p>Sebbene ci sforziamo di garantire che le informazioni su questo sito Web siano accurate, non garantiamo la loro completezza o accuratezza; n\u00e9 ci impegniamo a garantire che il sito Web rimanga disponibile o che i materiali sul sito Web siano aggiornati.<\/p>\n<h2>Responsabilit\u00e0 dei contenuti<\/h2>\n<p>Non avremo alcuna responsabilit\u00e0 per il contenuto che appare sul tuo sito web. Accetti di risarcirci e di difenderci da tutti i reclami che compaiono sul tuo sito Web. Nessun collegamento (link) pu\u00f2 apparire su qualsiasi pagina del tuo sito Web o in qualsiasi contesto che contiene contenuti o materiali che possono essere interpretati come diffamatori, osceni o criminali o che violano, violano o supportano la violazione o qualsiasi altra violazione di qualsiasi altro diritto di terzi.<\/p>\n<p><strong>Esclusione della responsabilit\u00e0 <\/strong><\/p>\n<p>Nella misura massima consentita dalla legge applicabile, escludiamo tutte le dichiarazioni, garanzie e condizioni relative al nostro sito Web e all&#8217;utilizzo di questo sito (inclusi, a titolo esemplificativo, tutte le garanzie implicite dalla legge in materia di qualit\u00e0 soddisfacente, idoneit\u00e0 allo scopo e \/ o l&#8217;uso di cure e competenze ragionevoli). Nulla in questa clausola di esclusione della responsabilit\u00e0:<\/p>\n<ol>\n<li>non limiter\u00e0 o escluder\u00e0 la nostra responsabilit\u00e0 per morte o lesioni personali derivanti da negligenza<\/li>\n<li>non limiter\u00e0 o escluder\u00e0 la nostra responsabilit\u00e0 per frode o dichiarazione fraudolenta<\/li>\n<li>non limiter\u00e0 alcuna delle nostre responsabilit\u00e0 in alcun modo non conforme alla legge applicabile o<\/li>\n<li>non escluder\u00e0 nessuna delle nostre responsabilit\u00e0 che non pu\u00f2 essere esclusa dalla legge applicabile<\/li>\n<\/ol>\n<p>Le limitazioni ed esclusioni di responsabilit\u00e0 previste in questa sezione e in altre parti della presente rinuncia: (a) sono soggette al paragrafo precedente; e (b) disciplinano tutte le responsabilit\u00e0 derivanti dall&#8217;esonero di responsabilit\u00e0 o in relazione all&#8217;oggetto della presente rinuncia, comprese le passivit\u00e0 derivanti dal contratto, sotto forma di un reato (inclusa la negligenza) e per violazione degli obblighi di legge.<\/p>\n<p>Nella misura in cui il sito Web e le informazioni e i servizi sul sito Web sono forniti gratuitamente, non saremo responsabili per eventuali perdite o danni di qualsiasi tipo.<\/p>\n<p><strong>Informazioni di credito e di contatto<\/strong><\/p>\n<p>Questa pagina di Termini e condizioni \u00e8 stata creata dal generatore termsandconditionstemplate.com Se hai domande su uno qualsiasi dei nostri termini, ti preghiamo di contattarci.<\/p>\n<p>&nbsp;<\/p>\n<\/div><\/div><div class=\"g-cols wpb_row us_custom_d6afd2b7 via_flex valign_top type_default stacking_default\"><div class=\"vc_col-sm-12 wpb_column vc_column_container\"><div class=\"vc_column-inner\"><div class=\"wpb_wrapper\"><div class=\"wpb_text_column\"><div class=\"wpb_wrapper\"><h5 style=\"text-align: left;\"><span style=\"color: #000000;\">[ultimate_gdpr_policy_accept]<\/span><\/h5>\n<\/div><\/div><\/div><\/div><\/div><\/div><\/div><\/div><\/div><\/div><\/div><\/section>\n","protected":false},"excerpt":{"rendered":"Benvenuti in E-TWOW Questi termini e condizioni delineano le norme e i regolamenti per l&#8217;uso del sito Web E-TWOW. E-TWOW ha sede a: Str. Aviatorilor nr. 48, Parc Industrial Craiova, Dolj, Rom\u00e2nia Accedendo a questo sito Web, assumiamo che tu accetti questi termini e condizioni nella loro interezza. Non continuare a utilizzare il sito Web...","protected":false},"author":1,"featured_media":0,"parent":0,"menu_order":0,"comment_status":"closed","ping_status":"closed","template":"","meta":{"ngg_post_thumbnail":0,"footnotes":""},"class_list":["post-8752","page","type-page","status-publish","hentry"],"yoast_head":"<!-- This site is optimized with the Yoast SEO Premium plugin v27.2 (Yoast SEO v27.2) - https:\/\/yoast.com\/product\/yoast-seo-premium-wordpress\/ -->\n<title>Termini e condizioni - E-TWOW<\/title>\n<meta name=\"robots\" content=\"index, follow, max-snippet:-1, max-image-preview:large, max-video-preview:-1\" \/>\n<link rel=\"canonical\" href=\"https:\/\/e-twow.com\/terms-and-conditions\/\" \/>\n<meta property=\"og:locale\" content=\"it_IT\" \/>\n<meta property=\"og:type\" content=\"article\" \/>\n<meta property=\"og:title\" content=\"Termini e condizioni\" \/>\n<meta property=\"og:url\" content=\"https:\/\/e-twow.com\/terms-and-conditions\/\" \/>\n<meta property=\"og:site_name\" content=\"E-TWOW\" \/>\n<meta property=\"article:modified_time\" content=\"2020-02-19T11:00:28+00:00\" \/>\n<meta name=\"twitter:card\" content=\"summary_large_image\" \/>\n<meta name=\"twitter:label1\" content=\"Tempo di lettura stimato\" \/>\n\t<meta name=\"twitter:data1\" content=\"9 minuti\" \/>\n<script type=\"application\/ld+json\" class=\"yoast-schema-graph\">{\"@context\":\"https:\/\/schema.org\",\"@graph\":[{\"@type\":\"WebPage\",\"@id\":\"https:\/\/e-twow.com\/terms-and-conditions\/\",\"url\":\"https:\/\/e-twow.com\/terms-and-conditions\/\",\"name\":\"Termini e condizioni - E-TWOW\",\"isPartOf\":{\"@id\":\"https:\/\/e-twow.com\/#website\"},\"datePublished\":\"2018-05-31T10:44:39+00:00\",\"dateModified\":\"2020-02-19T11:00:28+00:00\",\"breadcrumb\":{\"@id\":\"https:\/\/e-twow.com\/terms-and-conditions\/#breadcrumb\"},\"inLanguage\":\"it-IT\",\"potentialAction\":[{\"@type\":\"ReadAction\",\"target\":[\"https:\/\/e-twow.com\/terms-and-conditions\/\"]}]},{\"@type\":\"BreadcrumbList\",\"@id\":\"https:\/\/e-twow.com\/terms-and-conditions\/#breadcrumb\",\"itemListElement\":[{\"@type\":\"ListItem\",\"position\":1,\"name\":\"Home\",\"item\":\"https:\/\/e-twow.com\/it\/\"},{\"@type\":\"ListItem\",\"position\":2,\"name\":\"Termini e condizioni\"}]},{\"@type\":\"WebSite\",\"@id\":\"https:\/\/e-twow.com\/#website\",\"url\":\"https:\/\/e-twow.com\/\",\"name\":\"E-TWOW\",\"description\":\"Portable Scooter\",\"potentialAction\":[{\"@type\":\"SearchAction\",\"target\":{\"@type\":\"EntryPoint\",\"urlTemplate\":\"https:\/\/e-twow.com\/?s={search_term_string}\"},\"query-input\":{\"@type\":\"PropertyValueSpecification\",\"valueRequired\":true,\"valueName\":\"search_term_string\"}}],\"inLanguage\":\"it-IT\"}]}<\/script>\n<!-- \/ Yoast SEO Premium plugin. -->","yoast_head_json":{"title":"Termini e condizioni - E-TWOW","robots":{"index":"index","follow":"follow","max-snippet":"max-snippet:-1","max-image-preview":"max-image-preview:large","max-video-preview":"max-video-preview:-1"},"canonical":"https:\/\/e-twow.com\/terms-and-conditions\/","og_locale":"it_IT","og_type":"article","og_title":"Termini e condizioni","og_url":"https:\/\/e-twow.com\/terms-and-conditions\/","og_site_name":"E-TWOW","article_modified_time":"2020-02-19T11:00:28+00:00","twitter_card":"summary_large_image","twitter_misc":{"Tempo di lettura stimato":"9 minuti"},"schema":{"@context":"https:\/\/schema.org","@graph":[{"@type":"WebPage","@id":"https:\/\/e-twow.com\/terms-and-conditions\/","url":"https:\/\/e-twow.com\/terms-and-conditions\/","name":"Termini e condizioni - E-TWOW","isPartOf":{"@id":"https:\/\/e-twow.com\/#website"},"datePublished":"2018-05-31T10:44:39+00:00","dateModified":"2020-02-19T11:00:28+00:00","breadcrumb":{"@id":"https:\/\/e-twow.com\/terms-and-conditions\/#breadcrumb"},"inLanguage":"it-IT","potentialAction":[{"@type":"ReadAction","target":["https:\/\/e-twow.com\/terms-and-conditions\/"]}]},{"@type":"BreadcrumbList","@id":"https:\/\/e-twow.com\/terms-and-conditions\/#breadcrumb","itemListElement":[{"@type":"ListItem","position":1,"name":"Home","item":"https:\/\/e-twow.com\/it\/"},{"@type":"ListItem","position":2,"name":"Termini e condizioni"}]},{"@type":"WebSite","@id":"https:\/\/e-twow.com\/#website","url":"https:\/\/e-twow.com\/","name":"E-TWOW","description":"Portable Scooter","potentialAction":[{"@type":"SearchAction","target":{"@type":"EntryPoint","urlTemplate":"https:\/\/e-twow.com\/?s={search_term_string}"},"query-input":{"@type":"PropertyValueSpecification","valueRequired":true,"valueName":"search_term_string"}}],"inLanguage":"it-IT"}]}},"_links":{"self":[{"href":"https:\/\/e-twow.com\/it\/wp-json\/wp\/v2\/pages\/8752","targetHints":{"allow":["GET"]}}],"collection":[{"href":"https:\/\/e-twow.com\/it\/wp-json\/wp\/v2\/pages"}],"about":[{"href":"https:\/\/e-twow.com\/it\/wp-json\/wp\/v2\/types\/page"}],"author":[{"embeddable":true,"href":"https:\/\/e-twow.com\/it\/wp-json\/wp\/v2\/users\/1"}],"replies":[{"embeddable":true,"href":"https:\/\/e-twow.com\/it\/wp-json\/wp\/v2\/comments?post=8752"}],"version-history":[{"count":2,"href":"https:\/\/e-twow.com\/it\/wp-json\/wp\/v2\/pages\/8752\/revisions"}],"predecessor-version":[{"id":8754,"href":"https:\/\/e-twow.com\/it\/wp-json\/wp\/v2\/pages\/8752\/revisions\/8754"}],"wp:attachment":[{"href":"https:\/\/e-twow.com\/it\/wp-json\/wp\/v2\/media?parent=8752"}],"curies":[{"name":"wp","href":"https:\/\/api.w.org\/{rel}","templated":true}]}}