{"id":8743,"date":"2018-01-29T08:31:39","date_gmt":"2018-01-29T08:31:39","guid":{"rendered":"https:\/\/e-twow.com\/technology-concept\/"},"modified":"2021-02-08T09:05:01","modified_gmt":"2021-02-08T09:05:01","slug":"tecnologia-e-concetto","status":"publish","type":"page","link":"https:\/\/e-twow.com\/it\/tecnologia-e-concetto\/","title":{"rendered":"Tecnologia e Concetto"},"content":{"rendered":"<section class=\"l-section wpb_row height_small\"><div class=\"l-section-h i-cf\"><div class=\"g-cols vc_row via_flex valign_top type_default stacking_default\"><div class=\"vc_col-sm-12 wpb_column vc_column_container\"><div class=\"vc_column-inner\"><div class=\"wpb_wrapper\">[vc_custom_heading text=&#8221;PI\u00d9 DI UN VEICOLO&#8221; font_container=&#8221;tag:h2|text_align:center&#8221; use_theme_fonts=&#8221;yes&#8221;][vc_custom_heading text=&#8221;Scopri l&#8217;esperienza E-TWOW ed entra nella<br \/>\nnostra nuova era della mobilit\u00e0 urbana&#8221; font_container=&#8221;tag:h4|text_align:center&#8221; use_theme_fonts=&#8221;yes&#8221;]<\/div><\/div><\/div><\/div><\/div><\/section><section class=\"l-section wpb_row us_custom_fcf81909 height_small\"><div class=\"l-section-h i-cf\"><div class=\"g-cols vc_row via_flex valign_middle type_default reversed stacking_default\"><div class=\"vc_col-sm-6 wpb_column vc_column_container\"><div class=\"vc_column-inner us_custom_90036584\"><div class=\"wpb_wrapper\">[vc_custom_heading text=&#8221;Controller, Display, Software&#8221; google_fonts=&#8221;font_family:Roboto%3A100%2C100italic%2C300%2C300italic%2Cregular%2Citalic%2C500%2C500italic%2C700%2C700italic%2C900%2C900italic|font_style:400%20regular%3A400%3Anormal&#8221; css=&#8221;%7B%22default%22%3A%7B%22color%22%3A%22%23ffffff%22%7D%7D&#8221;]<div class=\"wpb_text_column\"><div class=\"wpb_wrapper\"><p><span style=\"color: #f6f6f6;\">A differenza della maggior parte dei monopattini elettrici che puoi trovare oggi sul mercato, i monopattini E-TWOW hanno uno schermo con funzioni interattive. Il display comunica con il regolatore, consentendo cos\u00ec all&#8217;utente del monopattino di inviare comandi specifici del motore, come il cruise control o i limiti di velocit\u00e0. Lo schermo offre inoltre preziosi indicatori di prestazioni e ambiente, quali velocit\u00e0, numero di spostamenti o temperatura.<\/span><\/p>\n<p><span style=\"color: #f6f6f6;\">Il software implementato mantiene un perfetto equilibrio tra autonomia e velocit\u00e0, concentrandosi sull&#8217;uso economico delle risorse della batteria.<\/span><\/p>\n<\/div><\/div><div class=\"w-popup us_custom_0f8f44b7 w-btn-wrapper align_none\"><button class=\"w-popup-trigger type_btn w-btn us-btn-style_1 icon_atleft\" aria-label=\"GUARDA COME \u00c8 STATO FATTO\" type=\"button\"><i class=\"fas fa-video\"><\/i><span class=\"w-btn-label\">GUARDA COME \u00c8 STATO FATTO<\/span><\/button><div class=\"w-popup-overlay\" style=\"background:rgba(0,0,0,0.85);\"><\/div><div class=\"w-popup-wrap layout_default\" role=\"dialog\" aria-modal=\"true\" aria-label=\"Popup\" style=\"--title-color:var(--color-content-heading);--title-bg-color:var(--color-content-bg-alt);--content-color:var(--color-content-text);--content-bg-color:var(--color-content-bg);\"><button aria-label=\"Chiudi\" class=\"w-popup-closer\" type=\"button\"><\/button><div class=\"w-popup-box animation_fadeIn closerpos_outside without_title\"><div class=\"w-popup-box-h\"><div class=\"w-popup-box-content\"><p><iframe title=\"E-TWOW Controller, Display, Software\" src=\"https:\/\/player.vimeo.com\/video\/351136684?dnt=1&amp;app_id=122963\" width=\"640\" height=\"360\" frameborder=\"0\" allow=\"autoplay; fullscreen; picture-in-picture\" allowfullscreen><\/iframe><\/p>\n<\/div><\/div><\/div><\/div><\/div><\/div><\/div><\/div><div class=\"vc_col-sm-6 wpb_column vc_column_container us_animate_afr stretched\"><div class=\"vc_column-inner us_custom_821ea863\"><div class=\"wpb_wrapper\"><div class=\"w-slider style_none fit_scaledown nav_none count_2\"><div class=\"w-slider-h\" aria-hidden=\"true\"><div class=\"royalSlider\"><div class=\"rsContent\"><a class=\"rsImg\" data-rsw=\"1200\" data-rsh=\"1200\" href=\"https:\/\/e-twow.com\/wp-content\/uploads\/2020\/10\/display2.jpg\"><span data-alt=\"\"><\/span><\/a><\/div><div class=\"rsContent\"><a class=\"rsImg\" data-rsw=\"1200\" data-rsh=\"1200\" href=\"https:\/\/e-twow.com\/wp-content\/uploads\/2020\/10\/display1.jpg\"><span data-alt=\"\"><\/span><\/a><\/div><\/div><img decoding=\"async\" src=\"https:\/\/e-twow.com\/wp-content\/uploads\/2020\/10\/display2.jpg\" width=\"1200\" height=\"1200\" alt loading=\"lazy\"><\/div><div class=\"w-slider-json\" onclick='return {&quot;autoScaleSlider&quot;:true,&quot;addActiveClass&quot;:true,&quot;loop&quot;:true,&quot;fadeInLoadedSlide&quot;:false,&quot;slidesSpacing&quot;:0,&quot;imageScalePadding&quot;:0,&quot;numImagesToPreload&quot;:2,&quot;arrowsNav&quot;:true,&quot;arrowsNavAutoHide&quot;:false,&quot;transitionType&quot;:&quot;move&quot;,&quot;transitionSpeed&quot;:250,&quot;block&quot;:{&quot;moveEffect&quot;:&quot;none&quot;,&quot;speed&quot;:300},&quot;thumbs&quot;:{&quot;fitInViewport&quot;:false,&quot;firstMargin&quot;:false,&quot;spacing&quot;:4},&quot;controlNavigation&quot;:&quot;none&quot;,&quot;autoScaleSliderWidth&quot;:1200,&quot;autoScaleSliderHeight&quot;:1200}'><\/div><\/div><\/div><\/div><\/div><\/div><\/div><\/section><!-- Row Backgrounds --><div class=\"upb_color\" data-bg-override=\"0\" data-bg-color=\"#242424\" data-fadeout=\"\" data-fadeout-percentage=\"30\" data-parallax-content=\"\" data-parallax-content-sense=\"30\" data-row-effect-mobile-disable=\"true\" data-img-parallax-mobile-disable=\"true\" data-rtl=\"false\"  data-custom-vc-row=\"\"  data-vc=\"8.7.2\"  data-is_old_vc=\"\"  data-theme-support=\"\"   data-overlay=\"false\" data-overlay-color=\"\" data-overlay-pattern=\"\" data-overlay-pattern-opacity=\"\" data-overlay-pattern-size=\"\"    ><\/div><section class=\"l-section wpb_row height_small\"><div class=\"l-section-h i-cf\"><div class=\"g-cols vc_row via_flex valign_top type_default stacking_default\"><div class=\"vc_col-sm-12 wpb_column vc_column_container\"><div class=\"vc_column-inner\"><div class=\"wpb_wrapper\">[vc_custom_heading text=&#8221;Sistema integrato di controllo, monitoraggio e lampeggiamento&#8221; google_fonts=&#8221;font_family:Roboto%3A100%2C100italic%2C300%2C300italic%2Cregular%2Citalic%2C500%2C500italic%2C700%2C700italic%2C900%2C900italic|font_style:400%20regular%3A400%3Anormal&#8221;]<div class=\"wpb_text_column\"><div class=\"wpb_wrapper\"><p>Al fine di rendere i monopattini E-TWOW il pi\u00f9 affidabili possibile, li abbiamo dotati di un sistema integrato in cui tutti i controlli di controllo, monitoraggio e lampeggiamento funzionano di pari passo. Il sistema include un&#8217;unit\u00e0 display, un acceleratore, un freno elettromagnetico, una scheda di potenza, luci, clacson e pulsanti di regolazione, un faro ecologico, sensori e un microcontrollore che comunica con la scheda principale, nonch\u00e9 un circuito di alimentazione che guida la batteria alla ruota anteriore.<\/p>\n<\/div><\/div><\/div><\/div><\/div><\/div><\/div><\/section><section class=\"l-section wpb_row us_custom_fcf81909 height_small\"><div class=\"l-section-h i-cf\"><div class=\"g-cols vc_row via_flex valign_middle type_default reversed stacking_default\"><div class=\"vc_col-sm-6 wpb_column vc_column_container\"><div class=\"vc_column-inner us_custom_90036584\"><div class=\"wpb_wrapper\">[vc_custom_heading text=&#8221;Batteria&#8221; google_fonts=&#8221;font_family:Roboto%3A100%2C100italic%2C300%2C300italic%2Cregular%2Citalic%2C500%2C500italic%2C700%2C700italic%2C900%2C900italic|font_style:400%20regular%3A400%3Anormal&#8221; css=&#8221;%7B%22default%22%3A%7B%22color%22%3A%22%23ffffff%22%7D%7D&#8221;]<div class=\"wpb_text_column\"><div class=\"wpb_wrapper\"><p><span style=\"color: #f6f6f6;\">Al fine di progettare un veicolo ecologico, ci siamo impegnati molto in un efficiente sistema di risparmio energetico. La ruota motrice funge da generatore elettrico, caricando la batteria quando si utilizza il freno elettromagnetico. Inoltre, i nostri monopattini hanno un BMS intelligente (sistema di gestione della batteria) che monitora le prestazioni della batteria. Assembliamo le nostre batterie utilizzando celle Samsung. Tutte le batterie hanno 10 serie di 3 celle raggruppate in parallelo<\/span><\/p>\n<p><span style=\"color: #f6f6f6;\">Durante il viaggio, il sistema di recupero energetico ecologico assicura che non venga sprecata energia, mentre il sistema di gestione intelligente della batteria monitora attentamente le prestazioni della batteria.<\/span><\/p>\n<\/div><\/div><div class=\"w-popup us_custom_0f8f44b7 w-btn-wrapper align_none\"><button class=\"w-popup-trigger type_btn w-btn us-btn-style_1 icon_atleft\" aria-label=\"GUARDA COME \u00c8 STATO FATTO\" type=\"button\"><i class=\"fas fa-video\"><\/i><span class=\"w-btn-label\">GUARDA COME \u00c8 STATO FATTO<\/span><\/button><div class=\"w-popup-overlay\" style=\"background:rgba(0,0,0,0.85);\"><\/div><div class=\"w-popup-wrap layout_default\" role=\"dialog\" aria-modal=\"true\" aria-label=\"Popup\" style=\"--title-color:var(--color-content-heading);--title-bg-color:var(--color-content-bg-alt);--content-color:var(--color-content-text);--content-bg-color:var(--color-content-bg);\"><button aria-label=\"Chiudi\" class=\"w-popup-closer\" type=\"button\"><\/button><div class=\"w-popup-box animation_fadeIn closerpos_outside without_title\"><div class=\"w-popup-box-h\"><div class=\"w-popup-box-content\"><p><iframe title=\"E-TWOW Battery - How it&#039;s made\" src=\"https:\/\/player.vimeo.com\/video\/351165493?dnt=1&amp;app_id=122963\" width=\"640\" height=\"360\" frameborder=\"0\" allow=\"autoplay; fullscreen; picture-in-picture\" allowfullscreen><\/iframe><\/p>\n<\/div><\/div><\/div><\/div><\/div><\/div><\/div><\/div><div class=\"vc_col-sm-6 wpb_column vc_column_container us_animate_afr stretched\"><div class=\"vc_column-inner us_custom_821ea863\"><div class=\"wpb_wrapper\"><div class=\"w-slider style_none fit_scaledown nav_none count_2\"><div class=\"w-slider-h\" aria-hidden=\"true\"><div class=\"royalSlider\"><div class=\"rsContent\"><a class=\"rsImg\" data-rsw=\"1200\" data-rsh=\"1200\" href=\"https:\/\/e-twow.com\/wp-content\/uploads\/2020\/10\/baterii1.jpg\"><span data-alt=\"\"><\/span><\/a><\/div><div class=\"rsContent\"><a class=\"rsImg\" data-rsw=\"1200\" data-rsh=\"1200\" href=\"https:\/\/e-twow.com\/wp-content\/uploads\/2020\/10\/baterii.jpg\"><span data-alt=\"\"><\/span><\/a><\/div><\/div><img decoding=\"async\" src=\"https:\/\/e-twow.com\/wp-content\/uploads\/2020\/10\/baterii1.jpg\" width=\"1200\" height=\"1200\" alt loading=\"lazy\"><\/div><div class=\"w-slider-json\" onclick='return {&quot;autoScaleSlider&quot;:true,&quot;addActiveClass&quot;:true,&quot;loop&quot;:true,&quot;fadeInLoadedSlide&quot;:false,&quot;slidesSpacing&quot;:0,&quot;imageScalePadding&quot;:0,&quot;numImagesToPreload&quot;:2,&quot;arrowsNav&quot;:true,&quot;arrowsNavAutoHide&quot;:false,&quot;transitionType&quot;:&quot;move&quot;,&quot;transitionSpeed&quot;:250,&quot;block&quot;:{&quot;moveEffect&quot;:&quot;none&quot;,&quot;speed&quot;:300},&quot;thumbs&quot;:{&quot;fitInViewport&quot;:false,&quot;firstMargin&quot;:false,&quot;spacing&quot;:4},&quot;controlNavigation&quot;:&quot;none&quot;,&quot;autoScaleSliderWidth&quot;:1200,&quot;autoScaleSliderHeight&quot;:1200}'><\/div><\/div><\/div><\/div><\/div><\/div><\/div><\/section><!-- Row Backgrounds --><div class=\"upb_color\" data-bg-override=\"0\" data-bg-color=\"#242424\" data-fadeout=\"\" data-fadeout-percentage=\"30\" data-parallax-content=\"\" data-parallax-content-sense=\"30\" data-row-effect-mobile-disable=\"true\" data-img-parallax-mobile-disable=\"true\" data-rtl=\"false\"  data-custom-vc-row=\"\"  data-vc=\"8.7.2\"  data-is_old_vc=\"\"  data-theme-support=\"\"   data-overlay=\"false\" data-overlay-color=\"\" data-overlay-pattern=\"\" data-overlay-pattern-opacity=\"\" data-overlay-pattern-size=\"\"    ><\/div><section class=\"l-section wpb_row height_small\"><div class=\"l-section-h i-cf\"><div class=\"g-cols vc_row via_flex valign_top type_default stacking_default\"><div class=\"vc_col-sm-6 wpb_column vc_column_container\"><div class=\"vc_column-inner\"><div class=\"wpb_wrapper\">[vc_custom_heading text=&#8221;Sistema KERS&#8221; google_fonts=&#8221;font_family:Roboto%3A100%2C100italic%2C300%2C300italic%2Cregular%2Citalic%2C500%2C500italic%2C700%2C700italic%2C900%2C900italic|font_style:400%20regular%3A400%3Anormal&#8221;]<div class=\"wpb_text_column\"><div class=\"wpb_wrapper\"><p>E-TWOW \u00e8 il primo monopattino a utilizzare la tecnologia KERS (KINETIC ENERGY RECUPERY SYSTEM) mediante frenatura magnetica, in modo che la durata della batteria del monopattino possa essere aumentata al 40%. Quando si utilizza il freno elettromagnetico, il motore CC senza spazzole viene trasformato in un generatore che ricarica la batteria. Questo sistema viene utilizzato nelle competizioni di Formula 1 ed \u00e8 per la prima volta che un tale sistema viene integrato in un monopattino elettrico. Scopri di pi\u00f9 su KERS dai migliori piloti di Formula 1 qui:<\/p>\n<\/div><\/div><div class=\"w-popup us_custom_0f8f44b7 w-btn-wrapper align_none\"><button class=\"w-popup-trigger type_btn w-btn us-btn-style_1 icon_atleft\" aria-label=\"GUARDA COME FUNZIONA\" type=\"button\"><i class=\"fas fa-video\"><\/i><span class=\"w-btn-label\">GUARDA COME FUNZIONA<\/span><\/button><div class=\"w-popup-overlay\" style=\"background:rgba(0,0,0,0.85);\"><\/div><div class=\"w-popup-wrap layout_default\" role=\"dialog\" aria-modal=\"true\" aria-label=\"Popup\" style=\"--title-color:var(--color-content-heading);--title-bg-color:var(--color-content-bg-alt);--content-color:var(--color-content-text);--content-bg-color:var(--color-content-bg);\"><button aria-label=\"Chiudi\" class=\"w-popup-closer\" type=\"button\"><\/button><div class=\"w-popup-box animation_fadeIn closerpos_outside without_title\"><div class=\"w-popup-box-h\"><div class=\"w-popup-box-content\"><p><iframe title=\"KERS explained by Lewis Hamilton and Nico Rosberg\" width=\"640\" height=\"360\" src=\"https:\/\/www.youtube.com\/embed\/sYAUb5yWutg?feature=oembed&#038;enablejsapi=1&#038;origin=https:\/\/e-twow.com\" frameborder=\"0\" allow=\"accelerometer; autoplay; clipboard-write; encrypted-media; gyroscope; picture-in-picture\" allowfullscreen><\/iframe><\/p>\n<\/div><\/div><\/div><\/div><\/div><\/div><\/div><\/div><div class=\"vc_col-sm-6 wpb_column vc_column_container\"><div class=\"vc_column-inner\"><div class=\"wpb_wrapper\">[vc_custom_heading text=&#8221;Assemblaggio Generale&#8221; google_fonts=&#8221;font_family:Roboto%3A100%2C100italic%2C300%2C300italic%2Cregular%2Citalic%2C500%2C500italic%2C700%2C700italic%2C900%2C900italic|font_style:400%20regular%3A400%3Anormal&#8221;]<div class=\"wpb_text_column\"><div class=\"wpb_wrapper\"><p>Le linee di assemblaggio nella nostra fabbrica utilizzano tecnologie all&#8217;avanguardia per fornire sistemi di flusso efficienti per soddisfare le nostre esigenze di produzione in continua crescita. Per ottimizzare le nostre linee di assemblaggio, utilizziamo moderni processi di fusione di alluminio e carbonio.<\/p>\n<\/div><\/div>[vc_custom_heading text=&#8221;Dipartimento di ricerca e sviluppo&#8221; google_fonts=&#8221;font_family:Roboto%3A100%2C100italic%2C300%2C300italic%2Cregular%2Citalic%2C500%2C500italic%2C700%2C700italic%2C900%2C900italic|font_style:400%20regular%3A400%3Anormal&#8221;]<div class=\"wpb_text_column\"><div class=\"wpb_wrapper\"><p>Il nostro team di ricerca e sviluppo lavora costantemente all&#8217;applicazione delle ultime tecnologie nel settore dei veicoli elettrici per sviluppare nuovi prodotti in grado di plasmare il futuro dei sistemi di trasporto urbano. Visita l&#8217;ultimo progetto per saperne di pi\u00f9 sui nostri piani futuri<\/p>\n<\/div><\/div><\/div><\/div><\/div><\/div><\/div><\/section><section class=\"l-section wpb_row us_custom_fcf81909 height_small\"><div class=\"l-section-h i-cf\"><div class=\"g-cols vc_row via_flex valign_middle type_default reversed stacking_default\"><div class=\"vc_col-sm-6 wpb_column vc_column_container\"><div class=\"vc_column-inner us_custom_90036584\"><div class=\"wpb_wrapper\">[vc_custom_heading text=&#8221;Motori senza spazzole&#8221; google_fonts=&#8221;font_family:Roboto%3A100%2C100italic%2C300%2C300italic%2Cregular%2Citalic%2C500%2C500italic%2C700%2C700italic%2C900%2C900italic|font_style:400%20regular%3A400%3Anormal&#8221; css=&#8221;%7B%22default%22%3A%7B%22color%22%3A%22%23ffffff%22%7D%7D&#8221;]<div class=\"wpb_text_column\"><div class=\"wpb_wrapper\"><p><span style=\"color: #f6f6f6;\">I motori senza spazzole utilizzano un motore permanente anzich\u00e9 spazzole per modificare la polarit\u00e0 dell&#8217;elettromagnete di un motore che mantiene l&#8217;armatura del motore in rotazione. Rimuovendo le spazzole classiche, i motori senza spazzole sono molto pi\u00f9 durevoli, pi\u00f9 affidabili, pi\u00f9 efficienti e meno rumorosi. Sono anche pi\u00f9 leggeri dei motori con spazzole con la stessa potenza. Con i monopattini E-TWOW, abbiamo costruito la ruota motrice come un&#8217;auto elettrica senza spazzole. Durante l&#8217;accelerazione, funziona come un motore elettrico con corrente continua, mentre in decelerazione, funziona come un generatore elettrico, inviando energia cinetica alla batteria.<\/span><\/p>\n<\/div><\/div><div class=\"w-popup us_custom_0f8f44b7 w-btn-wrapper align_none\"><button class=\"w-popup-trigger type_btn w-btn us-btn-style_1 icon_atleft\" aria-label=\"GUARDA COME \u00c8 STATO FATTO\" type=\"button\"><i class=\"fas fa-video\"><\/i><span class=\"w-btn-label\">GUARDA COME \u00c8 STATO FATTO<\/span><\/button><div class=\"w-popup-overlay\" style=\"background:rgba(0,0,0,0.85);\"><\/div><div class=\"w-popup-wrap layout_default\" role=\"dialog\" aria-modal=\"true\" aria-label=\"Popup\" style=\"--title-color:var(--color-content-heading);--title-bg-color:var(--color-content-bg-alt);--content-color:var(--color-content-text);--content-bg-color:var(--color-content-bg);\"><button aria-label=\"Chiudi\" class=\"w-popup-closer\" type=\"button\"><\/button><div class=\"w-popup-box animation_fadeIn closerpos_outside without_title\"><div class=\"w-popup-box-h\"><div class=\"w-popup-box-content\"><p><iframe title=\"E-TWOW - Brushless motors\" src=\"https:\/\/player.vimeo.com\/video\/350942112?dnt=1&amp;app_id=122963\" width=\"640\" height=\"360\" frameborder=\"0\" allow=\"autoplay; fullscreen; picture-in-picture\" allowfullscreen><\/iframe><\/p>\n<\/div><\/div><\/div><\/div><\/div><\/div><\/div><\/div><div class=\"vc_col-sm-6 wpb_column vc_column_container us_animate_afr stretched\"><div class=\"vc_column-inner us_custom_821ea863\"><div class=\"wpb_wrapper\"><div class=\"w-slider style_none fit_scaledown nav_none count_2\"><div class=\"w-slider-h\" aria-hidden=\"true\"><div class=\"royalSlider\"><div class=\"rsContent\"><a class=\"rsImg\" data-rsw=\"1200\" data-rsh=\"1200\" href=\"https:\/\/e-twow.com\/wp-content\/uploads\/2020\/10\/motoare1.jpg\"><span data-alt=\"\"><\/span><\/a><\/div><div class=\"rsContent\"><a class=\"rsImg\" data-rsw=\"1200\" data-rsh=\"1200\" href=\"https:\/\/e-twow.com\/wp-content\/uploads\/2020\/10\/motoare2.jpg\"><span data-alt=\"\"><\/span><\/a><\/div><\/div><img decoding=\"async\" src=\"https:\/\/e-twow.com\/wp-content\/uploads\/2020\/10\/motoare1.jpg\" width=\"1200\" height=\"1200\" alt loading=\"lazy\"><\/div><div class=\"w-slider-json\" onclick='return {&quot;autoScaleSlider&quot;:true,&quot;addActiveClass&quot;:true,&quot;loop&quot;:true,&quot;fadeInLoadedSlide&quot;:false,&quot;slidesSpacing&quot;:0,&quot;imageScalePadding&quot;:0,&quot;numImagesToPreload&quot;:2,&quot;arrowsNav&quot;:true,&quot;arrowsNavAutoHide&quot;:false,&quot;transitionType&quot;:&quot;move&quot;,&quot;transitionSpeed&quot;:250,&quot;block&quot;:{&quot;moveEffect&quot;:&quot;none&quot;,&quot;speed&quot;:300},&quot;thumbs&quot;:{&quot;fitInViewport&quot;:false,&quot;firstMargin&quot;:false,&quot;spacing&quot;:4},&quot;controlNavigation&quot;:&quot;none&quot;,&quot;autoScaleSliderWidth&quot;:1200,&quot;autoScaleSliderHeight&quot;:1200}'><\/div><\/div><\/div><\/div><\/div><\/div><\/div><\/section><!-- Row Backgrounds --><div class=\"upb_color\" data-bg-override=\"0\" data-bg-color=\"#242424\" data-fadeout=\"\" data-fadeout-percentage=\"30\" data-parallax-content=\"\" data-parallax-content-sense=\"30\" data-row-effect-mobile-disable=\"true\" data-img-parallax-mobile-disable=\"true\" data-rtl=\"false\"  data-custom-vc-row=\"\"  data-vc=\"8.7.2\"  data-is_old_vc=\"\"  data-theme-support=\"\"   data-overlay=\"false\" data-overlay-color=\"\" data-overlay-pattern=\"\" data-overlay-pattern-opacity=\"\" data-overlay-pattern-size=\"\"    ><\/div>\n","protected":false},"excerpt":{"rendered":"[vc_custom_heading text=\"PI\u00d9 DI UN VEICOLO\" font_container=\"tag:h2|text_align:center\" use_theme_fonts=\"yes\"][vc_custom_heading text=\"Scopri l'esperienza E-TWOW ed entra nella nostra nuova era della mobilit\u00e0 urbana\" font_container=\"tag:h4|text_align:center\" use_theme_fonts=\"yes\"][vc_custom_heading text=\"Controller, Display, Software\" google_fonts=\"font_family:Roboto%3A100%2C100italic%2C300%2C300italic%2Cregular%2Citalic%2C500%2C500italic%2C700%2C700italic%2C900%2C900italic|font_style:400%20regular%3A400%3Anormal\" css=\"%7B%22default%22%3A%7B%22color%22%3A%22%23ffffff%22%7D%7D\"]A differenza della maggior parte dei monopattini elettrici che puoi trovare oggi sul mercato, i monopattini E-TWOW hanno uno schermo con funzioni interattive. Il display comunica con il regolatore, consentendo...","protected":false},"author":1,"featured_media":0,"parent":0,"menu_order":0,"comment_status":"closed","ping_status":"closed","template":"","meta":{"ngg_post_thumbnail":0,"footnotes":""},"class_list":["post-8743","page","type-page","status-publish","hentry"],"yoast_head":"<!-- This site is optimized with the Yoast SEO Premium plugin v27.2 (Yoast SEO v27.2) - https:\/\/yoast.com\/product\/yoast-seo-premium-wordpress\/ -->\n<title>Tecnologia e Concetto - E-TWOW<\/title>\n<meta name=\"robots\" content=\"index, follow, max-snippet:-1, max-image-preview:large, max-video-preview:-1\" \/>\n<link rel=\"canonical\" href=\"https:\/\/e-twow.com\/technology-concept\/\" \/>\n<meta property=\"og:locale\" content=\"it_IT\" \/>\n<meta property=\"og:type\" content=\"article\" \/>\n<meta property=\"og:title\" content=\"Tecnologia e Concetto\" \/>\n<meta property=\"og:url\" content=\"https:\/\/e-twow.com\/technology-concept\/\" \/>\n<meta property=\"og:site_name\" content=\"E-TWOW\" \/>\n<meta property=\"article:modified_time\" content=\"2021-02-08T09:05:01+00:00\" \/>\n<meta name=\"twitter:card\" content=\"summary_large_image\" \/>\n<meta name=\"twitter:label1\" content=\"Tempo di lettura stimato\" \/>\n\t<meta name=\"twitter:data1\" content=\"8 minuti\" \/>\n<script type=\"application\/ld+json\" class=\"yoast-schema-graph\">{\"@context\":\"https:\/\/schema.org\",\"@graph\":[{\"@type\":\"WebPage\",\"@id\":\"https:\/\/e-twow.com\/technology-concept\/\",\"url\":\"https:\/\/e-twow.com\/technology-concept\/\",\"name\":\"Tecnologia e Concetto - E-TWOW\",\"isPartOf\":{\"@id\":\"https:\/\/e-twow.com\/#website\"},\"datePublished\":\"2018-01-29T08:31:39+00:00\",\"dateModified\":\"2021-02-08T09:05:01+00:00\",\"breadcrumb\":{\"@id\":\"https:\/\/e-twow.com\/technology-concept\/#breadcrumb\"},\"inLanguage\":\"it-IT\",\"potentialAction\":[{\"@type\":\"ReadAction\",\"target\":[\"https:\/\/e-twow.com\/technology-concept\/\"]}]},{\"@type\":\"BreadcrumbList\",\"@id\":\"https:\/\/e-twow.com\/technology-concept\/#breadcrumb\",\"itemListElement\":[{\"@type\":\"ListItem\",\"position\":1,\"name\":\"Home\",\"item\":\"https:\/\/e-twow.com\/it\/\"},{\"@type\":\"ListItem\",\"position\":2,\"name\":\"Tecnologia e Concetto\"}]},{\"@type\":\"WebSite\",\"@id\":\"https:\/\/e-twow.com\/#website\",\"url\":\"https:\/\/e-twow.com\/\",\"name\":\"E-TWOW\",\"description\":\"Portable Scooter\",\"potentialAction\":[{\"@type\":\"SearchAction\",\"target\":{\"@type\":\"EntryPoint\",\"urlTemplate\":\"https:\/\/e-twow.com\/?s={search_term_string}\"},\"query-input\":{\"@type\":\"PropertyValueSpecification\",\"valueRequired\":true,\"valueName\":\"search_term_string\"}}],\"inLanguage\":\"it-IT\"}]}<\/script>\n<!-- \/ Yoast SEO Premium plugin. -->","yoast_head_json":{"title":"Tecnologia e Concetto - E-TWOW","robots":{"index":"index","follow":"follow","max-snippet":"max-snippet:-1","max-image-preview":"max-image-preview:large","max-video-preview":"max-video-preview:-1"},"canonical":"https:\/\/e-twow.com\/technology-concept\/","og_locale":"it_IT","og_type":"article","og_title":"Tecnologia e Concetto","og_url":"https:\/\/e-twow.com\/technology-concept\/","og_site_name":"E-TWOW","article_modified_time":"2021-02-08T09:05:01+00:00","twitter_card":"summary_large_image","twitter_misc":{"Tempo di lettura stimato":"8 minuti"},"schema":{"@context":"https:\/\/schema.org","@graph":[{"@type":"WebPage","@id":"https:\/\/e-twow.com\/technology-concept\/","url":"https:\/\/e-twow.com\/technology-concept\/","name":"Tecnologia e Concetto - E-TWOW","isPartOf":{"@id":"https:\/\/e-twow.com\/#website"},"datePublished":"2018-01-29T08:31:39+00:00","dateModified":"2021-02-08T09:05:01+00:00","breadcrumb":{"@id":"https:\/\/e-twow.com\/technology-concept\/#breadcrumb"},"inLanguage":"it-IT","potentialAction":[{"@type":"ReadAction","target":["https:\/\/e-twow.com\/technology-concept\/"]}]},{"@type":"BreadcrumbList","@id":"https:\/\/e-twow.com\/technology-concept\/#breadcrumb","itemListElement":[{"@type":"ListItem","position":1,"name":"Home","item":"https:\/\/e-twow.com\/it\/"},{"@type":"ListItem","position":2,"name":"Tecnologia e Concetto"}]},{"@type":"WebSite","@id":"https:\/\/e-twow.com\/#website","url":"https:\/\/e-twow.com\/","name":"E-TWOW","description":"Portable Scooter","potentialAction":[{"@type":"SearchAction","target":{"@type":"EntryPoint","urlTemplate":"https:\/\/e-twow.com\/?s={search_term_string}"},"query-input":{"@type":"PropertyValueSpecification","valueRequired":true,"valueName":"search_term_string"}}],"inLanguage":"it-IT"}]}},"_links":{"self":[{"href":"https:\/\/e-twow.com\/it\/wp-json\/wp\/v2\/pages\/8743","targetHints":{"allow":["GET"]}}],"collection":[{"href":"https:\/\/e-twow.com\/it\/wp-json\/wp\/v2\/pages"}],"about":[{"href":"https:\/\/e-twow.com\/it\/wp-json\/wp\/v2\/types\/page"}],"author":[{"embeddable":true,"href":"https:\/\/e-twow.com\/it\/wp-json\/wp\/v2\/users\/1"}],"replies":[{"embeddable":true,"href":"https:\/\/e-twow.com\/it\/wp-json\/wp\/v2\/comments?post=8743"}],"version-history":[{"count":4,"href":"https:\/\/e-twow.com\/it\/wp-json\/wp\/v2\/pages\/8743\/revisions"}],"predecessor-version":[{"id":11712,"href":"https:\/\/e-twow.com\/it\/wp-json\/wp\/v2\/pages\/8743\/revisions\/11712"}],"wp:attachment":[{"href":"https:\/\/e-twow.com\/it\/wp-json\/wp\/v2\/media?parent=8743"}],"curies":[{"name":"wp","href":"https:\/\/api.w.org\/{rel}","templated":true}]}}