{"id":8636,"date":"2018-06-04T10:09:28","date_gmt":"2018-06-04T10:09:28","guid":{"rendered":"https:\/\/e-twow.com\/cookies\/"},"modified":"2020-02-19T07:56:47","modified_gmt":"2020-02-19T07:56:47","slug":"politica-sui-cookie","status":"publish","type":"page","link":"https:\/\/e-twow.com\/it\/politica-sui-cookie\/","title":{"rendered":"Politica sui cookie"},"content":{"rendered":"<section class=\"l-section wpb_row height_small\"><div class=\"l-section-h i-cf\"><div class=\"g-cols vc_row via_flex valign_top type_default stacking_default\"><div class=\"vc_col-sm-12 wpb_column vc_column_container\"><div class=\"vc_column-inner\"><div class=\"wpb_wrapper\"><div class=\"wpb_text_column\"><div class=\"wpb_wrapper\"><p><strong>Cosa sono i cookie<\/strong><\/p>\n<p>Come prassi comune con quasi tutti i siti Web professionali, questo sito utilizza i cookie, che sono piccoli file scaricati sul computer, per migliorare l\u2019esperienza. Questa pagina descrive quali informazioni raccogliamo, come le usiamo e perch\u00e9 a volte abbiamo bisogno di conservare questi cookie. Condivideremo anche come \u00e8 possibile impedire la memorizzazione di questi cookie, ma ci\u00f2 pu\u00f2 declassare o interrompere determinati elementi della funzionalit\u00e0 dei siti.<\/p>\n<p>Per informazioni pi\u00f9 generali sui cookie, leggi l&#8217;articolo di Wikipedia sui cookie HTTP.<\/p>\n<p><strong>Come utilizzare i cookie<\/strong><\/p>\n<p>Utilizziamo i cookie per una serie di motivi descritti di seguito. Sfortunatamente, nella maggior parte dei casi, non esistono opzioni standard di settore per la disattivazione dei cookie senza disabilitare completamente le caratteristiche e le funzioni che aggiungono a questo sito. Si consiglia di lasciare i cookie attivi se non si \u00e8 sicuri di averne bisogno o meno se vengono utilizzati per fornire un servizio che si utilizza.<\/p>\n<p><strong>Disattivazione dei cookie<\/strong><\/p>\n<p>\u00c8 possibile impedire l&#8217;impostazione dei cookie modificando le impostazioni nel proprio browser (consultare la Guida del browser per farlo). Si prega di notare che la disattivazione dei cookie influir\u00e0 sulla funzionalit\u00e0 di questo sito e di molti altri siti Web a cui si accede. La disattivazione dei cookie di solito comporta la disattivazione di alcune funzionalit\u00e0 e caratteristiche di questo sito. Pertanto, si consiglia di non disattivare i cookie.<\/p>\n<p><strong>Cookie utilizzati<\/strong><\/p>\n<ul>\n<li><strong>Cookie di newsletter via e-mail<\/strong>: questo sito offre servizi di iscrizione a newsletter o e-mail e i cookie possono essere utilizzati per ricordare se si \u00e8 gi\u00e0 registrati e se si desidera visualizzare determinate notifiche che potrebbero essere valide solo per gli utenti abbonati \/ non abbonati<\/li>\n<li><strong>Cookie relativi ai moduli: <\/strong>Quando si inviano dati tramite un modulo, come quelli presenti nelle pagine di contatto o nei moduli di commento, \u00e8 possibile impostare i cookie per ricordare i dettagli dell&#8217;utente per future corrispondenze.<\/li>\n<li><strong>Cookie di preferenza del sito<\/strong> &#8211; Per offrirti un&#8217;esperienza eccezionale su questo sito, ti diamo la possibilit\u00e0 di impostare le tue preferenze su come funziona questo sito quando lo usi. Per ricordare le tue preferenze, dobbiamo impostare i cookie in modo che queste informazioni possano essere richieste in qualsiasi momento quando interagisci con una pagina che \u00e8 influenzata dalle tue preferenze.<\/li>\n<\/ul>\n<p><strong>Cookie da terze parti<\/strong><\/p>\n<p>In alcuni casi speciali utilizziamo anche i cookie forniti da terze parti affidabili. La sezione seguente dettaglia i cookie da terze parti che si possono incontrare attraverso questo sito.<\/p>\n<ul>\n<li>Questo sito utilizza Google Analytics, che \u00e8 una delle soluzioni di analisi web pi\u00f9 diffuse e affidabili per aiutarci a capire come usi il sito e come possiamo migliorare la tua esperienza. Questi cookie possono tracciare cose come il tempo trascorso sul sito e le pagine che visiti, in modo che possiamo continuare a produrre contenuti interessanti.<\/li>\n<\/ul>\n<p>Per ulteriori informazioni sui cookie di Google Analytics, consultare la pagina ufficiale di Google Analytics.<\/p>\n<ul>\n<li>In questo sito utilizziamo anche pulsanti e\/o plug-in di social media che consentono di connettersi al social network in vari modi. Per farli funzionare, i seguenti siti di social media, tra cui {Facebook, Instagram} imposteranno i cookie attraverso il nostro sito, che possono essere utilizzati per migliorare il tuo profilo sul loro sito o per contribuire ai dati in loro possesso per vari scopi presentati nella loro rispettiva politica sulla privacy.<\/li>\n<\/ul>\n<p><strong>Ulteriori informazioni<\/strong><\/p>\n<p>Speriamo che questo chiarisca le cose e come detto sopra se c&#8217;\u00e8 qualcosa di cui non sei sicuro di averne bisogno o meno, di solito \u00e8 pi\u00f9 sicuro lasciare i cookie attivi se interagiscono con una delle funzionalit\u00e0 che usi sul nostro sito. Questa politica sui cookie \u00e8 stata creata con l&#8217;aiuto del generatore CookiePolicyGenerator.co<\/p>\n<p>Tuttavia, se hai ancora bisogno di ulteriori informazioni, puoi contattarci attraverso uno dei nostri metodi di contatto preferiti:<\/p>\n<ul>\n<li>E-mail: <a href=\"mailto:marketing@e-twow.com\">marketing@e-twow.com<\/a><\/li>\n<\/ul>\n<\/div><\/div><\/div><\/div><\/div><\/div><\/div><\/section>\n","protected":false},"excerpt":{"rendered":"Cosa sono i cookie Come prassi comune con quasi tutti i siti Web professionali, questo sito utilizza i cookie, che sono piccoli file scaricati sul computer, per migliorare l\u2019esperienza. Questa pagina descrive quali informazioni raccogliamo, come le usiamo e perch\u00e9 a volte abbiamo bisogno di conservare questi cookie. Condivideremo anche come \u00e8 possibile impedire la...","protected":false},"author":1,"featured_media":0,"parent":0,"menu_order":0,"comment_status":"closed","ping_status":"closed","template":"","meta":{"ngg_post_thumbnail":0,"footnotes":""},"class_list":["post-8636","page","type-page","status-publish","hentry"],"yoast_head":"<!-- This site is optimized with the Yoast SEO Premium plugin v27.2 (Yoast SEO v27.2) - https:\/\/yoast.com\/product\/yoast-seo-premium-wordpress\/ -->\n<title>Politica sui cookie - E-TWOW<\/title>\n<meta name=\"robots\" content=\"index, follow, max-snippet:-1, max-image-preview:large, max-video-preview:-1\" \/>\n<link rel=\"canonical\" href=\"https:\/\/e-twow.com\/cookies\/\" \/>\n<meta property=\"og:locale\" content=\"it_IT\" \/>\n<meta property=\"og:type\" content=\"article\" \/>\n<meta property=\"og:title\" content=\"Politica sui cookie\" \/>\n<meta property=\"og:url\" content=\"https:\/\/e-twow.com\/cookies\/\" \/>\n<meta property=\"og:site_name\" content=\"E-TWOW\" \/>\n<meta property=\"article:modified_time\" content=\"2020-02-19T07:56:47+00:00\" \/>\n<meta name=\"twitter:card\" content=\"summary_large_image\" \/>\n<meta name=\"twitter:label1\" content=\"Tempo di lettura stimato\" \/>\n\t<meta name=\"twitter:data1\" content=\"3 minuti\" \/>\n<script type=\"application\/ld+json\" class=\"yoast-schema-graph\">{\"@context\":\"https:\/\/schema.org\",\"@graph\":[{\"@type\":\"WebPage\",\"@id\":\"https:\/\/e-twow.com\/cookies\/\",\"url\":\"https:\/\/e-twow.com\/cookies\/\",\"name\":\"Politica sui cookie - E-TWOW\",\"isPartOf\":{\"@id\":\"https:\/\/e-twow.com\/#website\"},\"datePublished\":\"2018-06-04T10:09:28+00:00\",\"dateModified\":\"2020-02-19T07:56:47+00:00\",\"breadcrumb\":{\"@id\":\"https:\/\/e-twow.com\/cookies\/#breadcrumb\"},\"inLanguage\":\"it-IT\",\"potentialAction\":[{\"@type\":\"ReadAction\",\"target\":[\"https:\/\/e-twow.com\/cookies\/\"]}]},{\"@type\":\"BreadcrumbList\",\"@id\":\"https:\/\/e-twow.com\/cookies\/#breadcrumb\",\"itemListElement\":[{\"@type\":\"ListItem\",\"position\":1,\"name\":\"Home\",\"item\":\"https:\/\/e-twow.com\/it\/\"},{\"@type\":\"ListItem\",\"position\":2,\"name\":\"Politica sui cookie\"}]},{\"@type\":\"WebSite\",\"@id\":\"https:\/\/e-twow.com\/#website\",\"url\":\"https:\/\/e-twow.com\/\",\"name\":\"E-TWOW\",\"description\":\"Portable Scooter\",\"potentialAction\":[{\"@type\":\"SearchAction\",\"target\":{\"@type\":\"EntryPoint\",\"urlTemplate\":\"https:\/\/e-twow.com\/?s={search_term_string}\"},\"query-input\":{\"@type\":\"PropertyValueSpecification\",\"valueRequired\":true,\"valueName\":\"search_term_string\"}}],\"inLanguage\":\"it-IT\"}]}<\/script>\n<!-- \/ Yoast SEO Premium plugin. -->","yoast_head_json":{"title":"Politica sui cookie - E-TWOW","robots":{"index":"index","follow":"follow","max-snippet":"max-snippet:-1","max-image-preview":"max-image-preview:large","max-video-preview":"max-video-preview:-1"},"canonical":"https:\/\/e-twow.com\/cookies\/","og_locale":"it_IT","og_type":"article","og_title":"Politica sui cookie","og_url":"https:\/\/e-twow.com\/cookies\/","og_site_name":"E-TWOW","article_modified_time":"2020-02-19T07:56:47+00:00","twitter_card":"summary_large_image","twitter_misc":{"Tempo di lettura stimato":"3 minuti"},"schema":{"@context":"https:\/\/schema.org","@graph":[{"@type":"WebPage","@id":"https:\/\/e-twow.com\/cookies\/","url":"https:\/\/e-twow.com\/cookies\/","name":"Politica sui cookie - E-TWOW","isPartOf":{"@id":"https:\/\/e-twow.com\/#website"},"datePublished":"2018-06-04T10:09:28+00:00","dateModified":"2020-02-19T07:56:47+00:00","breadcrumb":{"@id":"https:\/\/e-twow.com\/cookies\/#breadcrumb"},"inLanguage":"it-IT","potentialAction":[{"@type":"ReadAction","target":["https:\/\/e-twow.com\/cookies\/"]}]},{"@type":"BreadcrumbList","@id":"https:\/\/e-twow.com\/cookies\/#breadcrumb","itemListElement":[{"@type":"ListItem","position":1,"name":"Home","item":"https:\/\/e-twow.com\/it\/"},{"@type":"ListItem","position":2,"name":"Politica sui cookie"}]},{"@type":"WebSite","@id":"https:\/\/e-twow.com\/#website","url":"https:\/\/e-twow.com\/","name":"E-TWOW","description":"Portable Scooter","potentialAction":[{"@type":"SearchAction","target":{"@type":"EntryPoint","urlTemplate":"https:\/\/e-twow.com\/?s={search_term_string}"},"query-input":{"@type":"PropertyValueSpecification","valueRequired":true,"valueName":"search_term_string"}}],"inLanguage":"it-IT"}]}},"_links":{"self":[{"href":"https:\/\/e-twow.com\/it\/wp-json\/wp\/v2\/pages\/8636","targetHints":{"allow":["GET"]}}],"collection":[{"href":"https:\/\/e-twow.com\/it\/wp-json\/wp\/v2\/pages"}],"about":[{"href":"https:\/\/e-twow.com\/it\/wp-json\/wp\/v2\/types\/page"}],"author":[{"embeddable":true,"href":"https:\/\/e-twow.com\/it\/wp-json\/wp\/v2\/users\/1"}],"replies":[{"embeddable":true,"href":"https:\/\/e-twow.com\/it\/wp-json\/wp\/v2\/comments?post=8636"}],"version-history":[{"count":2,"href":"https:\/\/e-twow.com\/it\/wp-json\/wp\/v2\/pages\/8636\/revisions"}],"predecessor-version":[{"id":8638,"href":"https:\/\/e-twow.com\/it\/wp-json\/wp\/v2\/pages\/8636\/revisions\/8638"}],"wp:attachment":[{"href":"https:\/\/e-twow.com\/it\/wp-json\/wp\/v2\/media?parent=8636"}],"curies":[{"name":"wp","href":"https:\/\/api.w.org\/{rel}","templated":true}]}}