{"id":8586,"date":"2017-09-01T06:35:36","date_gmt":"2017-09-01T06:35:36","guid":{"rendered":"https:\/\/e-twow.com\/about-us\/"},"modified":"2022-06-15T13:06:23","modified_gmt":"2022-06-15T13:06:23","slug":"chi-siamo","status":"publish","type":"page","link":"https:\/\/e-twow.com\/it\/chi-siamo\/","title":{"rendered":"Chi siamo"},"content":{"rendered":"<section class=\"l-section wpb_row height_small\"><div class=\"l-section-h i-cf\"><div class=\"g-cols vc_row via_flex valign_top type_default stacking_default\"><div class=\"vc_col-sm-12 wpb_column vc_column_container\"><div class=\"vc_column-inner\"><div class=\"wpb_wrapper\"><div class=\"w-video align_none ratio_16x9 has_iframe\"><div class=\"w-video-h\"><iframe title=\"Vimeo video player\" src=\"https:\/\/player.vimeo.com\/video\/350916043?autoplay=0&loop=0&autopause=0&color=00adef&portrait=0&byline=1&title=1&controls=1&muted=0\" frameborder=\"0\" allow=\"autoplay; fullscreen\" allowfullscreen loading=\"lazy\"><\/iframe><\/div><\/div><\/div><\/div><\/div><\/div><\/div><\/section><section class=\"l-section wpb_row height_small\"><div class=\"l-section-h i-cf\"><div class=\"g-cols vc_row via_flex valign_top type_default stacking_default\"><div class=\"vc_col-sm-12 wpb_column vc_column_container\"><div class=\"vc_column-inner\"><div class=\"wpb_wrapper\"><div class=\"g-cols wpb_row via_flex valign_top type_default stacking_default\"><div class=\"vc_col-sm-8 wpb_column vc_column_container\"><div class=\"vc_column-inner\"><div class=\"wpb_wrapper\"><div class=\"wpb_text_column\"><div class=\"wpb_wrapper\"><div class=\"column mcb-column one column_column column-margin-\">\n<div class=\"column_attr clearfix\">\n<div>\n<h2>La storia di E-TWOW<\/h2>\n<p>E-TWOW fa parte di un grande concetto internazionale, con sede in Cina, focalizzato sull&#8217;offrire una nuova era nella mobilit\u00e0 urbana, attraverso i nostri ingegnosi veicoli elettrici. L&#8217;idea, la progettazione e la costruzione del monopattino elettrico E-TWOW appartiene all&#8217;ingegnere rumeno, il dottor Sorin SIRBU, e il concetto \u00e8 stato sviluppato insieme a un team di ingegneri con una solida base nell&#8217;ingegneria meccanica ed elettrica. Con l&#8217;aiuto delle conoscenze acquisite durante i suoi anni di studi tecnici, ma soprattutto motivato dalla passione di trovare soluzioni di trasporto innovative, il signor S\u00eerbu ha usato il suo entusiasmo e le sue capacit\u00e0 per sviluppare una soluzione di trasporto pratica per la vita quotidiana.<\/p>\n<\/div>\n<\/div>\n<\/div>\n<\/div><\/div><\/div><\/div><\/div><div class=\"vc_col-sm-4 wpb_column vc_column_container\"><div class=\"vc_column-inner\"><div class=\"wpb_wrapper\"><div class=\"w-image align_center\"><div class=\"w-image-h\"><img decoding=\"async\" width=\"350\" height=\"350\" src=\"https:\/\/e-twow.com\/wp-content\/uploads\/2020\/11\/ghidon-ajustabil-2-350x350.jpg\" class=\"attachment-us_350_350_crop size-us_350_350_crop\" alt=\"\" loading=\"lazy\" srcset=\"https:\/\/e-twow.com\/wp-content\/uploads\/2020\/11\/ghidon-ajustabil-2-350x350.jpg 350w, https:\/\/e-twow.com\/wp-content\/uploads\/2020\/11\/ghidon-ajustabil-2-150x150.jpg 150w, https:\/\/e-twow.com\/wp-content\/uploads\/2020\/11\/ghidon-ajustabil-2-600x600.jpg 600w\" sizes=\"auto, (max-width: 350px) 100vw, 350px\" \/><\/div><\/div><\/div><\/div><\/div><\/div><div class=\"wpb_text_column\"><div class=\"wpb_wrapper\"><h2>Come \u00e8 iniziato tutto<\/h2>\n<p>Il Dr. Ing. Sorin SIRBU ha creato il primo monopattino elettrico nel 2013. A quel tempo, viveva a Shanghai, dove gestiva un&#8217;azienda di successo. L&#8217;invenzione del monopattino \u00e8 avvenuta per motivi pratici e il signor S\u00eerbu non intendeva trasformare il monopattino in un&#8217;azienda. Stava solo cercando una soluzione pratica per trasferirsi in una citt\u00e0 frenetica come Shanghai. Inizialmente, ha provato a guidare una bicicletta elettrica, ma non era contento perch\u00e9 era pesante e non gli era permessa in metropolitana. Quindi, ha optato per il monopattino convenzionale. Dato che doveva percorrere lunghe distanze, consider\u00f2 la possibilit\u00e0 di costruire un monopattino elettrico: il primo modello, che aveva un motore base e una cinghia di trazione, sopravvisse solo al ristorante pi\u00f9 vicino, dove la trazione si rompe. Tuttavia, l&#8217;esperienza di guida di un veicolo cos\u00ec piccolo e facile da guidare \u00e8 stata sufficiente per motivare il signor S\u00eerbu a continuare a provare. In tre mesi ha creato il primo monopattino elettrico funzionale. Aveva un&#8217;autonomia di 7-8 chilometri ed era molto facile da gestire.<\/p>\n<p>Questo tipo di veicolo elettrico era una novit\u00e0 all&#8217;epoca e la gente fermava sempre il signor Sirbu per strada per chiedergli del monopattino. A quel tempo, il signor S\u00eerbu pensava di trasformare la sua invenzione in un business, un business che sperava avrebbe cambiato per sempre il modo in cui le persone si muovono nell&#8217;ambiente urbano. Poich\u00e9 il monopattino \u00e8 stato considerato un giocattolo per bambini, il monopattino elettrico non ha avuto successo dall&#8217;inizio. Tuttavia, \u00e8 stato sufficiente per le persone testare il monopattino per convincersi della sua utilit\u00e0, per non parlare del piacere di viaggiare con un veicolo del genere.<\/p>\n<h2>Come abbiamo costruito una nuova era nella mobilit\u00e0 urbana<\/h2>\n<p>Ogni anno ha portato nuove sfide, ma ogni sfida ha comportato un miglioramento del monopattino elettrico. Il monopattino E-TWOW \u00e8 stato il primo monopattino a integrare un sistema di recupero di energia cinetica, che all&#8217;epoca era utilizzato solo per le auto di Formula 1. Il facile sistema di piegatura a 3 punti lo ha reso uno dei veicoli pi\u00f9 convenienti per il trasporto personale, poich\u00e9 pu\u00f2 essere facilmente trasportato e riposto. Il design iniziale ha subito pochissime modifiche nel tempo, poich\u00e9 fin dall&#8217;inizio il monopattino \u00e8 stato progettato con stabilit\u00e0 e manovrabilit\u00e0 ottimali. Tuttavia, le generazioni pi\u00f9 giovani hanno visto importanti miglioramenti in ergonomia e software.<\/p>\n<p>Inizialmente, Sig. S\u00eerbu ha lavorato con diverse fabbriche che producevano componenti per monopattino, ma in breve tempo decise che l&#8217;unico modo in cui poteva garantire la qualit\u00e0 degli monopattini era quello di produrre i componenti nella propria fabbrica. Attualmente, ci sono due centri commerciali: la fabbrica cinese e il centro amministrativo e logistico europeo, situato in Romania. La fabbrica cinese produce quasi il 90% dei componenti del monopattino (da hardware, software, motori, tutti i componenti in plastica e persino batterie, che vengono assemblati utilizzando celle Samsung).<\/p>\n<p>Nel 2017, il veicolo elettrico portatile e pieghevole E-TWOW ha vinto una medaglia d&#8217;oro per la migliore invenzione alla 45a Esposizione Internazionale delle Invenzioni a Ginevra. Nel corso degli anni, alcuni altri produttori hanno iniziato a produrre veicoli simili, ma i monopattini elettrici E-TWOW sono ancora la scelta migliore, grazie alla loro alta qualit\u00e0, incredibile manovrabilit\u00e0 e facilit\u00e0 d&#8217;uso generale. Attualmente, il monopattino E-TWOW \u00e8 l&#8217;unico veicolo elettrico che pu\u00f2 essere perfettamente funzionante senza batteria. Se si rimuove la batteria da un altro veicolo elettrico e si accelera, si danneggiano il controller o i freni. Con il monopattino E-TWOW, \u00e8 possibile rimuovere la batteria e scendere la pendenza senza danneggiare i componenti. Inoltre, anche senza la batteria, \u00e8 ancora possibile utilizzare i freni e le luci.<\/p>\n<h2>I nostri valori<\/h2>\n<p><strong>Innovazione<\/strong><\/p>\n<p>Sin dall&#8217;inizio, il concetto di E-TWOW \u00e8 stato alimentato dall&#8217;innovazione. I monopattini integrano le ultime tecnologie nel settore meccanico ed elettrico. La fabbrica \u00e8 equipaggiata con apparecchiature HPRTM. La nostra attrezzatura RTM ad alta pressione offre brevetti personalizzati per strutture miste. Investiamo continuamente anche nel nostro dipartimento di ricerca e sviluppo, dove abbiamo i migliori ingegneri in Francia, Germania e Romania.<\/p>\n<p><strong>Soddisfazione del cliente<\/strong><\/p>\n<p>Il nostro obiettivo non \u00e8 mai stato quello di progettare un prodotto perfetto. La perfezione \u00e8 un concetto statico e ci impegniamo a progredire e innovare costantemente. Nel corso degli anni, i monopattini elettrici E-TWOW hanno dovuto affrontare molte sfide. Tuttavia, attraverso test e studi costanti, abbiamo continuamente migliorato i nostri monopattini ed eliminato tutti i problemi che si sono presentati durante il corso. Vorremmo ringraziare i nostri clienti per l&#8217;aiuto che hanno fornito attraverso il loro feedback costruttivo sui problemi che hanno incontrato. Abbiamo sempre cercato di ringraziare i nostri clienti con un servizio e un supporto adeguati, per compensare qualsiasi inconveniente causato.<\/p>\n<p><strong>Costruire un futuro sostenibile<\/strong><\/p>\n<p>La nostra visione di creare una nuova era nella mobilit\u00e0 urbana va di pari passo con il nostro desiderio di costruire un futuro sostenibile. Oggi sempre pi\u00f9 persone scelgono di sostituire le proprie auto con veicoli elettrici e il monopattino elettrico \u00e8 una delle soluzioni pi\u00f9 ecologiche per il trasporto urbano. Inoltre, poich\u00e9 hanno zero emissioni di carbonio, i nostri monopattini elettrici possono essere utilizzati anche in ambienti interni, ideali per grandi aree coperte come aeroporti o fabbriche<\/p>\n<\/div><\/div><div class=\"g-cols wpb_row us_custom_4e0cc4c3 via_flex valign_top type_default stacking_default\"><div class=\"vc_col-sm-6 wpb_column vc_column_container\"><div class=\"vc_column-inner\"><div class=\"wpb_wrapper\">[vc_custom_heading text=&#8221;FABBRICA DI JINHUA<br \/>\nZHEJIANG<br \/>\nCINA&#8221; font_container=&#8221;tag:h4|text_align:left&#8221; use_theme_fonts=&#8221;yes&#8221;]<div class=\"w-image align_none\"><div class=\"w-image-h\"><img decoding=\"async\" width=\"600\" height=\"453\" src=\"https:\/\/e-twow.com\/wp-content\/uploads\/2019\/06\/e-twow-factory.jpg\" class=\"attachment-full size-full\" alt=\"\" loading=\"lazy\" srcset=\"https:\/\/e-twow.com\/wp-content\/uploads\/2019\/06\/e-twow-factory.jpg 600w, https:\/\/e-twow.com\/wp-content\/uploads\/2019\/06\/e-twow-factory-300x227.jpg 300w\" sizes=\"auto, (max-width: 600px) 100vw, 600px\" \/><\/div><\/div><\/div><\/div><\/div><\/div><\/div><\/div><\/div><\/div><\/div><\/section>\n","protected":false},"excerpt":{"rendered":"La storia di E-TWOW E-TWOW fa parte di un grande concetto internazionale, con sede in Cina, focalizzato sull&#8217;offrire una nuova era nella mobilit\u00e0 urbana, attraverso i nostri ingegnosi veicoli elettrici. L&#8217;idea, la progettazione e la costruzione del monopattino elettrico E-TWOW appartiene all&#8217;ingegnere rumeno, il dottor Sorin SIRBU, e il concetto \u00e8 stato sviluppato insieme a...","protected":false},"author":1,"featured_media":0,"parent":0,"menu_order":0,"comment_status":"closed","ping_status":"closed","template":"","meta":{"ngg_post_thumbnail":0,"footnotes":""},"class_list":["post-8586","page","type-page","status-publish","hentry"],"yoast_head":"<!-- This site is optimized with the Yoast SEO Premium plugin v27.2 (Yoast SEO v27.2) - https:\/\/yoast.com\/product\/yoast-seo-premium-wordpress\/ -->\n<title>About US | E-TWOW<\/title>\n<meta name=\"description\" content=\"The E-TWOW \u2013 Electric Two Wheels brand is part of a large international concept, focused on offering a new era in urban mobility.\" \/>\n<meta name=\"robots\" content=\"index, follow, max-snippet:-1, max-image-preview:large, max-video-preview:-1\" \/>\n<link rel=\"canonical\" href=\"https:\/\/e-twow.com\/about-us\/\" \/>\n<meta property=\"og:locale\" content=\"it_IT\" \/>\n<meta property=\"og:type\" content=\"article\" \/>\n<meta property=\"og:title\" content=\"Chi siamo\" \/>\n<meta property=\"og:description\" content=\"The E-TWOW \u2013 Electric Two Wheels brand is part of a large international concept, focused on offering a new era in urban mobility.\" \/>\n<meta property=\"og:url\" content=\"https:\/\/e-twow.com\/about-us\/\" \/>\n<meta property=\"og:site_name\" content=\"E-TWOW\" \/>\n<meta property=\"article:modified_time\" content=\"2022-06-15T13:06:23+00:00\" \/>\n<meta name=\"twitter:card\" content=\"summary_large_image\" \/>\n<meta name=\"twitter:label1\" content=\"Tempo di lettura stimato\" \/>\n\t<meta name=\"twitter:data1\" content=\"6 minuti\" \/>\n<script type=\"application\/ld+json\" class=\"yoast-schema-graph\">{\"@context\":\"https:\/\/schema.org\",\"@graph\":[{\"@type\":\"WebPage\",\"@id\":\"https:\/\/e-twow.com\/about-us\/\",\"url\":\"https:\/\/e-twow.com\/about-us\/\",\"name\":\"About US | E-TWOW\",\"isPartOf\":{\"@id\":\"https:\/\/e-twow.com\/#website\"},\"datePublished\":\"2017-09-01T06:35:36+00:00\",\"dateModified\":\"2022-06-15T13:06:23+00:00\",\"description\":\"The E-TWOW \u2013 Electric Two Wheels brand is part of a large international concept, focused on offering a new era in urban mobility.\",\"breadcrumb\":{\"@id\":\"https:\/\/e-twow.com\/about-us\/#breadcrumb\"},\"inLanguage\":\"it-IT\",\"potentialAction\":[{\"@type\":\"ReadAction\",\"target\":[\"https:\/\/e-twow.com\/about-us\/\"]}]},{\"@type\":\"BreadcrumbList\",\"@id\":\"https:\/\/e-twow.com\/about-us\/#breadcrumb\",\"itemListElement\":[{\"@type\":\"ListItem\",\"position\":1,\"name\":\"Home\",\"item\":\"https:\/\/e-twow.com\/it\/\"},{\"@type\":\"ListItem\",\"position\":2,\"name\":\"Chi siamo\"}]},{\"@type\":\"WebSite\",\"@id\":\"https:\/\/e-twow.com\/#website\",\"url\":\"https:\/\/e-twow.com\/\",\"name\":\"E-TWOW\",\"description\":\"Portable Scooter\",\"potentialAction\":[{\"@type\":\"SearchAction\",\"target\":{\"@type\":\"EntryPoint\",\"urlTemplate\":\"https:\/\/e-twow.com\/?s={search_term_string}\"},\"query-input\":{\"@type\":\"PropertyValueSpecification\",\"valueRequired\":true,\"valueName\":\"search_term_string\"}}],\"inLanguage\":\"it-IT\"}]}<\/script>\n<!-- \/ Yoast SEO Premium plugin. -->","yoast_head_json":{"title":"About US | E-TWOW","description":"The E-TWOW \u2013 Electric Two Wheels brand is part of a large international concept, focused on offering a new era in urban mobility.","robots":{"index":"index","follow":"follow","max-snippet":"max-snippet:-1","max-image-preview":"max-image-preview:large","max-video-preview":"max-video-preview:-1"},"canonical":"https:\/\/e-twow.com\/about-us\/","og_locale":"it_IT","og_type":"article","og_title":"Chi siamo","og_description":"The E-TWOW \u2013 Electric Two Wheels brand is part of a large international concept, focused on offering a new era in urban mobility.","og_url":"https:\/\/e-twow.com\/about-us\/","og_site_name":"E-TWOW","article_modified_time":"2022-06-15T13:06:23+00:00","twitter_card":"summary_large_image","twitter_misc":{"Tempo di lettura stimato":"6 minuti"},"schema":{"@context":"https:\/\/schema.org","@graph":[{"@type":"WebPage","@id":"https:\/\/e-twow.com\/about-us\/","url":"https:\/\/e-twow.com\/about-us\/","name":"About US | E-TWOW","isPartOf":{"@id":"https:\/\/e-twow.com\/#website"},"datePublished":"2017-09-01T06:35:36+00:00","dateModified":"2022-06-15T13:06:23+00:00","description":"The E-TWOW \u2013 Electric Two Wheels brand is part of a large international concept, focused on offering a new era in urban mobility.","breadcrumb":{"@id":"https:\/\/e-twow.com\/about-us\/#breadcrumb"},"inLanguage":"it-IT","potentialAction":[{"@type":"ReadAction","target":["https:\/\/e-twow.com\/about-us\/"]}]},{"@type":"BreadcrumbList","@id":"https:\/\/e-twow.com\/about-us\/#breadcrumb","itemListElement":[{"@type":"ListItem","position":1,"name":"Home","item":"https:\/\/e-twow.com\/it\/"},{"@type":"ListItem","position":2,"name":"Chi siamo"}]},{"@type":"WebSite","@id":"https:\/\/e-twow.com\/#website","url":"https:\/\/e-twow.com\/","name":"E-TWOW","description":"Portable Scooter","potentialAction":[{"@type":"SearchAction","target":{"@type":"EntryPoint","urlTemplate":"https:\/\/e-twow.com\/?s={search_term_string}"},"query-input":{"@type":"PropertyValueSpecification","valueRequired":true,"valueName":"search_term_string"}}],"inLanguage":"it-IT"}]}},"_links":{"self":[{"href":"https:\/\/e-twow.com\/it\/wp-json\/wp\/v2\/pages\/8586","targetHints":{"allow":["GET"]}}],"collection":[{"href":"https:\/\/e-twow.com\/it\/wp-json\/wp\/v2\/pages"}],"about":[{"href":"https:\/\/e-twow.com\/it\/wp-json\/wp\/v2\/types\/page"}],"author":[{"embeddable":true,"href":"https:\/\/e-twow.com\/it\/wp-json\/wp\/v2\/users\/1"}],"replies":[{"embeddable":true,"href":"https:\/\/e-twow.com\/it\/wp-json\/wp\/v2\/comments?post=8586"}],"version-history":[{"count":9,"href":"https:\/\/e-twow.com\/it\/wp-json\/wp\/v2\/pages\/8586\/revisions"}],"predecessor-version":[{"id":13593,"href":"https:\/\/e-twow.com\/it\/wp-json\/wp\/v2\/pages\/8586\/revisions\/13593"}],"wp:attachment":[{"href":"https:\/\/e-twow.com\/it\/wp-json\/wp\/v2\/media?parent=8586"}],"curies":[{"name":"wp","href":"https:\/\/api.w.org\/{rel}","templated":true}]}}