{"id":9396,"date":"2019-08-02T10:00:41","date_gmt":"2019-08-02T10:00:41","guid":{"rendered":"https:\/\/e-twow.com\/warranty\/"},"modified":"2020-04-07T06:11:39","modified_gmt":"2020-04-07T06:11:39","slug":"garancia","status":"publish","type":"page","link":"https:\/\/e-twow.com\/hu\/garancia\/","title":{"rendered":"Garancia"},"content":{"rendered":"<section class=\"l-section wpb_row height_small\"><div class=\"l-section-h i-cf\"><div class=\"g-cols vc_row via_flex valign_top type_default stacking_default\"><div class=\"vc_col-sm-12 wpb_column vc_column_container\"><div class=\"vc_column-inner\"><div class=\"wpb_wrapper\"><div class=\"wpb_text_column\"><div class=\"wpb_wrapper\"><p>Az E-TWOW term\u00e9kekre, amelyeket a hivatalos keresked\u0151kt\u0151l v\u00e1s\u00e1rol, garant\u00e1lt felt\u00e9telek \u00e9rv\u00e9nyesek, a hat\u00e1lyos t\u00f6rv\u00e9nyeknek \u00e9s a gy\u00e1rt\u00f3k kereskedelmi politik\u00e1j\u00e1nak megfelel\u0151en. A term\u00e9kek \u00faj term\u00e9kek, eredeti csomagol\u00e1sban \u00e9s enged\u00e9lyezett forr\u00e1sokb\u00f3l sz\u00e1rmaznak.<\/p>\n<p>Minden keresked\u0151nek szerz\u0151d\u00e9ses k\u00f6telezetts\u00e9ge van garancia-igazol\u00e1s bemutat\u00e1s\u00e1ra. A j\u00f3t\u00e1ll\u00e1s szerinti jav\u00edt\u00e1s vagy csere megszerz\u00e9s\u00e9hez gy\u0151z\u0151dj\u00f6n meg arr\u00f3l, hogy a rollerv\u00e1s\u00e1rl\u00e1s\u00e1nak kiskeresked\u0151je vagy online \u00fczlete a j\u00f3t\u00e1ll\u00e1si nyilatkozaton felt\u00fcntette a v\u00e1s\u00e1rl\u00e1s hely\u00e9t \u00e9s d\u00e1tum\u00e1t. A rollerkisz\u00e1ll\u00edt\u00e1sakor vagy jav\u00edt\u00e1sa vagy cser\u00e9jekor elk\u00fcld\u00f6tt tan\u00fas\u00edtv\u00e1ny\u00e1nak m\u00e1solat\u00e1t is mell\u00e9kelnie kell a rollerrel egy\u00fctt.<\/p>\n<p>B\u00e1rmilyen garanci\u00e1lis k\u00e9rd\u00e9s eset\u00e9n forduljon ahhoz a v\u00e1llalathoz, ahonnan a rollert v\u00e1s\u00e1rolta, vagy vegye fel vel\u00fcnk a kapcsolatot a service@e-twow.com c\u00edmen.<\/p>\n<p>Fontos:<\/p>\n<ol>\n<li>V\u00e1s\u00e1rl\u00f3k\u00e9nt a term\u00e9ket a Felhaszn\u00e1l\u00f3i k\u00e9zik\u00f6nyvben szerepl\u0151 utas\u00edt\u00e1soknak megfelel\u0151en kell haszn\u00e1lnia. K\u00e9rj\u00fck, olvassa el a Felhaszn\u00e1l\u00f3i K\u00e9zik\u00f6nyvet a k\u00f6vetkez\u0151 linkr\u0151l<\/li>\n<\/ol>\n<p>A TERM\u00c9KET CSAK A FELHASZN\u00c1L\u00d3I \u00daTMUTAT\u00d3 elolvas\u00e1sa \u00e9s meg\u00e9rt\u00e9se ut\u00e1n haszn\u00e1lhatja!<\/p>\n<p>&nbsp;<\/p>\n<ol start=\"2\">\n<li>\u00d6nnek k\u00f6teless\u00e9ge meg\u0151rizni a garancia-igazol\u00e1st, amely az egyetlen dokumentum, amely igazolja a garanci\u00e1t, \u00e9s meghib\u00e1sod\u00e1s eset\u00e9n bemutat\u00e1sra ker\u00fcl a fizet\u00e9si bizonylattal egy\u00fctt.<\/li>\n<li>A garanciaid\u0151szak alatt elv\u00e9gzett jav\u00edt\u00e1sokhoz csak azt a forgalmaz\u00f3t haszn\u00e1lja, ahonnan a term\u00e9ket v\u00e1s\u00e1rolta.<\/li>\n<\/ol>\n<p>(4) A garanciaid\u0151szak alatt a beavatkoz\u00e1st a regisztr\u00e1ci\u00f3 napj\u00e1t\u00f3l sz\u00e1m\u00edtott legfeljebb 30 napon bel\u00fcl meg kell oldani.<\/p>\n<ol start=\"5\">\n<li>A j\u00f3t\u00e1ll\u00e1si id\u0151 meghosszabbodik a term\u00e9k jav\u00edt\u00e1s\u00e1nak idej\u00e9vel.<\/li>\n<li>Az elad\u00f3 fenntartja a jogot, hogy a szolg\u00e1ltat\u00e1sok\u00e9rt \u00e9s a sz\u00e1ll\u00edt\u00e1s\u00e9rt felsz\u00e1m\u00edtsa az alkalmazand\u00f3 k\u00f6lts\u00e9geket, ha a j\u00f3t\u00e1ll\u00e1s nem terjed ki a felszerel\u00e9s jav\u00edt\u00e1s\u00e1nak vagy cser\u00e9j\u00e9nek helyzeteire.<\/li>\n<li>A term\u00e9k megfelel az \u00f6sszes eur\u00f3pai szabv\u00e1nynak, a term\u00e9khez mell\u00e9kelt megfelel\u0151s\u00e9gi igazol\u00e1ssal \u00f6sszhangban.<\/li>\n<li>Ez a garancia arra vonatkozik, hogy a term\u00e9k az elad\u00e1skor megfelel-e az elad\u00f3 \u00e1ltal bejelentett \u00f6sszes m\u0171szaki jellemz\u0151nek \u00e9s min\u0151s\u00e9gnek.<\/li>\n<li>A term\u00e9ket csak norm\u00e1l c\u00e9lokra haszn\u00e1lj\u00e1k fel.<\/li>\n<\/ol>\n<p>THE WARRANTY SHALL BE VOID AND ALL RIGHTS FROM IT SHALL BE LOST IN THE FOLLOWING SITUATIONS:<\/p>\n<p>A GARANCI\u00c1T \u00c9S A JOGOKAT &nbsp;A K\u00d6VETKEZ\u0150 HELYZETEKBEN T\u00d6RLIK:<\/p>\n<ol>\n<li>A term\u00e9ket nem forgalmazta az E-TWOW ELECTRIC MOBILITY SA, sem annak hivatalos viszontelad\u00f3i.<\/li>\n<li>A term\u00e9ket illet\u00e9ktelen szakemberek m\u00f3dos\u00edtott\u00e1k vagy jav\u00edtott\u00e1k, \u00e9s \/ vagy hib\u00e1s, m\u00f3dos\u00edtott vagy nem eredeti berendez\u00e9ssel \/ tartoz\u00e9kkal.<\/li>\n<li>A term\u00e9ket balesetek vagy k\u00e1rok s\u00fajtott\u00e1k k\u00fcls\u0151 t\u00e9nyez\u0151k, l\u00e9gk\u00f6ri viszonyok vagy m\u00e1s hasonl\u00f3 esem\u00e9nyek k\u00f6vetkezt\u00e9ben.<\/li>\n<li>A hib\u00e1kat adott esetben szennyez\u0151d\u00e9s, szennyez\u0151d\u00e9sek, v\u00edz, idegen test stb. okozza.<\/li>\n<li>A term\u00e9ket es\u0151ben haszn\u00e1lt\u00e1k \u00e9s \/ vagy 4 cm-n\u00e9l nagyobb m\u00e9lys\u00e9g\u0171 v\u00edztestben vezettek.<\/li>\n<li>A term\u00e9keken vagy alkatr\u00e9szekeken az azonos\u00edt\u00f3 sorozatok \/ k\u00f3dok \/ v\u00e9djegyek stb. t\u00f6r\u00f6lve vagy \/ olvashatatlan \u00e1llapotban vannak<\/li>\n<li>A p\u00f3talkatr\u00e9szeknek vagy az eredeti alkatr\u00e9szeken olyan \u00fct\u00e9sek, mechanikus \u00fct\u00e9sek, termikus vagy egy\u00e9b t\u00f6r\u00e9sek, reped\u00e9sek stb. vannak, amelyek nem tulajdon\u00edthat\u00f3k nekik.<\/li>\n<li>A vev\u0151 \u00e1ltali nem megfelel\u0151 kezel\u00e9s \u00e9s sz\u00e1ll\u00edt\u00e1s miatt bek\u00f6vetkez\u0151 k\u00e1rok \u00e9s hib\u00e1k.<\/li>\n<li>A term\u00e9k kezdeti \u00e1llapot\u00e1nak megv\u00e1ltoz\u00e1sa term\u00e9szetes behat\u00e1sokkal (korr\u00f3zi\u00f3, kondenz\u00e1ci\u00f3 stb.) a nem megfelel\u0151 t\u00e1rol\u00e1si k\u00f6r\u00fclm\u00e9nyek miatt.<\/li>\n<li>A term\u00e9ket a felhaszn\u00e1l\u00f3i k\u00e9zik\u00f6nyv felt\u00e9teleinek megfelel\u0151en nem haszn\u00e1lt\u00e1k. &#8211; kapcsolat<\/li>\n<li>A term\u00e9k hib\u00e1s m\u0171k\u00f6d\u00e9s\u00e9t vandalizmus vagy hasonl\u00f3 okok okozz\u00e1k.<\/li>\n<li>A j\u00f3t\u00e1ll\u00e1si id\u0151 lej\u00e1rt.<\/li>\n<\/ol>\n<p>A j\u00f3t\u00e1ll\u00e1s nem terjed ki kell\u00e9kekre, m\u0171anyag alkatr\u00e9szekre, gumi cikkekre, gumiabroncsokra, fest\u00e9kekre \u00e9s egy\u00e9b hib\u00e1kra, amelyeket \u00fct\u00e9s, id\u0151j\u00e1r\u00e1s, kop\u00e1s, nem megfelel\u0151 haszn\u00e1lat vagy t\u00e1rol\u00e1s okozott.<\/p>\n<p>A term\u00e9kre vonatkoz\u00f3 b\u00e1rmilyen j\u00f3t\u00e1ll\u00e1s elveszik, ha a felhaszn\u00e1l\u00f3 b\u00e9relte vagy haszn\u00e1lja a rollert b\u00e1rmilyen m\u00e1s kereskedelmi tev\u00e9kenys\u00e9g sor\u00e1n.<\/p>\n<p>A j\u00f3t\u00e1ll\u00e1s csak azon orsz\u00e1g ter\u00fclet\u00e9n \u00e9rv\u00e9nyes, ahonnan a term\u00e9ket v\u00e1s\u00e1rolt\u00e1k.<\/p>\n<p><strong>T\u00e1mogat\u00e1s<\/strong><\/p>\n<p>Technikai seg\u00edts\u00e9g\u00e9rt forduljon a kiskeresked\u0151h\u00f6z vagy az online \u00e1ruh\u00e1zhoz, ahol a rollert v\u00e1s\u00e1rolta.<\/p>\n<p>Ha nem tud kapcsolatba l\u00e9pni a forgalmaz\u00f3val, ahonnan a rollert v\u00e1s\u00e1rolta, akkor k\u00f6zvetlen\u00fcl kapcsolatba l\u00e9phet vel\u00fcnk a <a href=\"mailto:service@e-twow.com\">service@e-twow.com<\/a> weboldalon.<\/p>\n<\/div><\/div><\/div><\/div><\/div><\/div><\/div><\/section>\n","protected":false},"excerpt":{"rendered":"Az E-TWOW term\u00e9kekre, amelyeket a hivatalos keresked\u0151kt\u0151l v\u00e1s\u00e1rol, garant\u00e1lt felt\u00e9telek \u00e9rv\u00e9nyesek, a hat\u00e1lyos t\u00f6rv\u00e9nyeknek \u00e9s a gy\u00e1rt\u00f3k kereskedelmi politik\u00e1j\u00e1nak megfelel\u0151en. A term\u00e9kek \u00faj term\u00e9kek, eredeti csomagol\u00e1sban \u00e9s enged\u00e9lyezett forr\u00e1sokb\u00f3l sz\u00e1rmaznak. Minden keresked\u0151nek szerz\u0151d\u00e9ses k\u00f6telezetts\u00e9ge van garancia-igazol\u00e1s bemutat\u00e1s\u00e1ra. A j\u00f3t\u00e1ll\u00e1s szerinti jav\u00edt\u00e1s vagy csere megszerz\u00e9s\u00e9hez gy\u0151z\u0151dj\u00f6n meg arr\u00f3l, hogy a rollerv\u00e1s\u00e1rl\u00e1s\u00e1nak kiskeresked\u0151je vagy online \u00fczlete a...","protected":false},"author":1,"featured_media":0,"parent":0,"menu_order":0,"comment_status":"closed","ping_status":"closed","template":"","meta":{"ngg_post_thumbnail":0,"footnotes":""},"class_list":["post-9396","page","type-page","status-publish","hentry"],"yoast_head":"<!-- This site is optimized with the Yoast SEO Premium plugin v27.2 (Yoast SEO v27.2) - https:\/\/yoast.com\/product\/yoast-seo-premium-wordpress\/ -->\n<title>Garancia - E-TWOW<\/title>\n<meta name=\"robots\" content=\"index, follow, max-snippet:-1, max-image-preview:large, max-video-preview:-1\" \/>\n<link rel=\"canonical\" href=\"https:\/\/e-twow.com\/warranty\/\" \/>\n<meta property=\"og:locale\" content=\"hu_HU\" \/>\n<meta property=\"og:type\" content=\"article\" \/>\n<meta property=\"og:title\" content=\"Garancia\" \/>\n<meta property=\"og:url\" content=\"https:\/\/e-twow.com\/warranty\/\" \/>\n<meta property=\"og:site_name\" content=\"E-TWOW\" \/>\n<meta property=\"article:modified_time\" content=\"2020-04-07T06:11:39+00:00\" \/>\n<meta name=\"twitter:card\" content=\"summary_large_image\" \/>\n<meta name=\"twitter:label1\" content=\"Becs\u00fclt olvas\u00e1si id\u0151\" \/>\n\t<meta name=\"twitter:data1\" content=\"4 perc\" \/>\n<script type=\"application\/ld+json\" class=\"yoast-schema-graph\">{\"@context\":\"https:\/\/schema.org\",\"@graph\":[{\"@type\":\"WebPage\",\"@id\":\"https:\/\/e-twow.com\/warranty\/\",\"url\":\"https:\/\/e-twow.com\/warranty\/\",\"name\":\"Garancia - E-TWOW\",\"isPartOf\":{\"@id\":\"https:\/\/e-twow.com\/#website\"},\"datePublished\":\"2019-08-02T10:00:41+00:00\",\"dateModified\":\"2020-04-07T06:11:39+00:00\",\"breadcrumb\":{\"@id\":\"https:\/\/e-twow.com\/warranty\/#breadcrumb\"},\"inLanguage\":\"hu\",\"potentialAction\":[{\"@type\":\"ReadAction\",\"target\":[\"https:\/\/e-twow.com\/warranty\/\"]}]},{\"@type\":\"BreadcrumbList\",\"@id\":\"https:\/\/e-twow.com\/warranty\/#breadcrumb\",\"itemListElement\":[{\"@type\":\"ListItem\",\"position\":1,\"name\":\"Kezd\u0151lap\",\"item\":\"https:\/\/e-twow.com\/\"},{\"@type\":\"ListItem\",\"position\":2,\"name\":\"Garancia\"}]},{\"@type\":\"WebSite\",\"@id\":\"https:\/\/e-twow.com\/#website\",\"url\":\"https:\/\/e-twow.com\/\",\"name\":\"E-TWOW\",\"description\":\"Portable Scooter\",\"potentialAction\":[{\"@type\":\"SearchAction\",\"target\":{\"@type\":\"EntryPoint\",\"urlTemplate\":\"https:\/\/e-twow.com\/?s={search_term_string}\"},\"query-input\":{\"@type\":\"PropertyValueSpecification\",\"valueRequired\":true,\"valueName\":\"search_term_string\"}}],\"inLanguage\":\"hu\"}]}<\/script>\n<!-- \/ Yoast SEO Premium plugin. -->","yoast_head_json":{"title":"Garancia - E-TWOW","robots":{"index":"index","follow":"follow","max-snippet":"max-snippet:-1","max-image-preview":"max-image-preview:large","max-video-preview":"max-video-preview:-1"},"canonical":"https:\/\/e-twow.com\/warranty\/","og_locale":"hu_HU","og_type":"article","og_title":"Garancia","og_url":"https:\/\/e-twow.com\/warranty\/","og_site_name":"E-TWOW","article_modified_time":"2020-04-07T06:11:39+00:00","twitter_card":"summary_large_image","twitter_misc":{"Becs\u00fclt olvas\u00e1si id\u0151":"4 perc"},"schema":{"@context":"https:\/\/schema.org","@graph":[{"@type":"WebPage","@id":"https:\/\/e-twow.com\/warranty\/","url":"https:\/\/e-twow.com\/warranty\/","name":"Garancia - E-TWOW","isPartOf":{"@id":"https:\/\/e-twow.com\/#website"},"datePublished":"2019-08-02T10:00:41+00:00","dateModified":"2020-04-07T06:11:39+00:00","breadcrumb":{"@id":"https:\/\/e-twow.com\/warranty\/#breadcrumb"},"inLanguage":"hu","potentialAction":[{"@type":"ReadAction","target":["https:\/\/e-twow.com\/warranty\/"]}]},{"@type":"BreadcrumbList","@id":"https:\/\/e-twow.com\/warranty\/#breadcrumb","itemListElement":[{"@type":"ListItem","position":1,"name":"Kezd\u0151lap","item":"https:\/\/e-twow.com\/"},{"@type":"ListItem","position":2,"name":"Garancia"}]},{"@type":"WebSite","@id":"https:\/\/e-twow.com\/#website","url":"https:\/\/e-twow.com\/","name":"E-TWOW","description":"Portable Scooter","potentialAction":[{"@type":"SearchAction","target":{"@type":"EntryPoint","urlTemplate":"https:\/\/e-twow.com\/?s={search_term_string}"},"query-input":{"@type":"PropertyValueSpecification","valueRequired":true,"valueName":"search_term_string"}}],"inLanguage":"hu"}]}},"_links":{"self":[{"href":"https:\/\/e-twow.com\/hu\/wp-json\/wp\/v2\/pages\/9396","targetHints":{"allow":["GET"]}}],"collection":[{"href":"https:\/\/e-twow.com\/hu\/wp-json\/wp\/v2\/pages"}],"about":[{"href":"https:\/\/e-twow.com\/hu\/wp-json\/wp\/v2\/types\/page"}],"author":[{"embeddable":true,"href":"https:\/\/e-twow.com\/hu\/wp-json\/wp\/v2\/users\/1"}],"replies":[{"embeddable":true,"href":"https:\/\/e-twow.com\/hu\/wp-json\/wp\/v2\/comments?post=9396"}],"version-history":[{"count":1,"href":"https:\/\/e-twow.com\/hu\/wp-json\/wp\/v2\/pages\/9396\/revisions"}],"predecessor-version":[{"id":9397,"href":"https:\/\/e-twow.com\/hu\/wp-json\/wp\/v2\/pages\/9396\/revisions\/9397"}],"wp:attachment":[{"href":"https:\/\/e-twow.com\/hu\/wp-json\/wp\/v2\/media?parent=9396"}],"curies":[{"name":"wp","href":"https:\/\/api.w.org\/{rel}","templated":true}]}}