{"id":9393,"date":"2018-05-31T10:44:39","date_gmt":"2018-05-31T10:44:39","guid":{"rendered":"https:\/\/e-twow.com\/terms-and-conditions\/"},"modified":"2020-04-07T06:10:50","modified_gmt":"2020-04-07T06:10:50","slug":"idohatarok-es-feltetelek","status":"publish","type":"page","link":"https:\/\/e-twow.com\/hu\/idohatarok-es-feltetelek\/","title":{"rendered":"Id\u0151hat\u00e1rok \u00e9s felt\u00e9telek"},"content":{"rendered":"<section class=\"l-section wpb_row height_small\"><div class=\"l-section-h i-cf\"><div class=\"g-cols vc_row via_flex valign_top type_default stacking_default\"><div class=\"vc_col-sm-12 wpb_column vc_column_container\"><div class=\"vc_column-inner\"><div class=\"wpb_wrapper\"><div class=\"wpb_text_column\"><div class=\"wpb_wrapper\"><p><strong>\u00dcdv\u00f6z\u00f6lj\u00fck az E-TWOW oldal\u00e1n<\/strong><\/p>\n<p>Ezek a felt\u00e9telek ismertetik az E-TWOW webhely haszn\u00e1lat\u00e1nak szab\u00e1lyait \u00e9s el\u0151\u00edr\u00e1sait.<\/p>\n<p>E-TWOW tal\u00e1lhat\u00f3:<\/p>\n<p>Aviatorilor utca 48, Craiova Ipari Park, Dolj, Rom\u00e1nia<\/p>\n<p>A weboldalra val\u00f3 bel\u00e9p\u00e9ssel felt\u00e9telezz\u00fck, hogy teljes m\u00e9rt\u00e9kben elfogadja ezeket a felt\u00e9teleket. Csak akkor folytassa az E-TWOW weboldal haszn\u00e1lat\u00e1t, ha elfogadja az ezen az oldalon szerepl\u0151 \u00f6sszes felt\u00e9telt.<\/p>\n<p>Az al\u00e1bbi terminol\u00f3gia vonatkozik a jelen Felhaszn\u00e1l\u00e1si Felt\u00e9telekre, az Adatv\u00e9delmi Nyilatkozatra \u00e9s a Jogi Nyilatkozatra, valamint b\u00e1rmely vagy minden meg\u00e1llapod\u00e1sra: \u201e\u00dcgyf\u00e9l\u201d, \u201eTi\u201d \u00e9s \u201e\u00d6n\u201d -re utal, az a szem\u00e9ly, aki bel\u00e9p a weboldalra \u00e9s elfogadja a t\u00e1rsas\u00e1g felt\u00e9teleit. A &#8220;T\u00e1rsas\u00e1g&#8221;, &#8220;Mi&#8221;, &#8220;Mi&#8221;, &#8220;Mi&#8221; \u00e9s &#8220;Mi&#8221; a c\u00e9g\u00fcnkre utal. A &#8220;F\u00e9l&#8221;, &#8220;Felek&#8221; vagy &#8220;Mi&#8221; vagy az \u00dcgyfelet, vagy magukat, vagy az \u00dcgyfelet vagy magunkat jel\u00f6lik. Minden kifejez\u00e9s az \u00fcgyf\u00e9l sz\u00e1m\u00e1ra ny\u00fajtott seg\u00edts\u00e9g ig\u00e9nybev\u00e9tel\u00e9hez sz\u00fcks\u00e9ges fizet\u00e9s elfogad\u00e1s\u00e1ra \u00e9s megfontol\u00e1s\u00e1ra vonatkozik, amely a legmegfelel\u0151bb m\u00f3don t\u00f6rt\u00e9nik, ak\u00e1r hat\u00e1rozott id\u0151tartam\u00fa hivatalos \u00fcl\u00e9seken, ak\u00e1r m\u00e1s m\u00f3don, az \u00fcl\u00e9s kifejezett c\u00e9lja alkalm\u00e1b\u00f3l. Az \u00fcgyf\u00e9l ig\u00e9nyei a T\u00e1rsas\u00e1g bejelentett szolg\u00e1ltat\u00e1sai \/ term\u00e9kei ny\u00fajt\u00e1s\u00e1ra vonatkoz\u00f3an, a hat\u00e1lyos rom\u00e1n jogszab\u00e1lyokkal \u00f6sszhangban. A fenti terminol\u00f3gia vagy m\u00e1s szavak haszn\u00e1lata az egyes sz\u00e1mban, t\u00f6bbes sz\u00e1mban, nagybet\u0171s \u00edr\u00e1sban \u00e9s \/ vagy kifejez\u00e9sben felcser\u00e9lhet\u0151nek tekinthet\u0151, s k\u00f6vetkez\u00e9sk\u00e9ppen utal r\u00e1juk.<\/p>\n<p>S\u00fctik<\/p>\n<p>S\u00fctiket haszn\u00e1lunk. Az E-TWOW weboldal haszn\u00e1lat\u00e1val hozz\u00e1j\u00e1rul a s\u00fctik haszn\u00e1lat\u00e1hoz az E-TWOW adatv\u00e9delmi politik\u00e1j\u00e1nak megfelel\u0151en.<\/p>\n<p>Manaps\u00e1g a legt\u00f6bb interakt\u00edv webhely s\u00fctiket haszn\u00e1l, hogy minden l\u00e1togat\u00e1shoz felhaszn\u00e1l\u00f3i adatokat szerezzen. Weboldalunk egyes ter\u00fcletein s\u00fctiket haszn\u00e1lnak annak \u00e9rdek\u00e9ben, hogy lehet\u0151v\u00e9 tegy\u00e9k ennek a ter\u00fcletnek a funkcionalit\u00e1s\u00e1t \u00e9s a webhelyet l\u00e1togat\u00f3 emberek egyszer\u0171 haszn\u00e1lat\u00e1t. N\u00e9h\u00e1ny t\u00e1rsult \/ hirdet\u00e9si partner\u00fcnk s\u00fctiket is haszn\u00e1lhat.<\/p>\n<p>Enged\u00e9ly<\/p>\n<p>Elt\u00e9r\u0151 rendelkez\u00e9s hi\u00e1ny\u00e1ban az E-TWOW \u00e9s \/ vagy az enged\u00e9lyesek rendelkeznek az E-TWOW minden anyag\u00e1ra vonatkoz\u00f3 szellemi tulajdonjogokkal. Minden szellemi tulajdonhoz f\u0171z\u0151d\u0151 jog fenntartva. Megtekintheti \u00e9s \/ vagy kinyomtathatja a https:\/\/www.e-twow.com oldalakat saj\u00e1t szem\u00e9lyes felhaszn\u00e1l\u00e1s\u00e1ra, a jelen felt\u00e9telekben r\u00f6gz\u00edtett korl\u00e1toz\u00e1sok betart\u00e1s\u00e1val.<\/p>\n<p><strong>Nem enged\u00e9lyezett:<\/strong><\/p>\n<ol>\n<li>\u00dajra k\u00f6zz\u00e9tegye a https:\/\/www.e-twow.com weboldalon tal\u00e1lhat\u00f3 anyagot<\/li>\n<li>Eladjon el, b\u00e9reljen licenceket a https:\/\/www.e-twow.com webhelyr\u0151l<\/li>\n<li>\u00dajram\u00e1solja \u00e1t, t\u00f6bbsz\u00f6r\u00f6s\u00edtse vagy lem\u00e1solja az anyagokat a https:\/\/www.e-twow.com webhelyr\u0151l<\/li>\n<li>Terjesztje \u00fajra a tartalmat az E-TWOW webhelyr\u0151l (kiv\u00e9ve, ha a tartalmat kifejezetten \u00fajraeloszt\u00e1s c\u00e9lj\u00e1b\u00f3l hozt\u00e1k l\u00e9tre).<\/li>\n<\/ol>\n<p>&nbsp;<\/p>\n<p><strong>Felhaszn\u00e1l\u00f3i megjegyz\u00e9sek<\/strong><\/p>\n<ol>\n<li>Ez a meg\u00e1llapod\u00e1s hat\u00e1lyba l\u00e9pett \u00e9s mindaddig \u00e9rv\u00e9nyes, am\u00edg azt a weboldalon k\u00f6zz\u00e9teszik.<\/li>\n<li>A weboldal egyes r\u00e9szei lehet\u0151s\u00e9get adnak a felhaszn\u00e1l\u00f3knak v\u00e9lem\u00e9nyek, inform\u00e1ci\u00f3k, anyagok \u00e9s adatok (&#8220;megjegyz\u00e9sek&#8221;) k\u00f6zz\u00e9t\u00e9tel\u00e9re \u00e9s cser\u00e9j\u00e9re a webhely ter\u00fcletein. Az E-TWOW ELECTRIC MOBILITY SA nem ellen\u0151rzi, szerkeszti, nem teszi k\u00f6zz\u00e9 \u00e9s nem komment\u00e1lja a megjegyz\u00e9seket a weboldalon val\u00f3 megjelen\u00e9s\u00fck el\u0151tt, \u00e9s a megjegyz\u00e9sek nem t\u00fckr\u00f6zik az E-TWOW ELECTRIC MOBILITY SA, annak \u00fcgyn\u00f6kei vagy le\u00e1nyv\u00e1llalatainak v\u00e9lem\u00e9ny\u00e9t. A megjegyz\u00e9sek a hozz\u00e1sz\u00f3l\u00f3 v\u00e9lem\u00e9ny\u00e9t t\u00fckr\u00f6zik. Az alkalmazand\u00f3 t\u00f6rv\u00e9nyek \u00e1ltal megengedett m\u00e9rt\u00e9kben az E-TWOW ELECTRIC MOBILITY SA nem felel a Megjegyz\u00e9sek\u00e9rt, illetve az azokhoz kapcsol\u00f3d\u00f3 megjegyz\u00e9sek haszn\u00e1lat\u00e1nak \u00e9s \/ vagy felad\u00e1s\u00e1nak \u00e9s \/ vagy megjelen\u00e9s\u00e9nek eredm\u00e9nyek\u00e9nt felmer\u00fclt vesztes\u00e9gek\u00e9rt, felel\u0151ss\u00e9g\u00e9rt, k\u00e1rok\u00e9rt vagy k\u00f6lts\u00e9gek\u00e9rt honlapj\u00e1n.<\/li>\n<li>Az E-TWOW MOBILITY ELECTRIC SA fenntartja a jogot az \u00f6sszes megjegyz\u00e9s figyel\u00e9s\u00e9re \u00e9s az olyan megjegyz\u00e9sek elt\u00e1vol\u00edt\u00e1s\u00e1ra, amelyeket teljes meg\u00edt\u00e9l\u00e9se szerint helytelennek, s\u00e9rt\u0151nek tart vagy amelyek nem felelnek meg ezeknek a felt\u00e9teleknek.<\/li>\n<li>\u00d6n szavatolja \u00e9s kijelenti, hogy:<\/li>\n<\/ol>\n<ul>\n<li>\u00d6nnek joga van megjegyz\u00e9seket megjelen\u00edteni a weboldalunkon, \u00e9s rendelkezik az ehhez sz\u00fcks\u00e9ges \u00f6sszes licenctel \u00e9s meg\u00e1llapod\u00e1ssal;<\/li>\n<li>A megjegyz\u00e9sek nem s\u00e9rtik a szellemi tulajdonhoz f\u0171z\u0151d\u0151 jogokat, ide\u00e9rtve korl\u00e1toz\u00e1s n\u00e9lk\u00fcl a szerz\u0151i jogokat, a szabadalmat vagy a v\u00e9djegyeket vagy b\u00e1rmely harmadik f\u00e9l egy\u00e9b tulajdonosi jogait;<\/li>\n<li>A megjegyz\u00e9sek nem tartalmaznak r\u00e1galmaz\u00f3, s\u00e9rt\u0151, tisztess\u00e9gtelen vagy illeg\u00e1lis anyagot, illetve a mag\u00e1n\u00e9let megs\u00e9rt\u00e9s\u00e9nek min\u0151s\u00fcl\u0151 anyagot.<\/li>\n<li>A megjegyz\u00e9seket nem haszn\u00e1lj\u00e1k fel szem\u00e9lyre szabott vagy kereskedelmi v\u00e1llalkoz\u00e1sok vagy tev\u00e9kenys\u00e9gek felkutat\u00e1s\u00e1ra vagy n\u00e9pszer\u0171s\u00edt\u00e9s\u00e9re, illetve illeg\u00e1lis tev\u00e9kenys\u00e9gek bemutat\u00e1s\u00e1ra.<\/li>\n<\/ul>\n<ol start=\"5\">\n<li>Ez\u00faton megadja az E-TWOW ELECTRIC MOBILITY SA nem kiz\u00e1r\u00f3lagos szerz\u0151i jogi licenc\u00e9t arra, hogy \u00e9szrev\u00e9teleit b\u00e1rmilyen form\u00e1ban, form\u00e1tumban, felhaszn\u00e1lhass\u00e1k, reproduk\u00e1lhass\u00e1k \u00e9s szerkeszthess\u00e9k m\u00e1sok sz\u00e1m\u00e1ra vagy a m\u00e9di\u00e1ban.<\/li>\n<\/ol>\n<p>&nbsp;<\/p>\n<p>Hiperhivatkoz\u00e1sok a tartalomhoz<\/p>\n<ol>\n<li>A k\u00f6vetkez\u0151 t\u00edpus\u00fa szervezetek hiperhivatkoz\u00e1sokat haszn\u00e1lhatnak, amelyek el\u0151zetes \u00edr\u00e1sbeli j\u00f3v\u00e1hagy\u00e1s n\u00e9lk\u00fcl hivatkoznak webhely\u00fcnk tartalm\u00e1ra:<\/li>\n<li>korm\u00e1nyzati \u00fcgyn\u00f6ks\u00e9gek;<\/li>\n<li>Keres\u0151motorok;<\/li>\n<li>H\u00edrszervezetek;<\/li>\n<li>Az online c\u00edmt\u00e1rszolg\u00e1ltat\u00f3k, ha a k\u00f6nyvt\u00e1rban szerepelnek, a weboldalunkra ugyan\u00fagy hivatkozhatnak, mint m\u00e1s t\u0151zsd\u00e9n jegyzett t\u00e1rsas\u00e1gok webhelyeire; \u00e9s<\/li>\n<li>Rendszeres szinten akkredit\u00e1lt v\u00e1llalatok, kiv\u00e9ve a nonprofit szervezeteket, j\u00f3t\u00e9konys\u00e1gi bev\u00e1s\u00e1rl\u00f3k\u00f6zpontokat \u00e9s j\u00f3t\u00e9konys\u00e1gi adom\u00e1nygy\u0171jt\u0151 csoportokat, amelyek nem tudnak kapcsolatba l\u00e9pni weboldalunkkal.<\/li>\n<\/ol>\n<p>&nbsp;<\/p>\n<ol start=\"2\">\n<li>Ezek a szervezetek hivatkozhatnak honlapunkra, kiadv\u00e1nyainkra vagy m\u00e1s inform\u00e1ci\u00f3kra a weboldalon, felt\u00e9ve, hogy a link: (a) semmilyen m\u00f3don nem f\u00e9lrevezet\u0151; b) nem hamisan jelenti az \u00f6sszek\u00f6t\u0151 f\u00e9l \u00e9s annak term\u00e9kei vagy szolg\u00e1ltat\u00e1sai szponzor\u00e1l\u00e1s\u00e1t, j\u00f3v\u00e1hagy\u00e1s\u00e1t vagy j\u00f3v\u00e1hagy\u00e1s\u00e1t; \u00e9s c) a linket l\u00e9trehoz\u00f3 f\u00e9l oldalain bel\u00fcl esnek.<\/li>\n<li>Megfontol\u00e1saink szerint megfontolhatjuk \u00e9s j\u00f3v\u00e1hagyhatjuk a k\u00f6vetkez\u0151 t\u00edpus\u00fa szervezetekt\u0151l sz\u00e1rmaz\u00f3 egy\u00e9b linkek ir\u00e1nti k\u00e9relmeket:<\/li>\n<li>Inform\u00e1ci\u00f3forr\u00e1sok az ismert fogyaszt\u00f3k \u00e9s \/ vagy v\u00e1llalkoz\u00e1sok sz\u00e1m\u00e1ra, mint p\u00e9ld\u00e1ul a Kereskedelmi Kamara, az Amerikai Aut\u00f3sz\u00f6vets\u00e9g, az AARP \u00e9s a Fogyaszt\u00f3i Uni\u00f3;<\/li>\n<li>dot.com k\u00f6z\u00f6ss\u00e9gi oldalak;<\/li>\n<li>j\u00f3t\u00e9konys\u00e1gi szervezeteket vagy egy\u00e9b csoportokat, ide\u00e9rtve a j\u00f3t\u00e9konys\u00e1gi szervezeteket ny\u00fajt\u00f3 webhelyeket is,<\/li>\n<li>Az online k\u00f6nyvt\u00e1rak forgalmaz\u00f3i;<\/li>\n<li>internetes port\u00e1lok;<\/li>\n<li>Sz\u00e1mviteli, jogi \u00e9s tan\u00e1csad\u00f3i c\u00e9gek, amelyek els\u0151dleges \u00fcgyfelei t\u00e1rsas\u00e1gok; \u00e9s<\/li>\n<li>Oktat\u00e1si int\u00e9zm\u00e9nyek \u00e9s szakmai sz\u00f6vets\u00e9gek.<\/li>\n<\/ol>\n<p>Ezekt\u0151l a szervezetekt\u0151l kapott kapcsol\u00f3d\u00e1si k\u00e9relmeket j\u00f3v\u00e1gagyjuk, ha meg\u00e1llap\u00edtjuk, hogy: (a) a kapcsolat nem t\u00fckr\u00f6z h\u00e1tr\u00e1nyosan minket vagy akkredit\u00e1lt t\u00e1rsas\u00e1gainkat (p\u00e9ld\u00e1ul szakszervezetek vagy m\u00e1s szervezetek, amelyek gyan\u00fas \u00fczleti tev\u00e9kenys\u00e9geket k\u00e9pviselnek, p\u00e9ld\u00e1ul munka -az otthoni lehet\u0151s\u00e9gekhez nem szabad kapcsol\u00f3dniuk); b) a szervezetnek nincsenek kiel\u00e9g\u00edt\u0151 eredm\u00e9nyei vel\u00fcnk; c) a hiperhivatkoz\u00e1ssal j\u00e1r\u00f3 l\u00e1that\u00f3s\u00e1g el\u0151nye nek\u00fcnk meghaladja a hivatkoz\u00e1s hi\u00e1ny\u00e1t az \u00e1ltal\u00e1nos er\u0151forr\u00e1s-inform\u00e1ci\u00f3kkal \u00f6sszef\u00fcgg\u00e9sben, vagy egy\u00e9b m\u00f3don \u00f6sszhangban \u00e1ll egy h\u00edrlev\u00e9l vagy hasonl\u00f3 term\u00e9k szerkeszt\u0151i tartalm\u00e1val, amely el\u0151mozd\u00edtja a szervezet k\u00fcldet\u00e9s\u00e9t.<\/p>\n<p>Ezek a szervezetek elk\u00fcldhetnek egy linket honlapunkra, kiadv\u00e1nyainkra vagy m\u00e1s inform\u00e1ci\u00f3kra a weboldalon, felt\u00e9ve, hogy a link: (a) nem f\u00e9lrevezet\u0151; b) nem hamisan jelenti az \u00f6sszek\u00f6t\u0151 f\u00e9l \u00e9s annak term\u00e9kei vagy szolg\u00e1ltat\u00e1sai szponzor\u00e1l\u00e1s\u00e1t, j\u00f3v\u00e1hagy\u00e1s\u00e1t vagy j\u00f3v\u00e1hagy\u00e1s\u00e1t; \u00e9s c) a linket l\u00e9trehoz\u00f3 f\u00e9l oldalain bel\u00fcl esnek.<\/p>\n<p>Ha \u00d6n a fenti 2. pontban felsorolt \u200b\u200bszervezetek valamelyike, \u00e9s \u00e9rdekli a webhely\u00fcnkh\u00f6z val\u00f3 kapcsol\u00f3d\u00e1s, akkor \u00e9rtes\u00edtenie kell minket az office@e-twow.com e-mailben. K\u00e9rj\u00fck, adja meg a nev\u00e9t, a szervezet nev\u00e9t, el\u00e9rhet\u0151s\u00e9gi adatait (p\u00e9ld\u00e1ul egy telefonsz\u00e1mot \u00e9s \/ vagy e-mail c\u00edmet), valamint a webhely URL-j\u00e9t, valamint azon URL-ek list\u00e1j\u00e1t, ahol szeretne linket megjelen\u00edteni a weboldalunkra, \u00e9s a webhely\u00fcnk\u00f6n megosztani k\u00edv\u00e1nt URL-ek list\u00e1j\u00e1t. K\u00e9rj\u00fck, v\u00e1rjon 2-3 h\u00e9tig amig a v\u00e1laszt megk\u00fcldj\u00fck.<\/p>\n<p>Az j\u00f3v\u00e1hagyott szervezetek az al\u00e1bbiak szerint linket jelen\u00edthetnek meg weboldalunkon:<\/p>\n<ol>\n<li>V\u00e1llalatunk nev\u00e9t vagy a<\/li>\n<li>Az elosztand\u00f3 tartalom egys\u00e9ges er\u0151forr\u00e1s-keres\u0151j\u00e9t (webc\u00edm) haszn\u00e1lva; vagy<\/li>\n<li>Weboldalunk vagy az azokhoz a linkekhez kapcsol\u00f3d\u00f3 anyagok b\u00e1rmilyen m\u00e1s le\u00edr\u00e1sa alapj\u00e1n, amely \u00e9rtelmezhet\u0151 a kontextusban \u00e9s a webhely tartalm\u00e1nak form\u00e1tum\u00e1ban, amely a webhely\u00fcnkre mutat\u00f3 linket haszn\u00e1lja.<\/li>\n<\/ol>\n<p>Az E-TWOW ELECTRIC MOBILITY SA embl\u00e9ma vagy m\u00e1s m\u0171alkot\u00e1s haszn\u00e1lata nem enged\u00e9lyezett, el\u0151zetesen regisztr\u00e1lt v\u00e9djegy-licencszerz\u0151d\u00e9s n\u00e9lk\u00fcl nem enged\u00e9lyezett.<\/p>\n<p><strong>Iframes<\/strong><\/p>\n<p>El\u0151zetes j\u00f3v\u00e1hagy\u00e1s \u00e9s kifejezett \u00edr\u00e1sbeli enged\u00e9ly n\u00e9lk\u00fcl nem hozhat l\u00e9tre kereteket weblapjaink k\u00f6r\u00fcl, \u00e9s nem haszn\u00e1lhat m\u00e1s technik\u00e1kat, amelyek b\u00e1rmilyen m\u00f3don megv\u00e1ltoztatj\u00e1k weboldalunk vizu\u00e1lis megjelen\u00e9s\u00e9t vagy kin\u00e9zetel\u00e9t.<\/p>\n<p>&nbsp;<\/p>\n<p><strong>Jogok fenntart\u00e1sa<\/strong><\/p>\n<p>Fenntartjuk a jogot, hogy b\u00e1rmikor, saj\u00e1t bel\u00e1t\u00e1sunk szerint k\u00e9rj\u00fck, hogy t\u00e1vol\u00edtson el minden link-t\u00edpus\u00fa hivatkoz\u00e1st weboldalunkon. \u00d6n beleegyezik abba, hogy ilyen k\u00e9r\u00e9sre azonnal elt\u00e1vol\u00edtja a weboldalunkr\u00f3l a linkeket. Fenntartjuk a jogot arra is, hogy b\u00e1rmikor megv\u00e1ltoztassuk ezeket a felt\u00e9teleket \u00e9s a linkek ir\u00e1nyelveit. A weboldalunkra mutat\u00f3 hivatkoz\u00e1sok haszn\u00e1lat\u00e1val \u00d6n beleegyezik abba, hogy betartja ezeket a felt\u00e9teleket.<\/p>\n<p><strong>Linkek elt\u00e1vol\u00edt\u00e1sa a weboldalunkr\u00f3l<\/strong><\/p>\n<p>Ha weboldalunkon olyan linket tal\u00e1l, amelyet b\u00e1rmilyen okb\u00f3l s\u00e9rt\u0151nek vagy kellemetlennek tart, akkor kapcsolatba l\u00e9phet vel\u00fcnk. Megfontoljuk a linkek elt\u00e1vol\u00edt\u00e1s\u00e1val kapcsolatos k\u00e9r\u00e9seket, de ebben a tekintetben nincs k\u00f6telezetts\u00e9g\u00fcnk, vagy k\u00f6zvetlen\u00fcl \u00d6nnek kell v\u00e1laszolnunk.<\/p>\n<p>B\u00e1r t\u00f6reksz\u00fcnk arra, hogy a weboldalon szerepl\u0151 inform\u00e1ci\u00f3k pontosak legyenek, nem garant\u00e1ljuk azok teljess\u00e9g\u00e9t vagy pontoss\u00e1g\u00e1t; Nem v\u00e1llaljuk tov\u00e1bb\u00e1 annak biztos\u00edt\u00e1s\u00e1t, hogy a weboldal el\u00e9rhet\u0151 maradjon, vagy hogy a weboldalon tal\u00e1lhat\u00f3 anyagok naprak\u00e9szek legyenek.<\/p>\n<p><strong>Tartalmi felel\u0151ss\u00e9g<\/strong><\/p>\n<p>Nem v\u00e1llalunk felel\u0151ss\u00e9get az \u00d6n webhely\u00e9n megjelen\u0151 tartalom\u00e9rt. \u00d6n v\u00e1llalja, hogy k\u00e1rtalan\u00edt benn\u00fcnket \u00e9s megv\u00e9di mindazokat az ig\u00e9nyeket, amelyek az \u00d6n webhely\u00e9n alapulnak, vagy az \u00d6n weboldal\u00e1n megjelennek. Semmilyen link (link) nem jelenhet meg a webhely egyik oldal\u00e1n sem olyan kontextussal, amely olyan tartalmat vagy anyagokat tartalmaz, amelyeket r\u00e1galmaz\u00f3nak, obszc\u00e9nnek vagy b\u0171ncselekm\u00e9nynek lehet tekinteni, vagy amely s\u00e9rti,&nbsp; vagy t\u00e1mogatja a harmadik felek b\u00e1rmely m\u00e1s joga megs\u00e9rt\u00e9s\u00e9t vagy b\u00e1rmilyen egy\u00e9b megs\u00e9rt\u00e9s\u00e9t.<\/p>\n<p>Disclaimer<\/p>\n<p>Az alkalmazand\u00f3 t\u00f6rv\u00e9nyek \u00e1ltal megengedett maxim\u00e1lis m\u00e9rt\u00e9kben kiz\u00e1rjuk az \u00f6sszes, a weboldalunkkal \u00e9s a weboldal haszn\u00e1lat\u00e1val kapcsolatos nyilatkozatot, garanci\u00e1t \u00e9s felt\u00e9telt (ide\u00e9rtve, korl\u00e1toz\u00e1s n\u00e9lk\u00fcl, a t\u00f6rv\u00e9ny \u00e1ltal el\u0151\u00edrt garanci\u00e1kat kiel\u00e9g\u00edt\u0151 min\u0151s\u00e9gre, a c\u00e9lnak megfelel\u0151 alkalmass\u00e1gra \u00e9s \/ vagy az \u00e9sszer\u0171 gondoss\u00e1g \u00e9s k\u00e9szs\u00e9gek felhaszn\u00e1l\u00e1sa). A disclaimer:<\/p>\n<ol>\n<li>nem korl\u00e1tozza vagy nem z\u00e1rja ki felel\u0151ss\u00e9g\u00fcnket a gondatlans\u00e1gb\u00f3l ered\u0151 hal\u00e1l\u00e9rt vagy szem\u00e9lyi s\u00e9r\u00fcl\u00e9s\u00e9rt<\/li>\n<li>nem fogja korl\u00e1tozni vagy kiz\u00e1rni a csal\u00e1ssal vagy csal\u00e1rd hamis nyilatkozatokkal kapcsolatos felel\u0151ss\u00e9g\u00fcnket<\/li>\n<li>semmilyen m\u00f3don nem korl\u00e1tozza felel\u0151ss\u00e9g\u00fcnket, amely nem felel meg a vonatkoz\u00f3 jogszab\u00e1lyoknak vagy<\/li>\n<li>nem z\u00e1rja ki egyetlen olyan felel\u0151ss\u00e9g\u00fcnket sem, amelyet az alkalmazand\u00f3 jog alapj\u00e1n nem lehet kiz\u00e1rni<\/li>\n<\/ol>\n<p>Az ebben a szakaszban \u00e9s a mentess\u00e9g m\u00e1s r\u00e9szeiben el\u0151\u00edrt felel\u0151ss\u00e9g korl\u00e1toz\u00e1sok \u00e9s kiz\u00e1r\u00e1sok: a) az el\u0151z\u0151 bekezd\u00e9s vonatkozik; \u00e9s b) az \u00f6sszes felel\u0151ss\u00e9gre vonatkozik, amelyek a nyilatkozatb\u00f3l erednek vagy a mentess\u00e9g t\u00e1rgy\u00e1val kapcsolatosak, ide\u00e9rtve a szerz\u0151d\u00e9sb\u0151l sz\u00e1rmaz\u00f3 k\u00f6telezetts\u00e9geket is, b\u0171ncselekm\u00e9ny (bele\u00e9rtve a gondatlans\u00e1got) \u00e9s a jogi k\u00f6telezetts\u00e9g megszeg\u00e9se form\u00e1j\u00e1ban.<\/p>\n<p>Amennyiben a webhelyet, valamint a weboldalon tal\u00e1lhat\u00f3 inform\u00e1ci\u00f3kat \u00e9s szolg\u00e1ltat\u00e1sokat ingyenesen biztos\u00edtj\u00e1k, semmilyen vesztes\u00e9g\u00e9rt vagy k\u00e1rok\u00e9rt nem v\u00e1llalunk felel\u0151ss\u00e9get.<\/p>\n<p><strong>Hitel \u00e9s el\u00e9rhet\u0151s\u00e9g<\/strong><\/p>\n<p>Ez az \u00c1ltal\u00e1nos Szerz\u0151d\u00e9si Felt\u00e9telek oldal a termsandconditionstemplate.com gener\u00e1toron j\u00f6tt l\u00e9tre. Ha b\u00e1rmilyen k\u00e9rd\u00e9se van b\u00e1rmilyen felt\u00e9teleinkkel kapcsolatban, k\u00e9rj\u00fck, vegye fel vel\u00fcnk a kapcsolatot.<\/p>\n<p>Elfogad<\/p>\n<\/div><\/div><div class=\"g-cols wpb_row us_custom_d6afd2b7 via_flex valign_top type_default stacking_default\"><div class=\"vc_col-sm-12 wpb_column vc_column_container\"><div class=\"vc_column-inner\"><div class=\"wpb_wrapper\"><div class=\"wpb_text_column\"><div class=\"wpb_wrapper\"><h5 style=\"text-align: left;\"><span style=\"color: #000000;\">[ultimate_gdpr_policy_accept]<\/span><\/h5>\n<\/div><\/div><\/div><\/div><\/div><\/div><\/div><\/div><\/div><\/div><\/div><\/section>\n","protected":false},"excerpt":{"rendered":"\u00dcdv\u00f6z\u00f6lj\u00fck az E-TWOW oldal\u00e1n Ezek a felt\u00e9telek ismertetik az E-TWOW webhely haszn\u00e1lat\u00e1nak szab\u00e1lyait \u00e9s el\u0151\u00edr\u00e1sait. E-TWOW tal\u00e1lhat\u00f3: Aviatorilor utca 48, Craiova Ipari Park, Dolj, Rom\u00e1nia A weboldalra val\u00f3 bel\u00e9p\u00e9ssel felt\u00e9telezz\u00fck, hogy teljes m\u00e9rt\u00e9kben elfogadja ezeket a felt\u00e9teleket. Csak akkor folytassa az E-TWOW weboldal haszn\u00e1lat\u00e1t, ha elfogadja az ezen az oldalon szerepl\u0151 \u00f6sszes felt\u00e9telt. Az al\u00e1bbi...","protected":false},"author":1,"featured_media":0,"parent":0,"menu_order":0,"comment_status":"closed","ping_status":"closed","template":"","meta":{"ngg_post_thumbnail":0,"footnotes":""},"class_list":["post-9393","page","type-page","status-publish","hentry"],"yoast_head":"<!-- This site is optimized with the Yoast SEO Premium plugin v27.2 (Yoast SEO v27.2) - https:\/\/yoast.com\/product\/yoast-seo-premium-wordpress\/ -->\n<title>Id\u0151hat\u00e1rok \u00e9s felt\u00e9telek - E-TWOW<\/title>\n<meta name=\"robots\" content=\"index, follow, max-snippet:-1, max-image-preview:large, max-video-preview:-1\" \/>\n<link rel=\"canonical\" href=\"https:\/\/e-twow.com\/terms-and-conditions\/\" \/>\n<meta property=\"og:locale\" content=\"hu_HU\" \/>\n<meta property=\"og:type\" content=\"article\" \/>\n<meta property=\"og:title\" content=\"Id\u0151hat\u00e1rok \u00e9s felt\u00e9telek\" \/>\n<meta property=\"og:url\" content=\"https:\/\/e-twow.com\/terms-and-conditions\/\" \/>\n<meta property=\"og:site_name\" content=\"E-TWOW\" \/>\n<meta property=\"article:modified_time\" content=\"2020-04-07T06:10:50+00:00\" \/>\n<meta name=\"twitter:card\" content=\"summary_large_image\" \/>\n<meta name=\"twitter:label1\" content=\"Becs\u00fclt olvas\u00e1si id\u0151\" \/>\n\t<meta name=\"twitter:data1\" content=\"12 perc\" \/>\n<script type=\"application\/ld+json\" class=\"yoast-schema-graph\">{\"@context\":\"https:\/\/schema.org\",\"@graph\":[{\"@type\":\"WebPage\",\"@id\":\"https:\/\/e-twow.com\/terms-and-conditions\/\",\"url\":\"https:\/\/e-twow.com\/terms-and-conditions\/\",\"name\":\"Id\u0151hat\u00e1rok \u00e9s felt\u00e9telek - E-TWOW\",\"isPartOf\":{\"@id\":\"https:\/\/e-twow.com\/#website\"},\"datePublished\":\"2018-05-31T10:44:39+00:00\",\"dateModified\":\"2020-04-07T06:10:50+00:00\",\"breadcrumb\":{\"@id\":\"https:\/\/e-twow.com\/terms-and-conditions\/#breadcrumb\"},\"inLanguage\":\"hu\",\"potentialAction\":[{\"@type\":\"ReadAction\",\"target\":[\"https:\/\/e-twow.com\/terms-and-conditions\/\"]}]},{\"@type\":\"BreadcrumbList\",\"@id\":\"https:\/\/e-twow.com\/terms-and-conditions\/#breadcrumb\",\"itemListElement\":[{\"@type\":\"ListItem\",\"position\":1,\"name\":\"Kezd\u0151lap\",\"item\":\"https:\/\/e-twow.com\/\"},{\"@type\":\"ListItem\",\"position\":2,\"name\":\"Id\u0151hat\u00e1rok \u00e9s felt\u00e9telek\"}]},{\"@type\":\"WebSite\",\"@id\":\"https:\/\/e-twow.com\/#website\",\"url\":\"https:\/\/e-twow.com\/\",\"name\":\"E-TWOW\",\"description\":\"Portable Scooter\",\"potentialAction\":[{\"@type\":\"SearchAction\",\"target\":{\"@type\":\"EntryPoint\",\"urlTemplate\":\"https:\/\/e-twow.com\/?s={search_term_string}\"},\"query-input\":{\"@type\":\"PropertyValueSpecification\",\"valueRequired\":true,\"valueName\":\"search_term_string\"}}],\"inLanguage\":\"hu\"}]}<\/script>\n<!-- \/ Yoast SEO Premium plugin. -->","yoast_head_json":{"title":"Id\u0151hat\u00e1rok \u00e9s felt\u00e9telek - E-TWOW","robots":{"index":"index","follow":"follow","max-snippet":"max-snippet:-1","max-image-preview":"max-image-preview:large","max-video-preview":"max-video-preview:-1"},"canonical":"https:\/\/e-twow.com\/terms-and-conditions\/","og_locale":"hu_HU","og_type":"article","og_title":"Id\u0151hat\u00e1rok \u00e9s felt\u00e9telek","og_url":"https:\/\/e-twow.com\/terms-and-conditions\/","og_site_name":"E-TWOW","article_modified_time":"2020-04-07T06:10:50+00:00","twitter_card":"summary_large_image","twitter_misc":{"Becs\u00fclt olvas\u00e1si id\u0151":"12 perc"},"schema":{"@context":"https:\/\/schema.org","@graph":[{"@type":"WebPage","@id":"https:\/\/e-twow.com\/terms-and-conditions\/","url":"https:\/\/e-twow.com\/terms-and-conditions\/","name":"Id\u0151hat\u00e1rok \u00e9s felt\u00e9telek - E-TWOW","isPartOf":{"@id":"https:\/\/e-twow.com\/#website"},"datePublished":"2018-05-31T10:44:39+00:00","dateModified":"2020-04-07T06:10:50+00:00","breadcrumb":{"@id":"https:\/\/e-twow.com\/terms-and-conditions\/#breadcrumb"},"inLanguage":"hu","potentialAction":[{"@type":"ReadAction","target":["https:\/\/e-twow.com\/terms-and-conditions\/"]}]},{"@type":"BreadcrumbList","@id":"https:\/\/e-twow.com\/terms-and-conditions\/#breadcrumb","itemListElement":[{"@type":"ListItem","position":1,"name":"Kezd\u0151lap","item":"https:\/\/e-twow.com\/"},{"@type":"ListItem","position":2,"name":"Id\u0151hat\u00e1rok \u00e9s felt\u00e9telek"}]},{"@type":"WebSite","@id":"https:\/\/e-twow.com\/#website","url":"https:\/\/e-twow.com\/","name":"E-TWOW","description":"Portable Scooter","potentialAction":[{"@type":"SearchAction","target":{"@type":"EntryPoint","urlTemplate":"https:\/\/e-twow.com\/?s={search_term_string}"},"query-input":{"@type":"PropertyValueSpecification","valueRequired":true,"valueName":"search_term_string"}}],"inLanguage":"hu"}]}},"_links":{"self":[{"href":"https:\/\/e-twow.com\/hu\/wp-json\/wp\/v2\/pages\/9393","targetHints":{"allow":["GET"]}}],"collection":[{"href":"https:\/\/e-twow.com\/hu\/wp-json\/wp\/v2\/pages"}],"about":[{"href":"https:\/\/e-twow.com\/hu\/wp-json\/wp\/v2\/types\/page"}],"author":[{"embeddable":true,"href":"https:\/\/e-twow.com\/hu\/wp-json\/wp\/v2\/users\/1"}],"replies":[{"embeddable":true,"href":"https:\/\/e-twow.com\/hu\/wp-json\/wp\/v2\/comments?post=9393"}],"version-history":[{"count":1,"href":"https:\/\/e-twow.com\/hu\/wp-json\/wp\/v2\/pages\/9393\/revisions"}],"predecessor-version":[{"id":9394,"href":"https:\/\/e-twow.com\/hu\/wp-json\/wp\/v2\/pages\/9393\/revisions\/9394"}],"wp:attachment":[{"href":"https:\/\/e-twow.com\/hu\/wp-json\/wp\/v2\/media?parent=9393"}],"curies":[{"name":"wp","href":"https:\/\/api.w.org\/{rel}","templated":true}]}}