{"id":9382,"date":"2018-06-04T07:23:16","date_gmt":"2018-06-04T07:23:16","guid":{"rendered":"https:\/\/e-twow.com\/recommendations\/"},"modified":"2020-04-06T08:24:36","modified_gmt":"2020-04-06T08:24:36","slug":"ajanlasok","status":"publish","type":"page","link":"https:\/\/e-twow.com\/hu\/ajanlasok\/","title":{"rendered":"Aj\u00e1nl\u00e1sok"},"content":{"rendered":"<section class=\"l-section wpb_row height_small\"><div class=\"l-section-h i-cf\"><div class=\"g-cols vc_row via_flex valign_top type_default stacking_default\"><div class=\"vc_col-sm-12 wpb_column vc_column_container\"><div class=\"vc_column-inner\"><div class=\"wpb_wrapper\"><div class=\"wpb_text_column\"><div class=\"wpb_wrapper\"><p><strong>Ez az, amit aj\u00e1nlunk<\/strong><\/p>\n<p>A term\u00e9k megfelel\u0151 m\u0171k\u00f6d\u00e9s\u00e9nek el\u0151felt\u00e9telek\u00e9nt hat h\u00f3napon bel\u00fcl javasoljuk a hivatalos m\u0171helyben t\u00f6rt\u00e9n\u0151 rendszeres ellen\u0151rz\u00e9st, de legfeljebb 1000 km megtett t\u00e1vols\u00e1g ut\u00e1n.<\/p>\n<p>Ezenk\u00edv\u00fcl minden hideg \u00e9vszak ut\u00e1n javasoljuk, hogy ellen\u0151rizze a term\u00e9k m\u0171k\u00f6d\u00e9s\u00e9t, k\u00fcl\u00f6n\u00f6s tekintettel az akkumul\u00e1torra \u00e9s az elektronikus alkatr\u00e9szekre.<\/p>\n<p>Az E-TWOW nem aj\u00e1nlja rollerek v\u00e1s\u00e1rl\u00e1s\u00e1t olyan weboldalakr\u00f3l, mint az AliExpress vagy az Amazon, mivel ezek v\u00e1ltozhatnak minden orsz\u00e1gban, amelyben k\u00e9sz\u00fcltek: m\u00f3dos\u00edtott keretek, sebess\u00e9gkorl\u00e1toz\u00e1sok \u00e9s ezekhez a rollerekhoz haszn\u00e1lt alkatr\u00e9szek csak abb\u00f3l az orsz\u00e1gb\u00f3l szerezhet\u0151k be, amelyben gy\u00e1rtott\u00e1k \u0151ket, \u00e9s ez tov\u00e1bbi k\u00f6lts\u00e9geket von maga ut\u00e1n \u00fcgyfeleink sz\u00e1m\u00e1ra, jav\u00edt\u00e1s sz\u00fcks\u00e9gess\u00e9ge eset\u00e9n.<\/p>\n<p>A l\u00e9git\u00e1rsas\u00e1g el\u0151\u00edr\u00e1sainak megfelel\u0151en a roller akkumul\u00e1torait nem lehet rep\u00fcl\u0151vel sz\u00e1ll\u00edtani, teh\u00e1t a roller nem m\u0171k\u00f6dhet.<\/p>\n<p>Tov\u00e1bbi fontos szempont a garanciabizony\u00edtv\u00e1ny, amely csak a roller sz\u00e1rmaz\u00e1si orsz\u00e1g\u00e1nak ter\u00fclet\u00e9n \u00e9rv\u00e9nyes, \u00edgy a szervizel\u00e9s \u00e9s a karbantart\u00e1s nem lesz ingyenes.<\/p>\n<p>K\u00e9rj\u00fck, ne v\u00e1llalja, hogy rollereket v\u00e1s\u00e1rol \u00e9rv\u00e9nyes viszontelad\u00f3 \u00e1ltal kiadott j\u00f3t\u00e1ll\u00e1si igazol\u00e1s n\u00e9lk\u00fcl!<\/p>\n<p>Ne felejtse el minden h\u00f3napban felt\u00f6lteni rollert, m\u00e9g ha nem is haszn\u00e1lja, az akkumul\u00e1tor \u00e9lettartam\u00e1nak meghosszabb\u00edt\u00e1sa \u00e9rdek\u00e9ben.<\/p>\n<p>V\u00e9gezzen minim\u00e1lis karbantart\u00e1st, p\u00e9ld\u00e1ul kenje be az alapot \u00e9s az illeszt\u00e9seket, \u00e9s ellen\u0151rizze, hogy a csavarok szorosak-e.<\/p>\n<p>A magass\u00e1g be\u00e1ll\u00edt\u00e1sa ut\u00e1n mindig csukja be a magass\u00e1g-be\u00e1ll\u00edt\u00f3 rendszert tart\u00f3 kart, \u00e9s rendszeresen ellen\u0151rizze, hogy a csavar megfelel\u0151en r\u00f6gz\u00edtve van-e.<\/p>\n<p>Mindig addig t\u00f6ltse fel a rollert, am\u00edg a t\u00f6lt\u0151 LED-je z\u00f6ldre nem v\u00e1lt.<\/p>\n<p>Tartsa a rollert a lehet\u0151s\u00e9ge szerint 100% -ban felt\u00f6ltve, \u00e9s mindig t\u00f6ltse fel, amikor csak lehet\u0151s\u00e9ge van<\/p>\n<p>Tartsa t\u00e1vol a rollert v\u00edzt\u0151l \u00e9s nedvess\u00e9gt\u0151l. Ha es\u0151 \u00e9ri a lehet\u0151 leghamarabb vigye a rollert meleg, sz\u00e1raz helyre, \u00e9s alaposan tiszt\u00edtsa meg sz\u00e1raz ruh\u00e1val, hogy ne maradjon v\u00edz rajta.<\/p>\n<\/div><\/div><\/div><\/div><\/div><\/div><\/div><\/section>\n","protected":false},"excerpt":{"rendered":"Ez az, amit aj\u00e1nlunk A term\u00e9k megfelel\u0151 m\u0171k\u00f6d\u00e9s\u00e9nek el\u0151felt\u00e9telek\u00e9nt hat h\u00f3napon bel\u00fcl javasoljuk a hivatalos m\u0171helyben t\u00f6rt\u00e9n\u0151 rendszeres ellen\u0151rz\u00e9st, de legfeljebb 1000 km megtett t\u00e1vols\u00e1g ut\u00e1n. Ezenk\u00edv\u00fcl minden hideg \u00e9vszak ut\u00e1n javasoljuk, hogy ellen\u0151rizze a term\u00e9k m\u0171k\u00f6d\u00e9s\u00e9t, k\u00fcl\u00f6n\u00f6s tekintettel az akkumul\u00e1torra \u00e9s az elektronikus alkatr\u00e9szekre. Az E-TWOW nem aj\u00e1nlja rollerek v\u00e1s\u00e1rl\u00e1s\u00e1t olyan weboldalakr\u00f3l, mint az...","protected":false},"author":1,"featured_media":0,"parent":0,"menu_order":0,"comment_status":"closed","ping_status":"closed","template":"","meta":{"ngg_post_thumbnail":0,"footnotes":""},"class_list":["post-9382","page","type-page","status-publish","hentry"],"yoast_head":"<!-- This site is optimized with the Yoast SEO Premium plugin v27.4 (Yoast SEO v27.4) - https:\/\/yoast.com\/product\/yoast-seo-premium-wordpress\/ -->\n<title>Aj\u00e1nl\u00e1sok - E-TWOW<\/title>\n<meta name=\"robots\" content=\"index, follow, max-snippet:-1, max-image-preview:large, max-video-preview:-1\" \/>\n<link rel=\"canonical\" href=\"https:\/\/e-twow.com\/recommendations\/\" \/>\n<meta property=\"og:locale\" content=\"hu_HU\" \/>\n<meta property=\"og:type\" content=\"article\" \/>\n<meta property=\"og:title\" content=\"Aj\u00e1nl\u00e1sok\" \/>\n<meta property=\"og:url\" content=\"https:\/\/e-twow.com\/recommendations\/\" \/>\n<meta property=\"og:site_name\" content=\"E-TWOW\" \/>\n<meta property=\"article:modified_time\" content=\"2020-04-06T08:24:36+00:00\" \/>\n<meta name=\"twitter:card\" content=\"summary_large_image\" \/>\n<meta name=\"twitter:label1\" content=\"Becs\u00fclt olvas\u00e1si id\u0151\" \/>\n\t<meta name=\"twitter:data1\" content=\"2 perc\" \/>\n<script type=\"application\/ld+json\" class=\"yoast-schema-graph\">{\"@context\":\"https:\\\/\\\/schema.org\",\"@graph\":[{\"@type\":\"WebPage\",\"@id\":\"https:\\\/\\\/e-twow.com\\\/recommendations\\\/\",\"url\":\"https:\\\/\\\/e-twow.com\\\/recommendations\\\/\",\"name\":\"Aj\u00e1nl\u00e1sok - E-TWOW\",\"isPartOf\":{\"@id\":\"https:\\\/\\\/e-twow.com\\\/#website\"},\"datePublished\":\"2018-06-04T07:23:16+00:00\",\"dateModified\":\"2020-04-06T08:24:36+00:00\",\"breadcrumb\":{\"@id\":\"https:\\\/\\\/e-twow.com\\\/recommendations\\\/#breadcrumb\"},\"inLanguage\":\"hu\",\"potentialAction\":[{\"@type\":\"ReadAction\",\"target\":[\"https:\\\/\\\/e-twow.com\\\/recommendations\\\/\"]}]},{\"@type\":\"BreadcrumbList\",\"@id\":\"https:\\\/\\\/e-twow.com\\\/recommendations\\\/#breadcrumb\",\"itemListElement\":[{\"@type\":\"ListItem\",\"position\":1,\"name\":\"Kezd\u0151lap\",\"item\":\"https:\\\/\\\/e-twow.com\\\/\"},{\"@type\":\"ListItem\",\"position\":2,\"name\":\"Aj\u00e1nl\u00e1sok\"}]},{\"@type\":\"WebSite\",\"@id\":\"https:\\\/\\\/e-twow.com\\\/#website\",\"url\":\"https:\\\/\\\/e-twow.com\\\/\",\"name\":\"E-TWOW\",\"description\":\"Portable Scooter\",\"potentialAction\":[{\"@type\":\"SearchAction\",\"target\":{\"@type\":\"EntryPoint\",\"urlTemplate\":\"https:\\\/\\\/e-twow.com\\\/?s={search_term_string}\"},\"query-input\":{\"@type\":\"PropertyValueSpecification\",\"valueRequired\":true,\"valueName\":\"search_term_string\"}}],\"inLanguage\":\"hu\"}]}<\/script>\n<!-- \/ Yoast SEO Premium plugin. -->","yoast_head_json":{"title":"Aj\u00e1nl\u00e1sok - E-TWOW","robots":{"index":"index","follow":"follow","max-snippet":"max-snippet:-1","max-image-preview":"max-image-preview:large","max-video-preview":"max-video-preview:-1"},"canonical":"https:\/\/e-twow.com\/recommendations\/","og_locale":"hu_HU","og_type":"article","og_title":"Aj\u00e1nl\u00e1sok","og_url":"https:\/\/e-twow.com\/recommendations\/","og_site_name":"E-TWOW","article_modified_time":"2020-04-06T08:24:36+00:00","twitter_card":"summary_large_image","twitter_misc":{"Becs\u00fclt olvas\u00e1si id\u0151":"2 perc"},"schema":{"@context":"https:\/\/schema.org","@graph":[{"@type":"WebPage","@id":"https:\/\/e-twow.com\/recommendations\/","url":"https:\/\/e-twow.com\/recommendations\/","name":"Aj\u00e1nl\u00e1sok - E-TWOW","isPartOf":{"@id":"https:\/\/e-twow.com\/#website"},"datePublished":"2018-06-04T07:23:16+00:00","dateModified":"2020-04-06T08:24:36+00:00","breadcrumb":{"@id":"https:\/\/e-twow.com\/recommendations\/#breadcrumb"},"inLanguage":"hu","potentialAction":[{"@type":"ReadAction","target":["https:\/\/e-twow.com\/recommendations\/"]}]},{"@type":"BreadcrumbList","@id":"https:\/\/e-twow.com\/recommendations\/#breadcrumb","itemListElement":[{"@type":"ListItem","position":1,"name":"Kezd\u0151lap","item":"https:\/\/e-twow.com\/"},{"@type":"ListItem","position":2,"name":"Aj\u00e1nl\u00e1sok"}]},{"@type":"WebSite","@id":"https:\/\/e-twow.com\/#website","url":"https:\/\/e-twow.com\/","name":"E-TWOW","description":"Portable Scooter","potentialAction":[{"@type":"SearchAction","target":{"@type":"EntryPoint","urlTemplate":"https:\/\/e-twow.com\/?s={search_term_string}"},"query-input":{"@type":"PropertyValueSpecification","valueRequired":true,"valueName":"search_term_string"}}],"inLanguage":"hu"}]}},"_links":{"self":[{"href":"https:\/\/e-twow.com\/hu\/wp-json\/wp\/v2\/pages\/9382","targetHints":{"allow":["GET"]}}],"collection":[{"href":"https:\/\/e-twow.com\/hu\/wp-json\/wp\/v2\/pages"}],"about":[{"href":"https:\/\/e-twow.com\/hu\/wp-json\/wp\/v2\/types\/page"}],"author":[{"embeddable":true,"href":"https:\/\/e-twow.com\/hu\/wp-json\/wp\/v2\/users\/1"}],"replies":[{"embeddable":true,"href":"https:\/\/e-twow.com\/hu\/wp-json\/wp\/v2\/comments?post=9382"}],"version-history":[{"count":1,"href":"https:\/\/e-twow.com\/hu\/wp-json\/wp\/v2\/pages\/9382\/revisions"}],"predecessor-version":[{"id":9383,"href":"https:\/\/e-twow.com\/hu\/wp-json\/wp\/v2\/pages\/9382\/revisions\/9383"}],"wp:attachment":[{"href":"https:\/\/e-twow.com\/hu\/wp-json\/wp\/v2\/media?parent=9382"}],"curies":[{"name":"wp","href":"https:\/\/api.w.org\/{rel}","templated":true}]}}