{"id":9372,"date":"2018-06-04T06:02:50","date_gmt":"2018-06-04T06:02:50","guid":{"rendered":"https:\/\/e-twow.com\/faq\/"},"modified":"2020-04-06T08:19:50","modified_gmt":"2020-04-06T08:19:50","slug":"gyakori-kerdesek","status":"publish","type":"page","link":"https:\/\/e-twow.com\/hu\/gyakori-kerdesek\/","title":{"rendered":"Gyakori k\u00e9rd\u00e9sek"},"content":{"rendered":"<section class=\"l-section wpb_row height_small\"><div class=\"l-section-h i-cf\"><div class=\"g-cols vc_row via_flex valign_top type_default stacking_default\"><div class=\"vc_col-sm-12 wpb_column vc_column_container\"><div class=\"vc_column-inner\"><div class=\"wpb_wrapper\"><div class=\"wpb_text_column\"><div class=\"wpb_wrapper\"><h2 style=\"text-align: center;\">K\u00e9rd\u00e9sek \u00e9s v\u00e1laszok<\/h2>\n<h4 style=\"text-align: center;\">Gyors v\u00e1laszokat tal\u00e1l az E-TWOW term\u00e9kekkel kapcsolatos b\u00e1rmilyen k\u00e9rd\u00e9sre<\/h4>\n<\/div><\/div><\/div><\/div><\/div><\/div><\/div><\/section><section class=\"l-section wpb_row height_small\"><div class=\"l-section-h i-cf\"><div class=\"g-cols vc_row via_flex valign_top type_default stacking_default\"><div class=\"vc_col-sm-12 wpb_column vc_column_container\"><div class=\"vc_column-inner\"><div class=\"wpb_wrapper\"><div class=\"w-tabs style_default switch_click accordion has_scrolling\" style=\"--sections-title-size:inherit\"><div class=\"w-tabs-sections titles-align_none icon_chevron cpos_right\"><div class=\"w-tabs-section\" id=\"v425\"><button class=\"w-tabs-section-header\" aria-controls=\"content-v425\" aria-expanded=\"false\"><div class=\"w-tabs-section-title\"> Mekkora az E-TWOW rollerenergiafogyaszt\u00e1sa?<\/div><div class=\"w-tabs-section-control\"><\/div><\/button><div  class=\"w-tabs-section-content\" id=\"content-v425\"><div class=\"w-tabs-section-content-h i-cf\"><div class=\"wpb_text_column\"><div class=\"wpb_wrapper\"><p>Az E-TWOW roller energiafogyaszt\u00e1sa mind\u00f6ssze 6,15 W \/ km (LED vil\u00e1g\u00edt\u00e1ssal).<\/p>\n<\/div><\/div><\/div><\/div><\/div><div class=\"w-tabs-section\" id=\"v626\"><button class=\"w-tabs-section-header\" aria-controls=\"content-v626\" aria-expanded=\"false\"><div class=\"w-tabs-section-title\">Mekkora az E-TWOW rollerek maxim\u00e1lis sebess\u00e9ge?<\/div><div class=\"w-tabs-section-control\"><\/div><\/button><div  class=\"w-tabs-section-content\" id=\"content-v626\"><div class=\"w-tabs-section-content-h i-cf\"><div class=\"wpb_text_column\"><div class=\"wpb_wrapper\"><p>Az E-TWOW rollerek ak\u00e1r 40 km \/ h sebess\u00e9get is el\u00e9rhetnek! Sok orsz\u00e1gban vannak olyan jogszab\u00e1lyok, amelyek korl\u00e1tozz\u00e1k a sebess\u00e9get. Az E-TWOW roller k\u00fcl\u00f6nleges tulajdons\u00e1ggal rendelkezik &#8211; a sebess\u00e9get az egyes orsz\u00e1gok jogszab\u00e1lyai szerint korl\u00e1tozhatjuk, \u00edgy ha a maxim\u00e1lis sebess\u00e9get be\u00e1ll\u00edtj\u00e1k, a roller nem haladja meg ezt a sebess\u00e9get. Az el\u0151re be\u00e1ll\u00edtott sebess\u00e9gkorl\u00e1toz\u00e1sok 6 km \/ h, 12 km \/ h, 20 km \/ h \u00e9s 25 km \/ h. Ezt a funkci\u00f3t a felhaszn\u00e1l\u00f3i ig\u00e9nyek f\u00fcggv\u00e9ny\u00e9ben lehet aktiv\u00e1lni vagy kikapcsolni a k\u00f6zponti vez\u00e9rl\u0151egys\u00e9gr\u0151l.<\/p>\n<\/div><\/div><\/div><\/div><\/div><div class=\"w-tabs-section\" id=\"o80e\"><button class=\"w-tabs-section-header\" aria-controls=\"content-o80e\" aria-expanded=\"false\"><div class=\"w-tabs-section-title\">Mekkora az E-TWOW rollerek auton\u00f3mi\u00e1ja?<\/div><div class=\"w-tabs-section-control\"><\/div><\/button><div  class=\"w-tabs-section-content\" id=\"content-o80e\"><div class=\"w-tabs-section-content-h i-cf\"><div class=\"wpb_text_column\"><div class=\"wpb_wrapper\"><p>A tartom\u00e1ny 30 \u00e9s 50 km \/ h k\u00f6z\u00f6tt van (a roller modellj\u00e9t\u0151l f\u00fcgg\u0151en), \u00e1lland\u00f3 20 km \/ h sebess\u00e9ggel, 75 kg alatti terhel\u00e9ssel \u00e9s 10 km \/ h alatti sz\u00e9lsebess\u00e9ggel sz\u00e1molva. Az E- TWOW az els\u0151 roller, amely a KERS (KINETIC ENERGY RECOVERY SYSTEM) technol\u00f3gi\u00e1t haszn\u00e1lja a m\u00e1gneses f\u00e9krendszeren kereszt\u00fcl, \u00edgy a hat\u00f3t\u00e1vols\u00e1g ak\u00e1r 60% -kal n\u00f6velhet\u0151. Ezt a rendszert a Formula 1 aut\u00f3kban haszn\u00e1lj\u00e1k, \u00e9s ez az els\u0151 alkalom, hogy ezt a technol\u00f3gi\u00e1t integr\u00e1lt\u00e1k egy elektromos rollerbe.<\/p>\n<\/div><\/div><\/div><\/div><\/div><div class=\"w-tabs-section\" id=\"w9f9\"><button class=\"w-tabs-section-header\" aria-controls=\"content-w9f9\" aria-expanded=\"false\"><div class=\"w-tabs-section-title\">Mennyi a t\u00f6lt\u00e9si id\u0151?<\/div><div class=\"w-tabs-section-control\"><\/div><\/button><div  class=\"w-tabs-section-content\" id=\"content-w9f9\"><div class=\"w-tabs-section-content-h i-cf\"><div class=\"wpb_text_column\"><div class=\"wpb_wrapper\"><p>A t\u00f6lt\u00e9si id\u0151 2 \u00e9s 4 \u00f3ra k\u00f6z\u00f6tt v\u00e1ltozik (a rollermodellj\u00e9t\u0151l f\u00fcgg\u0151en). Az E-TWOW elektromos roller els\u0151 beszerz\u00e9sekor azt javasoljuk, hogy haszn\u00e1lat el\u0151tt t\u00f6ltse fel teljesen az akkumul\u00e1tort, \u00e9s h\u00e1romhavonta t\u00f6ltse azt az id\u0151szakokban, amikor nem haszn\u00e1lja a rollert.<\/p>\n<\/div><\/div><\/div><\/div><\/div><div class=\"w-tabs-section\" id=\"cbe6\"><button class=\"w-tabs-section-header\" aria-controls=\"content-cbe6\" aria-expanded=\"false\"><div class=\"w-tabs-section-title\">Hogyan m\u0171k\u00f6dik a f\u00e9krendszer?<\/div><div class=\"w-tabs-section-control\"><\/div><\/button><div  class=\"w-tabs-section-content\" id=\"content-cbe6\"><div class=\"w-tabs-section-content-h i-cf\"><div class=\"wpb_text_column\"><div class=\"wpb_wrapper\"><p>A rollernek kett\u0151s f\u00e9krendszere van: m\u00e1gneses f\u00e9k (s\u00farl\u00f3d\u00e1s n\u00e9lk\u00fcl), amely szint\u00e9n aktiv\u00e1lja a KERS technol\u00f3gi\u00e1t, \u00e9s egy h\u00e1ts\u00f3 l\u00e1bf\u00e9k, amely azonnal meg\u00e1ll\u00edtja a rollert, \u00edgy az utaz\u00e1s nagyon sima, biztons\u00e1gos \u00e9s k\u00e9nyelmes.<\/p>\n<\/div><\/div><\/div><\/div><\/div><div class=\"w-tabs-section\" id=\"udf1\"><button class=\"w-tabs-section-header\" aria-controls=\"content-udf1\" aria-expanded=\"false\"><div class=\"w-tabs-section-title\">Hogyan m\u0171k\u00f6dik az E-TWOW vil\u00e1g\u00edt\u00e1si rendszer?<\/div><div class=\"w-tabs-section-control\"><\/div><\/button><div  class=\"w-tabs-section-content\" id=\"content-udf1\"><div class=\"w-tabs-section-content-h i-cf\"><div class=\"wpb_text_column\"><div class=\"wpb_wrapper\"><p>Az E-TWOW roller er\u0151s feh\u00e9r LED-es vil\u00e1g\u00edt\u00e1sb\u00f3l \u00e9s egy \u00e9rz\u00e9kel\u0151b\u0151l \u00e1ll\u00f3 vil\u00e1g\u00edt\u00e1si rendszerrel van felszerelve, amely automatikusan bekapcsolja a f\u00e9nysz\u00f3r\u00f3t, ha a k\u00f6rnyezeti f\u00e9ny el\u00e9gtelen.<\/p>\n<\/div><\/div><\/div><\/div><\/div><div class=\"w-tabs-section\" id=\"r065\"><button class=\"w-tabs-section-header\" aria-controls=\"content-r065\" aria-expanded=\"false\"><div class=\"w-tabs-section-title\">K\u00f6nny\u0171?<\/div><div class=\"w-tabs-section-control\"><\/div><\/button><div  class=\"w-tabs-section-content\" id=\"content-r065\"><div class=\"w-tabs-section-content-h i-cf\"><div class=\"wpb_text_column\"><div class=\"wpb_wrapper\"><p>Csak 10,7 kg t\u00f6meg\u0171, ami a m\u0171szaki jellemz\u0151i k\u00f6z\u00fcl a legk\u00f6nnyebb rollert teszi lehet\u0151v\u00e9.<\/p>\n<\/div><\/div><\/div><\/div><\/div><div class=\"w-tabs-section\" id=\"p28e\"><button class=\"w-tabs-section-header\" aria-controls=\"content-p28e\" aria-expanded=\"false\"><div class=\"w-tabs-section-title\">\u00d6sszecsukhat\u00f3?<\/div><div class=\"w-tabs-section-control\"><\/div><\/button><div  class=\"w-tabs-section-content\" id=\"content-p28e\"><div class=\"w-tabs-section-content-h i-cf\"><div class=\"wpb_text_column\"><div class=\"wpb_wrapper\"><p>Az E-TWOW roller teljesen \u00f6sszecsukhat\u00f3 elektromos (szabadalmaztatott) roller. Az \u00f6sszecsuk\u00e1s h\u00e1rom egyszer\u0171 l\u00e9p\u00e9sben zajlik, \u00e9s csak n\u00e9h\u00e1ny m\u00e1sodpercig tart. \u00c1ll\u00edthat\u00f3 magass\u00e1g\u00fa, a korm\u00e1ny is visszahajthat\u00f3, \u00e9s a f\u0151test is \u00f6sszecsukhat\u00f3. S\u0151t, rendelkezik egy automatikus kibont\u00f3 testtel is. A teljes \u00f6sszecsukhat\u00f3 rendszert eddig m\u00e9g soha nem haszn\u00e1lt\u00e1k ilyen j\u00e1rm\u0171vekn\u00e9l.<\/p>\n<\/div><\/div><\/div><\/div><\/div><div class=\"w-tabs-section\" id=\"w468\"><button class=\"w-tabs-section-header\" aria-controls=\"content-w468\" aria-expanded=\"false\"><div class=\"w-tabs-section-title\">Milyen m\u00e9retei vannak egy E-TWOW rollernek?<\/div><div class=\"w-tabs-section-control\"><\/div><\/button><div  class=\"w-tabs-section-content\" id=\"content-w468\"><div class=\"w-tabs-section-content-h i-cf\"><div class=\"wpb_text_column\"><div class=\"wpb_wrapper\"><p>Kinyitva: 940 x 135 x 1160 mm | \u00d6sstecsukva: 945 x 135 x 300 mm; ami nagyon k\u00f6nny\u0171 hordoz\u00e1s\u00e1t \u00e9s t\u00e1rol\u00e1st tesz lehet\u0151v\u00e9 (p\u00e9ld\u00e1ul irod\u00e1ban, b\u0151r\u00f6ndben vagy \u00f6lt\u00f6z\u0151ben t\u00e1rolhatja), \u00e9s gyakorlatilag nem l\u00e1tszik a l\u00e1badn\u00e1l vagy busz vagy vonat \u00fcl\u00e9sein.<\/p>\n<\/div><\/div><\/div><\/div><\/div><div class=\"w-tabs-section\" id=\"e6a9\"><button class=\"w-tabs-section-header\" aria-controls=\"content-e6a9\" aria-expanded=\"false\"><div class=\"w-tabs-section-title\">Sz\u00fcks\u00e9ge van-e speci\u00e1lis k\u00e9szs\u00e9gekre az E-TWOW roller haszn\u00e1lat\u00e1hoz?<\/div><div class=\"w-tabs-section-control\"><\/div><\/button><div  class=\"w-tabs-section-content\" id=\"content-e6a9\"><div class=\"w-tabs-section-content-h i-cf\"><div class=\"wpb_text_column\"><div class=\"wpb_wrapper\"><div id=\"questions\" class=\"section mcb-section \">\n<div class=\"section_wrapper mcb-section-inner\">\n<div class=\"wrap mcb-wrap one valign-top clearfix\">\n<div class=\"mcb-wrap-inner\">\n<div class=\"column mcb-column one column_faq \">\n<div class=\"faq\">\n<div class=\"mfn-acc faq_wrapper \">\n<div class=\"question active\">\n<div class=\"answer\">Az E-TWOW roller kialak\u00edt\u00e1sa nagyon stabil \u00e9s egyszer\u0171 utaz\u00e1st k\u00edn\u00e1l, m\u00e9g azok sz\u00e1m\u00e1ra is, akik m\u00e9g soha nem haszn\u00e1ltak rollert.<\/div>\n<\/div>\n<\/div>\n<\/div>\n<\/div>\n<\/div>\n<\/div>\n<\/div>\n<\/div>\n<\/div><\/div><\/div><\/div><\/div><\/div><\/div><\/div><\/div><\/div><\/div><\/div><\/section>\n","protected":false},"excerpt":{"rendered":"K\u00e9rd\u00e9sek \u00e9s v\u00e1laszok Gyors v\u00e1laszokat tal\u00e1l az E-TWOW term\u00e9kekkel kapcsolatos b\u00e1rmilyen k\u00e9rd\u00e9sre Mekkora az E-TWOW rollerenergiafogyaszt\u00e1sa?Az E-TWOW roller energiafogyaszt\u00e1sa mind\u00f6ssze 6,15 W \/ km (LED vil\u00e1g\u00edt\u00e1ssal). Mekkora az E-TWOW rollerek maxim\u00e1lis sebess\u00e9ge?Az E-TWOW rollerek ak\u00e1r 40 km \/ h sebess\u00e9get is el\u00e9rhetnek! Sok orsz\u00e1gban vannak olyan jogszab\u00e1lyok, amelyek korl\u00e1tozz\u00e1k a sebess\u00e9get. Az E-TWOW roller k\u00fcl\u00f6nleges...","protected":false},"author":1,"featured_media":0,"parent":0,"menu_order":0,"comment_status":"closed","ping_status":"closed","template":"","meta":{"ngg_post_thumbnail":0,"footnotes":""},"class_list":["post-9372","page","type-page","status-publish","hentry"],"yoast_head":"<!-- This site is optimized with the Yoast SEO Premium plugin v27.2 (Yoast SEO v27.2) - https:\/\/yoast.com\/product\/yoast-seo-premium-wordpress\/ -->\n<title>Gyakori k\u00e9rd\u00e9sek - E-TWOW<\/title>\n<meta name=\"robots\" content=\"index, follow, max-snippet:-1, max-image-preview:large, max-video-preview:-1\" \/>\n<link rel=\"canonical\" href=\"https:\/\/e-twow.com\/faq\/\" \/>\n<meta property=\"og:locale\" content=\"hu_HU\" \/>\n<meta property=\"og:type\" content=\"article\" \/>\n<meta property=\"og:title\" content=\"Gyakori k\u00e9rd\u00e9sek\" \/>\n<meta property=\"og:url\" content=\"https:\/\/e-twow.com\/faq\/\" \/>\n<meta property=\"og:site_name\" content=\"E-TWOW\" \/>\n<meta property=\"article:modified_time\" content=\"2020-04-06T08:19:50+00:00\" \/>\n<meta name=\"twitter:card\" content=\"summary_large_image\" \/>\n<meta name=\"twitter:label1\" content=\"Becs\u00fclt olvas\u00e1si id\u0151\" \/>\n\t<meta name=\"twitter:data1\" content=\"4 perc\" \/>\n<script type=\"application\/ld+json\" class=\"yoast-schema-graph\">{\"@context\":\"https:\/\/schema.org\",\"@graph\":[{\"@type\":\"WebPage\",\"@id\":\"https:\/\/e-twow.com\/faq\/\",\"url\":\"https:\/\/e-twow.com\/faq\/\",\"name\":\"Gyakori k\u00e9rd\u00e9sek - E-TWOW\",\"isPartOf\":{\"@id\":\"https:\/\/e-twow.com\/#website\"},\"datePublished\":\"2018-06-04T06:02:50+00:00\",\"dateModified\":\"2020-04-06T08:19:50+00:00\",\"breadcrumb\":{\"@id\":\"https:\/\/e-twow.com\/faq\/#breadcrumb\"},\"inLanguage\":\"hu\",\"potentialAction\":[{\"@type\":\"ReadAction\",\"target\":[\"https:\/\/e-twow.com\/faq\/\"]}]},{\"@type\":\"BreadcrumbList\",\"@id\":\"https:\/\/e-twow.com\/faq\/#breadcrumb\",\"itemListElement\":[{\"@type\":\"ListItem\",\"position\":1,\"name\":\"Kezd\u0151lap\",\"item\":\"https:\/\/e-twow.com\/\"},{\"@type\":\"ListItem\",\"position\":2,\"name\":\"Gyakori k\u00e9rd\u00e9sek\"}]},{\"@type\":\"WebSite\",\"@id\":\"https:\/\/e-twow.com\/#website\",\"url\":\"https:\/\/e-twow.com\/\",\"name\":\"E-TWOW\",\"description\":\"Portable Scooter\",\"potentialAction\":[{\"@type\":\"SearchAction\",\"target\":{\"@type\":\"EntryPoint\",\"urlTemplate\":\"https:\/\/e-twow.com\/?s={search_term_string}\"},\"query-input\":{\"@type\":\"PropertyValueSpecification\",\"valueRequired\":true,\"valueName\":\"search_term_string\"}}],\"inLanguage\":\"hu\"}]}<\/script>\n<!-- \/ Yoast SEO Premium plugin. -->","yoast_head_json":{"title":"Gyakori k\u00e9rd\u00e9sek - E-TWOW","robots":{"index":"index","follow":"follow","max-snippet":"max-snippet:-1","max-image-preview":"max-image-preview:large","max-video-preview":"max-video-preview:-1"},"canonical":"https:\/\/e-twow.com\/faq\/","og_locale":"hu_HU","og_type":"article","og_title":"Gyakori k\u00e9rd\u00e9sek","og_url":"https:\/\/e-twow.com\/faq\/","og_site_name":"E-TWOW","article_modified_time":"2020-04-06T08:19:50+00:00","twitter_card":"summary_large_image","twitter_misc":{"Becs\u00fclt olvas\u00e1si id\u0151":"4 perc"},"schema":{"@context":"https:\/\/schema.org","@graph":[{"@type":"WebPage","@id":"https:\/\/e-twow.com\/faq\/","url":"https:\/\/e-twow.com\/faq\/","name":"Gyakori k\u00e9rd\u00e9sek - E-TWOW","isPartOf":{"@id":"https:\/\/e-twow.com\/#website"},"datePublished":"2018-06-04T06:02:50+00:00","dateModified":"2020-04-06T08:19:50+00:00","breadcrumb":{"@id":"https:\/\/e-twow.com\/faq\/#breadcrumb"},"inLanguage":"hu","potentialAction":[{"@type":"ReadAction","target":["https:\/\/e-twow.com\/faq\/"]}]},{"@type":"BreadcrumbList","@id":"https:\/\/e-twow.com\/faq\/#breadcrumb","itemListElement":[{"@type":"ListItem","position":1,"name":"Kezd\u0151lap","item":"https:\/\/e-twow.com\/"},{"@type":"ListItem","position":2,"name":"Gyakori k\u00e9rd\u00e9sek"}]},{"@type":"WebSite","@id":"https:\/\/e-twow.com\/#website","url":"https:\/\/e-twow.com\/","name":"E-TWOW","description":"Portable Scooter","potentialAction":[{"@type":"SearchAction","target":{"@type":"EntryPoint","urlTemplate":"https:\/\/e-twow.com\/?s={search_term_string}"},"query-input":{"@type":"PropertyValueSpecification","valueRequired":true,"valueName":"search_term_string"}}],"inLanguage":"hu"}]}},"_links":{"self":[{"href":"https:\/\/e-twow.com\/hu\/wp-json\/wp\/v2\/pages\/9372","targetHints":{"allow":["GET"]}}],"collection":[{"href":"https:\/\/e-twow.com\/hu\/wp-json\/wp\/v2\/pages"}],"about":[{"href":"https:\/\/e-twow.com\/hu\/wp-json\/wp\/v2\/types\/page"}],"author":[{"embeddable":true,"href":"https:\/\/e-twow.com\/hu\/wp-json\/wp\/v2\/users\/1"}],"replies":[{"embeddable":true,"href":"https:\/\/e-twow.com\/hu\/wp-json\/wp\/v2\/comments?post=9372"}],"version-history":[{"count":2,"href":"https:\/\/e-twow.com\/hu\/wp-json\/wp\/v2\/pages\/9372\/revisions"}],"predecessor-version":[{"id":9374,"href":"https:\/\/e-twow.com\/hu\/wp-json\/wp\/v2\/pages\/9372\/revisions\/9374"}],"wp:attachment":[{"href":"https:\/\/e-twow.com\/hu\/wp-json\/wp\/v2\/media?parent=9372"}],"curies":[{"name":"wp","href":"https:\/\/api.w.org\/{rel}","templated":true}]}}