{"id":9248,"date":"2018-06-04T10:09:28","date_gmt":"2018-06-04T10:09:28","guid":{"rendered":"https:\/\/e-twow.com\/cookies\/"},"modified":"2020-04-07T06:55:54","modified_gmt":"2020-04-07T06:55:54","slug":"a-sutik-hasznalatanak-politikaja","status":"publish","type":"page","link":"https:\/\/e-twow.com\/hu\/a-sutik-hasznalatanak-politikaja\/","title":{"rendered":"A s\u00fctik haszn\u00e1lat\u00e1nak politik\u00e1ja"},"content":{"rendered":"<section class=\"l-section wpb_row height_small\"><div class=\"l-section-h i-cf\"><div class=\"g-cols vc_row via_flex valign_top type_default stacking_default\"><div class=\"vc_col-sm-12 wpb_column vc_column_container\"><div class=\"vc_column-inner\"><div class=\"wpb_wrapper\"><div class=\"wpb_text_column\"><div class=\"wpb_wrapper\"><h3>A s\u00fctik haszn\u00e1lat\u00e1nak politik\u00e1ja<\/h3>\n<p>Mik a s\u00fctik?<\/p>\n<p>Mint szinte az \u00f6sszes professzion\u00e1lis weboldalon szok\u00e1s, ez a weboldal s\u00fctiket haszn\u00e1l, amelyek apr\u00f3 f\u00e1jlok, amelyeket a sz\u00e1m\u00edt\u00f3g\u00e9p\u00e9re t\u00f6lt\u00f6ttek be, hogy jav\u00edts\u00e1k az \u00d6n \u00e9lm\u00e9ny\u00e9t. Ez az oldal le\u00edrja, milyen inform\u00e1ci\u00f3kat gy\u0171jt\u00fcnk, hogyan haszn\u00e1ljuk fel, \u00e9s mi\u00e9rt kell ezeket a s\u00fctiket id\u0151nk\u00e9nt t\u00e1rolni. Azt is meg fogjuk osztani, hogy mik\u00e9nt akad\u00e1lyozhatja meg a s\u00fctik t\u00e1rol\u00e1s\u00e1t, de ez cs\u00f6kkentheti vagy megszak\u00edthatja a webhelyek funkcionalit\u00e1s\u00e1t.<\/p>\n<p>A s\u00fctikkel kapcsolatos \u00e1ltal\u00e1nos inform\u00e1ci\u00f3k\u00e9rt olvassa el a HTTP s\u00fctikr\u0151l sz\u00f3l\u00f3 Wikipedia cikket.<\/p>\n<p>Hogyan haszn\u00e1ljuk a s\u00fctiket?<\/p>\n<p>Az al\u00e1bb r\u00e9szletezett okok miatt s\u00fctiket haszn\u00e1lunk. Sajnos a legt\u00f6bb esetben nincsenek ipari szabv\u00e1nyok a s\u00fctik letilt\u00e1s\u00e1hoz an\u00e9lk\u00fcl, hogy a webhelyhez hozz\u00e1adott funkci\u00f3kat \u00e9s m\u0171k\u00f6d\u0151k\u00e9pess\u00e9g\u00fcket teljesen kikapcsoln\u00e1k. Javasoljuk, hogy hagyja akt\u00edvv\u00e1 a s\u00fctik haszn\u00e1lat\u00e1t, ha nem biztos abban, hogy sz\u00fcks\u00e9ge van r\u00e1juk, vagy sem, ha az \u00d6n\u00f6k \u00e1ltal haszn\u00e1lt szolg\u00e1ltat\u00e1s ny\u00fajt\u00e1s\u00e1ra haszn\u00e1lj\u00e1k \u0151ket.<\/p>\n<p><strong>A s\u00fctik letilt\u00e1sa<\/strong><\/p>\n<p>A s\u00fctik be\u00e1ll\u00edt\u00e1s\u00e1t megakad\u00e1lyozhatja a b\u00f6ng\u00e9sz\u0151 be\u00e1ll\u00edt\u00e1sainak m\u00f3dos\u00edt\u00e1s\u00e1val (err\u0151l l\u00e1sd a B\u00f6ng\u00e9sz\u0151 s\u00fag\u00f3j\u00e1t). Felh\u00edvjuk figyelm\u00e9t, hogy a s\u00fctik letilt\u00e1sa befoly\u00e1solja ennek a webhelynek \u00e9s sok m\u00e1s webhelynek a funkcionalit\u00e1s\u00e1t. A s\u00fctik letilt\u00e1sa \u00e1ltal\u00e1ban a webhely bizonyos funkci\u00f3inak \u00e9s funkci\u00f3inak letilt\u00e1s\u00e1t eredm\u00e9nyezi. Ez\u00e9rt javasoljuk, hogy ne tiltsa le a s\u00fctiket.<\/p>\n<p>A s\u00fctik, amelyeket haszn\u00e1lunk<\/p>\n<ul>\n<li>E-mail h\u00edrlev\u00e9l s\u00fctik &#8211; Ez a weboldal h\u00edrlevelet vagy e-mail el\u0151fizet\u00e9si szolg\u00e1ltat\u00e1sokat k\u00edn\u00e1l, \u00e9s a s\u00fctik felhaszn\u00e1lhat\u00f3k arra, hogy eml\u00e9keztess\u00e9k \u00d6nt, ha m\u00e1r regisztr\u00e1lt, \u00e9s ha olyan \u00e9rtes\u00edt\u00e9seket szeretne megjelen\u00edteni, amelyek csak az el\u0151fizet\u0151 \/ nem el\u0151fizet\u0151 felhaszn\u00e1l\u00f3k sz\u00e1m\u00e1ra \u00e9rv\u00e9nyesek.<\/li>\n<li>\u0170rlaphoz kapcsol\u00f3d\u00f3 s\u00fctik &#8211; Amikor adatokat k\u00fcld egy \u0171rlapon kereszt\u00fcl, p\u00e9ld\u00e1ul a kapcsolattart\u00f3 oldalakon vagy a megjegyz\u00e9s \u0171rlapokon kereszt\u00fcl, a s\u00fctik be\u00e1ll\u00edthat\u00f3k \u00fagy, hogy eml\u00e9kezzenek a felhaszn\u00e1l\u00f3 adataira a j\u00f6v\u0151beli levelez\u00e9sekhez.<\/li>\n<li>Webhely-preferencia-s\u00fctik &#8211; Annak \u00e9rdek\u00e9ben, hogy nagyszer\u0171 \u00e9lm\u00e9nyt ny\u00fajthassunk ezen a webhelyen, lehet\u0151s\u00e9get adunk \u00d6nnek arra, hogy be\u00e1ll\u00edtsa preferenci\u00e1it a webhely m\u0171k\u00f6d\u00e9s\u00e9re, amikor haszn\u00e1lja. Annak \u00e9rdek\u00e9ben, hogy eml\u00e9kezzen az \u00d6n preferenci\u00e1ira, be kell \u00e1ll\u00edtanunk a s\u00fctiket, hogy ezeket az inform\u00e1ci\u00f3kat b\u00e1rmikor lek\u00e9rhess\u00fck, amikor egy olyan oldalra l\u00e9p\u00fcnk, amelyet a preferenci\u00e1k befoly\u00e1solj\u00e1k.<\/li>\n<\/ul>\n<p><strong>Harmadik f\u00e9l s\u00fctik<\/strong><\/p>\n<p>Bizonyos k\u00fcl\u00f6nleges esetekben a megb\u00edzhat\u00f3 harmadik felek \u00e1ltal biztos\u00edtott s\u00fctiket is haszn\u00e1ljuk. A k\u00f6vetkez\u0151 szakasz r\u00e9szleteket tartalmaz harmadik felek cookie-jair\u00f3l, amelyekkel ezen a webhelyen tal\u00e1lkozhat.<\/p>\n<ul>\n<li>Ez a webhely a Google Analytics szolg\u00e1ltat\u00e1st haszn\u00e1lja, amely az egyik legelterjedtebb \u00e9s legmegb\u00edzhat\u00f3bb webanalitikai megold\u00e1s, hogy seg\u00edtsen nek\u00fcnk meg\u00e9rteni, hogyan haszn\u00e1lja a webhelyet, \u00e9s hogyan jav\u00edthatjuk az \u00d6n tapasztalatait. Ezek a s\u00fctik nyomon k\u00f6vethetik p\u00e9ld\u00e1ul a webhelyen t\u00f6lt\u00f6tt id\u0151t \u00e9s a megl\u00e1togatott oldalakat, \u00edgy folytathatjuk a vonz\u00f3 tartalom el\u0151\u00e1ll\u00edt\u00e1s\u00e1t.<\/li>\n<\/ul>\n<p>A Google Analytics s\u00fctikkel kapcsolatos tov\u00e1bbi inform\u00e1ci\u00f3k\u00e9rt tekintse meg a hivatalos Google Analytics oldalt.<\/p>\n<ul>\n<li>Ezen a weboldalon olyan szoci\u00e1lis m\u00e9dia gombokat \u00e9s \/ vagy b\u0151v\u00edtm\u00e9nyeket is haszn\u00e1lunk, amelyek lehet\u0151v\u00e9 teszik, hogy k\u00fcl\u00f6nb\u00f6z\u0151 m\u00f3don csatlakozzon a k\u00f6z\u00f6ss\u00e9gi h\u00e1l\u00f3zathoz. Ahhoz, hogy m\u0171k\u00f6djenek a k\u00f6vetkez\u0151 k\u00f6z\u00f6ss\u00e9gi m\u00e9dia oldalak, ide\u00e9rtve: A {Facebook, Instagram} weboldalunkon kereszt\u00fcl s\u00fctiket \u00e1ll\u00edt fel, amelyek felhaszn\u00e1lhat\u00f3k az \u00d6n profilj\u00e1nak jav\u00edt\u00e1s\u00e1ra a saj\u00e1t webhely\u00e9n, vagy hozz\u00e1j\u00e1rulhatnak az adatv\u00e9delemben meghat\u00e1rozott c\u00e9lokra felhaszn\u00e1lt adatokhoz, politik\u00e1hoz.<\/li>\n<\/ul>\n<p><strong>More Information<\/strong><\/p>\n<p><strong>Tov\u00e1bbi inform\u00e1ci\u00f3<\/strong><\/p>\n<p>Rem\u00e9lj\u00fck, hogy ez tiszt\u00e1zta a dolgokat az \u00d6n sz\u00e1m\u00e1ra, \u00e9s amint fentebb eml\u00edtettem, ha van valami, amelyben nem biztos, hogy sz\u00fcks\u00e9ge van-e vagy sem, \u00e1ltal\u00e1ban biztons\u00e1gosabb hagyni a s\u00fctik enged\u00e9lyez\u00e9s\u00e9t, ha ezek a funkci\u00f3k valamelyik\u00e9vel k\u00f6lcs\u00f6nhat\u00e1sba l\u00e9pnek, amelyet \u00d6n webhely\u00fcnk\u00f6n haszn\u00e1l. Ezt a cookie-politik\u00e1t a CookiePolicyGenerator.com gener\u00e1tor haszn\u00e1lat\u00e1val hozt\u00e1k l\u00e9tre<\/p>\n<p>Ha azonban tov\u00e1bbi inform\u00e1ci\u00f3ra van sz\u00fcks\u00e9ge, felveheti vel\u00fcnk a kapcsolatot egyik kedvenc kapcsolatfelv\u00e9teli m\u00f3dszer\u00fcnk seg\u00edts\u00e9g\u00e9vel:<\/p>\n<ul>\n<li>E-mail: marketing@e-twow.ro<\/li>\n<\/ul>\n<\/div><\/div><\/div><\/div><\/div><\/div><\/div><\/section>\n","protected":false},"excerpt":{"rendered":"A s\u00fctik haszn\u00e1lat\u00e1nak politik\u00e1ja Mik a s\u00fctik? Mint szinte az \u00f6sszes professzion\u00e1lis weboldalon szok\u00e1s, ez a weboldal s\u00fctiket haszn\u00e1l, amelyek apr\u00f3 f\u00e1jlok, amelyeket a sz\u00e1m\u00edt\u00f3g\u00e9p\u00e9re t\u00f6lt\u00f6ttek be, hogy jav\u00edts\u00e1k az \u00d6n \u00e9lm\u00e9ny\u00e9t. Ez az oldal le\u00edrja, milyen inform\u00e1ci\u00f3kat gy\u0171jt\u00fcnk, hogyan haszn\u00e1ljuk fel, \u00e9s mi\u00e9rt kell ezeket a s\u00fctiket id\u0151nk\u00e9nt t\u00e1rolni. Azt is meg fogjuk osztani,...","protected":false},"author":1,"featured_media":0,"parent":0,"menu_order":0,"comment_status":"closed","ping_status":"closed","template":"","meta":{"ngg_post_thumbnail":0,"footnotes":""},"class_list":["post-9248","page","type-page","status-publish","hentry"],"yoast_head":"<!-- This site is optimized with the Yoast SEO Premium plugin v27.4 (Yoast SEO v27.4) - https:\/\/yoast.com\/product\/yoast-seo-premium-wordpress\/ -->\n<title>A s\u00fctik haszn\u00e1lat\u00e1nak politik\u00e1ja - E-TWOW<\/title>\n<meta name=\"robots\" content=\"index, follow, max-snippet:-1, max-image-preview:large, max-video-preview:-1\" \/>\n<link rel=\"canonical\" href=\"https:\/\/e-twow.com\/cookies\/\" \/>\n<meta property=\"og:locale\" content=\"hu_HU\" \/>\n<meta property=\"og:type\" content=\"article\" \/>\n<meta property=\"og:title\" content=\"A s\u00fctik haszn\u00e1lat\u00e1nak politik\u00e1ja\" \/>\n<meta property=\"og:url\" content=\"https:\/\/e-twow.com\/cookies\/\" \/>\n<meta property=\"og:site_name\" content=\"E-TWOW\" \/>\n<meta property=\"article:modified_time\" content=\"2020-04-07T06:55:54+00:00\" \/>\n<meta name=\"twitter:card\" content=\"summary_large_image\" \/>\n<meta name=\"twitter:label1\" content=\"Becs\u00fclt olvas\u00e1si id\u0151\" \/>\n\t<meta name=\"twitter:data1\" content=\"4 perc\" \/>\n<script type=\"application\/ld+json\" class=\"yoast-schema-graph\">{\"@context\":\"https:\\\/\\\/schema.org\",\"@graph\":[{\"@type\":\"WebPage\",\"@id\":\"https:\\\/\\\/e-twow.com\\\/cookies\\\/\",\"url\":\"https:\\\/\\\/e-twow.com\\\/cookies\\\/\",\"name\":\"A s\u00fctik haszn\u00e1lat\u00e1nak politik\u00e1ja - E-TWOW\",\"isPartOf\":{\"@id\":\"https:\\\/\\\/e-twow.com\\\/#website\"},\"datePublished\":\"2018-06-04T10:09:28+00:00\",\"dateModified\":\"2020-04-07T06:55:54+00:00\",\"breadcrumb\":{\"@id\":\"https:\\\/\\\/e-twow.com\\\/cookies\\\/#breadcrumb\"},\"inLanguage\":\"hu\",\"potentialAction\":[{\"@type\":\"ReadAction\",\"target\":[\"https:\\\/\\\/e-twow.com\\\/cookies\\\/\"]}]},{\"@type\":\"BreadcrumbList\",\"@id\":\"https:\\\/\\\/e-twow.com\\\/cookies\\\/#breadcrumb\",\"itemListElement\":[{\"@type\":\"ListItem\",\"position\":1,\"name\":\"Kezd\u0151lap\",\"item\":\"https:\\\/\\\/e-twow.com\\\/\"},{\"@type\":\"ListItem\",\"position\":2,\"name\":\"A s\u00fctik haszn\u00e1lat\u00e1nak politik\u00e1ja\"}]},{\"@type\":\"WebSite\",\"@id\":\"https:\\\/\\\/e-twow.com\\\/#website\",\"url\":\"https:\\\/\\\/e-twow.com\\\/\",\"name\":\"E-TWOW\",\"description\":\"Portable Scooter\",\"potentialAction\":[{\"@type\":\"SearchAction\",\"target\":{\"@type\":\"EntryPoint\",\"urlTemplate\":\"https:\\\/\\\/e-twow.com\\\/?s={search_term_string}\"},\"query-input\":{\"@type\":\"PropertyValueSpecification\",\"valueRequired\":true,\"valueName\":\"search_term_string\"}}],\"inLanguage\":\"hu\"}]}<\/script>\n<!-- \/ Yoast SEO Premium plugin. -->","yoast_head_json":{"title":"A s\u00fctik haszn\u00e1lat\u00e1nak politik\u00e1ja - E-TWOW","robots":{"index":"index","follow":"follow","max-snippet":"max-snippet:-1","max-image-preview":"max-image-preview:large","max-video-preview":"max-video-preview:-1"},"canonical":"https:\/\/e-twow.com\/cookies\/","og_locale":"hu_HU","og_type":"article","og_title":"A s\u00fctik haszn\u00e1lat\u00e1nak politik\u00e1ja","og_url":"https:\/\/e-twow.com\/cookies\/","og_site_name":"E-TWOW","article_modified_time":"2020-04-07T06:55:54+00:00","twitter_card":"summary_large_image","twitter_misc":{"Becs\u00fclt olvas\u00e1si id\u0151":"4 perc"},"schema":{"@context":"https:\/\/schema.org","@graph":[{"@type":"WebPage","@id":"https:\/\/e-twow.com\/cookies\/","url":"https:\/\/e-twow.com\/cookies\/","name":"A s\u00fctik haszn\u00e1lat\u00e1nak politik\u00e1ja - E-TWOW","isPartOf":{"@id":"https:\/\/e-twow.com\/#website"},"datePublished":"2018-06-04T10:09:28+00:00","dateModified":"2020-04-07T06:55:54+00:00","breadcrumb":{"@id":"https:\/\/e-twow.com\/cookies\/#breadcrumb"},"inLanguage":"hu","potentialAction":[{"@type":"ReadAction","target":["https:\/\/e-twow.com\/cookies\/"]}]},{"@type":"BreadcrumbList","@id":"https:\/\/e-twow.com\/cookies\/#breadcrumb","itemListElement":[{"@type":"ListItem","position":1,"name":"Kezd\u0151lap","item":"https:\/\/e-twow.com\/"},{"@type":"ListItem","position":2,"name":"A s\u00fctik haszn\u00e1lat\u00e1nak politik\u00e1ja"}]},{"@type":"WebSite","@id":"https:\/\/e-twow.com\/#website","url":"https:\/\/e-twow.com\/","name":"E-TWOW","description":"Portable Scooter","potentialAction":[{"@type":"SearchAction","target":{"@type":"EntryPoint","urlTemplate":"https:\/\/e-twow.com\/?s={search_term_string}"},"query-input":{"@type":"PropertyValueSpecification","valueRequired":true,"valueName":"search_term_string"}}],"inLanguage":"hu"}]}},"_links":{"self":[{"href":"https:\/\/e-twow.com\/hu\/wp-json\/wp\/v2\/pages\/9248","targetHints":{"allow":["GET"]}}],"collection":[{"href":"https:\/\/e-twow.com\/hu\/wp-json\/wp\/v2\/pages"}],"about":[{"href":"https:\/\/e-twow.com\/hu\/wp-json\/wp\/v2\/types\/page"}],"author":[{"embeddable":true,"href":"https:\/\/e-twow.com\/hu\/wp-json\/wp\/v2\/users\/1"}],"replies":[{"embeddable":true,"href":"https:\/\/e-twow.com\/hu\/wp-json\/wp\/v2\/comments?post=9248"}],"version-history":[{"count":2,"href":"https:\/\/e-twow.com\/hu\/wp-json\/wp\/v2\/pages\/9248\/revisions"}],"predecessor-version":[{"id":9425,"href":"https:\/\/e-twow.com\/hu\/wp-json\/wp\/v2\/pages\/9248\/revisions\/9425"}],"wp:attachment":[{"href":"https:\/\/e-twow.com\/hu\/wp-json\/wp\/v2\/media?parent=9248"}],"curies":[{"name":"wp","href":"https:\/\/api.w.org\/{rel}","templated":true}]}}