{"id":9220,"date":"2018-01-31T14:36:41","date_gmt":"2018-01-31T14:36:41","guid":{"rendered":"https:\/\/e-twow.com\/awards\/"},"modified":"2020-04-07T07:10:02","modified_gmt":"2020-04-07T07:10:02","slug":"dijak-es-eredmenyek","status":"publish","type":"page","link":"https:\/\/e-twow.com\/hu\/dijak-es-eredmenyek\/","title":{"rendered":"D\u00edjak \u00e9s eredm\u00e9nyek"},"content":{"rendered":"<section class=\"l-section wpb_row height_small\"><div class=\"l-section-h i-cf\"><div class=\"g-cols vc_row via_flex valign_top type_default stacking_default\"><div class=\"vc_col-sm-12 wpb_column vc_column_container\"><div class=\"vc_column-inner\"><div class=\"wpb_wrapper\"><div class=\"w-image align_center\"><div class=\"w-image-h\"><img decoding=\"async\" width=\"768\" height=\"582\" data-src=\"https:\/\/e-twow.com\/wp-content\/uploads\/2019\/01\/awards-768x582.jpg\" class=\"attachment-us_768_0 size-us_768_0 lazyload\" alt=\"\" data-srcset=\"https:\/\/e-twow.com\/wp-content\/uploads\/2019\/01\/awards-768x582.jpg 768w, https:\/\/e-twow.com\/wp-content\/uploads\/2019\/01\/awards-300x227.jpg 300w, https:\/\/e-twow.com\/wp-content\/uploads\/2019\/01\/awards.jpg 1000w\" data-sizes=\"auto, (max-width: 768px) 100vw, 768px\" src=\"data:image\/svg+xml;base64,PHN2ZyB3aWR0aD0iMSIgaGVpZ2h0PSIxIiB4bWxucz0iaHR0cDovL3d3dy53My5vcmcvMjAwMC9zdmciPjwvc3ZnPg==\" style=\"--smush-placeholder-width: 768px; --smush-placeholder-aspect-ratio: 768\/582;\" \/><\/div><\/div><\/div><\/div><\/div><\/div><\/div><\/section><section class=\"l-section wpb_row height_small\"><div class=\"l-section-h i-cf\"><div class=\"g-cols vc_row via_flex valign_top type_default stacking_default\"><div class=\"vc_col-sm-12 wpb_column vc_column_container\"><div class=\"vc_column-inner\"><div class=\"wpb_wrapper\"><div class=\"wpb_text_column\"><div class=\"wpb_wrapper\"><p><strong>D\u00edjak \u00e9s eredm\u00e9nyek<\/strong><\/p>\n<p>Az innov\u00e1ci\u00f3 az egyik f\u0151 \u00e9rt\u00e9k, amelyre az E-TWOW m\u00e1rka \u00e9p\u00fclt. C\u00e9lunk soha nem volt egy statikus \u00e9s t\u00f6k\u00e9letes term\u00e9k l\u00e9trehoz\u00e1sa, hanem a term\u00e9kek folyamatos fejleszt\u00e9se \u00e9s innov\u00e1ci\u00f3ja. Az innov\u00e1ci\u00f3s v\u00e1gy arra k\u00e9sztetett benn\u00fcnket, hogy a legmodernebb technol\u00f3gi\u00e1kat integr\u00e1ljuk rolleireinkbe, ami el\u0151seg\u00edtette sz\u00e1munkra a nyilv\u00e1ntart\u00e1sok r\u00f6gz\u00edt\u00e9s\u00e9t \u00e9s el\u0151k\u00e9sz\u00edtette az utat a v\u00e1rosi mobilit\u00e1s \u00faj korszaka fel\u00e9. \u00cdme n\u00e9h\u00e1ny a sok eredm\u00e9nyr\u0151l, amelyeket az \u00e9vek sor\u00e1n el\u00e9rt\u00fcnk.<\/p>\n<ul>\n<li>Mi voltunk az els\u0151 c\u00e9g a vil\u00e1gon, amely els\u0151 kereket haszn\u00e1lt egy elektromos rollerhez.<\/li>\n<li>Els\u0151k\u00e9nt haszn\u00e1ltuk a vil\u00e1gon a kinetikus energia visszanyer\u0151 rendszert \u00e9s az elektromos rollerek elktrom\u00e1gneses f\u00e9kj\u00e9t. A rollereink feltal\u00e1l\u00e1sa el\u0151tt a KERS technol\u00f3gi\u00e1t csak a Formula 1 j\u00e1rm\u0171vekn\u00e9l haszn\u00e1lt\u00e1k.<\/li>\n<li>Els\u0151k\u00e9nt alkalmaztunk egy olyan egyedi kommunik\u00e1ci\u00f3s blokkot, amely egyes\u00edti a gyorsul\u00e1st \u00e9s a f\u00e9kez\u00e9st, mik\u00f6zben olyan \u00e9rt\u00e9kes inform\u00e1ci\u00f3kat jelen\u00edt meg, mint a k\u00f6rnyezeti h\u0151m\u00e9rs\u00e9klet, az akkumul\u00e1tor sz\u00e1zal\u00e9ka, az \u00e9rz\u00e9kel\u0151 l\u00e1mp\u00e1i \u00e9s \u00edgy tov\u00e1bb.<\/li>\n<li>A t\u00f6meggy\u00e1rt\u00e1s\u00fa elektromos j\u00e1rm\u0171vek 75 kg-os teherb\u00edr\u00e1s\u00fa j\u00e1rm\u0171vek legalacsonyabb fogyaszt\u00e1s\u00e1nak rekordj\u00e1t tartjuk &#8211; csak 6,15 W \/ h<\/li>\n<li>2013-ban gy\u00e1rtottuk a legk\u00f6nnyebb t\u00f6meggy\u00e1rtott elektromos rollert (csak 9,8 kg)<\/li>\n<li>T\u00f6bb mint 50 szabadalommal \u00e9s tal\u00e1lm\u00e1nyunkkal rendelkez\u00fcnk az E-TWOW elektromos rollerrel kapcsolatban.<\/li>\n<\/ul>\n<p>K\u00ednai gy\u00e1runk elektromos rollerek gy\u00e1rt\u00e1s\u00e1val foglalkozik, a leg\u00fajabb berendez\u00e9sek \u00e9s technol\u00f3gi\u00e1k felhaszn\u00e1l\u00e1s\u00e1val. Rom\u00e1ni\u00e1ban van egy \u00fczleti k\u00f6zpontunk is, amely a Logisztikai, Szolg\u00e1ltat\u00e1si \u00e9s \u00c9rt\u00e9kes\u00edt\u00e9si Eur\u00f3pai K\u00f6zpontot k\u00e9pviseli.<\/p>\n<p>Miut\u00e1n megszerezt\u00fck a vezet\u0151 poz\u00edci\u00f3t az elektromos roller iparban, elkezdt\u00fck a leghat\u00e9konyabb roller k\u00f6lcs\u00f6nz\u0151 rendszer fejleszt\u00e9s\u00e9t. K\u00e9t kutat\u00e1si \u00e9s fejleszt\u00e9si k\u00f6zpontunk van (egy K\u00edn\u00e1ban \u00e9s egy Eur\u00f3p\u00e1ban), amelyek szoftvereket \u00e9s hardvereket fejlesztenek a rollerek k\u00f6lcs\u00f6nz\u00e9si rendszer\u00e9hez. A legfejlettebb technol\u00f3gi\u00e1k felhaszn\u00e1l\u00e1s\u00e1val intelligens akkumul\u00e1torokat fejleszt\u00fcnk vezet\u00e9k n\u00e9lk\u00fcli t\u00f6lt\u00e9si k\u00e9pess\u00e9ggel, IOT \u00e9s GPS alkalmaz\u00e1sokkal, valamint Android \u00e9s iOS alkalmaz\u00e1sokkal.<\/p>\n<p>Az Eur\u00f3pai Kutat\u00e1si \u00e9s Fejleszt\u00e9si K\u00f6zpont feladata az elektromos t\u00f6lt\u0151\u00e1llom\u00e1sok fejleszt\u00e9se&nbsp; mag\u00e1n- \u00e9s \u00e1llami haszn\u00e1latra.<\/p>\n<\/div><\/div><div class=\"w-grid us_grid type_masonry layout_gallery_default cols_4 preload_style_spinner with_isotope\" id=\"us_grid_1\" style=\"--columns:4;\" data-filterable=\"true\"><style>@media (max-width:479px){#us_grid_1{--columns:2!important}}.layout_gallery_default .w-grid-item-h{}<\/style><div class=\"w-grid-list\">\t<article class=\"w-grid-item size_1x1 post-9234 attachment type-attachment status-inherit hentry\" data-id=\"9234\">\r\n\t\t<div class=\"w-grid-item-h\">\r\n\t\t\t\t\t\t\t<a ref=\"magnificPopupGrid\" href=\"https:\/\/e-twow.com\/wp-content\/uploads\/2019\/01\/awards.jpg\" class=\"w-grid-item-anchor\" aria-label=\"Geneva\"><\/a>\r\n\t\t\t\t\t\t<div class=\"w-post-elm post_image usg_post_image_1 stretched\"><img decoding=\"async\" width=\"350\" height=\"350\" data-src=\"https:\/\/e-twow.com\/wp-content\/uploads\/2019\/01\/awards-350x350.jpg\" class=\"attachment-us_350_350_crop size-us_350_350_crop lazyload\" alt=\"\" data-srcset=\"https:\/\/e-twow.com\/wp-content\/uploads\/2019\/01\/awards-350x350.jpg 350w, https:\/\/e-twow.com\/wp-content\/uploads\/2019\/01\/awards-150x150.jpg 150w, https:\/\/e-twow.com\/wp-content\/uploads\/2019\/01\/awards-600x600.jpg 600w\" data-sizes=\"(max-width: 350px) 100vw, 350px\" src=\"data:image\/svg+xml;base64,PHN2ZyB3aWR0aD0iMSIgaGVpZ2h0PSIxIiB4bWxucz0iaHR0cDovL3d3dy53My5vcmcvMjAwMC9zdmciPjwvc3ZnPg==\" style=\"--smush-placeholder-width: 350px; --smush-placeholder-aspect-ratio: 350\/350;\" \/><\/div>\t\t<\/div>\r\n\t\t\t<\/article>\r\n\t<article class=\"w-grid-item size_1x1 post-9221 attachment type-attachment status-inherit hentry\" data-id=\"9221\">\r\n\t\t<div class=\"w-grid-item-h\">\r\n\t\t\t\t\t\t\t<a ref=\"magnificPopupGrid\" href=\"https:\/\/e-twow.com\/wp-content\/uploads\/2018\/01\/1.jpg\" class=\"w-grid-item-anchor\" aria-label=\"1\"><\/a>\r\n\t\t\t\t\t\t<div class=\"w-post-elm post_image usg_post_image_1 stretched\"><img decoding=\"async\" width=\"350\" height=\"350\" data-src=\"https:\/\/e-twow.com\/wp-content\/uploads\/2018\/01\/1-350x350.jpg\" class=\"attachment-us_350_350_crop size-us_350_350_crop lazyload\" alt=\"\" data-srcset=\"https:\/\/e-twow.com\/wp-content\/uploads\/2018\/01\/1-350x350.jpg 350w, https:\/\/e-twow.com\/wp-content\/uploads\/2018\/01\/1-150x150.jpg 150w, https:\/\/e-twow.com\/wp-content\/uploads\/2018\/01\/1-600x600.jpg 600w, https:\/\/e-twow.com\/wp-content\/uploads\/2018\/01\/1-300x300.jpg 300w\" data-sizes=\"(max-width: 350px) 100vw, 350px\" src=\"data:image\/svg+xml;base64,PHN2ZyB3aWR0aD0iMSIgaGVpZ2h0PSIxIiB4bWxucz0iaHR0cDovL3d3dy53My5vcmcvMjAwMC9zdmciPjwvc3ZnPg==\" style=\"--smush-placeholder-width: 350px; --smush-placeholder-aspect-ratio: 350\/350;\" \/><\/div>\t\t<\/div>\r\n\t\t\t<\/article>\r\n\t<article class=\"w-grid-item size_1x1 post-9224 attachment type-attachment status-inherit hentry\" data-id=\"9224\">\r\n\t\t<div class=\"w-grid-item-h\">\r\n\t\t\t\t\t\t\t<a ref=\"magnificPopupGrid\" href=\"https:\/\/e-twow.com\/wp-content\/uploads\/2018\/01\/8.jpg\" class=\"w-grid-item-anchor\" aria-label=\"8\"><\/a>\r\n\t\t\t\t\t\t<div class=\"w-post-elm post_image usg_post_image_1 stretched\"><img decoding=\"async\" width=\"350\" height=\"350\" data-src=\"https:\/\/e-twow.com\/wp-content\/uploads\/2018\/01\/8-350x350.jpg\" class=\"attachment-us_350_350_crop size-us_350_350_crop lazyload\" alt=\"\" data-srcset=\"https:\/\/e-twow.com\/wp-content\/uploads\/2018\/01\/8-350x350.jpg 350w, https:\/\/e-twow.com\/wp-content\/uploads\/2018\/01\/8-150x150.jpg 150w, https:\/\/e-twow.com\/wp-content\/uploads\/2018\/01\/8-600x600.jpg 600w, https:\/\/e-twow.com\/wp-content\/uploads\/2018\/01\/8-300x300.jpg 300w\" data-sizes=\"(max-width: 350px) 100vw, 350px\" src=\"data:image\/svg+xml;base64,PHN2ZyB3aWR0aD0iMSIgaGVpZ2h0PSIxIiB4bWxucz0iaHR0cDovL3d3dy53My5vcmcvMjAwMC9zdmciPjwvc3ZnPg==\" style=\"--smush-placeholder-width: 350px; --smush-placeholder-aspect-ratio: 350\/350;\" \/><\/div>\t\t<\/div>\r\n\t\t\t<\/article>\r\n\t<article class=\"w-grid-item size_1x1 post-9225 attachment type-attachment status-inherit hentry\" data-id=\"9225\">\r\n\t\t<div class=\"w-grid-item-h\">\r\n\t\t\t\t\t\t\t<a ref=\"magnificPopupGrid\" href=\"https:\/\/e-twow.com\/wp-content\/uploads\/2018\/01\/10.jpg\" class=\"w-grid-item-anchor\" aria-label=\"10\"><\/a>\r\n\t\t\t\t\t\t<div class=\"w-post-elm post_image usg_post_image_1 stretched\"><img decoding=\"async\" width=\"350\" height=\"350\" data-src=\"https:\/\/e-twow.com\/wp-content\/uploads\/2018\/01\/10-350x350.jpg\" class=\"attachment-us_350_350_crop size-us_350_350_crop lazyload\" alt=\"\" data-srcset=\"https:\/\/e-twow.com\/wp-content\/uploads\/2018\/01\/10-350x350.jpg 350w, https:\/\/e-twow.com\/wp-content\/uploads\/2018\/01\/10-150x150.jpg 150w, https:\/\/e-twow.com\/wp-content\/uploads\/2018\/01\/10-600x600.jpg 600w, https:\/\/e-twow.com\/wp-content\/uploads\/2018\/01\/10-300x300.jpg 300w\" data-sizes=\"(max-width: 350px) 100vw, 350px\" src=\"data:image\/svg+xml;base64,PHN2ZyB3aWR0aD0iMSIgaGVpZ2h0PSIxIiB4bWxucz0iaHR0cDovL3d3dy53My5vcmcvMjAwMC9zdmciPjwvc3ZnPg==\" style=\"--smush-placeholder-width: 350px; --smush-placeholder-aspect-ratio: 350\/350;\" \/><\/div>\t\t<\/div>\r\n\t\t\t<\/article>\r\n\t<article class=\"w-grid-item size_1x1 post-9226 attachment type-attachment status-inherit hentry\" data-id=\"9226\">\r\n\t\t<div class=\"w-grid-item-h\">\r\n\t\t\t\t\t\t\t<a ref=\"magnificPopupGrid\" href=\"https:\/\/e-twow.com\/wp-content\/uploads\/2018\/01\/awards-3.jpg\" class=\"w-grid-item-anchor\" aria-label=\"awards-3\"><\/a>\r\n\t\t\t\t\t\t<div class=\"w-post-elm post_image usg_post_image_1 stretched\"><img decoding=\"async\" width=\"319\" height=\"350\" data-src=\"https:\/\/e-twow.com\/wp-content\/uploads\/2018\/01\/awards-3-319x350.jpg\" class=\"attachment-us_350_350_crop size-us_350_350_crop lazyload\" alt=\"\" src=\"data:image\/svg+xml;base64,PHN2ZyB3aWR0aD0iMSIgaGVpZ2h0PSIxIiB4bWxucz0iaHR0cDovL3d3dy53My5vcmcvMjAwMC9zdmciPjwvc3ZnPg==\" style=\"--smush-placeholder-width: 319px; --smush-placeholder-aspect-ratio: 319\/350;\" \/><\/div>\t\t<\/div>\r\n\t\t\t<\/article>\r\n\t<article class=\"w-grid-item size_1x1 post-9228 attachment type-attachment status-inherit hentry\" data-id=\"9228\">\r\n\t\t<div class=\"w-grid-item-h\">\r\n\t\t\t\t\t\t\t<a ref=\"magnificPopupGrid\" href=\"https:\/\/e-twow.com\/wp-content\/uploads\/2018\/01\/awards-7.jpg\" class=\"w-grid-item-anchor\" aria-label=\"awards-7 aei\"><\/a>\r\n\t\t\t\t\t\t<div class=\"w-post-elm post_image usg_post_image_1 stretched\"><img decoding=\"async\" width=\"350\" height=\"350\" data-src=\"https:\/\/e-twow.com\/wp-content\/uploads\/2018\/01\/awards-7-350x350.jpg\" class=\"attachment-us_350_350_crop size-us_350_350_crop lazyload\" alt=\"\" data-srcset=\"https:\/\/e-twow.com\/wp-content\/uploads\/2018\/01\/awards-7-350x350.jpg 350w, https:\/\/e-twow.com\/wp-content\/uploads\/2018\/01\/awards-7-150x150.jpg 150w, https:\/\/e-twow.com\/wp-content\/uploads\/2018\/01\/awards-7-300x300.jpg 300w\" data-sizes=\"(max-width: 350px) 100vw, 350px\" src=\"data:image\/svg+xml;base64,PHN2ZyB3aWR0aD0iMSIgaGVpZ2h0PSIxIiB4bWxucz0iaHR0cDovL3d3dy53My5vcmcvMjAwMC9zdmciPjwvc3ZnPg==\" style=\"--smush-placeholder-width: 350px; --smush-placeholder-aspect-ratio: 350\/350;\" \/><\/div>\t\t<\/div>\r\n\t\t\t<\/article>\r\n\t<article class=\"w-grid-item size_1x1 post-9229 attachment type-attachment status-inherit hentry\" data-id=\"9229\">\r\n\t\t<div class=\"w-grid-item-h\">\r\n\t\t\t\t\t\t\t<a ref=\"magnificPopupGrid\" href=\"https:\/\/e-twow.com\/wp-content\/uploads\/2018\/01\/awards-11.jpg\" class=\"w-grid-item-anchor\" aria-label=\"awards 2017\"><\/a>\r\n\t\t\t\t\t\t<div class=\"w-post-elm post_image usg_post_image_1 stretched\"><img decoding=\"async\" width=\"350\" height=\"350\" data-src=\"https:\/\/e-twow.com\/wp-content\/uploads\/2018\/01\/awards-11-350x350.jpg\" class=\"attachment-us_350_350_crop size-us_350_350_crop lazyload\" alt=\"\" data-srcset=\"https:\/\/e-twow.com\/wp-content\/uploads\/2018\/01\/awards-11-350x350.jpg 350w, https:\/\/e-twow.com\/wp-content\/uploads\/2018\/01\/awards-11-150x150.jpg 150w, https:\/\/e-twow.com\/wp-content\/uploads\/2018\/01\/awards-11-300x300.jpg 300w\" data-sizes=\"(max-width: 350px) 100vw, 350px\" src=\"data:image\/svg+xml;base64,PHN2ZyB3aWR0aD0iMSIgaGVpZ2h0PSIxIiB4bWxucz0iaHR0cDovL3d3dy53My5vcmcvMjAwMC9zdmciPjwvc3ZnPg==\" style=\"--smush-placeholder-width: 350px; --smush-placeholder-aspect-ratio: 350\/350;\" \/><\/div>\t\t<\/div>\r\n\t\t\t<\/article>\r\n\t<article class=\"w-grid-item size_1x1 post-9230 attachment type-attachment status-inherit hentry\" data-id=\"9230\">\r\n\t\t<div class=\"w-grid-item-h\">\r\n\t\t\t\t\t\t\t<a ref=\"magnificPopupGrid\" href=\"https:\/\/e-twow.com\/wp-content\/uploads\/2018\/01\/awards-17.jpg\" class=\"w-grid-item-anchor\" aria-label=\"e-twow pro invent medal\"><\/a>\r\n\t\t\t\t\t\t<div class=\"w-post-elm post_image usg_post_image_1 stretched\"><img decoding=\"async\" width=\"350\" height=\"350\" data-src=\"https:\/\/e-twow.com\/wp-content\/uploads\/2018\/01\/awards-17-350x350.jpg\" class=\"attachment-us_350_350_crop size-us_350_350_crop lazyload\" alt=\"\" data-srcset=\"https:\/\/e-twow.com\/wp-content\/uploads\/2018\/01\/awards-17-350x350.jpg 350w, https:\/\/e-twow.com\/wp-content\/uploads\/2018\/01\/awards-17-150x150.jpg 150w, https:\/\/e-twow.com\/wp-content\/uploads\/2018\/01\/awards-17-300x300.jpg 300w\" data-sizes=\"(max-width: 350px) 100vw, 350px\" src=\"data:image\/svg+xml;base64,PHN2ZyB3aWR0aD0iMSIgaGVpZ2h0PSIxIiB4bWxucz0iaHR0cDovL3d3dy53My5vcmcvMjAwMC9zdmciPjwvc3ZnPg==\" style=\"--smush-placeholder-width: 350px; --smush-placeholder-aspect-ratio: 350\/350;\" \/><\/div>\t\t<\/div>\r\n\t\t\t<\/article>\r\n<\/div>\t<div class=\"w-grid-preloader\">\r\n\t\t<div class=\"g-preloader type_1\">\r\n\t\t\t<div><\/div>\r\n\t\t<\/div>\r\n\t<\/div>\r\n\t\t<div class=\"w-grid-json hidden\" onclick='return {&quot;action&quot;:&quot;us_ajax_grid&quot;,&quot;infinite_scroll&quot;:0,&quot;max_num_pages&quot;:1,&quot;pagination&quot;:&quot;none&quot;,&quot;template_vars&quot;:{&quot;columns&quot;:&quot;4&quot;,&quot;exclude_items&quot;:&quot;none&quot;,&quot;img_size&quot;:&quot;us_350_350_crop&quot;,&quot;ignore_items_size&quot;:0,&quot;items_layout&quot;:&quot;gallery_default&quot;,&quot;items_offset&quot;:&quot;1&quot;,&quot;load_animation&quot;:&quot;none&quot;,&quot;overriding_link&quot;:&quot;%7B%22type%22%3A%22popup_image%22%7D&quot;,&quot;post_id&quot;:0,&quot;query_args&quot;:{&quot;post_type&quot;:[&quot;attachment&quot;],&quot;post__in&quot;:[&quot;5567&quot;,&quot;4239&quot;,&quot;4241&quot;,&quot;4242&quot;,&quot;4243&quot;,&quot;4246&quot;,&quot;4247&quot;,&quot;4250&quot;],&quot;post_status&quot;:&quot;inherit&quot;,&quot;post_mime_type&quot;:&quot;image&quot;,&quot;posts_per_page&quot;:999},&quot;orderby_query_args&quot;:{&quot;orderby&quot;:{&quot;post__in&quot;:&quot;ASC&quot;},&quot;order&quot;:&quot;ASC&quot;},&quot;type&quot;:&quot;masonry&quot;,&quot;us_grid_post_type&quot;:&quot;attachment&quot;,&quot;us_grid_ajax_index&quot;:1,&quot;us_grid_filter_query_string&quot;:null,&quot;us_grid_index&quot;:1,&quot;page_args&quot;:[],&quot;lang&quot;:&quot;hu&quot;}}'><\/div>\r\n\t<\/div><\/div><\/div><\/div><\/div><\/div><\/section>\n","protected":false},"excerpt":{"rendered":"","protected":false},"author":1,"featured_media":0,"parent":0,"menu_order":0,"comment_status":"closed","ping_status":"closed","template":"","meta":{"ngg_post_thumbnail":0,"footnotes":""},"class_list":["post-9220","page","type-page","status-publish","hentry"],"yoast_head":"<!-- This site is optimized with the Yoast SEO Premium plugin v27.4 (Yoast SEO v27.4) - https:\/\/yoast.com\/product\/yoast-seo-premium-wordpress\/ -->\n<title>D\u00edjak \u00e9s eredm\u00e9nyek - E-TWOW<\/title>\n<meta name=\"robots\" content=\"index, follow, max-snippet:-1, max-image-preview:large, max-video-preview:-1\" \/>\n<link rel=\"canonical\" href=\"https:\/\/e-twow.com\/awards\/\" \/>\n<meta property=\"og:locale\" content=\"hu_HU\" \/>\n<meta property=\"og:type\" content=\"article\" \/>\n<meta property=\"og:title\" content=\"D\u00edjak \u00e9s eredm\u00e9nyek\" \/>\n<meta property=\"og:url\" content=\"https:\/\/e-twow.com\/awards\/\" \/>\n<meta property=\"og:site_name\" content=\"E-TWOW\" \/>\n<meta property=\"article:modified_time\" content=\"2020-04-07T07:10:02+00:00\" \/>\n<meta name=\"twitter:card\" content=\"summary_large_image\" \/>\n<meta name=\"twitter:label1\" content=\"Becs\u00fclt olvas\u00e1si id\u0151\" \/>\n\t<meta name=\"twitter:data1\" content=\"3 perc\" \/>\n<script type=\"application\/ld+json\" class=\"yoast-schema-graph\">{\"@context\":\"https:\\\/\\\/schema.org\",\"@graph\":[{\"@type\":\"WebPage\",\"@id\":\"https:\\\/\\\/e-twow.com\\\/awards\\\/\",\"url\":\"https:\\\/\\\/e-twow.com\\\/awards\\\/\",\"name\":\"D\u00edjak \u00e9s eredm\u00e9nyek - E-TWOW\",\"isPartOf\":{\"@id\":\"https:\\\/\\\/e-twow.com\\\/#website\"},\"datePublished\":\"2018-01-31T14:36:41+00:00\",\"dateModified\":\"2020-04-07T07:10:02+00:00\",\"breadcrumb\":{\"@id\":\"https:\\\/\\\/e-twow.com\\\/awards\\\/#breadcrumb\"},\"inLanguage\":\"hu\",\"potentialAction\":[{\"@type\":\"ReadAction\",\"target\":[\"https:\\\/\\\/e-twow.com\\\/awards\\\/\"]}]},{\"@type\":\"BreadcrumbList\",\"@id\":\"https:\\\/\\\/e-twow.com\\\/awards\\\/#breadcrumb\",\"itemListElement\":[{\"@type\":\"ListItem\",\"position\":1,\"name\":\"Kezd\u0151lap\",\"item\":\"https:\\\/\\\/e-twow.com\\\/\"},{\"@type\":\"ListItem\",\"position\":2,\"name\":\"D\u00edjak \u00e9s eredm\u00e9nyek\"}]},{\"@type\":\"WebSite\",\"@id\":\"https:\\\/\\\/e-twow.com\\\/#website\",\"url\":\"https:\\\/\\\/e-twow.com\\\/\",\"name\":\"E-TWOW\",\"description\":\"Portable Scooter\",\"potentialAction\":[{\"@type\":\"SearchAction\",\"target\":{\"@type\":\"EntryPoint\",\"urlTemplate\":\"https:\\\/\\\/e-twow.com\\\/?s={search_term_string}\"},\"query-input\":{\"@type\":\"PropertyValueSpecification\",\"valueRequired\":true,\"valueName\":\"search_term_string\"}}],\"inLanguage\":\"hu\"}]}<\/script>\n<!-- \/ Yoast SEO Premium plugin. -->","yoast_head_json":{"title":"D\u00edjak \u00e9s eredm\u00e9nyek - E-TWOW","robots":{"index":"index","follow":"follow","max-snippet":"max-snippet:-1","max-image-preview":"max-image-preview:large","max-video-preview":"max-video-preview:-1"},"canonical":"https:\/\/e-twow.com\/awards\/","og_locale":"hu_HU","og_type":"article","og_title":"D\u00edjak \u00e9s eredm\u00e9nyek","og_url":"https:\/\/e-twow.com\/awards\/","og_site_name":"E-TWOW","article_modified_time":"2020-04-07T07:10:02+00:00","twitter_card":"summary_large_image","twitter_misc":{"Becs\u00fclt olvas\u00e1si id\u0151":"3 perc"},"schema":{"@context":"https:\/\/schema.org","@graph":[{"@type":"WebPage","@id":"https:\/\/e-twow.com\/awards\/","url":"https:\/\/e-twow.com\/awards\/","name":"D\u00edjak \u00e9s eredm\u00e9nyek - E-TWOW","isPartOf":{"@id":"https:\/\/e-twow.com\/#website"},"datePublished":"2018-01-31T14:36:41+00:00","dateModified":"2020-04-07T07:10:02+00:00","breadcrumb":{"@id":"https:\/\/e-twow.com\/awards\/#breadcrumb"},"inLanguage":"hu","potentialAction":[{"@type":"ReadAction","target":["https:\/\/e-twow.com\/awards\/"]}]},{"@type":"BreadcrumbList","@id":"https:\/\/e-twow.com\/awards\/#breadcrumb","itemListElement":[{"@type":"ListItem","position":1,"name":"Kezd\u0151lap","item":"https:\/\/e-twow.com\/"},{"@type":"ListItem","position":2,"name":"D\u00edjak \u00e9s eredm\u00e9nyek"}]},{"@type":"WebSite","@id":"https:\/\/e-twow.com\/#website","url":"https:\/\/e-twow.com\/","name":"E-TWOW","description":"Portable Scooter","potentialAction":[{"@type":"SearchAction","target":{"@type":"EntryPoint","urlTemplate":"https:\/\/e-twow.com\/?s={search_term_string}"},"query-input":{"@type":"PropertyValueSpecification","valueRequired":true,"valueName":"search_term_string"}}],"inLanguage":"hu"}]}},"_links":{"self":[{"href":"https:\/\/e-twow.com\/hu\/wp-json\/wp\/v2\/pages\/9220","targetHints":{"allow":["GET"]}}],"collection":[{"href":"https:\/\/e-twow.com\/hu\/wp-json\/wp\/v2\/pages"}],"about":[{"href":"https:\/\/e-twow.com\/hu\/wp-json\/wp\/v2\/types\/page"}],"author":[{"embeddable":true,"href":"https:\/\/e-twow.com\/hu\/wp-json\/wp\/v2\/users\/1"}],"replies":[{"embeddable":true,"href":"https:\/\/e-twow.com\/hu\/wp-json\/wp\/v2\/comments?post=9220"}],"version-history":[{"count":4,"href":"https:\/\/e-twow.com\/hu\/wp-json\/wp\/v2\/pages\/9220\/revisions"}],"predecessor-version":[{"id":9435,"href":"https:\/\/e-twow.com\/hu\/wp-json\/wp\/v2\/pages\/9220\/revisions\/9435"}],"wp:attachment":[{"href":"https:\/\/e-twow.com\/hu\/wp-json\/wp\/v2\/media?parent=9220"}],"curies":[{"name":"wp","href":"https:\/\/api.w.org\/{rel}","templated":true}]}}