{"id":9208,"date":"2017-09-01T06:35:36","date_gmt":"2017-09-01T06:35:36","guid":{"rendered":"https:\/\/e-twow.com\/about-us\/"},"modified":"2022-06-15T13:05:42","modified_gmt":"2022-06-15T13:05:42","slug":"rolunk","status":"publish","type":"page","link":"https:\/\/e-twow.com\/hu\/rolunk\/","title":{"rendered":"R\u00f3lunk"},"content":{"rendered":"<section class=\"l-section wpb_row height_small\"><div class=\"l-section-h i-cf\"><div class=\"g-cols vc_row via_flex valign_top type_default stacking_default\"><div class=\"vc_col-sm-12 wpb_column vc_column_container\"><div class=\"vc_column-inner\"><div class=\"wpb_wrapper\"><div class=\"w-video align_none ratio_16x9 has_iframe\"><div class=\"w-video-h\"><iframe title=\"Vimeo video player\" src=\"https:\/\/player.vimeo.com\/video\/350916043?autoplay=0&loop=0&autopause=0&color=00adef&portrait=0&byline=1&title=1&controls=1&muted=0\" frameborder=\"0\" allow=\"autoplay; fullscreen\" allowfullscreen loading=\"lazy\"><\/iframe><\/div><\/div><\/div><\/div><\/div><\/div><\/div><\/section><section class=\"l-section wpb_row height_small\"><div class=\"l-section-h i-cf\"><div class=\"g-cols vc_row via_flex valign_top type_default stacking_default\"><div class=\"vc_col-sm-12 wpb_column vc_column_container\"><div class=\"vc_column-inner\"><div class=\"wpb_wrapper\"><div class=\"g-cols wpb_row via_flex valign_top type_default stacking_default\"><div class=\"vc_col-sm-8 wpb_column vc_column_container\"><div class=\"vc_column-inner\"><div class=\"wpb_wrapper\"><div class=\"wpb_text_column\"><div class=\"wpb_wrapper\"><div class=\"column mcb-column one column_column column-margin-\">\n<div class=\"column_attr clearfix\">\n<div>\n<h2>Az E-TWOW t\u00f6rt\u00e9net<\/h2>\n<p>Az E-TWOW egy nagy, K\u00edn\u00e1ban sz\u00e9khellyel rendelkez\u0151 nemzetk\u00f6zi koncepci\u00f3 r\u00e9sze, amelynek c\u00e9lja a v\u00e1rosi mobilit\u00e1s \u00faj korszak\u00e1nak felk\u00edn\u00e1l\u00e1sa, \u00f6tletes elektromos j\u00e1rm\u0171veink r\u00e9v\u00e9n. Az E-TWOW elektromos roller \u00f6tlet\u00e9t, kivitelez\u00e9s\u00e9t \u00e9s fel\u00e9p\u00edt\u00e9s\u00e9t a rom\u00e1n m\u00e9rn\u00f6k, Dr. Sorin SIRBU birtokolja, a koncepci\u00f3t pedig egy m\u00e9rn\u00f6ki csapattal egy\u00fctt dolgozta ki, amely szil\u00e1rd alapokkal rendelkezik a g\u00e9piparban \u00e9s az elektrotechnik\u00e1ban. S\u00eerbu \u00far az \u00e9vekig tart\u00f3 m\u0171szaki tanulm\u00e1nyai sor\u00e1n elsaj\u00e1t\u00edtott ismeretek seg\u00edts\u00e9g\u00e9vel, de mindenekel\u0151tt motiv\u00e1lva az innovat\u00edv sz\u00e1ll\u00edt\u00e1si megold\u00e1sok megtal\u00e1l\u00e1s\u00e1nak szenved\u00e9lye \u00e1ltal, lelkesed\u00e9se \u00e9s k\u00e9pess\u00e9gei r\u00e9v\u00e9n kifejlesztett egy praktikus sz\u00e1ll\u00edt\u00e1si megold\u00e1st a mindennapi \u00e9lethez.<\/p>\n<\/div>\n<\/div>\n<\/div>\n<\/div><\/div><\/div><\/div><\/div><div class=\"vc_col-sm-4 wpb_column vc_column_container\"><div class=\"vc_column-inner\"><div class=\"wpb_wrapper\"><div class=\"w-image align_center\"><div class=\"w-image-h\"><img decoding=\"async\" width=\"350\" height=\"350\" src=\"https:\/\/e-twow.com\/wp-content\/uploads\/2020\/11\/ghidon-ajustabil-2-350x350.jpg\" class=\"attachment-us_350_350_crop size-us_350_350_crop\" alt=\"\" loading=\"lazy\" srcset=\"https:\/\/e-twow.com\/wp-content\/uploads\/2020\/11\/ghidon-ajustabil-2-350x350.jpg 350w, https:\/\/e-twow.com\/wp-content\/uploads\/2020\/11\/ghidon-ajustabil-2-150x150.jpg 150w, https:\/\/e-twow.com\/wp-content\/uploads\/2020\/11\/ghidon-ajustabil-2-600x600.jpg 600w\" sizes=\"auto, (max-width: 350px) 100vw, 350px\" \/><\/div><\/div><\/div><\/div><\/div><\/div><div class=\"wpb_text_column\"><div class=\"wpb_wrapper\"><h2>Hogyan is kezd\u0151d\u00f6tt az eg\u00e9sz<\/h2>\n<p>Dr. M\u00e9rn. Sorin SIRBU 2013-ban k\u00e9sz\u00edtette el az els\u0151 elektromos rollert. Abban az id\u0151ben Sanghajban \u00e9lt, ahol sikeres \u00fczletet m\u0171k\u00f6dtetett. A rollertal\u00e1lm\u00e1nya gyakorlati okokb\u00f3l j\u00f6tt l\u00e9tre, \u00e9s S\u00eerbu \u00far nem akarta a rollert \u00fczleti v\u00e1llalkoz\u00e1ss\u00e1 v\u00e1ltoztatni. \u0150 csak egy gyakorlati megold\u00e1st keresett egy mozgalmas v\u00e1rosban k\u00f6zlekedni, mint Sanghaj. Eleinte megpr\u00f3b\u00e1lt elektromos ker\u00e9kp\u00e1rral k\u00f6zlekedni, de nem volt el\u00e9gedett, mert neh\u00e9z volt, \u00e9s nem engedt\u00e9k be vele a metr\u00f3ba. Teh\u00e1t a hagyom\u00e1nyos rollert v\u00e1lasztotta. Mivel hossz\u00fa t\u00e1vols\u00e1gokat kellett megtennie, m\u00e9rlegelte az elektromos roller \u00e9p\u00edt\u00e9s\u00e9nek lehet\u0151s\u00e9g\u00e9t. Az els\u0151 modell, amely alapmotorral \u00e9s von\u00f3sz\u00edjjal rendelkezik, csak a legk\u00f6zelebbi \u00e9tteremig birta k iaz utaz\u00e1st, ahol a vontat\u00e1s megszakadt. Egy ilyen kicsi \u00e9s k\u00f6nnyen vezetett j\u00e1rm\u0171 vezet\u00e9s\u00e9nek tapasztalata azonban elegend\u0151 volt S\u00eerbu \u00far pr\u00f3b\u00e1lkoz\u00e1s\u00e1nak motiv\u00e1l\u00e1s\u00e1ra. H\u00e1rom h\u00f3nap alatt elk\u00e9sz\u00edtette az els\u0151 funkcion\u00e1lis elektromos rollert. 7-8 kilom\u00e9ter t\u00e1vols\u00e1got tudott megtenni vele \u00e9s nagyon k\u00f6nnyen kezelhet\u0151 volt.<\/p>\n<p>Ez a fajta elektromos j\u00e1rm\u0171 \u00fajdons\u00e1g volt abban az id\u0151ben, \u00e9s az emberek mindig meg\u00e1ll\u00edtott\u00e1k Sirbu urat az utc\u00e1n, hogy a rollerr\u0151l k\u00e9rdezzenek t\u0151le. Abban az id\u0151ben S\u00eerbu \u00far fontol\u00f3ra vette a tal\u00e1lm\u00e1ny \u00e1talak\u00edt\u00e1s\u00e1t v\u00e1llalkoz\u00e1ss\u00e1, olyan \u00fczlet\u00e9, amelyre n\u00e9zve rem\u00e9lte, hogy \u00f6r\u00f6kre megv\u00e1ltoztatja az emberek utaz\u00e1s\u00e1t v\u00e1rosi k\u00f6rnyezetben. Mivel a rollert gyermekj\u00e1t\u00e9knak tekintett\u00e9k, az elektromos roller a kezdetekt\u0151l nem volt sikeres. Azonban elegend\u0151 volt, ha az emberek kipr\u00f3b\u00e1lt\u00e1k a rollert, hogy meggy\u0151z\u0151djenek a hasznoss\u00e1g\u00e1r\u00f3l, nem is besz\u00e9lve az ilyen j\u00e1rm\u0171vel val\u00f3 utaz\u00e1s \u00f6r\u00f6m\u00e9r\u0151l.<\/p>\n<h2>Hogyan \u00e9p\u00edtett\u00fcnk \u00faj korszakot a v\u00e1rosi mobilit\u00e1sban<\/h2>\n<p>Minden \u00e9v \u00faj kih\u00edv\u00e1sokat hozott, de minden kih\u00edv\u00e1s az elektromos roller fejleszt\u00e9s\u00e9t jelentette. Az E-TWOW roller volt az els\u0151 roller, amely integr\u00e1lta a kinetikus energia visszanyer\u0151 rendszert, amelyet akkoriban csak a Formula 1 aut\u00f3khoz haszn\u00e1ltak. Az egyszer\u0171 h\u00e1rompontos \u00f6sszecsukhat\u00f3 rendszer miatt az egyik legk\u00e9nyelmesebb j\u00e1rm\u0171 a szem\u00e9lysz\u00e1ll\u00edt\u00e1shoz, mivel k\u00f6nnyen sz\u00e1ll\u00edthat\u00f3 \u00e9s t\u00e1rolhat\u00f3. Az eredeti terv nagyon kev\u00e9s v\u00e1ltoz\u00e1son ment kereszt\u00fcl az id\u0151 m\u00fal\u00e1s\u00e1val, mivel a rollert a kezdetekt\u0151l kezdve optim\u00e1lis stabilit\u00e1ssal \u00e9s man\u0151verez\u00e9ssel tervezt\u00e9k. A fiatalabb gener\u00e1ci\u00f3k azonban jelent\u0151s fejleszt\u00e9seken mentek \u00e1t az ergon\u00f3mia \u00e9s a szoftver ter\u00fclet\u00e9n.<\/p>\n<p>Eleinte S\u00eerbu \u00far k\u00fcl\u00f6nf\u00e9le gy\u00e1rakkal dolgozott, amelyek a rollerek alkatr\u00e9szeit gy\u00e1rtott\u00e1k, de r\u00f6vid id\u0151 alatt \u00fagy d\u00f6nt\u00f6tt, hogy a rollerek min\u0151s\u00e9g\u00e9nek garant\u00e1l\u00e1s\u00e1ra az egyetlen m\u00f3d az alkatr\u00e9szek gy\u00e1rt\u00e1sa a saj\u00e1t gy\u00e1r\u00e1ban. Jelenleg k\u00e9t \u00fczleti k\u00f6zpont l\u00e9tezik: a k\u00ednai gy\u00e1r \u00e9s az Eur\u00f3pai K\u00f6zigazgat\u00e1si \u00e9s Logisztikai k\u00f6zpont Rom\u00e1ni\u00e1ban. A k\u00ednai gy\u00e1r a roller alkatr\u00e9szeinek k\u00f6zel 90% -\u00e1t gy\u00e1rtja (hardverb\u0151l, szoftverb\u0151l, motorokb\u00f3l, minden m\u0171anyag alkatr\u00e9szb\u0151l \u00e9s m\u00e9g akkumul\u00e1torokb\u00f3l is, amelyeket Samsung cell\u00e1kkal szerelnek \u00f6ssze).<\/p>\n<p>2017-ben az E-TWOW hordozhat\u00f3 \u00e9s \u00f6sszecsukhat\u00f3 elektromos j\u00e1rm\u0171 arany\u00e9rmet nyert a legjobb tal\u00e1lm\u00e1ny\u00e9rt a genfi \u200b\u200b45. nemzetk\u00f6zi tal\u00e1lm\u00e1nyi ki\u00e1ll\u00edt\u00e1son. Az \u00e9vek sor\u00e1n n\u00e9h\u00e1ny m\u00e1sik gy\u00e1rt\u00f3 is elkezdte hasonl\u00f3 j\u00e1rm\u0171vek gy\u00e1rt\u00e1s\u00e1t, \u00e1m az E-TWOW elektromos roller tov\u00e1bbra is a legjobb v\u00e1laszt\u00e1s, kiv\u00e1l\u00f3 min\u0151s\u00e9g\u00fck, hihetetlen man\u0151verez\u0151 k\u00e9pess\u00e9g\u00fck \u00e9s \u00e1ltal\u00e1nos haszn\u00e1latuk miatt. Jelenleg az E-TWOW roller az egyetlen elektromos j\u00e1rm\u0171, amely akkumul\u00e1tor n\u00e9lk\u00fcl teljesen m\u0171k\u00f6d\u0151k\u00e9pes. Ha elt\u00e1vol\u00edtja az akkumul\u00e1tort egy m\u00e1sik elektromos j\u00e1rm\u0171r\u0151l \u00e9s gyorsul, akkor megs\u00e9r\u00fclhet a vez\u00e9rl\u0151 vagy a f\u00e9k. Az E-TWOW rollerrel elt\u00e1vol\u00edthatja az akkumul\u00e1tort, \u00e9s lejt\u0151n haladhat le a komponensek megs\u00e9rt\u00e9se n\u00e9lk\u00fcl. S\u0151t, m\u00e9g akkumul\u00e1tor n\u00e9lk\u00fcl is haszn\u00e1lhatja a f\u00e9keket \u00e9s a l\u00e1mp\u00e1kat.<\/p>\n<h2>\u00c9rt\u00e9keink<\/h2>\n<p><strong>Innov\u00e1ci\u00f3<\/strong><\/p>\n<p>Az E-TWOW koncepci\u00f3t a kezdetekt\u0151l az innov\u00e1ci\u00f3 t\u00e1mogatta. A rollerek a leg\u00fajabb technol\u00f3gi\u00e1kat integr\u00e1lj\u00e1k a g\u00e9p- \u00e9s villamosiparban. A gy\u00e1r HPRTM berendez\u00e9sekkel van felszerelve, \u00e9s mi vagyunk a m\u00e1sodik v\u00e1llalat a vil\u00e1gon, a BMW ut\u00e1n, amely ezt a technol\u00f3gi\u00e1t haszn\u00e1lja. Nagynyom\u00e1s\u00fa RTM-k\u00e9sz\u00fcl\u00e9keink egyedi szabadalmakat k\u00edn\u00e1lnak vegyes szerkezetekre. Folyamatosan fektet\u00fcnk kutat\u00e1s-fejleszt\u00e9si r\u00e9szleg\u00fcnkbe is, ahol a legjobb m\u00e9rn\u00f6keink dolgoznak Franciaorsz\u00e1gb\u00f3l, N\u00e9metorsz\u00e1gb\u00f3l \u00e9s Rom\u00e1ni\u00e1b\u00f3l.<\/p>\n<p><strong>Vev\u0151i el\u00e9gedetts\u00e9g<\/strong><\/p>\n<p>C\u00e9lunk soha nem volt egy t\u00f6k\u00e9letes term\u00e9k megtervez\u00e9se. A t\u00f6k\u00e9letess\u00e9g statikus koncepci\u00f3, \u00e9s folyamatos fejl\u0151d\u00e9sre \u00e9s innov\u00e1ci\u00f3ra t\u00f6reksz\u00fcnk. Az \u00e9vek sor\u00e1n az E-TWOW elektromos rollerek sz\u00e1mos kih\u00edv\u00e1ssal szembes\u00fcltek. Folyamatos tesztek \u00e9s tanulm\u00e1nyok r\u00e9v\u00e9n azonban folyamatosan fejlesztett\u00fck rollereinket \u00e9s kik\u00fcsz\u00f6b\u00f6lt\u00fck az \u00e9vek sor\u00e1n felmer\u00fclt \u00f6sszes probl\u00e9m\u00e1t. Szeretn\u00e9nk k\u00f6sz\u00f6netet mondani \u00fcgyfeleinknek a seg\u00edts\u00e9g\u00e9rt, amelyet a felmer\u00fclt probl\u00e9m\u00e1kra vonatkoz\u00f3 konstrukt\u00edv visszajelz\u00e9sen kereszt\u00fcl ny\u00fajtottak. Mindig igyeksz\u00fcnk megk\u00f6sz\u00f6nni \u00fcgyfeleinknek megfelel\u0151 szolg\u00e1ltat\u00e1s \u00e9s t\u00e1mogat\u00e1s r\u00e9v\u00e9n, hogy ez\u00e1ltal kompenz\u00e1ljuk az esetleges kellemetlens\u00e9geket.<\/p>\n<p><strong>Fenntarthat\u00f3 j\u00f6v\u0151 \u00e9p\u00edt\u00e9se<\/strong><\/p>\n<p>A v\u00e1rosi mobilit\u00e1s \u00faj korszak\u00e1nak l\u00e9trehoz\u00e1s\u00e1ra vonatkoz\u00f3 elk\u00e9pzel\u00e9s\u00fcnk egy\u00fctt j\u00e1r a fenntarthat\u00f3 j\u00f6v\u0151 \u00e9p\u00edt\u00e9s\u00e9re ir\u00e1nyul\u00f3 v\u00e1gyunkkal. Manaps\u00e1g egyre t\u00f6bb ember \u00fagy d\u00f6nt, hogy aut\u00f3j\u00e1t elektromos j\u00e1rm\u0171vekre cser\u00e9li, \u00e9s az elektromos roller az egyik legink\u00e1bb k\u00f6rnyezetbar\u00e1t megold\u00e1s a v\u00e1rosi k\u00f6zleked\u00e9sben. S\u0151t, mivel nulla sz\u00e9n-dioxid-kibocs\u00e1t\u00e1ssal b\u00edr, az elektromos rollereink belt\u00e9ri haszn\u00e1latra is alkalmasak, mivel ide\u00e1lisak nagy fedett ter\u00fcleteken, p\u00e9ld\u00e1ul rep\u00fcl\u0151tereken vagy gy\u00e1rakban.<\/p>\n<\/div><\/div><div class=\"g-cols wpb_row us_custom_4e0cc4c3 via_flex valign_top type_default stacking_default\"><div class=\"vc_col-sm-6 wpb_column vc_column_container\"><div class=\"vc_column-inner\"><div class=\"wpb_wrapper\">[vc_custom_heading text=&#8221;JINHUA ZHEJIANG GY\u00c1R<br \/>\nK\u00cdNA&#8221; font_container=&#8221;tag:h5|text_align:left&#8221; use_theme_fonts=&#8221;yes&#8221;]<div class=\"w-image align_none\"><div class=\"w-image-h\"><img decoding=\"async\" width=\"600\" height=\"453\" src=\"https:\/\/e-twow.com\/wp-content\/uploads\/2019\/06\/e-twow-factory.jpg\" class=\"attachment-full size-full\" alt=\"\" loading=\"lazy\" srcset=\"https:\/\/e-twow.com\/wp-content\/uploads\/2019\/06\/e-twow-factory.jpg 600w, https:\/\/e-twow.com\/wp-content\/uploads\/2019\/06\/e-twow-factory-300x227.jpg 300w\" sizes=\"auto, (max-width: 600px) 100vw, 600px\" \/><\/div><\/div><\/div><\/div><\/div><\/div><\/div><\/div><\/div><\/div><\/div><\/section>\n","protected":false},"excerpt":{"rendered":"Az E-TWOW t\u00f6rt\u00e9net Az E-TWOW egy nagy, K\u00edn\u00e1ban sz\u00e9khellyel rendelkez\u0151 nemzetk\u00f6zi koncepci\u00f3 r\u00e9sze, amelynek c\u00e9lja a v\u00e1rosi mobilit\u00e1s \u00faj korszak\u00e1nak felk\u00edn\u00e1l\u00e1sa, \u00f6tletes elektromos j\u00e1rm\u0171veink r\u00e9v\u00e9n. Az E-TWOW elektromos roller \u00f6tlet\u00e9t, kivitelez\u00e9s\u00e9t \u00e9s fel\u00e9p\u00edt\u00e9s\u00e9t a rom\u00e1n m\u00e9rn\u00f6k, Dr. Sorin SIRBU birtokolja, a koncepci\u00f3t pedig egy m\u00e9rn\u00f6ki csapattal egy\u00fctt dolgozta ki, amely szil\u00e1rd alapokkal rendelkezik a g\u00e9piparban...","protected":false},"author":1,"featured_media":0,"parent":0,"menu_order":0,"comment_status":"closed","ping_status":"closed","template":"","meta":{"ngg_post_thumbnail":0,"footnotes":""},"class_list":["post-9208","page","type-page","status-publish","hentry"],"yoast_head":"<!-- This site is optimized with the Yoast SEO Premium plugin v27.2 (Yoast SEO v27.2) - https:\/\/yoast.com\/product\/yoast-seo-premium-wordpress\/ -->\n<title>About US | E-TWOW<\/title>\n<meta name=\"description\" content=\"The E-TWOW \u2013 Electric Two Wheels brand is part of a large international concept, focused on offering a new era in urban mobility.\" \/>\n<meta name=\"robots\" content=\"index, follow, max-snippet:-1, max-image-preview:large, max-video-preview:-1\" \/>\n<link rel=\"canonical\" href=\"https:\/\/e-twow.com\/about-us\/\" \/>\n<meta property=\"og:locale\" content=\"hu_HU\" \/>\n<meta property=\"og:type\" content=\"article\" \/>\n<meta property=\"og:title\" content=\"R\u00f3lunk\" \/>\n<meta property=\"og:description\" content=\"The E-TWOW \u2013 Electric Two Wheels brand is part of a large international concept, focused on offering a new era in urban mobility.\" \/>\n<meta property=\"og:url\" content=\"https:\/\/e-twow.com\/about-us\/\" \/>\n<meta property=\"og:site_name\" content=\"E-TWOW\" \/>\n<meta property=\"article:modified_time\" content=\"2022-06-15T13:05:42+00:00\" \/>\n<meta name=\"twitter:card\" content=\"summary_large_image\" \/>\n<meta name=\"twitter:label1\" content=\"Becs\u00fclt olvas\u00e1si id\u0151\" \/>\n\t<meta name=\"twitter:data1\" content=\"8 perc\" \/>\n<script type=\"application\/ld+json\" class=\"yoast-schema-graph\">{\"@context\":\"https:\/\/schema.org\",\"@graph\":[{\"@type\":\"WebPage\",\"@id\":\"https:\/\/e-twow.com\/about-us\/\",\"url\":\"https:\/\/e-twow.com\/about-us\/\",\"name\":\"About US | E-TWOW\",\"isPartOf\":{\"@id\":\"https:\/\/e-twow.com\/#website\"},\"datePublished\":\"2017-09-01T06:35:36+00:00\",\"dateModified\":\"2022-06-15T13:05:42+00:00\",\"description\":\"The E-TWOW \u2013 Electric Two Wheels brand is part of a large international concept, focused on offering a new era in urban mobility.\",\"breadcrumb\":{\"@id\":\"https:\/\/e-twow.com\/about-us\/#breadcrumb\"},\"inLanguage\":\"hu\",\"potentialAction\":[{\"@type\":\"ReadAction\",\"target\":[\"https:\/\/e-twow.com\/about-us\/\"]}]},{\"@type\":\"BreadcrumbList\",\"@id\":\"https:\/\/e-twow.com\/about-us\/#breadcrumb\",\"itemListElement\":[{\"@type\":\"ListItem\",\"position\":1,\"name\":\"Kezd\u0151lap\",\"item\":\"https:\/\/e-twow.com\/\"},{\"@type\":\"ListItem\",\"position\":2,\"name\":\"R\u00f3lunk\"}]},{\"@type\":\"WebSite\",\"@id\":\"https:\/\/e-twow.com\/#website\",\"url\":\"https:\/\/e-twow.com\/\",\"name\":\"E-TWOW\",\"description\":\"Portable Scooter\",\"potentialAction\":[{\"@type\":\"SearchAction\",\"target\":{\"@type\":\"EntryPoint\",\"urlTemplate\":\"https:\/\/e-twow.com\/?s={search_term_string}\"},\"query-input\":{\"@type\":\"PropertyValueSpecification\",\"valueRequired\":true,\"valueName\":\"search_term_string\"}}],\"inLanguage\":\"hu\"}]}<\/script>\n<!-- \/ Yoast SEO Premium plugin. -->","yoast_head_json":{"title":"About US | E-TWOW","description":"The E-TWOW \u2013 Electric Two Wheels brand is part of a large international concept, focused on offering a new era in urban mobility.","robots":{"index":"index","follow":"follow","max-snippet":"max-snippet:-1","max-image-preview":"max-image-preview:large","max-video-preview":"max-video-preview:-1"},"canonical":"https:\/\/e-twow.com\/about-us\/","og_locale":"hu_HU","og_type":"article","og_title":"R\u00f3lunk","og_description":"The E-TWOW \u2013 Electric Two Wheels brand is part of a large international concept, focused on offering a new era in urban mobility.","og_url":"https:\/\/e-twow.com\/about-us\/","og_site_name":"E-TWOW","article_modified_time":"2022-06-15T13:05:42+00:00","twitter_card":"summary_large_image","twitter_misc":{"Becs\u00fclt olvas\u00e1si id\u0151":"8 perc"},"schema":{"@context":"https:\/\/schema.org","@graph":[{"@type":"WebPage","@id":"https:\/\/e-twow.com\/about-us\/","url":"https:\/\/e-twow.com\/about-us\/","name":"About US | E-TWOW","isPartOf":{"@id":"https:\/\/e-twow.com\/#website"},"datePublished":"2017-09-01T06:35:36+00:00","dateModified":"2022-06-15T13:05:42+00:00","description":"The E-TWOW \u2013 Electric Two Wheels brand is part of a large international concept, focused on offering a new era in urban mobility.","breadcrumb":{"@id":"https:\/\/e-twow.com\/about-us\/#breadcrumb"},"inLanguage":"hu","potentialAction":[{"@type":"ReadAction","target":["https:\/\/e-twow.com\/about-us\/"]}]},{"@type":"BreadcrumbList","@id":"https:\/\/e-twow.com\/about-us\/#breadcrumb","itemListElement":[{"@type":"ListItem","position":1,"name":"Kezd\u0151lap","item":"https:\/\/e-twow.com\/"},{"@type":"ListItem","position":2,"name":"R\u00f3lunk"}]},{"@type":"WebSite","@id":"https:\/\/e-twow.com\/#website","url":"https:\/\/e-twow.com\/","name":"E-TWOW","description":"Portable Scooter","potentialAction":[{"@type":"SearchAction","target":{"@type":"EntryPoint","urlTemplate":"https:\/\/e-twow.com\/?s={search_term_string}"},"query-input":{"@type":"PropertyValueSpecification","valueRequired":true,"valueName":"search_term_string"}}],"inLanguage":"hu"}]}},"_links":{"self":[{"href":"https:\/\/e-twow.com\/hu\/wp-json\/wp\/v2\/pages\/9208","targetHints":{"allow":["GET"]}}],"collection":[{"href":"https:\/\/e-twow.com\/hu\/wp-json\/wp\/v2\/pages"}],"about":[{"href":"https:\/\/e-twow.com\/hu\/wp-json\/wp\/v2\/types\/page"}],"author":[{"embeddable":true,"href":"https:\/\/e-twow.com\/hu\/wp-json\/wp\/v2\/users\/1"}],"replies":[{"embeddable":true,"href":"https:\/\/e-twow.com\/hu\/wp-json\/wp\/v2\/comments?post=9208"}],"version-history":[{"count":8,"href":"https:\/\/e-twow.com\/hu\/wp-json\/wp\/v2\/pages\/9208\/revisions"}],"predecessor-version":[{"id":13592,"href":"https:\/\/e-twow.com\/hu\/wp-json\/wp\/v2\/pages\/9208\/revisions\/13592"}],"wp:attachment":[{"href":"https:\/\/e-twow.com\/hu\/wp-json\/wp\/v2\/media?parent=9208"}],"curies":[{"name":"wp","href":"https:\/\/api.w.org\/{rel}","templated":true}]}}