{"id":8029,"date":"2019-08-02T10:00:41","date_gmt":"2019-08-02T10:00:41","guid":{"rendered":"https:\/\/e-twow.com\/warranty\/"},"modified":"2020-02-17T09:06:14","modified_gmt":"2020-02-17T09:06:14","slug":"garantie","status":"publish","type":"page","link":"https:\/\/e-twow.com\/fr\/garantie\/","title":{"rendered":"Garantie"},"content":{"rendered":"<section class=\"l-section wpb_row height_small\"><div class=\"l-section-h i-cf\"><div class=\"g-cols vc_row via_flex valign_top type_default stacking_default\"><div class=\"vc_col-sm-12 wpb_column vc_column_container\"><div class=\"vc_column-inner\"><div class=\"wpb_wrapper\"><div class=\"wpb_text_column\"><div class=\"wpb_wrapper\"><p><strong>Garantie <\/strong><\/p>\n<p>Les produits E-TWOW que vous achetez aupr\u00e8s de revendeurs agr\u00e9\u00e9s b\u00e9n\u00e9ficient de conditions de garantie conformes aux lois en vigueur et aux politiques commerciales des fabricants. Les produits sont neufs, dans leur emballage d&#8217;origine et proviennent de sources autoris\u00e9es.<\/p>\n<p>Chaque revendeur a l&#8217;obligation contractuelle de fournir un certificat de garantie. Pour obtenir une r\u00e9paration ou un remplacement sous cette garantie, vous devez vous assurer que le revedeur ou la boutique en ligne o\u00f9 la trottinette a \u00e9t\u00e9 achet\u00e9e a indiqu\u00e9 l&#8217;emplacement et la date d&#8217;achat sur le certificat de garantie. Vous devez \u00e9galement inclure une copie du certificat que vous avez envoy\u00e9 avec la trottinette lorsque vous exp\u00e9diez ou envoyez&nbsp;la trottinette pour r\u00e9paration ou remplacement.<\/p>\n<p>Pour tout probl\u00e8me de garantie, veuillez contacter la soci\u00e9t\u00e9 aupr\u00e8s de laquelle vous avez achet\u00e9 la trottinette ou contactez-nous directement \u00e0 service@e-twow.com.<\/p>\n<p>&nbsp;<\/p>\n<p>Important:<\/p>\n<ol>\n<li>En tant qu&#8217;acheteur, vous avez l&#8217;obligation d&#8217;utiliser le produit conform\u00e9ment aux instructions du manuel de l&#8217;utilisateur. Veuillez trouver le manuel d\u2019utilisation en suivant le lien suivant: <a href=\"https:\/\/e-twow.com\/wp-content\/uploads\/2019\/11\/manual-nou-trotinete-2019-v2-5-LANGUAGES-7-11-2019.pdf\">Manuel de l\u2019Utilisateur<\/a><\/li>\n<\/ol>\n<p>&nbsp;<\/p>\n<p>LE PRODUIT EST UTILIS\u00c9 UNIQUEMENT APR\u00c8S AVOIR LU ET COMPRIS LES INSTRUCTIONS DU MANUEL DE L&#8217;UTILISATEUR!<\/p>\n<p>&nbsp;<\/p>\n<ol start=\"2\">\n<li>Vous avez l&#8217;obligation de conserver le certificat de garantie, qui est le seul document certifiant la garantie et sera pr\u00e9sent\u00e9 avec le document de paiement en cas de d\u00e9faillance.<\/li>\n<li>Pour toute r\u00e9paration pendant la p\u00e9riode de garantie, veuillez utiliser uniquement le revendeur aupr\u00e8s duquel vous avez achet\u00e9 le produit.<\/li>\n<li>Toute intervention pendant la p\u00e9riode de garantie doit \u00eatre r\u00e9solue dans un d\u00e9lai maximum de 30 jours \u00e0 compter de la date d&#8217;enregistrement.<\/li>\n<li>La p\u00e9riode de garantie est prolong\u00e9e au moment o\u00f9 le produit est en r\u00e9paration.<\/li>\n<li>Le vendeur se r\u00e9serve le droit de facturer les frais de services et de transport applicables si la garantie ne couvre pas les situations de r\u00e9paration ou de remplacement du mat\u00e9riel.<\/li>\n<li>Le produit r\u00e9pond \u00e0 toutes les normes europ\u00e9ennes, conform\u00e9ment au certificat de conformit\u00e9 inclus dans le produit.<\/li>\n<li>Cette garantie fait r\u00e9f\u00e9rence \u00e0 la conformit\u00e9 du produit, au moment de la vente, avec toutes les caract\u00e9ristiques et qualit\u00e9s techniques d\u00e9clar\u00e9es par le vendeur.<\/li>\n<li>Le produit ne sera utilis\u00e9 qu&#8217;\u00e0 des fins normales.<\/li>\n<\/ol>\n<p>&nbsp;<\/p>\n<p>LA GARANTIE ET \u200b\u200bTOUS LES DROITS QU&#8217;ILS SONT OFFERTS SERONT ANNUL\u00c9S DANS LES SITUATIONS SUIVANTES&nbsp;:<\/p>\n<p>&nbsp;<\/p>\n<ol>\n<li>Le produit n&#8217;a pas \u00e9t\u00e9 commercialis\u00e9 par E-TWOW ELECTRIC MOBILITY SA ou l&#8217;un de ses revendeurs agr\u00e9\u00e9s.<\/li>\n<li>Le produit a \u00e9t\u00e9 modifi\u00e9 ou r\u00e9par\u00e9 par des techniciens non autoris\u00e9s et \/ ou en utilisant des \u00e9quipements \/ accessoires d\u00e9fectueux, modifi\u00e9s ou non d&#8217;origine.<\/li>\n<li>Le produit a subi des accidents ou des dommages caus\u00e9s par des facteurs externes, les conditions atmosph\u00e9riques ou tout autre \u00e9v\u00e9nement de ce type.<\/li>\n<li>Les d\u00e9fauts sont caus\u00e9s par la salet\u00e9, les impuret\u00e9s, l&#8217;eau, les corps \u00e9trangers, etc., selon le cas.<\/li>\n<li>Le produit a \u00e9t\u00e9 utilis\u00e9 sous la pluie et \/ ou entra\u00een\u00e9 par un plan d&#8217;eau d&#8217;une profondeur sup\u00e9rieure \u00e0 4 cm.<\/li>\n<li>S\u00e9rie d&#8217;identification \/ codes \/ marques de commerce, etc. produit ou pi\u00e8ces supprim\u00e9s \/ illisibles, marquage ou gaufrage r\u00e9alis\u00e9s \u00e0 des fins diverses<\/li>\n<li>Les pi\u00e8ces de rechange ou les pi\u00e8ces d&#8217;origine pr\u00e9sentent des chocs, chocs m\u00e9caniques, fractures thermiques ou autres, fissures, etc., qui ne leur sont pas attribu\u00e9s.<\/li>\n<li>Dommages et d\u00e9fauts dus \u00e0 une manipulation et un transport incorrects effectu\u00e9s par l&#8217;acheteur.<\/li>\n<li>Modifications de l&#8217;\u00e9tat initial du produit par des influences naturelles (corrosion, condensation, etc.) dues \u00e0 de mauvaises conditions de stockage.<\/li>\n<li>Le produit n&#8217;a pas \u00e9t\u00e9 utilis\u00e9 conform\u00e9ment aux conditions du manuel d&#8217;utilisation. &#8211; connexion<\/li>\n<li>Les dysfonctionnements du produit sont caus\u00e9s par le vandalisme ou des causes similaires.<\/li>\n<li>La p\u00e9riode de garantie a expir\u00e9.<\/li>\n<\/ol>\n<p>La garantie ne couvre pas les fournitures, les pi\u00e8ces en plastique, les articles en caoutchouc, les pneus, la peinture et tout autre d\u00e9faut caus\u00e9 par l&#8217;impact, les intemp\u00e9ries, l&#8217;usure, une utilisation ou un stockage inappropri\u00e9s.<\/p>\n<p>Toute garantie du produit est annul\u00e9e si l&#8217;utilisateur loue ou utilise la trottinette dans tout autre effort commercial.<\/p>\n<p>La garantie n&#8217;est valable que sur le territoire du pays o\u00f9 le produit a \u00e9t\u00e9 achet\u00e9.<\/p>\n<p>&nbsp;<\/p>\n<p><strong>Assistance <\/strong><\/p>\n<p>Pour une assistance technique, veuillez contacter le revendeur ou la boutique en ligne o\u00f9 vous avez achet\u00e9 la trottinette.<\/p>\n<p>Si vous ne pouvez pas contacter le distributeur aupr\u00e8s duquel vous avez achet\u00e9 la trottinette, vous pouvez nous contacter directement \u00e0 service@e-twow.com.<\/p>\n<\/div><\/div><\/div><\/div><\/div><\/div><\/div><\/section>\n","protected":false},"excerpt":{"rendered":"Garantie Les produits E-TWOW que vous achetez aupr\u00e8s de revendeurs agr\u00e9\u00e9s b\u00e9n\u00e9ficient de conditions de garantie conformes aux lois en vigueur et aux politiques commerciales des fabricants. Les produits sont neufs, dans leur emballage d&#8217;origine et proviennent de sources autoris\u00e9es. Chaque revendeur a l&#8217;obligation contractuelle de fournir un certificat de garantie. Pour obtenir une r\u00e9paration...","protected":false},"author":1,"featured_media":0,"parent":0,"menu_order":0,"comment_status":"closed","ping_status":"closed","template":"","meta":{"ngg_post_thumbnail":0,"footnotes":""},"class_list":["post-8029","page","type-page","status-publish","hentry"],"yoast_head":"<!-- This site is optimized with the Yoast SEO Premium plugin v27.2 (Yoast SEO v27.2) - https:\/\/yoast.com\/product\/yoast-seo-premium-wordpress\/ -->\n<title>Garantie - E-TWOW<\/title>\n<meta name=\"robots\" content=\"index, follow, max-snippet:-1, max-image-preview:large, max-video-preview:-1\" \/>\n<link rel=\"canonical\" href=\"https:\/\/e-twow.com\/warranty\/\" \/>\n<meta property=\"og:locale\" content=\"fr_FR\" \/>\n<meta property=\"og:type\" content=\"article\" \/>\n<meta property=\"og:title\" content=\"Garantie\" \/>\n<meta property=\"og:url\" content=\"https:\/\/e-twow.com\/warranty\/\" \/>\n<meta property=\"og:site_name\" content=\"E-TWOW\" \/>\n<meta property=\"article:modified_time\" content=\"2020-02-17T09:06:14+00:00\" \/>\n<meta name=\"twitter:card\" content=\"summary_large_image\" \/>\n<meta name=\"twitter:label1\" content=\"Dur\u00e9e de lecture estim\u00e9e\" \/>\n\t<meta name=\"twitter:data1\" content=\"4 minutes\" \/>\n<script type=\"application\/ld+json\" class=\"yoast-schema-graph\">{\"@context\":\"https:\/\/schema.org\",\"@graph\":[{\"@type\":\"WebPage\",\"@id\":\"https:\/\/e-twow.com\/warranty\/\",\"url\":\"https:\/\/e-twow.com\/warranty\/\",\"name\":\"Garantie - E-TWOW\",\"isPartOf\":{\"@id\":\"https:\/\/e-twow.com\/#website\"},\"datePublished\":\"2019-08-02T10:00:41+00:00\",\"dateModified\":\"2020-02-17T09:06:14+00:00\",\"breadcrumb\":{\"@id\":\"https:\/\/e-twow.com\/warranty\/#breadcrumb\"},\"inLanguage\":\"fr-FR\",\"potentialAction\":[{\"@type\":\"ReadAction\",\"target\":[\"https:\/\/e-twow.com\/warranty\/\"]}]},{\"@type\":\"BreadcrumbList\",\"@id\":\"https:\/\/e-twow.com\/warranty\/#breadcrumb\",\"itemListElement\":[{\"@type\":\"ListItem\",\"position\":1,\"name\":\"Accueil\",\"item\":\"https:\/\/e-twow.com\/fr\/\"},{\"@type\":\"ListItem\",\"position\":2,\"name\":\"Garantie\"}]},{\"@type\":\"WebSite\",\"@id\":\"https:\/\/e-twow.com\/#website\",\"url\":\"https:\/\/e-twow.com\/\",\"name\":\"E-TWOW\",\"description\":\"Portable Scooter\",\"potentialAction\":[{\"@type\":\"SearchAction\",\"target\":{\"@type\":\"EntryPoint\",\"urlTemplate\":\"https:\/\/e-twow.com\/?s={search_term_string}\"},\"query-input\":{\"@type\":\"PropertyValueSpecification\",\"valueRequired\":true,\"valueName\":\"search_term_string\"}}],\"inLanguage\":\"fr-FR\"}]}<\/script>\n<!-- \/ Yoast SEO Premium plugin. -->","yoast_head_json":{"title":"Garantie - E-TWOW","robots":{"index":"index","follow":"follow","max-snippet":"max-snippet:-1","max-image-preview":"max-image-preview:large","max-video-preview":"max-video-preview:-1"},"canonical":"https:\/\/e-twow.com\/warranty\/","og_locale":"fr_FR","og_type":"article","og_title":"Garantie","og_url":"https:\/\/e-twow.com\/warranty\/","og_site_name":"E-TWOW","article_modified_time":"2020-02-17T09:06:14+00:00","twitter_card":"summary_large_image","twitter_misc":{"Dur\u00e9e de lecture estim\u00e9e":"4 minutes"},"schema":{"@context":"https:\/\/schema.org","@graph":[{"@type":"WebPage","@id":"https:\/\/e-twow.com\/warranty\/","url":"https:\/\/e-twow.com\/warranty\/","name":"Garantie - E-TWOW","isPartOf":{"@id":"https:\/\/e-twow.com\/#website"},"datePublished":"2019-08-02T10:00:41+00:00","dateModified":"2020-02-17T09:06:14+00:00","breadcrumb":{"@id":"https:\/\/e-twow.com\/warranty\/#breadcrumb"},"inLanguage":"fr-FR","potentialAction":[{"@type":"ReadAction","target":["https:\/\/e-twow.com\/warranty\/"]}]},{"@type":"BreadcrumbList","@id":"https:\/\/e-twow.com\/warranty\/#breadcrumb","itemListElement":[{"@type":"ListItem","position":1,"name":"Accueil","item":"https:\/\/e-twow.com\/fr\/"},{"@type":"ListItem","position":2,"name":"Garantie"}]},{"@type":"WebSite","@id":"https:\/\/e-twow.com\/#website","url":"https:\/\/e-twow.com\/","name":"E-TWOW","description":"Portable Scooter","potentialAction":[{"@type":"SearchAction","target":{"@type":"EntryPoint","urlTemplate":"https:\/\/e-twow.com\/?s={search_term_string}"},"query-input":{"@type":"PropertyValueSpecification","valueRequired":true,"valueName":"search_term_string"}}],"inLanguage":"fr-FR"}]}},"_links":{"self":[{"href":"https:\/\/e-twow.com\/fr\/wp-json\/wp\/v2\/pages\/8029","targetHints":{"allow":["GET"]}}],"collection":[{"href":"https:\/\/e-twow.com\/fr\/wp-json\/wp\/v2\/pages"}],"about":[{"href":"https:\/\/e-twow.com\/fr\/wp-json\/wp\/v2\/types\/page"}],"author":[{"embeddable":true,"href":"https:\/\/e-twow.com\/fr\/wp-json\/wp\/v2\/users\/1"}],"replies":[{"embeddable":true,"href":"https:\/\/e-twow.com\/fr\/wp-json\/wp\/v2\/comments?post=8029"}],"version-history":[{"count":2,"href":"https:\/\/e-twow.com\/fr\/wp-json\/wp\/v2\/pages\/8029\/revisions"}],"predecessor-version":[{"id":8566,"href":"https:\/\/e-twow.com\/fr\/wp-json\/wp\/v2\/pages\/8029\/revisions\/8566"}],"wp:attachment":[{"href":"https:\/\/e-twow.com\/fr\/wp-json\/wp\/v2\/media?parent=8029"}],"curies":[{"name":"wp","href":"https:\/\/api.w.org\/{rel}","templated":true}]}}