{"id":8015,"date":"2018-06-04T07:23:16","date_gmt":"2018-06-04T07:23:16","guid":{"rendered":"https:\/\/e-twow.com\/recommendations\/"},"modified":"2020-01-21T11:53:07","modified_gmt":"2020-01-21T11:53:07","slug":"recommandations","status":"publish","type":"page","link":"https:\/\/e-twow.com\/fr\/recommandations\/","title":{"rendered":"Recommandations"},"content":{"rendered":"<section class=\"l-section wpb_row height_small\"><div class=\"l-section-h i-cf\"><div class=\"g-cols vc_row via_flex valign_top type_default stacking_default\"><div class=\"vc_col-sm-12 wpb_column vc_column_container\"><div class=\"vc_column-inner\"><div class=\"wpb_wrapper\"><div class=\"wpb_text_column\"><div class=\"wpb_wrapper\"><h2><strong>Voici ce que nous recommandons<\/strong><\/h2>\n<p>Comme condition pr\u00e9alable au bon fonctionnement du produit, nous recommandons une inspection r\u00e9guli\u00e8re dans un atelier agr\u00e9\u00e9 dans les six mois, mais pas plus de 1000 km parcourus.<\/p>\n<p>De plus, apr\u00e8s chaque saison froide, nous vous conseillons de v\u00e9rifier le fonctionnement du produit, notamment en ce qui concerne la batterie et les pi\u00e8ces \u00e9lectroniques.<\/p>\n<p>E-TWOW ne recommande pas d&#8217;acheter des trottinettes sur des sites tels que AliExpress ou Amazon, car elles peuvent avoir des changements pour chaque pays pour lequel elles ont \u00e9t\u00e9 fabriqu\u00e9es: les cadres modifi\u00e9s, les limites de vitesse et les pi\u00e8ces de rechange pour ces trottinettes ne peuvent \u00eatre achet\u00e9s qu&#8217;\u00e0 partir de pays pour lequel elles ont \u00e9t\u00e9 produites, ce qui entra\u00eenera des frais suppl\u00e9mentaires pour nos clients, au cas o\u00f9 une r\u00e9paration serait n\u00e9cessaire.<\/p>\n<p>De plus, selon la r\u00e9glementation de la compagnie a\u00e9rienne, les batteries de trottinette ne peuvent pas \u00eatre transport\u00e9es par avion, donc la trottinette ne peut pas \u00eatre fonctionnelle.<\/p>\n<p>Un autre aspect important est le certificat de garantie, valable uniquement sur le territoire du pays d&#8217;origine de la trottinette, afin que le service et l&#8217;entretien ne soient pas gratuits.<\/p>\n<p>Veuillez ne pas accepter d&#8217;acheter des trottinettes sans certificat de garantie valide d\u00e9livr\u00e9e par le revendeur!<\/p>\n<p>N&#8217;oubliez pas de recharger votre trottinette tous les mois, m\u00eame si vous ne l&#8217;utilisez pas, pour prolonger la dur\u00e9e de vie de la batterie.<\/p>\n<p>Effectuez un entretien minimal, tel que l&#8217;application de graisse sur la base et les joints et assurez-vous que les vis sont bien serr\u00e9es.<\/p>\n<p>Veuillez toujours fermer la poign\u00e9e qui maintient le syst\u00e8me de r\u00e9glage de la hauteur apr\u00e8s avoir r\u00e9gl\u00e9 la hauteur et v\u00e9rifier p\u00e9riodiquement que la vis qui la maintient est bien fix\u00e9e.<\/p>\n<p>Chargez toujours la trottinette jusqu&#8217;\u00e0 ce que le voyant LED du chargeur devienne vert.<\/p>\n<p>Gardez votre trottinette aussi charg\u00e9e que possible \u00e0 100%, chargez-la chaque fois que vous en avez l&#8217;occasion<\/p>\n<p>Gardez la trottinette loin de l&#8217;eau et de l&#8217;humidit\u00e9. Si vous \u00eates surpris par la pluie, amenez la trottinette d\u00e8s que possible dans un endroit chaud et sec et nettoyez-la soigneusement avec un chiffon sec afin qu&#8217;il ne reste pas d&#8217;eau dessus.<\/p>\n<\/div><\/div><\/div><\/div><\/div><\/div><\/div><\/section>\n","protected":false},"excerpt":{"rendered":"Voici ce que nous recommandons Comme condition pr\u00e9alable au bon fonctionnement du produit, nous recommandons une inspection r\u00e9guli\u00e8re dans un atelier agr\u00e9\u00e9 dans les six mois, mais pas plus de 1000 km parcourus. De plus, apr\u00e8s chaque saison froide, nous vous conseillons de v\u00e9rifier le fonctionnement du produit, notamment en ce qui concerne la batterie...","protected":false},"author":1,"featured_media":0,"parent":0,"menu_order":0,"comment_status":"closed","ping_status":"closed","template":"","meta":{"ngg_post_thumbnail":0,"footnotes":""},"class_list":["post-8015","page","type-page","status-publish","hentry"],"yoast_head":"<!-- This site is optimized with the Yoast SEO Premium plugin v27.4 (Yoast SEO v27.4) - https:\/\/yoast.com\/product\/yoast-seo-premium-wordpress\/ -->\n<title>Recommandations - E-TWOW<\/title>\n<meta name=\"robots\" content=\"index, follow, max-snippet:-1, max-image-preview:large, max-video-preview:-1\" \/>\n<link rel=\"canonical\" href=\"https:\/\/e-twow.com\/recommendations\/\" \/>\n<meta property=\"og:locale\" content=\"fr_FR\" \/>\n<meta property=\"og:type\" content=\"article\" \/>\n<meta property=\"og:title\" content=\"Recommandations\" \/>\n<meta property=\"og:url\" content=\"https:\/\/e-twow.com\/recommendations\/\" \/>\n<meta property=\"og:site_name\" content=\"E-TWOW\" \/>\n<meta property=\"article:modified_time\" content=\"2020-01-21T11:53:07+00:00\" \/>\n<meta name=\"twitter:card\" content=\"summary_large_image\" \/>\n<meta name=\"twitter:label1\" content=\"Dur\u00e9e de lecture estim\u00e9e\" \/>\n\t<meta name=\"twitter:data1\" content=\"2 minutes\" \/>\n<script type=\"application\/ld+json\" class=\"yoast-schema-graph\">{\"@context\":\"https:\\\/\\\/schema.org\",\"@graph\":[{\"@type\":\"WebPage\",\"@id\":\"https:\\\/\\\/e-twow.com\\\/recommendations\\\/\",\"url\":\"https:\\\/\\\/e-twow.com\\\/recommendations\\\/\",\"name\":\"Recommandations - E-TWOW\",\"isPartOf\":{\"@id\":\"https:\\\/\\\/e-twow.com\\\/#website\"},\"datePublished\":\"2018-06-04T07:23:16+00:00\",\"dateModified\":\"2020-01-21T11:53:07+00:00\",\"breadcrumb\":{\"@id\":\"https:\\\/\\\/e-twow.com\\\/recommendations\\\/#breadcrumb\"},\"inLanguage\":\"fr-FR\",\"potentialAction\":[{\"@type\":\"ReadAction\",\"target\":[\"https:\\\/\\\/e-twow.com\\\/recommendations\\\/\"]}]},{\"@type\":\"BreadcrumbList\",\"@id\":\"https:\\\/\\\/e-twow.com\\\/recommendations\\\/#breadcrumb\",\"itemListElement\":[{\"@type\":\"ListItem\",\"position\":1,\"name\":\"Accueil\",\"item\":\"https:\\\/\\\/e-twow.com\\\/fr\\\/\"},{\"@type\":\"ListItem\",\"position\":2,\"name\":\"Recommandations\"}]},{\"@type\":\"WebSite\",\"@id\":\"https:\\\/\\\/e-twow.com\\\/#website\",\"url\":\"https:\\\/\\\/e-twow.com\\\/\",\"name\":\"E-TWOW\",\"description\":\"Portable Scooter\",\"potentialAction\":[{\"@type\":\"SearchAction\",\"target\":{\"@type\":\"EntryPoint\",\"urlTemplate\":\"https:\\\/\\\/e-twow.com\\\/?s={search_term_string}\"},\"query-input\":{\"@type\":\"PropertyValueSpecification\",\"valueRequired\":true,\"valueName\":\"search_term_string\"}}],\"inLanguage\":\"fr-FR\"}]}<\/script>\n<!-- \/ Yoast SEO Premium plugin. -->","yoast_head_json":{"title":"Recommandations - E-TWOW","robots":{"index":"index","follow":"follow","max-snippet":"max-snippet:-1","max-image-preview":"max-image-preview:large","max-video-preview":"max-video-preview:-1"},"canonical":"https:\/\/e-twow.com\/recommendations\/","og_locale":"fr_FR","og_type":"article","og_title":"Recommandations","og_url":"https:\/\/e-twow.com\/recommendations\/","og_site_name":"E-TWOW","article_modified_time":"2020-01-21T11:53:07+00:00","twitter_card":"summary_large_image","twitter_misc":{"Dur\u00e9e de lecture estim\u00e9e":"2 minutes"},"schema":{"@context":"https:\/\/schema.org","@graph":[{"@type":"WebPage","@id":"https:\/\/e-twow.com\/recommendations\/","url":"https:\/\/e-twow.com\/recommendations\/","name":"Recommandations - E-TWOW","isPartOf":{"@id":"https:\/\/e-twow.com\/#website"},"datePublished":"2018-06-04T07:23:16+00:00","dateModified":"2020-01-21T11:53:07+00:00","breadcrumb":{"@id":"https:\/\/e-twow.com\/recommendations\/#breadcrumb"},"inLanguage":"fr-FR","potentialAction":[{"@type":"ReadAction","target":["https:\/\/e-twow.com\/recommendations\/"]}]},{"@type":"BreadcrumbList","@id":"https:\/\/e-twow.com\/recommendations\/#breadcrumb","itemListElement":[{"@type":"ListItem","position":1,"name":"Accueil","item":"https:\/\/e-twow.com\/fr\/"},{"@type":"ListItem","position":2,"name":"Recommandations"}]},{"@type":"WebSite","@id":"https:\/\/e-twow.com\/#website","url":"https:\/\/e-twow.com\/","name":"E-TWOW","description":"Portable Scooter","potentialAction":[{"@type":"SearchAction","target":{"@type":"EntryPoint","urlTemplate":"https:\/\/e-twow.com\/?s={search_term_string}"},"query-input":{"@type":"PropertyValueSpecification","valueRequired":true,"valueName":"search_term_string"}}],"inLanguage":"fr-FR"}]}},"_links":{"self":[{"href":"https:\/\/e-twow.com\/fr\/wp-json\/wp\/v2\/pages\/8015","targetHints":{"allow":["GET"]}}],"collection":[{"href":"https:\/\/e-twow.com\/fr\/wp-json\/wp\/v2\/pages"}],"about":[{"href":"https:\/\/e-twow.com\/fr\/wp-json\/wp\/v2\/types\/page"}],"author":[{"embeddable":true,"href":"https:\/\/e-twow.com\/fr\/wp-json\/wp\/v2\/users\/1"}],"replies":[{"embeddable":true,"href":"https:\/\/e-twow.com\/fr\/wp-json\/wp\/v2\/comments?post=8015"}],"version-history":[{"count":1,"href":"https:\/\/e-twow.com\/fr\/wp-json\/wp\/v2\/pages\/8015\/revisions"}],"predecessor-version":[{"id":8016,"href":"https:\/\/e-twow.com\/fr\/wp-json\/wp\/v2\/pages\/8015\/revisions\/8016"}],"wp:attachment":[{"href":"https:\/\/e-twow.com\/fr\/wp-json\/wp\/v2\/media?parent=8015"}],"curies":[{"name":"wp","href":"https:\/\/api.w.org\/{rel}","templated":true}]}}