{"id":8012,"date":"2018-06-04T10:01:33","date_gmt":"2018-06-04T10:01:33","guid":{"rendered":"https:\/\/e-twow.com\/privacy-policy\/"},"modified":"2020-01-21T08:04:16","modified_gmt":"2020-01-21T08:04:16","slug":"politique-de-confidentialite","status":"publish","type":"page","link":"https:\/\/e-twow.com\/fr\/politique-de-confidentialite\/","title":{"rendered":"Politique de confidentialit\u00e9"},"content":{"rendered":"<section class=\"l-section wpb_row height_small\"><div class=\"l-section-h i-cf\"><div class=\"g-cols vc_row via_flex valign_top type_default stacking_default\"><div class=\"vc_col-sm-12 wpb_column vc_column_container\"><div class=\"vc_column-inner\"><div class=\"wpb_wrapper\"><div class=\"wpb_text_column\"><div class=\"wpb_wrapper\"><div id=\"ppBody\">\n<div class=\"innerText\">\n<p>Cette politique de confidentialit\u00e9 a \u00e9t\u00e9 \u00e9labor\u00e9e pour mieux servir ceux qui sont pr\u00e9occup\u00e9s par la fa\u00e7on dont les \u00abinformations d&#8217;identification personnelle\u00bb (PII) sont utilis\u00e9es en ligne. Les PII, tels que d\u00e9crites par la loi am\u00e9ricaine sur la confidentialit\u00e9 et la s\u00e9curit\u00e9 de l&#8217;information, sont des informations qui peuvent \u00eatre utilis\u00e9es par l&#8217;une ou l&#8217;autre des informations pour identifier, contacter ou localiser une seule personne ou pour identifier une personne dans son contexte. Veuillez lire attentivement notre politique de confidentialit\u00e9 pour bien comprendre comment nous collectons, utilisons, prot\u00e9geons ou g\u00e9rons autrement vos informations personnellement identifiables, conform\u00e9ment \u00e0 notre site Web.<\/p>\n<p>&nbsp;<\/p>\n<p><strong>Quelles informations personnelles recueillons-nous aupr\u00e8s des personnes qui visitent notre blog, notre site ou notre application?<\/strong><\/p>\n<p>Lors de la commande ou de l&#8217;inscription sur notre site, selon le cas, vous devrez peut-\u00eatre entrer votre nom, votre adresse e-mail, votre num\u00e9ro de t\u00e9l\u00e9phone ou d&#8217;autres d\u00e9tails pour vous aider dans votre exp\u00e9rience.<\/p>\n<p><strong>Quand recueillons-nous des informations?<\/strong><\/p>\n<p>Nous recueillons des informations aupr\u00e8s de vous lorsque vous vous abonnez \u00e0 une newsletter, remplissez un formulaire ou entrez des informations sur notre site.<\/p>\n<p>&nbsp;<\/p>\n<p><strong>Comment utilisons-nous vos informations?<\/strong><\/p>\n<p>Nous pouvons utiliser les informations que nous recueillons aupr\u00e8s de vous lorsque vous vous inscrivez, effectuez un achat, vous abonnez \u00e0 notre newsletter, r\u00e9pondez \u00e0 une enqu\u00eate ou \u00e0 une communication marketing, parcourez le site Web ou utilisez certaines autres fonctionnalit\u00e9s du site des mani\u00e8res suivantes:<\/p>\n<ul>\n<li>Pour personnaliser votre exp\u00e9rience et nous permettre de fournir le type de contenu et les offres de produits qui vous int\u00e9ressent le plus.<\/li>\n<li>Am\u00e9liorer notre site Web pour mieux vous servir.<\/li>\n<li>Pour nous permettre de fournir de meilleurs services pour r\u00e9pondre \u00e0 vos demandes de service client.<\/li>\n<li>Pour envoyer r\u00e9guli\u00e8rement des e-mails concernant votre commande ou d&#8217;autres produits et services.<\/li>\n<li>Pour vous contacter par mail (chat en direct, questions par email ou t\u00e9l\u00e9phoniques)<\/li>\n<\/ul>\n<p>&nbsp;<\/p>\n<p>&nbsp;<\/p>\n<p><strong>Comment prot\u00e9geons-nous vos informations?<\/strong><\/p>\n<p>Nous n&#8217;utilisons pas l&#8217;analyse de vuln\u00e9rabilit\u00e9 aux normes PCI..<\/p>\n<p>Nous ne proposons que des articles et des informations. Nous ne demandons jamais de num\u00e9ros de carte de cr\u00e9dit.<\/p>\n<p>Nous utilisons r\u00e9guli\u00e8rement Malware Scanner.<\/p>\n<p>Vos informations personnelles sont stock\u00e9es derri\u00e8re un r\u00e9seau s\u00e9curis\u00e9 et ne sont accessibles qu&#8217;\u00e0 un nombre limit\u00e9 de personnes qui ont des droits d&#8217;acc\u00e8s sp\u00e9ciaux \u00e0 ces syst\u00e8mes et qui sont tenues de garder les informations confidentielles. De plus, toutes les informations sensibles \/ de cr\u00e9dit fournies sont crypt\u00e9es \u00e0 l&#8217;aide de la technologie Secure Socket Layer (SSL).<\/p>\n<p>Nous mettons en \u0153uvre une vari\u00e9t\u00e9 de mesures de s\u00e9curit\u00e9 lorsqu&#8217;un utilisateur entre, envoie ou acc\u00e8de \u00e0 ses informations pour maintenir la s\u00e9curit\u00e9 des informations personnelles.<\/p>\n<p>&nbsp;<\/p>\n<p>Toutes les transactions sont trait\u00e9es par un fournisseur de gateway et ne sont ni stock\u00e9es ni trait\u00e9es sur nos serveurs.<\/p>\n<p>&nbsp;<\/p>\n<p><strong>Utilisons-nous des &#8220;cookies&#8221;?<\/strong><\/p>\n<p>Oui. Les cookies sont de petits fichiers qu&#8217;un site ou son fournisseur de services transf\u00e8re sur le disque dur de votre ordinateur via votre navigateur Web (si vous l&#8217;autorisez), ce qui permet aux syst\u00e8mes du site ou du fournisseur de services de reconna\u00eetre votre navigateur et pour capturer et m\u00e9moriser certaines informations. Par exemple, nous utilisons des cookies pour nous aider \u00e0 nous souvenir et \u00e0 traiter les articles de votre panier. Ils sont \u00e9galement utilis\u00e9s pour nous aider \u00e0 comprendre vos pr\u00e9f\u00e9rences en fonction de votre activit\u00e9 pr\u00e9c\u00e9dente ou de votre site actuel, ce qui nous permet de vous offrir des services am\u00e9lior\u00e9s. Nous utilisons \u00e9galement des cookies pour nous aider \u00e0 compiler des donn\u00e9es agr\u00e9g\u00e9es sur le trafic du site et les interactions du site afin que nous puissions offrir de meilleures exp\u00e9riences et outils sur le site.<\/p>\n<p>Nous utilisons des cookies pour:<\/p>\n<ul>\n<li>Comprendre et enregistrer les pr\u00e9f\u00e9rences des utilisateurs pour les visites futures.<\/li>\n<li>Compiler des donn\u00e9es agr\u00e9g\u00e9es sur le trafic du site et les interactions du site pour fournir de meilleures exp\u00e9riences et outils sur le site \u00e0 l&#8217;avenir. Nous pouvons \u00e9galement utiliser des services tiers de confiance qui suivent ces informations en notre nom.<\/li>\n<\/ul>\n<p>Vous pouvez choisir d&#8217;alerter votre ordinateur chaque fois qu&#8217;un cookie est envoy\u00e9, ou vous pouvez choisir de d\u00e9sactiver tous les cookies. Pour ce faire, changez les param\u00e8tres de votre navigateur. \u00c9tant donn\u00e9 que chaque navigateur est un peu diff\u00e9rent, consultez le menu d&#8217;aide du navigateur pour savoir comment modifier correctement les pr\u00e9f\u00e9rences en mati\u00e8re de cookies.<\/p>\n<p>La d\u00e9sactivation des cookies n&#8217;affectera pas l&#8217;exp\u00e9rience utilisateur.<\/p>\n<p>&nbsp;<\/p>\n<p><strong>Divulgation aux tiers<\/strong><\/p>\n<p>Nous ne vendons pas, ne commercialisons pas ou ne transf\u00e9rons pas autrement vos informations personnellement identifiables \u00e0 des tiers, sauf si nous fournissons aux utilisateurs une notification avanc\u00e9e. Cela n&#8217;inclut pas les partenaires d&#8217;h\u00e9bergement de sites Web et les autres parties qui nous aident \u00e0 exploiter notre site Web, \u00e0 mener nos activit\u00e9s ou \u00e0 servir nos utilisateurs, tant que ces parties conviennent de garder ces informations confidentielles. Nous pouvons \u00e9galement divulguer des informations lorsque cela est n\u00e9cessaire pour se conformer \u00e0 la loi, pour faire respecter les politiques de notre site ou pour prot\u00e9ger nos droits, nos biens ou notre s\u00e9curit\u00e9.<\/p>\n<p>Cependant, les informations pour les visiteurs qui ne peuvent pas \u00eatre personnellement identifi\u00e9es peuvent \u00eatre fournies \u00e0 d&#8217;autres parties pour le marketing, la publicit\u00e9 ou d&#8217;autres utilisations.<\/p>\n<p>&nbsp;<\/p>\n<p><strong>Liens vers des tiers<\/strong><\/p>\n<p>Nous n&#8217;incluons ni n&#8217;offrons de produits ou services de tiers sur notre site Web.<\/p>\n<p><strong>&nbsp;<\/strong><\/p>\n<p><strong>Google<\/strong><\/p>\n<p>Les exigences de publicit\u00e9 de Google peuvent \u00eatre r\u00e9sum\u00e9es selon les principes de publicit\u00e9 de Google. Ils sont d\u00e9velopp\u00e9s pour offrir une exp\u00e9rience utilisateur positive. https:\/\/support.google.com\/adwordspolicy\/answer\/1316548?hl=en<\/p>\n<p>&nbsp;<\/p>\n<p>Nous utilisons Google AdSense Advertising sur notre site Web.<\/p>\n<p>Google, en tant que fournisseur tiers, utilise des cookies pour diffuser des annonces sur notre site. L&#8217;utilisation par Google du cookie DART lui permet de servir les utilisateurs d&#8217;annonces sur la base de visites pr\u00e9c\u00e9dentes sur notre site et d&#8217;autres sites sur Internet. Les utilisateurs peuvent d\u00e9sactiver l&#8217;utilisation des cookies DART en consultant la politique de confidentialit\u00e9 des r\u00e9seaux publicitaires et du contenu Google.<\/p>\n<p><strong>Nous avons mis en \u0153uvre les \u00e9l\u00e9ments suivants<\/strong>:<\/p>\n<ul>\n<li>Rapport les affichages du r\u00e9seau display de Google<\/li>\n<li>D\u00e9mographie et rapports d\u2019int\u00e9r\u00eat<\/li>\n<li>Int\u00e9gration de la plateforme DoubleClick<\/li>\n<\/ul>\n<p>Nous, conjointement avec des fournisseurs tiers, tels que Google, utilisons des cookies propri\u00e9taires (tels que les cookies Google Analytics) et des cookies tiers (tels que le cookie DoubleClick) ou d&#8217;autres identifiants tiers pour compiler des donn\u00e9es sur les interactions des utilisateurs avec les impressions d&#8217;annonces et d&#8217;autres fonctionnalit\u00e9s des services publicitaires, telles qu&#8217;elles se r\u00e9f\u00e8rent \u00e0 notre site Web.<\/p>\n<p>&nbsp;<\/p>\n<p><strong>Renonciation \u00e0:<\/strong><\/p>\n<p>Les utilisateurs peuvent d\u00e9finir des pr\u00e9f\u00e9rences sur la fa\u00e7on dont Google fait de la publicit\u00e9 \u00e0 l&#8217;aide de la page Param\u00e8tres de publicit\u00e9 Google. Ils peuvent \u00e9galement refuser de visiter la page de l&#8217;initiative de publicit\u00e9 hors ligne ou en utilisant l&#8217;option de navigateur Google Analytics<\/p>\n<p>&nbsp;<\/p>\n<p><strong>Loi sur la protection de la vie priv\u00e9e en ligne de la Californie<\/strong><\/p>\n<p>CalOPPA est la premi\u00e8re loi \u00e9tatique du pays qui exige que les sites Web commerciaux et les services en ligne affichent une politique de confidentialit\u00e9. La loi s&#8217;\u00e9tend bien au-del\u00e0 de la Californie pour exiger que toute personne ou entreprise aux \u00c9tats-Unis (et peut comprendre tout le monde) exploitant des sites Web qui collectent des informations personnellement identifiables aupr\u00e8s des consommateurs californiens affiche une politique de confidentialit\u00e9 visible sur son site Web, en pr\u00e9cisant exactement les informations collect\u00e9es et les personnes ou entreprises avec lesquelles elles sont partag\u00e9es. &#8211; Voir plus sur: http:\/\/consumercal.org\/california-online-privacy-protection-act-caloppa\/#sthash.0FdRbT51.dpuf<\/p>\n<p><strong>Selon CalOPPA, nous sommes d&#8217;accord avec ce qui suit:<\/strong><\/p>\n<p>Les utilisateurs peuvent visiter notre site de mani\u00e8re anonyme.<\/p>\n<p>Une fois cette politique de confidentialit\u00e9 cr\u00e9\u00e9e, nous ajouterons un lien vers notre page d&#8217;accueil ou au moins la premi\u00e8re page importante apr\u00e8s avoir acc\u00e9d\u00e9 \u00e0 notre site Web.<\/p>\n<p>Notre lien de politique de confidentialit\u00e9 comprend le mot \u00abconfidentialit\u00e9\u00bb et peut \u00eatre facilement trouv\u00e9 sur la page sp\u00e9cifi\u00e9e ci-dessus.<\/p>\n<p>Vous serez inform\u00e9 de toute modification de la politique de confidentialit\u00e9:<\/p>\n<ul>\n<li>Sur notre page avec la politique de confidentialit\u00e9<\/li>\n<\/ul>\n<p>Vous pouvez modifier vos informations personnelles:<\/p>\n<ul>\n<li>Par e-mail<\/li>\n<\/ul>\n<p><strong>Comment notre site g\u00e8re-t-il les signaux DNT (Do Not Track)?<\/strong><\/p>\n<p>Nous honorons les signaux Do Not Track, et ne suivons pas, ne plantons pas de cookies et n&#8217;utilisons pas de publicit\u00e9 lorsqu&#8217;un m\u00e9canisme de navigateur Do Not Track (DNT) existe.<\/p>\n<p><strong>Notre site permet-il le suivi du comportement des tiers<\/strong>?<\/p>\n<p>Il est \u00e9galement important de noter que nous autorisons le comportement de tiers<\/p>\n<p>&nbsp;<\/p>\n<p><strong>COPPA (Loi sur la protection de la vie priv\u00e9e des enfants en ligne)<\/strong><\/p>\n<p>Lorsqu&#8217;il s&#8217;agit de collecter des informations personnelles aupr\u00e8s d&#8217;enfants de moins de 13 ans, la loi COPPA (Children&#8217;s Online Privacy Protection Act) place les parents sous contr\u00f4le. La Federal Trade Commission, l&#8217;Agence am\u00e9ricaine de protection des consommateurs, applique la r\u00e8gle COPPA, qui explique ce que les op\u00e9rateurs de sites Web et de services en ligne doivent faire pour prot\u00e9ger la vie priv\u00e9e et la s\u00e9curit\u00e9 des enfants en ligne.<\/p>\n<p>Nous ne commercialisons pas sp\u00e9cifiquement aux enfants de moins de 13 ans.<\/p>\n<p>&nbsp;<\/p>\n<p><strong>Pratiques \u00e9quitables d&#8217;information<\/strong><\/p>\n<p>Les principes de pratiques \u00e9quitables en mati\u00e8re d&#8217;information sont l&#8217;\u00e9pine dorsale du droit de la vie priv\u00e9e aux \u00c9tats-Unis, et les concepts qu&#8217;ils contiennent ont jou\u00e9 un r\u00f4le important dans l&#8217;\u00e9laboration de lois sur la protection des donn\u00e9es dans le monde entier. Comprendre les principes de pratiques \u00e9quitables en mati\u00e8re d&#8217;information et la mani\u00e8re dont ils doivent \u00eatre mis en \u0153uvre est essentiel pour faire respecter les diff\u00e9rentes lois sur la confidentialit\u00e9 qui prot\u00e8gent les informations personnelles.<\/p>\n<p>Afin de respecter des pratiques d&#8217;information \u00e9quitables, nous prendrons les mesures de r\u00e9ponse suivantes, en cas de violation des donn\u00e9es:<\/p>\n<p>Nous vous informerons par email<\/p>\n<ul>\n<li>Dans les 7 jours ouvrables<\/li>\n<\/ul>\n<p>Nous aviserons les utilisateurs par notification sur place<\/p>\n<ul>\n<li>Dans les 7 jours ouvrables<\/li>\n<\/ul>\n<p>Nous sommes \u00e9galement d&#8217;accord avec le Principe d&#8217;assainissement individuel, qui exige que les individus aient le droit d&#8217;exercer l\u00e9galement des droits ex\u00e9cutoires contre les collecteurs et les processeurs de donn\u00e9es qui ne respectent pas la loi. Ce principe oblige non seulement les individus \u00e0 avoir des droits ex\u00e9cutoires contre les utilisateurs de donn\u00e9es, mais \u00e9galement les personnes qui font appel aux tribunaux ou aux agences gouvernementales pour enqu\u00eater et \/ ou poursuivre les non-conformit\u00e9s des responsables du traitement des donn\u00e9es.<\/p>\n<p>&nbsp;<\/p>\n<p><strong>Loi PEUT SPAM<\/strong><\/p>\n<p>La loi CAN-SPAM est une loi qui \u00e9tablit les r\u00e8gles pour les e-mails commerciaux, d\u00e9finit les exigences pour les messages commerciaux, donne aux destinataires le droit d&#8217;emp\u00eacher l&#8217;envoi d&#8217;e-mails et sp\u00e9cifie des sanctions s\u00e9v\u00e8res en cas de violation.<\/p>\n<p>Nous collectons votre adresse e-mail pour:<\/p>\n<ul>\n<li>Envoyer des informations, r\u00e9pondre \u00e0 des questions et \/ ou \u00e0 d&#8217;autres demandes ou questions<\/li>\n<\/ul>\n<p>Pour nous conformer \u00e0 CANSPAM, nous acceptons ce qui suit:<\/p>\n<ul>\n<li>Nous n&#8217;utilisons pas de sujets ou d&#8217;adresses e-mail faux ou trompeurs.<\/li>\n<li>Nous identifions le message comme \u00e9tant publicitaire de mani\u00e8re raisonnable.<\/li>\n<li>Nous incluons l&#8217;adresse physique de notre si\u00e8ge social ou site.<\/li>\n<li>Nous surveillons les services de marketing par e-mail de tiers, le cas \u00e9ch\u00e9ant.<\/li>\n<li>Nous honorons les demandes de retrait \/ d\u00e9sabonnement rapide.<\/li>\n<li>Nous permettons aux utilisateurs de se d\u00e9sinscrire en utilisant le lien au bas de chaque e-mail.<\/li>\n<\/ul>\n<p>&nbsp;<\/p>\n<p>Si vous souhaitez vous d\u00e9sabonner de la r\u00e9ception de futurs e-mails, vous pouvez nous envoyer un e-mail et nous vous retirerons rapidement TOUTE correspondance.<\/p>\n<p>&nbsp;<\/p>\n<p>Contactez-nous<\/p>\n<p>Si vous avez des questions concernant cette politique de confidentialit\u00e9, vous pouvez nous contacter en utilisant les informations ci-dessous.<\/p>\n<p>e-twow.com<\/p>\n<p>Str. Aviatorilor no. 48, Craiova Industrial Park, Dolj, Roumanie<\/p>\n<p>Roumanie<\/p>\n<p>marketing@e-twow.ro<\/p>\n<p>Derni\u00e8re modification le 2018-06-04<\/p>\n<\/div>\n<\/div>\n<\/div><\/div><\/div><\/div><\/div><\/div><\/div><\/section>\n","protected":false},"excerpt":{"rendered":"Cette politique de confidentialit\u00e9 a \u00e9t\u00e9 \u00e9labor\u00e9e pour mieux servir ceux qui sont pr\u00e9occup\u00e9s par la fa\u00e7on dont les \u00abinformations d&#8217;identification personnelle\u00bb (PII) sont utilis\u00e9es en ligne. Les PII, tels que d\u00e9crites par la loi am\u00e9ricaine sur la confidentialit\u00e9 et la s\u00e9curit\u00e9 de l&#8217;information, sont des informations qui peuvent \u00eatre utilis\u00e9es par l&#8217;une ou l&#8217;autre...","protected":false},"author":1,"featured_media":0,"parent":0,"menu_order":0,"comment_status":"closed","ping_status":"closed","template":"","meta":{"ngg_post_thumbnail":0,"footnotes":""},"class_list":["post-8012","page","type-page","status-publish","hentry"],"yoast_head":"<!-- This site is optimized with the Yoast SEO Premium plugin v27.2 (Yoast SEO v27.2) - https:\/\/yoast.com\/product\/yoast-seo-premium-wordpress\/ -->\n<title>Politique de confidentialit\u00e9 - E-TWOW<\/title>\n<meta name=\"robots\" content=\"index, follow, max-snippet:-1, max-image-preview:large, max-video-preview:-1\" \/>\n<link rel=\"canonical\" href=\"https:\/\/e-twow.com\/privacy-policy\/\" \/>\n<meta property=\"og:locale\" content=\"fr_FR\" \/>\n<meta property=\"og:type\" content=\"article\" \/>\n<meta property=\"og:title\" content=\"Politique de confidentialit\u00e9\" \/>\n<meta property=\"og:url\" content=\"https:\/\/e-twow.com\/privacy-policy\/\" \/>\n<meta property=\"og:site_name\" content=\"E-TWOW\" \/>\n<meta property=\"article:modified_time\" content=\"2020-01-21T08:04:16+00:00\" \/>\n<meta name=\"twitter:card\" content=\"summary_large_image\" \/>\n<meta name=\"twitter:label1\" content=\"Dur\u00e9e de lecture estim\u00e9e\" \/>\n\t<meta name=\"twitter:data1\" content=\"10 minutes\" \/>\n<script type=\"application\/ld+json\" class=\"yoast-schema-graph\">{\"@context\":\"https:\/\/schema.org\",\"@graph\":[{\"@type\":\"WebPage\",\"@id\":\"https:\/\/e-twow.com\/privacy-policy\/\",\"url\":\"https:\/\/e-twow.com\/privacy-policy\/\",\"name\":\"Politique de confidentialit\u00e9 - E-TWOW\",\"isPartOf\":{\"@id\":\"https:\/\/e-twow.com\/#website\"},\"datePublished\":\"2018-06-04T10:01:33+00:00\",\"dateModified\":\"2020-01-21T08:04:16+00:00\",\"breadcrumb\":{\"@id\":\"https:\/\/e-twow.com\/privacy-policy\/#breadcrumb\"},\"inLanguage\":\"fr-FR\",\"potentialAction\":[{\"@type\":\"ReadAction\",\"target\":[\"https:\/\/e-twow.com\/privacy-policy\/\"]}]},{\"@type\":\"BreadcrumbList\",\"@id\":\"https:\/\/e-twow.com\/privacy-policy\/#breadcrumb\",\"itemListElement\":[{\"@type\":\"ListItem\",\"position\":1,\"name\":\"Accueil\",\"item\":\"https:\/\/e-twow.com\/fr\/\"},{\"@type\":\"ListItem\",\"position\":2,\"name\":\"Politique de confidentialit\u00e9\"}]},{\"@type\":\"WebSite\",\"@id\":\"https:\/\/e-twow.com\/#website\",\"url\":\"https:\/\/e-twow.com\/\",\"name\":\"E-TWOW\",\"description\":\"Portable Scooter\",\"potentialAction\":[{\"@type\":\"SearchAction\",\"target\":{\"@type\":\"EntryPoint\",\"urlTemplate\":\"https:\/\/e-twow.com\/?s={search_term_string}\"},\"query-input\":{\"@type\":\"PropertyValueSpecification\",\"valueRequired\":true,\"valueName\":\"search_term_string\"}}],\"inLanguage\":\"fr-FR\"}]}<\/script>\n<!-- \/ Yoast SEO Premium plugin. -->","yoast_head_json":{"title":"Politique de confidentialit\u00e9 - E-TWOW","robots":{"index":"index","follow":"follow","max-snippet":"max-snippet:-1","max-image-preview":"max-image-preview:large","max-video-preview":"max-video-preview:-1"},"canonical":"https:\/\/e-twow.com\/privacy-policy\/","og_locale":"fr_FR","og_type":"article","og_title":"Politique de confidentialit\u00e9","og_url":"https:\/\/e-twow.com\/privacy-policy\/","og_site_name":"E-TWOW","article_modified_time":"2020-01-21T08:04:16+00:00","twitter_card":"summary_large_image","twitter_misc":{"Dur\u00e9e de lecture estim\u00e9e":"10 minutes"},"schema":{"@context":"https:\/\/schema.org","@graph":[{"@type":"WebPage","@id":"https:\/\/e-twow.com\/privacy-policy\/","url":"https:\/\/e-twow.com\/privacy-policy\/","name":"Politique de confidentialit\u00e9 - E-TWOW","isPartOf":{"@id":"https:\/\/e-twow.com\/#website"},"datePublished":"2018-06-04T10:01:33+00:00","dateModified":"2020-01-21T08:04:16+00:00","breadcrumb":{"@id":"https:\/\/e-twow.com\/privacy-policy\/#breadcrumb"},"inLanguage":"fr-FR","potentialAction":[{"@type":"ReadAction","target":["https:\/\/e-twow.com\/privacy-policy\/"]}]},{"@type":"BreadcrumbList","@id":"https:\/\/e-twow.com\/privacy-policy\/#breadcrumb","itemListElement":[{"@type":"ListItem","position":1,"name":"Accueil","item":"https:\/\/e-twow.com\/fr\/"},{"@type":"ListItem","position":2,"name":"Politique de confidentialit\u00e9"}]},{"@type":"WebSite","@id":"https:\/\/e-twow.com\/#website","url":"https:\/\/e-twow.com\/","name":"E-TWOW","description":"Portable Scooter","potentialAction":[{"@type":"SearchAction","target":{"@type":"EntryPoint","urlTemplate":"https:\/\/e-twow.com\/?s={search_term_string}"},"query-input":{"@type":"PropertyValueSpecification","valueRequired":true,"valueName":"search_term_string"}}],"inLanguage":"fr-FR"}]}},"_links":{"self":[{"href":"https:\/\/e-twow.com\/fr\/wp-json\/wp\/v2\/pages\/8012","targetHints":{"allow":["GET"]}}],"collection":[{"href":"https:\/\/e-twow.com\/fr\/wp-json\/wp\/v2\/pages"}],"about":[{"href":"https:\/\/e-twow.com\/fr\/wp-json\/wp\/v2\/types\/page"}],"author":[{"embeddable":true,"href":"https:\/\/e-twow.com\/fr\/wp-json\/wp\/v2\/users\/1"}],"replies":[{"embeddable":true,"href":"https:\/\/e-twow.com\/fr\/wp-json\/wp\/v2\/comments?post=8012"}],"version-history":[{"count":1,"href":"https:\/\/e-twow.com\/fr\/wp-json\/wp\/v2\/pages\/8012\/revisions"}],"predecessor-version":[{"id":8013,"href":"https:\/\/e-twow.com\/fr\/wp-json\/wp\/v2\/pages\/8012\/revisions\/8013"}],"wp:attachment":[{"href":"https:\/\/e-twow.com\/fr\/wp-json\/wp\/v2\/media?parent=8012"}],"curies":[{"name":"wp","href":"https:\/\/api.w.org\/{rel}","templated":true}]}}