{"id":8008,"date":"2018-06-04T06:02:50","date_gmt":"2018-06-04T06:02:50","guid":{"rendered":"https:\/\/e-twow.com\/faq\/"},"modified":"2020-01-21T08:00:34","modified_gmt":"2020-01-21T08:00:34","slug":"faq","status":"publish","type":"page","link":"https:\/\/e-twow.com\/fr\/faq\/","title":{"rendered":"FaQ"},"content":{"rendered":"<section class=\"l-section wpb_row height_small\"><div class=\"l-section-h i-cf\"><div class=\"g-cols vc_row via_flex valign_top type_default stacking_default\"><div class=\"vc_col-sm-12 wpb_column vc_column_container\"><div class=\"vc_column-inner\"><div class=\"wpb_wrapper\"><div class=\"wpb_text_column\"><div class=\"wpb_wrapper\"><h2 style=\"text-align: center;\"><strong>Questions et r\u00e9ponses<\/strong><\/h2>\n<h3 style=\"text-align: center;\">Trouvez des r\u00e9ponses rapides \u00e0 toutes vos questions sur les produits E-TWOW<\/h3>\n<\/div><\/div><\/div><\/div><\/div><\/div><\/div><\/section><section class=\"l-section wpb_row height_small\"><div class=\"l-section-h i-cf\"><div class=\"g-cols vc_row via_flex valign_top type_default stacking_default\"><div class=\"vc_col-sm-12 wpb_column vc_column_container\"><div class=\"vc_column-inner\"><div class=\"wpb_wrapper\"><div class=\"w-tabs style_default switch_click accordion has_scrolling\" style=\"--sections-title-size:inherit\"><div class=\"w-tabs-sections titles-align_none icon_chevron cpos_right\"><div class=\"w-tabs-section\" id=\"hb63\"><button class=\"w-tabs-section-header\" aria-controls=\"content-hb63\" aria-expanded=\"false\"><div class=\"w-tabs-section-title\">Quelle est la consommation d&#8217;\u00e9nergie d&#8217;une trottinette E-TWOW?<\/div><div class=\"w-tabs-section-control\"><\/div><\/button><div  class=\"w-tabs-section-content\" id=\"content-hb63\"><div class=\"w-tabs-section-content-h i-cf\"><div class=\"wpb_text_column\"><div class=\"wpb_wrapper\"><p>La trottinette E-TWOW a une consommation \u00e9lectrique de seulement 6,15 W \/ km (avec des feux LED allum\u00e9es).<\/p>\n<\/div><\/div><\/div><\/div><\/div><div class=\"w-tabs-section\" id=\"bd7b\"><button class=\"w-tabs-section-header\" aria-controls=\"content-bd7b\" aria-expanded=\"false\"><div class=\"w-tabs-section-title\">Quelle est la vitesse maximale d&#8217;une trottinette E-TWOW?<\/div><div class=\"w-tabs-section-control\"><\/div><\/button><div  class=\"w-tabs-section-content\" id=\"content-bd7b\"><div class=\"w-tabs-section-content-h i-cf\"><div class=\"wpb_text_column\"><div class=\"wpb_wrapper\"><p>Les trottinettes E-TWOW peuvent atteindre des vitesses allant jusqu&#8217;\u00e0 40 km \/ h! De nombreux pays ont une l\u00e9gislation qui limite la vitesse. La trottinette E-TWOW a une particularit\u00e9 &#8211; la vitesse peut \u00eatre limit\u00e9e selon la l\u00e9gislation de chaque pays, de sorte qu&#8217;une fois la vitesse maximale d\u00e9finie, la trottinette ne d\u00e9passera pas cette vitesse. Les limites de vitesse pr\u00e9d\u00e9finies sont de 6 km \/ h, 12 km \/ h, 20 km \/ h et 25 km \/ h. Cette fonction peut \u00eatre activ\u00e9e ou d\u00e9sactiv\u00e9e \u00e0 partir de la centrale de commande, selon les besoins de l&#8217;utilisateur.<\/p>\n<\/div><\/div><\/div><\/div><\/div><div class=\"w-tabs-section\" id=\"of80\"><button class=\"w-tabs-section-header\" aria-controls=\"content-of80\" aria-expanded=\"false\"><div class=\"w-tabs-section-title\">Quelle est l&#8217;autonomie des trottinettes E-TWOW?<\/div><div class=\"w-tabs-section-control\"><\/div><\/button><div  class=\"w-tabs-section-content\" id=\"content-of80\"><div class=\"w-tabs-section-content-h i-cf\"><div class=\"wpb_text_column\"><div class=\"wpb_wrapper\"><p>L&#8217;autonomie est comprise entre 30 et 50 km \/ h (selon le mod\u00e8le de trottinette) et est calcul\u00e9e \u00e0 une vitesse constante de 20 km \/ h, avec une charge inf\u00e9rieure \u00e0 75 kg et avec une vitesse du vent inf\u00e9rieure \u00e0 10 km \/ h. E-TWOW est la premi\u00e8re trottinette \u00e0 utiliser la technologie KERS (KINETIC ENERGY RECOVERY SYSTEM) \u00e0 travers le syst\u00e8me de freinage magn\u00e9tique, de sorte que la port\u00e9e pourrait \u00eatre augment\u00e9e jusqu&#8217;\u00e0 60%. Ce syst\u00e8me est utilis\u00e9 dans les voitures de Formule 1 et c&#8217;est la premi\u00e8re fois qu&#8217;une telle technologie est int\u00e9gr\u00e9e dans une trottinette \u00e9lectrique.<\/p>\n<\/div><\/div><\/div><\/div><\/div><div class=\"w-tabs-section\" id=\"p171\"><button class=\"w-tabs-section-header\" aria-controls=\"content-p171\" aria-expanded=\"false\"><div class=\"w-tabs-section-title\">Quel est le temps de chargement?<\/div><div class=\"w-tabs-section-control\"><\/div><\/button><div  class=\"w-tabs-section-content\" id=\"content-p171\"><div class=\"w-tabs-section-content-h i-cf\"><div class=\"wpb_text_column\"><div class=\"wpb_wrapper\"><p>Le temps de chargement varie entre 2 et 4 heures (selon le mod\u00e8le de trottinette). Lorsque vous recevez la trottinette \u00e9lectrique E-TWOW pour la premi\u00e8re fois, nous vous recommandons de charger compl\u00e8tement la batterie avant de l&#8217;utiliser et de la charger tous les trois mois pendant les p\u00e9riodes o\u00f9 vous n&#8217;utilisez pas la trottinette.<\/p>\n<\/div><\/div><\/div><\/div><\/div><div class=\"w-tabs-section\" id=\"z34b\"><button class=\"w-tabs-section-header\" aria-controls=\"content-z34b\" aria-expanded=\"false\"><div class=\"w-tabs-section-title\">Comment est le syst\u00e8me de freinage?<\/div><div class=\"w-tabs-section-control\"><\/div><\/button><div  class=\"w-tabs-section-content\" id=\"content-z34b\"><div class=\"w-tabs-section-content-h i-cf\"><div class=\"wpb_text_column\"><div class=\"wpb_wrapper\"><p>La trottinette a un double syst\u00e8me de freinage: il utilise un frein magn\u00e9tique (sans frottement), qui active \u00e9galement la technologie KERS et un frein \u00e0 pied arri\u00e8re qui arr\u00eate instantan\u00e9ment la trottinette, ce qui rend votre voyage tr\u00e8s fluide, s\u00fbr et confortable.<\/p>\n<\/div><\/div><\/div><\/div><\/div><div class=\"w-tabs-section\" id=\"e552\"><button class=\"w-tabs-section-header\" aria-controls=\"content-e552\" aria-expanded=\"false\"><div class=\"w-tabs-section-title\">Comment est le syst\u00e8me d&#8217;\u00e9clairage E-TWOW?<\/div><div class=\"w-tabs-section-control\"><\/div><\/button><div  class=\"w-tabs-section-content\" id=\"content-e552\"><div class=\"w-tabs-section-content-h i-cf\"><div class=\"wpb_text_column\"><div class=\"wpb_wrapper\"><p>La trottinette E-TWOW est \u00e9quip\u00e9e d&#8217;un syst\u00e8me d&#8217;\u00e9clairage compos\u00e9 de 6 feux LED blanches brillantes et d&#8217;un capteur qui allume automatiquement le feu lorsque la lumi\u00e8re ambiante est insuffisante.<\/p>\n<\/div><\/div><\/div><\/div><\/div><div class=\"w-tabs-section\" id=\"u727\"><button class=\"w-tabs-section-header\" aria-controls=\"content-u727\" aria-expanded=\"false\"><div class=\"w-tabs-section-title\">Est-elle l\u00e9g\u00e8re?<\/div><div class=\"w-tabs-section-control\"><\/div><\/button><div  class=\"w-tabs-section-content\" id=\"content-u727\"><div class=\"w-tabs-section-content-h i-cf\"><div class=\"wpb_text_column\"><div class=\"wpb_wrapper\"><p>Elle ne p\u00e8se que 10,7 kg, ce qui en fait la trottinette la plus l\u00e9g\u00e8re de sa gamme de sp\u00e9cifications.<\/p>\n<\/div><\/div><\/div><\/div><\/div><div class=\"w-tabs-section\" id=\"h90e\"><button class=\"w-tabs-section-header\" aria-controls=\"content-h90e\" aria-expanded=\"false\"><div class=\"w-tabs-section-title\">Peut-elle \u00eatre pli\u00e9e?<\/div><div class=\"w-tabs-section-control\"><\/div><\/button><div  class=\"w-tabs-section-content\" id=\"content-h90e\"><div class=\"w-tabs-section-content-h i-cf\"><div class=\"wpb_text_column\"><div class=\"wpb_wrapper\"><p>La trottinette E-TWOW est une trottinette \u00e9lectrique enti\u00e8rement pliable (brevet\u00e9e). Le processus de pliage se fait en 3 \u00e9tapes faciles et ne prend que quelques secondes. Elle est r\u00e9glable en hauteur, elle comprend le pliage du guidon et le pliage du corps principal. De plus, elle poss\u00e8de \u00e9galement un corps \u00e0 d\u00e9pliage automatique. L&#8217;ensemble des syst\u00e8mes de pliage n&#8217;ont jamais \u00e9t\u00e9 utilis\u00e9s jusqu&#8217;\u00e0 pr\u00e9sent pour un tel v\u00e9hicule.<\/p>\n<\/div><\/div><\/div><\/div><\/div><div class=\"w-tabs-section\" id=\"cae9\"><button class=\"w-tabs-section-header\" aria-controls=\"content-cae9\" aria-expanded=\"false\"><div class=\"w-tabs-section-title\"> Quelles sont les dimensions d\u2019une trottinette E-TWOW?<\/div><div class=\"w-tabs-section-control\"><\/div><\/button><div  class=\"w-tabs-section-content\" id=\"content-cae9\"><div class=\"w-tabs-section-content-h i-cf\"><div class=\"wpb_text_column\"><div class=\"wpb_wrapper\"><p>D\u00e9pli\u00e9e: 940 x 135 x 1160 mm | Pli\u00e9e: 945 x 135 x 300 mm; ce qui le rend tr\u00e8s facile \u00e0 transporter et \u00e0 ranger (par exemple, vous pouvez la ranger sous un bureau, dans une valise ou dans un vestiaire) et est pratiquement inobservable \u00e0 vos pieds ou sous les si\u00e8ges d&#8217;un bus ou d&#8217;un train.<\/p>\n<\/div><\/div><\/div><\/div><\/div><div class=\"w-tabs-section\" id=\"cd3f\"><button class=\"w-tabs-section-header\" aria-controls=\"content-cd3f\" aria-expanded=\"false\"><div class=\"w-tabs-section-title\">Devez-vous avoir des comp\u00e9tences particuli\u00e8res pour utiliser la trottinette E-TWOW?<\/div><div class=\"w-tabs-section-control\"><\/div><\/button><div  class=\"w-tabs-section-content\" id=\"content-cd3f\"><div class=\"w-tabs-section-content-h i-cf\"><div class=\"wpb_text_column\"><div class=\"wpb_wrapper\"><div id=\"questions\" class=\"section mcb-section \">\n<div class=\"section_wrapper mcb-section-inner\">\n<div class=\"wrap mcb-wrap one valign-top clearfix\">\n<div class=\"mcb-wrap-inner\">\n<div class=\"column mcb-column one column_faq \">\n<div class=\"faq\">\n<div class=\"mfn-acc faq_wrapper \">\n<div class=\"question active\">\n<div class=\"answer\">\n<p>La conception de la trottinette E-TWOW offre une conduite tr\u00e8s stable et facile, m\u00eame pour les personnes qui n&#8217;ont jamais utilis\u00e9 de trottinette auparavant.<\/p>\n<\/div>\n<\/div>\n<\/div>\n<\/div>\n<\/div>\n<\/div>\n<\/div>\n<\/div>\n<\/div>\n<\/div><\/div><\/div><\/div><\/div><\/div><\/div><\/div><\/div><\/div><\/div><\/div><\/section>\n","protected":false},"excerpt":{"rendered":"Questions et r\u00e9ponses Trouvez des r\u00e9ponses rapides \u00e0 toutes vos questions sur les produits E-TWOW Quelle est la consommation d&#8217;\u00e9nergie d&#8217;une trottinette E-TWOW?La trottinette E-TWOW a une consommation \u00e9lectrique de seulement 6,15 W \/ km (avec des feux LED allum\u00e9es). Quelle est la vitesse maximale d&#8217;une trottinette E-TWOW?Les trottinettes E-TWOW peuvent atteindre des vitesses allant...","protected":false},"author":1,"featured_media":0,"parent":0,"menu_order":0,"comment_status":"closed","ping_status":"closed","template":"","meta":{"ngg_post_thumbnail":0,"footnotes":""},"class_list":["post-8008","page","type-page","status-publish","hentry"],"yoast_head":"<!-- This site is optimized with the Yoast SEO Premium plugin v27.2 (Yoast SEO v27.2) - https:\/\/yoast.com\/product\/yoast-seo-premium-wordpress\/ -->\n<title>FaQ - E-TWOW<\/title>\n<meta name=\"robots\" content=\"index, follow, max-snippet:-1, max-image-preview:large, max-video-preview:-1\" \/>\n<link rel=\"canonical\" href=\"https:\/\/e-twow.com\/faq\/\" \/>\n<meta property=\"og:locale\" content=\"fr_FR\" \/>\n<meta property=\"og:type\" content=\"article\" \/>\n<meta property=\"og:title\" content=\"FaQ\" \/>\n<meta property=\"og:url\" content=\"https:\/\/e-twow.com\/faq\/\" \/>\n<meta property=\"og:site_name\" content=\"E-TWOW\" \/>\n<meta property=\"article:modified_time\" content=\"2020-01-21T08:00:34+00:00\" \/>\n<meta name=\"twitter:card\" content=\"summary_large_image\" \/>\n<meta name=\"twitter:label1\" content=\"Dur\u00e9e de lecture estim\u00e9e\" \/>\n\t<meta name=\"twitter:data1\" content=\"4 minutes\" \/>\n<script type=\"application\/ld+json\" class=\"yoast-schema-graph\">{\"@context\":\"https:\/\/schema.org\",\"@graph\":[{\"@type\":\"WebPage\",\"@id\":\"https:\/\/e-twow.com\/faq\/\",\"url\":\"https:\/\/e-twow.com\/faq\/\",\"name\":\"FaQ - E-TWOW\",\"isPartOf\":{\"@id\":\"https:\/\/e-twow.com\/#website\"},\"datePublished\":\"2018-06-04T06:02:50+00:00\",\"dateModified\":\"2020-01-21T08:00:34+00:00\",\"breadcrumb\":{\"@id\":\"https:\/\/e-twow.com\/faq\/#breadcrumb\"},\"inLanguage\":\"fr-FR\",\"potentialAction\":[{\"@type\":\"ReadAction\",\"target\":[\"https:\/\/e-twow.com\/faq\/\"]}]},{\"@type\":\"BreadcrumbList\",\"@id\":\"https:\/\/e-twow.com\/faq\/#breadcrumb\",\"itemListElement\":[{\"@type\":\"ListItem\",\"position\":1,\"name\":\"Accueil\",\"item\":\"https:\/\/e-twow.com\/fr\/\"},{\"@type\":\"ListItem\",\"position\":2,\"name\":\"FaQ\"}]},{\"@type\":\"WebSite\",\"@id\":\"https:\/\/e-twow.com\/#website\",\"url\":\"https:\/\/e-twow.com\/\",\"name\":\"E-TWOW\",\"description\":\"Portable Scooter\",\"potentialAction\":[{\"@type\":\"SearchAction\",\"target\":{\"@type\":\"EntryPoint\",\"urlTemplate\":\"https:\/\/e-twow.com\/?s={search_term_string}\"},\"query-input\":{\"@type\":\"PropertyValueSpecification\",\"valueRequired\":true,\"valueName\":\"search_term_string\"}}],\"inLanguage\":\"fr-FR\"}]}<\/script>\n<!-- \/ Yoast SEO Premium plugin. -->","yoast_head_json":{"title":"FaQ - E-TWOW","robots":{"index":"index","follow":"follow","max-snippet":"max-snippet:-1","max-image-preview":"max-image-preview:large","max-video-preview":"max-video-preview:-1"},"canonical":"https:\/\/e-twow.com\/faq\/","og_locale":"fr_FR","og_type":"article","og_title":"FaQ","og_url":"https:\/\/e-twow.com\/faq\/","og_site_name":"E-TWOW","article_modified_time":"2020-01-21T08:00:34+00:00","twitter_card":"summary_large_image","twitter_misc":{"Dur\u00e9e de lecture estim\u00e9e":"4 minutes"},"schema":{"@context":"https:\/\/schema.org","@graph":[{"@type":"WebPage","@id":"https:\/\/e-twow.com\/faq\/","url":"https:\/\/e-twow.com\/faq\/","name":"FaQ - E-TWOW","isPartOf":{"@id":"https:\/\/e-twow.com\/#website"},"datePublished":"2018-06-04T06:02:50+00:00","dateModified":"2020-01-21T08:00:34+00:00","breadcrumb":{"@id":"https:\/\/e-twow.com\/faq\/#breadcrumb"},"inLanguage":"fr-FR","potentialAction":[{"@type":"ReadAction","target":["https:\/\/e-twow.com\/faq\/"]}]},{"@type":"BreadcrumbList","@id":"https:\/\/e-twow.com\/faq\/#breadcrumb","itemListElement":[{"@type":"ListItem","position":1,"name":"Accueil","item":"https:\/\/e-twow.com\/fr\/"},{"@type":"ListItem","position":2,"name":"FaQ"}]},{"@type":"WebSite","@id":"https:\/\/e-twow.com\/#website","url":"https:\/\/e-twow.com\/","name":"E-TWOW","description":"Portable Scooter","potentialAction":[{"@type":"SearchAction","target":{"@type":"EntryPoint","urlTemplate":"https:\/\/e-twow.com\/?s={search_term_string}"},"query-input":{"@type":"PropertyValueSpecification","valueRequired":true,"valueName":"search_term_string"}}],"inLanguage":"fr-FR"}]}},"_links":{"self":[{"href":"https:\/\/e-twow.com\/fr\/wp-json\/wp\/v2\/pages\/8008","targetHints":{"allow":["GET"]}}],"collection":[{"href":"https:\/\/e-twow.com\/fr\/wp-json\/wp\/v2\/pages"}],"about":[{"href":"https:\/\/e-twow.com\/fr\/wp-json\/wp\/v2\/types\/page"}],"author":[{"embeddable":true,"href":"https:\/\/e-twow.com\/fr\/wp-json\/wp\/v2\/users\/1"}],"replies":[{"embeddable":true,"href":"https:\/\/e-twow.com\/fr\/wp-json\/wp\/v2\/comments?post=8008"}],"version-history":[{"count":2,"href":"https:\/\/e-twow.com\/fr\/wp-json\/wp\/v2\/pages\/8008\/revisions"}],"predecessor-version":[{"id":8010,"href":"https:\/\/e-twow.com\/fr\/wp-json\/wp\/v2\/pages\/8008\/revisions\/8010"}],"wp:attachment":[{"href":"https:\/\/e-twow.com\/fr\/wp-json\/wp\/v2\/media?parent=8008"}],"curies":[{"name":"wp","href":"https:\/\/api.w.org\/{rel}","templated":true}]}}