{"id":7529,"date":"2018-06-04T10:09:28","date_gmt":"2018-06-04T10:09:28","guid":{"rendered":"https:\/\/e-twow.com\/cookies\/"},"modified":"2020-01-20T11:43:04","modified_gmt":"2020-01-20T11:43:04","slug":"la-politique-dutilisation-des-cookies","status":"publish","type":"page","link":"https:\/\/e-twow.com\/fr\/la-politique-dutilisation-des-cookies\/","title":{"rendered":"La politique d&#8217;utilisation des cookies"},"content":{"rendered":"<section class=\"l-section wpb_row height_small\"><div class=\"l-section-h i-cf\"><div class=\"g-cols vc_row via_flex valign_top type_default stacking_default\"><div class=\"vc_col-sm-12 wpb_column vc_column_container\"><div class=\"vc_column-inner\"><div class=\"wpb_wrapper\"><div class=\"wpb_text_column\"><div class=\"wpb_wrapper\"><p><strong>Que sont les cookies?<\/strong><\/p>\n<p>&nbsp;<\/p>\n<p>Comme il est de pratique courante dans presque tous les sites Web professionnels, ce site utilise des cookies, qui sont de minuscules fichiers t\u00e9l\u00e9charg\u00e9s sur votre ordinateur, pour am\u00e9liorer votre exp\u00e9rience. Cette page d\u00e9crit quelles informations nous collectons, comment nous les utilisons et pourquoi nous avons parfois besoin de stocker ces cookies. Nous vous expliquerons \u00e9galement comment vous pouvez emp\u00eacher le stockage de ces cookies, mais cela pourrait d\u00e9grader ou interrompre certains \u00e9l\u00e9ments de la fonctionnalit\u00e9 des sites.<\/p>\n<p>&nbsp;<\/p>\n<p>Pour des informations plus g\u00e9n\u00e9rales sur les cookies, lisez l&#8217;article Wikipedia sur les cookies HTTP.<\/p>\n<p>&nbsp;<\/p>\n<p><strong>Comment utiliser les cookies<\/strong><\/p>\n<p>&nbsp;<\/p>\n<p>Nous utilisons des cookies pour diverses raisons d\u00e9taill\u00e9es ci-dessous. Malheureusement, dans la plupart des cas, il n\u2019existe pas d\u2019option standard dans le secteur permettant de d\u00e9sactiver les cookies sans d\u00e9sactiver compl\u00e8tement les fonctionnalit\u00e9s qu\u2019ils ajoutent \u00e0 ce site. Il est conseill\u00e9 de laisser les cookies actifs si vous ne savez pas si vous en avez besoin ou non ou s&#8217;ils sont utilis\u00e9s pour fournir un service que vous utilisez.<\/p>\n<p>&nbsp;<\/p>\n<p><strong>D\u00e9sactiver les cookies<\/strong><\/p>\n<p>&nbsp;<\/p>\n<p>Vous pouvez emp\u00eacher l\u2019installation de cookies en ajustant les param\u00e8tres de votre navigateur (voir Aide du navigateur pour le faire). Veuillez noter que la d\u00e9sactivation des cookies affectera les fonctionnalit\u00e9s de ce site et de nombreux autres sites Web auxquels vous acc\u00e9dez. La d\u00e9sactivation des cookies entra\u00eene g\u00e9n\u00e9ralement la d\u00e9sactivation de certaines fonctionnalit\u00e9s de ce site. Par cons\u00e9quent, il est recommand\u00e9 de ne pas d\u00e9sactiver les cookies.<\/p>\n<p>&nbsp;<\/p>\n<p><strong>Les cookies que nous utilisons<\/strong><\/p>\n<ul>\n<li>Cookies de newsletter par e-mail &#8211; Ce site propose des services d&#8217;abonnement \u00e0 la newsletter ou par e-mail, et les cookies peuvent \u00eatre utilis\u00e9s pour vous rappeler si vous \u00eates d\u00e9j\u00e0 inscrit et si vous souhaitez afficher certaines notifications qui peuvent \u00eatre valables uniquement pour les utilisateurs abonn\u00e9s \/ non-abonn\u00e9s.<\/li>\n<li>Cookies li\u00e9s aux formulaires- Lorsque vous envoyez des donn\u00e9es via un formulaire, telles que celles trouv\u00e9es sur les pages de contact ou les formulaires de commentaires, vous pouvez configurer les cookies pour m\u00e9moriser les informations de l&#8217;utilisateur lors de futures correspondance.<\/li>\n<li>Cookies de pr\u00e9f\u00e9rence de site &#8211; Pour vous offrir une excellente exp\u00e9rience sur ce site, nous vous donnons la possibilit\u00e9 de d\u00e9finir vos pr\u00e9f\u00e9rences quant \u00e0 la fa\u00e7on dont ce site fonctionne lorsque vous l&#8217;utilisez. Afin de m\u00e9moriser vos pr\u00e9f\u00e9rences, nous devons d\u00e9finir des cookies afin que ces informations puissent \u00eatre demand\u00e9es \u00e0 tout moment lorsque vous interagissez avec une page affect\u00e9e par vos pr\u00e9f\u00e9rences.<\/li>\n<\/ul>\n<p><strong>&nbsp;<\/strong><\/p>\n<p><strong>Cookies de tiers<\/strong><\/p>\n<p>&nbsp;<\/p>\n<p>Dans certains cas particuliers, nous utilisons \u00e9galement des cookies fournis par des tiers fiable. La section suivante d\u00e9taille les cookies de tiers que vous pouvez rencontrer via ce site.<\/p>\n<p>&nbsp;<\/p>\n<ul>\n<li>Ce site utilise Google Analytics, l\u2019une des solutions d\u2019analyse Web les plus r\u00e9pandues et les plus fiables, qui nous aide \u00e0 comprendre comment vous utilisez le site et comment nous pouvons am\u00e9liorer votre exp\u00e9rience. Ces cookies permettent de suivre le temps pass\u00e9 sur le site et les pages que vous visitez, afin que nous puissions continuer \u00e0 produire un contenu attrayant.<\/li>\n<\/ul>\n<p>&nbsp;<\/p>\n<p>Pour plus d&#8217;informations sur les cookies Google Analytics, voir la page officielle de Google Analytics.<\/p>\n<p>&nbsp;<\/p>\n<ul>\n<li>Nous utilisons \u00e9galement des boutons et \/ ou des plug-ins de m\u00e9dias sociaux sur ce site qui vous permettent de vous connecter au r\u00e9seau social de diff\u00e9rentes mani\u00e8res. Pour que ces sites fonctionnent, les sites de m\u00e9dias sociaux suivants, notamment: {Facebook, Instagram} installeront des cookies sur notre site, qui peuvent \u00eatre utilis\u00e9s pour am\u00e9liorer votre profil sur leur site ou pour contribuer \u00e0 leurs donn\u00e9es \u00e0 des fins diverses, pr\u00e9sent\u00e9es de mani\u00e8re confidentielle.<\/li>\n<\/ul>\n<p>&nbsp;<\/p>\n<p><strong>Plus d&#8217;informations<\/strong><\/p>\n<p>&nbsp;<\/p>\n<p>Nous esp\u00e9rons que cela clarifie les choses pour vous et, comme indiqu\u00e9 ci-dessus, si vous n&#8217;\u00eates pas s\u00fbr de savoir si vous en avez besoin, il est g\u00e9n\u00e9ralement plus s\u00fbr de laisser les cookies activ\u00e9s s&#8217;ils interagissent avec l&#8217;une des fonctionnalit\u00e9s de que vous utilisez sur notre site. Cette strat\u00e9gie de cookie a \u00e9t\u00e9 cr\u00e9\u00e9e \u00e0 l&#8217;aide du G\u00e9n\u00e9rateur CookiePolicyGenerator.com.<\/p>\n<p>&nbsp;<\/p>\n<p>Toutefois, si vous avez encore besoin de plus d&#8217;informations, vous pouvez nous contacter via l&#8217;une de nos m\u00e9thodes de contact pr\u00e9f\u00e9r\u00e9es:<\/p>\n<p>&nbsp;<\/p>\n<ul>\n<li>E-mail: <a href=\"mailto:marketing@e-twow.com\">marketing@e-twow.com<\/a><\/li>\n<\/ul>\n<\/div><\/div><\/div><\/div><\/div><\/div><\/div><\/section>\n","protected":false},"excerpt":{"rendered":"Que sont les cookies? &nbsp; Comme il est de pratique courante dans presque tous les sites Web professionnels, ce site utilise des cookies, qui sont de minuscules fichiers t\u00e9l\u00e9charg\u00e9s sur votre ordinateur, pour am\u00e9liorer votre exp\u00e9rience. Cette page d\u00e9crit quelles informations nous collectons, comment nous les utilisons et pourquoi nous avons parfois besoin de stocker...","protected":false},"author":1,"featured_media":0,"parent":0,"menu_order":0,"comment_status":"closed","ping_status":"closed","template":"","meta":{"ngg_post_thumbnail":0,"footnotes":""},"class_list":["post-7529","page","type-page","status-publish","hentry"],"yoast_head":"<!-- This site is optimized with the Yoast SEO Premium plugin v27.2 (Yoast SEO v27.2) - https:\/\/yoast.com\/product\/yoast-seo-premium-wordpress\/ -->\n<title>La politique d&#039;utilisation des cookies - E-TWOW<\/title>\n<meta name=\"robots\" content=\"index, follow, max-snippet:-1, max-image-preview:large, max-video-preview:-1\" \/>\n<link rel=\"canonical\" href=\"https:\/\/e-twow.com\/cookies\/\" \/>\n<meta property=\"og:locale\" content=\"fr_FR\" \/>\n<meta property=\"og:type\" content=\"article\" \/>\n<meta property=\"og:title\" content=\"La politique d&#039;utilisation des cookies\" \/>\n<meta property=\"og:url\" content=\"https:\/\/e-twow.com\/cookies\/\" \/>\n<meta property=\"og:site_name\" content=\"E-TWOW\" \/>\n<meta property=\"article:modified_time\" content=\"2020-01-20T11:43:04+00:00\" \/>\n<meta name=\"twitter:card\" content=\"summary_large_image\" \/>\n<meta name=\"twitter:label1\" content=\"Dur\u00e9e de lecture estim\u00e9e\" \/>\n\t<meta name=\"twitter:data1\" content=\"4 minutes\" \/>\n<script type=\"application\/ld+json\" class=\"yoast-schema-graph\">{\"@context\":\"https:\/\/schema.org\",\"@graph\":[{\"@type\":\"WebPage\",\"@id\":\"https:\/\/e-twow.com\/cookies\/\",\"url\":\"https:\/\/e-twow.com\/cookies\/\",\"name\":\"La politique d'utilisation des cookies - E-TWOW\",\"isPartOf\":{\"@id\":\"https:\/\/e-twow.com\/#website\"},\"datePublished\":\"2018-06-04T10:09:28+00:00\",\"dateModified\":\"2020-01-20T11:43:04+00:00\",\"breadcrumb\":{\"@id\":\"https:\/\/e-twow.com\/cookies\/#breadcrumb\"},\"inLanguage\":\"fr-FR\",\"potentialAction\":[{\"@type\":\"ReadAction\",\"target\":[\"https:\/\/e-twow.com\/cookies\/\"]}]},{\"@type\":\"BreadcrumbList\",\"@id\":\"https:\/\/e-twow.com\/cookies\/#breadcrumb\",\"itemListElement\":[{\"@type\":\"ListItem\",\"position\":1,\"name\":\"Accueil\",\"item\":\"https:\/\/e-twow.com\/fr\/\"},{\"@type\":\"ListItem\",\"position\":2,\"name\":\"La politique d&#8217;utilisation des cookies\"}]},{\"@type\":\"WebSite\",\"@id\":\"https:\/\/e-twow.com\/#website\",\"url\":\"https:\/\/e-twow.com\/\",\"name\":\"E-TWOW\",\"description\":\"Portable Scooter\",\"potentialAction\":[{\"@type\":\"SearchAction\",\"target\":{\"@type\":\"EntryPoint\",\"urlTemplate\":\"https:\/\/e-twow.com\/?s={search_term_string}\"},\"query-input\":{\"@type\":\"PropertyValueSpecification\",\"valueRequired\":true,\"valueName\":\"search_term_string\"}}],\"inLanguage\":\"fr-FR\"}]}<\/script>\n<!-- \/ Yoast SEO Premium plugin. -->","yoast_head_json":{"title":"La politique d'utilisation des cookies - E-TWOW","robots":{"index":"index","follow":"follow","max-snippet":"max-snippet:-1","max-image-preview":"max-image-preview:large","max-video-preview":"max-video-preview:-1"},"canonical":"https:\/\/e-twow.com\/cookies\/","og_locale":"fr_FR","og_type":"article","og_title":"La politique d'utilisation des cookies","og_url":"https:\/\/e-twow.com\/cookies\/","og_site_name":"E-TWOW","article_modified_time":"2020-01-20T11:43:04+00:00","twitter_card":"summary_large_image","twitter_misc":{"Dur\u00e9e de lecture estim\u00e9e":"4 minutes"},"schema":{"@context":"https:\/\/schema.org","@graph":[{"@type":"WebPage","@id":"https:\/\/e-twow.com\/cookies\/","url":"https:\/\/e-twow.com\/cookies\/","name":"La politique d'utilisation des cookies - E-TWOW","isPartOf":{"@id":"https:\/\/e-twow.com\/#website"},"datePublished":"2018-06-04T10:09:28+00:00","dateModified":"2020-01-20T11:43:04+00:00","breadcrumb":{"@id":"https:\/\/e-twow.com\/cookies\/#breadcrumb"},"inLanguage":"fr-FR","potentialAction":[{"@type":"ReadAction","target":["https:\/\/e-twow.com\/cookies\/"]}]},{"@type":"BreadcrumbList","@id":"https:\/\/e-twow.com\/cookies\/#breadcrumb","itemListElement":[{"@type":"ListItem","position":1,"name":"Accueil","item":"https:\/\/e-twow.com\/fr\/"},{"@type":"ListItem","position":2,"name":"La politique d&#8217;utilisation des cookies"}]},{"@type":"WebSite","@id":"https:\/\/e-twow.com\/#website","url":"https:\/\/e-twow.com\/","name":"E-TWOW","description":"Portable Scooter","potentialAction":[{"@type":"SearchAction","target":{"@type":"EntryPoint","urlTemplate":"https:\/\/e-twow.com\/?s={search_term_string}"},"query-input":{"@type":"PropertyValueSpecification","valueRequired":true,"valueName":"search_term_string"}}],"inLanguage":"fr-FR"}]}},"_links":{"self":[{"href":"https:\/\/e-twow.com\/fr\/wp-json\/wp\/v2\/pages\/7529","targetHints":{"allow":["GET"]}}],"collection":[{"href":"https:\/\/e-twow.com\/fr\/wp-json\/wp\/v2\/pages"}],"about":[{"href":"https:\/\/e-twow.com\/fr\/wp-json\/wp\/v2\/types\/page"}],"author":[{"embeddable":true,"href":"https:\/\/e-twow.com\/fr\/wp-json\/wp\/v2\/users\/1"}],"replies":[{"embeddable":true,"href":"https:\/\/e-twow.com\/fr\/wp-json\/wp\/v2\/comments?post=7529"}],"version-history":[{"count":1,"href":"https:\/\/e-twow.com\/fr\/wp-json\/wp\/v2\/pages\/7529\/revisions"}],"predecessor-version":[{"id":7530,"href":"https:\/\/e-twow.com\/fr\/wp-json\/wp\/v2\/pages\/7529\/revisions\/7530"}],"wp:attachment":[{"href":"https:\/\/e-twow.com\/fr\/wp-json\/wp\/v2\/media?parent=7529"}],"curies":[{"name":"wp","href":"https:\/\/api.w.org\/{rel}","templated":true}]}}