{"id":7508,"date":"2017-09-01T06:35:36","date_gmt":"2017-09-01T06:35:36","guid":{"rendered":"https:\/\/e-twow.com\/?page_id=7508"},"modified":"2023-01-13T13:44:12","modified_gmt":"2023-01-13T13:44:12","slug":"a-propos-de-nousabout-us","status":"publish","type":"page","link":"https:\/\/e-twow.com\/fr\/a-propos-de-nousabout-us\/","title":{"rendered":"\u00c0 propos de nous"},"content":{"rendered":"<section class=\"l-section wpb_row height_small\"><div class=\"l-section-h i-cf\"><div class=\"g-cols vc_row via_flex valign_top type_default stacking_default\"><div class=\"vc_col-sm-12 wpb_column vc_column_container\"><div class=\"vc_column-inner\"><div class=\"wpb_wrapper\"><div class=\"w-video align_none ratio_16x9 has_iframe\"><div class=\"w-video-h\"><iframe title=\"Vimeo video player\" src=\"https:\/\/player.vimeo.com\/video\/350916043?autoplay=0&loop=0&autopause=0&color=00adef&portrait=0&byline=1&title=1&controls=1&muted=0\" frameborder=\"0\" allow=\"autoplay; fullscreen\" allowfullscreen loading=\"lazy\"><\/iframe><\/div><\/div><\/div><\/div><\/div><\/div><\/div><\/section><section class=\"l-section wpb_row height_small\"><div class=\"l-section-h i-cf\"><div class=\"g-cols vc_row via_flex valign_top type_default stacking_default\"><div class=\"vc_col-sm-12 wpb_column vc_column_container\"><div class=\"vc_column-inner\"><div class=\"wpb_wrapper\"><div class=\"g-cols wpb_row via_flex valign_top type_default stacking_default\"><div class=\"vc_col-sm-8 wpb_column vc_column_container\"><div class=\"vc_column-inner\"><div class=\"wpb_wrapper\"><div class=\"wpb_text_column\"><div class=\"wpb_wrapper\"><div class=\"column mcb-column one column_column column-margin-\">\n<div class=\"column_attr clearfix\">\n<h2><strong>L&#8217;histoire d&#8217;E-TWOW<\/strong><\/h2>\n<p>E-TWOW fait partie d&#8217;un grand concept international, dont le si\u00e8ge est en Chine, ax\u00e9 sur l&#8217;offre d&#8217;une nouvelle \u00e8re dans la mobilit\u00e9 urbaine, \u00e0 travers nos v\u00e9hicules \u00e9lectriques ing\u00e9nieux. L&#8217;id\u00e9e, la conception et la construction de la trottinette \u00e9lectrique E-TWOW appartiennent \u00e0 l&#8217;ing\u00e9nieur roumain, le Dr Sorin SIRBU, et le concept a \u00e9t\u00e9 d\u00e9velopp\u00e9 en collaboration avec une \u00e9quipe d&#8217;ing\u00e9nieurs ayant une base solide en g\u00e9nie m\u00e9canique et \u00e9lectrique. Avec l\u2019aide des connaissances acquises au cours de ses ann\u00e9es d&#8217;\u00e9tudes techniques, mais surtout motiv\u00e9 par la passion de trouver des solutions de transport innovantes, M. S\u00eerbu a mis \u00e0 profit son enthousiasme et ses capacit\u00e9s pour d\u00e9velopper une solution de transport pratique pour la vie quotidienne.<\/p>\n<\/div>\n<\/div>\n<div class=\"column mcb-column one column_column column-margin-0px\">\n<div class=\"column_attr clearfix\">&nbsp;<\/div>\n<\/div>\n<\/div><\/div><\/div><\/div><\/div><div class=\"vc_col-sm-4 wpb_column vc_column_container\"><div class=\"vc_column-inner\"><div class=\"wpb_wrapper\"><div class=\"w-image us_custom_5653b9aa has_height align_center\"><div class=\"w-image-h\"><img decoding=\"async\" width=\"1920\" height=\"1079\" src=\"https:\/\/e-twow.com\/wp-content\/uploads\/2020\/11\/ghidon-ajustabil-2.jpg\" class=\"attachment-full size-full\" alt=\"\" loading=\"lazy\" srcset=\"https:\/\/e-twow.com\/wp-content\/uploads\/2020\/11\/ghidon-ajustabil-2.jpg 1920w, https:\/\/e-twow.com\/wp-content\/uploads\/2020\/11\/ghidon-ajustabil-2-300x169.jpg 300w, https:\/\/e-twow.com\/wp-content\/uploads\/2020\/11\/ghidon-ajustabil-2-1024x575.jpg 1024w, https:\/\/e-twow.com\/wp-content\/uploads\/2020\/11\/ghidon-ajustabil-2-768x432.jpg 768w, https:\/\/e-twow.com\/wp-content\/uploads\/2020\/11\/ghidon-ajustabil-2-210x118.jpg 210w\" sizes=\"auto, (max-width: 1920px) 100vw, 1920px\" \/><\/div><\/div><\/div><\/div><\/div><\/div><div class=\"wpb_text_column\"><div class=\"wpb_wrapper\"><h2><strong>Comment<\/strong> <strong>tout a commenc\u00e9<\/strong><\/h2>\n<p>Le Dr Sorin SIRBU a cr\u00e9\u00e9 la premi\u00e8re trottinette \u00e9lectrique en 2013. \u00c0 cette \u00e9poque, il vivait \u00e0 Shanghai, o\u00f9 il dirigeait une entreprise prosp\u00e8re. L&#8217;invention de la trottinette est n\u00e9e pour des raisons pratiques et M. S\u00eerbu n&#8217;avait pas l&#8217;intention de transformer la trottinette en une entreprise. Il cherchait simplement une solution pratique pour se d\u00e9placer dans une ville anim\u00e9e comme Shanghai. Au d\u00e9but, il a essay\u00e9 se d\u00e9placer en v\u00e9lo \u00e9lectrique, mais il n&#8217;\u00e9tait pas content car il \u00e9tait lourd et il n&#8217;\u00e9tait pas autoris\u00e9 \u00e0 prendre le m\u00e9tro. Il a donc opt\u00e9 pour la trottinette classique. Comme il devait parcourir de longues distances, il a envisag\u00e9 la possibilit\u00e9 de construire une trottinette \u00e9lectrique. Le premier mod\u00e8le, qui avait un moteur de base et une courroie de traction, n\u2019a surv\u00e9cu que jusqu\u2019au restaurant le plus proche, o\u00f9 la courroie s\u2019est rompue. Cependant, l&#8217;exp\u00e9rience de conduire un v\u00e9hicule aussi petit et facile \u00e0 conduire \u00e9tait suffisante pour motiver M. S\u00eerbu \u00e0 continuer d&#8217;essayer. En trois mois, il cr\u00e9e la premi\u00e8re trottinette \u00e9lectrique fonctionnelle. Elle avait une port\u00e9e de 7-8 km kilom\u00e8tres et \u00e9tait tr\u00e8s facile \u00e0 manipuler.<\/p>\n<p>Ce type de v\u00e9hicule \u00e9lectrique \u00e9tait une nouveaut\u00e9 \u00e0 l&#8217;\u00e9poque, et les gens arr\u00eataient toujours M. S\u00eerbu dans la rue pour lui poser des questions sur la trottinette. \u00c0 cette \u00e9poque, M. S\u00eerbu envisageait de transformer son invention en une entreprise, une entreprise qui, esp\u00e9rait-il, changerait \u00e0 jamais la fa\u00e7on dont les gens se d\u00e9placent en milieu urbain. La trottinette \u00e9tant consid\u00e9r\u00e9e comme un jouet pour enfants, la trottinette \u00e9lectrique n\u2019a pas convaincu au d\u00e9but. Cependant, il suffisait aux gens de tester la trottinette pour se convaincre de son utilit\u00e9, sans parler du plaisir de voyager avec un tel v\u00e9hicule.<\/p>\n<h2><strong>Comment nous avons construit une nouvelle \u00e8re dans la mobilit\u00e9 urbaine<\/strong><\/h2>\n<p>Chaque ann\u00e9e apportait de nouveaux d\u00e9fis, mais chaque d\u00e9fi signifiait une am\u00e9lioration de la trottinette \u00e9lectrique. La trottinette E-TWOW a \u00e9t\u00e9 la premi\u00e8re trottinette \u00e0 int\u00e9grer un syst\u00e8me de r\u00e9cup\u00e9ration d&#8217;\u00e9nergie cin\u00e9tique, qui n&#8217;\u00e9tait utilis\u00e9 que pour les voitures de Formule 1 \u00e0 l&#8217;\u00e9poque. Le syst\u00e8me de pliage facile \u00e0 3 points en a fait l&#8217;un des v\u00e9hicules les plus pratiques pour le transport personnel, car il peut \u00eatre facilement transport\u00e9 et stock\u00e9. La conception initiale a subi tr\u00e8s peu de changements au fil du temps, car depuis le d\u00e9but, la trottinette a \u00e9t\u00e9 con\u00e7ue avec une stabilit\u00e9 et une maniabilit\u00e9 optimales.Cependant, les premi\u00e8res g\u00e9n\u00e9rations ont vu des am\u00e9liorations majeures de l&#8217;ergonomie et des logiciels.<\/p>\n<p>Au d\u00e9but, M. S\u00eerbu a travaill\u00e9 avec diff\u00e9rentes usines qui produisaient des composants pour trottinettes, mais en peu de temps, il a d\u00e9cid\u00e9 que la seule fa\u00e7on de garantir la qualit\u00e9 des trottinettes \u00e9tait de produire les composants dans sa propre usine. Actuellement, il existe deux centres d&#8217;affaires: l&#8217;usine chinoise et le centre administratif et logistique europ\u00e9en, situ\u00e9 en Roumanie. L&#8217;usine chinoise produit pr\u00e8s de 90% des composants de la trottinette (cela va du mat\u00e9riel, des logiciels, des moteurs, de tous les composants en plastique et m\u00eame des batteries, qui sont assembl\u00e9s \u00e0 l&#8217;aide de cellules Samsung).<\/p>\n<p>&nbsp;<\/p>\n<p>En 2017, le v\u00e9hicule \u00e9lectrique portable et pliable E-TWOW a remport\u00e9 une m\u00e9daille d&#8217;or pour la meilleure invention au 45<sup>e<\/sup> Salon international des inventions de Gen\u00e8ve. Au fil des ans, quelques autres fabricants ont commenc\u00e9 \u00e0 produire des v\u00e9hicules similaires, mais les trottinettes \u00e9lectriques E-TWOW sont toujours le meilleur choix, en raison de leur haute qualit\u00e9, de leur maniabilit\u00e9 incroyable et de leur facilit\u00e9 d&#8217;utilisation g\u00e9n\u00e9rale. Actuellement, la trottinette E-TWOW est le seul v\u00e9hicule \u00e9lectrique qui peut \u00eatre enti\u00e8rement fonctionnel sans batterie. Si vous retirez la batterie d&#8217;un autre v\u00e9hicule \u00e9lectrique et acc\u00e9l\u00e9rez, vous endommagerez le contr\u00f4leur ou les freins. Avec la trottinette E-TWOW, vous pouvez retirer la batterie et descendre la pente sans endommager les composants. De plus, m\u00eame sans batterie, vous pouvez toujours utiliser les freins et les feux.<\/p>\n<h2>Nos valeurs<\/h2>\n<h3>Innovation<\/h3>\n<p>D\u00e8s le d\u00e9but, le concept E-TWOW a \u00e9t\u00e9 aliment\u00e9 par l&#8217;innovation. Les trottinettes int\u00e8grent les derni\u00e8res technologies de l&#8217;industrie m\u00e9canique et \u00e9lectrique. L&#8217;usine est \u00e9quip\u00e9e d&#8217;\u00e9quipements HPRTM. Notre \u00e9quipement RTM haute pression propose des brevets personnalis\u00e9s pour les structures mixtes. Nous investissons \u00e9galement en permanence dans notre d\u00e9partement de recherche et d\u00e9veloppement, o\u00f9 nous avons les meilleurs ing\u00e9nieurs en France, en Allemagne et en Roumanie.<\/p>\n<h3>Satisfaction du client<\/h3>\n<p>Notre objectif n&#8217;a jamais \u00e9t\u00e9 de concevoir un produit parfait. La perfection est un concept statique et nous nous effor\u00e7ons de progresser et d&#8217;innover en permanence. Au fil des ans, les trottinettes \u00e9lectriques E-TWOW ont \u00e9t\u00e9 confront\u00e9es \u00e0 de nombreux d\u00e9fis. Cependant, gr\u00e2ce \u00e0 des tests et des \u00e9tudes constantes, nous avons continuellement am\u00e9lior\u00e9 nos trottinettes et \u00e9limin\u00e9 tous les probl\u00e8mes qui sont apparus au fur et \u00e0 mesure du processus de d\u00e9veloppement. Nous tenons \u00e0 remercier nos clients pour l&#8217;aide qu&#8217;ils ont apport\u00e9e \u00e0 travers leurs retours constructifs sur les probl\u00e8mes rencontr\u00e9s. Nous avons toujours essay\u00e9 de remercier nos clients avec un service et un support ad\u00e9quats, pour compenser les d\u00e9sagr\u00e9ments occasionn\u00e9s.<\/p>\n<h3>Construire un avenir durable<\/h3>\n<p>Notre vision de cr\u00e9er une nouvelle \u00e8re dans la mobilit\u00e9 urbaine va de pair avec notre volont\u00e9 de construire un avenir durable. De nos jours, de plus en plus de personnes choisissent de remplacer leur voiture par des v\u00e9hicules \u00e9lectriques, et la trottinette \u00e9lectrique est l&#8217;une des solutions les plus respectueuses de l&#8217;environnement pour le transport urbain. En plus, comme elles ne produisent aucune \u00e9mission de carbone, nos trottinettes \u00e9lectriques peuvent \u00e9galement \u00eatre utilis\u00e9es \u00e0 l\u2019int\u00e9rieur, ce qui est id\u00e9al pour les grandes zones couvertes telles que les a\u00e9roports ou les usines.<\/p>\n<\/div><\/div><div class=\"g-cols wpb_row us_custom_4e0cc4c3 via_flex valign_top type_default stacking_default\"><div class=\"vc_col-sm-6 wpb_column vc_column_container\"><div class=\"vc_column-inner\"><div class=\"wpb_wrapper\">[vc_custom_heading text=&#8221;USINE DE JINHUA ZHEJIANG<br \/>\nCHINE&#8221; font_container=&#8221;tag:h5|text_align:left&#8221; use_theme_fonts=&#8221;yes&#8221;]<div class=\"w-image align_none\"><div class=\"w-image-h\"><img decoding=\"async\" width=\"600\" height=\"453\" src=\"https:\/\/e-twow.com\/wp-content\/uploads\/2019\/06\/e-twow-factory.jpg\" class=\"attachment-full size-full\" alt=\"\" loading=\"lazy\" srcset=\"https:\/\/e-twow.com\/wp-content\/uploads\/2019\/06\/e-twow-factory.jpg 600w, https:\/\/e-twow.com\/wp-content\/uploads\/2019\/06\/e-twow-factory-300x227.jpg 300w\" sizes=\"auto, (max-width: 600px) 100vw, 600px\" \/><\/div><\/div><\/div><\/div><\/div><\/div><\/div><\/div><\/div><\/div><\/div><\/section>\n","protected":false},"excerpt":{"rendered":"L&#8217;histoire d&#8217;E-TWOW E-TWOW fait partie d&#8217;un grand concept international, dont le si\u00e8ge est en Chine, ax\u00e9 sur l&#8217;offre d&#8217;une nouvelle \u00e8re dans la mobilit\u00e9 urbaine, \u00e0 travers nos v\u00e9hicules \u00e9lectriques ing\u00e9nieux. L&#8217;id\u00e9e, la conception et la construction de la trottinette \u00e9lectrique E-TWOW appartiennent \u00e0 l&#8217;ing\u00e9nieur roumain, le Dr Sorin SIRBU, et le concept a \u00e9t\u00e9...","protected":false},"author":1,"featured_media":0,"parent":0,"menu_order":0,"comment_status":"closed","ping_status":"closed","template":"","meta":{"ngg_post_thumbnail":0,"footnotes":""},"class_list":["post-7508","page","type-page","status-publish","hentry"],"yoast_head":"<!-- This site is optimized with the Yoast SEO Premium plugin v27.4 (Yoast SEO v27.4) - https:\/\/yoast.com\/product\/yoast-seo-premium-wordpress\/ -->\n<title>\u00c0 propos de nous | E-TWOW<\/title>\n<meta name=\"description\" content=\"La marque E-TWOW \u2013 Electric Two Wheels fait partie d&#039;un grand concept international, visant \u00e0 offrir une nouvelle \u00e8re de la mobilit\u00e9 urbaine.\" \/>\n<meta name=\"robots\" content=\"index, follow, max-snippet:-1, max-image-preview:large, max-video-preview:-1\" \/>\n<link rel=\"canonical\" href=\"https:\/\/e-twow.com\/about-us\/\" \/>\n<meta property=\"og:locale\" content=\"fr_FR\" \/>\n<meta property=\"og:type\" content=\"article\" \/>\n<meta property=\"og:title\" content=\"\u00c0 propos de nous\" \/>\n<meta property=\"og:description\" content=\"La marque E-TWOW \u2013 Electric Two Wheels fait partie d&#039;un grand concept international, visant \u00e0 offrir une nouvelle \u00e8re de la mobilit\u00e9 urbaine.\" \/>\n<meta property=\"og:url\" content=\"https:\/\/e-twow.com\/about-us\/\" \/>\n<meta property=\"og:site_name\" content=\"E-TWOW\" \/>\n<meta property=\"article:modified_time\" content=\"2023-01-13T13:44:12+00:00\" \/>\n<meta property=\"og:image\" content=\"https:\/\/e-twow.com\/wp-content\/uploads\/2021\/05\/china.jpg\" \/>\n<meta name=\"twitter:card\" content=\"summary_large_image\" \/>\n<meta name=\"twitter:label1\" content=\"Dur\u00e9e de lecture estim\u00e9e\" \/>\n\t<meta name=\"twitter:data1\" content=\"6 minutes\" \/>\n<script type=\"application\/ld+json\" class=\"yoast-schema-graph\">{\"@context\":\"https:\\\/\\\/schema.org\",\"@graph\":[{\"@type\":\"WebPage\",\"@id\":\"https:\\\/\\\/e-twow.com\\\/about-us\\\/\",\"url\":\"https:\\\/\\\/e-twow.com\\\/about-us\\\/\",\"name\":\"\u00c0 propos de nous | E-TWOW\",\"isPartOf\":{\"@id\":\"https:\\\/\\\/e-twow.com\\\/#website\"},\"datePublished\":\"2017-09-01T06:35:36+00:00\",\"dateModified\":\"2023-01-13T13:44:12+00:00\",\"description\":\"La marque E-TWOW \u2013 Electric Two Wheels fait partie d'un grand concept international, visant \u00e0 offrir une nouvelle \u00e8re de la mobilit\u00e9 urbaine.\",\"breadcrumb\":{\"@id\":\"https:\\\/\\\/e-twow.com\\\/about-us\\\/#breadcrumb\"},\"inLanguage\":\"fr-FR\",\"potentialAction\":[{\"@type\":\"ReadAction\",\"target\":[\"https:\\\/\\\/e-twow.com\\\/about-us\\\/\"]}]},{\"@type\":\"BreadcrumbList\",\"@id\":\"https:\\\/\\\/e-twow.com\\\/about-us\\\/#breadcrumb\",\"itemListElement\":[{\"@type\":\"ListItem\",\"position\":1,\"name\":\"Accueil\",\"item\":\"https:\\\/\\\/e-twow.com\\\/fr\\\/\"},{\"@type\":\"ListItem\",\"position\":2,\"name\":\"\u00c0 propos de nous\"}]},{\"@type\":\"WebSite\",\"@id\":\"https:\\\/\\\/e-twow.com\\\/#website\",\"url\":\"https:\\\/\\\/e-twow.com\\\/\",\"name\":\"E-TWOW\",\"description\":\"Portable Scooter\",\"potentialAction\":[{\"@type\":\"SearchAction\",\"target\":{\"@type\":\"EntryPoint\",\"urlTemplate\":\"https:\\\/\\\/e-twow.com\\\/?s={search_term_string}\"},\"query-input\":{\"@type\":\"PropertyValueSpecification\",\"valueRequired\":true,\"valueName\":\"search_term_string\"}}],\"inLanguage\":\"fr-FR\"}]}<\/script>\n<!-- \/ Yoast SEO Premium plugin. -->","yoast_head_json":{"title":"\u00c0 propos de nous | E-TWOW","description":"La marque E-TWOW \u2013 Electric Two Wheels fait partie d'un grand concept international, visant \u00e0 offrir une nouvelle \u00e8re de la mobilit\u00e9 urbaine.","robots":{"index":"index","follow":"follow","max-snippet":"max-snippet:-1","max-image-preview":"max-image-preview:large","max-video-preview":"max-video-preview:-1"},"canonical":"https:\/\/e-twow.com\/about-us\/","og_locale":"fr_FR","og_type":"article","og_title":"\u00c0 propos de nous","og_description":"La marque E-TWOW \u2013 Electric Two Wheels fait partie d'un grand concept international, visant \u00e0 offrir une nouvelle \u00e8re de la mobilit\u00e9 urbaine.","og_url":"https:\/\/e-twow.com\/about-us\/","og_site_name":"E-TWOW","article_modified_time":"2023-01-13T13:44:12+00:00","og_image":[{"url":"https:\/\/e-twow.com\/wp-content\/uploads\/2021\/05\/china.jpg","type":"","width":"","height":""}],"twitter_card":"summary_large_image","twitter_misc":{"Dur\u00e9e de lecture estim\u00e9e":"6 minutes"},"schema":{"@context":"https:\/\/schema.org","@graph":[{"@type":"WebPage","@id":"https:\/\/e-twow.com\/about-us\/","url":"https:\/\/e-twow.com\/about-us\/","name":"\u00c0 propos de nous | E-TWOW","isPartOf":{"@id":"https:\/\/e-twow.com\/#website"},"datePublished":"2017-09-01T06:35:36+00:00","dateModified":"2023-01-13T13:44:12+00:00","description":"La marque E-TWOW \u2013 Electric Two Wheels fait partie d'un grand concept international, visant \u00e0 offrir une nouvelle \u00e8re de la mobilit\u00e9 urbaine.","breadcrumb":{"@id":"https:\/\/e-twow.com\/about-us\/#breadcrumb"},"inLanguage":"fr-FR","potentialAction":[{"@type":"ReadAction","target":["https:\/\/e-twow.com\/about-us\/"]}]},{"@type":"BreadcrumbList","@id":"https:\/\/e-twow.com\/about-us\/#breadcrumb","itemListElement":[{"@type":"ListItem","position":1,"name":"Accueil","item":"https:\/\/e-twow.com\/fr\/"},{"@type":"ListItem","position":2,"name":"\u00c0 propos de nous"}]},{"@type":"WebSite","@id":"https:\/\/e-twow.com\/#website","url":"https:\/\/e-twow.com\/","name":"E-TWOW","description":"Portable Scooter","potentialAction":[{"@type":"SearchAction","target":{"@type":"EntryPoint","urlTemplate":"https:\/\/e-twow.com\/?s={search_term_string}"},"query-input":{"@type":"PropertyValueSpecification","valueRequired":true,"valueName":"search_term_string"}}],"inLanguage":"fr-FR"}]}},"_links":{"self":[{"href":"https:\/\/e-twow.com\/fr\/wp-json\/wp\/v2\/pages\/7508","targetHints":{"allow":["GET"]}}],"collection":[{"href":"https:\/\/e-twow.com\/fr\/wp-json\/wp\/v2\/pages"}],"about":[{"href":"https:\/\/e-twow.com\/fr\/wp-json\/wp\/v2\/types\/page"}],"author":[{"embeddable":true,"href":"https:\/\/e-twow.com\/fr\/wp-json\/wp\/v2\/users\/1"}],"replies":[{"embeddable":true,"href":"https:\/\/e-twow.com\/fr\/wp-json\/wp\/v2\/comments?post=7508"}],"version-history":[{"count":19,"href":"https:\/\/e-twow.com\/fr\/wp-json\/wp\/v2\/pages\/7508\/revisions"}],"predecessor-version":[{"id":13590,"href":"https:\/\/e-twow.com\/fr\/wp-json\/wp\/v2\/pages\/7508\/revisions\/13590"}],"wp:attachment":[{"href":"https:\/\/e-twow.com\/fr\/wp-json\/wp\/v2\/media?parent=7508"}],"curies":[{"name":"wp","href":"https:\/\/api.w.org\/{rel}","templated":true}]}}