{"id":8239,"date":"2019-08-02T10:00:41","date_gmt":"2019-08-02T10:00:41","guid":{"rendered":"https:\/\/e-twow.com\/warranty\/"},"modified":"2020-02-17T09:14:34","modified_gmt":"2020-02-17T09:14:34","slug":"garantia","status":"publish","type":"page","link":"https:\/\/e-twow.com\/es\/garantia\/","title":{"rendered":"Garant\u00eda"},"content":{"rendered":"<section class=\"l-section wpb_row height_small\"><div class=\"l-section-h i-cf\"><div class=\"g-cols vc_row via_flex valign_top type_default stacking_default\"><div class=\"vc_col-sm-12 wpb_column vc_column_container\"><div class=\"vc_column-inner\"><div class=\"wpb_wrapper\"><div class=\"wpb_text_column\"><div class=\"wpb_wrapper\"><p><strong>Garant\u00eda<\/strong><\/p>\n<p>Los productos E-TWOW que compra de distribuidores autorizados se benefician de las condiciones de la garant\u00eda de conformidad con las leyes vigentes y las pol\u00edticas comerciales de los fabricantes. Los productos son nuevos, en su embalaje original y provienen de fuentes autorizadas.<\/p>\n<p>Cada distribuidor tiene la obligaci\u00f3n contractual de proporcionar un certificado de garant\u00eda. Para obtener reparaci\u00f3n o reemplazo bajo esta garant\u00eda, debe asegurarse de que el minorista o la tienda en l\u00ednea donde compr\u00f3 el patinete indique la ubicaci\u00f3n y la fecha de compra en el certificado de garant\u00eda. Tambi\u00e9n debe incluir una copia del certificado que envi\u00f3 con el patinete al enviar o enviar el patinete para su reparaci\u00f3n o reemplazo.<\/p>\n<p>Para cualquier problema de garant\u00eda, comun\u00edquese con la compa\u00f1\u00eda donde compr\u00f3 el patinete o cont\u00e1ctenos directamente en service@e-twow.com.<\/p>\n<p>Importante:<\/p>\n<ol>\n<li>Como comprador, debe utilizar el producto de acuerdo con las instrucciones del Manual del usuario. Encuentre el Manual del usuario en: <a href=\"https:\/\/e-twow.com\/wp-content\/uploads\/2019\/11\/manual-nou-trotinete-2019-v2-5-LANGUAGES-7-11-2019.pdf\">Manual de usuario<\/a><\/li>\n<\/ol>\n<p>\u00a1EL PRODUCTO SOLO SE USA DESPU\u00c9S DE LEER Y COMPRENDER LAS INSTRUCCIONES DEL MANUAL DEL USUARIO!<\/p>\n<ol start=\"2\">\n<li>Usted tiene la obligaci\u00f3n de conservar el certificado de garant\u00eda, que es el \u00fanico documento que certifica la garant\u00eda y se presentar\u00e1 junto con el documento de pago en caso de falla.<\/li>\n<li>Para cualquier reparaci\u00f3n durante el per\u00edodo de garant\u00eda, utilice \u00fanicamente el distribuidor al que compr\u00f3 el producto.<\/li>\n<li>Cualquier intervenci\u00f3n durante el per\u00edodo de garant\u00eda se resolver\u00e1 en un plazo m\u00e1ximo de 30 d\u00edas a partir de la fecha de registro.<\/li>\n<li>El per\u00edodo de garant\u00eda se extiende cuando el producto est\u00e1 en reparaci\u00f3n.<\/li>\n<li>El Vendedor se reserva el derecho de cobrar los costos aplicables por servicios y transporte si la garant\u00eda no cubre las situaciones de reparaci\u00f3n o reemplazo del equipo.<\/li>\n<li>El producto cumple con todas las normas europeas, de conformidad con el Certificado de conformidad incluido en el producto.<\/li>\n<li>Esta garant\u00eda se refiere a la conformidad del producto, en el momento de la venta, con todas las caracter\u00edsticas t\u00e9cnicas y cualidades declaradas por el vendedor.<\/li>\n<li>El producto solo se utilizar\u00e1 para fines normales<\/li>\n<\/ol>\n<p><strong>THE WARRANTY SHALL BE VOID AND ALL RIGHTS FROM IT SHALL BE LOST IN THE FOLLOWING SITUATIONS: <\/strong><\/p>\n<p>LA GARANT\u00cdA Y TODOS LOS DERECHOS QUE OFRECE SE CANCELAN EN LAS SIGUIENTES SITUACIONES:<\/p>\n<ol>\n<li>El producto no ha sido comercializado por E-TWOW ELECTRIC MOBILITY SA ni por ninguno de sus distribuidores autorizados.<\/li>\n<li>El producto ha sido modificado o reparado por t\u00e9cnicos no autorizados y \/ o utilizando equipos \/ accesorios defectuosos, modificados o no originales.<\/li>\n<li>El producto ha sufrido accidentes o da\u00f1os causados \u200b\u200bpor factores externos, condiciones atmosf\u00e9ricas o cualquier otro evento similar.<\/li>\n<li>Las fallas son causadas por suciedad, impurezas, agua, cuerpos extra\u00f1os, etc., seg\u00fan sea el caso.<\/li>\n<li>El producto se us\u00f3 bajo la lluvia y \/ o impulsado por un cuerpo de agua con una profundidad mayor de 4 cm.<\/li>\n<li>Serie de identificaci\u00f3n \/ c\u00f3digos \/ marcas registradas, etc. producto o piezas, que se eliminan \/ ilegibles, marcado o estampado realizado para diversos fines<\/li>\n<li>Las piezas de repuesto o las piezas originales tienen choques, choque mec\u00e1nico, fracturas t\u00e9rmicas u otras, grietas, etc., que no se les atribuyen.<\/li>\n<li>Da\u00f1os y defectos debidos a un manejo y transporte incorrectos realizados por el comprador.<\/li>\n<li>Modificaciones del estado inicial del producto por influencias naturales (corrosi\u00f3n, condensaci\u00f3n, etc.) debido a condiciones de almacenamiento inadecuadas.<\/li>\n<li>El producto no se ha utilizado de acuerdo con las condiciones del manual del usuario. &#8211; conexi\u00f3n<\/li>\n<li>El mal funcionamiento del producto es causado por vandalismo o causas similares.<\/li>\n<li>El per\u00edodo de garant\u00eda ha expirado.<\/li>\n<\/ol>\n<p>La garant\u00eda no cubre suministros, piezas de pl\u00e1stico, art\u00edculos de goma, neum\u00e1ticos, pintura y cualquier otro defecto causado por impacto, intemperie, desgaste, uso o almacenamiento incorrectos.<\/p>\n<p>Cualquier garant\u00eda para el producto se perder\u00e1 si el usuario arrienda o usa el patinete &nbsp;en cualquier otro esfuerzo comercial.<\/p>\n<p>La garant\u00eda es v\u00e1lida solo en el territorio del pa\u00eds donde se compr\u00f3 el producto.<\/p>\n<p><strong>Apoyo<\/strong><\/p>\n<p>Para asistencia t\u00e9cnica, comun\u00edquese con el minorista o la tienda en l\u00ednea donde compr\u00f3 el patinete.<\/p>\n<p>Si no puede comunicarse con el distribuidor donde compr\u00f3 el patinete, puede contactarnos directamente en <a href=\"mailto:service@e-twow.com\">service@e-twow.com<\/a>.<\/p>\n<\/div><\/div><\/div><\/div><\/div><\/div><\/div><\/section>\n","protected":false},"excerpt":{"rendered":"Garant\u00eda Los productos E-TWOW que compra de distribuidores autorizados se benefician de las condiciones de la garant\u00eda de conformidad con las leyes vigentes y las pol\u00edticas comerciales de los fabricantes. Los productos son nuevos, en su embalaje original y provienen de fuentes autorizadas. Cada distribuidor tiene la obligaci\u00f3n contractual de proporcionar un certificado de garant\u00eda....","protected":false},"author":1,"featured_media":0,"parent":0,"menu_order":0,"comment_status":"closed","ping_status":"closed","template":"","meta":{"ngg_post_thumbnail":0,"footnotes":""},"class_list":["post-8239","page","type-page","status-publish","hentry"],"yoast_head":"<!-- This site is optimized with the Yoast SEO Premium plugin v27.4 (Yoast SEO v27.4) - https:\/\/yoast.com\/product\/yoast-seo-premium-wordpress\/ -->\n<title>Garant\u00eda - E-TWOW<\/title>\n<meta name=\"robots\" content=\"index, follow, max-snippet:-1, max-image-preview:large, max-video-preview:-1\" \/>\n<link rel=\"canonical\" href=\"https:\/\/e-twow.com\/warranty\/\" \/>\n<meta property=\"og:locale\" content=\"es_ES\" \/>\n<meta property=\"og:type\" content=\"article\" \/>\n<meta property=\"og:title\" content=\"Garant\u00eda\" \/>\n<meta property=\"og:url\" content=\"https:\/\/e-twow.com\/warranty\/\" \/>\n<meta property=\"og:site_name\" content=\"E-TWOW\" \/>\n<meta property=\"article:modified_time\" content=\"2020-02-17T09:14:34+00:00\" \/>\n<meta name=\"twitter:card\" content=\"summary_large_image\" \/>\n<meta name=\"twitter:label1\" content=\"Tiempo de lectura\" \/>\n\t<meta name=\"twitter:data1\" content=\"4 minutos\" \/>\n<script type=\"application\/ld+json\" class=\"yoast-schema-graph\">{\"@context\":\"https:\\\/\\\/schema.org\",\"@graph\":[{\"@type\":\"WebPage\",\"@id\":\"https:\\\/\\\/e-twow.com\\\/warranty\\\/\",\"url\":\"https:\\\/\\\/e-twow.com\\\/warranty\\\/\",\"name\":\"Garant\u00eda - E-TWOW\",\"isPartOf\":{\"@id\":\"https:\\\/\\\/e-twow.com\\\/#website\"},\"datePublished\":\"2019-08-02T10:00:41+00:00\",\"dateModified\":\"2020-02-17T09:14:34+00:00\",\"breadcrumb\":{\"@id\":\"https:\\\/\\\/e-twow.com\\\/warranty\\\/#breadcrumb\"},\"inLanguage\":\"es\",\"potentialAction\":[{\"@type\":\"ReadAction\",\"target\":[\"https:\\\/\\\/e-twow.com\\\/warranty\\\/\"]}]},{\"@type\":\"BreadcrumbList\",\"@id\":\"https:\\\/\\\/e-twow.com\\\/warranty\\\/#breadcrumb\",\"itemListElement\":[{\"@type\":\"ListItem\",\"position\":1,\"name\":\"Portada\",\"item\":\"https:\\\/\\\/e-twow.com\\\/es\\\/\"},{\"@type\":\"ListItem\",\"position\":2,\"name\":\"Garant\u00eda\"}]},{\"@type\":\"WebSite\",\"@id\":\"https:\\\/\\\/e-twow.com\\\/#website\",\"url\":\"https:\\\/\\\/e-twow.com\\\/\",\"name\":\"E-TWOW\",\"description\":\"Portable Scooter\",\"potentialAction\":[{\"@type\":\"SearchAction\",\"target\":{\"@type\":\"EntryPoint\",\"urlTemplate\":\"https:\\\/\\\/e-twow.com\\\/?s={search_term_string}\"},\"query-input\":{\"@type\":\"PropertyValueSpecification\",\"valueRequired\":true,\"valueName\":\"search_term_string\"}}],\"inLanguage\":\"es\"}]}<\/script>\n<!-- \/ Yoast SEO Premium plugin. -->","yoast_head_json":{"title":"Garant\u00eda - E-TWOW","robots":{"index":"index","follow":"follow","max-snippet":"max-snippet:-1","max-image-preview":"max-image-preview:large","max-video-preview":"max-video-preview:-1"},"canonical":"https:\/\/e-twow.com\/warranty\/","og_locale":"es_ES","og_type":"article","og_title":"Garant\u00eda","og_url":"https:\/\/e-twow.com\/warranty\/","og_site_name":"E-TWOW","article_modified_time":"2020-02-17T09:14:34+00:00","twitter_card":"summary_large_image","twitter_misc":{"Tiempo de lectura":"4 minutos"},"schema":{"@context":"https:\/\/schema.org","@graph":[{"@type":"WebPage","@id":"https:\/\/e-twow.com\/warranty\/","url":"https:\/\/e-twow.com\/warranty\/","name":"Garant\u00eda - E-TWOW","isPartOf":{"@id":"https:\/\/e-twow.com\/#website"},"datePublished":"2019-08-02T10:00:41+00:00","dateModified":"2020-02-17T09:14:34+00:00","breadcrumb":{"@id":"https:\/\/e-twow.com\/warranty\/#breadcrumb"},"inLanguage":"es","potentialAction":[{"@type":"ReadAction","target":["https:\/\/e-twow.com\/warranty\/"]}]},{"@type":"BreadcrumbList","@id":"https:\/\/e-twow.com\/warranty\/#breadcrumb","itemListElement":[{"@type":"ListItem","position":1,"name":"Portada","item":"https:\/\/e-twow.com\/es\/"},{"@type":"ListItem","position":2,"name":"Garant\u00eda"}]},{"@type":"WebSite","@id":"https:\/\/e-twow.com\/#website","url":"https:\/\/e-twow.com\/","name":"E-TWOW","description":"Portable Scooter","potentialAction":[{"@type":"SearchAction","target":{"@type":"EntryPoint","urlTemplate":"https:\/\/e-twow.com\/?s={search_term_string}"},"query-input":{"@type":"PropertyValueSpecification","valueRequired":true,"valueName":"search_term_string"}}],"inLanguage":"es"}]}},"_links":{"self":[{"href":"https:\/\/e-twow.com\/es\/wp-json\/wp\/v2\/pages\/8239","targetHints":{"allow":["GET"]}}],"collection":[{"href":"https:\/\/e-twow.com\/es\/wp-json\/wp\/v2\/pages"}],"about":[{"href":"https:\/\/e-twow.com\/es\/wp-json\/wp\/v2\/types\/page"}],"author":[{"embeddable":true,"href":"https:\/\/e-twow.com\/es\/wp-json\/wp\/v2\/users\/1"}],"replies":[{"embeddable":true,"href":"https:\/\/e-twow.com\/es\/wp-json\/wp\/v2\/comments?post=8239"}],"version-history":[{"count":3,"href":"https:\/\/e-twow.com\/es\/wp-json\/wp\/v2\/pages\/8239\/revisions"}],"predecessor-version":[{"id":8570,"href":"https:\/\/e-twow.com\/es\/wp-json\/wp\/v2\/pages\/8239\/revisions\/8570"}],"wp:attachment":[{"href":"https:\/\/e-twow.com\/es\/wp-json\/wp\/v2\/media?parent=8239"}],"curies":[{"name":"wp","href":"https:\/\/api.w.org\/{rel}","templated":true}]}}