{"id":8235,"date":"2018-05-31T10:44:39","date_gmt":"2018-05-31T10:44:39","guid":{"rendered":"https:\/\/e-twow.com\/terms-and-conditions\/"},"modified":"2020-02-05T11:12:53","modified_gmt":"2020-02-05T11:12:53","slug":"terminos-y-condiciones","status":"publish","type":"page","link":"https:\/\/e-twow.com\/es\/terminos-y-condiciones\/","title":{"rendered":"Terminos y condiciones"},"content":{"rendered":"<section class=\"l-section wpb_row height_small\"><div class=\"l-section-h i-cf\"><div class=\"g-cols vc_row via_flex valign_top type_default stacking_default\"><div class=\"vc_col-sm-12 wpb_column vc_column_container\"><div class=\"vc_column-inner\"><div class=\"wpb_wrapper\"><div class=\"wpb_text_column\"><div class=\"wpb_wrapper\"><p><strong>Bienvenido a E-TWOW<\/strong><\/p>\n<p>Estos t\u00e9rminos y condiciones describen las reglas y regulaciones para usar el sitio E-TWOW.<\/p>\n<p>E-TWOW est\u00e1 en:<\/p>\n<p><em>Str. Aviatorilor nr. 48, Parc Industrial Craiova, Dolj, Rumania<\/em><\/p>\n<p>Al acceder a este sitio web, asumimos que acepta estos t\u00e9rminos y condiciones en su totalidad. No contin\u00fae usando el sitio web de E-TWOW a menos que acepte todos los t\u00e9rminos y condiciones establecidos en esta p\u00e1gina.<\/p>\n<p>La siguiente terminolog\u00eda se aplica a estos T\u00e9rminos y condiciones, Declaraci\u00f3n de privacidad y descargo de responsabilidad y a cualquiera o todos los acuerdos: &#8220;Cliente&#8221;, &#8220;Vosotros&#8221; y &#8220;usted&#8221; se refieren a usted, la persona que accede a este sitio web y acepta Los t\u00e9rminos y condiciones de la Compa\u00f1\u00eda. &#8220;Empresa&#8221;, &#8220;Nosotros&#8221;, &#8220;Nosotros&#8221;, &#8220;Nosotros&#8221; y &#8220;Nosotros&#8221; se refieren a nuestra empresa. \u201cParte\u201d, \u201cPartes\u201d o \u201cNosotros\u201d se refieren al Cliente, a nosotros mismos o al Cliente o a nosotros mismos. Todos los t\u00e9rminos se refieren a la oferta, aceptaci\u00f3n y consideraci\u00f3n del pago requerido para llevar a cabo el proceso de nuestra asistencia al Cliente de la manera m\u00e1s apropiada, ya sea a trav\u00e9s de reuniones formales de duraci\u00f3n fija o por cualquier otro medio, con el prop\u00f3sito expreso de la reuni\u00f3n. Las necesidades del cliente con respecto a la provisi\u00f3n de los servicios \/ productos declarados de la Compa\u00f1\u00eda, de conformidad con la legislaci\u00f3n rumana vigente. Cualquier uso de la terminolog\u00eda anterior u otras palabras en singular, plural, may\u00fasculas y \/ o \u00e9l \/ ella, se consideran intercambiables y, por lo tanto, se refieren a ellas.<\/p>\n<p><strong>Cookies<\/strong><\/p>\n<p>Utilizamos cookies. Al utilizar el sitio web de E-TWOW, acepta el uso de cookies de acuerdo con la Pol\u00edtica de privacidad de E-TWOW.<\/p>\n<p>La mayor\u00eda de los sitios web interactivos de hoy usan cookies para recuperar los detalles del usuario para cada visita. Las cookies se utilizan en algunas \u00e1reas de nuestro sitio para permitir la funcionalidad de esta \u00e1rea y la facilidad de uso para las personas que visitan el sitio. Algunos de nuestros socios afiliados \/ publicitarios tambi\u00e9n pueden usar cookies.<\/p>\n<p><strong>Licencia<\/strong><\/p>\n<p>A menos que se indique lo contrario, E-TWOW y \/ o los licenciantes poseen los derechos de propiedad intelectual de todos los materiales en E-TWOW. Todos los derechos de propiedad intelectual est\u00e1n reservados. Puede ver y \/ o imprimir p\u00e1ginas desde https:\/\/www.e-twow.com para su uso personal, sujeto a las restricciones establecidas en estos t\u00e9rminos y condiciones.<\/p>\n<p><strong>No est\u00e1 permitido:<\/strong><\/p>\n<ol>\n<li>Publique el material en https:\/\/www.e-twow.com<\/li>\n<li>Vender, alquilar o sublicenciar material de https:\/\/www.e-twow.com<\/li>\n<li>Reproduzca, duplique o copie los materiales de https:\/\/www.e-twow.com<\/li>\n<li>Redistribuya el contenido del sitio E-TWOW (a menos que el contenido se haya creado espec\u00edficamente para su redistribuci\u00f3n).<\/li>\n<\/ol>\n<p>&nbsp;<\/p>\n<p><strong>Comentarios de los usuarios<\/strong><\/p>\n<p>Este Acuerdo ha entrado en vigor y es v\u00e1lido siempre que se publique en el sitio.Ciertas partes de este sitio web ofrecen a los usuarios la oportunidad de publicar e intercambiar opiniones, informaci\u00f3n, materiales y datos (&#8220;Comentarios&#8221;) en las \u00e1reas del sitio. E-TWOW ELECTRIC MOBILITY SA no filtra, edita, p\u00fablica o comenta los comentarios antes de su aparici\u00f3n en el sitio web y los comentarios no reflejan los puntos de vista u opiniones de E-TWOW ELECTRIC MOBILITY SA, sus agentes o sus afiliados. Los comentarios reflejan la opini\u00f3n de la persona que publica los comentarios. En la medida permitida por las leyes aplicables, E-TWOW ELECTRIC MOBILITY SA no ser\u00e1 responsable por los Comentarios o por cualquier costo de p\u00e9rdida, responsabilidad, da\u00f1os o gastos causados como resultado del uso y \/ o la publicaci\u00f3n y \/ o aparici\u00f3n de los Comentarios en este sitio web<\/p>\n<p>E-TWOW MOBILITY ELECTRIC SA se reserva el derecho de monitorear todos los Comentarios y eliminar los Comentarios que considere, a su absoluta discreci\u00f3n, como inapropiados, ofensivos o en violaci\u00f3n de estas condiciones.<\/p>\n<p>Usted garantiza y declara que:<\/p>\n<ul>\n<li>Tiene derecho a publicar comentarios en nuestro sitio y tiene todas las licencias y acuerdos necesarios para hacerlo;<\/li>\n<li>Los comentarios no infringen ning\u00fan derecho de propiedad intelectual, incluidos, entre otros, los derechos de autor, patentes o marcas registradas o cualquier otro derecho de propiedad de terceros;<\/li>\n<li>Los comentarios no contienen ning\u00fan material difamatorio, difamatorio, ofensivo, indecente o ilegal que sea una invasi\u00f3n de la privacidad.<\/li>\n<li>Los comentarios no se utilizar\u00e1n para solicitar o promover negocios o actividades personalizadas o comerciales ni para presentar actividades ilegales.<\/li>\n<\/ul>\n<p>Por la presente, otorga a E-TWOW ELECTRIC MOBILITY SA una licencia de derechos de autor no exclusiva para usar, reproducir, editar y autorizar a otros a usar, reproducir y editar cualquiera de sus comentarios en cualquier forma, formato o medios de comunicaci\u00f3n.<\/p>\n<p><strong>Enlaces de hiperv\u00ednculo a nuestro contenido<\/strong><\/p>\n<p>Los siguientes tipos de organizaciones pueden usar hiperv\u00ednculos que dirigen al contenido de nuestro sitio sin la necesidad de una aprobaci\u00f3n previa por escrito:<\/p>\n<ol>\n<li>Agencias gubernamentales;<\/li>\n<li>Motores de b\u00fasqueda;<\/li>\n<li>Organizaciones de noticias;<\/li>\n<li>Los distribuidores de directorios en l\u00ednea cuando se enumeran en el directorio pueden vincular a nuestro sitio web de la misma manera que se vinculan a los sitios web de otras empresas enumeradas; y<\/li>\n<li>Empresas acreditadas a nivel de sistema, con la excepci\u00f3n de la solicitud de organizaciones sin fines de lucro, centros comerciales de caridad y grupos de recaudaci\u00f3n de fondos de caridad que no pueden vincularse a nuestro sitio web.<\/li>\n<li>Estas organizaciones pueden enlazar a nuestra p\u00e1gina de inicio, publicaciones u otra informaci\u00f3n en el sitio web, siempre que el enlace: (a) no sea de ninguna manera enga\u00f1oso; (b) no implica falsamente el patrocinio, aprobaci\u00f3n o aprobaci\u00f3n de la parte vinculante y sus productos o servicios; y (c) caen dentro del contexto del sitio de la parte que hace el enlace.<\/li>\n<li>Podemos considerar y aprobar, a nuestra discreci\u00f3n, otras solicitudes de enlaces de los siguientes tipos de organizaciones:<\/li>\n<li>Fuentes de informaci\u00f3n para consumidores y \/ o empresas conocidas, como las C\u00e1maras de Comercio, la Asociaci\u00f3n Americana del Autom\u00f3vil, la AARP y la Uni\u00f3n de Consumidores;<\/li>\n<li>sitios de la comunidad dot.com;<\/li>\n<li>Asociaciones u otros grupos que representan organizaciones ben\u00e9ficas, incluidos los sitios que ofrecen organizaciones ben\u00e9ficas;<\/li>\n<li>Distribuidores de directorios online;<\/li>\n<li>Portales de internet;<\/li>\n<li>Empresas de contabilidad, derecho y consultor\u00eda cuyos clientes principales son empresas; y<\/li>\n<li>Instituciones educativas y asociaciones comerciales.<\/li>\n<\/ol>\n<p>Aprobaremos las solicitudes de enlace de estas organizaciones si establecemos que: (a) el enlace no se reflejar\u00e1 negativamente en nosotros o en nuestras empresas acreditadas (por ejemplo, asociaciones comerciales u otras organizaciones que representan tipos de negocios sospechosos, como el trabajo -a las oportunidades en el hogar, no se les permite hacer la conexi\u00f3n); (b) la organizaci\u00f3n no tiene un registro insatisfactorio con nosotros; (c) el beneficio para usted de la visibilidad asociada con el hiperv\u00ednculo supera la falta de conexi\u00f3n en el contexto de la informaci\u00f3n general de recursos o es de otra manera consistente con el contenido editorial de un bolet\u00edn o producto similar que promueve la misi\u00f3n de la organizaci\u00f3n.<\/p>\n<p>Estas organizaciones pueden enviar un enlace a nuestra p\u00e1gina de inicio, publicaciones u otra informaci\u00f3n en el sitio web, siempre que el enlace: (a) no sea enga\u00f1oso; (b) no implica falsamente patrocinio, aprobaci\u00f3n o aprobaci\u00f3n de la parte vinculante y sus productos o servicios; y (c) caen dentro del contexto del sitio de la parte que hace el enlace.<\/p>\n<p>Si usted es una de las organizaciones enumeradas en el punto 2 anterior y est\u00e1 interesado en vincularse a nuestro sitio, debe notificarnos enviando un correo electr\u00f3nico a office@e-twow.com. Incluya su nombre, nombre de la organizaci\u00f3n, informaci\u00f3n de contacto (como un n\u00famero de tel\u00e9fono y \/ o direcci\u00f3n de correo electr\u00f3nico), como la URL de su sitio, una lista de las URL a las que desea vincular a nuestro sitio web y una lista de las URL en nuestro sitio que desea compartir. Perm\u00edtanos 2-3 semanas para una respuesta<\/p>\n<p>Las organizaciones aprobadas pueden vincular a nuestro sitio web de la siguiente manera:<\/p>\n<p>1. Usando el nombre de nuestra corporaci\u00f3n o<\/p>\n<p>2. Usar un localizador uniforme de recursos (direcci\u00f3n web) del contenido que se distribuir\u00e1; o<\/p>\n<p>3. Usar cualquier otra descripci\u00f3n de nuestro sitio web o del material que est\u00e1 vinculado a \u00e9l a trav\u00e9s del enlace, y que tiene sentido en el contexto y el formato del contenido del sitio web que utiliza el enlace a nuestro sitio.<\/p>\n<p>No se permitir\u00e1 el uso del logotipo de E-TWOW ELECTRIC MOBILITY SA u otras obras de arte, no se permitir\u00e1 sin un acuerdo previo de licencia de marca registrada.<\/p>\n<p>Iframes<\/p>\n<p>Sin la aprobaci\u00f3n previa y el permiso expreso por escrito, no puede crear marcos alrededor de nuestras p\u00e1ginas web y no puede usar otras t\u00e9cnicas que de ninguna manera alteren la presentaci\u00f3n visual o la apariencia de nuestro sitio web.<\/p>\n<p><strong>Reservaci\u00f3n de derechos<\/strong><\/p>\n<p>Nos reservamos el derecho de que, en cualquier momento y a nuestro exclusivo criterio, solicitemos que elimine todos los enlaces de tipo de enlace a nuestro sitio web. Usted acepta eliminar de inmediato todos los enlaces a nuestro sitio web cuando lo solicite. Tambi\u00e9n nos reservamos el derecho de cambiar estos t\u00e9rminos y condiciones y la pol\u00edtica de enlaces en cualquier momento. Al usar enlaces a nuestro sitio web, usted acepta estar sujeto a estos t\u00e9rminos y condiciones.<\/p>\n<p><strong>Eliminar enlaces de nuestro sitio web<\/strong><\/p>\n<p>Si encuentra un enlace en nuestro sitio web que considera ofensivo o desagradable por cualquier motivo, puede contactarnos al respecto. Consideraremos solicitudes para eliminar enlaces, pero no tendremos ninguna obligaci\u00f3n a este respecto o para responderle directamente.<\/p>\n<p>Aunque nos esforzamos por garantizar que la informaci\u00f3n en este sitio web sea precisa, no garantizamos su integridad o exactitud; ni nos comprometemos a garantizar que el sitio web permanezca disponible o que los materiales en el sitio se mantengan actualizados.<\/p>\n<p><strong>Responsabilidad del contenido<\/strong><\/p>\n<p>No tendremos ninguna responsabilidad por el contenido que aparece en su sitio web. Usted acepta indemnizarnos y defendernos contra todas las reclamaciones que surjan de su sitio web o est\u00e9n basadas en \u00e9l. Ning\u00fan enlace (link) puede aparecer en ninguna p\u00e1gina de su sitio web ni en ninguna contexto que contiene contenido o materiales que pueden interpretarse como difamatorios, obscenos o criminales o que viola o respalda la violaci\u00f3n o cualquier otra violaci\u00f3n de cualquier otro derecho de terceros.<\/p>\n<p><strong>Disclaimer<\/strong><\/p>\n<p>En la mayor medida permitida por la ley aplicable, excluimos todas las representaciones, garant\u00edas y condiciones relacionadas con nuestro sitio web y el uso de este sitio (incluidas, entre otras, las garant\u00edas impl\u00edcitas por ley con respecto a la calidad satisfactoria, la idoneidad para el uso y \/ o uso cuidado y habilidades razonables). Nada en este descargo de responsabilidad:<\/p>\n<ol>\n<li>no limitar\u00e1 ni excluir\u00e1 nuestra responsabilidad por muerte o lesiones personales resultantes de negligencia<\/li>\n<li>no limitar\u00e1 ni excluir\u00e1 nuestra responsabilidad por fraude o tergiversaci\u00f3n fraudulenta<\/li>\n<li>no limitar\u00e1 ninguna de nuestras responsabilidades de ninguna manera que no est\u00e9 de acuerdo con la ley aplicable o<\/li>\n<li>no excluir\u00e1 ninguna de nuestras responsabilidades que no puedan excluirse seg\u00fan la ley aplicable<\/li>\n<\/ol>\n<p>Limitaciones y exclusiones de responsabilidad proporcionadas en esta secci\u00f3n y en otras partes de esta exenci\u00f3n: (a) est\u00e1n sujetas al p\u00e1rrafo anterior; y (b) regir\u00e1 todas las responsabilidades derivadas del descargo de responsabilidad o en relaci\u00f3n con el objeto de esta renuncia, incluidas las responsabilidades derivadas del contrato, en forma de delito (incluida la negligencia) y por incumplimiento de la obligaci\u00f3n legal.<\/p>\n<p>En la medida en que el sitio web y la informaci\u00f3n y servicios en el sitio web se proporcionan de forma gratuita, no seremos responsables de ninguna p\u00e9rdida o da\u00f1o de ning\u00fan tipo.<\/p>\n<p><strong>Informaci\u00f3n de cr\u00e9dito y contacto<\/strong><\/p>\n<p>Esta p\u00e1gina de T\u00e9rminos y condiciones se cre\u00f3 en el generador de termsandconditionstemplate.com. Si tiene alguna pregunta sobre cualquiera de nuestros t\u00e9rminos, cont\u00e1ctenos.<\/p>\n<p>Aceptar<\/p>\n<\/div><\/div><div class=\"g-cols wpb_row us_custom_d6afd2b7 via_flex valign_top type_default stacking_default\"><div class=\"vc_col-sm-12 wpb_column vc_column_container\"><div class=\"vc_column-inner\"><div class=\"wpb_wrapper\"><div class=\"wpb_text_column\"><div class=\"wpb_wrapper\"><h5 style=\"text-align: left;\"><span style=\"color: #000000;\">[ultimate_gdpr_policy_accept]<\/span><\/h5>\n<\/div><\/div><\/div><\/div><\/div><\/div><\/div><\/div><\/div><\/div><\/div><\/section>\n","protected":false},"excerpt":{"rendered":"Bienvenido a E-TWOW Estos t\u00e9rminos y condiciones describen las reglas y regulaciones para usar el sitio E-TWOW. E-TWOW est\u00e1 en: Str. Aviatorilor nr. 48, Parc Industrial Craiova, Dolj, Rumania Al acceder a este sitio web, asumimos que acepta estos t\u00e9rminos y condiciones en su totalidad. No contin\u00fae usando el sitio web de E-TWOW a menos...","protected":false},"author":1,"featured_media":0,"parent":0,"menu_order":0,"comment_status":"closed","ping_status":"closed","template":"","meta":{"ngg_post_thumbnail":0,"footnotes":""},"class_list":["post-8235","page","type-page","status-publish","hentry"],"yoast_head":"<!-- This site is optimized with the Yoast SEO Premium plugin v27.4 (Yoast SEO v27.4) - https:\/\/yoast.com\/product\/yoast-seo-premium-wordpress\/ -->\n<title>Terminos y condiciones - E-TWOW<\/title>\n<meta name=\"robots\" content=\"index, follow, max-snippet:-1, max-image-preview:large, max-video-preview:-1\" \/>\n<link rel=\"canonical\" href=\"https:\/\/e-twow.com\/terms-and-conditions\/\" \/>\n<meta property=\"og:locale\" content=\"es_ES\" \/>\n<meta property=\"og:type\" content=\"article\" \/>\n<meta property=\"og:title\" content=\"Terminos y condiciones\" \/>\n<meta property=\"og:url\" content=\"https:\/\/e-twow.com\/terms-and-conditions\/\" \/>\n<meta property=\"og:site_name\" content=\"E-TWOW\" \/>\n<meta property=\"article:modified_time\" content=\"2020-02-05T11:12:53+00:00\" \/>\n<meta name=\"twitter:card\" content=\"summary_large_image\" \/>\n<meta name=\"twitter:label1\" content=\"Tiempo de lectura\" \/>\n\t<meta name=\"twitter:data1\" content=\"10 minutos\" \/>\n<script type=\"application\/ld+json\" class=\"yoast-schema-graph\">{\"@context\":\"https:\\\/\\\/schema.org\",\"@graph\":[{\"@type\":\"WebPage\",\"@id\":\"https:\\\/\\\/e-twow.com\\\/terms-and-conditions\\\/\",\"url\":\"https:\\\/\\\/e-twow.com\\\/terms-and-conditions\\\/\",\"name\":\"Terminos y condiciones - E-TWOW\",\"isPartOf\":{\"@id\":\"https:\\\/\\\/e-twow.com\\\/#website\"},\"datePublished\":\"2018-05-31T10:44:39+00:00\",\"dateModified\":\"2020-02-05T11:12:53+00:00\",\"breadcrumb\":{\"@id\":\"https:\\\/\\\/e-twow.com\\\/terms-and-conditions\\\/#breadcrumb\"},\"inLanguage\":\"es\",\"potentialAction\":[{\"@type\":\"ReadAction\",\"target\":[\"https:\\\/\\\/e-twow.com\\\/terms-and-conditions\\\/\"]}]},{\"@type\":\"BreadcrumbList\",\"@id\":\"https:\\\/\\\/e-twow.com\\\/terms-and-conditions\\\/#breadcrumb\",\"itemListElement\":[{\"@type\":\"ListItem\",\"position\":1,\"name\":\"Portada\",\"item\":\"https:\\\/\\\/e-twow.com\\\/es\\\/\"},{\"@type\":\"ListItem\",\"position\":2,\"name\":\"Terminos y condiciones\"}]},{\"@type\":\"WebSite\",\"@id\":\"https:\\\/\\\/e-twow.com\\\/#website\",\"url\":\"https:\\\/\\\/e-twow.com\\\/\",\"name\":\"E-TWOW\",\"description\":\"Portable Scooter\",\"potentialAction\":[{\"@type\":\"SearchAction\",\"target\":{\"@type\":\"EntryPoint\",\"urlTemplate\":\"https:\\\/\\\/e-twow.com\\\/?s={search_term_string}\"},\"query-input\":{\"@type\":\"PropertyValueSpecification\",\"valueRequired\":true,\"valueName\":\"search_term_string\"}}],\"inLanguage\":\"es\"}]}<\/script>\n<!-- \/ Yoast SEO Premium plugin. -->","yoast_head_json":{"title":"Terminos y condiciones - E-TWOW","robots":{"index":"index","follow":"follow","max-snippet":"max-snippet:-1","max-image-preview":"max-image-preview:large","max-video-preview":"max-video-preview:-1"},"canonical":"https:\/\/e-twow.com\/terms-and-conditions\/","og_locale":"es_ES","og_type":"article","og_title":"Terminos y condiciones","og_url":"https:\/\/e-twow.com\/terms-and-conditions\/","og_site_name":"E-TWOW","article_modified_time":"2020-02-05T11:12:53+00:00","twitter_card":"summary_large_image","twitter_misc":{"Tiempo de lectura":"10 minutos"},"schema":{"@context":"https:\/\/schema.org","@graph":[{"@type":"WebPage","@id":"https:\/\/e-twow.com\/terms-and-conditions\/","url":"https:\/\/e-twow.com\/terms-and-conditions\/","name":"Terminos y condiciones - E-TWOW","isPartOf":{"@id":"https:\/\/e-twow.com\/#website"},"datePublished":"2018-05-31T10:44:39+00:00","dateModified":"2020-02-05T11:12:53+00:00","breadcrumb":{"@id":"https:\/\/e-twow.com\/terms-and-conditions\/#breadcrumb"},"inLanguage":"es","potentialAction":[{"@type":"ReadAction","target":["https:\/\/e-twow.com\/terms-and-conditions\/"]}]},{"@type":"BreadcrumbList","@id":"https:\/\/e-twow.com\/terms-and-conditions\/#breadcrumb","itemListElement":[{"@type":"ListItem","position":1,"name":"Portada","item":"https:\/\/e-twow.com\/es\/"},{"@type":"ListItem","position":2,"name":"Terminos y condiciones"}]},{"@type":"WebSite","@id":"https:\/\/e-twow.com\/#website","url":"https:\/\/e-twow.com\/","name":"E-TWOW","description":"Portable Scooter","potentialAction":[{"@type":"SearchAction","target":{"@type":"EntryPoint","urlTemplate":"https:\/\/e-twow.com\/?s={search_term_string}"},"query-input":{"@type":"PropertyValueSpecification","valueRequired":true,"valueName":"search_term_string"}}],"inLanguage":"es"}]}},"_links":{"self":[{"href":"https:\/\/e-twow.com\/es\/wp-json\/wp\/v2\/pages\/8235","targetHints":{"allow":["GET"]}}],"collection":[{"href":"https:\/\/e-twow.com\/es\/wp-json\/wp\/v2\/pages"}],"about":[{"href":"https:\/\/e-twow.com\/es\/wp-json\/wp\/v2\/types\/page"}],"author":[{"embeddable":true,"href":"https:\/\/e-twow.com\/es\/wp-json\/wp\/v2\/users\/1"}],"replies":[{"embeddable":true,"href":"https:\/\/e-twow.com\/es\/wp-json\/wp\/v2\/comments?post=8235"}],"version-history":[{"count":2,"href":"https:\/\/e-twow.com\/es\/wp-json\/wp\/v2\/pages\/8235\/revisions"}],"predecessor-version":[{"id":8237,"href":"https:\/\/e-twow.com\/es\/wp-json\/wp\/v2\/pages\/8235\/revisions\/8237"}],"wp:attachment":[{"href":"https:\/\/e-twow.com\/es\/wp-json\/wp\/v2\/media?parent=8235"}],"curies":[{"name":"wp","href":"https:\/\/api.w.org\/{rel}","templated":true}]}}