{"id":8227,"date":"2018-01-29T08:31:39","date_gmt":"2018-01-29T08:31:39","guid":{"rendered":"https:\/\/e-twow.com\/technology-concept\/"},"modified":"2021-02-08T12:21:47","modified_gmt":"2021-02-08T12:21:47","slug":"tecnologia-y-concepto","status":"publish","type":"page","link":"https:\/\/e-twow.com\/es\/tecnologia-y-concepto\/","title":{"rendered":"Tecnolog\u00eda y concepto"},"content":{"rendered":"<section class=\"l-section wpb_row height_small\"><div class=\"l-section-h i-cf\"><div class=\"g-cols vc_row via_flex valign_top type_default stacking_default\"><div class=\"vc_col-sm-12 wpb_column vc_column_container\"><div class=\"vc_column-inner\"><div class=\"wpb_wrapper\">[vc_custom_heading text=&#8221;M\u00c1S QUE UN VEH\u00cdCULO&#8221; font_container=&#8221;tag:h2|text_align:center&#8221; use_theme_fonts=&#8221;yes&#8221;][vc_custom_heading text=&#8221;Descubra la experiencia E-TWOW e ingrese a nuestra<br \/>\nnueva era de movilidad urbana&#8221; font_container=&#8221;tag:h4|text_align:center&#8221; use_theme_fonts=&#8221;yes&#8221;]<\/div><\/div><\/div><\/div><\/div><\/section><section class=\"l-section wpb_row us_custom_fcf81909 height_small\"><div class=\"l-section-h i-cf\"><div class=\"g-cols vc_row via_flex valign_middle type_default reversed stacking_default\"><div class=\"vc_col-sm-6 wpb_column vc_column_container\"><div class=\"vc_column-inner us_custom_90036584\"><div class=\"wpb_wrapper\">[vc_custom_heading text=&#8221;Controler, Display, Software&#8221; google_fonts=&#8221;font_family:Roboto%3A100%2C100italic%2C300%2C300italic%2Cregular%2Citalic%2C500%2C500italic%2C700%2C700italic%2C900%2C900italic|font_style:400%20regular%3A400%3Anormal&#8221; css=&#8221;%7B%22default%22%3A%7B%22color%22%3A%22%23ffffff%22%7D%7D&#8221;]<div class=\"wpb_text_column\"><div class=\"wpb_wrapper\"><p><span style=\"color: #f6f6f6;\">A diferencia de la mayor\u00eda de los patinetes el\u00e9ctricos que puedes encontrar en el mercado hoy en d\u00eda, los patinetes E-TWOW tienen una pantalla con funciones interactivas. La pantalla se comunica con el regulador, lo que permite al usuario del patinete enviar comandos espec\u00edficos del motor, como el control de crucero o los l\u00edmites de velocidad. La pantalla tambi\u00e9n ofrece valiosos indicadores de rendimiento y entorno, como la velocidad, la cantidad de viajes o la temperatura.<\/span><\/p>\n<p><span style=\"color: #f6f6f6;\">El software implementado mantiene un equilibrio perfecto entre autonom\u00eda y velocidad, al enfocarse en el uso econ\u00f3mico de los recursos de la bater\u00eda.<\/span><\/p>\n<\/div><\/div><div class=\"w-popup us_custom_0f8f44b7 w-btn-wrapper align_none\"><button class=\"w-popup-trigger type_btn w-btn us-btn-style_1 icon_atleft\" aria-label=\"MIRA C\u00d3MO SE HIZO\" type=\"button\"><i class=\"fas fa-video\"><\/i><span class=\"w-btn-label\">MIRA C\u00d3MO SE HIZO<\/span><\/button><div class=\"w-popup-overlay\" style=\"background:rgba(0,0,0,0.85);\"><\/div><div class=\"w-popup-wrap layout_default\" role=\"dialog\" aria-modal=\"true\" aria-label=\"Ventana emergente\" style=\"--title-color:var(--color-content-heading);--title-bg-color:var(--color-content-bg-alt);--content-color:var(--color-content-text);--content-bg-color:var(--color-content-bg);\"><button aria-label=\"Cerrar\" class=\"w-popup-closer\" type=\"button\"><\/button><div class=\"w-popup-box animation_fadeIn closerpos_outside without_title\"><div class=\"w-popup-box-h\"><div class=\"w-popup-box-content\"><p><iframe title=\"E-TWOW Controller, Display, Software\" src=\"https:\/\/player.vimeo.com\/video\/351136684?dnt=1&amp;app_id=122963\" width=\"640\" height=\"360\" frameborder=\"0\" allow=\"autoplay; fullscreen; picture-in-picture\" allowfullscreen><\/iframe><\/p>\n<\/div><\/div><\/div><\/div><\/div><\/div><\/div><\/div><div class=\"vc_col-sm-6 wpb_column vc_column_container us_animate_afr stretched\"><div class=\"vc_column-inner us_custom_821ea863\"><div class=\"wpb_wrapper\"><div class=\"w-slider style_none fit_scaledown nav_none count_2\"><div class=\"w-slider-h\" aria-hidden=\"true\"><div class=\"royalSlider\"><div class=\"rsContent\"><a class=\"rsImg\" data-rsw=\"1200\" data-rsh=\"1200\" href=\"https:\/\/e-twow.com\/wp-content\/uploads\/2020\/10\/display2.jpg\"><span data-alt=\"\"><\/span><\/a><\/div><div class=\"rsContent\"><a class=\"rsImg\" data-rsw=\"1200\" data-rsh=\"1200\" href=\"https:\/\/e-twow.com\/wp-content\/uploads\/2020\/10\/display1.jpg\"><span data-alt=\"\"><\/span><\/a><\/div><\/div><img decoding=\"async\" src=\"https:\/\/e-twow.com\/wp-content\/uploads\/2020\/10\/display2.jpg\" width=\"1200\" height=\"1200\" alt loading=\"lazy\"><\/div><div class=\"w-slider-json\" onclick='return {&quot;autoScaleSlider&quot;:true,&quot;addActiveClass&quot;:true,&quot;loop&quot;:true,&quot;fadeInLoadedSlide&quot;:false,&quot;slidesSpacing&quot;:0,&quot;imageScalePadding&quot;:0,&quot;numImagesToPreload&quot;:2,&quot;arrowsNav&quot;:true,&quot;arrowsNavAutoHide&quot;:false,&quot;transitionType&quot;:&quot;move&quot;,&quot;transitionSpeed&quot;:250,&quot;block&quot;:{&quot;moveEffect&quot;:&quot;none&quot;,&quot;speed&quot;:300},&quot;thumbs&quot;:{&quot;fitInViewport&quot;:false,&quot;firstMargin&quot;:false,&quot;spacing&quot;:4},&quot;controlNavigation&quot;:&quot;none&quot;,&quot;autoScaleSliderWidth&quot;:1200,&quot;autoScaleSliderHeight&quot;:1200}'><\/div><\/div><\/div><\/div><\/div><\/div><\/div><\/section><!-- Row Backgrounds --><div class=\"upb_color\" data-bg-override=\"0\" data-bg-color=\"#242424\" data-fadeout=\"\" data-fadeout-percentage=\"30\" data-parallax-content=\"\" data-parallax-content-sense=\"30\" data-row-effect-mobile-disable=\"true\" data-img-parallax-mobile-disable=\"true\" data-rtl=\"false\"  data-custom-vc-row=\"\"  data-vc=\"8.7.2\"  data-is_old_vc=\"\"  data-theme-support=\"\"   data-overlay=\"false\" data-overlay-color=\"\" data-overlay-pattern=\"\" data-overlay-pattern-opacity=\"\" data-overlay-pattern-size=\"\"    ><\/div><section class=\"l-section wpb_row height_small\"><div class=\"l-section-h i-cf\"><div class=\"g-cols vc_row via_flex valign_top type_default stacking_default\"><div class=\"vc_col-sm-12 wpb_column vc_column_container\"><div class=\"vc_column-inner\"><div class=\"wpb_wrapper\">[vc_custom_heading text=&#8221;Sistema integrado de control, monitoreo y se\u00f1alizaci\u00f3n.&#8221; google_fonts=&#8221;font_family:Roboto%3A100%2C100italic%2C300%2C300italic%2Cregular%2Citalic%2C500%2C500italic%2C700%2C700italic%2C900%2C900italic|font_style:400%20regular%3A400%3Anormal&#8221;]<div class=\"wpb_text_column\"><div class=\"wpb_wrapper\"><p>Para hacer que los patinetes E-TWOW sean lo m\u00e1s confiables posible, los hemos equipado con un sistema integrado en el que todos los controles, monitoreo y controles de se\u00f1alizaci\u00f3n funcionan de la mano. El sistema incluye una unidad de visualizaci\u00f3n, un acelerador, un freno electromagn\u00e9tico, una placa de alimentaci\u00f3n, luces, bocina y botones de ajuste, un faro ecol\u00f3gico, sensores y un micro controlador que se comunica con la placa principal, as\u00ed como un circuito de alimentaci\u00f3n que conduce la energ\u00eda de la bater\u00eda a la rueda delantera.<\/p>\n<\/div><\/div><\/div><\/div><\/div><\/div><\/div><\/section><section class=\"l-section wpb_row us_custom_fcf81909 height_small\"><div class=\"l-section-h i-cf\"><div class=\"g-cols vc_row via_flex valign_middle type_default reversed stacking_default\"><div class=\"vc_col-sm-6 wpb_column vc_column_container\"><div class=\"vc_column-inner us_custom_90036584\"><div class=\"wpb_wrapper\">[vc_custom_heading text=&#8221;Bater\u00eda&#8221; google_fonts=&#8221;font_family:Roboto%3A100%2C100italic%2C300%2C300italic%2Cregular%2Citalic%2C500%2C500italic%2C700%2C700italic%2C900%2C900italic|font_style:400%20regular%3A400%3Anormal&#8221; css=&#8221;%7B%22default%22%3A%7B%22color%22%3A%22%23ffffff%22%7D%7D&#8221;]<div class=\"wpb_text_column\"><div class=\"wpb_wrapper\"><p><span style=\"color: #f6f6f6;\">Para dise\u00f1ar un veh\u00edculo ecol\u00f3gico, ponemos mucho esfuerzo en un sistema eficiente de ahorro de energ\u00eda. La rueda motriz act\u00faa como un generador el\u00e9ctrico, cargando la bater\u00eda cuando se usa el freno electromagn\u00e9tico. Adem\u00e1s, nuestros patinetes tienen un BMS inteligente (sistema de gesti\u00f3n de la bater\u00eda) que controla el rendimiento de la bater\u00eda. Montamos nuestras propias bater\u00edas con c\u00e9lulas Samsung. Todas las bater\u00edas tienen 10 series de 3 celdas agrupadas en paralelo.<\/span><\/p>\n<p><span style=\"color: #f6f6f6;\">Mientras viaja, el sistema de recuperaci\u00f3n de energ\u00eda ecol\u00f3gico garantiza que no se desperdicie energ\u00eda, mientras que el sistema inteligente de gesti\u00f3n de la bater\u00eda controla de cerca el rendimiento de la bater\u00eda.<\/span><\/p>\n<\/div><\/div><div class=\"w-popup us_custom_0f8f44b7 w-btn-wrapper align_none\"><button class=\"w-popup-trigger type_btn w-btn us-btn-style_1 icon_atleft\" aria-label=\"MIRA C\u00d3MO SE HIZO\" type=\"button\"><i class=\"fas fa-video\"><\/i><span class=\"w-btn-label\">MIRA C\u00d3MO SE HIZO<\/span><\/button><div class=\"w-popup-overlay\" style=\"background:rgba(0,0,0,0.85);\"><\/div><div class=\"w-popup-wrap layout_default\" role=\"dialog\" aria-modal=\"true\" aria-label=\"Ventana emergente\" style=\"--title-color:var(--color-content-heading);--title-bg-color:var(--color-content-bg-alt);--content-color:var(--color-content-text);--content-bg-color:var(--color-content-bg);\"><button aria-label=\"Cerrar\" class=\"w-popup-closer\" type=\"button\"><\/button><div class=\"w-popup-box animation_fadeIn closerpos_outside without_title\"><div class=\"w-popup-box-h\"><div class=\"w-popup-box-content\"><p><iframe title=\"E-TWOW Battery - How it&#039;s made\" src=\"https:\/\/player.vimeo.com\/video\/351165493?dnt=1&amp;app_id=122963\" width=\"640\" height=\"360\" frameborder=\"0\" allow=\"autoplay; fullscreen; picture-in-picture\" allowfullscreen><\/iframe><\/p>\n<\/div><\/div><\/div><\/div><\/div><\/div><\/div><\/div><div class=\"vc_col-sm-6 wpb_column vc_column_container us_animate_afr stretched\"><div class=\"vc_column-inner us_custom_821ea863\"><div class=\"wpb_wrapper\"><div class=\"w-slider style_none fit_scaledown nav_none count_2\"><div class=\"w-slider-h\" aria-hidden=\"true\"><div class=\"royalSlider\"><div class=\"rsContent\"><a class=\"rsImg\" data-rsw=\"1200\" data-rsh=\"1200\" href=\"https:\/\/e-twow.com\/wp-content\/uploads\/2020\/10\/baterii1.jpg\"><span data-alt=\"\"><\/span><\/a><\/div><div class=\"rsContent\"><a class=\"rsImg\" data-rsw=\"1200\" data-rsh=\"1200\" href=\"https:\/\/e-twow.com\/wp-content\/uploads\/2020\/10\/baterii.jpg\"><span data-alt=\"\"><\/span><\/a><\/div><\/div><img decoding=\"async\" src=\"https:\/\/e-twow.com\/wp-content\/uploads\/2020\/10\/baterii1.jpg\" width=\"1200\" height=\"1200\" alt loading=\"lazy\"><\/div><div class=\"w-slider-json\" onclick='return {&quot;autoScaleSlider&quot;:true,&quot;addActiveClass&quot;:true,&quot;loop&quot;:true,&quot;fadeInLoadedSlide&quot;:false,&quot;slidesSpacing&quot;:0,&quot;imageScalePadding&quot;:0,&quot;numImagesToPreload&quot;:2,&quot;arrowsNav&quot;:true,&quot;arrowsNavAutoHide&quot;:false,&quot;transitionType&quot;:&quot;move&quot;,&quot;transitionSpeed&quot;:250,&quot;block&quot;:{&quot;moveEffect&quot;:&quot;none&quot;,&quot;speed&quot;:300},&quot;thumbs&quot;:{&quot;fitInViewport&quot;:false,&quot;firstMargin&quot;:false,&quot;spacing&quot;:4},&quot;controlNavigation&quot;:&quot;none&quot;,&quot;autoScaleSliderWidth&quot;:1200,&quot;autoScaleSliderHeight&quot;:1200}'><\/div><\/div><\/div><\/div><\/div><\/div><\/div><\/section><!-- Row Backgrounds --><div class=\"upb_color\" data-bg-override=\"0\" data-bg-color=\"#242424\" data-fadeout=\"\" data-fadeout-percentage=\"30\" data-parallax-content=\"\" data-parallax-content-sense=\"30\" data-row-effect-mobile-disable=\"true\" data-img-parallax-mobile-disable=\"true\" data-rtl=\"false\"  data-custom-vc-row=\"\"  data-vc=\"8.7.2\"  data-is_old_vc=\"\"  data-theme-support=\"\"   data-overlay=\"false\" data-overlay-color=\"\" data-overlay-pattern=\"\" data-overlay-pattern-opacity=\"\" data-overlay-pattern-size=\"\"    ><\/div><section class=\"l-section wpb_row height_small\"><div class=\"l-section-h i-cf\"><div class=\"g-cols vc_row via_flex valign_top type_default stacking_default\"><div class=\"vc_col-sm-6 wpb_column vc_column_container\"><div class=\"vc_column-inner\"><div class=\"wpb_wrapper\">[vc_custom_heading text=&#8221;El sistema KERS&#8221; google_fonts=&#8221;font_family:Roboto%3A100%2C100italic%2C300%2C300italic%2Cregular%2Citalic%2C500%2C500italic%2C700%2C700italic%2C900%2C900italic|font_style:400%20regular%3A400%3Anormal&#8221;]<div class=\"wpb_text_column\"><div class=\"wpb_wrapper\"><p>E-TWOW es el primer patinete que utiliza la tecnolog\u00eda KERS (KINETIC ENERGY RECUPERY SYSTEM) por frenado magn\u00e9tico, por lo que la vida \u00fatil de la bater\u00eda del patinete se puede aumentar al 40%. Cuando se usa el freno electromagn\u00e9tico, el motor de CC sin escobillas se transforma en un generador que recarga la bater\u00eda. Este sistema se utiliza en las competiciones de F\u00f3rmula 1 y es por primera vez un sistema integrado en un patinete el\u00e9ctrico. Obtenga m\u00e1s informaci\u00f3n sobre los mejores pilotos de F\u00f3rmula 1 de KERS aqu\u00ed:<\/p>\n<\/div><\/div><div class=\"w-popup us_custom_0f8f44b7 w-btn-wrapper align_none\"><button class=\"w-popup-trigger type_btn w-btn us-btn-style_1 icon_atleft\" aria-label=\"MIRA COMO FUNCIONA\" type=\"button\"><i class=\"fas fa-video\"><\/i><span class=\"w-btn-label\">MIRA COMO FUNCIONA<\/span><\/button><div class=\"w-popup-overlay\" style=\"background:rgba(0,0,0,0.85);\"><\/div><div class=\"w-popup-wrap layout_default\" role=\"dialog\" aria-modal=\"true\" aria-label=\"Ventana emergente\" style=\"--title-color:var(--color-content-heading);--title-bg-color:var(--color-content-bg-alt);--content-color:var(--color-content-text);--content-bg-color:var(--color-content-bg);\"><button aria-label=\"Cerrar\" class=\"w-popup-closer\" type=\"button\"><\/button><div class=\"w-popup-box animation_fadeIn closerpos_outside without_title\"><div class=\"w-popup-box-h\"><div class=\"w-popup-box-content\"><p><iframe title=\"KERS explained by Lewis Hamilton and Nico Rosberg\" width=\"640\" height=\"360\" src=\"https:\/\/www.youtube.com\/embed\/sYAUb5yWutg?feature=oembed&#038;enablejsapi=1&#038;origin=https:\/\/e-twow.com\" frameborder=\"0\" allow=\"accelerometer; autoplay; clipboard-write; encrypted-media; gyroscope; picture-in-picture\" allowfullscreen><\/iframe><\/p>\n<\/div><\/div><\/div><\/div><\/div><\/div><\/div><\/div><div class=\"vc_col-sm-6 wpb_column vc_column_container\"><div class=\"vc_column-inner\"><div class=\"wpb_wrapper\">[vc_custom_heading text=&#8221;Asamblea general&#8221; google_fonts=&#8221;font_family:Roboto%3A100%2C100italic%2C300%2C300italic%2Cregular%2Citalic%2C500%2C500italic%2C700%2C700italic%2C900%2C900italic|font_style:400%20regular%3A400%3Anormal&#8221;]<div class=\"wpb_text_column\"><div class=\"wpb_wrapper\"><p>Las l\u00edneas de ensamblaje en nuestra f\u00e1brica utilizan tecnolog\u00edas de vanguardia para ofrecer sistemas de flujo eficientes para satisfacer nuestras necesidades de producci\u00f3n cada vez mayores. Para optimizar nuestras l\u00edneas de montaje, utilizamos procesos modernos de fundici\u00f3n de aluminio y carbono.<\/p>\n<\/div><\/div>[vc_custom_heading text=&#8221;Departamento de investigaci\u00f3n y desarrollo&#8221; google_fonts=&#8221;font_family:Roboto%3A100%2C100italic%2C300%2C300italic%2Cregular%2Citalic%2C500%2C500italic%2C700%2C700italic%2C900%2C900italic|font_style:400%20regular%3A400%3Anormal&#8221;]<div class=\"wpb_text_column\"><div class=\"wpb_wrapper\"><p>Nuestro equipo de investigaci\u00f3n y desarrollo trabaja constantemente en la aplicaci\u00f3n de las \u00faltimas tecnolog\u00edas en la industria de veh\u00edculos el\u00e9ctricos para desarrollar nuevos productos que puedan dar forma al futuro de los sistemas de transporte urbano. Visite el \u00faltimo proyecto para obtener m\u00e1s informaci\u00f3n sobre nuestros planes futuros.<\/p>\n<\/div><\/div><\/div><\/div><\/div><\/div><\/div><\/section><section class=\"l-section wpb_row us_custom_fcf81909 height_small\"><div class=\"l-section-h i-cf\"><div class=\"g-cols vc_row via_flex valign_middle type_default reversed stacking_default\"><div class=\"vc_col-sm-6 wpb_column vc_column_container\"><div class=\"vc_column-inner us_custom_90036584\"><div class=\"wpb_wrapper\">[vc_custom_heading text=&#8221;Motores sin escobillas&#8221; google_fonts=&#8221;font_family:Roboto%3A100%2C100italic%2C300%2C300italic%2Cregular%2Citalic%2C500%2C500italic%2C700%2C700italic%2C900%2C900italic|font_style:400%20regular%3A400%3Anormal&#8221; css=&#8221;%7B%22default%22%3A%7B%22color%22%3A%22%23ffffff%22%7D%7D&#8221;]<div class=\"wpb_text_column\"><div class=\"wpb_wrapper\"><p><span style=\"color: #f6f6f6;\">Los motores sin escobillas usan un motor permanente en lugar de escobillas para cambiar la polaridad electromagn\u00e9tica de un motor que mantiene la armadura del motor girando. Al eliminar los cepillos cl\u00e1sicos, los motores sin escobillas son mucho m\u00e1s duraderos, m\u00e1s confiables, m\u00e1s eficientes y menos ruidosos. Tambi\u00e9n son m\u00e1s ligeros que los motores cepillados con la misma potencia. Con los patinetes E-TWOW, construimos el volante como un autom\u00f3vil el\u00e9ctrico sin escobillas. Durante la aceleraci\u00f3n, funciona como un motor el\u00e9ctrico con corriente continua, mientras que en la desaceleraci\u00f3n, funciona como un generador el\u00e9ctrico, enviando energ\u00eda cin\u00e9tica a la bater\u00eda.<\/span><\/p>\n<\/div><\/div><div class=\"w-popup us_custom_0f8f44b7 w-btn-wrapper align_none\"><button class=\"w-popup-trigger type_btn w-btn us-btn-style_1 icon_atleft\" aria-label=\"MIRA C\u00d3MO SE HIZO\" type=\"button\"><i class=\"fas fa-video\"><\/i><span class=\"w-btn-label\">MIRA C\u00d3MO SE HIZO<\/span><\/button><div class=\"w-popup-overlay\" style=\"background:rgba(0,0,0,0.85);\"><\/div><div class=\"w-popup-wrap layout_default\" role=\"dialog\" aria-modal=\"true\" aria-label=\"Ventana emergente\" style=\"--title-color:var(--color-content-heading);--title-bg-color:var(--color-content-bg-alt);--content-color:var(--color-content-text);--content-bg-color:var(--color-content-bg);\"><button aria-label=\"Cerrar\" class=\"w-popup-closer\" type=\"button\"><\/button><div class=\"w-popup-box animation_fadeIn closerpos_outside without_title\"><div class=\"w-popup-box-h\"><div class=\"w-popup-box-content\"><p><iframe title=\"E-TWOW - Brushless motors\" src=\"https:\/\/player.vimeo.com\/video\/350942112?dnt=1&amp;app_id=122963\" width=\"640\" height=\"360\" frameborder=\"0\" allow=\"autoplay; fullscreen; picture-in-picture\" allowfullscreen><\/iframe><\/p>\n<\/div><\/div><\/div><\/div><\/div><\/div><\/div><\/div><div class=\"vc_col-sm-6 wpb_column vc_column_container us_animate_afr stretched\"><div class=\"vc_column-inner us_custom_821ea863\"><div class=\"wpb_wrapper\"><div class=\"w-slider style_none fit_scaledown nav_none count_2\"><div class=\"w-slider-h\" aria-hidden=\"true\"><div class=\"royalSlider\"><div class=\"rsContent\"><a class=\"rsImg\" data-rsw=\"1200\" data-rsh=\"1200\" href=\"https:\/\/e-twow.com\/wp-content\/uploads\/2020\/10\/motoare1.jpg\"><span data-alt=\"\"><\/span><\/a><\/div><div class=\"rsContent\"><a class=\"rsImg\" data-rsw=\"1200\" data-rsh=\"1200\" href=\"https:\/\/e-twow.com\/wp-content\/uploads\/2020\/10\/motoare2.jpg\"><span data-alt=\"\"><\/span><\/a><\/div><\/div><img decoding=\"async\" src=\"https:\/\/e-twow.com\/wp-content\/uploads\/2020\/10\/motoare1.jpg\" width=\"1200\" height=\"1200\" alt loading=\"lazy\"><\/div><div class=\"w-slider-json\" onclick='return {&quot;autoScaleSlider&quot;:true,&quot;addActiveClass&quot;:true,&quot;loop&quot;:true,&quot;fadeInLoadedSlide&quot;:false,&quot;slidesSpacing&quot;:0,&quot;imageScalePadding&quot;:0,&quot;numImagesToPreload&quot;:2,&quot;arrowsNav&quot;:true,&quot;arrowsNavAutoHide&quot;:false,&quot;transitionType&quot;:&quot;move&quot;,&quot;transitionSpeed&quot;:250,&quot;block&quot;:{&quot;moveEffect&quot;:&quot;none&quot;,&quot;speed&quot;:300},&quot;thumbs&quot;:{&quot;fitInViewport&quot;:false,&quot;firstMargin&quot;:false,&quot;spacing&quot;:4},&quot;controlNavigation&quot;:&quot;none&quot;,&quot;autoScaleSliderWidth&quot;:1200,&quot;autoScaleSliderHeight&quot;:1200}'><\/div><\/div><\/div><\/div><\/div><\/div><\/div><\/section><!-- Row Backgrounds --><div class=\"upb_color\" data-bg-override=\"0\" data-bg-color=\"#242424\" data-fadeout=\"\" data-fadeout-percentage=\"30\" data-parallax-content=\"\" data-parallax-content-sense=\"30\" data-row-effect-mobile-disable=\"true\" data-img-parallax-mobile-disable=\"true\" data-rtl=\"false\"  data-custom-vc-row=\"\"  data-vc=\"8.7.2\"  data-is_old_vc=\"\"  data-theme-support=\"\"   data-overlay=\"false\" data-overlay-color=\"\" data-overlay-pattern=\"\" data-overlay-pattern-opacity=\"\" data-overlay-pattern-size=\"\"    ><\/div>\n","protected":false},"excerpt":{"rendered":"[vc_custom_heading text=\"M\u00c1S QUE UN VEH\u00cdCULO\" font_container=\"tag:h2|text_align:center\" use_theme_fonts=\"yes\"][vc_custom_heading text=\"Descubra la experiencia E-TWOW e ingrese a nuestra nueva era de movilidad urbana\" font_container=\"tag:h4|text_align:center\" use_theme_fonts=\"yes\"][vc_custom_heading text=\"Controler, Display, Software\" google_fonts=\"font_family:Roboto%3A100%2C100italic%2C300%2C300italic%2Cregular%2Citalic%2C500%2C500italic%2C700%2C700italic%2C900%2C900italic|font_style:400%20regular%3A400%3Anormal\" css=\"%7B%22default%22%3A%7B%22color%22%3A%22%23ffffff%22%7D%7D\"]A diferencia de la mayor\u00eda de los patinetes el\u00e9ctricos que puedes encontrar en el mercado hoy en d\u00eda, los patinetes E-TWOW tienen una pantalla con funciones interactivas. La pantalla...","protected":false},"author":1,"featured_media":0,"parent":0,"menu_order":0,"comment_status":"closed","ping_status":"closed","template":"","meta":{"ngg_post_thumbnail":0,"footnotes":""},"class_list":["post-8227","page","type-page","status-publish","hentry"],"yoast_head":"<!-- This site is optimized with the Yoast SEO Premium plugin v27.4 (Yoast SEO v27.4) - https:\/\/yoast.com\/product\/yoast-seo-premium-wordpress\/ -->\n<title>Tecnolog\u00eda y concepto - E-TWOW<\/title>\n<meta name=\"robots\" content=\"index, follow, max-snippet:-1, max-image-preview:large, max-video-preview:-1\" \/>\n<link rel=\"canonical\" href=\"https:\/\/e-twow.com\/technology-concept\/\" \/>\n<meta property=\"og:locale\" content=\"es_ES\" \/>\n<meta property=\"og:type\" content=\"article\" \/>\n<meta property=\"og:title\" content=\"Tecnolog\u00eda y concepto\" \/>\n<meta property=\"og:url\" content=\"https:\/\/e-twow.com\/technology-concept\/\" \/>\n<meta property=\"og:site_name\" content=\"E-TWOW\" \/>\n<meta property=\"article:modified_time\" content=\"2021-02-08T12:21:47+00:00\" \/>\n<meta name=\"twitter:card\" content=\"summary_large_image\" \/>\n<meta name=\"twitter:label1\" content=\"Tiempo de lectura\" \/>\n\t<meta name=\"twitter:data1\" content=\"8 minutos\" \/>\n<script type=\"application\/ld+json\" class=\"yoast-schema-graph\">{\"@context\":\"https:\\\/\\\/schema.org\",\"@graph\":[{\"@type\":\"WebPage\",\"@id\":\"https:\\\/\\\/e-twow.com\\\/technology-concept\\\/\",\"url\":\"https:\\\/\\\/e-twow.com\\\/technology-concept\\\/\",\"name\":\"Tecnolog\u00eda y concepto - E-TWOW\",\"isPartOf\":{\"@id\":\"https:\\\/\\\/e-twow.com\\\/#website\"},\"datePublished\":\"2018-01-29T08:31:39+00:00\",\"dateModified\":\"2021-02-08T12:21:47+00:00\",\"breadcrumb\":{\"@id\":\"https:\\\/\\\/e-twow.com\\\/technology-concept\\\/#breadcrumb\"},\"inLanguage\":\"es\",\"potentialAction\":[{\"@type\":\"ReadAction\",\"target\":[\"https:\\\/\\\/e-twow.com\\\/technology-concept\\\/\"]}]},{\"@type\":\"BreadcrumbList\",\"@id\":\"https:\\\/\\\/e-twow.com\\\/technology-concept\\\/#breadcrumb\",\"itemListElement\":[{\"@type\":\"ListItem\",\"position\":1,\"name\":\"Portada\",\"item\":\"https:\\\/\\\/e-twow.com\\\/es\\\/\"},{\"@type\":\"ListItem\",\"position\":2,\"name\":\"Tecnolog\u00eda y concepto\"}]},{\"@type\":\"WebSite\",\"@id\":\"https:\\\/\\\/e-twow.com\\\/#website\",\"url\":\"https:\\\/\\\/e-twow.com\\\/\",\"name\":\"E-TWOW\",\"description\":\"Portable Scooter\",\"potentialAction\":[{\"@type\":\"SearchAction\",\"target\":{\"@type\":\"EntryPoint\",\"urlTemplate\":\"https:\\\/\\\/e-twow.com\\\/?s={search_term_string}\"},\"query-input\":{\"@type\":\"PropertyValueSpecification\",\"valueRequired\":true,\"valueName\":\"search_term_string\"}}],\"inLanguage\":\"es\"}]}<\/script>\n<!-- \/ Yoast SEO Premium plugin. -->","yoast_head_json":{"title":"Tecnolog\u00eda y concepto - E-TWOW","robots":{"index":"index","follow":"follow","max-snippet":"max-snippet:-1","max-image-preview":"max-image-preview:large","max-video-preview":"max-video-preview:-1"},"canonical":"https:\/\/e-twow.com\/technology-concept\/","og_locale":"es_ES","og_type":"article","og_title":"Tecnolog\u00eda y concepto","og_url":"https:\/\/e-twow.com\/technology-concept\/","og_site_name":"E-TWOW","article_modified_time":"2021-02-08T12:21:47+00:00","twitter_card":"summary_large_image","twitter_misc":{"Tiempo de lectura":"8 minutos"},"schema":{"@context":"https:\/\/schema.org","@graph":[{"@type":"WebPage","@id":"https:\/\/e-twow.com\/technology-concept\/","url":"https:\/\/e-twow.com\/technology-concept\/","name":"Tecnolog\u00eda y concepto - E-TWOW","isPartOf":{"@id":"https:\/\/e-twow.com\/#website"},"datePublished":"2018-01-29T08:31:39+00:00","dateModified":"2021-02-08T12:21:47+00:00","breadcrumb":{"@id":"https:\/\/e-twow.com\/technology-concept\/#breadcrumb"},"inLanguage":"es","potentialAction":[{"@type":"ReadAction","target":["https:\/\/e-twow.com\/technology-concept\/"]}]},{"@type":"BreadcrumbList","@id":"https:\/\/e-twow.com\/technology-concept\/#breadcrumb","itemListElement":[{"@type":"ListItem","position":1,"name":"Portada","item":"https:\/\/e-twow.com\/es\/"},{"@type":"ListItem","position":2,"name":"Tecnolog\u00eda y concepto"}]},{"@type":"WebSite","@id":"https:\/\/e-twow.com\/#website","url":"https:\/\/e-twow.com\/","name":"E-TWOW","description":"Portable Scooter","potentialAction":[{"@type":"SearchAction","target":{"@type":"EntryPoint","urlTemplate":"https:\/\/e-twow.com\/?s={search_term_string}"},"query-input":{"@type":"PropertyValueSpecification","valueRequired":true,"valueName":"search_term_string"}}],"inLanguage":"es"}]}},"_links":{"self":[{"href":"https:\/\/e-twow.com\/es\/wp-json\/wp\/v2\/pages\/8227","targetHints":{"allow":["GET"]}}],"collection":[{"href":"https:\/\/e-twow.com\/es\/wp-json\/wp\/v2\/pages"}],"about":[{"href":"https:\/\/e-twow.com\/es\/wp-json\/wp\/v2\/types\/page"}],"author":[{"embeddable":true,"href":"https:\/\/e-twow.com\/es\/wp-json\/wp\/v2\/users\/1"}],"replies":[{"embeddable":true,"href":"https:\/\/e-twow.com\/es\/wp-json\/wp\/v2\/comments?post=8227"}],"version-history":[{"count":4,"href":"https:\/\/e-twow.com\/es\/wp-json\/wp\/v2\/pages\/8227\/revisions"}],"predecessor-version":[{"id":11721,"href":"https:\/\/e-twow.com\/es\/wp-json\/wp\/v2\/pages\/8227\/revisions\/11721"}],"wp:attachment":[{"href":"https:\/\/e-twow.com\/es\/wp-json\/wp\/v2\/media?parent=8227"}],"curies":[{"name":"wp","href":"https:\/\/api.w.org\/{rel}","templated":true}]}}