{"id":8224,"date":"2018-06-04T07:23:16","date_gmt":"2018-06-04T07:23:16","guid":{"rendered":"https:\/\/e-twow.com\/recommendations\/"},"modified":"2020-02-05T11:05:08","modified_gmt":"2020-02-05T11:05:08","slug":"recomendaciones","status":"publish","type":"page","link":"https:\/\/e-twow.com\/es\/recomendaciones\/","title":{"rendered":"Recomendaciones"},"content":{"rendered":"<section class=\"l-section wpb_row height_small\"><div class=\"l-section-h i-cf\"><div class=\"g-cols vc_row via_flex valign_top type_default stacking_default\"><div class=\"vc_col-sm-12 wpb_column vc_column_container\"><div class=\"vc_column-inner\"><div class=\"wpb_wrapper\"><div class=\"wpb_text_column\"><div class=\"wpb_wrapper\"><h2>Esto es lo que recomendamos<\/h2>\n<p>Como requisito previo para el buen funcionamiento del producto, recomendamos una inspecci\u00f3n peri\u00f3dica en un taller autorizado dentro de los seis meses, pero no m\u00e1s de 1000 km recorridos.<\/p>\n<p>Adem\u00e1s, despu\u00e9s de cada temporada de fr\u00edo, le recomendamos que verifique el funcionamiento del producto, especialmente con respecto a la bater\u00eda y los componentes electr\u00f3nicos.<\/p>\n<p>E-TWOW no recomienda comprar patinetes en sitios como AliExpress o Amazon, ya que pueden tener cambios para cada pa\u00eds para el que fueron fabricados: los marcos modificados, los l\u00edmites de velocidad y las piezas de repuesto para estos patinetes solo se pueden comprar en pa\u00eds para el cual fueron producidos, lo que incurrir\u00e1 en costos adicionales para nuestros clientes, en caso de que se requiera una reparaci\u00f3n.<\/p>\n<p>Adem\u00e1s, de acuerdo con las regulaciones de la compa\u00f1\u00eda a\u00e9rea, las bater\u00edas del patinete no pueden transportarse en avi\u00f3n, por lo que el patinete no puede funcionar.<\/p>\n<p>Otro aspecto importante es el certificado de garant\u00eda, v\u00e1lido solo en el territorio del pa\u00eds de origen del patinete, por lo que el servicio y el mantenimiento no ser\u00e1n gratuitos.<\/p>\n<p>\u00a1No acepte comprar patinetes sin un certificado de garant\u00eda v\u00e1lido emitido por el revendedor!<\/p>\n<p>Recuerde cargar su patinete todos los meses, incluso si no lo usa, para extender la vida \u00fatil de la bater\u00eda.<\/p>\n<p>Realice un mantenimiento m\u00ednimo, como aplicar grasa a la base y las juntas y aseg\u00farese de que los tornillos est\u00e9n apretados.<\/p>\n<p>Siempre cierre la manija que sostiene el sistema de ajuste de altura despu\u00e9s de establecer una altura y verifique peri\u00f3dicamente que el tornillo que lo sujeta est\u00e9 bien sujeto.<\/p>\n<p>Siempre cargue el patinete hasta que la luz LED del cargador se vuelva verde.<\/p>\n<p>Mantenga su patinete lo m\u00e1s lleno posible al 100%, c\u00e1rguelo siempre que tenga la oportunidad<\/p>\n<p>Mantenga el patinete alejado del agua y la humedad. Si te atrapa la lluvia, lleva el patinete lo antes posible a un lugar seco y c\u00e1lido y s\u00e9calo muy bien con un pa\u00f1o seco para que no quede agua.<\/p>\n<\/div><\/div><\/div><\/div><\/div><\/div><\/div><\/section>\n","protected":false},"excerpt":{"rendered":"Esto es lo que recomendamos Como requisito previo para el buen funcionamiento del producto, recomendamos una inspecci\u00f3n peri\u00f3dica en un taller autorizado dentro de los seis meses, pero no m\u00e1s de 1000 km recorridos. Adem\u00e1s, despu\u00e9s de cada temporada de fr\u00edo, le recomendamos que verifique el funcionamiento del producto, especialmente con respecto a la bater\u00eda...","protected":false},"author":1,"featured_media":0,"parent":0,"menu_order":0,"comment_status":"closed","ping_status":"closed","template":"","meta":{"ngg_post_thumbnail":0,"footnotes":""},"class_list":["post-8224","page","type-page","status-publish","hentry"],"yoast_head":"<!-- This site is optimized with the Yoast SEO Premium plugin v27.2 (Yoast SEO v27.2) - https:\/\/yoast.com\/product\/yoast-seo-premium-wordpress\/ -->\n<title>Recomendaciones - E-TWOW<\/title>\n<meta name=\"robots\" content=\"index, follow, max-snippet:-1, max-image-preview:large, max-video-preview:-1\" \/>\n<link rel=\"canonical\" href=\"https:\/\/e-twow.com\/recommendations\/\" \/>\n<meta property=\"og:locale\" content=\"es_ES\" \/>\n<meta property=\"og:type\" content=\"article\" \/>\n<meta property=\"og:title\" content=\"Recomendaciones\" \/>\n<meta property=\"og:url\" content=\"https:\/\/e-twow.com\/recommendations\/\" \/>\n<meta property=\"og:site_name\" content=\"E-TWOW\" \/>\n<meta property=\"article:modified_time\" content=\"2020-02-05T11:05:08+00:00\" \/>\n<meta name=\"twitter:card\" content=\"summary_large_image\" \/>\n<meta name=\"twitter:label1\" content=\"Tiempo de lectura\" \/>\n\t<meta name=\"twitter:data1\" content=\"2 minutos\" \/>\n<script type=\"application\/ld+json\" class=\"yoast-schema-graph\">{\"@context\":\"https:\/\/schema.org\",\"@graph\":[{\"@type\":\"WebPage\",\"@id\":\"https:\/\/e-twow.com\/recommendations\/\",\"url\":\"https:\/\/e-twow.com\/recommendations\/\",\"name\":\"Recomendaciones - E-TWOW\",\"isPartOf\":{\"@id\":\"https:\/\/e-twow.com\/#website\"},\"datePublished\":\"2018-06-04T07:23:16+00:00\",\"dateModified\":\"2020-02-05T11:05:08+00:00\",\"breadcrumb\":{\"@id\":\"https:\/\/e-twow.com\/recommendations\/#breadcrumb\"},\"inLanguage\":\"es\",\"potentialAction\":[{\"@type\":\"ReadAction\",\"target\":[\"https:\/\/e-twow.com\/recommendations\/\"]}]},{\"@type\":\"BreadcrumbList\",\"@id\":\"https:\/\/e-twow.com\/recommendations\/#breadcrumb\",\"itemListElement\":[{\"@type\":\"ListItem\",\"position\":1,\"name\":\"Portada\",\"item\":\"https:\/\/e-twow.com\/es\/\"},{\"@type\":\"ListItem\",\"position\":2,\"name\":\"Recomendaciones\"}]},{\"@type\":\"WebSite\",\"@id\":\"https:\/\/e-twow.com\/#website\",\"url\":\"https:\/\/e-twow.com\/\",\"name\":\"E-TWOW\",\"description\":\"Portable Scooter\",\"potentialAction\":[{\"@type\":\"SearchAction\",\"target\":{\"@type\":\"EntryPoint\",\"urlTemplate\":\"https:\/\/e-twow.com\/?s={search_term_string}\"},\"query-input\":{\"@type\":\"PropertyValueSpecification\",\"valueRequired\":true,\"valueName\":\"search_term_string\"}}],\"inLanguage\":\"es\"}]}<\/script>\n<!-- \/ Yoast SEO Premium plugin. -->","yoast_head_json":{"title":"Recomendaciones - E-TWOW","robots":{"index":"index","follow":"follow","max-snippet":"max-snippet:-1","max-image-preview":"max-image-preview:large","max-video-preview":"max-video-preview:-1"},"canonical":"https:\/\/e-twow.com\/recommendations\/","og_locale":"es_ES","og_type":"article","og_title":"Recomendaciones","og_url":"https:\/\/e-twow.com\/recommendations\/","og_site_name":"E-TWOW","article_modified_time":"2020-02-05T11:05:08+00:00","twitter_card":"summary_large_image","twitter_misc":{"Tiempo de lectura":"2 minutos"},"schema":{"@context":"https:\/\/schema.org","@graph":[{"@type":"WebPage","@id":"https:\/\/e-twow.com\/recommendations\/","url":"https:\/\/e-twow.com\/recommendations\/","name":"Recomendaciones - E-TWOW","isPartOf":{"@id":"https:\/\/e-twow.com\/#website"},"datePublished":"2018-06-04T07:23:16+00:00","dateModified":"2020-02-05T11:05:08+00:00","breadcrumb":{"@id":"https:\/\/e-twow.com\/recommendations\/#breadcrumb"},"inLanguage":"es","potentialAction":[{"@type":"ReadAction","target":["https:\/\/e-twow.com\/recommendations\/"]}]},{"@type":"BreadcrumbList","@id":"https:\/\/e-twow.com\/recommendations\/#breadcrumb","itemListElement":[{"@type":"ListItem","position":1,"name":"Portada","item":"https:\/\/e-twow.com\/es\/"},{"@type":"ListItem","position":2,"name":"Recomendaciones"}]},{"@type":"WebSite","@id":"https:\/\/e-twow.com\/#website","url":"https:\/\/e-twow.com\/","name":"E-TWOW","description":"Portable Scooter","potentialAction":[{"@type":"SearchAction","target":{"@type":"EntryPoint","urlTemplate":"https:\/\/e-twow.com\/?s={search_term_string}"},"query-input":{"@type":"PropertyValueSpecification","valueRequired":true,"valueName":"search_term_string"}}],"inLanguage":"es"}]}},"_links":{"self":[{"href":"https:\/\/e-twow.com\/es\/wp-json\/wp\/v2\/pages\/8224","targetHints":{"allow":["GET"]}}],"collection":[{"href":"https:\/\/e-twow.com\/es\/wp-json\/wp\/v2\/pages"}],"about":[{"href":"https:\/\/e-twow.com\/es\/wp-json\/wp\/v2\/types\/page"}],"author":[{"embeddable":true,"href":"https:\/\/e-twow.com\/es\/wp-json\/wp\/v2\/users\/1"}],"replies":[{"embeddable":true,"href":"https:\/\/e-twow.com\/es\/wp-json\/wp\/v2\/comments?post=8224"}],"version-history":[{"count":1,"href":"https:\/\/e-twow.com\/es\/wp-json\/wp\/v2\/pages\/8224\/revisions"}],"predecessor-version":[{"id":8225,"href":"https:\/\/e-twow.com\/es\/wp-json\/wp\/v2\/pages\/8224\/revisions\/8225"}],"wp:attachment":[{"href":"https:\/\/e-twow.com\/es\/wp-json\/wp\/v2\/media?parent=8224"}],"curies":[{"name":"wp","href":"https:\/\/api.w.org\/{rel}","templated":true}]}}