{"id":8220,"date":"2018-06-04T10:01:33","date_gmt":"2018-06-04T10:01:33","guid":{"rendered":"https:\/\/e-twow.com\/privacy-policy\/"},"modified":"2020-02-05T11:03:15","modified_gmt":"2020-02-05T11:03:15","slug":"politica-de-privacidad","status":"publish","type":"page","link":"https:\/\/e-twow.com\/es\/politica-de-privacidad\/","title":{"rendered":"Pol\u00edtica de privacidad"},"content":{"rendered":"<section class=\"l-section wpb_row height_small\"><div class=\"l-section-h i-cf\"><div class=\"g-cols vc_row via_flex valign_top type_default stacking_default\"><div class=\"vc_col-sm-12 wpb_column vc_column_container\"><div class=\"vc_column-inner\"><div class=\"wpb_wrapper\"><div class=\"wpb_text_column\"><div class=\"wpb_wrapper\"><div id=\"ppBody\">\n<div class=\"innerText\">\n<p>Esta pol\u00edtica de privacidad ha sido desarrollada para servir mejor a aquellos que est\u00e1n preocupados acerca de c\u00f3mo se utiliza online la &#8220;Informaci\u00f3n de identificaci\u00f3n personal&#8221; (PII). La PII, seg\u00fan lo descrito por la Ley de privacidad y seguridad de la informaci\u00f3n de los EE. UU., Es informaci\u00f3n que puede ser utilizada por una u otra informaci\u00f3n para identificar, contactar o localizar a una sola persona o para identificar a una persona en contexto. Lea atentamente nuestra pol\u00edtica de privacidad para obtener una comprensi\u00f3n clara de c\u00f3mo recopilamos, usamos, protegemos o gestionamos su informaci\u00f3n de identificaci\u00f3n personal, de acuerdo con nuestro sitio web.<\/p>\n<p>&nbsp;<\/p>\n<p><strong>\u00bfQu\u00e9 informaci\u00f3n personal recopilamos de las personas que visitan nuestro blog, sitio o aplicaci\u00f3n?<\/strong><\/p>\n<p>Al realizar un pedido o registrarse en nuestro sitio, seg\u00fan sea el caso, es posible que deba ingresar su nombre, direcci\u00f3n de correo electr\u00f3nico, n\u00famero de tel\u00e9fono u otros detalles para ayudarlo con su experiencia.<\/p>\n<p><strong>\u00bfCu\u00e1ndo recopilamos informaci\u00f3n?<\/strong><\/p>\n<p>Recopilamos informaci\u00f3n sobre usted cuando se suscribe a un bolet\u00edn informativo, completa un formulario o ingresa informaci\u00f3n en nuestro sitio web.<\/p>\n<p>&nbsp;<\/p>\n<p><strong>\u00bfC\u00f3mo usamos su informaci\u00f3n?<\/strong><\/p>\n<p>Podemos utilizar la informaci\u00f3n que recopilamos de usted cuando se registra, realiza una compra, se suscribe a nuestro bolet\u00edn informativo, responde a una encuesta o comunicaci\u00f3n de marketing, navega por el sitio web o utiliza ciertas otras caracter\u00edsticas del sitio de las siguientes maneras:<\/p>\n<ul>\n<li>Personalizar su experiencia y permitirnos ofrecer el tipo de contenido y ofertas de productos que m\u00e1s le interesan.<\/li>\n<li>Para mejorar nuestro sitio web para servirle mejor.<\/li>\n<li>Permitirnos brindarle mejores servicios para satisfacer sus solicitudes de servicio al cliente.<\/li>\n<li>Para enviar correos electr\u00f3nicos regulares sobre su pedido u otros productos y servicios.<\/li>\n<li>Para contactar la siguiente correspondencia (chat en vivo, preguntas por correo electr\u00f3nico o tel\u00e9fono)<\/li>\n<\/ul>\n<p><strong>&nbsp;<\/strong><\/p>\n<p><strong>\u00bfC\u00f3mo protegemos su informaci\u00f3n?<\/strong><\/p>\n<p>No utilizamos escaneo y \/ o escaneo de vulnerabilidades a los est\u00e1ndares PCI.<\/p>\n<p>Solo ofrecemos art\u00edculos e informaci\u00f3n. Nunca solicitamos n\u00fameros de tarjeta de cr\u00e9dito.<\/p>\n<p>Usamos Malware Scanner regularmente.<\/p>\n<p>Su informaci\u00f3n personal se almacena detr\u00e1s de una red segura y solo es accesible para un n\u00famero limitado de personas que tienen derechos especiales de acceso a dichos sistemas y que est\u00e1n obligados a mantener la informaci\u00f3n confidencial. Adem\u00e1s, toda la informaci\u00f3n confidencial \/ crediticia provista est\u00e1 encriptada usando la tecnolog\u00eda Secure Socket Layer (SSL).<\/p>\n<p>Implementamos una variedad de medidas de seguridad cuando un usuario ingresa, env\u00eda o accede a su informaci\u00f3n para mantener la seguridad de la informaci\u00f3n personal.<\/p>\n<p>Todas las transacciones se procesan a trav\u00e9s de un proveedor de puerta de enlace y no se almacenan ni procesan en nuestros servidores.<\/p>\n<p>&nbsp;<\/p>\n<p><strong>\u00bfUsamos &#8220;cookies&#8221;?<\/strong><\/p>\n<p>S\u00ed. Las cookies son peque\u00f1os archivos que un sitio o su proveedor de servicios transfiere al disco duro de su computadora a trav\u00e9s de su navegador web (si lo permite), lo que permite que los sistemas del sitio o proveedor de servicios reconozcan su navegador y para capturar y recordar cierta informaci\u00f3n. Por ejemplo, utilizamos cookies para ayudarnos a recordar y procesar art\u00edculos en su carro de compras. Tambi\u00e9n se utilizan para ayudarnos a comprender sus preferencias en funci\u00f3n de su actividad anterior o el sitio actual, lo que nos permite ofrecerle servicios mejorados. Tambi\u00e9n utilizamos cookies para ayudarnos a recopilar datos agregados sobre el tr\u00e1fico del sitio y las interacciones del sitio para que podamos proporcionar mejores experiencias y instrumentos en el sitio.<\/p>\n<p><strong>Utilizamos cookies para:<\/strong><\/p>\n<ul>\n<li>Comprender y guardar las preferencias del usuario para futuras visitas.<\/li>\n<li>Recopilar datos agregados sobre el tr\u00e1fico del sitio y las interacciones del sitio para proporcionar mejores experiencias y instrumentos en el futuro. Tambi\u00e9n podemos utilizar servicios de terceros de confianza que rastrean esta informaci\u00f3n en nuestro nombre.<\/li>\n<\/ul>\n<p>Puede elegir alertar a su computadora cada vez que se env\u00eda una cookie, o puede optar por desactivar todas las cookies. Haga esto a trav\u00e9s de la configuraci\u00f3n de su navegador. Debido a que cada navegador es un poco diferente, consulte el men\u00fa de ayuda del navegador para descubrir la forma correcta de cambiar las preferencias de cookies.<\/p>\n<p>Deshabilitar las cookies no afectar\u00e1 la experiencia del usuario.<\/p>\n<p>&nbsp;<\/p>\n<p><strong>Divulgaci\u00f3n a&nbsp; terceros<\/strong><\/p>\n<p>No vendemos, comercializamos ni transferimos de otro modo su informaci\u00f3n de identificaci\u00f3n personal a terceros a menos que proporcionemos a los usuarios una notificaci\u00f3n avanzada. Esto no incluye socios de alojamiento de sitios web y otras partes que nos ayudan a operar nuestro sitio web, realizar nuestro negocio o servir a nuestros usuarios, siempre que esas partes acuerden mantener esta informaci\u00f3n confidencial. Tambi\u00e9n podemos divulgar informaci\u00f3n cuando sea necesario para cumplir con la ley, para hacer cumplir las pol\u00edticas de nuestro sitio o para proteger nuestros derechos, propiedad o seguridad u otros.<\/p>\n<p>Sin embargo, la informaci\u00f3n para los visitantes que no pueden ser identificados personalmente se puede proporcionar a otras partes para fines de marketing, publicidad u otros usos.<\/p>\n<p><strong>Enlaces de terceros<\/strong><\/p>\n<p>No incluimos ni ofrecemos productos o servicios de terceros en nuestro sitio web.<\/p>\n<p><strong>Google<\/strong><\/p>\n<p>Los requisitos publicitarios de Google se pueden resumir de acuerdo con los principios publicitarios de Google. Est\u00e1n desarrollados para proporcionar una experiencia de usuario positiva.<\/p>\n<p>https:\/\/support.google.com\/adwordspolicy\/answer\/1316548?hl=en<\/p>\n<p>Usamos Google AdSense Advertising en nuestro sitio web.<\/p>\n<p>Google, como proveedor externo, utiliza cookies para publicar anuncios en nuestro sitio. El uso de Google de la cookie de DART le permite servir a los anunciantes en base a visitas anteriores a nuestro sitio y otros sitios en Internet. Los usuarios pueden optar por el uso de cookies de DART visitando la pol\u00edtica de privacidad de las redes publicitarias y el contenido de Google.<\/p>\n<p>&nbsp;<\/p>\n<p>Hemos implementado lo siguiente:<\/p>\n<ul>\n<li>Informar vistas en la Red de Display de Google<\/li>\n<li>Demograf\u00eda e informes de intereses.<\/li>\n<li>Integraci\u00f3n de plataforma Double Click<\/li>\n<\/ul>\n<p>&nbsp;<\/p>\n<p>Nosotros, junto con otros proveedores, como Google, utilizamos cookies de origen (como las cookies de Google Analytics) y cookies de terceros (como la cookie de Double Click) u otros identificadores de terceros para compilar datos sobre las interacciones del usuario con las impresiones de anuncios y otras funciones de servicios publicitarios, ya que se refieren a nuestro sitio web.<\/p>\n<p>&nbsp;<\/p>\n<p><strong>Renuncia a:<\/strong><\/p>\n<p>Los usuarios pueden establecer preferencias sobre c\u00f3mo les hace publicidad Google mediante la p\u00e1gina de configuraci\u00f3n de publicidad de Google. Alternativamente, pueden optar por no visitar la p\u00e1gina de iniciativa de publicidad fuera de l\u00ednea o mediante la opci\u00f3n del navegador Google Analytics<\/p>\n<p>&nbsp;<\/p>\n<p><strong>Ley de protecci\u00f3n de la privacidad en l\u00ednea de California<\/strong><\/p>\n<p>CalOPPA es la primera ley estatal en el pa\u00eds que obliga a los sitios web comerciales y servicios en l\u00ednea a mantener una pol\u00edtica de privacidad. La ley se extiende mucho m\u00e1s all\u00e1 de California para exigir a cualquier persona o empresa en los Estados Unidos (y se puede concebir el mundo) que operen sitios web que recopilen informaci\u00f3n de identificaci\u00f3n personal de los consumidores de California para publicar una pol\u00edtica de privacidad visible en su sitio web, especificando exactamente la informaci\u00f3n recopilada y las personas o empresas con las que se comparte. &#8211; Ver m\u00e1s en: http:\/\/consumercal.org\/california-online-privacy-protection-act-caloppa\/#sthash.0FdRbT51.dpuf<\/p>\n<p><strong>Seg\u00fan CalOPPA, estamos de acuerdo con lo siguiente:<\/strong><\/p>\n<p>Los usuarios pueden visitar nuestro sitio de forma an\u00f3nima.<\/p>\n<p>Una vez que se crea esta pol\u00edtica de privacidad, agregaremos un enlace a nuestra p\u00e1gina de inicio o al menos a la primera p\u00e1gina importante despu\u00e9s de ingresar a nuestro sitio web.<\/p>\n<p>Nuestro enlace de Pol\u00edtica de privacidad incluye la palabra &#8220;Privacidad&#8221; y se puede encontrar f\u00e1cilmente en la p\u00e1gina especificada anteriormente.<\/p>\n<p>Se le notificar\u00e1 sobre cualquier cambio en la pol\u00edtica de privacidad:<\/p>\n<ul>\n<li>En nuestra p\u00e1gina con la pol\u00edtica de privacidad<\/li>\n<\/ul>\n<p>Puede cambiar su informaci\u00f3n personal:<\/p>\n<ul>\n<li>Por correo electr\u00f3nico<\/li>\n<\/ul>\n<p><strong>\u00bfC\u00f3mo maneja nuestro sitio las se\u00f1ales DNT (Do not track)?<\/strong><\/p>\n<p>Respetamos las se\u00f1ales de Do not track, y no rastreamos, no plantamos cookies, no usamos publicidad temprana cuando existe un mecanismo de navegador Do not track (DNT).<\/p>\n<p><strong>\u00bfNuestro sitio permite el seguimiento del comportamiento de terceros?<\/strong><\/p>\n<p>Tambi\u00e9n es importante tener en cuenta que permitimos el comportamiento de terceros.<\/p>\n<p>&nbsp;<\/p>\n<p><strong>COPPA (Ley de protecci\u00f3n de la privacidad online de los ni\u00f1os)<\/strong><\/p>\n<p>Cuando se trata de recopilar informaci\u00f3n personal de ni\u00f1os menores de 13 a\u00f1os, la Ley de protecci\u00f3n de la privacidad online para ni\u00f1os (COPPA) pone a los padres en control. La Comisi\u00f3n Federal de Comercio, la Agencia de Protecci\u00f3n al Consumidor de los Estados Unidos, aplica la Regla COPPA, que explica lo que los operadores de sitios web y servicios online deben hacer para proteger la privacidad y seguridad de los ni\u00f1os online.<\/p>\n<p>No comercializamos espec\u00edficamente ni\u00f1os menores de 13 a\u00f1os.<\/p>\n<p>&nbsp;<\/p>\n<p><strong>Pr\u00e1cticas justas de informaci\u00f3n<\/strong><\/p>\n<p>Los principios de las pr\u00e1cticas justas de informaci\u00f3n constituyen la columna vertebral de la ley de privacidad en los Estados Unidos, y los conceptos que incluyen han desempe\u00f1ado un papel importante en el desarrollo de leyes de protecci\u00f3n de datos en todo el mundo. Comprender los principios de la pr\u00e1ctica justa de la informaci\u00f3n y c\u00f3mo deben implementarse es esencial para cumplir con las diversas leyes de privacidad que protegen la informaci\u00f3n personal.<\/p>\n<p><strong>Para cumplir con las pr\u00e1cticas justas de informaci\u00f3n, tomaremos las siguientes medidas de respuesta en caso de violaci\u00f3n de datos:<\/strong><\/p>\n<p>Te avisaremos por correo electr\u00f3nico<\/p>\n<ul>\n<li>dentro de 7 d\u00edas h\u00e1biles<\/li>\n<\/ul>\n<p>Notificaremos a los usuarios mediante notificaci\u00f3n en el sitio<\/p>\n<ul>\n<li>dentro de 7 d\u00edas h\u00e1biles<\/li>\n<\/ul>\n<p>Tambi\u00e9n estamos de acuerdo con el Principio de remediaci\u00f3n individual, que exige que las personas tengan el derecho de perseguir legalmente derechos exigibles contra los recolectores y procesadores de datos que no cumplan con la ley. Este principio requiere que no solo las personas tengan derechos exigibles contra los usuarios de datos, sino tambi\u00e9n personas que recurran a los tribunales o agencias gubernamentales para investigar y \/ o enjuiciar el incumplimiento por parte de los procesadores de datos.<\/p>\n<p><strong>El acta CAN SPAM <\/strong><\/p>\n<p>La ley CAN-SPAM es una ley que establece las reglas para los correos electr\u00f3nicos comerciales, establece los requisitos para los mensajes comerciales, otorga a los destinatarios el derecho de detener el env\u00edo de correos electr\u00f3nicos y especifica sanciones severas por infracciones.<\/p>\n<p><strong>Recopilamos su direcci\u00f3n de correo electr\u00f3nico para:<\/strong><\/p>\n<ul>\n<li>Enviar informaci\u00f3n, responder preguntas y \/ u otras solicitudes o preguntas<\/li>\n<\/ul>\n<p><strong>Para cumplir con CAN SPAM, aceptamos lo siguiente:<\/strong><\/p>\n<ul>\n<li>No utilizamos temas o direcciones de correo electr\u00f3nico falsos o enga\u00f1osos.<\/li>\n<li>Identificamos el mensaje como publicidad de manera razonable.<\/li>\n<li>Incluimos la direcci\u00f3n f\u00edsica de nuestra sede o sitio comercial.<\/li>\n<li>Monitoreamos los servicios de marketing por correo electr\u00f3nico de terceros, si se utilizan.<\/li>\n<li>Respetamos las solicitudes de retirada \/ cancelaci\u00f3n r\u00e1pida.<\/li>\n<li>Permitimos a los usuarios darse de baja utilizando el enlace en la parte inferior de cada correo electr\u00f3nico.<\/li>\n<\/ul>\n<p>&nbsp;<\/p>\n<p>Si desea darse de baja de recibir correos electr\u00f3nicos futuros, puede enviarnos un correo electr\u00f3nico, y lo eliminaremos de inmediato de TODA la correspondencia.<\/p>\n<p>&nbsp;<\/p>\n<p>cont\u00e1ctenos<\/p>\n<p>Si tiene alguna pregunta sobre esta pol\u00edtica de privacidad, puede comunicarse con nosotros utilizando la informaci\u00f3n a continuaci\u00f3n.<\/p>\n<p>e-twow.com<\/p>\n<p>Str. Aviatorilor nr. 48, Parc Industrial Craiova, Dolj, Rom\u00e2nia, Rumania<\/p>\n<p>Rumania<\/p>\n<p>marketing@e-twow.ro<\/p>\n<\/div>\n<\/div>\n<\/div><\/div><\/div><\/div><\/div><\/div><\/div><\/section>\n","protected":false},"excerpt":{"rendered":"Esta pol\u00edtica de privacidad ha sido desarrollada para servir mejor a aquellos que est\u00e1n preocupados acerca de c\u00f3mo se utiliza online la &#8220;Informaci\u00f3n de identificaci\u00f3n personal&#8221; (PII). La PII, seg\u00fan lo descrito por la Ley de privacidad y seguridad de la informaci\u00f3n de los EE. UU., Es informaci\u00f3n que puede ser utilizada por una u...","protected":false},"author":1,"featured_media":0,"parent":0,"menu_order":0,"comment_status":"closed","ping_status":"closed","template":"","meta":{"ngg_post_thumbnail":0,"footnotes":""},"class_list":["post-8220","page","type-page","status-publish","hentry"],"yoast_head":"<!-- This site is optimized with the Yoast SEO Premium plugin v27.2 (Yoast SEO v27.2) - https:\/\/yoast.com\/product\/yoast-seo-premium-wordpress\/ -->\n<title>Pol\u00edtica de privacidad - E-TWOW<\/title>\n<meta name=\"robots\" content=\"index, follow, max-snippet:-1, max-image-preview:large, max-video-preview:-1\" \/>\n<link rel=\"canonical\" href=\"https:\/\/e-twow.com\/privacy-policy\/\" \/>\n<meta property=\"og:locale\" content=\"es_ES\" \/>\n<meta property=\"og:type\" content=\"article\" \/>\n<meta property=\"og:title\" content=\"Pol\u00edtica de privacidad\" \/>\n<meta property=\"og:url\" content=\"https:\/\/e-twow.com\/privacy-policy\/\" \/>\n<meta property=\"og:site_name\" content=\"E-TWOW\" \/>\n<meta property=\"article:modified_time\" content=\"2020-02-05T11:03:15+00:00\" \/>\n<meta name=\"twitter:card\" content=\"summary_large_image\" \/>\n<meta name=\"twitter:label1\" content=\"Tiempo de lectura\" \/>\n\t<meta name=\"twitter:data1\" content=\"10 minutos\" \/>\n<script type=\"application\/ld+json\" class=\"yoast-schema-graph\">{\"@context\":\"https:\/\/schema.org\",\"@graph\":[{\"@type\":\"WebPage\",\"@id\":\"https:\/\/e-twow.com\/privacy-policy\/\",\"url\":\"https:\/\/e-twow.com\/privacy-policy\/\",\"name\":\"Pol\u00edtica de privacidad - E-TWOW\",\"isPartOf\":{\"@id\":\"https:\/\/e-twow.com\/#website\"},\"datePublished\":\"2018-06-04T10:01:33+00:00\",\"dateModified\":\"2020-02-05T11:03:15+00:00\",\"breadcrumb\":{\"@id\":\"https:\/\/e-twow.com\/privacy-policy\/#breadcrumb\"},\"inLanguage\":\"es\",\"potentialAction\":[{\"@type\":\"ReadAction\",\"target\":[\"https:\/\/e-twow.com\/privacy-policy\/\"]}]},{\"@type\":\"BreadcrumbList\",\"@id\":\"https:\/\/e-twow.com\/privacy-policy\/#breadcrumb\",\"itemListElement\":[{\"@type\":\"ListItem\",\"position\":1,\"name\":\"Portada\",\"item\":\"https:\/\/e-twow.com\/es\/\"},{\"@type\":\"ListItem\",\"position\":2,\"name\":\"Pol\u00edtica de privacidad\"}]},{\"@type\":\"WebSite\",\"@id\":\"https:\/\/e-twow.com\/#website\",\"url\":\"https:\/\/e-twow.com\/\",\"name\":\"E-TWOW\",\"description\":\"Portable Scooter\",\"potentialAction\":[{\"@type\":\"SearchAction\",\"target\":{\"@type\":\"EntryPoint\",\"urlTemplate\":\"https:\/\/e-twow.com\/?s={search_term_string}\"},\"query-input\":{\"@type\":\"PropertyValueSpecification\",\"valueRequired\":true,\"valueName\":\"search_term_string\"}}],\"inLanguage\":\"es\"}]}<\/script>\n<!-- \/ Yoast SEO Premium plugin. -->","yoast_head_json":{"title":"Pol\u00edtica de privacidad - E-TWOW","robots":{"index":"index","follow":"follow","max-snippet":"max-snippet:-1","max-image-preview":"max-image-preview:large","max-video-preview":"max-video-preview:-1"},"canonical":"https:\/\/e-twow.com\/privacy-policy\/","og_locale":"es_ES","og_type":"article","og_title":"Pol\u00edtica de privacidad","og_url":"https:\/\/e-twow.com\/privacy-policy\/","og_site_name":"E-TWOW","article_modified_time":"2020-02-05T11:03:15+00:00","twitter_card":"summary_large_image","twitter_misc":{"Tiempo de lectura":"10 minutos"},"schema":{"@context":"https:\/\/schema.org","@graph":[{"@type":"WebPage","@id":"https:\/\/e-twow.com\/privacy-policy\/","url":"https:\/\/e-twow.com\/privacy-policy\/","name":"Pol\u00edtica de privacidad - E-TWOW","isPartOf":{"@id":"https:\/\/e-twow.com\/#website"},"datePublished":"2018-06-04T10:01:33+00:00","dateModified":"2020-02-05T11:03:15+00:00","breadcrumb":{"@id":"https:\/\/e-twow.com\/privacy-policy\/#breadcrumb"},"inLanguage":"es","potentialAction":[{"@type":"ReadAction","target":["https:\/\/e-twow.com\/privacy-policy\/"]}]},{"@type":"BreadcrumbList","@id":"https:\/\/e-twow.com\/privacy-policy\/#breadcrumb","itemListElement":[{"@type":"ListItem","position":1,"name":"Portada","item":"https:\/\/e-twow.com\/es\/"},{"@type":"ListItem","position":2,"name":"Pol\u00edtica de privacidad"}]},{"@type":"WebSite","@id":"https:\/\/e-twow.com\/#website","url":"https:\/\/e-twow.com\/","name":"E-TWOW","description":"Portable Scooter","potentialAction":[{"@type":"SearchAction","target":{"@type":"EntryPoint","urlTemplate":"https:\/\/e-twow.com\/?s={search_term_string}"},"query-input":{"@type":"PropertyValueSpecification","valueRequired":true,"valueName":"search_term_string"}}],"inLanguage":"es"}]}},"_links":{"self":[{"href":"https:\/\/e-twow.com\/es\/wp-json\/wp\/v2\/pages\/8220","targetHints":{"allow":["GET"]}}],"collection":[{"href":"https:\/\/e-twow.com\/es\/wp-json\/wp\/v2\/pages"}],"about":[{"href":"https:\/\/e-twow.com\/es\/wp-json\/wp\/v2\/types\/page"}],"author":[{"embeddable":true,"href":"https:\/\/e-twow.com\/es\/wp-json\/wp\/v2\/users\/1"}],"replies":[{"embeddable":true,"href":"https:\/\/e-twow.com\/es\/wp-json\/wp\/v2\/comments?post=8220"}],"version-history":[{"count":1,"href":"https:\/\/e-twow.com\/es\/wp-json\/wp\/v2\/pages\/8220\/revisions"}],"predecessor-version":[{"id":8222,"href":"https:\/\/e-twow.com\/es\/wp-json\/wp\/v2\/pages\/8220\/revisions\/8222"}],"wp:attachment":[{"href":"https:\/\/e-twow.com\/es\/wp-json\/wp\/v2\/media?parent=8220"}],"curies":[{"name":"wp","href":"https:\/\/api.w.org\/{rel}","templated":true}]}}