{"id":8215,"date":"2018-06-04T06:02:50","date_gmt":"2018-06-04T06:02:50","guid":{"rendered":"https:\/\/e-twow.com\/faq\/"},"modified":"2020-02-05T11:01:28","modified_gmt":"2020-02-05T11:01:28","slug":"preguntas-frecuentes","status":"publish","type":"page","link":"https:\/\/e-twow.com\/es\/preguntas-frecuentes\/","title":{"rendered":"PREGUNTAS FRECUENTES"},"content":{"rendered":"<section class=\"l-section wpb_row height_small\"><div class=\"l-section-h i-cf\"><div class=\"g-cols vc_row via_flex valign_top type_default stacking_default\"><div class=\"vc_col-sm-12 wpb_column vc_column_container\"><div class=\"vc_column-inner\"><div class=\"wpb_wrapper\"><div class=\"wpb_text_column\"><div class=\"wpb_wrapper\"><h2 style=\"text-align: center;\">Preguntas y respuestas<\/h2>\n<h4 style=\"text-align: center;\">Encuentre respuestas r\u00e1pidas a cualquier pregunta sobre los productos E-TWOW<\/h4>\n<\/div><\/div><\/div><\/div><\/div><\/div><\/div><\/section><section class=\"l-section wpb_row height_small\"><div class=\"l-section-h i-cf\"><div class=\"g-cols vc_row via_flex valign_top type_default stacking_default\"><div class=\"vc_col-sm-12 wpb_column vc_column_container\"><div class=\"vc_column-inner\"><div class=\"wpb_wrapper\"><div class=\"w-tabs style_default switch_click accordion has_scrolling\" style=\"--sections-title-size:inherit\"><div class=\"w-tabs-sections titles-align_none icon_chevron cpos_right\"><div class=\"w-tabs-section\" id=\"y886\"><button class=\"w-tabs-section-header\" aria-controls=\"content-y886\" aria-expanded=\"false\"><div class=\"w-tabs-section-title\">\u00bfCu\u00e1l es el consumo de energ\u00eda de un patinete E-TWOW?<\/div><div class=\"w-tabs-section-control\"><\/div><\/button><div  class=\"w-tabs-section-content\" id=\"content-y886\"><div class=\"w-tabs-section-content-h i-cf\"><div class=\"wpb_text_column\"><div class=\"wpb_wrapper\"><p><u>El <\/u>patinete<u> E-TWOW tiene un consumo de energ\u00eda de solo 6.15W \/ km (con luces LED encendidas).<\/u><\/p>\n<\/div><\/div><\/div><\/div><\/div><div class=\"w-tabs-section\" id=\"ca91\"><button class=\"w-tabs-section-header\" aria-controls=\"content-ca91\" aria-expanded=\"false\"><div class=\"w-tabs-section-title\">\u00bfCu\u00e1l es la velocidad m\u00e1xima de los patinetes E-TWOW?<\/div><div class=\"w-tabs-section-control\"><\/div><\/button><div  class=\"w-tabs-section-content\" id=\"content-ca91\"><div class=\"w-tabs-section-content-h i-cf\"><div class=\"wpb_text_column\"><div class=\"wpb_wrapper\"><p>\u00a1Los patinetes E-TWOW pueden alcanzar velocidades de hasta 40 km \/ h! Muchos pa\u00edses tienen legislaci\u00f3n que limita la velocidad. El patinete E-TWOW tiene una caracter\u00edstica especial: la velocidad se puede limitar de acuerdo con la legislaci\u00f3n de cada pa\u00eds, de modo que, una vez que se establece una velocidad m\u00e1xima, el patinete no superar\u00e1 esta velocidad. Los l\u00edmites de velocidad preestablecidos son 6 km \/ h, 12 km \/ h, 20 km \/ hy 25 km \/ h. Esta funci\u00f3n puede activarse o desactivarse desde la unidad de control central, seg\u00fan las necesidades del usuario.<\/p>\n<\/div><\/div><\/div><\/div><\/div><div class=\"w-tabs-section\" id=\"cc7f\"><button class=\"w-tabs-section-header\" aria-controls=\"content-cc7f\" aria-expanded=\"false\"><div class=\"w-tabs-section-title\">\u00bfCu\u00e1l es la autonom\u00eda de los patinetes E-TWOW?<\/div><div class=\"w-tabs-section-control\"><\/div><\/button><div  class=\"w-tabs-section-content\" id=\"content-cc7f\"><div class=\"w-tabs-section-content-h i-cf\"><div class=\"wpb_text_column\"><div class=\"wpb_wrapper\"><p>El rango oscila entre 30 y 50 km \/ h (seg\u00fan el modelo del patinete) y se calcula a una velocidad constante de 20 km \/ h, con una carga inferior a 75 kg y con una velocidad del viento inferior a 10 km \/ h. es el primer patinete que utiliza la tecnolog\u00eda KERS (KINETIC ENERGY RECOVERY SYSTEM) a trav\u00e9s del sistema de frenado magn\u00e9tico, por lo que el alcance podr\u00eda incrementarse hasta en un 60%. Este sistema se utiliza en autom\u00f3viles de F\u00f3rmula 1 y es la primera vez que dicha tecnolog\u00eda se integra en un patinete el\u00e9ctrico.<\/p>\n<\/div><\/div><\/div><\/div><\/div><div class=\"w-tabs-section\" id=\"ce74\"><button class=\"w-tabs-section-header\" aria-controls=\"content-ce74\" aria-expanded=\"false\"><div class=\"w-tabs-section-title\">\u00bfCu\u00e1l es el tiempo de carga?<\/div><div class=\"w-tabs-section-control\"><\/div><\/button><div  class=\"w-tabs-section-content\" id=\"content-ce74\"><div class=\"w-tabs-section-content-h i-cf\"><div class=\"wpb_text_column\"><div class=\"wpb_wrapper\"><p>El tiempo de carga var\u00eda entre 2 y 4 horas (seg\u00fan el modelo del patinete). Cuando reciba el patinete el\u00e9ctrico E-TWOW por primera vez, se recomienda que cargue la bater\u00eda por completo antes de usarla y que la cargue cada tres meses durante los per\u00edodos en que no use el patinete.<\/p>\n<\/div><\/div><\/div><\/div><\/div><div class=\"w-tabs-section\" id=\"h058\"><button class=\"w-tabs-section-header\" aria-controls=\"content-h058\" aria-expanded=\"false\"><div class=\"w-tabs-section-title\">\u00bfC\u00f3mo es el sistema de frenado?<\/div><div class=\"w-tabs-section-control\"><\/div><\/button><div  class=\"w-tabs-section-content\" id=\"content-h058\"><div class=\"w-tabs-section-content-h i-cf\"><div class=\"wpb_text_column\"><div class=\"wpb_wrapper\"><p>El patinete tiene un sistema de frenado doble: utiliza un freno magn\u00e9tico (sin fricci\u00f3n), que tambi\u00e9n activa la tecnolog\u00eda KERS y un freno de pie trasero que detiene el patinete al instante, haciendo que su viaje sea muy suave, seguro y c\u00f3modo.<\/p>\n<\/div><\/div><\/div><\/div><\/div><div class=\"w-tabs-section\" id=\"s248\"><button class=\"w-tabs-section-header\" aria-controls=\"content-s248\" aria-expanded=\"false\"><div class=\"w-tabs-section-title\">\u00bfC\u00f3mo es el sistema de iluminaci\u00f3n E-TWOW?<\/div><div class=\"w-tabs-section-control\"><\/div><\/button><div  class=\"w-tabs-section-content\" id=\"content-s248\"><div class=\"w-tabs-section-content-h i-cf\"><div class=\"wpb_text_column\"><div class=\"wpb_wrapper\"><p>El patinete E-TWOW est\u00e1 equipado con un sistema de iluminaci\u00f3n que consta de 6 luces LED blancas brillantes y un sensor que encender\u00e1 autom\u00e1ticamente los faros cuando la luz ambiental sea insuficiente.<\/p>\n<\/div><\/div><\/div><\/div><\/div><div class=\"w-tabs-section\" id=\"a425\"><button class=\"w-tabs-section-header\" aria-controls=\"content-a425\" aria-expanded=\"false\"><div class=\"w-tabs-section-title\">\u00bfEs f\u00e1cil?<\/div><div class=\"w-tabs-section-control\"><\/div><\/button><div  class=\"w-tabs-section-content\" id=\"content-a425\"><div class=\"w-tabs-section-content-h i-cf\"><div class=\"wpb_text_column\"><div class=\"wpb_wrapper\"><p>Pesa solo 10.7 Kg, lo que lo convierte en el patinete m\u00e1s ligero de su gama de especificaciones.<\/p>\n<\/div><\/div><\/div><\/div><\/div><div class=\"w-tabs-section\" id=\"e616\"><button class=\"w-tabs-section-header\" aria-controls=\"content-e616\" aria-expanded=\"false\"><div class=\"w-tabs-section-title\">\u00bfSe puede plegar?<\/div><div class=\"w-tabs-section-control\"><\/div><\/button><div  class=\"w-tabs-section-content\" id=\"content-e616\"><div class=\"w-tabs-section-content-h i-cf\"><div class=\"wpb_text_column\"><div class=\"wpb_wrapper\"><p>El patinete E-TWOW es un patinete el\u00e9ctrico totalmente plegable (sistema patentado). El proceso de plegado se realiza en 3 simples pasos y solo lleva unos segundos. Es ajustable en altura, tiene la opci\u00f3n de plegar el manillar y plegar el cuerpo principal. Adem\u00e1s, tiene un cuerpo plegable autom\u00e1tico. El sistema de plegado completo nunca se ha utilizado antes para un veh\u00edculo de este tipo.<\/p>\n<\/div><\/div><\/div><\/div><\/div><div class=\"w-tabs-section\" id=\"c7f8\"><button class=\"w-tabs-section-header\" aria-controls=\"content-c7f8\" aria-expanded=\"false\"><div class=\"w-tabs-section-title\">\u00bfCu\u00e1les son las dimensiones de un scooter E-TWOW?<\/div><div class=\"w-tabs-section-control\"><\/div><\/button><div  class=\"w-tabs-section-content\" id=\"content-c7f8\"><div class=\"w-tabs-section-content-h i-cf\"><div class=\"wpb_text_column\"><div class=\"wpb_wrapper\"><p>Plegado: 940 x 135 x 1160 mm | Plegado: 945 x 135 x 300 mm; lo que hace que sea muy f\u00e1cil de transportar y almacenar (por ejemplo, puede guardarlo debajo de una oficina, en una maleta o en un vestuario) y es pr\u00e1cticamente inobservable a sus pies o debajo de los asientos de un autob\u00fas o tren.<\/p>\n<\/div><\/div><\/div><\/div><\/div><div class=\"w-tabs-section\" id=\"aa4c\"><button class=\"w-tabs-section-header\" aria-controls=\"content-aa4c\" aria-expanded=\"false\"><div class=\"w-tabs-section-title\">\u00bfTienes que tener habilidades especiales para usar el patinete E-TWOW?<\/div><div class=\"w-tabs-section-control\"><\/div><\/button><div  class=\"w-tabs-section-content\" id=\"content-aa4c\"><div class=\"w-tabs-section-content-h i-cf\"><div class=\"wpb_text_column\"><div class=\"wpb_wrapper\"><div id=\"questions\" class=\"section mcb-section \">\n<div class=\"section_wrapper mcb-section-inner\">\n<div class=\"wrap mcb-wrap one valign-top clearfix\">\n<div class=\"mcb-wrap-inner\">\n<div class=\"column mcb-column one column_faq \">\n<div class=\"faq\">\n<div class=\"mfn-acc faq_wrapper \">\n<div class=\"question active\">\n<div class=\"answer\">\n<p>El dise\u00f1o del patinete E-TWOW ofrece una conducci\u00f3n muy estable y f\u00e1cil, incluso para personas que nunca antes han usado un patinete.<\/p>\n<\/div>\n<\/div>\n<\/div>\n<\/div>\n<\/div>\n<\/div>\n<\/div>\n<\/div>\n<\/div>\n<\/div><\/div><\/div><\/div><\/div><\/div><\/div><\/div><\/div><\/div><\/div><\/div><\/section>\n","protected":false},"excerpt":{"rendered":"Preguntas y respuestas Encuentre respuestas r\u00e1pidas a cualquier pregunta sobre los productos E-TWOW \u00bfCu\u00e1l es el consumo de energ\u00eda de un patinete E-TWOW?El patinete E-TWOW tiene un consumo de energ\u00eda de solo 6.15W \/ km (con luces LED encendidas). \u00bfCu\u00e1l es la velocidad m\u00e1xima de los patinetes E-TWOW?\u00a1Los patinetes E-TWOW pueden alcanzar velocidades de hasta...","protected":false},"author":1,"featured_media":0,"parent":0,"menu_order":0,"comment_status":"closed","ping_status":"closed","template":"","meta":{"ngg_post_thumbnail":0,"footnotes":""},"class_list":["post-8215","page","type-page","status-publish","hentry"],"yoast_head":"<!-- This site is optimized with the Yoast SEO Premium plugin v27.4 (Yoast SEO v27.4) - https:\/\/yoast.com\/product\/yoast-seo-premium-wordpress\/ -->\n<title>PREGUNTAS FRECUENTES - E-TWOW<\/title>\n<meta name=\"robots\" content=\"index, follow, max-snippet:-1, max-image-preview:large, max-video-preview:-1\" \/>\n<link rel=\"canonical\" href=\"https:\/\/e-twow.com\/es\/preguntas-frecuentes\/\" \/>\n<meta property=\"og:locale\" content=\"es_ES\" \/>\n<meta property=\"og:type\" content=\"article\" \/>\n<meta property=\"og:title\" content=\"PREGUNTAS FRECUENTES\" \/>\n<meta property=\"og:url\" content=\"https:\/\/e-twow.com\/es\/preguntas-frecuentes\/\" \/>\n<meta property=\"og:site_name\" content=\"E-TWOW\" \/>\n<meta property=\"article:modified_time\" content=\"2020-02-05T11:01:28+00:00\" \/>\n<meta name=\"twitter:card\" content=\"summary_large_image\" \/>\n<meta name=\"twitter:label1\" content=\"Tiempo de lectura\" \/>\n\t<meta name=\"twitter:data1\" content=\"4 minutos\" \/>\n<script type=\"application\/ld+json\" class=\"yoast-schema-graph\">{\"@context\":\"https:\\\/\\\/schema.org\",\"@graph\":[{\"@type\":\"WebPage\",\"@id\":\"https:\\\/\\\/e-twow.com\\\/es\\\/preguntas-frecuentes\\\/\",\"url\":\"https:\\\/\\\/e-twow.com\\\/es\\\/preguntas-frecuentes\\\/\",\"name\":\"PREGUNTAS FRECUENTES - E-TWOW\",\"isPartOf\":{\"@id\":\"https:\\\/\\\/e-twow.com\\\/#website\"},\"datePublished\":\"2018-06-04T06:02:50+00:00\",\"dateModified\":\"2020-02-05T11:01:28+00:00\",\"breadcrumb\":{\"@id\":\"https:\\\/\\\/e-twow.com\\\/es\\\/preguntas-frecuentes\\\/#breadcrumb\"},\"inLanguage\":\"es\",\"potentialAction\":[{\"@type\":\"ReadAction\",\"target\":[\"https:\\\/\\\/e-twow.com\\\/es\\\/preguntas-frecuentes\\\/\"]}]},{\"@type\":\"BreadcrumbList\",\"@id\":\"https:\\\/\\\/e-twow.com\\\/es\\\/preguntas-frecuentes\\\/#breadcrumb\",\"itemListElement\":[{\"@type\":\"ListItem\",\"position\":1,\"name\":\"Portada\",\"item\":\"https:\\\/\\\/e-twow.com\\\/es\\\/\"},{\"@type\":\"ListItem\",\"position\":2,\"name\":\"PREGUNTAS FRECUENTES\"}]},{\"@type\":\"WebSite\",\"@id\":\"https:\\\/\\\/e-twow.com\\\/#website\",\"url\":\"https:\\\/\\\/e-twow.com\\\/\",\"name\":\"E-TWOW\",\"description\":\"Portable Scooter\",\"potentialAction\":[{\"@type\":\"SearchAction\",\"target\":{\"@type\":\"EntryPoint\",\"urlTemplate\":\"https:\\\/\\\/e-twow.com\\\/?s={search_term_string}\"},\"query-input\":{\"@type\":\"PropertyValueSpecification\",\"valueRequired\":true,\"valueName\":\"search_term_string\"}}],\"inLanguage\":\"es\"}]}<\/script>\n<!-- \/ Yoast SEO Premium plugin. -->","yoast_head_json":{"title":"PREGUNTAS FRECUENTES - E-TWOW","robots":{"index":"index","follow":"follow","max-snippet":"max-snippet:-1","max-image-preview":"max-image-preview:large","max-video-preview":"max-video-preview:-1"},"canonical":"https:\/\/e-twow.com\/es\/preguntas-frecuentes\/","og_locale":"es_ES","og_type":"article","og_title":"PREGUNTAS FRECUENTES","og_url":"https:\/\/e-twow.com\/es\/preguntas-frecuentes\/","og_site_name":"E-TWOW","article_modified_time":"2020-02-05T11:01:28+00:00","twitter_card":"summary_large_image","twitter_misc":{"Tiempo de lectura":"4 minutos"},"schema":{"@context":"https:\/\/schema.org","@graph":[{"@type":"WebPage","@id":"https:\/\/e-twow.com\/es\/preguntas-frecuentes\/","url":"https:\/\/e-twow.com\/es\/preguntas-frecuentes\/","name":"PREGUNTAS FRECUENTES - E-TWOW","isPartOf":{"@id":"https:\/\/e-twow.com\/#website"},"datePublished":"2018-06-04T06:02:50+00:00","dateModified":"2020-02-05T11:01:28+00:00","breadcrumb":{"@id":"https:\/\/e-twow.com\/es\/preguntas-frecuentes\/#breadcrumb"},"inLanguage":"es","potentialAction":[{"@type":"ReadAction","target":["https:\/\/e-twow.com\/es\/preguntas-frecuentes\/"]}]},{"@type":"BreadcrumbList","@id":"https:\/\/e-twow.com\/es\/preguntas-frecuentes\/#breadcrumb","itemListElement":[{"@type":"ListItem","position":1,"name":"Portada","item":"https:\/\/e-twow.com\/es\/"},{"@type":"ListItem","position":2,"name":"PREGUNTAS FRECUENTES"}]},{"@type":"WebSite","@id":"https:\/\/e-twow.com\/#website","url":"https:\/\/e-twow.com\/","name":"E-TWOW","description":"Portable Scooter","potentialAction":[{"@type":"SearchAction","target":{"@type":"EntryPoint","urlTemplate":"https:\/\/e-twow.com\/?s={search_term_string}"},"query-input":{"@type":"PropertyValueSpecification","valueRequired":true,"valueName":"search_term_string"}}],"inLanguage":"es"}]}},"_links":{"self":[{"href":"https:\/\/e-twow.com\/es\/wp-json\/wp\/v2\/pages\/8215","targetHints":{"allow":["GET"]}}],"collection":[{"href":"https:\/\/e-twow.com\/es\/wp-json\/wp\/v2\/pages"}],"about":[{"href":"https:\/\/e-twow.com\/es\/wp-json\/wp\/v2\/types\/page"}],"author":[{"embeddable":true,"href":"https:\/\/e-twow.com\/es\/wp-json\/wp\/v2\/users\/1"}],"replies":[{"embeddable":true,"href":"https:\/\/e-twow.com\/es\/wp-json\/wp\/v2\/comments?post=8215"}],"version-history":[{"count":3,"href":"https:\/\/e-twow.com\/es\/wp-json\/wp\/v2\/pages\/8215\/revisions"}],"predecessor-version":[{"id":8218,"href":"https:\/\/e-twow.com\/es\/wp-json\/wp\/v2\/pages\/8215\/revisions\/8218"}],"wp:attachment":[{"href":"https:\/\/e-twow.com\/es\/wp-json\/wp\/v2\/media?parent=8215"}],"curies":[{"name":"wp","href":"https:\/\/api.w.org\/{rel}","templated":true}]}}