{"id":8159,"date":"2018-06-04T10:09:28","date_gmt":"2018-06-04T10:09:28","guid":{"rendered":"https:\/\/e-twow.com\/cookies\/"},"modified":"2020-02-05T09:55:58","modified_gmt":"2020-02-05T09:55:58","slug":"la-politica-de-uso-de-cookies","status":"publish","type":"page","link":"https:\/\/e-twow.com\/es\/la-politica-de-uso-de-cookies\/","title":{"rendered":"La pol\u00edtica de uso de cookies"},"content":{"rendered":"<section class=\"l-section wpb_row height_small\"><div class=\"l-section-h i-cf\"><div class=\"g-cols vc_row via_flex valign_top type_default stacking_default\"><div class=\"vc_col-sm-12 wpb_column vc_column_container\"><div class=\"vc_column-inner\"><div class=\"wpb_wrapper\"><div class=\"wpb_text_column\"><div class=\"wpb_wrapper\"><p>\u00bfQu\u00e9 son las cookies?<\/p>\n<p>Como es pr\u00e1ctica com\u00fan en casi todos los sitios web profesionales, este sitio utiliza cookies, que son peque\u00f1os archivos descargados en su computadora, para mejorar su experiencia. Esta p\u00e1gina describe qu\u00e9 informaci\u00f3n recopilamos, c\u00f3mo la usamos y por qu\u00e9 a veces evitamos almacenar estas cookies. Tambi\u00e9n compartiremos c\u00f3mo puede evitar el almacenamiento de estas cookies, pero esto puede degradar o interrumpir ciertos elementos de la funcionalidad de los sitios.<\/p>\n<p>Para obtener informaci\u00f3n m\u00e1s general sobre las cookies, lea el art\u00edculo de Wikipedia sobre las cookies HTTP.<\/p>\n<p><strong>C\u00f3mo usamos las cookies<\/strong><\/p>\n<p>Utilizamos cookies por una variedad de razones detalladas a continuaci\u00f3n. Desafortunadamente, en la mayor\u00eda de los casos, no hay opciones est\u00e1ndar de la industria para desactivar las cookies sin desactivar por completo las caracter\u00edsticas y funciones que agregan a este sitio. Es aconsejable dejar las cookies activas si no est\u00e1 seguro de si las necesita o no en el caso de que se utilicen para proporcionar un servicio que utiliza.<\/p>\n<p><strong>Deshabilitar cookies<\/strong><\/p>\n<p>Puede evitar la configuraci\u00f3n de cookies ajustando la configuraci\u00f3n en su navegador. (Consulte la Ayuda del navegador para hacer esto). Tenga en cuenta que deshabilitar las cookies afectar\u00e1 la funcionalidad de este sitio y de muchos otros sitios web a los que accede. La desactivaci\u00f3n de las cookies generalmente provocar\u00e1 la desactivaci\u00f3n de ciertas caracter\u00edsticas y caracter\u00edsticas de este sitio. Por lo tanto, se recomienda que no desactive las cookies.<\/p>\n<p><strong>Las cookies que usamos<\/strong><\/p>\n<ul>\n<li>Cookies de bolet\u00edn electr\u00f3nico: este sitio ofrece servicios de suscripci\u00f3n a boletines o correo electr\u00f3nico, y las cookies se pueden usar para recordarle si ya est\u00e1 registrado y si desea mostrar ciertas notificaciones que pueden ser v\u00e1lidas solo para los usuarios suscriptores \/ no suscriptores.<\/li>\n<li>Cookies relacionadas con formularios: al enviar datos a trav\u00e9s de un formulario, como los que se encuentran en las p\u00e1ginas de contacto o formularios de comentarios, se pueden configurar cookies para recordar los detalles del usuario para futuros env\u00edos.<\/li>\n<li>Cookies de preferencias del sitio: para brindarle una excelente experiencia en este sitio, le ofrecemos la opci\u00f3n de establecer sus preferencias sobre c\u00f3mo se ejecuta este sitio cuando lo usa. Para recordar sus preferencias, necesitamos establecer cookies para que esta informaci\u00f3n se pueda solicitar en cualquier momento cuando interact\u00faa con una p\u00e1gina afectada por sus preferencias.<\/li>\n<\/ul>\n<p><strong>Cookies de terceros<\/strong><\/p>\n<p>En algunos casos especiales, tambi\u00e9n utilizamos cookies proporcionadas por terceros de confianza. La siguiente secci\u00f3n detalla las cookies de terceros que puede encontrar a trav\u00e9s de este sitio.<\/p>\n<ul>\n<li>Este sitio utiliza Google Analytics, que es una de las soluciones de an\u00e1lisis web m\u00e1s extendidas y confiables para ayudarnos a comprender c\u00f3mo usa el sitio y c\u00f3mo podemos mejorar su experiencia. Estas cookies pueden rastrear bloqueos, como el tiempo que pasa en el sitio y las im\u00e1genes que visita, para que podamos seguir produciendo contenido atractivo.<\/li>\n<\/ul>\n<p>Para obtener m\u00e1s informaci\u00f3n sobre las cookies de Google Analytics, consulte la p\u00e1gina oficial de Google Analytics.<\/p>\n<ul>\n<li>Tambi\u00e9n utilizamos botones y \/ o complementos de redes sociales en este sitio que le permiten conectarse a la red social de varias maneras. Para que estos funcionen los siguientes sitios de redes sociales, incluidos; {Facebook, Instagram} establecer\u00e1 cookies a trav\u00e9s de nuestro sitio, que se pueden utilizar para mejorar su perfil en su sitio o para contribuir a los datos que tienen para diversos fines establecidos en esa privacidad, pol\u00edticas.<\/li>\n<li><strong>M\u00e1s informaci\u00f3n<\/strong><\/li>\n<li>Esperamos que esto aclare las cosas para usted y, como se mencion\u00f3 anteriormente, si hay algo de lo que no est\u00e1 seguro si necesita o no, generalmente es m\u00e1s seguro dejar las cookies habilitadas si interact\u00faan con una de las funciones en que usa en nuestro sitio. Esta Pol\u00edtica de cookies se cre\u00f3 con la ayuda del generador CookiePolicyGenerator.com<\/li>\n<li>Sin embargo, si a\u00fan necesita m\u00e1s informaci\u00f3n, puede contactarnos a trav\u00e9s de uno de nuestros m\u00e9todos de contacto favoritos:<\/li>\n<li>Correo electr\u00f3nico: marketing@e-twow.ro<\/li>\n<\/ul>\n<\/div><\/div><\/div><\/div><\/div><\/div><\/div><\/section>\n","protected":false},"excerpt":{"rendered":"\u00bfQu\u00e9 son las cookies? Como es pr\u00e1ctica com\u00fan en casi todos los sitios web profesionales, este sitio utiliza cookies, que son peque\u00f1os archivos descargados en su computadora, para mejorar su experiencia. Esta p\u00e1gina describe qu\u00e9 informaci\u00f3n recopilamos, c\u00f3mo la usamos y por qu\u00e9 a veces evitamos almacenar estas cookies. Tambi\u00e9n compartiremos c\u00f3mo puede evitar el...","protected":false},"author":1,"featured_media":0,"parent":0,"menu_order":0,"comment_status":"closed","ping_status":"closed","template":"","meta":{"ngg_post_thumbnail":0,"footnotes":""},"class_list":["post-8159","page","type-page","status-publish","hentry"],"yoast_head":"<!-- This site is optimized with the Yoast SEO Premium plugin v27.2 (Yoast SEO v27.2) - https:\/\/yoast.com\/product\/yoast-seo-premium-wordpress\/ -->\n<title>La pol\u00edtica de uso de cookies - E-TWOW<\/title>\n<meta name=\"robots\" content=\"index, follow, max-snippet:-1, max-image-preview:large, max-video-preview:-1\" \/>\n<link rel=\"canonical\" href=\"https:\/\/e-twow.com\/cookies\/\" \/>\n<meta property=\"og:locale\" content=\"es_ES\" \/>\n<meta property=\"og:type\" content=\"article\" \/>\n<meta property=\"og:title\" content=\"La pol\u00edtica de uso de cookies\" \/>\n<meta property=\"og:url\" content=\"https:\/\/e-twow.com\/cookies\/\" \/>\n<meta property=\"og:site_name\" content=\"E-TWOW\" \/>\n<meta property=\"article:modified_time\" content=\"2020-02-05T09:55:58+00:00\" \/>\n<meta name=\"twitter:card\" content=\"summary_large_image\" \/>\n<meta name=\"twitter:label1\" content=\"Tiempo de lectura\" \/>\n\t<meta name=\"twitter:data1\" content=\"4 minutos\" \/>\n<script type=\"application\/ld+json\" class=\"yoast-schema-graph\">{\"@context\":\"https:\/\/schema.org\",\"@graph\":[{\"@type\":\"WebPage\",\"@id\":\"https:\/\/e-twow.com\/cookies\/\",\"url\":\"https:\/\/e-twow.com\/cookies\/\",\"name\":\"La pol\u00edtica de uso de cookies - E-TWOW\",\"isPartOf\":{\"@id\":\"https:\/\/e-twow.com\/#website\"},\"datePublished\":\"2018-06-04T10:09:28+00:00\",\"dateModified\":\"2020-02-05T09:55:58+00:00\",\"breadcrumb\":{\"@id\":\"https:\/\/e-twow.com\/cookies\/#breadcrumb\"},\"inLanguage\":\"es\",\"potentialAction\":[{\"@type\":\"ReadAction\",\"target\":[\"https:\/\/e-twow.com\/cookies\/\"]}]},{\"@type\":\"BreadcrumbList\",\"@id\":\"https:\/\/e-twow.com\/cookies\/#breadcrumb\",\"itemListElement\":[{\"@type\":\"ListItem\",\"position\":1,\"name\":\"Portada\",\"item\":\"https:\/\/e-twow.com\/es\/\"},{\"@type\":\"ListItem\",\"position\":2,\"name\":\"La pol\u00edtica de uso de cookies\"}]},{\"@type\":\"WebSite\",\"@id\":\"https:\/\/e-twow.com\/#website\",\"url\":\"https:\/\/e-twow.com\/\",\"name\":\"E-TWOW\",\"description\":\"Portable Scooter\",\"potentialAction\":[{\"@type\":\"SearchAction\",\"target\":{\"@type\":\"EntryPoint\",\"urlTemplate\":\"https:\/\/e-twow.com\/?s={search_term_string}\"},\"query-input\":{\"@type\":\"PropertyValueSpecification\",\"valueRequired\":true,\"valueName\":\"search_term_string\"}}],\"inLanguage\":\"es\"}]}<\/script>\n<!-- \/ Yoast SEO Premium plugin. -->","yoast_head_json":{"title":"La pol\u00edtica de uso de cookies - E-TWOW","robots":{"index":"index","follow":"follow","max-snippet":"max-snippet:-1","max-image-preview":"max-image-preview:large","max-video-preview":"max-video-preview:-1"},"canonical":"https:\/\/e-twow.com\/cookies\/","og_locale":"es_ES","og_type":"article","og_title":"La pol\u00edtica de uso de cookies","og_url":"https:\/\/e-twow.com\/cookies\/","og_site_name":"E-TWOW","article_modified_time":"2020-02-05T09:55:58+00:00","twitter_card":"summary_large_image","twitter_misc":{"Tiempo de lectura":"4 minutos"},"schema":{"@context":"https:\/\/schema.org","@graph":[{"@type":"WebPage","@id":"https:\/\/e-twow.com\/cookies\/","url":"https:\/\/e-twow.com\/cookies\/","name":"La pol\u00edtica de uso de cookies - E-TWOW","isPartOf":{"@id":"https:\/\/e-twow.com\/#website"},"datePublished":"2018-06-04T10:09:28+00:00","dateModified":"2020-02-05T09:55:58+00:00","breadcrumb":{"@id":"https:\/\/e-twow.com\/cookies\/#breadcrumb"},"inLanguage":"es","potentialAction":[{"@type":"ReadAction","target":["https:\/\/e-twow.com\/cookies\/"]}]},{"@type":"BreadcrumbList","@id":"https:\/\/e-twow.com\/cookies\/#breadcrumb","itemListElement":[{"@type":"ListItem","position":1,"name":"Portada","item":"https:\/\/e-twow.com\/es\/"},{"@type":"ListItem","position":2,"name":"La pol\u00edtica de uso de cookies"}]},{"@type":"WebSite","@id":"https:\/\/e-twow.com\/#website","url":"https:\/\/e-twow.com\/","name":"E-TWOW","description":"Portable Scooter","potentialAction":[{"@type":"SearchAction","target":{"@type":"EntryPoint","urlTemplate":"https:\/\/e-twow.com\/?s={search_term_string}"},"query-input":{"@type":"PropertyValueSpecification","valueRequired":true,"valueName":"search_term_string"}}],"inLanguage":"es"}]}},"_links":{"self":[{"href":"https:\/\/e-twow.com\/es\/wp-json\/wp\/v2\/pages\/8159","targetHints":{"allow":["GET"]}}],"collection":[{"href":"https:\/\/e-twow.com\/es\/wp-json\/wp\/v2\/pages"}],"about":[{"href":"https:\/\/e-twow.com\/es\/wp-json\/wp\/v2\/types\/page"}],"author":[{"embeddable":true,"href":"https:\/\/e-twow.com\/es\/wp-json\/wp\/v2\/users\/1"}],"replies":[{"embeddable":true,"href":"https:\/\/e-twow.com\/es\/wp-json\/wp\/v2\/comments?post=8159"}],"version-history":[{"count":3,"href":"https:\/\/e-twow.com\/es\/wp-json\/wp\/v2\/pages\/8159\/revisions"}],"predecessor-version":[{"id":8162,"href":"https:\/\/e-twow.com\/es\/wp-json\/wp\/v2\/pages\/8159\/revisions\/8162"}],"wp:attachment":[{"href":"https:\/\/e-twow.com\/es\/wp-json\/wp\/v2\/media?parent=8159"}],"curies":[{"name":"wp","href":"https:\/\/api.w.org\/{rel}","templated":true}]}}