{"id":8132,"date":"2018-01-31T14:36:41","date_gmt":"2018-01-31T14:36:41","guid":{"rendered":"https:\/\/e-twow.com\/awards\/"},"modified":"2020-02-05T09:21:44","modified_gmt":"2020-02-05T09:21:44","slug":"premios-y-logros","status":"publish","type":"page","link":"https:\/\/e-twow.com\/es\/premios-y-logros\/","title":{"rendered":"Premios y logros"},"content":{"rendered":"<section class=\"l-section wpb_row height_small\"><div class=\"l-section-h i-cf\"><div class=\"g-cols vc_row via_flex valign_top type_default stacking_default\"><div class=\"vc_col-sm-12 wpb_column vc_column_container\"><div class=\"vc_column-inner\"><div class=\"wpb_wrapper\"><div class=\"w-image align_center\"><div class=\"w-image-h\"><img decoding=\"async\" width=\"332\" height=\"450\" data-src=\"https:\/\/e-twow.com\/wp-content\/uploads\/2019\/01\/geneva-gold-medal.jpg\" class=\"attachment-large size-large lazyload\" alt=\"\" data-srcset=\"https:\/\/e-twow.com\/wp-content\/uploads\/2019\/01\/geneva-gold-medal.jpg 332w, https:\/\/e-twow.com\/wp-content\/uploads\/2019\/01\/geneva-gold-medal-221x300.jpg 221w\" data-sizes=\"auto, (max-width: 332px) 100vw, 332px\" src=\"data:image\/svg+xml;base64,PHN2ZyB3aWR0aD0iMSIgaGVpZ2h0PSIxIiB4bWxucz0iaHR0cDovL3d3dy53My5vcmcvMjAwMC9zdmciPjwvc3ZnPg==\" style=\"--smush-placeholder-width: 332px; --smush-placeholder-aspect-ratio: 332\/450;\" \/><\/div><\/div><\/div><\/div><\/div><\/div><\/div><\/section><section class=\"l-section wpb_row height_small\"><div class=\"l-section-h i-cf\"><div class=\"g-cols vc_row via_flex valign_top type_default stacking_default\"><div class=\"vc_col-sm-12 wpb_column vc_column_container\"><div class=\"vc_column-inner\"><div class=\"wpb_wrapper\"><div class=\"wpb_text_column\"><div class=\"wpb_wrapper\"><p>La innovaci\u00f3n es uno de los principales valores sobre los que se construy\u00f3 la marca E-TWOW. Nuestro objetivo nunca ha sido crear un producto est\u00e1tico y perfecto, sino innovar y mejorar constantemente nuestros productos. Este deseo de innovaci\u00f3n nos ha llevado a integrar tecnolog\u00edas de vanguardia en nuestras oficinas, lo que nos ha ayudado a registrar r\u00e9cordes \u00a0y allanar el camino para una nueva era de movilidad urbana. Estos son solo algunos de los muchos logros que hemos logrado a lo largo de los a\u00f1os.<\/p>\n<ul>\n<li>Fuimos la primera compa\u00f1\u00eda en el mundo en usar una rueda delantera para un patinete el\u00e9ctrico.<\/li>\n<li>Fuimos la primera compa\u00f1\u00eda en el mundo en implementar un sistema de recuperaci\u00f3n de energ\u00eda cin\u00e9tica y un freno electromagn\u00e9tico para un patinete el\u00e9ctrico. Antes de la invenci\u00f3n de nuestro patinete, la tecnolog\u00eda KERS se usaba solo en veh\u00edculos de F\u00f3rmula 1.<\/li>\n<li>Fuimos la primera compa\u00f1\u00eda en utilizar un bloque de comunicaci\u00f3n \u00fanico que combina la aceleraci\u00f3n y el frenado, al tiempo que muestra informaci\u00f3n valiosa, como la temperatura ambiente, el porcentaje de bater\u00eda, las luces del sensor y m\u00e1s.<\/li>\n<li>Tenemos el r\u00e9cord del consumo de energ\u00eda m\u00e1s bajo para un veh\u00edculo el\u00e9ctrico producido en masa que puede transportar una carga de 75 kg, solo 6.15 W \/ h<\/li>\n<li>En 2013, produjimos el patinete el\u00e9ctrico m\u00e1s ligero producido en masa (con solo 9.8 kg)<\/li>\n<li>Tenemos m\u00e1s de 50 patentes e inventos relacionados con el patinete el\u00e9ctrico E-TWOW.<\/li>\n<\/ul>\n<p>Nuestra f\u00e1brica en China se ocupa de la producci\u00f3n de patinetes el\u00e9ctricos, utilizando los \u00faltimos equipos y tecnolog\u00edas. Tambi\u00e9n tenemos un centro de negocios en Rumania, que representa el Centro Europeo de log\u00edstica, servicios y ventas.<\/p>\n<p>Despu\u00e9s de obtener una posici\u00f3n de liderazgo en la industria de los patinetes el\u00e9ctricos, comenzamos a trabajar en el desarrollo del sistema de alquiler de patinetes m\u00e1s eficiente. Tenemos dos centros de investigaci\u00f3n y desarrollo (uno en China y otro en Europa) que desarrollan software y hardware para el sistema de alquiler de patinetes. Utilizando las tecnolog\u00edas m\u00e1s avanzadas, desarrollamos bater\u00edas inteligentes con capacidades de carga inal\u00e1mbrica, aplicaciones IOT y GPS, as\u00ed como aplicaciones de Android e iOS.<\/p>\n<p>El centro de investigaci\u00f3n y desarrollo en Europa tambi\u00e9n es responsable del desarrollo de estaciones de carga EV para uso privado y p\u00fablico.<\/p>\n<\/div><\/div><div class=\"w-grid us_grid type_masonry layout_gallery_default cols_4 preload_style_spinner with_isotope\" id=\"us_grid_1\" style=\"--columns:4;\" data-filterable=\"true\"><style>@media (max-width:479px){#us_grid_1{--columns:2!important}}.layout_gallery_default .w-grid-item-h{}<\/style><div class=\"w-grid-list\">\t<article class=\"w-grid-item size_1x1 post-8145 attachment type-attachment status-inherit hentry\" data-id=\"8145\">\r\n\t\t<div class=\"w-grid-item-h\">\r\n\t\t\t\t\t\t\t<a ref=\"magnificPopupGrid\" href=\"https:\/\/e-twow.com\/wp-content\/uploads\/2019\/01\/awards.jpg\" class=\"w-grid-item-anchor\" aria-label=\"Geneva\"><\/a>\r\n\t\t\t\t\t\t<div class=\"w-post-elm post_image usg_post_image_1 stretched\"><img decoding=\"async\" width=\"350\" height=\"350\" data-src=\"https:\/\/e-twow.com\/wp-content\/uploads\/2019\/01\/awards-350x350.jpg\" class=\"attachment-us_350_350_crop size-us_350_350_crop lazyload\" alt=\"\" data-srcset=\"https:\/\/e-twow.com\/wp-content\/uploads\/2019\/01\/awards-350x350.jpg 350w, https:\/\/e-twow.com\/wp-content\/uploads\/2019\/01\/awards-150x150.jpg 150w, https:\/\/e-twow.com\/wp-content\/uploads\/2019\/01\/awards-600x600.jpg 600w\" data-sizes=\"(max-width: 350px) 100vw, 350px\" src=\"data:image\/svg+xml;base64,PHN2ZyB3aWR0aD0iMSIgaGVpZ2h0PSIxIiB4bWxucz0iaHR0cDovL3d3dy53My5vcmcvMjAwMC9zdmciPjwvc3ZnPg==\" style=\"--smush-placeholder-width: 350px; --smush-placeholder-aspect-ratio: 350\/350;\" \/><\/div>\t\t<\/div>\r\n\t\t\t<\/article>\r\n\t<article class=\"w-grid-item size_1x1 post-8133 attachment type-attachment status-inherit hentry\" data-id=\"8133\">\r\n\t\t<div class=\"w-grid-item-h\">\r\n\t\t\t\t\t\t\t<a ref=\"magnificPopupGrid\" href=\"https:\/\/e-twow.com\/wp-content\/uploads\/2018\/01\/1.jpg\" class=\"w-grid-item-anchor\" aria-label=\"1\"><\/a>\r\n\t\t\t\t\t\t<div class=\"w-post-elm post_image usg_post_image_1 stretched\"><img decoding=\"async\" width=\"350\" height=\"350\" data-src=\"https:\/\/e-twow.com\/wp-content\/uploads\/2018\/01\/1-350x350.jpg\" class=\"attachment-us_350_350_crop size-us_350_350_crop lazyload\" alt=\"\" data-srcset=\"https:\/\/e-twow.com\/wp-content\/uploads\/2018\/01\/1-350x350.jpg 350w, https:\/\/e-twow.com\/wp-content\/uploads\/2018\/01\/1-150x150.jpg 150w, https:\/\/e-twow.com\/wp-content\/uploads\/2018\/01\/1-600x600.jpg 600w, https:\/\/e-twow.com\/wp-content\/uploads\/2018\/01\/1-300x300.jpg 300w\" data-sizes=\"(max-width: 350px) 100vw, 350px\" src=\"data:image\/svg+xml;base64,PHN2ZyB3aWR0aD0iMSIgaGVpZ2h0PSIxIiB4bWxucz0iaHR0cDovL3d3dy53My5vcmcvMjAwMC9zdmciPjwvc3ZnPg==\" style=\"--smush-placeholder-width: 350px; --smush-placeholder-aspect-ratio: 350\/350;\" \/><\/div>\t\t<\/div>\r\n\t\t\t<\/article>\r\n\t<article class=\"w-grid-item size_1x1 post-8135 attachment type-attachment status-inherit hentry\" data-id=\"8135\">\r\n\t\t<div class=\"w-grid-item-h\">\r\n\t\t\t\t\t\t\t<a ref=\"magnificPopupGrid\" href=\"https:\/\/e-twow.com\/wp-content\/uploads\/2018\/01\/8.jpg\" class=\"w-grid-item-anchor\" aria-label=\"8\"><\/a>\r\n\t\t\t\t\t\t<div class=\"w-post-elm post_image usg_post_image_1 stretched\"><img decoding=\"async\" width=\"350\" height=\"350\" data-src=\"https:\/\/e-twow.com\/wp-content\/uploads\/2018\/01\/8-350x350.jpg\" class=\"attachment-us_350_350_crop size-us_350_350_crop lazyload\" alt=\"\" data-srcset=\"https:\/\/e-twow.com\/wp-content\/uploads\/2018\/01\/8-350x350.jpg 350w, https:\/\/e-twow.com\/wp-content\/uploads\/2018\/01\/8-150x150.jpg 150w, https:\/\/e-twow.com\/wp-content\/uploads\/2018\/01\/8-600x600.jpg 600w, https:\/\/e-twow.com\/wp-content\/uploads\/2018\/01\/8-300x300.jpg 300w\" data-sizes=\"(max-width: 350px) 100vw, 350px\" src=\"data:image\/svg+xml;base64,PHN2ZyB3aWR0aD0iMSIgaGVpZ2h0PSIxIiB4bWxucz0iaHR0cDovL3d3dy53My5vcmcvMjAwMC9zdmciPjwvc3ZnPg==\" style=\"--smush-placeholder-width: 350px; --smush-placeholder-aspect-ratio: 350\/350;\" \/><\/div>\t\t<\/div>\r\n\t\t\t<\/article>\r\n\t<article class=\"w-grid-item size_1x1 post-8136 attachment type-attachment status-inherit hentry\" data-id=\"8136\">\r\n\t\t<div class=\"w-grid-item-h\">\r\n\t\t\t\t\t\t\t<a ref=\"magnificPopupGrid\" href=\"https:\/\/e-twow.com\/wp-content\/uploads\/2018\/01\/10.jpg\" class=\"w-grid-item-anchor\" aria-label=\"10\"><\/a>\r\n\t\t\t\t\t\t<div class=\"w-post-elm post_image usg_post_image_1 stretched\"><img decoding=\"async\" width=\"350\" height=\"350\" data-src=\"https:\/\/e-twow.com\/wp-content\/uploads\/2018\/01\/10-350x350.jpg\" class=\"attachment-us_350_350_crop size-us_350_350_crop lazyload\" alt=\"\" data-srcset=\"https:\/\/e-twow.com\/wp-content\/uploads\/2018\/01\/10-350x350.jpg 350w, https:\/\/e-twow.com\/wp-content\/uploads\/2018\/01\/10-150x150.jpg 150w, https:\/\/e-twow.com\/wp-content\/uploads\/2018\/01\/10-600x600.jpg 600w, https:\/\/e-twow.com\/wp-content\/uploads\/2018\/01\/10-300x300.jpg 300w\" data-sizes=\"(max-width: 350px) 100vw, 350px\" src=\"data:image\/svg+xml;base64,PHN2ZyB3aWR0aD0iMSIgaGVpZ2h0PSIxIiB4bWxucz0iaHR0cDovL3d3dy53My5vcmcvMjAwMC9zdmciPjwvc3ZnPg==\" style=\"--smush-placeholder-width: 350px; --smush-placeholder-aspect-ratio: 350\/350;\" \/><\/div>\t\t<\/div>\r\n\t\t\t<\/article>\r\n\t<article class=\"w-grid-item size_1x1 post-8137 attachment type-attachment status-inherit hentry\" data-id=\"8137\">\r\n\t\t<div class=\"w-grid-item-h\">\r\n\t\t\t\t\t\t\t<a ref=\"magnificPopupGrid\" href=\"https:\/\/e-twow.com\/wp-content\/uploads\/2018\/01\/awards-3.jpg\" class=\"w-grid-item-anchor\" aria-label=\"awards-3\"><\/a>\r\n\t\t\t\t\t\t<div class=\"w-post-elm post_image usg_post_image_1 stretched\"><img decoding=\"async\" width=\"319\" height=\"350\" data-src=\"https:\/\/e-twow.com\/wp-content\/uploads\/2018\/01\/awards-3-319x350.jpg\" class=\"attachment-us_350_350_crop size-us_350_350_crop lazyload\" alt=\"\" src=\"data:image\/svg+xml;base64,PHN2ZyB3aWR0aD0iMSIgaGVpZ2h0PSIxIiB4bWxucz0iaHR0cDovL3d3dy53My5vcmcvMjAwMC9zdmciPjwvc3ZnPg==\" style=\"--smush-placeholder-width: 319px; --smush-placeholder-aspect-ratio: 319\/350;\" \/><\/div>\t\t<\/div>\r\n\t\t\t<\/article>\r\n\t<article class=\"w-grid-item size_1x1 post-8139 attachment type-attachment status-inherit hentry\" data-id=\"8139\">\r\n\t\t<div class=\"w-grid-item-h\">\r\n\t\t\t\t\t\t\t<a ref=\"magnificPopupGrid\" href=\"https:\/\/e-twow.com\/wp-content\/uploads\/2018\/01\/awards-7.jpg\" class=\"w-grid-item-anchor\" aria-label=\"awards-7 aei\"><\/a>\r\n\t\t\t\t\t\t<div class=\"w-post-elm post_image usg_post_image_1 stretched\"><img decoding=\"async\" width=\"350\" height=\"350\" data-src=\"https:\/\/e-twow.com\/wp-content\/uploads\/2018\/01\/awards-7-350x350.jpg\" class=\"attachment-us_350_350_crop size-us_350_350_crop lazyload\" alt=\"\" data-srcset=\"https:\/\/e-twow.com\/wp-content\/uploads\/2018\/01\/awards-7-350x350.jpg 350w, https:\/\/e-twow.com\/wp-content\/uploads\/2018\/01\/awards-7-150x150.jpg 150w, https:\/\/e-twow.com\/wp-content\/uploads\/2018\/01\/awards-7-300x300.jpg 300w\" data-sizes=\"(max-width: 350px) 100vw, 350px\" src=\"data:image\/svg+xml;base64,PHN2ZyB3aWR0aD0iMSIgaGVpZ2h0PSIxIiB4bWxucz0iaHR0cDovL3d3dy53My5vcmcvMjAwMC9zdmciPjwvc3ZnPg==\" style=\"--smush-placeholder-width: 350px; --smush-placeholder-aspect-ratio: 350\/350;\" \/><\/div>\t\t<\/div>\r\n\t\t\t<\/article>\r\n\t<article class=\"w-grid-item size_1x1 post-8140 attachment type-attachment status-inherit hentry\" data-id=\"8140\">\r\n\t\t<div class=\"w-grid-item-h\">\r\n\t\t\t\t\t\t\t<a ref=\"magnificPopupGrid\" href=\"https:\/\/e-twow.com\/wp-content\/uploads\/2018\/01\/awards-11.jpg\" class=\"w-grid-item-anchor\" aria-label=\"awards 2017\"><\/a>\r\n\t\t\t\t\t\t<div class=\"w-post-elm post_image usg_post_image_1 stretched\"><img decoding=\"async\" width=\"350\" height=\"350\" data-src=\"https:\/\/e-twow.com\/wp-content\/uploads\/2018\/01\/awards-11-350x350.jpg\" class=\"attachment-us_350_350_crop size-us_350_350_crop lazyload\" alt=\"\" data-srcset=\"https:\/\/e-twow.com\/wp-content\/uploads\/2018\/01\/awards-11-350x350.jpg 350w, https:\/\/e-twow.com\/wp-content\/uploads\/2018\/01\/awards-11-150x150.jpg 150w, https:\/\/e-twow.com\/wp-content\/uploads\/2018\/01\/awards-11-300x300.jpg 300w\" data-sizes=\"(max-width: 350px) 100vw, 350px\" src=\"data:image\/svg+xml;base64,PHN2ZyB3aWR0aD0iMSIgaGVpZ2h0PSIxIiB4bWxucz0iaHR0cDovL3d3dy53My5vcmcvMjAwMC9zdmciPjwvc3ZnPg==\" style=\"--smush-placeholder-width: 350px; --smush-placeholder-aspect-ratio: 350\/350;\" \/><\/div>\t\t<\/div>\r\n\t\t\t<\/article>\r\n\t<article class=\"w-grid-item size_1x1 post-8141 attachment type-attachment status-inherit hentry\" data-id=\"8141\">\r\n\t\t<div class=\"w-grid-item-h\">\r\n\t\t\t\t\t\t\t<a ref=\"magnificPopupGrid\" href=\"https:\/\/e-twow.com\/wp-content\/uploads\/2018\/01\/awards-17.jpg\" class=\"w-grid-item-anchor\" aria-label=\"e-twow pro invent medal\"><\/a>\r\n\t\t\t\t\t\t<div class=\"w-post-elm post_image usg_post_image_1 stretched\"><img decoding=\"async\" width=\"350\" height=\"350\" data-src=\"https:\/\/e-twow.com\/wp-content\/uploads\/2018\/01\/awards-17-350x350.jpg\" class=\"attachment-us_350_350_crop size-us_350_350_crop lazyload\" alt=\"\" data-srcset=\"https:\/\/e-twow.com\/wp-content\/uploads\/2018\/01\/awards-17-350x350.jpg 350w, https:\/\/e-twow.com\/wp-content\/uploads\/2018\/01\/awards-17-150x150.jpg 150w, https:\/\/e-twow.com\/wp-content\/uploads\/2018\/01\/awards-17-300x300.jpg 300w\" data-sizes=\"(max-width: 350px) 100vw, 350px\" src=\"data:image\/svg+xml;base64,PHN2ZyB3aWR0aD0iMSIgaGVpZ2h0PSIxIiB4bWxucz0iaHR0cDovL3d3dy53My5vcmcvMjAwMC9zdmciPjwvc3ZnPg==\" style=\"--smush-placeholder-width: 350px; --smush-placeholder-aspect-ratio: 350\/350;\" \/><\/div>\t\t<\/div>\r\n\t\t\t<\/article>\r\n<\/div>\t<div class=\"w-grid-preloader\">\r\n\t\t<div class=\"g-preloader type_1\">\r\n\t\t\t<div><\/div>\r\n\t\t<\/div>\r\n\t<\/div>\r\n\t\t<div class=\"w-grid-json hidden\" onclick='return {&quot;action&quot;:&quot;us_ajax_grid&quot;,&quot;infinite_scroll&quot;:0,&quot;max_num_pages&quot;:1,&quot;pagination&quot;:&quot;none&quot;,&quot;template_vars&quot;:{&quot;columns&quot;:&quot;4&quot;,&quot;exclude_items&quot;:&quot;none&quot;,&quot;img_size&quot;:&quot;us_350_350_crop&quot;,&quot;ignore_items_size&quot;:0,&quot;items_layout&quot;:&quot;gallery_default&quot;,&quot;items_offset&quot;:&quot;1&quot;,&quot;load_animation&quot;:&quot;none&quot;,&quot;overriding_link&quot;:&quot;%7B%22type%22%3A%22popup_image%22%7D&quot;,&quot;post_id&quot;:0,&quot;query_args&quot;:{&quot;post_type&quot;:[&quot;attachment&quot;],&quot;post__in&quot;:[&quot;5567&quot;,&quot;4239&quot;,&quot;4241&quot;,&quot;4242&quot;,&quot;4243&quot;,&quot;4246&quot;,&quot;4247&quot;,&quot;4250&quot;],&quot;post_status&quot;:&quot;inherit&quot;,&quot;post_mime_type&quot;:&quot;image&quot;,&quot;posts_per_page&quot;:999},&quot;orderby_query_args&quot;:{&quot;orderby&quot;:{&quot;post__in&quot;:&quot;ASC&quot;},&quot;order&quot;:&quot;ASC&quot;},&quot;type&quot;:&quot;masonry&quot;,&quot;us_grid_post_type&quot;:&quot;attachment&quot;,&quot;us_grid_ajax_index&quot;:1,&quot;us_grid_filter_query_string&quot;:null,&quot;us_grid_index&quot;:1,&quot;page_args&quot;:[],&quot;lang&quot;:&quot;es&quot;}}'><\/div>\r\n\t<\/div><\/div><\/div><\/div><\/div><\/div><\/section>\n","protected":false},"excerpt":{"rendered":"","protected":false},"author":1,"featured_media":0,"parent":0,"menu_order":0,"comment_status":"closed","ping_status":"closed","template":"","meta":{"ngg_post_thumbnail":0,"footnotes":""},"class_list":["post-8132","page","type-page","status-publish","hentry"],"yoast_head":"<!-- This site is optimized with the Yoast SEO Premium plugin v27.2 (Yoast SEO v27.2) - https:\/\/yoast.com\/product\/yoast-seo-premium-wordpress\/ -->\n<title>Premios y logros - E-TWOW<\/title>\n<meta name=\"robots\" content=\"index, follow, max-snippet:-1, max-image-preview:large, max-video-preview:-1\" \/>\n<link rel=\"canonical\" href=\"https:\/\/e-twow.com\/awards\/\" \/>\n<meta property=\"og:locale\" content=\"es_ES\" \/>\n<meta property=\"og:type\" content=\"article\" \/>\n<meta property=\"og:title\" content=\"Premios y logros\" \/>\n<meta property=\"og:url\" content=\"https:\/\/e-twow.com\/awards\/\" \/>\n<meta property=\"og:site_name\" content=\"E-TWOW\" \/>\n<meta property=\"article:modified_time\" content=\"2020-02-05T09:21:44+00:00\" \/>\n<meta name=\"twitter:card\" content=\"summary_large_image\" \/>\n<meta name=\"twitter:label1\" content=\"Tiempo de lectura\" \/>\n\t<meta name=\"twitter:data1\" content=\"2 minutos\" \/>\n<script type=\"application\/ld+json\" class=\"yoast-schema-graph\">{\"@context\":\"https:\/\/schema.org\",\"@graph\":[{\"@type\":\"WebPage\",\"@id\":\"https:\/\/e-twow.com\/awards\/\",\"url\":\"https:\/\/e-twow.com\/awards\/\",\"name\":\"Premios y logros - E-TWOW\",\"isPartOf\":{\"@id\":\"https:\/\/e-twow.com\/#website\"},\"datePublished\":\"2018-01-31T14:36:41+00:00\",\"dateModified\":\"2020-02-05T09:21:44+00:00\",\"breadcrumb\":{\"@id\":\"https:\/\/e-twow.com\/awards\/#breadcrumb\"},\"inLanguage\":\"es\",\"potentialAction\":[{\"@type\":\"ReadAction\",\"target\":[\"https:\/\/e-twow.com\/awards\/\"]}]},{\"@type\":\"BreadcrumbList\",\"@id\":\"https:\/\/e-twow.com\/awards\/#breadcrumb\",\"itemListElement\":[{\"@type\":\"ListItem\",\"position\":1,\"name\":\"Portada\",\"item\":\"https:\/\/e-twow.com\/es\/\"},{\"@type\":\"ListItem\",\"position\":2,\"name\":\"Premios y logros\"}]},{\"@type\":\"WebSite\",\"@id\":\"https:\/\/e-twow.com\/#website\",\"url\":\"https:\/\/e-twow.com\/\",\"name\":\"E-TWOW\",\"description\":\"Portable Scooter\",\"potentialAction\":[{\"@type\":\"SearchAction\",\"target\":{\"@type\":\"EntryPoint\",\"urlTemplate\":\"https:\/\/e-twow.com\/?s={search_term_string}\"},\"query-input\":{\"@type\":\"PropertyValueSpecification\",\"valueRequired\":true,\"valueName\":\"search_term_string\"}}],\"inLanguage\":\"es\"}]}<\/script>\n<!-- \/ Yoast SEO Premium plugin. -->","yoast_head_json":{"title":"Premios y logros - E-TWOW","robots":{"index":"index","follow":"follow","max-snippet":"max-snippet:-1","max-image-preview":"max-image-preview:large","max-video-preview":"max-video-preview:-1"},"canonical":"https:\/\/e-twow.com\/awards\/","og_locale":"es_ES","og_type":"article","og_title":"Premios y logros","og_url":"https:\/\/e-twow.com\/awards\/","og_site_name":"E-TWOW","article_modified_time":"2020-02-05T09:21:44+00:00","twitter_card":"summary_large_image","twitter_misc":{"Tiempo de lectura":"2 minutos"},"schema":{"@context":"https:\/\/schema.org","@graph":[{"@type":"WebPage","@id":"https:\/\/e-twow.com\/awards\/","url":"https:\/\/e-twow.com\/awards\/","name":"Premios y logros - E-TWOW","isPartOf":{"@id":"https:\/\/e-twow.com\/#website"},"datePublished":"2018-01-31T14:36:41+00:00","dateModified":"2020-02-05T09:21:44+00:00","breadcrumb":{"@id":"https:\/\/e-twow.com\/awards\/#breadcrumb"},"inLanguage":"es","potentialAction":[{"@type":"ReadAction","target":["https:\/\/e-twow.com\/awards\/"]}]},{"@type":"BreadcrumbList","@id":"https:\/\/e-twow.com\/awards\/#breadcrumb","itemListElement":[{"@type":"ListItem","position":1,"name":"Portada","item":"https:\/\/e-twow.com\/es\/"},{"@type":"ListItem","position":2,"name":"Premios y logros"}]},{"@type":"WebSite","@id":"https:\/\/e-twow.com\/#website","url":"https:\/\/e-twow.com\/","name":"E-TWOW","description":"Portable Scooter","potentialAction":[{"@type":"SearchAction","target":{"@type":"EntryPoint","urlTemplate":"https:\/\/e-twow.com\/?s={search_term_string}"},"query-input":{"@type":"PropertyValueSpecification","valueRequired":true,"valueName":"search_term_string"}}],"inLanguage":"es"}]}},"_links":{"self":[{"href":"https:\/\/e-twow.com\/es\/wp-json\/wp\/v2\/pages\/8132","targetHints":{"allow":["GET"]}}],"collection":[{"href":"https:\/\/e-twow.com\/es\/wp-json\/wp\/v2\/pages"}],"about":[{"href":"https:\/\/e-twow.com\/es\/wp-json\/wp\/v2\/types\/page"}],"author":[{"embeddable":true,"href":"https:\/\/e-twow.com\/es\/wp-json\/wp\/v2\/users\/1"}],"replies":[{"embeddable":true,"href":"https:\/\/e-twow.com\/es\/wp-json\/wp\/v2\/comments?post=8132"}],"version-history":[{"count":1,"href":"https:\/\/e-twow.com\/es\/wp-json\/wp\/v2\/pages\/8132\/revisions"}],"predecessor-version":[{"id":8134,"href":"https:\/\/e-twow.com\/es\/wp-json\/wp\/v2\/pages\/8132\/revisions\/8134"}],"wp:attachment":[{"href":"https:\/\/e-twow.com\/es\/wp-json\/wp\/v2\/media?parent=8132"}],"curies":[{"name":"wp","href":"https:\/\/api.w.org\/{rel}","templated":true}]}}