{"id":9873,"date":"2018-06-04T10:01:33","date_gmt":"2018-06-04T10:01:33","guid":{"rendered":"https:\/\/e-twow.com\/privacy-policy\/"},"modified":"2020-06-22T06:06:59","modified_gmt":"2020-06-22T06:06:59","slug":"datenschutzerklaerung","status":"publish","type":"page","link":"https:\/\/e-twow.com\/de\/datenschutzerklaerung\/","title":{"rendered":"Datenschutzerkl\u00e4rung"},"content":{"rendered":"<section class=\"l-section wpb_row height_small\"><div class=\"l-section-h i-cf\"><div class=\"g-cols vc_row via_flex valign_top type_default stacking_default\"><div class=\"vc_col-sm-12 wpb_column vc_column_container\"><div class=\"vc_column-inner\"><div class=\"wpb_wrapper\"><div class=\"wpb_text_column\"><div class=\"wpb_wrapper\"><div id=\"ppBody\">\n<div class=\"innerText\">\n<p>Datenschutzerkl\u00e4rung<\/p>\n<p>Diese Datenschutzrichtlinie wurde erstellt, um denjenigen, die sich mit der Verwendung ihrer personenbezogenen Daten (PII) im Internet befassen, einen besseren Service zu bieten. PII, wie im US-Datenschutzgesetz und in der Informationssicherheit beschrieben, sind Informationen, die allein oder mit anderen Informationen verwendet werden k\u00f6nnen, um eine einzelne Person zu identifizieren, zu kontaktieren oder zu lokalisieren oder um eine Person im Kontext zu identifizieren. Bitte lesen Sie unsere Datenschutzbestimmungen sorgf\u00e4ltig durch, um ein klares Verst\u00e4ndnis daf\u00fcr zu erhalten, wie wir Ihre personenbezogenen Daten gem\u00e4\u00df unserer Website sammeln, verwenden, sch\u00fctzen oder anderweitig behandeln.<\/p>\n<p>Welche pers\u00f6nlichen Daten sammeln wir von den Personen, die unseren Blog, unsere Website oder unsere App besuchen?<\/p>\n<p>Bei der Bestellung oder Registrierung auf unserer Website werden Sie m\u00f6glicherweise aufgefordert, Ihren Namen, Ihre E-Mail-Adresse, Ihre Telefonnummer oder andere Details einzugeben, um Ihre Erfahrungen zu verbessern.<\/p>\n<p>Wann sammeln wir Informationen?<\/p>\n<p>Wir sammeln Informationen von Ihnen, wenn Sie einen Newsletter abonnieren, ein Formular ausf\u00fcllen oder Informationen auf unserer Website eingeben.<\/p>\n<p>Wie verwenden wir Ihre Daten?<\/p>\n<p>Wir k\u00f6nnen die von Ihnen gesammelten Informationen verwenden, wenn Sie sich registrieren, einen Kauf t\u00e4tigen, sich f\u00fcr unseren Newsletter anmelden, auf eine Umfrage oder Marketingmitteilung antworten, auf der Website surfen oder bestimmte andere Website-Funktionen auf folgende Weise verwenden:<\/p>\n<ul>\n<li>Um Ihre Erfahrung zu personalisieren und es uns zu erm\u00f6glichen, die Art von Inhalten und Produktangeboten bereitzustellen, an denen Sie am meisten interessiert sind.<\/li>\n<li>Um unsere Website zu verbessern, um Ihnen einen besseren Service bieten zu k\u00f6nnen.<\/li>\n<li>Damit wir Sie bei der Beantwortung Ihrer Kundendienstanfragen besser bedienen k\u00f6nnen.<\/li>\n<li>Um regelm\u00e4\u00dfig E-Mails zu Ihrer Bestellung oder anderen Produkten und Dienstleistungen zu senden.<\/li>\n<li>Um Sie nach der Korrespondenz zu kontaktieren (Live-Chat, E-Mail oder telefonische Anfragen)<\/li>\n<\/ul>\n<p>Wie sch\u00fctzen wir Ihre Daten?<\/p>\n<p>Wir verwenden kein Scannen von Sicherheitsl\u00fccken und \/ oder Scannen nach PCI-Standards.<\/p>\n<p>Wir stellen nur Artikel und Informationen zur Verf\u00fcgung. Wir fragen niemals nach Kreditkartennummern.<\/p>\n<p>Wir verwenden regul\u00e4res Malware-Scannen.<\/p>\n<p>Ihre pers\u00f6nlichen Daten sind in einem gesicherten Netzwerk enthalten und nur einer begrenzten Anzahl von Personen zug\u00e4nglich, die \u00fcber besondere Zugriffsrechte auf solche Systeme verf\u00fcgen und die Informationen vertraulich behandeln m\u00fcssen. Dar\u00fcber hinaus werden alle von Ihnen angegebenen vertraulichen Informationen \/ Kreditinformationen mithilfe der SSL-Technologie (Secure Socket Layer) verschl\u00fcsselt.<\/p>\n<p>Wir implementieren eine Vielzahl von Sicherheitsma\u00dfnahmen, wenn ein Benutzer seine Informationen eingibt, \u00fcbermittelt oder darauf zugreift, um die Sicherheit seiner pers\u00f6nlichen Daten zu gew\u00e4hrleisten.<\/p>\n<p>Alle Transaktionen werden \u00fcber einen Gateway-Anbieter verarbeitet und nicht auf unseren Servern gespeichert oder verarbeitet.<\/p>\n<p>Verwenden wir &#8220;Cookies&#8221;?<\/p>\n<p>Ja. Cookies sind kleine Dateien, die eine Site oder ihr Dienstanbieter \u00fcber Ihren Webbrowser auf die Festplatte Ihres Computers \u00fcbertr\u00e4gt (sofern Sie dies zulassen), damit die Systeme der Website oder des Dienstanbieters Ihren Browser erkennen und bestimmte Informationen erfassen und speichern k\u00f6nnen. Beispielsweise verwenden wir Cookies, um die Artikel in Ihrem Warenkorb zu speichern und zu verarbeiten. Sie werden auch verwendet, um uns zu helfen, Ihre Pr\u00e4ferenzen basierend auf fr\u00fcheren oder aktuellen Site-Aktivit\u00e4ten zu verstehen, sodass wir Ihnen verbesserte Services anbieten k\u00f6nnen. Wir verwenden Cookies auch, um aggregierte Daten \u00fcber den Website-Verkehr und die Website-Interaktionen zusammenzustellen, damit wir in Zukunft bessere Website-Erfahrungen und -Tools anbieten k\u00f6nnen.<\/p>\n<p>Wir verwenden Cookies, um:<\/p>\n<ul>\n<li>Verstehen und Speichern der Benutzereinstellungen f\u00fcr zuk\u00fcnftige Besuche.<\/li>\n<li>Sammeln Sie aggregierte Daten \u00fcber den Site-Verkehr und die Site-Interaktionen, um in Zukunft bessere Site-Erfahrungen und -Tools anzubieten. Wir k\u00f6nnen auch vertrauensw\u00fcrdige Dienste von Drittanbietern verwenden, die diese Informationen in unserem Namen verfolgen.<\/li>\n<\/ul>\n<p>Sie k\u00f6nnen festlegen, dass Ihr Computer Sie jedes Mal warnt, wenn ein Cookie gesendet wird, oder Sie k\u00f6nnen alle Cookies deaktivieren. Sie tun dies \u00fcber Ihre Browsereinstellungen. Da jeder Browser etwas anders ist, lesen Sie im Hilfemen\u00fc Ihres Browsers nach, wie Sie Ihre Cookie-Einstellungen richtig \u00e4ndern k\u00f6nnen.<\/p>\n<p>Wenn Sie Cookies deaktivieren, hat dies keine Auswirkungen auf die Benutzererfahrung.<\/p>\n<p>Offenlegung durch Dritte<\/p>\n<p>Wir verkaufen, handeln oder \u00fcbertragen Ihre personenbezogenen Daten nicht an Dritte, es sei denn, wir informieren die Benutzer im Voraus. Dies gilt nicht f\u00fcr Website-Hosting-Partner und andere Parteien, die uns beim Betrieb unserer Website, bei der F\u00fchrung unseres Gesch\u00e4fts oder bei der Bedienung unserer Benutzer unterst\u00fctzen, sofern diese Parteien sich einverstanden erkl\u00e4ren, diese Informationen vertraulich zu behandeln. Wir k\u00f6nnen auch Informationen ver\u00f6ffentlichen, wenn es angemessen ist, die Gesetze einzuhalten, unsere Website-Richtlinien durchzusetzen oder unsere oder die Rechte, das Eigentum oder die Sicherheit anderer zu sch\u00fctzen.<\/p>\n<p>Nicht pers\u00f6nlich identifizierbare Besucherinformationen k\u00f6nnen jedoch anderen Parteien f\u00fcr Marketing, Werbung oder andere Zwecke zur Verf\u00fcgung gestellt werden.<\/p>\n<p>Links von Drittanbietern<\/p>\n<p>Wir bieten keine Produkte oder Dienstleistungen von Drittanbietern auf unserer Website an oder bieten diese an.<\/p>\n<p>Google<\/p>\n<p>Die Werbeanforderungen von Google k\u00f6nnen anhand der Werbeprinzipien von Google zusammengefasst werden. Sie wurden eingerichtet, um den Benutzern eine positive Erfahrung zu bieten. https:\/\/support.google.com\/adwordspolicy\/answer\/1316548?hl=de<\/p>\n<p>Wir verwenden Google AdSense Advertising auf unserer Website.<\/p>\n<p>Google verwendet als Drittanbieter Cookies, um Anzeigen auf unserer Website zu schalten. Durch die Verwendung des DART-Cookies durch Google k\u00f6nnen Anzeigen f\u00fcr unsere Nutzer geschaltet werden, die auf fr\u00fcheren Besuchen unserer Website und anderer Websites im Internet basieren. Benutzer k\u00f6nnen die Verwendung des DART-Cookies durch Aufrufen der Datenschutzrichtlinie von Google Ad und Content Network deaktivieren.<\/p>\n<p>Wir haben Folgendes implementiert:<\/p>\n<ul>\n<li>Google Display Network Impression Reporting<\/li>\n<li>Berichterstattung \u00fcber Demografie und Interessen<\/li>\n<li>DoubleClick-Plattformintegration<\/li>\n<\/ul>\n<p>Zusammen mit Drittanbietern wie Google verwenden wir Erstanbieter-Cookies (wie die Google Analytics-Cookies) und Drittanbieter-Cookies (wie das DoubleClick-Cookie) oder andere Drittanbieter-IDs, um Daten zu Benutzerinteraktionen mit Google zusammenzustellen Anzeigenimpressionen und andere Anzeigenservicefunktionen, die sich auf unsere Website beziehen.<\/p>\n<p>Opting out:<\/p>\n<p>Auf der Seite &#8220;Anzeigeneinstellungen&#8221; k\u00f6nnen Nutzer Einstellungen festlegen, wie Google f\u00fcr sie wirbt. Alternativ k\u00f6nnen sie sich abmelden, indem sie die Seite Opt-Out der Network Advertising Initiative besuchen oder das Add-On des Google Analytics Opt-Out-Browsers verwenden.<\/p>\n<p>California Online-Datenschutzgesetz<\/p>\n<p>CalOPPA ist das erste staatliche Gesetz in der Nation, das kommerzielle Websites und Onlinedienste zur Ver\u00f6ffentlichung einer Datenschutzrichtlinie verpflichtet. Die Reichweite des Gesetzes erstreckt sich weit \u00fcber Kalifornien hinaus und verlangt von jeder Person oder Firma in den USA (und m\u00f6glicherweise weltweit), die Websites betreibt, auf denen personenbezogene Daten von kalifornischen Verbrauchern gesammelt werden, auf ihrer Website eine auff\u00e4llige Datenschutzrichtlinie zu ver\u00f6ffentlichen, in der genau die gesammelten und die gesammelten Informationen angegeben sind Einzelpersonen oder Unternehmen, mit denen es geteilt wird. &#8211; Weitere Informationen finden Sie unter: <a href=\"http:\/\/consumercal.org\/california-online-privacy-protection-act-caloppa\/#sthash.0FdRbT51.dpuf\">http:\/\/consumercal.org\/california-online-privacy-protection-act-caloppa\/#sthash.0FdRbT51.dpuf<\/a><\/p>\n<p>Laut CalOPPA stimmen wir Folgendes zu:<\/p>\n<p>Benutzer k\u00f6nnen unsere Website anonym besuchen.<\/p>\n<p>Sobald diese Datenschutzrichtlinie erstellt wurde, f\u00fcgen wir auf unserer Homepage oder mindestens auf der ersten wichtigen Seite nach dem Aufrufen unserer Website einen Link dazu hinzu.<\/p>\n<p>Unser Link zu den Datenschutzbestimmungen enth\u00e4lt das Wort &#8220;Datenschutz&#8221; und ist auf der oben angegebenen Seite leicht zu finden.<\/p>\n<p>Sie werden \u00fcber \u00c4nderungen der Datenschutzrichtlinie informiert:<\/p>\n<ul>\n<li>Auf unserer Datenschutzrichtlinie<\/li>\n<\/ul>\n<p>Kann Ihre pers\u00f6nlichen Daten \u00e4ndern:<\/p>\n<ul>\n<li>Indem Sie uns eine E-Mail senden<\/li>\n<\/ul>\n<p>Wie geht unsere Website mit Do Not Track-Signalen um?<\/p>\n<p>Wir ehren Do Not Track-Signale und Do Not Track, setzen Cookies oder verwenden Werbung, wenn ein DNT-Browsermechanismus (Do Not Track) vorhanden ist.<\/p>\n<p>Erm\u00f6glicht unsere Website die Verfolgung von Verhaltensweisen von Drittanbietern?<\/p>\n<p>Es ist auch wichtig zu beachten, dass wir die Verhaltensverfolgung durch Dritte zulassen.<\/p>\n<p>COPPA (Children Online Privacy Protection Act)<\/p>\n<p>Wenn es um die Erfassung personenbezogener Daten von Kindern unter 13 Jahren geht, gibt das Gesetz zum Schutz der Online-Privatsph\u00e4re von Kindern (COPPA) den Eltern die Kontrolle. Die Federal Trade Commission, die Verbraucherschutzbeh\u00f6rde der Vereinigten Staaten, setzt die COPPA-Regel durch, in der festgelegt ist, was Betreiber von Websites und Online-Diensten tun m\u00fcssen, um die Privatsph\u00e4re und Sicherheit von Kindern im Internet zu sch\u00fctzen.<\/p>\n<p>Wir vermarkten nicht speziell an Kinder unter 13 Jahren.<\/p>\n<p>Faire Informationspraktiken<\/p>\n<p>Die Grunds\u00e4tze f\u00fcr faire Informationspraktiken bilden das R\u00fcckgrat des Datenschutzrechts in den USA, und die darin enthaltenen Konzepte haben eine wichtige Rolle bei der Entwicklung von Datenschutzgesetzen auf der ganzen Welt gespielt. Das Verst\u00e4ndnis der Grunds\u00e4tze der Fair Information Practice und ihrer Umsetzung ist entscheidend, um die verschiedenen Datenschutzgesetze zum Schutz personenbezogener Daten einzuhalten.<\/p>\n<p>Um den fairen Informationspraktiken zu entsprechen, werden wir im Falle eines Datenversto\u00dfes die folgenden Ma\u00dfnahmen ergreifen:<\/p>\n<p>Wir werden Sie per E-Mail benachrichtigen<\/p>\n<ul>\n<li>Innerhalb von 7 Werktagen<\/li>\n<\/ul>\n<p>Wir werden die Benutzer per In-Site-Benachrichtigung benachrichtigen<\/p>\n<ul>\n<li>Innerhalb von 7 Werktagen<\/li>\n<\/ul>\n<p>Wir stimmen auch dem Prinzip des individuellen Rechtsschutzes zu, wonach Einzelpersonen das Recht haben m\u00fcssen, rechtlich durchsetzbare Rechte gegen Datensammler und -verarbeiter zu verfolgen, die sich nicht an das Gesetz halten. Dieser Grundsatz erfordert nicht nur, dass Einzelpersonen durchsetzbare Rechte gegen Datennutzer haben, sondern auch, dass Einzelpersonen sich an Gerichte oder Regierungsbeh\u00f6rden wenden, um Verst\u00f6\u00dfe von Datenverarbeitern zu untersuchen und \/ oder strafrechtlich zu verfolgen.<\/p>\n<p>CAN SPAM Act<\/p>\n<p>Das CAN-SPAM-Gesetz ist ein Gesetz, das die Regeln f\u00fcr kommerzielle E-Mails festlegt, Anforderungen f\u00fcr kommerzielle Nachrichten festlegt, den Empf\u00e4ngern das Recht einr\u00e4umt, dass E-Mails nicht mehr an sie gesendet werden, und strenge Strafen f\u00fcr Verst\u00f6\u00dfe festlegt.<\/p>\n<p>Wir sammeln Ihre E-Mail-Adresse, um:<\/p>\n<ul>\n<li>Senden Sie Informationen, beantworten Sie Anfragen und \/ oder andere Anfragen oder Fragen<\/li>\n<\/ul>\n<p>Um CANSPAM zu entsprechen, stimmen wir Folgendes zu:<\/p>\n<ul>\n<li>Verwenden Sie keine falschen oder irref\u00fchrenden Betreffs oder E-Mail-Adressen.<\/li>\n<li>Identifizieren Sie die Nachricht in angemessener Weise als Werbung.<\/li>\n<li>Geben Sie die physische Adresse unseres Unternehmens oder unserer Zentrale an.<\/li>\n<li>\u00dcberwachen Sie E-Mail-Marketing-Services von Drittanbietern auf Konformit\u00e4t, falls einer verwendet wird.<\/li>\n<li>Anfragen zum Deaktivieren \/ Abbestellen schnell ber\u00fccksichtigen.<\/li>\n<li>Erm\u00f6glichen Sie Benutzern das Abbestellen \u00fcber den Link am Ende jeder E-Mail.<\/li>\n<\/ul>\n<p>Wenn Sie sich jederzeit vom Erhalt zuk\u00fcnftiger E-Mails abmelden m\u00f6chten, k\u00f6nnen Sie uns eine E-Mail an senden<\/p>\n<p>und wir werden Sie umgehend aus ALLEN Korrespondenz entfernen.<\/p>\n<p>Uns kontaktieren<\/p>\n<p>Wenn Sie Fragen zu dieser Datenschutzrichtlinie haben, k\u00f6nnen Sie uns \u00fcber die folgenden Informationen kontaktieren.<\/p>\n<p>e-twow.com<\/p>\n<p>Str. Aviatorilor nr. 48, Parc Industrial Craiova, Dolj, Rum\u00e4nien<\/p>\n<p>Rum\u00e4nien<\/p>\n<p>marketing@e-twow.ro<\/p>\n<p>Zuletzt bearbeitet am 04.06.2018<\/p>\n<\/div>\n<\/div>\n<\/div><\/div><\/div><\/div><\/div><\/div><\/div><\/section>\n","protected":false},"excerpt":{"rendered":"Datenschutzerkl\u00e4rung Diese Datenschutzrichtlinie wurde erstellt, um denjenigen, die sich mit der Verwendung ihrer personenbezogenen Daten (PII) im Internet befassen, einen besseren Service zu bieten. PII, wie im US-Datenschutzgesetz und in der Informationssicherheit beschrieben, sind Informationen, die allein oder mit anderen Informationen verwendet werden k\u00f6nnen, um eine einzelne Person zu identifizieren, zu kontaktieren oder zu lokalisieren...","protected":false},"author":1,"featured_media":0,"parent":0,"menu_order":0,"comment_status":"closed","ping_status":"closed","template":"","meta":{"ngg_post_thumbnail":0,"footnotes":""},"class_list":["post-9873","page","type-page","status-publish","hentry"],"yoast_head":"<!-- This site is optimized with the Yoast SEO Premium plugin v27.2 (Yoast SEO v27.2) - https:\/\/yoast.com\/product\/yoast-seo-premium-wordpress\/ -->\n<title>Datenschutzerkl\u00e4rung - E-TWOW<\/title>\n<meta name=\"robots\" content=\"index, follow, max-snippet:-1, max-image-preview:large, max-video-preview:-1\" \/>\n<link rel=\"canonical\" href=\"https:\/\/e-twow.com\/privacy-policy\/\" \/>\n<meta property=\"og:locale\" content=\"de_DE\" \/>\n<meta property=\"og:type\" content=\"article\" \/>\n<meta property=\"og:title\" content=\"Datenschutzerkl\u00e4rung\" \/>\n<meta property=\"og:url\" content=\"https:\/\/e-twow.com\/privacy-policy\/\" \/>\n<meta property=\"og:site_name\" content=\"E-TWOW\" \/>\n<meta property=\"article:modified_time\" content=\"2020-06-22T06:06:59+00:00\" \/>\n<meta name=\"twitter:card\" content=\"summary_large_image\" \/>\n<meta name=\"twitter:label1\" content=\"Gesch\u00e4tzte Lesezeit\" \/>\n\t<meta name=\"twitter:data1\" content=\"8\u00a0Minuten\" \/>\n<script type=\"application\/ld+json\" class=\"yoast-schema-graph\">{\"@context\":\"https:\/\/schema.org\",\"@graph\":[{\"@type\":\"WebPage\",\"@id\":\"https:\/\/e-twow.com\/privacy-policy\/\",\"url\":\"https:\/\/e-twow.com\/privacy-policy\/\",\"name\":\"Datenschutzerkl\u00e4rung - E-TWOW\",\"isPartOf\":{\"@id\":\"https:\/\/e-twow.com\/#website\"},\"datePublished\":\"2018-06-04T10:01:33+00:00\",\"dateModified\":\"2020-06-22T06:06:59+00:00\",\"breadcrumb\":{\"@id\":\"https:\/\/e-twow.com\/privacy-policy\/#breadcrumb\"},\"inLanguage\":\"de\",\"potentialAction\":[{\"@type\":\"ReadAction\",\"target\":[\"https:\/\/e-twow.com\/privacy-policy\/\"]}]},{\"@type\":\"BreadcrumbList\",\"@id\":\"https:\/\/e-twow.com\/privacy-policy\/#breadcrumb\",\"itemListElement\":[{\"@type\":\"ListItem\",\"position\":1,\"name\":\"Start\",\"item\":\"https:\/\/e-twow.com\/de\/\"},{\"@type\":\"ListItem\",\"position\":2,\"name\":\"Datenschutzerkl\u00e4rung\"}]},{\"@type\":\"WebSite\",\"@id\":\"https:\/\/e-twow.com\/#website\",\"url\":\"https:\/\/e-twow.com\/\",\"name\":\"E-TWOW\",\"description\":\"Portable Scooter\",\"potentialAction\":[{\"@type\":\"SearchAction\",\"target\":{\"@type\":\"EntryPoint\",\"urlTemplate\":\"https:\/\/e-twow.com\/?s={search_term_string}\"},\"query-input\":{\"@type\":\"PropertyValueSpecification\",\"valueRequired\":true,\"valueName\":\"search_term_string\"}}],\"inLanguage\":\"de\"}]}<\/script>\n<!-- \/ Yoast SEO Premium plugin. -->","yoast_head_json":{"title":"Datenschutzerkl\u00e4rung - E-TWOW","robots":{"index":"index","follow":"follow","max-snippet":"max-snippet:-1","max-image-preview":"max-image-preview:large","max-video-preview":"max-video-preview:-1"},"canonical":"https:\/\/e-twow.com\/privacy-policy\/","og_locale":"de_DE","og_type":"article","og_title":"Datenschutzerkl\u00e4rung","og_url":"https:\/\/e-twow.com\/privacy-policy\/","og_site_name":"E-TWOW","article_modified_time":"2020-06-22T06:06:59+00:00","twitter_card":"summary_large_image","twitter_misc":{"Gesch\u00e4tzte Lesezeit":"8\u00a0Minuten"},"schema":{"@context":"https:\/\/schema.org","@graph":[{"@type":"WebPage","@id":"https:\/\/e-twow.com\/privacy-policy\/","url":"https:\/\/e-twow.com\/privacy-policy\/","name":"Datenschutzerkl\u00e4rung - E-TWOW","isPartOf":{"@id":"https:\/\/e-twow.com\/#website"},"datePublished":"2018-06-04T10:01:33+00:00","dateModified":"2020-06-22T06:06:59+00:00","breadcrumb":{"@id":"https:\/\/e-twow.com\/privacy-policy\/#breadcrumb"},"inLanguage":"de","potentialAction":[{"@type":"ReadAction","target":["https:\/\/e-twow.com\/privacy-policy\/"]}]},{"@type":"BreadcrumbList","@id":"https:\/\/e-twow.com\/privacy-policy\/#breadcrumb","itemListElement":[{"@type":"ListItem","position":1,"name":"Start","item":"https:\/\/e-twow.com\/de\/"},{"@type":"ListItem","position":2,"name":"Datenschutzerkl\u00e4rung"}]},{"@type":"WebSite","@id":"https:\/\/e-twow.com\/#website","url":"https:\/\/e-twow.com\/","name":"E-TWOW","description":"Portable Scooter","potentialAction":[{"@type":"SearchAction","target":{"@type":"EntryPoint","urlTemplate":"https:\/\/e-twow.com\/?s={search_term_string}"},"query-input":{"@type":"PropertyValueSpecification","valueRequired":true,"valueName":"search_term_string"}}],"inLanguage":"de"}]}},"_links":{"self":[{"href":"https:\/\/e-twow.com\/de\/wp-json\/wp\/v2\/pages\/9873","targetHints":{"allow":["GET"]}}],"collection":[{"href":"https:\/\/e-twow.com\/de\/wp-json\/wp\/v2\/pages"}],"about":[{"href":"https:\/\/e-twow.com\/de\/wp-json\/wp\/v2\/types\/page"}],"author":[{"embeddable":true,"href":"https:\/\/e-twow.com\/de\/wp-json\/wp\/v2\/users\/1"}],"replies":[{"embeddable":true,"href":"https:\/\/e-twow.com\/de\/wp-json\/wp\/v2\/comments?post=9873"}],"version-history":[{"count":5,"href":"https:\/\/e-twow.com\/de\/wp-json\/wp\/v2\/pages\/9873\/revisions"}],"predecessor-version":[{"id":9880,"href":"https:\/\/e-twow.com\/de\/wp-json\/wp\/v2\/pages\/9873\/revisions\/9880"}],"wp:attachment":[{"href":"https:\/\/e-twow.com\/de\/wp-json\/wp\/v2\/media?parent=9873"}],"curies":[{"name":"wp","href":"https:\/\/api.w.org\/{rel}","templated":true}]}}