{"id":9721,"date":"2020-04-27T07:07:15","date_gmt":"2020-04-27T07:07:15","guid":{"rendered":"https:\/\/e-twow.com\/?page_id=9721"},"modified":"2020-04-27T07:07:15","modified_gmt":"2020-04-27T07:07:15","slug":"hinweis-nach-dem-elektrog","status":"publish","type":"page","link":"https:\/\/e-twow.com\/de\/hinweis-nach-dem-elektrog\/","title":{"rendered":"Hinweis nach dem ElektroG"},"content":{"rendered":"<section class=\"l-section wpb_row height_small\"><div class=\"l-section-h i-cf\"><div class=\"g-cols vc_row via_flex valign_top type_default stacking_default\"><div class=\"vc_col-sm-12 wpb_column vc_column_container\"><div class=\"vc_column-inner\"><div class=\"wpb_wrapper\"><div class=\"wpb_text_column\"><div class=\"wpb_wrapper\"><p><strong>Hinweis nach dem ElektroG<\/strong><\/p>\n<p>Das Elektro- und Elektronikger\u00e4tegesetz (ElektroG) enth\u00e4lt eine Vielzahl von Anforderungen an den Umgang mit Elektro- und Elektronikger\u00e4ten. Die wichtigsten sind hier zusammengestellt.<\/p>\n<p>&nbsp;<\/p>\n<p>A. Pflicht zur gesonderten Entsorgung von Altger\u00e4ten<\/p>\n<p>Wir weisen darauf hin, dass Elektro- und Elektronikaltger\u00e4te nicht in den Hausm\u00fcll geh\u00f6ren. Du darfst deine Altger\u00e4te daher nur einer vom unsortierten Siedlungsabfall getrennten Erfassung zuf\u00fchren!<\/p>\n<p>Zur Verbesserung der M\u00fclltrennung sieht das ElektroG daher vor, dass alle Elektro- und Elektronikger\u00e4te dauerhaft mit folgendem Symbol gekennzeichnet werden m\u00fcssen:<\/p>\n<p>Das Symbol stellt eine durchgestrichene Abfalltonne auf R\u00e4dern dar und umschreibt die eben dargestellt getrennte Entsorgung von Elektro- und Elektronikaltger\u00e4ten<\/p>\n<p><img decoding=\"async\" class=\"size-full wp-image-9722 alignnone\" src=\"https:\/\/e-twow.com\/wp-content\/uploads\/2020\/04\/ab.jpg\" alt=\"\" width=\"200\" height=\"206\"><\/p>\n<p>B. Pflicht zur Trennung von Batterien und Altakkumulatoren<\/p>\n<p>Vor der Entsorgung deines Elektroaltger\u00e4ts hast du Altbatterien und Altakkumulatoren, die nicht vom Altger\u00e4t umschlossen sind, vor der Abgabe an einer Erfassungsstelle von diesem zu trennen.<\/p>\n<p>C. L\u00f6schung pers\u00f6nlicher Daten<\/p>\n<p>Wenn du ein Elektroaltger\u00e4t zur\u00fcckgibst, auf dem personenbezogene Daten gespeichert sein k\u00f6nnen, bist du im Hinblick auf das L\u00f6schen dieser personenbezogenen Daten auf den zu entsorgenden Altger\u00e4ten selbst verantwortlich.<\/p>\n<p>D. R\u00fcckgabem\u00f6glichkeit<\/p>\n<p>Besitzer von Altger\u00e4ten aus privaten Haushalten k\u00f6nnen diese bei den Sammelstellen der \u00f6ffentlich-rechtlichen Entsorgungstr\u00e4ger oder bei den von Herstellern oder Vertreibern im Sinne des ElektroG eingerichteten R\u00fccknahmestellen abgeben. Ein Onlineverzeichnis der Sammel- und R\u00fccknahmestellen finden Sie hier:&nbsp;<a href=\"https:\/\/www.ear-system.de\/ear-verzeichnis\/sammel-und-ruecknahmestellen.jsf\">https:\/\/www.ear-system.de\/ear-verzeichnis\/sammel-und-ruecknahmestellen.jsf<\/a> Die Abgabe der Altger\u00e4te erfolgt kostenlos.<\/p>\n<p>&nbsp;<\/p>\n<p>E. Hersteller-Registrierungsnummer<\/p>\n<p>Als Hersteller im Sinne des ElektroG sind wir bei der zust\u00e4ndigen Stiftung Elektro-Altger\u00e4te Register unter der folgenden Registrierungsnummer registriert:<\/p>\n<p>WEEE-Registernummer: DE 38837215<\/p>\n<\/div><\/div><\/div><\/div><\/div><\/div><\/div><\/section>\n","protected":false},"excerpt":{"rendered":"Hinweis nach dem ElektroG Das Elektro- und Elektronikger\u00e4tegesetz (ElektroG) enth\u00e4lt eine Vielzahl von Anforderungen an den Umgang mit Elektro- und Elektronikger\u00e4ten. Die wichtigsten sind hier zusammengestellt. &nbsp; A. Pflicht zur gesonderten Entsorgung von Altger\u00e4ten Wir weisen darauf hin, dass Elektro- und Elektronikaltger\u00e4te nicht in den Hausm\u00fcll geh\u00f6ren. Du darfst deine Altger\u00e4te daher nur einer vom...","protected":false},"author":1,"featured_media":0,"parent":0,"menu_order":0,"comment_status":"closed","ping_status":"closed","template":"","meta":{"ngg_post_thumbnail":0,"footnotes":""},"class_list":["post-9721","page","type-page","status-publish","hentry"],"yoast_head":"<!-- This site is optimized with the Yoast SEO Premium plugin v27.4 (Yoast SEO v27.4) - https:\/\/yoast.com\/product\/yoast-seo-premium-wordpress\/ -->\n<title>Hinweis nach dem ElektroG - E-TWOW<\/title>\n<meta name=\"robots\" content=\"index, follow, max-snippet:-1, max-image-preview:large, max-video-preview:-1\" \/>\n<link rel=\"canonical\" href=\"https:\/\/e-twow.com\/de\/hinweis-nach-dem-elektrog\/\" \/>\n<meta property=\"og:locale\" content=\"de_DE\" \/>\n<meta property=\"og:type\" content=\"article\" \/>\n<meta property=\"og:title\" content=\"Hinweis nach dem ElektroG\" \/>\n<meta property=\"og:url\" content=\"https:\/\/e-twow.com\/de\/hinweis-nach-dem-elektrog\/\" \/>\n<meta property=\"og:site_name\" content=\"E-TWOW\" \/>\n<meta property=\"og:image\" content=\"https:\/\/e-twow.com\/wp-content\/uploads\/2020\/04\/ab.jpg\" \/>\n<meta name=\"twitter:card\" content=\"summary_large_image\" \/>\n<meta name=\"twitter:label1\" content=\"Gesch\u00e4tzte Lesezeit\" \/>\n\t<meta name=\"twitter:data1\" content=\"1\u00a0Minute\" \/>\n<script type=\"application\/ld+json\" class=\"yoast-schema-graph\">{\"@context\":\"https:\\\/\\\/schema.org\",\"@graph\":[{\"@type\":\"WebPage\",\"@id\":\"https:\\\/\\\/e-twow.com\\\/de\\\/hinweis-nach-dem-elektrog\\\/\",\"url\":\"https:\\\/\\\/e-twow.com\\\/de\\\/hinweis-nach-dem-elektrog\\\/\",\"name\":\"Hinweis nach dem ElektroG - E-TWOW\",\"isPartOf\":{\"@id\":\"https:\\\/\\\/e-twow.com\\\/#website\"},\"primaryImageOfPage\":{\"@id\":\"https:\\\/\\\/e-twow.com\\\/de\\\/hinweis-nach-dem-elektrog\\\/#primaryimage\"},\"image\":{\"@id\":\"https:\\\/\\\/e-twow.com\\\/de\\\/hinweis-nach-dem-elektrog\\\/#primaryimage\"},\"thumbnailUrl\":\"https:\\\/\\\/e-twow.com\\\/wp-content\\\/uploads\\\/2020\\\/04\\\/ab.jpg\",\"datePublished\":\"2020-04-27T07:07:15+00:00\",\"breadcrumb\":{\"@id\":\"https:\\\/\\\/e-twow.com\\\/de\\\/hinweis-nach-dem-elektrog\\\/#breadcrumb\"},\"inLanguage\":\"de\",\"potentialAction\":[{\"@type\":\"ReadAction\",\"target\":[\"https:\\\/\\\/e-twow.com\\\/de\\\/hinweis-nach-dem-elektrog\\\/\"]}]},{\"@type\":\"ImageObject\",\"inLanguage\":\"de\",\"@id\":\"https:\\\/\\\/e-twow.com\\\/de\\\/hinweis-nach-dem-elektrog\\\/#primaryimage\",\"url\":\"https:\\\/\\\/e-twow.com\\\/wp-content\\\/uploads\\\/2020\\\/04\\\/ab.jpg\",\"contentUrl\":\"https:\\\/\\\/e-twow.com\\\/wp-content\\\/uploads\\\/2020\\\/04\\\/ab.jpg\"},{\"@type\":\"BreadcrumbList\",\"@id\":\"https:\\\/\\\/e-twow.com\\\/de\\\/hinweis-nach-dem-elektrog\\\/#breadcrumb\",\"itemListElement\":[{\"@type\":\"ListItem\",\"position\":1,\"name\":\"Start\",\"item\":\"https:\\\/\\\/e-twow.com\\\/de\\\/\"},{\"@type\":\"ListItem\",\"position\":2,\"name\":\"Hinweis nach dem ElektroG\"}]},{\"@type\":\"WebSite\",\"@id\":\"https:\\\/\\\/e-twow.com\\\/#website\",\"url\":\"https:\\\/\\\/e-twow.com\\\/\",\"name\":\"E-TWOW\",\"description\":\"Portable Scooter\",\"potentialAction\":[{\"@type\":\"SearchAction\",\"target\":{\"@type\":\"EntryPoint\",\"urlTemplate\":\"https:\\\/\\\/e-twow.com\\\/?s={search_term_string}\"},\"query-input\":{\"@type\":\"PropertyValueSpecification\",\"valueRequired\":true,\"valueName\":\"search_term_string\"}}],\"inLanguage\":\"de\"}]}<\/script>\n<!-- \/ Yoast SEO Premium plugin. -->","yoast_head_json":{"title":"Hinweis nach dem ElektroG - E-TWOW","robots":{"index":"index","follow":"follow","max-snippet":"max-snippet:-1","max-image-preview":"max-image-preview:large","max-video-preview":"max-video-preview:-1"},"canonical":"https:\/\/e-twow.com\/de\/hinweis-nach-dem-elektrog\/","og_locale":"de_DE","og_type":"article","og_title":"Hinweis nach dem ElektroG","og_url":"https:\/\/e-twow.com\/de\/hinweis-nach-dem-elektrog\/","og_site_name":"E-TWOW","og_image":[{"url":"https:\/\/e-twow.com\/wp-content\/uploads\/2020\/04\/ab.jpg","type":"","width":"","height":""}],"twitter_card":"summary_large_image","twitter_misc":{"Gesch\u00e4tzte Lesezeit":"1\u00a0Minute"},"schema":{"@context":"https:\/\/schema.org","@graph":[{"@type":"WebPage","@id":"https:\/\/e-twow.com\/de\/hinweis-nach-dem-elektrog\/","url":"https:\/\/e-twow.com\/de\/hinweis-nach-dem-elektrog\/","name":"Hinweis nach dem ElektroG - E-TWOW","isPartOf":{"@id":"https:\/\/e-twow.com\/#website"},"primaryImageOfPage":{"@id":"https:\/\/e-twow.com\/de\/hinweis-nach-dem-elektrog\/#primaryimage"},"image":{"@id":"https:\/\/e-twow.com\/de\/hinweis-nach-dem-elektrog\/#primaryimage"},"thumbnailUrl":"https:\/\/e-twow.com\/wp-content\/uploads\/2020\/04\/ab.jpg","datePublished":"2020-04-27T07:07:15+00:00","breadcrumb":{"@id":"https:\/\/e-twow.com\/de\/hinweis-nach-dem-elektrog\/#breadcrumb"},"inLanguage":"de","potentialAction":[{"@type":"ReadAction","target":["https:\/\/e-twow.com\/de\/hinweis-nach-dem-elektrog\/"]}]},{"@type":"ImageObject","inLanguage":"de","@id":"https:\/\/e-twow.com\/de\/hinweis-nach-dem-elektrog\/#primaryimage","url":"https:\/\/e-twow.com\/wp-content\/uploads\/2020\/04\/ab.jpg","contentUrl":"https:\/\/e-twow.com\/wp-content\/uploads\/2020\/04\/ab.jpg"},{"@type":"BreadcrumbList","@id":"https:\/\/e-twow.com\/de\/hinweis-nach-dem-elektrog\/#breadcrumb","itemListElement":[{"@type":"ListItem","position":1,"name":"Start","item":"https:\/\/e-twow.com\/de\/"},{"@type":"ListItem","position":2,"name":"Hinweis nach dem ElektroG"}]},{"@type":"WebSite","@id":"https:\/\/e-twow.com\/#website","url":"https:\/\/e-twow.com\/","name":"E-TWOW","description":"Portable Scooter","potentialAction":[{"@type":"SearchAction","target":{"@type":"EntryPoint","urlTemplate":"https:\/\/e-twow.com\/?s={search_term_string}"},"query-input":{"@type":"PropertyValueSpecification","valueRequired":true,"valueName":"search_term_string"}}],"inLanguage":"de"}]}},"_links":{"self":[{"href":"https:\/\/e-twow.com\/de\/wp-json\/wp\/v2\/pages\/9721","targetHints":{"allow":["GET"]}}],"collection":[{"href":"https:\/\/e-twow.com\/de\/wp-json\/wp\/v2\/pages"}],"about":[{"href":"https:\/\/e-twow.com\/de\/wp-json\/wp\/v2\/types\/page"}],"author":[{"embeddable":true,"href":"https:\/\/e-twow.com\/de\/wp-json\/wp\/v2\/users\/1"}],"replies":[{"embeddable":true,"href":"https:\/\/e-twow.com\/de\/wp-json\/wp\/v2\/comments?post=9721"}],"version-history":[{"count":1,"href":"https:\/\/e-twow.com\/de\/wp-json\/wp\/v2\/pages\/9721\/revisions"}],"predecessor-version":[{"id":9729,"href":"https:\/\/e-twow.com\/de\/wp-json\/wp\/v2\/pages\/9721\/revisions\/9729"}],"wp:attachment":[{"href":"https:\/\/e-twow.com\/de\/wp-json\/wp\/v2\/media?parent=9721"}],"curies":[{"name":"wp","href":"https:\/\/api.w.org\/{rel}","templated":true}]}}