{"id":9712,"date":"2020-04-27T07:04:36","date_gmt":"2020-04-27T07:04:36","guid":{"rendered":"https:\/\/e-twow.com\/?page_id=9712"},"modified":"2020-04-27T07:04:36","modified_gmt":"2020-04-27T07:04:36","slug":"hinweis-zum-batteriegesetz","status":"publish","type":"page","link":"https:\/\/e-twow.com\/de\/hinweis-zum-batteriegesetz\/","title":{"rendered":"Hinweis zum Batteriegesetz"},"content":{"rendered":"<section class=\"l-section wpb_row height_small\"><div class=\"l-section-h i-cf\"><div class=\"g-cols vc_row via_flex valign_top type_default stacking_default\"><div class=\"vc_col-sm-12 wpb_column vc_column_container\"><div class=\"vc_column-inner\"><div class=\"wpb_wrapper\"><div class=\"wpb_text_column\"><div class=\"wpb_wrapper\"><h1>Hinweis zum Batteriegesetz<\/h1>\n<p>Im Zusammenhang mit dem Vertrieb von Batterien und Akkus und von Ger\u00e4ten, die Batterien oder Akkus enthalten, m\u00f6chten wir Sie gem\u00e4\u00df \u00a7 18 des Batteriegesetzes (BattG) auf Folgendes hinweisen:<\/p>\n<p>Batterien und Akkus d\u00fcrfen nicht in den Hausm\u00fcll gegeben werden. Sie sind als Endverbraucher gesetzlich zur R\u00fcckgabe verbrauchter Batterien und Akkus verpflichtet. Sie k\u00f6nnen diese nach Gebrauch wahlweise bei Ihren kommunalen Sammelstellen, im Handel oder direkt bei uns (Anschrift siehe Impressum) zur kostenfreien Entsorgung zur\u00fcckgeben.<\/p>\n<p>Altbatterien enthalten m\u00f6glicherweise Schadstoffe oder Schwermetalle, die Umwelt und Gesundheit schaden k\u00f6nnen. Batterien k\u00f6nnen wieder verwertet werden, da sie wichtige Rohstoffe wie Eisen, Zink, Mangan oder Nickel enthalten.<\/p>\n<p>Batterien und Akkus, die Schadstoffe enthalten, sind mit dem Symbol einer durchkreuzten M\u00fcll\u00adtonne sowie der chemischen Bezeichnung des Schadstoffes gekennzeichnet.<\/p>\n<p><img decoding=\"async\" class=\"size-medium wp-image-9713 alignnone\" src=\"https:\/\/e-twow.com\/wp-content\/uploads\/2020\/04\/recicle-300x129.jpg\" alt=\"\" width=\"300\" height=\"129\" srcset=\"https:\/\/e-twow.com\/wp-content\/uploads\/2020\/04\/recicle-300x129.jpg 300w, https:\/\/e-twow.com\/wp-content\/uploads\/2020\/04\/recicle.jpg 341w\" sizes=\"(max-width: 300px) 100vw, 300px\" \/><\/p>\n<p>Hierbei stehen Cd f\u00fcr Cadmium, Hg f\u00fcr Quecksilber und Pb f\u00fcr Blei.<\/p>\n<p>Den vollst\u00e4ndigen Gesetzestext des BattG finden Sie auf der Website des Gemeinschaftsprojektes des Bundesministeriums der Justiz und der Juris GmbH&nbsp;<a href=\"http:\/\/www.gesetze-im-internet.de\">www.gesetze-im-internet.de<\/a>.<\/p>\n<\/div><\/div><\/div><\/div><\/div><\/div><\/div><\/section>\n","protected":false},"excerpt":{"rendered":"Hinweis zum Batteriegesetz Im Zusammenhang mit dem Vertrieb von Batterien und Akkus und von Ger\u00e4ten, die Batterien oder Akkus enthalten, m\u00f6chten wir Sie gem\u00e4\u00df \u00a7 18 des Batteriegesetzes (BattG) auf Folgendes hinweisen: Batterien und Akkus d\u00fcrfen nicht in den Hausm\u00fcll gegeben werden. Sie sind als Endverbraucher gesetzlich zur R\u00fcckgabe verbrauchter Batterien und Akkus verpflichtet. Sie...","protected":false},"author":1,"featured_media":0,"parent":0,"menu_order":0,"comment_status":"closed","ping_status":"closed","template":"","meta":{"ngg_post_thumbnail":0,"footnotes":""},"class_list":["post-9712","page","type-page","status-publish","hentry"],"yoast_head":"<!-- This site is optimized with the Yoast SEO Premium plugin v27.2 (Yoast SEO v27.2) - https:\/\/yoast.com\/product\/yoast-seo-premium-wordpress\/ -->\n<title>Hinweis zum Batteriegesetz - E-TWOW<\/title>\n<meta name=\"robots\" content=\"index, follow, max-snippet:-1, max-image-preview:large, max-video-preview:-1\" \/>\n<link rel=\"canonical\" href=\"https:\/\/e-twow.com\/de\/hinweis-zum-batteriegesetz\/\" \/>\n<meta property=\"og:locale\" content=\"de_DE\" \/>\n<meta property=\"og:type\" content=\"article\" \/>\n<meta property=\"og:title\" content=\"Hinweis zum Batteriegesetz\" \/>\n<meta property=\"og:url\" content=\"https:\/\/e-twow.com\/de\/hinweis-zum-batteriegesetz\/\" \/>\n<meta property=\"og:site_name\" content=\"E-TWOW\" \/>\n<meta property=\"og:image\" content=\"https:\/\/e-twow.com\/wp-content\/uploads\/2020\/04\/recicle-300x129.jpg\" \/>\n<meta name=\"twitter:card\" content=\"summary_large_image\" \/>\n<meta name=\"twitter:label1\" content=\"Gesch\u00e4tzte Lesezeit\" \/>\n\t<meta name=\"twitter:data1\" content=\"1\u00a0Minute\" \/>\n<script type=\"application\/ld+json\" class=\"yoast-schema-graph\">{\"@context\":\"https:\/\/schema.org\",\"@graph\":[{\"@type\":\"WebPage\",\"@id\":\"https:\/\/e-twow.com\/de\/hinweis-zum-batteriegesetz\/\",\"url\":\"https:\/\/e-twow.com\/de\/hinweis-zum-batteriegesetz\/\",\"name\":\"Hinweis zum Batteriegesetz - E-TWOW\",\"isPartOf\":{\"@id\":\"https:\/\/e-twow.com\/#website\"},\"primaryImageOfPage\":{\"@id\":\"https:\/\/e-twow.com\/de\/hinweis-zum-batteriegesetz\/#primaryimage\"},\"image\":{\"@id\":\"https:\/\/e-twow.com\/de\/hinweis-zum-batteriegesetz\/#primaryimage\"},\"thumbnailUrl\":\"https:\/\/e-twow.com\/wp-content\/uploads\/2020\/04\/recicle-300x129.jpg\",\"datePublished\":\"2020-04-27T07:04:36+00:00\",\"breadcrumb\":{\"@id\":\"https:\/\/e-twow.com\/de\/hinweis-zum-batteriegesetz\/#breadcrumb\"},\"inLanguage\":\"de\",\"potentialAction\":[{\"@type\":\"ReadAction\",\"target\":[\"https:\/\/e-twow.com\/de\/hinweis-zum-batteriegesetz\/\"]}]},{\"@type\":\"ImageObject\",\"inLanguage\":\"de\",\"@id\":\"https:\/\/e-twow.com\/de\/hinweis-zum-batteriegesetz\/#primaryimage\",\"url\":\"https:\/\/e-twow.com\/wp-content\/uploads\/2020\/04\/recicle-300x129.jpg\",\"contentUrl\":\"https:\/\/e-twow.com\/wp-content\/uploads\/2020\/04\/recicle-300x129.jpg\"},{\"@type\":\"BreadcrumbList\",\"@id\":\"https:\/\/e-twow.com\/de\/hinweis-zum-batteriegesetz\/#breadcrumb\",\"itemListElement\":[{\"@type\":\"ListItem\",\"position\":1,\"name\":\"Start\",\"item\":\"https:\/\/e-twow.com\/de\/\"},{\"@type\":\"ListItem\",\"position\":2,\"name\":\"Hinweis zum Batteriegesetz\"}]},{\"@type\":\"WebSite\",\"@id\":\"https:\/\/e-twow.com\/#website\",\"url\":\"https:\/\/e-twow.com\/\",\"name\":\"E-TWOW\",\"description\":\"Portable Scooter\",\"potentialAction\":[{\"@type\":\"SearchAction\",\"target\":{\"@type\":\"EntryPoint\",\"urlTemplate\":\"https:\/\/e-twow.com\/?s={search_term_string}\"},\"query-input\":{\"@type\":\"PropertyValueSpecification\",\"valueRequired\":true,\"valueName\":\"search_term_string\"}}],\"inLanguage\":\"de\"}]}<\/script>\n<!-- \/ Yoast SEO Premium plugin. -->","yoast_head_json":{"title":"Hinweis zum Batteriegesetz - E-TWOW","robots":{"index":"index","follow":"follow","max-snippet":"max-snippet:-1","max-image-preview":"max-image-preview:large","max-video-preview":"max-video-preview:-1"},"canonical":"https:\/\/e-twow.com\/de\/hinweis-zum-batteriegesetz\/","og_locale":"de_DE","og_type":"article","og_title":"Hinweis zum Batteriegesetz","og_url":"https:\/\/e-twow.com\/de\/hinweis-zum-batteriegesetz\/","og_site_name":"E-TWOW","og_image":[{"url":"https:\/\/e-twow.com\/wp-content\/uploads\/2020\/04\/recicle-300x129.jpg","type":"","width":"","height":""}],"twitter_card":"summary_large_image","twitter_misc":{"Gesch\u00e4tzte Lesezeit":"1\u00a0Minute"},"schema":{"@context":"https:\/\/schema.org","@graph":[{"@type":"WebPage","@id":"https:\/\/e-twow.com\/de\/hinweis-zum-batteriegesetz\/","url":"https:\/\/e-twow.com\/de\/hinweis-zum-batteriegesetz\/","name":"Hinweis zum Batteriegesetz - E-TWOW","isPartOf":{"@id":"https:\/\/e-twow.com\/#website"},"primaryImageOfPage":{"@id":"https:\/\/e-twow.com\/de\/hinweis-zum-batteriegesetz\/#primaryimage"},"image":{"@id":"https:\/\/e-twow.com\/de\/hinweis-zum-batteriegesetz\/#primaryimage"},"thumbnailUrl":"https:\/\/e-twow.com\/wp-content\/uploads\/2020\/04\/recicle-300x129.jpg","datePublished":"2020-04-27T07:04:36+00:00","breadcrumb":{"@id":"https:\/\/e-twow.com\/de\/hinweis-zum-batteriegesetz\/#breadcrumb"},"inLanguage":"de","potentialAction":[{"@type":"ReadAction","target":["https:\/\/e-twow.com\/de\/hinweis-zum-batteriegesetz\/"]}]},{"@type":"ImageObject","inLanguage":"de","@id":"https:\/\/e-twow.com\/de\/hinweis-zum-batteriegesetz\/#primaryimage","url":"https:\/\/e-twow.com\/wp-content\/uploads\/2020\/04\/recicle-300x129.jpg","contentUrl":"https:\/\/e-twow.com\/wp-content\/uploads\/2020\/04\/recicle-300x129.jpg"},{"@type":"BreadcrumbList","@id":"https:\/\/e-twow.com\/de\/hinweis-zum-batteriegesetz\/#breadcrumb","itemListElement":[{"@type":"ListItem","position":1,"name":"Start","item":"https:\/\/e-twow.com\/de\/"},{"@type":"ListItem","position":2,"name":"Hinweis zum Batteriegesetz"}]},{"@type":"WebSite","@id":"https:\/\/e-twow.com\/#website","url":"https:\/\/e-twow.com\/","name":"E-TWOW","description":"Portable Scooter","potentialAction":[{"@type":"SearchAction","target":{"@type":"EntryPoint","urlTemplate":"https:\/\/e-twow.com\/?s={search_term_string}"},"query-input":{"@type":"PropertyValueSpecification","valueRequired":true,"valueName":"search_term_string"}}],"inLanguage":"de"}]}},"_links":{"self":[{"href":"https:\/\/e-twow.com\/de\/wp-json\/wp\/v2\/pages\/9712","targetHints":{"allow":["GET"]}}],"collection":[{"href":"https:\/\/e-twow.com\/de\/wp-json\/wp\/v2\/pages"}],"about":[{"href":"https:\/\/e-twow.com\/de\/wp-json\/wp\/v2\/types\/page"}],"author":[{"embeddable":true,"href":"https:\/\/e-twow.com\/de\/wp-json\/wp\/v2\/users\/1"}],"replies":[{"embeddable":true,"href":"https:\/\/e-twow.com\/de\/wp-json\/wp\/v2\/comments?post=9712"}],"version-history":[{"count":1,"href":"https:\/\/e-twow.com\/de\/wp-json\/wp\/v2\/pages\/9712\/revisions"}],"predecessor-version":[{"id":9720,"href":"https:\/\/e-twow.com\/de\/wp-json\/wp\/v2\/pages\/9712\/revisions\/9720"}],"wp:attachment":[{"href":"https:\/\/e-twow.com\/de\/wp-json\/wp\/v2\/media?parent=9712"}],"curies":[{"name":"wp","href":"https:\/\/api.w.org\/{rel}","templated":true}]}}