{"id":9086,"date":"2018-06-04T10:09:28","date_gmt":"2018-06-04T10:09:28","guid":{"rendered":"https:\/\/e-twow.com\/cookies\/"},"modified":"2020-03-04T13:29:14","modified_gmt":"2020-03-04T13:29:14","slug":"cockies-richtlinien","status":"publish","type":"page","link":"https:\/\/e-twow.com\/de\/cockies-richtlinien\/","title":{"rendered":"COCKIES RICHTLINIEN"},"content":{"rendered":"<section class=\"l-section wpb_row height_small\"><div class=\"l-section-h i-cf\"><div class=\"g-cols vc_row via_flex valign_top type_default stacking_default\"><div class=\"vc_col-sm-12 wpb_column vc_column_container\"><div class=\"vc_column-inner\"><div class=\"wpb_wrapper\"><div class=\"wpb_text_column\"><div class=\"wpb_wrapper\"><h3>Was sind Cockies?<\/h3>\n<p>Wie bei fast allen professionellen Websites \u00fcblich, werden auf dieser Website Cookies verwendet. Hierbei handelt es sich um winzige Dateien, die auf Ihren Computer heruntergeladen werden, um das Surferlebnis zu verbessern. Diese Seite beschreibt, welche Informationen sie sammeln, wie wir sie verwenden und warum wir diese Cookies manchmal speichern m\u00fcssen. Wir werden auch mitteilen, wie Sie das Speichern dieser Cookies verhindern k\u00f6nnen. Dies kann jedoch dazu f\u00fchren, dass bestimmte Elemente der Funktionalit\u00e4t der Seite herabgestuft oder besch\u00e4digt werden.<\/p>\n<p>Weitere allgemeine Informationen zu Cookies finden Sie im Wikipedia-Artikel zu HTTP-Cookies.<\/p>\n<h3>Wie benutzen wir Cockies?<\/h3>\n<p>Wir verwenden Cookies aus einer Reihe von Gr\u00fcnden, die nachfolgend aufgef\u00fchrt sind. Leider gibt es in den meisten F\u00e4llen keine branchen\u00fcblichen Optionen zum Deaktivieren von Cookies, ohne die der Internetseite hinzugef\u00fcgten Funktionen und Features vollst\u00e4ndig zu deaktivieren. Es wird empfohlen, alle Cookies zu aktivieren, wenn Sie nicht sicher sind, ob Sie sie ben\u00f6tigen oder nicht, falls sie zur Bereitstellung eines von Ihnen ben\u00f6tigten Dienstes verwendet werden.<\/p>\n<h3>Cookies deaktivieren<\/h3>\n<p>Sie k\u00f6nnen das Setzen von Cookies verhindern, indem Sie die Einstellungen in Ihrem Browser anpassen (Informationen dazu finden Sie in der Hilfe Ihres Browsers). Beachten Sie, dass das Deaktivieren von Cookies die Funktionalit\u00e4t dieser und vieler anderer von Ihnen besuchter Websites beeintr\u00e4chtigt. Das Deaktivieren von Cookies f\u00fchrt normalerweise dazu, dass bestimmte Funktionen und Merkmale dieser Website deaktiviert werden. Aus diesem Grund wird empfohlen, Cookies nicht zu deaktivieren.<\/p>\n<h3>Die von uns gesetzten Cookies<\/h3>\n<p>&gt; E-Mail-Newsletter-bezogene Cookies \u2013 Diese Website bietet Newsletter- oder &nbsp; E-Mail-Abonnementdienste und Cookies k\u00f6nnen verwendet werden, um sich zu erinnern, ob Sie bereits registriert sind und ob bestimmte Benachrichtigungen angezeigt werden sollen, die m\u00f6glicherweise nur f\u00fcr abonnierte \/ nicht abonnierte Benutzer g\u00fcltig sind.<\/p>\n<p>&gt; Formular bezogene Cookies \u2013 Wenn Sie uns Daten \u00fcber ein Formular wie das auf Kontaktseiten oder Kommentar-formularen bereitstellen, werden m\u00f6glicherweise Cookies gesetzt, um Ihre Benutzerdaten f\u00fcr zuk\u00fcnftige Korrespondenz zu speichern.<\/p>\n<p>&gt; Cookies f\u00fcr Internetseiten-Einstellungen \u2013 Um Ihnen ein optimales Erlebnis auf dieser Internetseite zu bieten, k\u00f6nnen Sie Ihre Einstellungen f\u00fcr die Ausf\u00fchrung dieser Website festlegen, wenn Sie sie verwenden. Um Ihre Pr\u00e4ferenzen zu speichern, m\u00fcssen wir Cookies setzen, damit diese Informationen aufgerufen werden k\u00f6nnen, wenn Sie mit einer Seite interagieren, die von Ihren Pr\u00e4ferenzen betroffen ist.<\/p>\n<h3>Cookies von Drittanbietern<\/h3>\n<p>In einigen besonderen F\u00e4llen verwenden wir auch Cookies von vertrauensw\u00fcrdigen Dritten. Im folgenden Abschnitt erfahren Sie, auf welche Cookies von Drittanbietern Sie auf dieser Website sto\u00dfen.<\/p>\n<p>&nbsp;<\/p>\n<p>&gt; Diese Website verwendet Google Analytics, eine der am weitesten verbreiteten und vertrauensw\u00fcrdigsten Analyse-l\u00f6sungen im Internet, um zu verstehen, wie Sie die Internetseite nutzen und wie wir Ihre Erfahrungen verbessern k\u00f6nnen. Diese Cookies k\u00f6nnen Indikatoren wie die Zeit, die Sie auf der Website verbringen, und die von Ihnen besuchten Seiten nachverfolgen, damit wir weiterhin ansprechende Inhalte erstellen k\u00f6nnen. Weitere Informationen zu Google Analytics-Cookies finden Sie auf der offiziellen Google Analytics-Seite.<\/p>\n<p>&nbsp;<\/p>\n<p>&gt; Wir verwenden auf dieser Website auch Social-Media-Schaltfl\u00e4chen und \/ oder -Plugins, mit denen Sie auf verschiedene Weise eine Verbindung zu Ihrem sozialen Netzwerk herstellen k\u00f6nnen. Damit diese funktionieren, werden die folgenden Social-Media-Websites verwendet: {Auflisten der sozialen Netzwerke, deren Funktionen Sie in Ihre Website integriert haben ?: 12}, setzt Cookies auf unserer Internetseite, die dazu verwendet werden k\u00f6nnen, Ihr Profil auf ihrer Internetseite zu verbessern oder zu den Daten beizutragen, die sie f\u00fcr verschiedene in ihrem jeweiligen Datenschutz dargelegten Zwecke speichernde Richtlinien festlegen.<\/p>\n<p>&nbsp;<\/p>\n<h3>Mehr Informationen<\/h3>\n<p>&nbsp;<\/p>\n<p>Hoffentlich haben diese Informationen die Dinge f\u00fcr Sie gekl\u00e4rt, und wenn Sie sich nicht sicher sind, ob Sie sie ben\u00f6tigen oder nicht, ist es normalerweise sicherer, Cookies aktiviert zu lassen, falls sie mit einer der Funktionen interagieren, die Sie auf unserer Internetseite verwenden. Diese Cookie-Richtlinien wurden mit Hilfe von CookiePolicyGenerator.com erstellt.&nbsp;<a href=\"https:\/\/cookiepolicygenerator.com\/\">This Cookies Policy was created with the help of the CookiePolicyGenerator.com<\/a><\/p>\n<p>&nbsp;<\/p>\n<p>Wenn Sie jedoch noch weitere Informationen ben\u00f6tigen, k\u00f6nnen Sie uns \u00fcber eine unserer bevorzugten Kontaktdaten kontaktieren:<\/p>\n<p>&gt; E-Mail: marketing@e-twow.ro<\/p>\n<\/div><\/div><\/div><\/div><\/div><\/div><\/div><\/section>\n","protected":false},"excerpt":{"rendered":"Was sind Cockies? Wie bei fast allen professionellen Websites \u00fcblich, werden auf dieser Website Cookies verwendet. Hierbei handelt es sich um winzige Dateien, die auf Ihren Computer heruntergeladen werden, um das Surferlebnis zu verbessern. Diese Seite beschreibt, welche Informationen sie sammeln, wie wir sie verwenden und warum wir diese Cookies manchmal speichern m\u00fcssen. Wir werden...","protected":false},"author":1,"featured_media":0,"parent":0,"menu_order":0,"comment_status":"closed","ping_status":"closed","template":"","meta":{"ngg_post_thumbnail":0,"footnotes":""},"class_list":["post-9086","page","type-page","status-publish","hentry"],"yoast_head":"<!-- This site is optimized with the Yoast SEO Premium plugin v27.2 (Yoast SEO v27.2) - https:\/\/yoast.com\/product\/yoast-seo-premium-wordpress\/ -->\n<title>COCKIES RICHTLINIEN - E-TWOW<\/title>\n<meta name=\"robots\" content=\"index, follow, max-snippet:-1, max-image-preview:large, max-video-preview:-1\" \/>\n<link rel=\"canonical\" href=\"https:\/\/e-twow.com\/cookies\/\" \/>\n<meta property=\"og:locale\" content=\"de_DE\" \/>\n<meta property=\"og:type\" content=\"article\" \/>\n<meta property=\"og:title\" content=\"COCKIES RICHTLINIEN\" \/>\n<meta property=\"og:url\" content=\"https:\/\/e-twow.com\/cookies\/\" \/>\n<meta property=\"og:site_name\" content=\"E-TWOW\" \/>\n<meta property=\"article:modified_time\" content=\"2020-03-04T13:29:14+00:00\" \/>\n<meta name=\"twitter:card\" content=\"summary_large_image\" \/>\n<meta name=\"twitter:label1\" content=\"Gesch\u00e4tzte Lesezeit\" \/>\n\t<meta name=\"twitter:data1\" content=\"3\u00a0Minuten\" \/>\n<script type=\"application\/ld+json\" class=\"yoast-schema-graph\">{\"@context\":\"https:\/\/schema.org\",\"@graph\":[{\"@type\":\"WebPage\",\"@id\":\"https:\/\/e-twow.com\/cookies\/\",\"url\":\"https:\/\/e-twow.com\/cookies\/\",\"name\":\"COCKIES RICHTLINIEN - E-TWOW\",\"isPartOf\":{\"@id\":\"https:\/\/e-twow.com\/#website\"},\"datePublished\":\"2018-06-04T10:09:28+00:00\",\"dateModified\":\"2020-03-04T13:29:14+00:00\",\"breadcrumb\":{\"@id\":\"https:\/\/e-twow.com\/cookies\/#breadcrumb\"},\"inLanguage\":\"de\",\"potentialAction\":[{\"@type\":\"ReadAction\",\"target\":[\"https:\/\/e-twow.com\/cookies\/\"]}]},{\"@type\":\"BreadcrumbList\",\"@id\":\"https:\/\/e-twow.com\/cookies\/#breadcrumb\",\"itemListElement\":[{\"@type\":\"ListItem\",\"position\":1,\"name\":\"Start\",\"item\":\"https:\/\/e-twow.com\/de\/\"},{\"@type\":\"ListItem\",\"position\":2,\"name\":\"COCKIES RICHTLINIEN\"}]},{\"@type\":\"WebSite\",\"@id\":\"https:\/\/e-twow.com\/#website\",\"url\":\"https:\/\/e-twow.com\/\",\"name\":\"E-TWOW\",\"description\":\"Portable Scooter\",\"potentialAction\":[{\"@type\":\"SearchAction\",\"target\":{\"@type\":\"EntryPoint\",\"urlTemplate\":\"https:\/\/e-twow.com\/?s={search_term_string}\"},\"query-input\":{\"@type\":\"PropertyValueSpecification\",\"valueRequired\":true,\"valueName\":\"search_term_string\"}}],\"inLanguage\":\"de\"}]}<\/script>\n<!-- \/ Yoast SEO Premium plugin. -->","yoast_head_json":{"title":"COCKIES RICHTLINIEN - E-TWOW","robots":{"index":"index","follow":"follow","max-snippet":"max-snippet:-1","max-image-preview":"max-image-preview:large","max-video-preview":"max-video-preview:-1"},"canonical":"https:\/\/e-twow.com\/cookies\/","og_locale":"de_DE","og_type":"article","og_title":"COCKIES RICHTLINIEN","og_url":"https:\/\/e-twow.com\/cookies\/","og_site_name":"E-TWOW","article_modified_time":"2020-03-04T13:29:14+00:00","twitter_card":"summary_large_image","twitter_misc":{"Gesch\u00e4tzte Lesezeit":"3\u00a0Minuten"},"schema":{"@context":"https:\/\/schema.org","@graph":[{"@type":"WebPage","@id":"https:\/\/e-twow.com\/cookies\/","url":"https:\/\/e-twow.com\/cookies\/","name":"COCKIES RICHTLINIEN - E-TWOW","isPartOf":{"@id":"https:\/\/e-twow.com\/#website"},"datePublished":"2018-06-04T10:09:28+00:00","dateModified":"2020-03-04T13:29:14+00:00","breadcrumb":{"@id":"https:\/\/e-twow.com\/cookies\/#breadcrumb"},"inLanguage":"de","potentialAction":[{"@type":"ReadAction","target":["https:\/\/e-twow.com\/cookies\/"]}]},{"@type":"BreadcrumbList","@id":"https:\/\/e-twow.com\/cookies\/#breadcrumb","itemListElement":[{"@type":"ListItem","position":1,"name":"Start","item":"https:\/\/e-twow.com\/de\/"},{"@type":"ListItem","position":2,"name":"COCKIES RICHTLINIEN"}]},{"@type":"WebSite","@id":"https:\/\/e-twow.com\/#website","url":"https:\/\/e-twow.com\/","name":"E-TWOW","description":"Portable Scooter","potentialAction":[{"@type":"SearchAction","target":{"@type":"EntryPoint","urlTemplate":"https:\/\/e-twow.com\/?s={search_term_string}"},"query-input":{"@type":"PropertyValueSpecification","valueRequired":true,"valueName":"search_term_string"}}],"inLanguage":"de"}]}},"_links":{"self":[{"href":"https:\/\/e-twow.com\/de\/wp-json\/wp\/v2\/pages\/9086","targetHints":{"allow":["GET"]}}],"collection":[{"href":"https:\/\/e-twow.com\/de\/wp-json\/wp\/v2\/pages"}],"about":[{"href":"https:\/\/e-twow.com\/de\/wp-json\/wp\/v2\/types\/page"}],"author":[{"embeddable":true,"href":"https:\/\/e-twow.com\/de\/wp-json\/wp\/v2\/users\/1"}],"replies":[{"embeddable":true,"href":"https:\/\/e-twow.com\/de\/wp-json\/wp\/v2\/comments?post=9086"}],"version-history":[{"count":2,"href":"https:\/\/e-twow.com\/de\/wp-json\/wp\/v2\/pages\/9086\/revisions"}],"predecessor-version":[{"id":9088,"href":"https:\/\/e-twow.com\/de\/wp-json\/wp\/v2\/pages\/9086\/revisions\/9088"}],"wp:attachment":[{"href":"https:\/\/e-twow.com\/de\/wp-json\/wp\/v2\/media?parent=9086"}],"curies":[{"name":"wp","href":"https:\/\/api.w.org\/{rel}","templated":true}]}}