{"id":9019,"date":"2017-09-01T06:35:36","date_gmt":"2017-09-01T06:35:36","guid":{"rendered":"https:\/\/e-twow.com\/about-us\/"},"modified":"2022-06-15T13:05:28","modified_gmt":"2022-06-15T13:05:28","slug":"ueber-uns","status":"publish","type":"page","link":"https:\/\/e-twow.com\/de\/ueber-uns\/","title":{"rendered":"\u00dcber uns"},"content":{"rendered":"<section class=\"l-section wpb_row height_small\"><div class=\"l-section-h i-cf\"><div class=\"g-cols vc_row via_flex valign_top type_default stacking_default\"><div class=\"vc_col-sm-12 wpb_column vc_column_container\"><div class=\"vc_column-inner\"><div class=\"wpb_wrapper\"><div class=\"w-video align_none ratio_16x9 has_iframe\"><div class=\"w-video-h\"><iframe title=\"Vimeo video player\" src=\"https:\/\/player.vimeo.com\/video\/350916043?autoplay=0&loop=0&autopause=0&color=00adef&portrait=0&byline=1&title=1&controls=1&muted=0\" frameborder=\"0\" allow=\"autoplay; fullscreen\" allowfullscreen loading=\"lazy\"><\/iframe><\/div><\/div><\/div><\/div><\/div><\/div><\/div><\/section><section class=\"l-section wpb_row height_small\"><div class=\"l-section-h i-cf\"><div class=\"g-cols vc_row via_flex valign_top type_default stacking_default\"><div class=\"vc_col-sm-12 wpb_column vc_column_container\"><div class=\"vc_column-inner\"><div class=\"wpb_wrapper\"><div class=\"g-cols wpb_row via_flex valign_top type_default stacking_default\"><div class=\"vc_col-sm-8 wpb_column vc_column_container\"><div class=\"vc_column-inner\"><div class=\"wpb_wrapper\"><div class=\"wpb_text_column\"><div class=\"wpb_wrapper\"><div class=\"column mcb-column one column_column column-margin-\">\n<div class=\"column_attr clearfix\">\n<div>\n<h2>Die E-TWOW-Geschichte<\/h2>\n<p>Die Marke E-TWOW \u2013 Electric Two Wheels ist Teil eines gro\u00dfen internationalen Konzepts mit Hauptsitz in China, das sich darauf konzentriert, mit unseren genialen Elektrofahrzeugen eine neue \u00c4ra der urbanen Mobilit\u00e4t einzuleiten. Die Idee, das Design und die Konstruktion des E-TWOW Elektrorollers stammt von dem rum\u00e4nischen Ingenieur Dr. Sorin SIRBU und das Konzept wurde zusammen mit einem Forscherteam von Ingenieuren mit soliden Kenntnissen in Maschinenbau und Elektrotechnik weiterentwickelt. Mit dem Wissen, das er sich in jahrelangen technischen Studien angeeignet hat, aber vor allem durch die Leidenschaft, innovative Transportl\u00f6sungen zu finden, nutzte Herr Sirbu seine Begeisterung und sein K\u00f6nnen, um eine praktische L\u00f6sung f\u00fcr den Alltag zu entwickeln.<\/p>\n<\/div>\n<\/div>\n<\/div>\n<\/div><\/div><\/div><\/div><\/div><div class=\"vc_col-sm-4 wpb_column vc_column_container\"><div class=\"vc_column-inner\"><div class=\"wpb_wrapper\"><div class=\"w-image align_center\"><div class=\"w-image-h\"><img decoding=\"async\" width=\"350\" height=\"350\" src=\"https:\/\/e-twow.com\/wp-content\/uploads\/2020\/11\/ghidon-ajustabil-2-350x350.jpg\" class=\"attachment-us_350_350_crop size-us_350_350_crop\" alt=\"\" loading=\"lazy\" srcset=\"https:\/\/e-twow.com\/wp-content\/uploads\/2020\/11\/ghidon-ajustabil-2-350x350.jpg 350w, https:\/\/e-twow.com\/wp-content\/uploads\/2020\/11\/ghidon-ajustabil-2-150x150.jpg 150w, https:\/\/e-twow.com\/wp-content\/uploads\/2020\/11\/ghidon-ajustabil-2-600x600.jpg 600w\" sizes=\"auto, (max-width: 350px) 100vw, 350px\" \/><\/div><\/div><\/div><\/div><\/div><\/div><div class=\"wpb_text_column\"><div class=\"wpb_wrapper\"><h2>Wie alles begann<\/h2>\n<p>Dr. Sorin SIRBU schuf 2013 den ersten Elektroroller. Zu dieser Zeit lebte er in Shanghai, wo er ein erfolgreiches Gesch\u00e4ft betrieb. Die Erfindung des Rollers erfolgte aus praktischen Gr\u00fcnden, und Herr Sirbu hatte nicht vor den Roller in eine Gesch\u00e4ftsidee zu verwandeln. Er suchte nur nach einer praktischen L\u00f6sung, um sich in einer \u00fcberf\u00fcllten Stadt wie Shanghai fortzubewegen. Zuerst versuchte er sich mit einem Elektrofahrrad fortzubewegen, fand es aber ziemlich unpraktisch, da es schwer war und er damit nicht in der U-Bahn mitfahren durfte. Also entschied er sich f\u00fcr einen Tretroller. Da er lange Strecken zur\u00fccklegen musste, \u00fcberlegte er, ob er einen elektrischen Tretroller bauen k\u00f6nnte. Das erste Modell mit Grundmotor und Riemenantrieb erreichte erst das n\u00e4chste Restaurant, bevor der Riemenantrieb ausbrach. Dennoch reichte die Erfahrung ein so kleines und leicht zu man\u00f6vrierendes Fahrzeug zu fahren, aus, um Herrn Sirbu zu motivieren, es weiter zu versuchen. Innerhalb von drei Monaten schuf er den ersten brauchbaren Elektroroller. Dieser hatte eine Reichweite von 7-8 Kilometern und war sehr einfach zu man\u00f6vrieren.<\/p>\n<p>Das revolution\u00e4re Elektrofahrzeug war zu dieser Zeit eine Neuheit und die Leute hielten Mr. Sirbu immer auf der Stra\u00dfe an, um ihn nach dem Roller zu fragen. Zu dieser Zeit dachte Sirbu dar\u00fcber nach, seine Erfindung in ein Gesch\u00e4ft zu verwandeln, von dem er hoffte, dass es f\u00fcr immer die Art und Weise ver\u00e4ndern w\u00fcrde, wie sich Menschen in st\u00e4dtischen Umgebungen bewegen. Angesichts der Tatsache, dass der Tretroller als Spielzeug f\u00fcr Kinder galt, war der Elektroroller von Anfang an nicht sehr erfolgreich. Es gen\u00fcgte jedoch, dass die Leute es versuchten, sich von der N\u00fctzlichkeit eines solchen Fahrzeugs zu \u00fcberzeugen, ganz zu schweigen von der Freude am Fahren.<\/p>\n<h2>Wie wir eine neue \u00c4ra der st\u00e4dtischen Mobilit\u00e4t einleiten<\/h2>\n<p>Jedes Jahr brachte neue Herausforderungen mit sich, aber jede Herausforderung bedeutete eine neue Verbesserung. Der E-TWOW E-Scooter war der erste Roller, der ein kinetisches Energier\u00fcckgewinnungssystem integrierte, das zu dieser Zeit nur f\u00fcr Rennwagen verwendet wurde. Das Leichtgewicht und das 3-Punkt-Klappsystem machten es zu einem der bequemsten Transportfahrzeuge f\u00fcr den pers\u00f6nlichen Gebrauch, da es problemlos transportiert und aufbewahrt werden konnte. Das urspr\u00fcngliche Design wurde zeitlich kaum ver\u00e4ndert, da der Roller von Anfang an auf optimale Stabilit\u00e4t und Wendigkeit ausgelegt war. Neuere Generationen zeigten jedoch wesentliche Verbesserungen in Bezug auf Ergonomie und Software.<\/p>\n<p>Zuerst arbeitete Herr Sirbu mit verschiedenen Fabriken zusammen, die die Roller-komponenten produzierten. Aber kurz darauf entschied er, dass die einzige M\u00f6glichkeit, die Qualit\u00e4t des Rollers sicherzustellen, darin bestand, die Komponenten in seiner eigenen Fabrik zu produzieren. Derzeit gibt es zwei Gesch\u00e4ftszentren: das Werk in China und das Europ\u00e4ische Verwaltungs- und Logistikzentrum in Rum\u00e4nien. In der chinesischen Fabrik werden fast 90% der Komponenten des Elektrorollers hergestellt (von der Hardware \u00fcber die Software bis hin zu den Motoren, allen Kunststoffkomponenten und sogar den Batterien, die mit Samsung-Zellen zusammengebaut wurden).<\/p>\n<p>2017 gewann das tragbare und faltbare Elektrofahrzeug E-TWOW auf der 45. Internationalen Erfindungs-Messe in Genf eine Goldmedaille f\u00fcr die beste Erfindung. Im Laufe der Jahre haben mehrere andere Hersteller begonnen, \u00e4hnliche Fahrzeuge herzustellen. Aber die E-TWOW Elektroroller sind aufgrund ihrer hohen Qualit\u00e4t, ihrer unglaublichen Man\u00f6vrierf\u00e4higkeit und des allgemeinen Bedienungskomforts weiterhin die beste Wahl. Der E-TWOW Elektroroller ist derzeit das einzige Elektrofahrzeug, das auch ohne Batterie voll funktionsf\u00e4hig ist. Wenn Sie die Batterie eines anderen Elektrofahrzeugs entnehmen und beschleunigen, besch\u00e4digen Sie das Steuerger\u00e4t oder die Bremsen. Bei dem E-TWOW Elektroroller k\u00f6nnen Sie den Akku herausnehmen und bergab fahren, ohne irgendwelche Komponenten zu besch\u00e4digen. Dar\u00fcber hinaus k\u00f6nnen Sie auch ohne Batterie die Bremsen und die Lichter benutzen.<\/p>\n<h2>Unsere Werte<\/h2>\n<h3>Innovation<\/h3>\n<p>Das E-TWOW-Konzept war von Anfang an von Innovation gepr\u00e4gt. Die Roller integrieren die neuesten Technologien in der Maschinenbau- und Elektrotechnik-Industrie. Das Werk ist sogar mit HP-RTM-Ger\u00e4ten ausgestattet, und wir sind nach BMW das zweite Unternehmen auf der Welt, das diese Technologie einsetzt. Unsere Hochdruck-RTM-Ger\u00e4te verf\u00fcgen \u00fcber personalisierte Patente f\u00fcr gemischte Strukturen. Wir investieren auch kontinuierlich in unsere Forschungs- und Entwicklungsabteilung, in der wir die besten Ingenieure aus Frankreich, Deutschland und Rum\u00e4nien haben<\/p>\n<h3>Kundenzufriedenheit<\/h3>\n<p>Unser Ziel war es nie, ein perfektes Produkt zu entwerfen. Perfektion ist ein statisches Konzept, und wir sind bestrebt, uns st\u00e4ndig weiterzuentwickeln und Innovationen voranzutreiben. Im Laufe der Jahre standen die Elektroroller E-TWOW vielen Herausforderungen gegen\u00fcber. Trotzdem haben wir durch konsequente Tests und Studien unsere Scooter kontinuierlich verbessert und alle auf diesem Weg aufgetretenen Probleme beseitigt. Wir m\u00f6chten uns bei unseren Kunden f\u00fcr die Hilfe bedanken, die sie durch ihr konstruktives Feedback zu den aufgetretenen Problemen geleistet haben. Wir haben uns stets bem\u00fcht, unseren Kunden durch einen angemessenen Service und Support zu danken, um eventuelle Unannehmlichkeiten auszugleichen.<\/p>\n<h3>Eine nachhaltige Zukunft aufbauen<\/h3>\n<p>Unsere Vision, eine neue \u00c4ra der st\u00e4dtischen Mobilit\u00e4t einzuleiten, geht Hand in Hand mit unserem Wunsch, eine nachhaltige Zukunft aufzubauen. Heutzutage entscheiden sich immer mehr Menschen daf\u00fcr, ihre Kraftfahrzeuge durch Elektrofahrzeuge zu ersetzen und der Elektroroller ist eine der umweltfreundlichsten L\u00f6sungen f\u00fcr den st\u00e4dtischen Verkehr. Dar\u00fcber hinaus k\u00f6nnen unsere Elektroroller auch in Innenr\u00e4umen eingesetzt werden, da sie keine Kohlendioxid-Emissionen verursachen. Sie eignen sich ideal f\u00fcr gro\u00dfe \u00fcberdachte Bereiche wie Flugh\u00e4fen oder Industrie.<\/p>\n<\/div><\/div><div class=\"g-cols wpb_row us_custom_4e0cc4c3 via_flex valign_top type_default stacking_default\"><div class=\"vc_col-sm-6 wpb_column vc_column_container\"><div class=\"vc_column-inner\"><div class=\"wpb_wrapper\">[vc_custom_heading text=&#8221;JINHUA ZHEJIANG FABRIK<br \/>\nCHINA&#8221; font_container=&#8221;tag:h5|text_align:left&#8221; use_theme_fonts=&#8221;yes&#8221;]<div class=\"w-image align_none\"><div class=\"w-image-h\"><img decoding=\"async\" width=\"600\" height=\"453\" src=\"https:\/\/e-twow.com\/wp-content\/uploads\/2019\/06\/e-twow-factory.jpg\" class=\"attachment-full size-full\" alt=\"\" loading=\"lazy\" srcset=\"https:\/\/e-twow.com\/wp-content\/uploads\/2019\/06\/e-twow-factory.jpg 600w, https:\/\/e-twow.com\/wp-content\/uploads\/2019\/06\/e-twow-factory-300x227.jpg 300w\" sizes=\"auto, (max-width: 600px) 100vw, 600px\" \/><\/div><\/div><\/div><\/div><\/div><\/div><\/div><\/div><\/div><\/div><\/div><\/section>\n","protected":false},"excerpt":{"rendered":"Die E-TWOW-Geschichte Die Marke E-TWOW \u2013 Electric Two Wheels ist Teil eines gro\u00dfen internationalen Konzepts mit Hauptsitz in China, das sich darauf konzentriert, mit unseren genialen Elektrofahrzeugen eine neue \u00c4ra der urbanen Mobilit\u00e4t einzuleiten. Die Idee, das Design und die Konstruktion des E-TWOW Elektrorollers stammt von dem rum\u00e4nischen Ingenieur Dr. Sorin SIRBU und das Konzept...","protected":false},"author":1,"featured_media":0,"parent":0,"menu_order":0,"comment_status":"closed","ping_status":"closed","template":"","meta":{"ngg_post_thumbnail":0,"footnotes":""},"class_list":["post-9019","page","type-page","status-publish","hentry"],"yoast_head":"<!-- This site is optimized with the Yoast SEO Premium plugin v27.2 (Yoast SEO v27.2) - https:\/\/yoast.com\/product\/yoast-seo-premium-wordpress\/ -->\n<title>About US | E-TWOW<\/title>\n<meta name=\"description\" content=\"The E-TWOW \u2013 Electric Two Wheels brand is part of a large international concept, focused on offering a new era in urban mobility.\" \/>\n<meta name=\"robots\" content=\"index, follow, max-snippet:-1, max-image-preview:large, max-video-preview:-1\" \/>\n<link rel=\"canonical\" href=\"https:\/\/e-twow.com\/about-us\/\" \/>\n<meta property=\"og:locale\" content=\"de_DE\" \/>\n<meta property=\"og:type\" content=\"article\" \/>\n<meta property=\"og:title\" content=\"\u00dcber uns\" \/>\n<meta property=\"og:description\" content=\"The E-TWOW \u2013 Electric Two Wheels brand is part of a large international concept, focused on offering a new era in urban mobility.\" \/>\n<meta property=\"og:url\" content=\"https:\/\/e-twow.com\/about-us\/\" \/>\n<meta property=\"og:site_name\" content=\"E-TWOW\" \/>\n<meta property=\"article:modified_time\" content=\"2022-06-15T13:05:28+00:00\" \/>\n<meta name=\"twitter:card\" content=\"summary_large_image\" \/>\n<meta name=\"twitter:label1\" content=\"Gesch\u00e4tzte Lesezeit\" \/>\n\t<meta name=\"twitter:data1\" content=\"7\u00a0Minuten\" \/>\n<script type=\"application\/ld+json\" class=\"yoast-schema-graph\">{\"@context\":\"https:\/\/schema.org\",\"@graph\":[{\"@type\":\"WebPage\",\"@id\":\"https:\/\/e-twow.com\/about-us\/\",\"url\":\"https:\/\/e-twow.com\/about-us\/\",\"name\":\"About US | E-TWOW\",\"isPartOf\":{\"@id\":\"https:\/\/e-twow.com\/#website\"},\"datePublished\":\"2017-09-01T06:35:36+00:00\",\"dateModified\":\"2022-06-15T13:05:28+00:00\",\"description\":\"The E-TWOW \u2013 Electric Two Wheels brand is part of a large international concept, focused on offering a new era in urban mobility.\",\"breadcrumb\":{\"@id\":\"https:\/\/e-twow.com\/about-us\/#breadcrumb\"},\"inLanguage\":\"de\",\"potentialAction\":[{\"@type\":\"ReadAction\",\"target\":[\"https:\/\/e-twow.com\/about-us\/\"]}]},{\"@type\":\"BreadcrumbList\",\"@id\":\"https:\/\/e-twow.com\/about-us\/#breadcrumb\",\"itemListElement\":[{\"@type\":\"ListItem\",\"position\":1,\"name\":\"Start\",\"item\":\"https:\/\/e-twow.com\/de\/\"},{\"@type\":\"ListItem\",\"position\":2,\"name\":\"\u00dcber uns\"}]},{\"@type\":\"WebSite\",\"@id\":\"https:\/\/e-twow.com\/#website\",\"url\":\"https:\/\/e-twow.com\/\",\"name\":\"E-TWOW\",\"description\":\"Portable Scooter\",\"potentialAction\":[{\"@type\":\"SearchAction\",\"target\":{\"@type\":\"EntryPoint\",\"urlTemplate\":\"https:\/\/e-twow.com\/?s={search_term_string}\"},\"query-input\":{\"@type\":\"PropertyValueSpecification\",\"valueRequired\":true,\"valueName\":\"search_term_string\"}}],\"inLanguage\":\"de\"}]}<\/script>\n<!-- \/ Yoast SEO Premium plugin. -->","yoast_head_json":{"title":"About US | E-TWOW","description":"The E-TWOW \u2013 Electric Two Wheels brand is part of a large international concept, focused on offering a new era in urban mobility.","robots":{"index":"index","follow":"follow","max-snippet":"max-snippet:-1","max-image-preview":"max-image-preview:large","max-video-preview":"max-video-preview:-1"},"canonical":"https:\/\/e-twow.com\/about-us\/","og_locale":"de_DE","og_type":"article","og_title":"\u00dcber uns","og_description":"The E-TWOW \u2013 Electric Two Wheels brand is part of a large international concept, focused on offering a new era in urban mobility.","og_url":"https:\/\/e-twow.com\/about-us\/","og_site_name":"E-TWOW","article_modified_time":"2022-06-15T13:05:28+00:00","twitter_card":"summary_large_image","twitter_misc":{"Gesch\u00e4tzte Lesezeit":"7\u00a0Minuten"},"schema":{"@context":"https:\/\/schema.org","@graph":[{"@type":"WebPage","@id":"https:\/\/e-twow.com\/about-us\/","url":"https:\/\/e-twow.com\/about-us\/","name":"About US | E-TWOW","isPartOf":{"@id":"https:\/\/e-twow.com\/#website"},"datePublished":"2017-09-01T06:35:36+00:00","dateModified":"2022-06-15T13:05:28+00:00","description":"The E-TWOW \u2013 Electric Two Wheels brand is part of a large international concept, focused on offering a new era in urban mobility.","breadcrumb":{"@id":"https:\/\/e-twow.com\/about-us\/#breadcrumb"},"inLanguage":"de","potentialAction":[{"@type":"ReadAction","target":["https:\/\/e-twow.com\/about-us\/"]}]},{"@type":"BreadcrumbList","@id":"https:\/\/e-twow.com\/about-us\/#breadcrumb","itemListElement":[{"@type":"ListItem","position":1,"name":"Start","item":"https:\/\/e-twow.com\/de\/"},{"@type":"ListItem","position":2,"name":"\u00dcber uns"}]},{"@type":"WebSite","@id":"https:\/\/e-twow.com\/#website","url":"https:\/\/e-twow.com\/","name":"E-TWOW","description":"Portable Scooter","potentialAction":[{"@type":"SearchAction","target":{"@type":"EntryPoint","urlTemplate":"https:\/\/e-twow.com\/?s={search_term_string}"},"query-input":{"@type":"PropertyValueSpecification","valueRequired":true,"valueName":"search_term_string"}}],"inLanguage":"de"}]}},"_links":{"self":[{"href":"https:\/\/e-twow.com\/de\/wp-json\/wp\/v2\/pages\/9019","targetHints":{"allow":["GET"]}}],"collection":[{"href":"https:\/\/e-twow.com\/de\/wp-json\/wp\/v2\/pages"}],"about":[{"href":"https:\/\/e-twow.com\/de\/wp-json\/wp\/v2\/types\/page"}],"author":[{"embeddable":true,"href":"https:\/\/e-twow.com\/de\/wp-json\/wp\/v2\/users\/1"}],"replies":[{"embeddable":true,"href":"https:\/\/e-twow.com\/de\/wp-json\/wp\/v2\/comments?post=9019"}],"version-history":[{"count":7,"href":"https:\/\/e-twow.com\/de\/wp-json\/wp\/v2\/pages\/9019\/revisions"}],"predecessor-version":[{"id":13591,"href":"https:\/\/e-twow.com\/de\/wp-json\/wp\/v2\/pages\/9019\/revisions\/13591"}],"wp:attachment":[{"href":"https:\/\/e-twow.com\/de\/wp-json\/wp\/v2\/media?parent=9019"}],"curies":[{"name":"wp","href":"https:\/\/api.w.org\/{rel}","templated":true}]}}