{"id":9010,"date":"2018-01-29T08:31:39","date_gmt":"2018-01-29T08:31:39","guid":{"rendered":"https:\/\/e-twow.com\/technology-concept\/"},"modified":"2021-04-02T07:57:36","modified_gmt":"2021-04-02T07:57:36","slug":"technologie-konzept","status":"publish","type":"page","link":"https:\/\/e-twow.com\/de\/technologie-konzept\/","title":{"rendered":"Technologie &#038; Konzept"},"content":{"rendered":"<section class=\"l-section wpb_row height_small\"><div class=\"l-section-h i-cf\"><div class=\"g-cols vc_row via_flex valign_top type_default stacking_default\"><div class=\"vc_col-sm-12 wpb_column vc_column_container\"><div class=\"vc_column-inner\"><div class=\"wpb_wrapper\">[vc_custom_heading text=&#8221;MEHR ALS NUR EIN FAHRZEUG&#8221; font_container=&#8221;tag:h2|text_align:center&#8221; use_theme_fonts=&#8221;yes&#8221;][vc_custom_heading text=&#8221;ENTDECKEN SIE DIE E-TWOW-ERFAHRUNG UND TRETEN SIE IN<br \/>\nUNSERE NEUE \u00c4RA DER URBANEN MOBILIT\u00c4T!&#8221; font_container=&#8221;tag:h4|text_align:center&#8221; use_theme_fonts=&#8221;yes&#8221;]<\/div><\/div><\/div><\/div><\/div><\/section><section class=\"l-section wpb_row us_custom_fcf81909 height_small\"><div class=\"l-section-h i-cf\"><div class=\"g-cols vc_row via_flex valign_middle type_default reversed stacking_default\"><div class=\"vc_col-sm-6 wpb_column vc_column_container\"><div class=\"vc_column-inner us_custom_90036584\"><div class=\"wpb_wrapper\">[vc_custom_heading text=&#8221;Controller, Anzeige, Software&#8221; google_fonts=&#8221;font_family:Roboto%3A100%2C100italic%2C300%2C300italic%2Cregular%2Citalic%2C500%2C500italic%2C700%2C700italic%2C900%2C900italic|font_style:400%20regular%3A400%3Anormal&#8221;]<div class=\"wpb_text_column\"><div class=\"wpb_wrapper\"><p><span style=\"color: #ffffff;\">Im Gegensatz zu den meisten Elektrorollern, die heutzutage auf dem Markt sind, verf\u00fcgen die E-TWOW-Roller \u00fcber ein Display mit interaktiven Funktionen. Das Display kommuniziert mit der Steuerung, sodass der Benutzer des Scooters bestimmte Befehle an den Motor senden kann, z. B. Tempomat oder Geschwindigkeitsbegrenzungen. Das Display verf\u00fcgt auch \u00fcber wertvolle Leistungs- und Umgebungsindikatoren wie Geschwindigkeit, Anzahl der Fahrten oder Temperatur. Die implementierte Software sorgt f\u00fcr ein perfektes Gleichgewicht zwischen Autonomie und Fahrgeschwindigkeit, indem der sparsame Umgang mit den Batterieressourcen im Vordergrund steht.<\/span><\/p>\n<\/div><\/div><div class=\"w-popup us_custom_0f8f44b7 w-btn-wrapper align_none\"><button class=\"w-popup-trigger type_btn w-btn us-btn-style_1 icon_atleft\" aria-label=\"SEHEN SIE, WIE ES GEMACHT WIRD\" type=\"button\"><i class=\"fas fa-video\"><\/i><span class=\"w-btn-label\">SEHEN SIE, WIE ES GEMACHT WIRD<\/span><\/button><div class=\"w-popup-overlay\" style=\"background:rgba(0,0,0,0.85);\"><\/div><div class=\"w-popup-wrap layout_default\" role=\"dialog\" aria-modal=\"true\" aria-label=\"Pop-up\" style=\"--title-color:var(--color-content-heading);--title-bg-color:var(--color-content-bg-alt);--content-color:var(--color-content-text);--content-bg-color:var(--color-content-bg);\"><button aria-label=\"Schlie\u00dfen\" class=\"w-popup-closer\" type=\"button\"><\/button><div class=\"w-popup-box animation_fadeIn closerpos_outside without_title\"><div class=\"w-popup-box-h\"><div class=\"w-popup-box-content\"><p><iframe title=\"E-TWOW Controller, Display, Software\" src=\"https:\/\/player.vimeo.com\/video\/351136684?dnt=1&amp;app_id=122963\" width=\"640\" height=\"360\" frameborder=\"0\" allow=\"autoplay; fullscreen; picture-in-picture\" allowfullscreen><\/iframe><\/p>\n<\/div><\/div><\/div><\/div><\/div><\/div><\/div><\/div><div class=\"vc_col-sm-6 wpb_column vc_column_container us_animate_afr stretched\"><div class=\"vc_column-inner us_custom_821ea863\"><div class=\"wpb_wrapper\"><div class=\"w-slider style_none fit_scaledown nav_none count_2\"><div class=\"w-slider-h\" aria-hidden=\"true\"><div class=\"royalSlider\"><div class=\"rsContent\"><a class=\"rsImg\" data-rsw=\"1200\" data-rsh=\"1200\" href=\"https:\/\/e-twow.com\/wp-content\/uploads\/2020\/10\/display2.jpg\"><span data-alt=\"\"><\/span><\/a><\/div><div class=\"rsContent\"><a class=\"rsImg\" data-rsw=\"1200\" data-rsh=\"1200\" href=\"https:\/\/e-twow.com\/wp-content\/uploads\/2020\/10\/display1.jpg\"><span data-alt=\"\"><\/span><\/a><\/div><\/div><img decoding=\"async\" src=\"https:\/\/e-twow.com\/wp-content\/uploads\/2020\/10\/display2.jpg\" width=\"1200\" height=\"1200\" alt loading=\"lazy\"><\/div><div class=\"w-slider-json\" onclick='return {&quot;autoScaleSlider&quot;:true,&quot;addActiveClass&quot;:true,&quot;loop&quot;:true,&quot;fadeInLoadedSlide&quot;:false,&quot;slidesSpacing&quot;:0,&quot;imageScalePadding&quot;:0,&quot;numImagesToPreload&quot;:2,&quot;arrowsNav&quot;:true,&quot;arrowsNavAutoHide&quot;:false,&quot;transitionType&quot;:&quot;move&quot;,&quot;transitionSpeed&quot;:250,&quot;block&quot;:{&quot;moveEffect&quot;:&quot;none&quot;,&quot;speed&quot;:300},&quot;thumbs&quot;:{&quot;fitInViewport&quot;:false,&quot;firstMargin&quot;:false,&quot;spacing&quot;:4},&quot;controlNavigation&quot;:&quot;none&quot;,&quot;autoScaleSliderWidth&quot;:1200,&quot;autoScaleSliderHeight&quot;:1200}'><\/div><\/div><\/div><\/div><\/div><\/div><\/div><\/section><!-- Row Backgrounds --><div class=\"upb_color\" data-bg-override=\"0\" data-bg-color=\"#242424\" data-fadeout=\"\" data-fadeout-percentage=\"30\" data-parallax-content=\"\" data-parallax-content-sense=\"30\" data-row-effect-mobile-disable=\"true\" data-img-parallax-mobile-disable=\"true\" data-rtl=\"false\"  data-custom-vc-row=\"\"  data-vc=\"8.7.2\"  data-is_old_vc=\"\"  data-theme-support=\"\"   data-overlay=\"false\" data-overlay-color=\"\" data-overlay-pattern=\"\" data-overlay-pattern-opacity=\"\" data-overlay-pattern-size=\"\"    ><\/div><section class=\"l-section wpb_row height_small\"><div class=\"l-section-h i-cf\"><div class=\"g-cols vc_row via_flex valign_top type_default stacking_default\"><div class=\"vc_col-sm-12 wpb_column vc_column_container\"><div class=\"vc_column-inner\"><div class=\"wpb_wrapper\">[vc_custom_heading text=&#8221;Integriertes Steuerungs-, \u00dcberwachungs- und Meldesystem&#8221; google_fonts=&#8221;font_family:Roboto%3A100%2C100italic%2C300%2C300italic%2Cregular%2Citalic%2C500%2C500italic%2C700%2C700italic%2C900%2C900italic|font_style:400%20regular%3A400%3Anormal&#8221;]<div class=\"wpb_text_column\"><div class=\"wpb_wrapper\"><p>Um den E-TWOW so zuverl\u00e4ssig wie m\u00f6glich zu machen, haben wir sie mit einem integrierten System ausgestattet, in dem alle Steuerungs-, \u00dcberwachungs- und Signalisierungsabl\u00e4ufe Hand in Hand arbeiten. Das System umfasst eine Anzeigeeinheit, eine Beschleunigungsdrossel, eine elektromagnetische Bremse, eine Platine mit Strom, Licht, Hupe und Einstelltasten, einen umweltfreundlichen Scheinwerfer, Sensoren und einen Mikrocontroller, der mit der Hauptplatine kommuniziert, sowie einen Stromkreis der die Batterieressourcen an das Vorderrad abgibt.<\/p>\n<\/div><\/div><\/div><\/div><\/div><\/div><\/div><\/section><section class=\"l-section wpb_row us_custom_fcf81909 height_small\"><div class=\"l-section-h i-cf\"><div class=\"g-cols vc_row via_flex valign_middle type_default reversed stacking_default\"><div class=\"vc_col-sm-6 wpb_column vc_column_container\"><div class=\"vc_column-inner us_custom_90036584\"><div class=\"wpb_wrapper\">[vc_custom_heading text=&#8221;Batterie&#8221; google_fonts=&#8221;font_family:Roboto%3A100%2C100italic%2C300%2C300italic%2Cregular%2Citalic%2C500%2C500italic%2C700%2C700italic%2C900%2C900italic|font_style:400%20regular%3A400%3Anormal&#8221;]<div class=\"wpb_text_column\"><div class=\"wpb_wrapper\"><p><span style=\"color: #ffffff;\">Um ein umweltfreundliches Fahrzeug zu entwickeln, haben wir viel M\u00fche in ein effizientes Energiesparsystem gesteckt. Das Antriebsrad arbeitet als elektrischer Generator und l\u00e4dt die Batterie auf, wenn die elektromagnetische Bremse verwendet wird. Dar\u00fcber hinaus verf\u00fcgen unsere Scooter \u00fcber ein intelligentes BMS (Battery Management System), das die Leistung der Batterie \u00fcberwacht. Mit Samsung-Zellen bauen wir unsere Batterien selbst zusammen. Alle Batterien verf\u00fcgen \u00fcber 10 Serien von 3 Zellen, die parallel gruppiert sind. W\u00e4hrend Ihrer Fahrt sorgt das umweltfreundliche Energier\u00fcckgewinnungssystem daf\u00fcr, dass kein Strom verschwendet wird, w\u00e4hrend das intelligente Batterie-Managementsystem die Batterieleistung genau \u00fcberwacht.<\/span><\/p>\n<\/div><\/div><div class=\"w-popup us_custom_0f8f44b7 w-btn-wrapper align_none\"><button class=\"w-popup-trigger type_btn w-btn us-btn-style_1 icon_atleft\" aria-label=\"SEHEN SIE, WIE ES GEMACHT WIRD\" type=\"button\"><i class=\"fas fa-video\"><\/i><span class=\"w-btn-label\">SEHEN SIE, WIE ES GEMACHT WIRD<\/span><\/button><div class=\"w-popup-overlay\" style=\"background:rgba(0,0,0,0.85);\"><\/div><div class=\"w-popup-wrap layout_default\" role=\"dialog\" aria-modal=\"true\" aria-label=\"Pop-up\" style=\"--title-color:var(--color-content-heading);--title-bg-color:var(--color-content-bg-alt);--content-color:var(--color-content-text);--content-bg-color:var(--color-content-bg);\"><button aria-label=\"Schlie\u00dfen\" class=\"w-popup-closer\" type=\"button\"><\/button><div class=\"w-popup-box animation_fadeIn closerpos_outside without_title\"><div class=\"w-popup-box-h\"><div class=\"w-popup-box-content\"><p><iframe title=\"E-TWOW Battery - How it&#039;s made\" src=\"https:\/\/player.vimeo.com\/video\/351165493?dnt=1&amp;app_id=122963\" width=\"640\" height=\"360\" frameborder=\"0\" allow=\"autoplay; fullscreen; picture-in-picture\" allowfullscreen><\/iframe><\/p>\n<\/div><\/div><\/div><\/div><\/div><\/div><\/div><\/div><div class=\"vc_col-sm-6 wpb_column vc_column_container us_animate_afr stretched\"><div class=\"vc_column-inner us_custom_821ea863\"><div class=\"wpb_wrapper\"><div class=\"w-slider style_none fit_scaledown nav_none count_2\"><div class=\"w-slider-h\" aria-hidden=\"true\"><div class=\"royalSlider\"><div class=\"rsContent\"><a class=\"rsImg\" data-rsw=\"1200\" data-rsh=\"1200\" href=\"https:\/\/e-twow.com\/wp-content\/uploads\/2020\/10\/baterii1.jpg\"><span data-alt=\"\"><\/span><\/a><\/div><div class=\"rsContent\"><a class=\"rsImg\" data-rsw=\"1200\" data-rsh=\"1200\" href=\"https:\/\/e-twow.com\/wp-content\/uploads\/2020\/10\/baterii.jpg\"><span data-alt=\"\"><\/span><\/a><\/div><\/div><img decoding=\"async\" src=\"https:\/\/e-twow.com\/wp-content\/uploads\/2020\/10\/baterii1.jpg\" width=\"1200\" height=\"1200\" alt loading=\"lazy\"><\/div><div class=\"w-slider-json\" onclick='return {&quot;autoScaleSlider&quot;:true,&quot;addActiveClass&quot;:true,&quot;loop&quot;:true,&quot;fadeInLoadedSlide&quot;:false,&quot;slidesSpacing&quot;:0,&quot;imageScalePadding&quot;:0,&quot;numImagesToPreload&quot;:2,&quot;arrowsNav&quot;:true,&quot;arrowsNavAutoHide&quot;:false,&quot;transitionType&quot;:&quot;move&quot;,&quot;transitionSpeed&quot;:250,&quot;block&quot;:{&quot;moveEffect&quot;:&quot;none&quot;,&quot;speed&quot;:300},&quot;thumbs&quot;:{&quot;fitInViewport&quot;:false,&quot;firstMargin&quot;:false,&quot;spacing&quot;:4},&quot;controlNavigation&quot;:&quot;none&quot;,&quot;autoScaleSliderWidth&quot;:1200,&quot;autoScaleSliderHeight&quot;:1200}'><\/div><\/div><\/div><\/div><\/div><\/div><\/div><\/section><!-- Row Backgrounds --><div class=\"upb_color\" data-bg-override=\"0\" data-bg-color=\"#242424\" data-fadeout=\"\" data-fadeout-percentage=\"30\" data-parallax-content=\"\" data-parallax-content-sense=\"30\" data-row-effect-mobile-disable=\"true\" data-img-parallax-mobile-disable=\"true\" data-rtl=\"false\"  data-custom-vc-row=\"\"  data-vc=\"8.7.2\"  data-is_old_vc=\"\"  data-theme-support=\"\"   data-overlay=\"false\" data-overlay-color=\"\" data-overlay-pattern=\"\" data-overlay-pattern-opacity=\"\" data-overlay-pattern-size=\"\"    ><\/div><section class=\"l-section wpb_row height_small\"><div class=\"l-section-h i-cf\"><div class=\"g-cols vc_row via_flex valign_top type_default stacking_default\"><div class=\"vc_col-sm-6 wpb_column vc_column_container\"><div class=\"vc_column-inner\"><div class=\"wpb_wrapper\">[vc_custom_heading text=&#8221;KERS System&#8221; google_fonts=&#8221;font_family:Roboto%3A100%2C100italic%2C300%2C300italic%2Cregular%2Citalic%2C500%2C500italic%2C700%2C700italic%2C900%2C900italic|font_style:400%20regular%3A400%3Anormal&#8221;]<div class=\"wpb_text_column\"><div class=\"wpb_wrapper\"><p>Der E-TWOW ist der erste Roller, der die KERS-Technologie (KINETIC ENERGY RECOVERY SYSTEM) durch magnetisches Bremsen einsetzt, sodass die Batterieautonomie des Rollers um bis zu 40% gesteigert werden kann. Bei Verwendung der elektromagnetischen Bremse wird aus dem b\u00fcrstenlosen Gleichstrommotor ein Generator, der die Batterie aufl\u00e4dt. Dieses System wird in Formel-1-Wettbewerben eingesetzt und es ist das erste Mal, dass ein solches System in einen elektrischen Tretroller integriert wird. Erfahren Sie hier mehr \u00fcber KERS von den Top-Formel-1-Fahrern:<\/p>\n<\/div><\/div><div class=\"w-popup us_custom_0f8f44b7 w-btn-wrapper align_none\"><button class=\"w-popup-trigger type_btn w-btn us-btn-style_1 icon_atleft\" aria-label=\"SEHEN, WIE ES FUNKTIONIERT\" type=\"button\"><i class=\"fas fa-video\"><\/i><span class=\"w-btn-label\">SEHEN, WIE ES FUNKTIONIERT<\/span><\/button><div class=\"w-popup-overlay\" style=\"background:rgba(0,0,0,0.85);\"><\/div><div class=\"w-popup-wrap layout_default\" role=\"dialog\" aria-modal=\"true\" aria-label=\"Pop-up\" style=\"--title-color:var(--color-content-heading);--title-bg-color:var(--color-content-bg-alt);--content-color:var(--color-content-text);--content-bg-color:var(--color-content-bg);\"><button aria-label=\"Schlie\u00dfen\" class=\"w-popup-closer\" type=\"button\"><\/button><div class=\"w-popup-box animation_fadeIn closerpos_outside without_title\"><div class=\"w-popup-box-h\"><div class=\"w-popup-box-content\"><p><iframe title=\"KERS explained by Lewis Hamilton and Nico Rosberg\" width=\"480\" height=\"360\" src=\"https:\/\/www.youtube.com\/embed\/sYAUb5yWutg?feature=oembed&#038;enablejsapi=1&#038;origin=https:\/\/e-twow.com\" frameborder=\"0\" allow=\"accelerometer; autoplay; clipboard-write; encrypted-media; gyroscope; picture-in-picture\" allowfullscreen><\/iframe><\/p>\n<\/div><\/div><\/div><\/div><\/div><\/div><\/div><\/div><div class=\"vc_col-sm-6 wpb_column vc_column_container\"><div class=\"vc_column-inner\"><div class=\"wpb_wrapper\">[vc_custom_heading text=&#8221;Generalversammlung&#8221; google_fonts=&#8221;font_family:Roboto%3A100%2C100italic%2C300%2C300italic%2Cregular%2Citalic%2C500%2C500italic%2C700%2C700italic%2C900%2C900italic|font_style:400%20regular%3A400%3Anormal&#8221;]<div class=\"wpb_text_column\"><div class=\"wpb_wrapper\"><p>Die Montagelinien in unserem Werk verwenden modernste Technologien, um effiziente Durchlaufsysteme zu liefern, die unseren st\u00e4ndig wachsenden Produktionsanforderungen gerecht werden. Zur Optimierung unserer Montagelinien setzen wir moderne Aluminium- und Carbon-Formverfahren ein.<\/p>\n<\/div><\/div>[vc_custom_heading text=&#8221;F &amp; E-Abteilung&#8221; google_fonts=&#8221;font_family:Roboto%3A100%2C100italic%2C300%2C300italic%2Cregular%2Citalic%2C500%2C500italic%2C700%2C700italic%2C900%2C900italic|font_style:400%20regular%3A400%3Anormal&#8221;]<div class=\"wpb_text_column\"><div class=\"wpb_wrapper\"><p>Unser Forschungs- und Entwicklungsteam arbeitet st\u00e4ndig an der Anwendung der neuesten Technologien in der Elektrofahrzeugindustrie, um neue Produkte zu entwickeln, welche die Zukunft der st\u00e4dtischen Verkehrssysteme verbessern k\u00f6nnen. Schauen Sie sich unser aktuelles Projekt an, um mehr \u00fcber unsere Pl\u00e4ne f\u00fcr die Zukunft zu erfahren.<\/p>\n<\/div><\/div><\/div><\/div><\/div><\/div><\/div><\/section><section class=\"l-section wpb_row us_custom_fcf81909 height_small\"><div class=\"l-section-h i-cf\"><div class=\"g-cols vc_row via_flex valign_middle type_default reversed stacking_default\"><div class=\"vc_col-sm-6 wpb_column vc_column_container\"><div class=\"vc_column-inner us_custom_90036584\"><div class=\"wpb_wrapper\">[vc_custom_heading text=&#8221;B\u00fcrstenlose Motoren&#8221; google_fonts=&#8221;font_family:Roboto%3A100%2C100italic%2C300%2C300italic%2Cregular%2Citalic%2C500%2C500italic%2C700%2C700italic%2C900%2C900italic|font_style:400%20regular%3A400%3Anormal&#8221;]<div class=\"wpb_text_column\"><div class=\"wpb_wrapper\"><p><span style=\"color: #ffffff;\">B\u00fcrstenlose Motoren verwenden einen Permanentmotor anstelle von B\u00fcrsten, um die Polarit\u00e4t des Elektromagneten eines Motors zu \u00e4ndern, wodurch der Anker des Motors in Drehung bleibt. Durch den Wegfall der klassischen B\u00fcrsten sind b\u00fcrstenlose Motoren wesentlich langlebiger, zuverl\u00e4ssiger, effizienter und ger\u00e4usch\u00e4rmer. Sie sind auch leichter als B\u00fcrstenmotoren mit der gleichen Leistung. Mit den E-TWOW-Rollern haben wir das Antriebsrad wie eine b\u00fcrstenlose elektrische Maschine gebaut. W\u00e4hrend der Beschleunigung arbeitet es als Gleichstrommotor, w\u00e4hrend es w\u00e4hrend der Verz\u00f6gerung als elektrischer Generator arbeitet und kinetische Energie an die Batterie sendet.<\/span><\/p>\n<\/div><\/div><div class=\"w-popup us_custom_0f8f44b7 w-btn-wrapper align_none\"><button class=\"w-popup-trigger type_btn w-btn us-btn-style_1 icon_atleft\" aria-label=\"SEHEN SIE, WIE ES GEMACHT WIRD\" type=\"button\"><i class=\"fas fa-video\"><\/i><span class=\"w-btn-label\">SEHEN SIE, WIE ES GEMACHT WIRD<\/span><\/button><div class=\"w-popup-overlay\" style=\"background:rgba(0,0,0,0.85);\"><\/div><div class=\"w-popup-wrap layout_default\" role=\"dialog\" aria-modal=\"true\" aria-label=\"Pop-up\" style=\"--title-color:var(--color-content-heading);--title-bg-color:var(--color-content-bg-alt);--content-color:var(--color-content-text);--content-bg-color:var(--color-content-bg);\"><button aria-label=\"Schlie\u00dfen\" class=\"w-popup-closer\" type=\"button\"><\/button><div class=\"w-popup-box animation_fadeIn closerpos_outside without_title\"><div class=\"w-popup-box-h\"><div class=\"w-popup-box-content\"><p><iframe title=\"E-TWOW - Brushless motors\" src=\"https:\/\/player.vimeo.com\/video\/350942112?dnt=1&amp;app_id=122963\" width=\"640\" height=\"360\" frameborder=\"0\" allow=\"autoplay; fullscreen; picture-in-picture\" allowfullscreen><\/iframe><\/p>\n<\/div><\/div><\/div><\/div><\/div><\/div><\/div><\/div><div class=\"vc_col-sm-6 wpb_column vc_column_container us_animate_afr stretched\"><div class=\"vc_column-inner us_custom_821ea863\"><div class=\"wpb_wrapper\"><div class=\"w-slider style_none fit_scaledown nav_none count_2\"><div class=\"w-slider-h\" aria-hidden=\"true\"><div class=\"royalSlider\"><div class=\"rsContent\"><a class=\"rsImg\" data-rsw=\"1200\" data-rsh=\"1200\" href=\"https:\/\/e-twow.com\/wp-content\/uploads\/2020\/10\/motoare1.jpg\"><span data-alt=\"\"><\/span><\/a><\/div><div class=\"rsContent\"><a class=\"rsImg\" data-rsw=\"1200\" data-rsh=\"1200\" href=\"https:\/\/e-twow.com\/wp-content\/uploads\/2020\/10\/motoare2.jpg\"><span data-alt=\"\"><\/span><\/a><\/div><\/div><img decoding=\"async\" src=\"https:\/\/e-twow.com\/wp-content\/uploads\/2020\/10\/motoare1.jpg\" width=\"1200\" height=\"1200\" alt loading=\"lazy\"><\/div><div class=\"w-slider-json\" onclick='return {&quot;autoScaleSlider&quot;:true,&quot;addActiveClass&quot;:true,&quot;loop&quot;:true,&quot;fadeInLoadedSlide&quot;:false,&quot;slidesSpacing&quot;:0,&quot;imageScalePadding&quot;:0,&quot;numImagesToPreload&quot;:2,&quot;arrowsNav&quot;:true,&quot;arrowsNavAutoHide&quot;:false,&quot;transitionType&quot;:&quot;move&quot;,&quot;transitionSpeed&quot;:250,&quot;block&quot;:{&quot;moveEffect&quot;:&quot;none&quot;,&quot;speed&quot;:300},&quot;thumbs&quot;:{&quot;fitInViewport&quot;:false,&quot;firstMargin&quot;:false,&quot;spacing&quot;:4},&quot;controlNavigation&quot;:&quot;none&quot;,&quot;autoScaleSliderWidth&quot;:1200,&quot;autoScaleSliderHeight&quot;:1200}'><\/div><\/div><\/div><\/div><\/div><\/div><\/div><\/section><!-- Row Backgrounds --><div class=\"upb_color\" data-bg-override=\"0\" data-bg-color=\"#242424\" data-fadeout=\"\" data-fadeout-percentage=\"30\" data-parallax-content=\"\" data-parallax-content-sense=\"30\" data-row-effect-mobile-disable=\"true\" data-img-parallax-mobile-disable=\"true\" data-rtl=\"false\"  data-custom-vc-row=\"\"  data-vc=\"8.7.2\"  data-is_old_vc=\"\"  data-theme-support=\"\"   data-overlay=\"false\" data-overlay-color=\"\" data-overlay-pattern=\"\" data-overlay-pattern-opacity=\"\" data-overlay-pattern-size=\"\"    ><\/div>\n","protected":false},"excerpt":{"rendered":"[vc_custom_heading text=\"MEHR ALS NUR EIN FAHRZEUG\" font_container=\"tag:h2|text_align:center\" use_theme_fonts=\"yes\"][vc_custom_heading text=\"ENTDECKEN SIE DIE E-TWOW-ERFAHRUNG UND TRETEN SIE IN UNSERE NEUE \u00c4RA DER URBANEN MOBILIT\u00c4T!\" font_container=\"tag:h4|text_align:center\" use_theme_fonts=\"yes\"][vc_custom_heading text=\"Controller, Anzeige, Software\" google_fonts=\"font_family:Roboto%3A100%2C100italic%2C300%2C300italic%2Cregular%2Citalic%2C500%2C500italic%2C700%2C700italic%2C900%2C900italic|font_style:400%20regular%3A400%3Anormal\"]Im Gegensatz zu den meisten Elektrorollern, die heutzutage auf dem Markt sind, verf\u00fcgen die E-TWOW-Roller \u00fcber ein Display mit interaktiven Funktionen. Das Display kommuniziert mit der Steuerung, sodass...","protected":false},"author":1,"featured_media":0,"parent":0,"menu_order":0,"comment_status":"closed","ping_status":"closed","template":"","meta":{"ngg_post_thumbnail":0,"footnotes":""},"class_list":["post-9010","page","type-page","status-publish","hentry"],"yoast_head":"<!-- This site is optimized with the Yoast SEO Premium plugin v27.4 (Yoast SEO v27.4) - https:\/\/yoast.com\/product\/yoast-seo-premium-wordpress\/ -->\n<title>Technologie &amp; Konzept - E-TWOW<\/title>\n<meta name=\"robots\" content=\"index, follow, max-snippet:-1, max-image-preview:large, max-video-preview:-1\" \/>\n<link rel=\"canonical\" href=\"https:\/\/e-twow.com\/technology-concept\/\" \/>\n<meta property=\"og:locale\" content=\"de_DE\" \/>\n<meta property=\"og:type\" content=\"article\" \/>\n<meta property=\"og:title\" content=\"Technologie &amp; Konzept\" \/>\n<meta property=\"og:url\" content=\"https:\/\/e-twow.com\/technology-concept\/\" \/>\n<meta property=\"og:site_name\" content=\"E-TWOW\" \/>\n<meta property=\"article:modified_time\" content=\"2021-04-02T07:57:36+00:00\" \/>\n<meta name=\"twitter:card\" content=\"summary_large_image\" \/>\n<meta name=\"twitter:label1\" content=\"Gesch\u00e4tzte Lesezeit\" \/>\n\t<meta name=\"twitter:data1\" content=\"8\u00a0Minuten\" \/>\n<script type=\"application\/ld+json\" class=\"yoast-schema-graph\">{\"@context\":\"https:\\\/\\\/schema.org\",\"@graph\":[{\"@type\":\"WebPage\",\"@id\":\"https:\\\/\\\/e-twow.com\\\/technology-concept\\\/\",\"url\":\"https:\\\/\\\/e-twow.com\\\/technology-concept\\\/\",\"name\":\"Technologie & Konzept - E-TWOW\",\"isPartOf\":{\"@id\":\"https:\\\/\\\/e-twow.com\\\/#website\"},\"datePublished\":\"2018-01-29T08:31:39+00:00\",\"dateModified\":\"2021-04-02T07:57:36+00:00\",\"breadcrumb\":{\"@id\":\"https:\\\/\\\/e-twow.com\\\/technology-concept\\\/#breadcrumb\"},\"inLanguage\":\"de\",\"potentialAction\":[{\"@type\":\"ReadAction\",\"target\":[\"https:\\\/\\\/e-twow.com\\\/technology-concept\\\/\"]}]},{\"@type\":\"BreadcrumbList\",\"@id\":\"https:\\\/\\\/e-twow.com\\\/technology-concept\\\/#breadcrumb\",\"itemListElement\":[{\"@type\":\"ListItem\",\"position\":1,\"name\":\"Start\",\"item\":\"https:\\\/\\\/e-twow.com\\\/de\\\/\"},{\"@type\":\"ListItem\",\"position\":2,\"name\":\"Technologie &#038; Konzept\"}]},{\"@type\":\"WebSite\",\"@id\":\"https:\\\/\\\/e-twow.com\\\/#website\",\"url\":\"https:\\\/\\\/e-twow.com\\\/\",\"name\":\"E-TWOW\",\"description\":\"Portable Scooter\",\"potentialAction\":[{\"@type\":\"SearchAction\",\"target\":{\"@type\":\"EntryPoint\",\"urlTemplate\":\"https:\\\/\\\/e-twow.com\\\/?s={search_term_string}\"},\"query-input\":{\"@type\":\"PropertyValueSpecification\",\"valueRequired\":true,\"valueName\":\"search_term_string\"}}],\"inLanguage\":\"de\"}]}<\/script>\n<!-- \/ Yoast SEO Premium plugin. -->","yoast_head_json":{"title":"Technologie & Konzept - E-TWOW","robots":{"index":"index","follow":"follow","max-snippet":"max-snippet:-1","max-image-preview":"max-image-preview:large","max-video-preview":"max-video-preview:-1"},"canonical":"https:\/\/e-twow.com\/technology-concept\/","og_locale":"de_DE","og_type":"article","og_title":"Technologie & Konzept","og_url":"https:\/\/e-twow.com\/technology-concept\/","og_site_name":"E-TWOW","article_modified_time":"2021-04-02T07:57:36+00:00","twitter_card":"summary_large_image","twitter_misc":{"Gesch\u00e4tzte Lesezeit":"8\u00a0Minuten"},"schema":{"@context":"https:\/\/schema.org","@graph":[{"@type":"WebPage","@id":"https:\/\/e-twow.com\/technology-concept\/","url":"https:\/\/e-twow.com\/technology-concept\/","name":"Technologie & Konzept - E-TWOW","isPartOf":{"@id":"https:\/\/e-twow.com\/#website"},"datePublished":"2018-01-29T08:31:39+00:00","dateModified":"2021-04-02T07:57:36+00:00","breadcrumb":{"@id":"https:\/\/e-twow.com\/technology-concept\/#breadcrumb"},"inLanguage":"de","potentialAction":[{"@type":"ReadAction","target":["https:\/\/e-twow.com\/technology-concept\/"]}]},{"@type":"BreadcrumbList","@id":"https:\/\/e-twow.com\/technology-concept\/#breadcrumb","itemListElement":[{"@type":"ListItem","position":1,"name":"Start","item":"https:\/\/e-twow.com\/de\/"},{"@type":"ListItem","position":2,"name":"Technologie &#038; Konzept"}]},{"@type":"WebSite","@id":"https:\/\/e-twow.com\/#website","url":"https:\/\/e-twow.com\/","name":"E-TWOW","description":"Portable Scooter","potentialAction":[{"@type":"SearchAction","target":{"@type":"EntryPoint","urlTemplate":"https:\/\/e-twow.com\/?s={search_term_string}"},"query-input":{"@type":"PropertyValueSpecification","valueRequired":true,"valueName":"search_term_string"}}],"inLanguage":"de"}]}},"_links":{"self":[{"href":"https:\/\/e-twow.com\/de\/wp-json\/wp\/v2\/pages\/9010","targetHints":{"allow":["GET"]}}],"collection":[{"href":"https:\/\/e-twow.com\/de\/wp-json\/wp\/v2\/pages"}],"about":[{"href":"https:\/\/e-twow.com\/de\/wp-json\/wp\/v2\/types\/page"}],"author":[{"embeddable":true,"href":"https:\/\/e-twow.com\/de\/wp-json\/wp\/v2\/users\/1"}],"replies":[{"embeddable":true,"href":"https:\/\/e-twow.com\/de\/wp-json\/wp\/v2\/comments?post=9010"}],"version-history":[{"count":5,"href":"https:\/\/e-twow.com\/de\/wp-json\/wp\/v2\/pages\/9010\/revisions"}],"predecessor-version":[{"id":11968,"href":"https:\/\/e-twow.com\/de\/wp-json\/wp\/v2\/pages\/9010\/revisions\/11968"}],"wp:attachment":[{"href":"https:\/\/e-twow.com\/de\/wp-json\/wp\/v2\/media?parent=9010"}],"curies":[{"name":"wp","href":"https:\/\/api.w.org\/{rel}","templated":true}]}}