{"id":9006,"date":"2018-06-04T06:02:50","date_gmt":"2018-06-04T06:02:50","guid":{"rendered":"https:\/\/e-twow.com\/faq\/"},"modified":"2020-03-04T09:09:46","modified_gmt":"2020-03-04T09:09:46","slug":"nuetzliche-fragen","status":"publish","type":"page","link":"https:\/\/e-twow.com\/de\/nuetzliche-fragen\/","title":{"rendered":"N\u00fctzliche fragen"},"content":{"rendered":"<section class=\"l-section wpb_row height_small\"><div class=\"l-section-h i-cf\"><div class=\"g-cols vc_row via_flex valign_top type_default stacking_default\"><div class=\"vc_col-sm-12 wpb_column vc_column_container\"><div class=\"vc_column-inner\"><div class=\"wpb_wrapper\"><div class=\"wpb_text_column\"><div class=\"wpb_wrapper\"><h2 style=\"text-align: center;\">N\u00dcTZLICHE FRAGEN<\/h2>\n<h4 style=\"text-align: center;\">Hier finden Sie schnelle Antworten zu den<br \/>\nE-TWOW-Produkten<\/h4>\n<\/div><\/div><\/div><\/div><\/div><\/div><\/div><\/section><section class=\"l-section wpb_row height_small\"><div class=\"l-section-h i-cf\"><div class=\"g-cols vc_row via_flex valign_top type_default stacking_default\"><div class=\"vc_col-sm-12 wpb_column vc_column_container\"><div class=\"vc_column-inner\"><div class=\"wpb_wrapper\"><div class=\"w-tabs style_default switch_click accordion has_scrolling\" style=\"--sections-title-size:inherit\"><div class=\"w-tabs-sections titles-align_none icon_chevron cpos_right\"><div class=\"w-tabs-section\" id=\"w66c\"><button class=\"w-tabs-section-header\" aria-controls=\"content-w66c\" aria-expanded=\"false\"><div class=\"w-tabs-section-title\">Welche Reichweite kann der E-Scooter bei vollst\u00e4ndig geladener Batterie zur\u00fccklegen?<\/div><div class=\"w-tabs-section-control\"><\/div><\/button><div  class=\"w-tabs-section-content\" id=\"content-w66c\"><div class=\"w-tabs-section-content-h i-cf\"><div class=\"wpb_text_column\"><div class=\"wpb_wrapper\"><p>Sie k\u00f6nnen bis zum 40-50 km fahren, &nbsp;bei einer Geschwindigkeit von 20 km \/ h und einer Last von 75 kg bzw. einer Windgeschwindigkeit von weniger als 10 km \/ h.<\/p>\n<\/div><\/div><\/div><\/div><\/div><div class=\"w-tabs-section\" id=\"d86b\"><button class=\"w-tabs-section-header\" aria-controls=\"content-d86b\" aria-expanded=\"false\"><div class=\"w-tabs-section-title\">Wie lange betr\u00e4gt die Ladezeit?<\/div><div class=\"w-tabs-section-control\"><\/div><\/button><div  class=\"w-tabs-section-content\" id=\"content-d86b\"><div class=\"w-tabs-section-content-h i-cf\"><div class=\"wpb_text_column\"><div class=\"wpb_wrapper\"><p>Bei einer normalen Steckdose betr\u00e4gt die Ladezeit zwischen 0 und 100% des Akkus 2 bis 3 Stunden.&nbsp;<\/p>\n<\/div><\/div><\/div><\/div><\/div><div class=\"w-tabs-section\" id=\"ja55\"><button class=\"w-tabs-section-header\" aria-controls=\"content-ja55\" aria-expanded=\"false\"><div class=\"w-tabs-section-title\">Wie lange dauert das Bremsen?<\/div><div class=\"w-tabs-section-control\"><\/div><\/button><div  class=\"w-tabs-section-content\" id=\"content-ja55\"><div class=\"w-tabs-section-content-h i-cf\"><div class=\"wpb_text_column\"><div class=\"wpb_wrapper\"><p>Durch Dr\u00fccken der Magnetbremse (Hebel links von der Hauptsteuereinheit) verlangsamt sich die Fahrgeschwindigkeit\u200b. Je st\u00e4rker der Druck, desto st\u00e4rker wird das Bremsen. Das magnetische Energie-Bremssystem ist sehr effizient. Es dauert nur wenige Versuche, sich daran zu gew\u00f6hnen. Bitte dr\u00fccken Sie den Magnet-Bremshebel nicht zu fest! Wir empfehlen beim Fahren des E-TWOW Elektrorollers den Verkehr rechtzeitig zu erkennen und zu bremsen. In Notf\u00e4llen wird empfohlen, die Handbremse am Hinterrad (Trommelbremse) zu verwenden.&nbsp;<\/p>\n<\/div><\/div><\/div><\/div><\/div><div class=\"w-tabs-section\" id=\"dc4f\"><button class=\"w-tabs-section-header\" aria-controls=\"content-dc4f\" aria-expanded=\"false\"><div class=\"w-tabs-section-title\">Sind die Reifen auch zuverl\u00e4ssig?<\/div><div class=\"w-tabs-section-control\"><\/div><\/button><div  class=\"w-tabs-section-content\" id=\"content-dc4f\"><div class=\"w-tabs-section-content-h i-cf\"><div class=\"wpb_text_column\"><div class=\"wpb_wrapper\"><p>Das Vorderrad, in das der b\u00fcrstenlose Gleichstrommotor integriert ist, besteht aus weichem Gummi. Dies ist ein Vorteil, da der Elektroroller\u200b w\u00e4hrend der Verwendung sehr ruhig und komfortabel ist. Das Hinterrad besteht aus halb-hartem Gummi. Die Vorteile sind: ger\u00e4uscharm, verringerte Bodenreibung; Alle tragen zu einer hohen Leistung in Bezug auf Fahrgeschwindigkeit und Akkulaufzeit bei. Dank der Federung an beiden R\u00e4dern ist Ihr Komfort gew\u00e4hrleistet.<\/p>\n<\/div><\/div><\/div><\/div><\/div><div class=\"w-tabs-section\" id=\"ge2a\"><button class=\"w-tabs-section-header\" aria-controls=\"content-ge2a\" aria-expanded=\"false\"><div class=\"w-tabs-section-title\">In welche Farben sind verf\u00fcgbar?<\/div><div class=\"w-tabs-section-control\"><\/div><\/button><div  class=\"w-tabs-section-content\" id=\"content-ge2a\"><div class=\"w-tabs-section-content-h i-cf\"><div class=\"wpb_text_column\"><div class=\"wpb_wrapper\"><p>Zur Zeit ist das Produkt in Wei\u00df, Schwarz, Grau erh\u00e4ltlich.<\/p>\n<\/div><\/div><\/div><\/div><\/div><div class=\"w-tabs-section\" id=\"j020\"><button class=\"w-tabs-section-header\" aria-controls=\"content-j020\" aria-expanded=\"false\"><div class=\"w-tabs-section-title\">Wie viel wiegt der Elektroroller?<\/div><div class=\"w-tabs-section-control\"><\/div><\/button><div  class=\"w-tabs-section-content\" id=\"content-j020\"><div class=\"w-tabs-section-content-h i-cf\"><div class=\"wpb_text_column\"><div class=\"wpb_wrapper\"><p>Das einfachste E-TWOW-Modell wiegt 10,7 kg. F\u00fcr die anderen Modelle beachten Sie bitte die technischen Spezifikationen im Benutzerhandbuch des Produkts.<\/p>\n<\/div><\/div><\/div><\/div><\/div><div class=\"w-tabs-section\" id=\"o205\"><button class=\"w-tabs-section-header\" aria-controls=\"content-o205\" aria-expanded=\"false\"><div class=\"w-tabs-section-title\">Was ist das zus\u00e4tzliche Gewicht des Fahrers des Elektrorollers?<\/div><div class=\"w-tabs-section-control\"><\/div><\/button><div  class=\"w-tabs-section-content\" id=\"content-o205\"><div class=\"w-tabs-section-content-h i-cf\"><div class=\"wpb_text_column\"><div class=\"wpb_wrapper\"><p>Die empfohlene H\u00f6chstlast betr\u00e4gt 110 kg, aber der Elektroroller ist so ausgelegt, dass er sogar Gewichten bis zu 137 kg standh\u00e4lt.<\/p>\n<\/div><\/div><\/div><\/div><\/div><div class=\"w-tabs-section\" id=\"f413\"><button class=\"w-tabs-section-header\" aria-controls=\"content-f413\" aria-expanded=\"false\"><div class=\"w-tabs-section-title\">Was bedeutet die Hersteller-Garantie?<\/div><div class=\"w-tabs-section-control\"><\/div><\/button><div  class=\"w-tabs-section-content\" id=\"content-f413\"><div class=\"w-tabs-section-content-h i-cf\"><div class=\"wpb_text_column\"><div class=\"wpb_wrapper\"><p>Die Garantie betr\u00e4gt 24 Monate f\u00fcr den Motor, 12 Monate f\u00fcr das Fahrgestell,&nbsp;Controller und Display und f\u00fcr Ihre Batterie bieten wir 12 Monate Garantie.<\/p>\n<\/div><\/div><\/div><\/div><\/div><div class=\"w-tabs-section\" id=\"l5fb\"><button class=\"w-tabs-section-header\" aria-controls=\"content-l5fb\" aria-expanded=\"false\"><div class=\"w-tabs-section-title\">Wann sollte die Batterie gewechselt werden?<\/div><div class=\"w-tabs-section-control\"><\/div><\/button><div  class=\"w-tabs-section-content\" id=\"content-l5fb\"><div class=\"w-tabs-section-content-h i-cf\"><div class=\"wpb_text_column\"><div class=\"wpb_wrapper\"><p>Die Batterie besteht aus Lithium-Polymer und kann mehr als 1000 Mal aufgeladen werden.<\/p>\n<\/div><\/div><\/div><\/div><\/div><div class=\"w-tabs-section\" id=\"j84a\"><button class=\"w-tabs-section-header\" aria-controls=\"content-j84a\" aria-expanded=\"false\"><div class=\"w-tabs-section-title\">Ist es m\u00f6glich, Hindernisse zu \u00fcberwinden oder kann der Elektroroller durchbrechen?<\/div><div class=\"w-tabs-section-control\"><\/div><\/button><div  class=\"w-tabs-section-content\" id=\"content-j84a\"><div class=\"w-tabs-section-content-h i-cf\"><div class=\"wpb_text_column\"><div class=\"wpb_wrapper\"><div id=\"questions\" class=\"section mcb-section \">\n<div class=\"section_wrapper mcb-section-inner\">\n<div class=\"wrap mcb-wrap one valign-top clearfix\">\n<div class=\"mcb-wrap-inner\">\n<div class=\"column mcb-column one column_faq \">\n<div class=\"faq\">\n<div class=\"mfn-acc faq_wrapper \">\n<div class=\"question active\">\n<div class=\"answer\">\n<p>Ja, es ist m\u00f6glich, Hindernisse zu \u00fcberqueren, jedoch nicht mehr als 4 cm hoch, und Bordsteine, B\u00fcrgersteige nicht mehr als 10 cm.<\/p>\n<\/div>\n<\/div>\n<\/div>\n<\/div>\n<\/div>\n<\/div>\n<\/div>\n<\/div>\n<\/div>\n<\/div><\/div><\/div><\/div><\/div><div class=\"w-tabs-section\" id=\"xa2a\"><button class=\"w-tabs-section-header\" aria-controls=\"content-xa2a\" aria-expanded=\"false\"><div class=\"w-tabs-section-title\">Ist es m\u00f6glich, Rampen mit dem E-TWOW Elektroroller zu besteigen?<\/div><div class=\"w-tabs-section-control\"><\/div><\/button><div  class=\"w-tabs-section-content\" id=\"content-xa2a\"><div class=\"w-tabs-section-content-h i-cf\"><div class=\"wpb_text_column\"><div class=\"wpb_wrapper\"><p>Ja, es ist m\u00f6glich, Rampen mit einer Neigung von bis zu 25 Grad zu bew\u00e4ltigen.<\/p>\n<\/div><\/div><\/div><\/div><\/div><div class=\"w-tabs-section\" id=\"mccb\"><button class=\"w-tabs-section-header\" aria-controls=\"content-mccb\" aria-expanded=\"false\"><div class=\"w-tabs-section-title\">Sind wir sicher, wenn wir mit E-TWOW Elektroroller fahren?<\/div><div class=\"w-tabs-section-control\"><\/div><\/button><div  class=\"w-tabs-section-content\" id=\"content-mccb\"><div class=\"w-tabs-section-content-h i-cf\"><div class=\"wpb_text_column\"><div class=\"wpb_wrapper\"><p>Unser Produkt richtet sich an Erwachsene (mindestens 14 Jahre). Es ist f\u00fcr die Verwendung durch eine Person bestimmt. Bitte klettern Sie nicht mit zwei oder mehr Personen gleichzeitig auf den Elektroroller!<\/p>\n<p>Bitte tragen Sie beim Reisen mit Ihrem elektrischen E-Roller eine Schutzausr\u00fcstung, z. B. Helm, Kniebeugen, Armlehnen, Warnweste usw.<\/p>\n<p>Fahren Sie nicht auf \u00f6ffentlichen Stra\u00dfen oder anderen unsicheren Stra\u00dfen, beachten Sie die Verkehrsregeln!<\/p>\n<p>Bevor Sie es zum ersten Mal verwenden, \u00fcben Sie die Fahrt mit dem Elektroroller in einem sicheren Bereich.<\/p>\n<p>Fahren Sie den Roller bitte nicht mit einer Hand und nehmen Sie w\u00e4hrend der Fahrt keine anderen gef\u00e4hrlichen Ma\u00dfnahmen vor. Halten Sie w\u00e4hrend der Fahrt beide Beine auf der Fahrgasse!<\/p>\n<p>Verwenden Sie den Elektroroller nicht, wenn die Au\u00dfentemperatur unter 0 Grad Celsius liegt.<\/p>\n<p>Bitte verlangsamen Sie die Fahrt und vermeiden Sie die Fahrt auf unsicherem Untergrund (Kies, Sand usw.).<\/p>\n<p>Verwenden Sie den Elektroroller nicht auf mit Eis, Schlamm oder \u00d6l bedeckten Fl\u00e4chen.<\/p>\n<p>Bitte stellen Sie den Roller-griff auf die passende H\u00f6he ein, damit Sie w\u00e4hrend des Gebrauchs eine gute und korrekte Position haben.<\/p>\n<p>Bitte fahren Sie nicht durch Wasser mit einer Tiefe von mehr als 3 cm und tauchen Sie sie nicht in Fl\u00fcssigkeiten jeglicher Art.<\/p>\n<p>Wir empfehlen Ihnen, nicht unter ung\u00fcnstigen Witterungsbedingungen wie str\u00f6mendem Regen, starkem Wind, Sandst\u00fcrmen usw. mit dem Elektroroller zu fahren.<\/p>\n<\/div><\/div><\/div><\/div><\/div><div class=\"w-tabs-section\" id=\"eec8\"><button class=\"w-tabs-section-header\" aria-controls=\"content-eec8\" aria-expanded=\"false\"><div class=\"w-tabs-section-title\">K\u00f6nnen wir die Elektroroller von ALIEXPRESS \/ AMAZON kaufen?<\/div><div class=\"w-tabs-section-control\"><\/div><\/button><div  class=\"w-tabs-section-content\" id=\"content-eec8\"><div class=\"w-tabs-section-content-h i-cf\"><div class=\"wpb_text_column\"><div class=\"wpb_wrapper\"><p>E-TWOW empfiehlt nicht, Elektroroller von Websites wie AliExpress oder Amazon zu kaufen,&nbsp;weil sie f\u00fcr jedes Land, f\u00fcr das sie produziert wurden, \u00c4nderungen vornehmen k\u00f6nnen: ge\u00e4nderter Rahmen, Geschwindigkeitsbegrenzungen und die Ersatzteile dieser Roller k\u00f6nnen nur in dem Land erworben werden, f\u00fcr das sie hergestellt wurden, was unseren Kunden zus\u00e4tzliche Kosten verursacht, im Fall, dass eine Reparatur erforderlich ist. Die Elektro-akkumulatoren k\u00f6nnen auch nicht mit dem Flugzeug transportiert werden, somit kann der Elektroroller nicht mehr funktionieren. Ein weiterer wichtiger Aspekt ist der Garantieschein, der nur auf dem Gebiet des Ursprungslandes der Roller g\u00fcltig ist, so dass der Service und die Dienstleistung nicht kostenlos sind.<\/p>\n<\/div><\/div><\/div><\/div><\/div><\/div><\/div><\/div><\/div><\/div><\/div><\/div><\/section>\n","protected":false},"excerpt":{"rendered":"N\u00dcTZLICHE FRAGEN Hier finden Sie schnelle Antworten zu den E-TWOW-Produkten Welche Reichweite kann der E-Scooter bei vollst\u00e4ndig geladener Batterie zur\u00fccklegen?Sie k\u00f6nnen bis zum 40-50 km fahren, &nbsp;bei einer Geschwindigkeit von 20 km \/ h und einer Last von 75 kg bzw. einer Windgeschwindigkeit von weniger als 10 km \/ h. Wie lange betr\u00e4gt die Ladezeit?Bei...","protected":false},"author":1,"featured_media":0,"parent":0,"menu_order":0,"comment_status":"closed","ping_status":"closed","template":"","meta":{"ngg_post_thumbnail":0,"footnotes":""},"class_list":["post-9006","page","type-page","status-publish","hentry"],"yoast_head":"<!-- This site is optimized with the Yoast SEO Premium plugin v27.2 (Yoast SEO v27.2) - https:\/\/yoast.com\/product\/yoast-seo-premium-wordpress\/ -->\n<title>N\u00fctzliche fragen - E-TWOW<\/title>\n<meta name=\"robots\" content=\"index, follow, max-snippet:-1, max-image-preview:large, max-video-preview:-1\" \/>\n<link rel=\"canonical\" href=\"https:\/\/e-twow.com\/faq\/\" \/>\n<meta property=\"og:locale\" content=\"de_DE\" \/>\n<meta property=\"og:type\" content=\"article\" \/>\n<meta property=\"og:title\" content=\"N\u00fctzliche fragen\" \/>\n<meta property=\"og:url\" content=\"https:\/\/e-twow.com\/faq\/\" \/>\n<meta property=\"og:site_name\" content=\"E-TWOW\" \/>\n<meta property=\"article:modified_time\" content=\"2020-03-04T09:09:46+00:00\" \/>\n<meta name=\"twitter:card\" content=\"summary_large_image\" \/>\n<meta name=\"twitter:label1\" content=\"Gesch\u00e4tzte Lesezeit\" \/>\n\t<meta name=\"twitter:data1\" content=\"5\u00a0Minuten\" \/>\n<script type=\"application\/ld+json\" class=\"yoast-schema-graph\">{\"@context\":\"https:\/\/schema.org\",\"@graph\":[{\"@type\":\"WebPage\",\"@id\":\"https:\/\/e-twow.com\/faq\/\",\"url\":\"https:\/\/e-twow.com\/faq\/\",\"name\":\"N\u00fctzliche fragen - E-TWOW\",\"isPartOf\":{\"@id\":\"https:\/\/e-twow.com\/#website\"},\"datePublished\":\"2018-06-04T06:02:50+00:00\",\"dateModified\":\"2020-03-04T09:09:46+00:00\",\"breadcrumb\":{\"@id\":\"https:\/\/e-twow.com\/faq\/#breadcrumb\"},\"inLanguage\":\"de\",\"potentialAction\":[{\"@type\":\"ReadAction\",\"target\":[\"https:\/\/e-twow.com\/faq\/\"]}]},{\"@type\":\"BreadcrumbList\",\"@id\":\"https:\/\/e-twow.com\/faq\/#breadcrumb\",\"itemListElement\":[{\"@type\":\"ListItem\",\"position\":1,\"name\":\"Start\",\"item\":\"https:\/\/e-twow.com\/de\/\"},{\"@type\":\"ListItem\",\"position\":2,\"name\":\"N\u00fctzliche fragen\"}]},{\"@type\":\"WebSite\",\"@id\":\"https:\/\/e-twow.com\/#website\",\"url\":\"https:\/\/e-twow.com\/\",\"name\":\"E-TWOW\",\"description\":\"Portable Scooter\",\"potentialAction\":[{\"@type\":\"SearchAction\",\"target\":{\"@type\":\"EntryPoint\",\"urlTemplate\":\"https:\/\/e-twow.com\/?s={search_term_string}\"},\"query-input\":{\"@type\":\"PropertyValueSpecification\",\"valueRequired\":true,\"valueName\":\"search_term_string\"}}],\"inLanguage\":\"de\"}]}<\/script>\n<!-- \/ Yoast SEO Premium plugin. -->","yoast_head_json":{"title":"N\u00fctzliche fragen - E-TWOW","robots":{"index":"index","follow":"follow","max-snippet":"max-snippet:-1","max-image-preview":"max-image-preview:large","max-video-preview":"max-video-preview:-1"},"canonical":"https:\/\/e-twow.com\/faq\/","og_locale":"de_DE","og_type":"article","og_title":"N\u00fctzliche fragen","og_url":"https:\/\/e-twow.com\/faq\/","og_site_name":"E-TWOW","article_modified_time":"2020-03-04T09:09:46+00:00","twitter_card":"summary_large_image","twitter_misc":{"Gesch\u00e4tzte Lesezeit":"5\u00a0Minuten"},"schema":{"@context":"https:\/\/schema.org","@graph":[{"@type":"WebPage","@id":"https:\/\/e-twow.com\/faq\/","url":"https:\/\/e-twow.com\/faq\/","name":"N\u00fctzliche fragen - E-TWOW","isPartOf":{"@id":"https:\/\/e-twow.com\/#website"},"datePublished":"2018-06-04T06:02:50+00:00","dateModified":"2020-03-04T09:09:46+00:00","breadcrumb":{"@id":"https:\/\/e-twow.com\/faq\/#breadcrumb"},"inLanguage":"de","potentialAction":[{"@type":"ReadAction","target":["https:\/\/e-twow.com\/faq\/"]}]},{"@type":"BreadcrumbList","@id":"https:\/\/e-twow.com\/faq\/#breadcrumb","itemListElement":[{"@type":"ListItem","position":1,"name":"Start","item":"https:\/\/e-twow.com\/de\/"},{"@type":"ListItem","position":2,"name":"N\u00fctzliche fragen"}]},{"@type":"WebSite","@id":"https:\/\/e-twow.com\/#website","url":"https:\/\/e-twow.com\/","name":"E-TWOW","description":"Portable Scooter","potentialAction":[{"@type":"SearchAction","target":{"@type":"EntryPoint","urlTemplate":"https:\/\/e-twow.com\/?s={search_term_string}"},"query-input":{"@type":"PropertyValueSpecification","valueRequired":true,"valueName":"search_term_string"}}],"inLanguage":"de"}]}},"_links":{"self":[{"href":"https:\/\/e-twow.com\/de\/wp-json\/wp\/v2\/pages\/9006","targetHints":{"allow":["GET"]}}],"collection":[{"href":"https:\/\/e-twow.com\/de\/wp-json\/wp\/v2\/pages"}],"about":[{"href":"https:\/\/e-twow.com\/de\/wp-json\/wp\/v2\/types\/page"}],"author":[{"embeddable":true,"href":"https:\/\/e-twow.com\/de\/wp-json\/wp\/v2\/users\/1"}],"replies":[{"embeddable":true,"href":"https:\/\/e-twow.com\/de\/wp-json\/wp\/v2\/comments?post=9006"}],"version-history":[{"count":2,"href":"https:\/\/e-twow.com\/de\/wp-json\/wp\/v2\/pages\/9006\/revisions"}],"predecessor-version":[{"id":9008,"href":"https:\/\/e-twow.com\/de\/wp-json\/wp\/v2\/pages\/9006\/revisions\/9008"}],"wp:attachment":[{"href":"https:\/\/e-twow.com\/de\/wp-json\/wp\/v2\/media?parent=9006"}],"curies":[{"name":"wp","href":"https:\/\/api.w.org\/{rel}","templated":true}]}}