{"id":8958,"date":"2019-08-02T10:00:41","date_gmt":"2019-08-02T10:00:41","guid":{"rendered":"https:\/\/e-twow.com\/warranty\/"},"modified":"2020-03-03T12:47:53","modified_gmt":"2020-03-03T12:47:53","slug":"garantie","status":"publish","type":"page","link":"https:\/\/e-twow.com\/de\/garantie\/","title":{"rendered":"Garantie"},"content":{"rendered":"<section class=\"l-section wpb_row height_small\"><div class=\"l-section-h i-cf\"><div class=\"g-cols vc_row via_flex valign_top type_default stacking_default\"><div class=\"vc_col-sm-12 wpb_column vc_column_container\"><div class=\"vc_column-inner\"><div class=\"wpb_wrapper\"><div class=\"wpb_text_column\"><div class=\"wpb_wrapper\"><h2>Gew\u00e4hrleistung<\/h2>\n<p>F\u00fcr die E-TWOW-Produkte, die Sie bei autorisierten H\u00e4ndlern kaufen, gelten die Garantiebedingungen, die den geltenden Gesetzen und den Handelsrichtlinien der Hersteller entsprechen. Die Produkte sind neu, originalverpackt und stammen aus autorisierten Quellen.<\/p>\n<p>Jeder H\u00e4ndler ist vertraglich verpflichtet, ein Garantiezertifikat anzubieten. Um im Rahmen dieser Garantie eine Reparatur oder einen Ersatz zu erhalten, m\u00fcssen Sie sicherstellen, dass der H\u00e4ndler oder Online-Shop, in dem der Roller gekauft wurde, den Ort und das Kaufdatum auf dem Garantiezertifikat angegeben hat. Sie m\u00fcssen auch eine Kopie des Zertifikats, das Sie mit Ihrem Roller eingeschickt haben, beif\u00fcgen, wenn Sie Ihren Roller zur Reparatur oder zum Austausch einsenden oder vorlegen. Fordern Sie bei Ihrem H\u00e4ndler ein Garantiezertifikat an, falls eines nicht angeboten wurde!<\/p>\n<p>Bei Fragen zur Gew\u00e4hrleistung wenden Sie sich bitte an das Unternehmen, bei dem Sie den Roller gekauft haben, oder wenden Sie sich direkt an \u200boffice.de@e-twow.com<\/p>\n<h2>Wichtig:<\/h2>\n<ol>\n<li>Als K\u00e4ufer sind Sie verpflichtet, das Produkt gem\u00e4\u00df den Anweisungen in der Bedienungsanleitung zu verwenden. Das Benutzerhandbuch finden Sie unter der Adresse: <a href=\"https:\/\/e-twow.com\/wp-content\/uploads\/2019\/11\/manual-nou-trotinete-2019-v2-5-LANGUAGES-7-11-2019.pdf\">Benutzerhandbuch<\/a><\/li>\n<\/ol>\n<p><strong>DAS PRODUKT DARF NUR VERWENDET WERDEN, NACHDEM SIE DIE ANWEISUNGEN IN DER BENUTZERANLEITUNG SORGF\u00c4LTIG DURCHGELESEN UND VERSTANDEN HABEN!<\/strong><\/p>\n<ol start=\"2\">\n<li>Sie sind verpflichtet, das Garantiezertifikat aufzubewahren, das als einziges Dokument die Garantie bescheinigt und im Reparaturfall zusammen mit dem Zahlungsbeleg vorgelegt wird.<\/li>\n<li>F\u00fcr Reparaturen w\u00e4hrend der Garantiezeit wenden Sie sich bitte nur an den H\u00e4ndler, bei dem Sie das Produkt gekauft haben.<\/li>\n<li>Eingriffe in die Gew\u00e4hrleistungsfrist sind innerhalb von 30 Tagen ab dem Datum der Registrierung zu beheben.<\/li>\n<li>Die Gew\u00e4hrleistungsfrist verl\u00e4ngert sich um den Zeitraum, in dem das Produkt repariert wird.<\/li>\n<li>Der Verk\u00e4ufer beh\u00e4lt sich das Recht vor, die anfallenden Service- und Transportkosten in Rechnung zu stellen, falls die Garantie nicht die Situationen f\u00fcr die Reparatur oder den Austausch des Ger\u00e4ts abdeckt.<\/li>\n<li>Das Produkt erf\u00fcllt alle europ\u00e4ischen Normen gem\u00e4\u00df dem Produkt beiliegenden Konformit\u00e4tszertifikat.<\/li>\n<li>Die vorliegende Garantie bezieht sich auf die Konformit\u00e4t des Produkts zum Zeitpunkt des Verkaufs mit allen vom Verk\u00e4ufer angegebenen technischen Merkmalen und Eigenschaften.<\/li>\n<li>Das Produkt darf nur f\u00fcr den normalen Gebrauch verwendet werden.<\/li>\n<\/ol>\n<p><strong>DIE GARANTIE ERLISCHT UND ALLE RECHTE DARAUS VERLIEREN IHRE WIRKSAMKEIT IN FOLGENDEN SITUATIONEN:<\/strong><\/p>\n<ol>\n<li>Das Produkt wurde nicht von E-TWOW Elektrofahrzeuge Deutschland GmbH oder einem seiner autorisierten H\u00e4ndler vermarktet.<\/li>\n<li>Das Produkt wurde von nicht autorisierten Technikern oder \/ und unter Verwendung von fehlerhaften, modifizierten oder nicht originalen Ger\u00e4ten \/ Zubeh\u00f6rteilen modifiziert oder repariert.<\/li>\n<li>Das Produkt erlitt Unf\u00e4lle oder Sch\u00e4den, die durch \u00e4u\u00dfere Einfl\u00fcsse, atmosph\u00e4rische Bedingungen oder andere derartige Ereignisse verursacht wurden.<\/li>\n<li>Die Fehler werden gegebenenfalls durch Schmutz, Verunreinigungen, Wasser, Fremdk\u00f6rper usw. verursacht.<\/li>\n<li>Das Produkt wurde im Regen verwendet und \/ oder durch ein Gew\u00e4sser mit einer Tiefe von mehr als 4 cm gefahren.<\/li>\n<li>Produkt- oder Teile-kennzeichnungen Serien \/ Codes \/ Marken usw., gel\u00f6scht \/ unleserlich sind, Markierungen oder Pr\u00e4gungen, die f\u00fcr verschiedene Zwecke angefertigt wurden.<\/li>\n<li>Ersatzteile oder Originalteile weisen Dellen, mechanische St\u00f6\u00dfe, thermische oder andere Br\u00fcche, Risse usw. auf, die nicht auf sie zur\u00fcckzuf\u00fchren sind.<\/li>\n<li>Sch\u00e4den und M\u00e4ngel aufgrund unsachgem\u00e4\u00dfer Behandlung und Transport durch den K\u00e4ufer.<\/li>\n<li>\u00c4nderungen des urspr\u00fcnglichen Zustands des Produkts durch nat\u00fcrliche Einfl\u00fcsse (Korrosion, Kondensation usw.) aufgrund unsachgem\u00e4\u00dfer Lagerbedingungen.<\/li>\n<li>Das Produkt wurde nicht gem\u00e4\u00df den Bedingungen des Benutzerhandbuchs verwendet.<\/li>\n<li>Produktfehler werden durch Vandalismus oder \u00e4hnliche Ursachen verursacht.<\/li>\n<li>Die Gew\u00e4hrleistungsfrist ist abgelaufen.<\/li>\n<\/ol>\n<p>Die Garantie erstreckt sich nicht auf Verbrauchsmaterialien, Kunststoffteile, Gummiartikel, Reifen, Lacke und sonstige M\u00e4ngel, die durch St\u00f6\u00dfe, Witterungseinfl\u00fcsse, Abnutzung, unsachgem\u00e4\u00dfe Verwendung oder Lagerung verursacht werden.<\/p>\n<p>Jegliche Garantie f\u00fcr das Produkt geht verloren, wenn der Benutzer den Roller mietet oder f\u00fcr andere kommerzielle Zwecke verwendet.<\/p>\n<p>Die Garantie gilt nur in dem Land, in dem das Produkt gekauft wurde.<\/p>\n<h2>Unterst\u00fctzung\/Support<\/h2>\n<p>F\u00fcr technische Unterst\u00fctzung wenden Sie sich bitte an den H\u00e4ndler oder Online-Shop, bei dem Sie den Roller gekauft haben\u200b.<br \/>\nWenn Sie nicht mit dem H\u00e4ndler in Kontakt treten k\u00f6nnen, bei dem Sie den Roller gekauft haben, k\u00f6nnen Sie uns direkt unter office.de@e-twow.com<\/p>\n<\/div><\/div><\/div><\/div><\/div><\/div><\/div><\/section>\n","protected":false},"excerpt":{"rendered":"Gew\u00e4hrleistung F\u00fcr die E-TWOW-Produkte, die Sie bei autorisierten H\u00e4ndlern kaufen, gelten die Garantiebedingungen, die den geltenden Gesetzen und den Handelsrichtlinien der Hersteller entsprechen. Die Produkte sind neu, originalverpackt und stammen aus autorisierten Quellen. Jeder H\u00e4ndler ist vertraglich verpflichtet, ein Garantiezertifikat anzubieten. Um im Rahmen dieser Garantie eine Reparatur oder einen Ersatz zu erhalten, m\u00fcssen Sie...","protected":false},"author":1,"featured_media":0,"parent":0,"menu_order":0,"comment_status":"closed","ping_status":"closed","template":"","meta":{"ngg_post_thumbnail":0,"footnotes":""},"class_list":["post-8958","page","type-page","status-publish","hentry"],"yoast_head":"<!-- This site is optimized with the Yoast SEO Premium plugin v27.2 (Yoast SEO v27.2) - https:\/\/yoast.com\/product\/yoast-seo-premium-wordpress\/ -->\n<title>Garantie - E-TWOW<\/title>\n<meta name=\"robots\" content=\"index, follow, max-snippet:-1, max-image-preview:large, max-video-preview:-1\" \/>\n<link rel=\"canonical\" href=\"https:\/\/e-twow.com\/warranty\/\" \/>\n<meta property=\"og:locale\" content=\"de_DE\" \/>\n<meta property=\"og:type\" content=\"article\" \/>\n<meta property=\"og:title\" content=\"Garantie\" \/>\n<meta property=\"og:url\" content=\"https:\/\/e-twow.com\/warranty\/\" \/>\n<meta property=\"og:site_name\" content=\"E-TWOW\" \/>\n<meta property=\"article:modified_time\" content=\"2020-03-03T12:47:53+00:00\" \/>\n<meta name=\"twitter:card\" content=\"summary_large_image\" \/>\n<meta name=\"twitter:label1\" content=\"Gesch\u00e4tzte Lesezeit\" \/>\n\t<meta name=\"twitter:data1\" content=\"4\u00a0Minuten\" \/>\n<script type=\"application\/ld+json\" class=\"yoast-schema-graph\">{\"@context\":\"https:\/\/schema.org\",\"@graph\":[{\"@type\":\"WebPage\",\"@id\":\"https:\/\/e-twow.com\/warranty\/\",\"url\":\"https:\/\/e-twow.com\/warranty\/\",\"name\":\"Garantie - E-TWOW\",\"isPartOf\":{\"@id\":\"https:\/\/e-twow.com\/#website\"},\"datePublished\":\"2019-08-02T10:00:41+00:00\",\"dateModified\":\"2020-03-03T12:47:53+00:00\",\"breadcrumb\":{\"@id\":\"https:\/\/e-twow.com\/warranty\/#breadcrumb\"},\"inLanguage\":\"de\",\"potentialAction\":[{\"@type\":\"ReadAction\",\"target\":[\"https:\/\/e-twow.com\/warranty\/\"]}]},{\"@type\":\"BreadcrumbList\",\"@id\":\"https:\/\/e-twow.com\/warranty\/#breadcrumb\",\"itemListElement\":[{\"@type\":\"ListItem\",\"position\":1,\"name\":\"Start\",\"item\":\"https:\/\/e-twow.com\/de\/\"},{\"@type\":\"ListItem\",\"position\":2,\"name\":\"Garantie\"}]},{\"@type\":\"WebSite\",\"@id\":\"https:\/\/e-twow.com\/#website\",\"url\":\"https:\/\/e-twow.com\/\",\"name\":\"E-TWOW\",\"description\":\"Portable Scooter\",\"potentialAction\":[{\"@type\":\"SearchAction\",\"target\":{\"@type\":\"EntryPoint\",\"urlTemplate\":\"https:\/\/e-twow.com\/?s={search_term_string}\"},\"query-input\":{\"@type\":\"PropertyValueSpecification\",\"valueRequired\":true,\"valueName\":\"search_term_string\"}}],\"inLanguage\":\"de\"}]}<\/script>\n<!-- \/ Yoast SEO Premium plugin. -->","yoast_head_json":{"title":"Garantie - E-TWOW","robots":{"index":"index","follow":"follow","max-snippet":"max-snippet:-1","max-image-preview":"max-image-preview:large","max-video-preview":"max-video-preview:-1"},"canonical":"https:\/\/e-twow.com\/warranty\/","og_locale":"de_DE","og_type":"article","og_title":"Garantie","og_url":"https:\/\/e-twow.com\/warranty\/","og_site_name":"E-TWOW","article_modified_time":"2020-03-03T12:47:53+00:00","twitter_card":"summary_large_image","twitter_misc":{"Gesch\u00e4tzte Lesezeit":"4\u00a0Minuten"},"schema":{"@context":"https:\/\/schema.org","@graph":[{"@type":"WebPage","@id":"https:\/\/e-twow.com\/warranty\/","url":"https:\/\/e-twow.com\/warranty\/","name":"Garantie - E-TWOW","isPartOf":{"@id":"https:\/\/e-twow.com\/#website"},"datePublished":"2019-08-02T10:00:41+00:00","dateModified":"2020-03-03T12:47:53+00:00","breadcrumb":{"@id":"https:\/\/e-twow.com\/warranty\/#breadcrumb"},"inLanguage":"de","potentialAction":[{"@type":"ReadAction","target":["https:\/\/e-twow.com\/warranty\/"]}]},{"@type":"BreadcrumbList","@id":"https:\/\/e-twow.com\/warranty\/#breadcrumb","itemListElement":[{"@type":"ListItem","position":1,"name":"Start","item":"https:\/\/e-twow.com\/de\/"},{"@type":"ListItem","position":2,"name":"Garantie"}]},{"@type":"WebSite","@id":"https:\/\/e-twow.com\/#website","url":"https:\/\/e-twow.com\/","name":"E-TWOW","description":"Portable Scooter","potentialAction":[{"@type":"SearchAction","target":{"@type":"EntryPoint","urlTemplate":"https:\/\/e-twow.com\/?s={search_term_string}"},"query-input":{"@type":"PropertyValueSpecification","valueRequired":true,"valueName":"search_term_string"}}],"inLanguage":"de"}]}},"_links":{"self":[{"href":"https:\/\/e-twow.com\/de\/wp-json\/wp\/v2\/pages\/8958","targetHints":{"allow":["GET"]}}],"collection":[{"href":"https:\/\/e-twow.com\/de\/wp-json\/wp\/v2\/pages"}],"about":[{"href":"https:\/\/e-twow.com\/de\/wp-json\/wp\/v2\/types\/page"}],"author":[{"embeddable":true,"href":"https:\/\/e-twow.com\/de\/wp-json\/wp\/v2\/users\/1"}],"replies":[{"embeddable":true,"href":"https:\/\/e-twow.com\/de\/wp-json\/wp\/v2\/comments?post=8958"}],"version-history":[{"count":2,"href":"https:\/\/e-twow.com\/de\/wp-json\/wp\/v2\/pages\/8958\/revisions"}],"predecessor-version":[{"id":8960,"href":"https:\/\/e-twow.com\/de\/wp-json\/wp\/v2\/pages\/8958\/revisions\/8960"}],"wp:attachment":[{"href":"https:\/\/e-twow.com\/de\/wp-json\/wp\/v2\/media?parent=8958"}],"curies":[{"name":"wp","href":"https:\/\/api.w.org\/{rel}","templated":true}]}}